{"id":2132,"date":"2023-02-10T17:41:17","date_gmt":"2023-02-10T09:41:17","guid":{"rendered":"http:\/\/qingdaohf.com\/?post_type=product&#038;p=2132"},"modified":"2025-11-13T09:06:19","modified_gmt":"2025-11-13T01:06:19","slug":"formwork-tie-rod","status":"publish","type":"product","link":"https:\/\/qingdaohf.com\/tr\/urun\/kalip-baglanti-cubugu\/","title":{"rendered":"Beton Kal\u0131p Ba\u011flant\u0131 \u00c7ubu\u011fu"},"content":{"rendered":"<div class=\"ast-oembed-container\" style=\"height: 100%;\"><iframe title=\"Beton Kal\u0131p Ba\u011flant\u0131 Somunu ve Ba\u011flant\u0131 \u00c7ubu\u011fu\" width=\"500\" height=\"281\" src=\"https:\/\/www.youtube.com\/embed\/RQCaJFwWa88?feature=oembed\" frameborder=\"0\" allow=\"accelerometer; autoplay; clipboard-write; encrypted-media; gyroscope; picture-in-picture; web-share\" referrerpolicy=\"strict-origin-when-cross-origin\" allowfullscreen><\/iframe><\/div>\n<h2 class=\"font-600 text-2xl font-bold\">Kal\u0131p Rotlar\u0131n\u0131n Temel Rol\u00fc<\/h2>\n<p class=\"whitespace-pre-wrap break-words\">Ba\u011flant\u0131 \u00e7ubu\u011fu sistemlerini beton in\u015faat\u0131n\u0131n g\u00f6r\u00fcnmeyen kahramanlar\u0131 olarak d\u00fc\u015f\u00fcn\u00fcn. Bu sa\u011flam bile\u015fenler, beton d\u00f6k\u00fcl\u00fcrken ve k\u00fcrlenirken kal\u0131p panellerinizi yerinde sabit tutar. Onlar olmadan, yap\u0131n\u0131z\u0131n ihtiya\u00e7 duydu\u011fu hassas \u015fekli ve g\u00fcc\u00fc korumakta zorlan\u0131rs\u0131n\u0131z.<\/p>\n<p class=\"whitespace-pre-wrap break-words\">Bu \u00e7ubuklar\u0131 \u00f6zel k\u0131lan nedir? \u0130n\u015faat\u0131n yo\u011fun bask\u0131lar\u0131yla ba\u015fa \u00e7\u0131kabilmek i\u00e7in genellikle y\u00fcksek kaliteli \u00e7elikten sa\u011flam bir \u015fekilde \u00fcretilirler. \u00d6zellikle hataya yer olmayan b\u00fcy\u00fck altyap\u0131 projeleri veya karma\u015f\u0131k mimari tasar\u0131mlar \u00fczerinde \u00e7al\u0131\u015f\u0131rken g\u00fc\u00e7lerini takdir edeceksiniz.<\/p>\n<p><img fetchpriority=\"high\" decoding=\"async\" class=\"alignnone size-full wp-image-2990\" src=\"http:\/\/qingdaohf.com\/wp-content\/uploads\/2023\/02\/Tie-Nut.jpg\" alt=\"Kravat Somunu\" width=\"1204\" height=\"1008\" srcset=\"https:\/\/qingdaohf.com\/wp-content\/uploads\/2023\/02\/Tie-Nut.jpg 1204w, https:\/\/qingdaohf.com\/wp-content\/uploads\/2023\/02\/Tie-Nut-300x251.jpg 300w, https:\/\/qingdaohf.com\/wp-content\/uploads\/2023\/02\/Tie-Nut-1024x857.jpg 1024w, https:\/\/qingdaohf.com\/wp-content\/uploads\/2023\/02\/Tie-Nut-768x643.jpg 768w, https:\/\/qingdaohf.com\/wp-content\/uploads\/2023\/02\/Tie-Nut-1000x837.jpg 1000w\" sizes=\"(max-width: 1204px) 100vw, 1204px\" \/><\/p>\n<h2 class=\"font-600 text-2xl font-bold\">Rot Sisteminin Su Durdurucular ve Kanat Somunlar\u0131 ile Entegre Edilmesi<\/h2>\n<p class=\"whitespace-pre-wrap break-words\">Ba\u011flant\u0131 \u00e7ubuklar\u0131 tek ba\u015f\u0131na \u00e7al\u0131\u015fmaz. Su durdurucular ve kelebek somunlarla bir araya gelerek par\u00e7alar\u0131n\u0131n toplam\u0131ndan daha b\u00fcy\u00fck olan eksiksiz bir kal\u0131p \u00e7\u00f6z\u00fcm\u00fc olu\u015ftururlar.<\/p>\n<p class=\"whitespace-pre-wrap break-words\">Su durdurucular, suyun derzlerden veya betondaki deliklerden s\u0131zmas\u0131n\u0131 engellemek i\u00e7in ba\u011flant\u0131 \u00e7ubuklar\u0131 boyunca stratejik olarak yerle\u015ftirilir. Bu, en \u00e7ok istinat duvarlar\u0131 ve bodrumlar gibi su s\u0131zmas\u0131n\u0131n ileride sorun yaratabilece\u011fi yap\u0131larda \u00f6nemlidir.<\/p>\n<p class=\"whitespace-pre-wrap break-words\">Kelebek somunlar, ba\u011flant\u0131 \u00e7ubuklar\u0131n\u0131 kal\u0131p panellerinize kilitleyerek sistemi tamamlar. Kolay kullan\u0131m i\u00e7in tasarlanm\u0131\u015flard\u0131r - kurulum s\u0131ras\u0131nda hassas ayarlamalar yapabilir ve beton sertle\u015ftikten sonra bunlar\u0131 h\u0131zla \u00e7\u0131karabilirsiniz.<\/p>\n<h2 class=\"font-600 text-2xl font-bold\">Kal\u0131p Rot Sistemlerinin Temel Avantajlar\u0131<\/h2>\n<p class=\"whitespace-pre-wrap break-words\">Ba\u011flant\u0131 \u00e7ubu\u011fu sistemleri, i\u015fleri bir arada tutman\u0131n \u00f6tesinde, bitmi\u015f yap\u0131n\u0131z\u0131n teknik \u00f6zelliklere tam olarak uymas\u0131n\u0131 sa\u011flar. Bu hassasiyet, kusurlar\u0131 azaltarak ve in\u015faat sonras\u0131 pahal\u0131 d\u00fczeltmeleri azaltarak kar\u015f\u0131l\u0131\u011f\u0131n\u0131 verir.<\/p>\n<p class=\"whitespace-pre-wrap break-words\">Kar\u0131\u015f\u0131ma su durdurucular\u0131 ekledi\u011finizde, sadece in\u015fa etmekle kalmaz, ayn\u0131 zamanda korursunuz. Bu bile\u015fenler suyun i\u00e7 takviyelere ula\u015fmas\u0131n\u0131 ve a\u015f\u0131nmas\u0131n\u0131 engelleyerek yap\u0131n\u0131z\u0131n daha uzun \u00f6m\u00fcrl\u00fc olmas\u0131n\u0131 ve zaman i\u00e7inde daha iyi performans g\u00f6stermesini sa\u011flar.<\/p>\n<p class=\"whitespace-pre-wrap break-words\">Qingdao H&amp;F'de, bu avantajlar\u0131 sa\u011flayan rot sistemlerini \u00fcretmek i\u00e7in ciddi \u00e7aba sarf ediyoruz. Her \u00fcr\u00fcn, projenizin taleplerini kar\u015f\u0131layaca\u011f\u0131ndan emin olmak i\u00e7in titiz testlerden ge\u00e7er.<\/p>\n<h2 class=\"font-600 text-2xl font-bold\">Rot Sistemleri i\u00e7in Neden Qingdao H&amp;F'yi Se\u00e7melisiniz?<\/h2>\n<p class=\"whitespace-pre-wrap break-words\">G\u00fcvenebilece\u011finiz bir rot kolu tedarik\u00e7isi mi ar\u0131yorsunuz? Qingdao H&amp;F olarak elimizden gelenin fazlas\u0131n\u0131 yapmaktan gurur duyuyoruz. Bire bir hizmetimiz, ister k\u00fc\u00e7\u00fck bir proje ister b\u00fcy\u00fck bir geli\u015ftirme \u00fczerinde \u00e7al\u0131\u015f\u0131yor olun, ki\u015fiselle\u015ftirilmi\u015f ilgi g\u00f6rece\u011finiz anlam\u0131na gelir.<\/p>\n<p class=\"whitespace-pre-wrap break-words\">\u0130n\u015faat\u0131n kimseyi beklemedi\u011fini biliyoruz. Bu nedenle rot kollar\u0131n\u0131z\u0131, su durdurucular\u0131n\u0131z\u0131 ve kelebek somunlar\u0131n\u0131z\u0131 size h\u0131zl\u0131 bir \u015fekilde ula\u015ft\u0131rmak i\u00e7in verimli bir teslimat sistemi olu\u015fturduk ve programa ba\u011fl\u0131 kalman\u0131za yard\u0131mc\u0131 olduk.<\/p>\n<p class=\"whitespace-pre-wrap break-words\">Kalite burada sadece moda bir kelime de\u011fildir - yapt\u0131\u011f\u0131m\u0131z her \u015feyin i\u00e7ine yerle\u015ftirilmi\u015ftir. Her \u00fcr\u00fcn kapsaml\u0131 testlerden ge\u00e7irilir ve ayr\u0131nt\u0131l\u0131 inceleme raporlar\u0131yla birlikte gelir. Bu, \u00e7\u00f6z\u00fcmlerimizin en \u00f6nemli anlarda performans g\u00f6sterece\u011fine dair size g\u00fcven verir.<\/p>\n<p class=\"whitespace-pre-wrap break-words\">Harika \u00fcr\u00fcnlerin \u00f6tesinde, g\u00fcvenebilece\u011finiz bir destek sunuyoruz. Ekibimiz ihtiya\u00e7lar\u0131n\u0131z\u0131 anlamak ve size uygun \u00e7\u00f6z\u00fcmler sunmak i\u00e7in \u00e7al\u0131\u015f\u0131yor. Bu yakla\u015f\u0131m bizi d\u00fcnya \u00e7ap\u0131ndaki in\u015faat\u00e7\u0131lar i\u00e7in tercih edilen bir ortak haline getirdi.<\/p>\n<h2 class=\"font-600 text-2xl font-bold\">Rot Sistemleri ile \u0130n\u015faat Verimlili\u011fini Art\u0131rma<\/h2>\n<p class=\"whitespace-pre-wrap break-words\">\u0130yi tasarlanm\u0131\u015f bir rot sisteminin g\u00fczelli\u011fi, ayn\u0131 anda birden fazla zorlu\u011fun \u00fcstesinden gelmesidir. Su sorunlar\u0131n\u0131 \u00f6nlerken kal\u0131b\u0131n\u0131z\u0131 ayn\u0131 hizada tutar ve t\u00fcm in\u015faat s\u00fcrecini kolayla\u015ft\u0131r\u0131r.<\/p>\n<p class=\"whitespace-pre-wrap break-words\">Do\u011fru sistemi se\u00e7mek projenizin ba\u015far\u0131s\u0131nda ger\u00e7ek bir fark yarat\u0131r. Qingdao H&amp;F ile ortakl\u0131k kurdu\u011funuzda, y\u00fcksek performansl\u0131 \u00fcr\u00fcnlerden daha fazlas\u0131n\u0131 elde edersiniz - i\u015fini bilen ve ba\u015far\u0131n\u0131z\u0131 \u00f6nemseyen bir ekipten destek al\u0131rs\u0131n\u0131z.<\/p>\n<h2 class=\"font-600 text-2xl font-bold\">Sonu\u00e7<\/h2>\n<p class=\"whitespace-pre-wrap break-words\">Ba\u011flant\u0131 \u00e7ubuklar\u0131, sa\u011flam beton yap\u0131lar i\u00e7in gereken hassasiyeti ve g\u00fcc\u00fc sa\u011flayarak modern in\u015faat\u0131n temelini olu\u015fturur. Su durdurucular ve kelebek somunlarla birlikte \u00e7al\u0131\u015farak kal\u0131p montaj\u0131 i\u00e7in eksiksiz bir \u00e7\u00f6z\u00fcm olu\u015ftururlar. Qingdao H&amp;F'yi se\u00e7ti\u011finizde, projenizin ba\u015far\u0131l\u0131 olmas\u0131na yard\u0131mc\u0131 olacak \u00fcr\u00fcnleri ve hizmeti se\u00e7mi\u015f olursunuz.<\/p>\n<p class=\"whitespace-pre-wrap break-words\">D\u0131\u015f ticarette yirmi y\u0131l\u0131 a\u015fk\u0131n s\u00fcredir, itibar\u0131m\u0131z\u0131 kaliteli rot sistemleri sunma \u00fczerine in\u015fa ettik. \u0130ster su sorunlar\u0131yla m\u00fccadele ediyor ister m\u00fckemmel hizalamay\u0131 hedefliyor olun, i\u015fe yarayan \u00e7\u00f6z\u00fcmlerimiz var. Qingdao H&amp;F'yi farkl\u0131 k\u0131lan\u0131n ne oldu\u011funu g\u00f6r\u00fcn - bir sonraki projeniz hakk\u0131nda konu\u015fal\u0131m.<\/p>\n<p>&nbsp;<\/p>","protected":false},"excerpt":{"rendered":"<p data-pm-slice=\"1 1 []\">Kal\u0131p ba\u011flant\u0131 \u00e7ubuklar\u0131, beton d\u00f6k\u00fcm\u00fc s\u0131ras\u0131nda yap\u0131sal stabilite ve hizalama sa\u011flayarak in\u015faatta vazge\u00e7ilmezdir. Al\u0131c\u0131lar s\u0131kl\u0131kla su durdurucular ve kelebek somunlarla sorunsuz bir \u015fekilde entegre olan, maksimum verimlilik ve g\u00fcvenilirlik sunan dayan\u0131kl\u0131 ba\u011flant\u0131 \u00e7ubu\u011fu sistemleri ararlar. Qingdao H&amp;F olarak, bu ihtiya\u00e7lar\u0131 bire bir m\u00fc\u015fteri deste\u011fi, h\u0131zl\u0131 teslimat ve ayr\u0131nt\u0131l\u0131 kalite kontrol raporlar\u0131yla kar\u015f\u0131layarak her sat\u0131n alma i\u015fleminde g\u00fcven sa\u011fl\u0131yoruz.<\/p>","protected":false},"featured_media":8607,"comment_status":"open","ping_status":"closed","template":"","meta":{"site-sidebar-layout":"default","site-content-layout":"default","ast-site-content-layout":"default","site-content-style":"default","site-sidebar-style":"default","ast-global-header-display":"","ast-banner-title-visibility":"","ast-main-header-display":"","ast-hfb-above-header-display":"","ast-hfb-below-header-display":"","ast-hfb-mobile-header-display":"","site-post-title":"","ast-breadcrumbs-content":"","ast-featured-img":"","footer-sml-layout":"","theme-transparent-header-meta":"default","adv-header-id-meta":"","stick-header-meta":"default","header-above-stick-meta":"","header-main-stick-meta":"","header-below-stick-meta":"","astra-migrate-meta-layouts":"set","ast-page-background-enabled":"default","ast-page-background-meta":{"desktop":{"background-color":"","background-image":"","background-repeat":"repeat","background-position":"center center","background-size":"auto","background-attachment":"scroll","background-type":"","background-media":"","overlay-type":"","overlay-color":"","overlay-opacity":"","overlay-gradient":""},"tablet":{"background-color":"","background-image":"","background-repeat":"repeat","background-position":"center center","background-size":"auto","background-attachment":"scroll","background-type":"","background-media":"","overlay-type":"","overlay-color":"","overlay-opacity":"","overlay-gradient":""},"mobile":{"background-color":"","background-image":"","background-repeat":"repeat","background-position":"center center","background-size":"auto","background-attachment":"scroll","background-type":"","background-media":"","overlay-type":"","overlay-color":"","overlay-opacity":"","overlay-gradient":""}},"ast-content-background-meta":{"desktop":{"background-color":"var(--ast-global-color-5)","background-image":"","background-repeat":"repeat","background-position":"center center","background-size":"auto","background-attachment":"scroll","background-type":"","background-media":"","overlay-type":"","overlay-color":"","overlay-opacity":"","overlay-gradient":""},"tablet":{"background-color":"var(--ast-global-color-5)","background-image":"","background-repeat":"repeat","background-position":"center center","background-size":"auto","background-attachment":"scroll","background-type":"","background-media":"","overlay-type":"","overlay-color":"","overlay-opacity":"","overlay-gradient":""},"mobile":{"background-color":"var(--ast-global-color-5)","background-image":"","background-repeat":"repeat","background-position":"center center","background-size":"auto","background-attachment":"scroll","background-type":"","background-media":"","overlay-type":"","overlay-color":"","overlay-opacity":"","overlay-gradient":""}}},"product_brand":[],"product_cat":[79],"product_tag":[],"class_list":{"0":"post-2132","1":"product","2":"type-product","3":"status-publish","4":"has-post-thumbnail","6":"product_cat-tie-rod-system","7":"desktop-align-left","8":"tablet-align-left","9":"mobile-align-left","10":"ast-product-gallery-layout-horizontal-slider","11":"ast-product-tabs-layout-horizontal","13":"first","14":"instock","15":"shipping-taxable","16":"purchasable","17":"product-type-simple"},"yoast_head":"<!-- This site is optimized with the Yoast SEO plugin v25.2 - https:\/\/yoast.com\/wordpress\/plugins\/seo\/ -->\n<title>Concrete Formwork Tie Rod<\/title>\n<meta name=\"description\" content=\"Tie rod is reinforced straight steel rebar of large diameter with high strength and high dimensional accuracy external thread .\" \/>\n<meta name=\"robots\" content=\"index, follow, max-snippet:-1, max-image-preview:large, max-video-preview:-1\" \/>\n<link rel=\"canonical\" href=\"https:\/\/qingdaohf.com\/tr\/urun\/kalip-baglanti-cubugu\/\" \/>\n<meta property=\"og:locale\" content=\"tr_TR\" \/>\n<meta property=\"og:type\" content=\"article\" \/>\n<meta property=\"og:title\" content=\"Concrete Formwork Tie Rod\" \/>\n<meta property=\"og:description\" content=\"Tie rod is reinforced straight steel rebar of large diameter with high strength and high dimensional accuracy external thread .\" \/>\n<meta property=\"og:url\" content=\"https:\/\/qingdaohf.com\/tr\/urun\/kalip-baglanti-cubugu\/\" \/>\n<meta property=\"og:site_name\" content=\"Concrete Form &amp; Rigging Hardware Supplier\" \/>\n<meta property=\"article:publisher\" content=\"https:\/\/www.facebook.com\/qingdaohf\" \/>\n<meta property=\"article:modified_time\" content=\"2025-11-13T01:06:19+00:00\" \/>\n<meta property=\"og:image\" content=\"https:\/\/qingdaohf.com\/wp-content\/uploads\/2023\/02\/tie-rod-system.webp\" \/>\n\t<meta property=\"og:image:width\" content=\"1000\" \/>\n\t<meta property=\"og:image:height\" content=\"1000\" \/>\n\t<meta property=\"og:image:type\" content=\"image\/webp\" \/>\n<meta name=\"twitter:card\" content=\"summary_large_image\" \/>\n<meta name=\"twitter:label1\" content=\"Tahmini okuma s\u00fcresi\" \/>\n\t<meta name=\"twitter:data1\" content=\"4 dakika\" \/>\n<script type=\"application\/ld+json\" class=\"yoast-schema-graph\">{\"@context\":\"https:\/\/schema.org\",\"@graph\":[{\"@type\":\"WebPage\",\"@id\":\"https:\/\/qingdaohf.com\/product\/formwork-tie-rod\/\",\"url\":\"https:\/\/qingdaohf.com\/product\/formwork-tie-rod\/\",\"name\":\"Concrete Formwork Tie Rod\",\"isPartOf\":{\"@id\":\"https:\/\/qingdaohf.com\/bg\/#website\"},\"primaryImageOfPage\":{\"@id\":\"https:\/\/qingdaohf.com\/product\/formwork-tie-rod\/#primaryimage\"},\"image\":{\"@id\":\"https:\/\/qingdaohf.com\/product\/formwork-tie-rod\/#primaryimage\"},\"thumbnailUrl\":\"https:\/\/qingdaohf.com\/wp-content\/uploads\/2023\/02\/tie-rod-system.webp\",\"datePublished\":\"2023-02-10T09:41:17+00:00\",\"dateModified\":\"2025-11-13T01:06:19+00:00\",\"description\":\"Tie rod is reinforced straight steel rebar of large diameter with high strength and high dimensional accuracy external thread .\",\"breadcrumb\":{\"@id\":\"https:\/\/qingdaohf.com\/product\/formwork-tie-rod\/#breadcrumb\"},\"inLanguage\":\"tr\",\"potentialAction\":[{\"@type\":\"ReadAction\",\"target\":[\"https:\/\/qingdaohf.com\/product\/formwork-tie-rod\/\"]}]},{\"@type\":\"ImageObject\",\"inLanguage\":\"tr\",\"@id\":\"https:\/\/qingdaohf.com\/product\/formwork-tie-rod\/#primaryimage\",\"url\":\"https:\/\/qingdaohf.com\/wp-content\/uploads\/2023\/02\/tie-rod-system.webp\",\"contentUrl\":\"https:\/\/qingdaohf.com\/wp-content\/uploads\/2023\/02\/tie-rod-system.webp\",\"width\":1000,\"height\":1000,\"caption\":\"tie rod system\"},{\"@type\":\"BreadcrumbList\",\"@id\":\"https:\/\/qingdaohf.com\/product\/formwork-tie-rod\/#breadcrumb\",\"itemListElement\":[{\"@type\":\"ListItem\",\"position\":1,\"name\":\"Home\",\"item\":\"https:\/\/qingdaohf.com\/\"},{\"@type\":\"ListItem\",\"position\":2,\"name\":\"Concrete Forming Accessories and Rigging Hardware\",\"item\":\"https:\/\/qingdaohf.com\/bg\/?page_id=944\"},{\"@type\":\"ListItem\",\"position\":3,\"name\":\"Concrete Formwork Tie Rod\"}]},{\"@type\":\"WebSite\",\"@id\":\"https:\/\/qingdaohf.com\/bg\/#website\",\"url\":\"https:\/\/qingdaohf.com\/bg\/\",\"name\":\"Concrete Form & Rigging Hardware Supplier\",\"description\":\"\",\"publisher\":{\"@id\":\"https:\/\/qingdaohf.com\/bg\/#organization\"},\"potentialAction\":[{\"@type\":\"SearchAction\",\"target\":{\"@type\":\"EntryPoint\",\"urlTemplate\":\"https:\/\/qingdaohf.com\/bg\/?s={search_term_string}\"},\"query-input\":{\"@type\":\"PropertyValueSpecification\",\"valueRequired\":true,\"valueName\":\"search_term_string\"}}],\"inLanguage\":\"tr\"},{\"@type\":\"Organization\",\"@id\":\"https:\/\/qingdaohf.com\/bg\/#organization\",\"name\":\"Qingdao H&F\",\"url\":\"https:\/\/qingdaohf.com\/bg\/\",\"logo\":{\"@type\":\"ImageObject\",\"inLanguage\":\"tr\",\"@id\":\"https:\/\/qingdaohf.com\/bg\/#\/schema\/logo\/image\/\",\"url\":\"https:\/\/qingdaohf.com\/wp-content\/uploads\/2022\/12\/cropped-HF-LOGO.png\",\"contentUrl\":\"https:\/\/qingdaohf.com\/wp-content\/uploads\/2022\/12\/cropped-HF-LOGO.png\",\"width\":391,\"height\":249,\"caption\":\"Qingdao H&F\"},\"image\":{\"@id\":\"https:\/\/qingdaohf.com\/bg\/#\/schema\/logo\/image\/\"},\"sameAs\":[\"https:\/\/www.facebook.com\/qingdaohf\"]}]}<\/script>\n<!-- \/ Yoast SEO plugin. -->","yoast_head_json":{"title":"Concrete Formwork Tie Rod","description":"Tie rod is reinforced straight steel rebar of large diameter with high strength and high dimensional accuracy external thread .","robots":{"index":"index","follow":"follow","max-snippet":"max-snippet:-1","max-image-preview":"max-image-preview:large","max-video-preview":"max-video-preview:-1"},"canonical":"https:\/\/qingdaohf.com\/tr\/urun\/kalip-baglanti-cubugu\/","og_locale":"tr_TR","og_type":"article","og_title":"Concrete Formwork Tie Rod","og_description":"Tie rod is reinforced straight steel rebar of large diameter with high strength and high dimensional accuracy external thread .","og_url":"https:\/\/qingdaohf.com\/tr\/urun\/kalip-baglanti-cubugu\/","og_site_name":"Concrete Form &amp; Rigging Hardware Supplier","article_publisher":"https:\/\/www.facebook.com\/qingdaohf","article_modified_time":"2025-11-13T01:06:19+00:00","og_image":[{"width":1000,"height":1000,"url":"https:\/\/qingdaohf.com\/wp-content\/uploads\/2023\/02\/tie-rod-system.webp","type":"image\/webp"}],"twitter_card":"summary_large_image","twitter_misc":{"Tahmini okuma s\u00fcresi":"4 dakika"},"schema":{"@context":"https:\/\/schema.org","@graph":[{"@type":"WebPage","@id":"https:\/\/qingdaohf.com\/product\/formwork-tie-rod\/","url":"https:\/\/qingdaohf.com\/product\/formwork-tie-rod\/","name":"Concrete Formwork Tie Rod","isPartOf":{"@id":"https:\/\/qingdaohf.com\/bg\/#website"},"primaryImageOfPage":{"@id":"https:\/\/qingdaohf.com\/product\/formwork-tie-rod\/#primaryimage"},"image":{"@id":"https:\/\/qingdaohf.com\/product\/formwork-tie-rod\/#primaryimage"},"thumbnailUrl":"https:\/\/qingdaohf.com\/wp-content\/uploads\/2023\/02\/tie-rod-system.webp","datePublished":"2023-02-10T09:41:17+00:00","dateModified":"2025-11-13T01:06:19+00:00","description":"Tie rod is reinforced straight steel rebar of large diameter with high strength and high dimensional accuracy external thread .","breadcrumb":{"@id":"https:\/\/qingdaohf.com\/product\/formwork-tie-rod\/#breadcrumb"},"inLanguage":"tr","potentialAction":[{"@type":"ReadAction","target":["https:\/\/qingdaohf.com\/product\/formwork-tie-rod\/"]}]},{"@type":"ImageObject","inLanguage":"tr","@id":"https:\/\/qingdaohf.com\/product\/formwork-tie-rod\/#primaryimage","url":"https:\/\/qingdaohf.com\/wp-content\/uploads\/2023\/02\/tie-rod-system.webp","contentUrl":"https:\/\/qingdaohf.com\/wp-content\/uploads\/2023\/02\/tie-rod-system.webp","width":1000,"height":1000,"caption":"tie rod system"},{"@type":"BreadcrumbList","@id":"https:\/\/qingdaohf.com\/product\/formwork-tie-rod\/#breadcrumb","itemListElement":[{"@type":"ListItem","position":1,"name":"Home","item":"https:\/\/qingdaohf.com\/"},{"@type":"ListItem","position":2,"name":"Concrete Forming Accessories and Rigging Hardware","item":"https:\/\/qingdaohf.com\/bg\/?page_id=944"},{"@type":"ListItem","position":3,"name":"Concrete Formwork Tie Rod"}]},{"@type":"WebSite","@id":"https:\/\/qingdaohf.com\/bg\/#website","url":"https:\/\/qingdaohf.com\/bg\/","name":"Concrete Form & Rigging Hardware Supplier","description":"","publisher":{"@id":"https:\/\/qingdaohf.com\/bg\/#organization"},"potentialAction":[{"@type":"SearchAction","target":{"@type":"EntryPoint","urlTemplate":"https:\/\/qingdaohf.com\/bg\/?s={search_term_string}"},"query-input":{"@type":"PropertyValueSpecification","valueRequired":true,"valueName":"search_term_string"}}],"inLanguage":"tr"},{"@type":"Organization","@id":"https:\/\/qingdaohf.com\/bg\/#organization","name":"Qingdao H&F","url":"https:\/\/qingdaohf.com\/bg\/","logo":{"@type":"ImageObject","inLanguage":"tr","@id":"https:\/\/qingdaohf.com\/bg\/#\/schema\/logo\/image\/","url":"https:\/\/qingdaohf.com\/wp-content\/uploads\/2022\/12\/cropped-HF-LOGO.png","contentUrl":"https:\/\/qingdaohf.com\/wp-content\/uploads\/2022\/12\/cropped-HF-LOGO.png","width":391,"height":249,"caption":"Qingdao H&F"},"image":{"@id":"https:\/\/qingdaohf.com\/bg\/#\/schema\/logo\/image\/"},"sameAs":["https:\/\/www.facebook.com\/qingdaohf"]}]}},"_links":{"self":[{"href":"https:\/\/qingdaohf.com\/tr\/wp-json\/wp\/v2\/product\/2132","targetHints":{"allow":["GET"]}}],"collection":[{"href":"https:\/\/qingdaohf.com\/tr\/wp-json\/wp\/v2\/product"}],"about":[{"href":"https:\/\/qingdaohf.com\/tr\/wp-json\/wp\/v2\/types\/product"}],"replies":[{"embeddable":true,"href":"https:\/\/qingdaohf.com\/tr\/wp-json\/wp\/v2\/comments?post=2132"}],"version-history":[{"count":4,"href":"https:\/\/qingdaohf.com\/tr\/wp-json\/wp\/v2\/product\/2132\/revisions"}],"predecessor-version":[{"id":3498,"href":"https:\/\/qingdaohf.com\/tr\/wp-json\/wp\/v2\/product\/2132\/revisions\/3498"}],"wp:featuredmedia":[{"embeddable":true,"href":"https:\/\/qingdaohf.com\/tr\/wp-json\/wp\/v2\/media\/8607"}],"wp:attachment":[{"href":"https:\/\/qingdaohf.com\/tr\/wp-json\/wp\/v2\/media?parent=2132"}],"wp:term":[{"taxonomy":"product_brand","embeddable":true,"href":"https:\/\/qingdaohf.com\/tr\/wp-json\/wp\/v2\/product_brand?post=2132"},{"taxonomy":"product_cat","embeddable":true,"href":"https:\/\/qingdaohf.com\/tr\/wp-json\/wp\/v2\/product_cat?post=2132"},{"taxonomy":"product_tag","embeddable":true,"href":"https:\/\/qingdaohf.com\/tr\/wp-json\/wp\/v2\/product_tag?post=2132"}],"curies":[{"name":"wp","href":"https:\/\/api.w.org\/{rel}","templated":true}]}}