{"id":2195,"date":"2023-02-14T17:51:08","date_gmt":"2023-02-14T09:51:08","guid":{"rendered":"http:\/\/qingdaohf.com\/?post_type=product&#038;p=2195"},"modified":"2025-11-13T09:06:18","modified_gmt":"2025-11-13T01:06:18","slug":"danforth-anchor","status":"publish","type":"product","link":"https:\/\/qingdaohf.com\/tr\/urun\/danforth-capa\/","title":{"rendered":"Danforth \u00c7apa"},"content":{"rendered":"<p>\u00c7apa, ta\u00e7 k\u0131sm\u0131nda, kanat\u00e7\u0131klar i\u00e7in bir pivot noktas\u0131 g\u00f6revi g\u00f6ren bir kundak ile in\u015fa edilmi\u015ftir. Kanatlar kunda\u011fa mente\u015felenmi\u015f geni\u015f, sivri b\u0131\u00e7aklar \u015feklindedir. Tipik olarak, \u00e7apa ayarland\u0131\u011f\u0131nda d\u00f6nebilen ve deniz taban\u0131na girebilen iki kanat vard\u0131r.<\/p>\n<p>Danforth \u00c7apa'n\u0131n belirleyici \u00f6zelliklerinden biri hafif ve kompakt tasar\u0131m\u0131d\u0131r, bu da teknelerde ta\u015f\u0131nmas\u0131n\u0131 ve istiflenmesini kolayla\u015ft\u0131r\u0131r. Genellikle y\u00fcksek mukavemetli \u00e7elikten yap\u0131l\u0131r, bu da dayan\u0131kl\u0131l\u0131k ve korozyona kar\u015f\u0131 diren\u00e7 sa\u011flar.<\/p>\n<p>Danforth \u00c7apan\u0131n kanat\u00e7\u0131klar\u0131 kum, \u00e7amur ve \u00e7ak\u0131l dahil olmak \u00fczere farkl\u0131 deniz yata\u011f\u0131 t\u00fcrlerine n\u00fcfuz edecek \u015fekilde tasarlanm\u0131\u015ft\u0131r. \u00c7apa b\u0131rak\u0131ld\u0131\u011f\u0131nda, deniz yata\u011f\u0131n\u0131 kazmak ve g\u00fcvenli bir tutu\u015f sa\u011flamak i\u00e7in kanat\u00e7\u0131klar\u0131na g\u00fcvenir. Kanat\u00e7\u0131klar\u0131n keskin u\u00e7lar\u0131 ve geni\u015f b\u0131\u00e7aklar\u0131, \u00f6zellikle kumlu veya \u00e7amurlu diplerde \u00e7apan\u0131n tutma g\u00fcc\u00fcn\u00fc art\u0131rmaya yard\u0131mc\u0131 olur.<\/p>\n<p>Dengeyi art\u0131rmak ve \u00e7apan\u0131n devrilmesini \u00f6nlemek i\u00e7in Danforth \u00c7apan\u0131n tepesinde bir kundak bulunur. Bu kundak, \u00e7apan\u0131n tutma kapasitesini en \u00fcst d\u00fczeye \u00e7\u0131karmak i\u00e7in do\u011fru y\u00f6nde kalmas\u0131n\u0131 sa\u011flar.<\/p>\n<p>Danforth \u00c7apa genellikle e\u011flence ama\u00e7l\u0131 teknelerde, yelkenlilerde ve daha k\u00fc\u00e7\u00fck teknelerde kullan\u0131l\u0131r. Tutma g\u00fcc\u00fc, kolay kullan\u0131m\u0131 ve r\u00fczgar ya da ak\u0131nt\u0131 de\u011fi\u015fti\u011finde kendini s\u0131f\u0131rlayabilmesi nedeniyle tercih edilir. Bununla birlikte, kanatlar\u0131n\u0131n dolanabilece\u011fi kayal\u0131k veya yo\u011fun otlu alanlarda o kadar etkili olmayabilir.<\/p>\n<p><img fetchpriority=\"high\" decoding=\"async\" class=\"alignnone wp-image-8305 size-full\" src=\"http:\/\/qingdaohf.com\/wp-content\/uploads\/2023\/02\/danforth-anchor-1.png\" alt=\"danforth-anchor \" width=\"600\" height=\"519\" srcset=\"https:\/\/qingdaohf.com\/wp-content\/uploads\/2023\/02\/danforth-anchor-1.png 600w, https:\/\/qingdaohf.com\/wp-content\/uploads\/2023\/02\/danforth-anchor-1-300x260.png 300w, https:\/\/qingdaohf.com\/wp-content\/uploads\/2023\/02\/danforth-anchor-1-14x12.png 14w\" sizes=\"(max-width: 600px) 100vw, 600px\" \/> <img decoding=\"async\" class=\"alignnone wp-image-8306 size-full\" src=\"http:\/\/qingdaohf.com\/wp-content\/uploads\/2023\/02\/danforth-anchor-2.png\" alt=\"danforth-anchor \" width=\"582\" height=\"661\" srcset=\"https:\/\/qingdaohf.com\/wp-content\/uploads\/2023\/02\/danforth-anchor-2.png 582w, https:\/\/qingdaohf.com\/wp-content\/uploads\/2023\/02\/danforth-anchor-2-264x300.png 264w, https:\/\/qingdaohf.com\/wp-content\/uploads\/2023\/02\/danforth-anchor-2-11x12.png 11w\" sizes=\"(max-width: 582px) 100vw, 582px\" \/><\/p>\n<p>&nbsp;<\/p>\n<p><img decoding=\"async\" class=\"alignnone size-full wp-image-3881\" src=\"http:\/\/qingdaohf.com\/wp-content\/uploads\/2023\/02\/Danforth-Anchor-1.jpg\" alt=\"Danforth \u00c7apa\" width=\"750\" height=\"562\" srcset=\"https:\/\/qingdaohf.com\/wp-content\/uploads\/2023\/02\/Danforth-Anchor-1.jpg 750w, https:\/\/qingdaohf.com\/wp-content\/uploads\/2023\/02\/Danforth-Anchor-1-300x225.jpg 300w\" sizes=\"(max-width: 750px) 100vw, 750px\" \/> <img loading=\"lazy\" decoding=\"async\" class=\"alignnone size-full wp-image-3882\" src=\"http:\/\/qingdaohf.com\/wp-content\/uploads\/2023\/02\/Danforth-Anchor-2.jpg\" alt=\"Danforth \u00c7apa\" width=\"750\" height=\"562\" srcset=\"https:\/\/qingdaohf.com\/wp-content\/uploads\/2023\/02\/Danforth-Anchor-2.jpg 750w, https:\/\/qingdaohf.com\/wp-content\/uploads\/2023\/02\/Danforth-Anchor-2-300x225.jpg 300w\" sizes=\"(max-width: 750px) 100vw, 750px\" \/><\/p>","protected":false},"excerpt":{"rendered":"<p>Danforth \u00c7apas\u0131, tekne ve denizcilik faaliyetlerinde kullan\u0131lan yayg\u0131n olarak tan\u0131nan ve pop\u00fcler bir \u00e7apa t\u00fcr\u00fcd\u00fcr. Ad\u0131n\u0131 20. y\u00fczy\u0131l\u0131n ortalar\u0131nda tasar\u0131m\u0131 geli\u015ftiren mucidi Richard Danforth'tan alm\u0131\u015ft\u0131r. Danforth \u00c7apa, \u00e7e\u015fitli deniz dibi ko\u015fullar\u0131nda m\u00fckemmel tutma g\u00fcc\u00fc ve \u00e7ok y\u00f6nl\u00fcl\u00fc\u011f\u00fc ile bilinir.<\/p>","protected":false},"featured_media":3880,"comment_status":"open","ping_status":"closed","template":"","meta":{"site-sidebar-layout":"default","site-content-layout":"default","ast-site-content-layout":"default","site-content-style":"default","site-sidebar-style":"default","ast-global-header-display":"","ast-banner-title-visibility":"","ast-main-header-display":"","ast-hfb-above-header-display":"","ast-hfb-below-header-display":"","ast-hfb-mobile-header-display":"","site-post-title":"","ast-breadcrumbs-content":"","ast-featured-img":"","footer-sml-layout":"","theme-transparent-header-meta":"default","adv-header-id-meta":"","stick-header-meta":"default","header-above-stick-meta":"","header-main-stick-meta":"","header-below-stick-meta":"","astra-migrate-meta-layouts":"set","ast-page-background-enabled":"default","ast-page-background-meta":{"desktop":{"background-color":"","background-image":"","background-repeat":"repeat","background-position":"center center","background-size":"auto","background-attachment":"scroll","background-type":"","background-media":"","overlay-type":"","overlay-color":"","overlay-opacity":"","overlay-gradient":""},"tablet":{"background-color":"","background-image":"","background-repeat":"repeat","background-position":"center center","background-size":"auto","background-attachment":"scroll","background-type":"","background-media":"","overlay-type":"","overlay-color":"","overlay-opacity":"","overlay-gradient":""},"mobile":{"background-color":"","background-image":"","background-repeat":"repeat","background-position":"center center","background-size":"auto","background-attachment":"scroll","background-type":"","background-media":"","overlay-type":"","overlay-color":"","overlay-opacity":"","overlay-gradient":""}},"ast-content-background-meta":{"desktop":{"background-color":"var(--ast-global-color-5)","background-image":"","background-repeat":"repeat","background-position":"center center","background-size":"auto","background-attachment":"scroll","background-type":"","background-media":"","overlay-type":"","overlay-color":"","overlay-opacity":"","overlay-gradient":""},"tablet":{"background-color":"var(--ast-global-color-5)","background-image":"","background-repeat":"repeat","background-position":"center center","background-size":"auto","background-attachment":"scroll","background-type":"","background-media":"","overlay-type":"","overlay-color":"","overlay-opacity":"","overlay-gradient":""},"mobile":{"background-color":"var(--ast-global-color-5)","background-image":"","background-repeat":"repeat","background-position":"center center","background-size":"auto","background-attachment":"scroll","background-type":"","background-media":"","overlay-type":"","overlay-color":"","overlay-opacity":"","overlay-gradient":""}}},"product_brand":[],"product_cat":[74,43],"product_tag":[],"class_list":{"0":"post-2195","1":"product","2":"type-product","3":"status-publish","4":"has-post-thumbnail","6":"product_cat-boat-anchor","7":"product_cat-rigging-hardware","8":"desktop-align-left","9":"tablet-align-left","10":"mobile-align-left","11":"ast-product-gallery-layout-horizontal-slider","12":"ast-product-tabs-layout-horizontal","14":"first","15":"instock","16":"shipping-taxable","17":"purchasable","18":"product-type-simple"},"yoast_head":"<!-- This site is optimized with the Yoast SEO plugin v25.2 - https:\/\/yoast.com\/wordpress\/plugins\/seo\/ -->\n<title>Danforth Anchor<\/title>\n<meta name=\"description\" content=\"The Danforth Anchor is a widely recognized and popular type of anchor used in boating and maritime activities. The Danforth Anchor is a widely recognized and popular type of anchor used in boating and maritime activities.\" \/>\n<meta name=\"robots\" content=\"index, follow, max-snippet:-1, max-image-preview:large, max-video-preview:-1\" \/>\n<link rel=\"canonical\" href=\"https:\/\/qingdaohf.com\/tr\/urun\/danforth-capa\/\" \/>\n<meta property=\"og:locale\" content=\"tr_TR\" \/>\n<meta property=\"og:type\" content=\"article\" \/>\n<meta property=\"og:title\" content=\"Danforth Anchor\" \/>\n<meta property=\"og:description\" content=\"The Danforth Anchor is a widely recognized and popular type of anchor used in boating and maritime activities. The Danforth Anchor is a widely recognized and popular type of anchor used in boating and maritime activities.\" \/>\n<meta property=\"og:url\" content=\"https:\/\/qingdaohf.com\/tr\/urun\/danforth-capa\/\" \/>\n<meta property=\"og:site_name\" content=\"Concrete Form &amp; Rigging Hardware Supplier\" \/>\n<meta property=\"article:publisher\" content=\"https:\/\/www.facebook.com\/qingdaohf\" \/>\n<meta property=\"article:modified_time\" content=\"2025-11-13T01:06:18+00:00\" \/>\n<meta property=\"og:image\" content=\"https:\/\/qingdaohf.com\/wp-content\/uploads\/2023\/02\/Danforth-Anchor-8.jpg\" \/>\n\t<meta property=\"og:image:width\" content=\"1000\" \/>\n\t<meta property=\"og:image:height\" content=\"1000\" \/>\n\t<meta property=\"og:image:type\" content=\"image\/jpeg\" \/>\n<meta name=\"twitter:card\" content=\"summary_large_image\" \/>\n<meta name=\"twitter:label1\" content=\"Tahmini okuma s\u00fcresi\" \/>\n\t<meta name=\"twitter:data1\" content=\"3 dakika\" \/>\n<script type=\"application\/ld+json\" class=\"yoast-schema-graph\">{\"@context\":\"https:\/\/schema.org\",\"@graph\":[{\"@type\":\"WebPage\",\"@id\":\"https:\/\/qingdaohf.com\/product\/danforth-anchor\/\",\"url\":\"https:\/\/qingdaohf.com\/product\/danforth-anchor\/\",\"name\":\"Danforth Anchor\",\"isPartOf\":{\"@id\":\"https:\/\/qingdaohf.com\/bg\/#website\"},\"primaryImageOfPage\":{\"@id\":\"https:\/\/qingdaohf.com\/product\/danforth-anchor\/#primaryimage\"},\"image\":{\"@id\":\"https:\/\/qingdaohf.com\/product\/danforth-anchor\/#primaryimage\"},\"thumbnailUrl\":\"https:\/\/qingdaohf.com\/wp-content\/uploads\/2023\/02\/Danforth-Anchor-8.jpg\",\"datePublished\":\"2023-02-14T09:51:08+00:00\",\"dateModified\":\"2025-11-13T01:06:18+00:00\",\"description\":\"The Danforth Anchor is a widely recognized and popular type of anchor used in boating and maritime activities. The Danforth Anchor is a widely recognized and popular type of anchor used in boating and maritime activities.\",\"breadcrumb\":{\"@id\":\"https:\/\/qingdaohf.com\/product\/danforth-anchor\/#breadcrumb\"},\"inLanguage\":\"tr\",\"potentialAction\":[{\"@type\":\"ReadAction\",\"target\":[\"https:\/\/qingdaohf.com\/product\/danforth-anchor\/\"]}]},{\"@type\":\"ImageObject\",\"inLanguage\":\"tr\",\"@id\":\"https:\/\/qingdaohf.com\/product\/danforth-anchor\/#primaryimage\",\"url\":\"https:\/\/qingdaohf.com\/wp-content\/uploads\/2023\/02\/Danforth-Anchor-8.jpg\",\"contentUrl\":\"https:\/\/qingdaohf.com\/wp-content\/uploads\/2023\/02\/Danforth-Anchor-8.jpg\",\"width\":1000,\"height\":1000,\"caption\":\"Danforth Anchor\"},{\"@type\":\"BreadcrumbList\",\"@id\":\"https:\/\/qingdaohf.com\/product\/danforth-anchor\/#breadcrumb\",\"itemListElement\":[{\"@type\":\"ListItem\",\"position\":1,\"name\":\"Home\",\"item\":\"https:\/\/qingdaohf.com\/\"},{\"@type\":\"ListItem\",\"position\":2,\"name\":\"Concrete Forming Accessories and Rigging Hardware\",\"item\":\"https:\/\/qingdaohf.com\/bg\/?page_id=944\"},{\"@type\":\"ListItem\",\"position\":3,\"name\":\"Danforth Anchor\"}]},{\"@type\":\"WebSite\",\"@id\":\"https:\/\/qingdaohf.com\/bg\/#website\",\"url\":\"https:\/\/qingdaohf.com\/bg\/\",\"name\":\"Concrete Form & Rigging Hardware Supplier\",\"description\":\"\",\"publisher\":{\"@id\":\"https:\/\/qingdaohf.com\/bg\/#organization\"},\"potentialAction\":[{\"@type\":\"SearchAction\",\"target\":{\"@type\":\"EntryPoint\",\"urlTemplate\":\"https:\/\/qingdaohf.com\/bg\/?s={search_term_string}\"},\"query-input\":{\"@type\":\"PropertyValueSpecification\",\"valueRequired\":true,\"valueName\":\"search_term_string\"}}],\"inLanguage\":\"tr\"},{\"@type\":\"Organization\",\"@id\":\"https:\/\/qingdaohf.com\/bg\/#organization\",\"name\":\"Qingdao H&F\",\"url\":\"https:\/\/qingdaohf.com\/bg\/\",\"logo\":{\"@type\":\"ImageObject\",\"inLanguage\":\"tr\",\"@id\":\"https:\/\/qingdaohf.com\/bg\/#\/schema\/logo\/image\/\",\"url\":\"https:\/\/qingdaohf.com\/wp-content\/uploads\/2022\/12\/cropped-HF-LOGO.png\",\"contentUrl\":\"https:\/\/qingdaohf.com\/wp-content\/uploads\/2022\/12\/cropped-HF-LOGO.png\",\"width\":391,\"height\":249,\"caption\":\"Qingdao H&F\"},\"image\":{\"@id\":\"https:\/\/qingdaohf.com\/bg\/#\/schema\/logo\/image\/\"},\"sameAs\":[\"https:\/\/www.facebook.com\/qingdaohf\"]}]}<\/script>\n<!-- \/ Yoast SEO plugin. -->","yoast_head_json":{"title":"Danforth Anchor","description":"The Danforth Anchor is a widely recognized and popular type of anchor used in boating and maritime activities. The Danforth Anchor is a widely recognized and popular type of anchor used in boating and maritime activities.","robots":{"index":"index","follow":"follow","max-snippet":"max-snippet:-1","max-image-preview":"max-image-preview:large","max-video-preview":"max-video-preview:-1"},"canonical":"https:\/\/qingdaohf.com\/tr\/urun\/danforth-capa\/","og_locale":"tr_TR","og_type":"article","og_title":"Danforth Anchor","og_description":"The Danforth Anchor is a widely recognized and popular type of anchor used in boating and maritime activities. The Danforth Anchor is a widely recognized and popular type of anchor used in boating and maritime activities.","og_url":"https:\/\/qingdaohf.com\/tr\/urun\/danforth-capa\/","og_site_name":"Concrete Form &amp; Rigging Hardware Supplier","article_publisher":"https:\/\/www.facebook.com\/qingdaohf","article_modified_time":"2025-11-13T01:06:18+00:00","og_image":[{"width":1000,"height":1000,"url":"https:\/\/qingdaohf.com\/wp-content\/uploads\/2023\/02\/Danforth-Anchor-8.jpg","type":"image\/jpeg"}],"twitter_card":"summary_large_image","twitter_misc":{"Tahmini okuma s\u00fcresi":"3 dakika"},"schema":{"@context":"https:\/\/schema.org","@graph":[{"@type":"WebPage","@id":"https:\/\/qingdaohf.com\/product\/danforth-anchor\/","url":"https:\/\/qingdaohf.com\/product\/danforth-anchor\/","name":"Danforth Anchor","isPartOf":{"@id":"https:\/\/qingdaohf.com\/bg\/#website"},"primaryImageOfPage":{"@id":"https:\/\/qingdaohf.com\/product\/danforth-anchor\/#primaryimage"},"image":{"@id":"https:\/\/qingdaohf.com\/product\/danforth-anchor\/#primaryimage"},"thumbnailUrl":"https:\/\/qingdaohf.com\/wp-content\/uploads\/2023\/02\/Danforth-Anchor-8.jpg","datePublished":"2023-02-14T09:51:08+00:00","dateModified":"2025-11-13T01:06:18+00:00","description":"The Danforth Anchor is a widely recognized and popular type of anchor used in boating and maritime activities. The Danforth Anchor is a widely recognized and popular type of anchor used in boating and maritime activities.","breadcrumb":{"@id":"https:\/\/qingdaohf.com\/product\/danforth-anchor\/#breadcrumb"},"inLanguage":"tr","potentialAction":[{"@type":"ReadAction","target":["https:\/\/qingdaohf.com\/product\/danforth-anchor\/"]}]},{"@type":"ImageObject","inLanguage":"tr","@id":"https:\/\/qingdaohf.com\/product\/danforth-anchor\/#primaryimage","url":"https:\/\/qingdaohf.com\/wp-content\/uploads\/2023\/02\/Danforth-Anchor-8.jpg","contentUrl":"https:\/\/qingdaohf.com\/wp-content\/uploads\/2023\/02\/Danforth-Anchor-8.jpg","width":1000,"height":1000,"caption":"Danforth Anchor"},{"@type":"BreadcrumbList","@id":"https:\/\/qingdaohf.com\/product\/danforth-anchor\/#breadcrumb","itemListElement":[{"@type":"ListItem","position":1,"name":"Home","item":"https:\/\/qingdaohf.com\/"},{"@type":"ListItem","position":2,"name":"Concrete Forming Accessories and Rigging Hardware","item":"https:\/\/qingdaohf.com\/bg\/?page_id=944"},{"@type":"ListItem","position":3,"name":"Danforth Anchor"}]},{"@type":"WebSite","@id":"https:\/\/qingdaohf.com\/bg\/#website","url":"https:\/\/qingdaohf.com\/bg\/","name":"Concrete Form & Rigging Hardware Supplier","description":"","publisher":{"@id":"https:\/\/qingdaohf.com\/bg\/#organization"},"potentialAction":[{"@type":"SearchAction","target":{"@type":"EntryPoint","urlTemplate":"https:\/\/qingdaohf.com\/bg\/?s={search_term_string}"},"query-input":{"@type":"PropertyValueSpecification","valueRequired":true,"valueName":"search_term_string"}}],"inLanguage":"tr"},{"@type":"Organization","@id":"https:\/\/qingdaohf.com\/bg\/#organization","name":"Qingdao H&F","url":"https:\/\/qingdaohf.com\/bg\/","logo":{"@type":"ImageObject","inLanguage":"tr","@id":"https:\/\/qingdaohf.com\/bg\/#\/schema\/logo\/image\/","url":"https:\/\/qingdaohf.com\/wp-content\/uploads\/2022\/12\/cropped-HF-LOGO.png","contentUrl":"https:\/\/qingdaohf.com\/wp-content\/uploads\/2022\/12\/cropped-HF-LOGO.png","width":391,"height":249,"caption":"Qingdao H&F"},"image":{"@id":"https:\/\/qingdaohf.com\/bg\/#\/schema\/logo\/image\/"},"sameAs":["https:\/\/www.facebook.com\/qingdaohf"]}]}},"_links":{"self":[{"href":"https:\/\/qingdaohf.com\/tr\/wp-json\/wp\/v2\/product\/2195","targetHints":{"allow":["GET"]}}],"collection":[{"href":"https:\/\/qingdaohf.com\/tr\/wp-json\/wp\/v2\/product"}],"about":[{"href":"https:\/\/qingdaohf.com\/tr\/wp-json\/wp\/v2\/types\/product"}],"replies":[{"embeddable":true,"href":"https:\/\/qingdaohf.com\/tr\/wp-json\/wp\/v2\/comments?post=2195"}],"version-history":[{"count":2,"href":"https:\/\/qingdaohf.com\/tr\/wp-json\/wp\/v2\/product\/2195\/revisions"}],"predecessor-version":[{"id":8307,"href":"https:\/\/qingdaohf.com\/tr\/wp-json\/wp\/v2\/product\/2195\/revisions\/8307"}],"wp:featuredmedia":[{"embeddable":true,"href":"https:\/\/qingdaohf.com\/tr\/wp-json\/wp\/v2\/media\/3880"}],"wp:attachment":[{"href":"https:\/\/qingdaohf.com\/tr\/wp-json\/wp\/v2\/media?parent=2195"}],"wp:term":[{"taxonomy":"product_brand","embeddable":true,"href":"https:\/\/qingdaohf.com\/tr\/wp-json\/wp\/v2\/product_brand?post=2195"},{"taxonomy":"product_cat","embeddable":true,"href":"https:\/\/qingdaohf.com\/tr\/wp-json\/wp\/v2\/product_cat?post=2195"},{"taxonomy":"product_tag","embeddable":true,"href":"https:\/\/qingdaohf.com\/tr\/wp-json\/wp\/v2\/product_tag?post=2195"}],"curies":[{"name":"wp","href":"https:\/\/api.w.org\/{rel}","templated":true}]}}