{"id":2312,"date":"2023-02-21T17:34:53","date_gmt":"2023-02-21T09:34:53","guid":{"rendered":"http:\/\/qingdaohf.com\/?post_type=product&#038;p=2312"},"modified":"2025-11-13T09:06:16","modified_gmt":"2025-11-13T01:06:16","slug":"slab-bolster-dipped","status":"publish","type":"product","link":"https:\/\/qingdaohf.com\/tr\/urun\/levha-destek-daldirma\/","title":{"rendered":"Slab Bolster Dald\u0131rma SBD"},"content":{"rendered":"<h2 data-pm-slice=\"1 1 []\">Slab Bolster Dipped (SBD) Nedir?<\/h2>\n<p>Slab Bolster Dipped (SBD), in\u015faat demiri ile kal\u0131p aras\u0131ndaki hassas bo\u015flu\u011fu korumak i\u00e7in tasarlanm\u0131\u015f, beton yap\u0131m\u0131nda \u00e7ok \u00f6nemli bir donat\u0131 aksesuar\u0131d\u0131r. Y\u00fcksek mukavemetli \u00e7elikten \u00fcretilir ve dald\u0131rma y\u00fczeyle kaplan\u0131r, geli\u015fmi\u015f dayan\u0131kl\u0131l\u0131k ve korozyon direnci sunar. \u00d6ncelikle d\u00f6\u015feme, prekast ve tilt-up projelerinde kullan\u0131lan SBD, yap\u0131sal g\u00fc\u00e7 ve uzun \u00f6m\u00fcr i\u00e7in gerekli olan d\u00fczg\u00fcn beton kaplamas\u0131 sa\u011flar. S\u00fcrekli destek sistemi sarkmay\u0131 \u00f6nler, d\u00f6kme ve k\u00fcrleme i\u015flemleri s\u0131ras\u0131nda donat\u0131y\u0131 g\u00fcvenli bir \u015fekilde yerinde tutar.<\/p>\n<h2>Slab Bolster Dipped (SBD) Kullanman\u0131n Temel Faydalar\u0131<\/h2>\n<p>SBD, \u00fcst\u00fcn beton performans\u0131 elde edilmesinde vazge\u00e7ilmez bir rol oynar. Ba\u015fl\u0131ca avantajlar\u0131ndan biri, dald\u0131rma kaplama sayesinde paslanmaya ve \u00e7evresel hasara kar\u015f\u0131 diren\u00e7li olmas\u0131d\u0131r. Bu ek koruma katman\u0131, standart kaplamas\u0131z \u00e7eli\u011fin zamanla bozulabilece\u011fi nemli veya kimyasal olarak agresif ortamlar i\u00e7in \u00f6zellikle uygundur.<\/p>\n<p>Bir di\u011fer \u00f6nemli faydas\u0131 da tutarl\u0131 in\u015faat demiri konumland\u0131rmas\u0131 sa\u011flamas\u0131d\u0131r. Uygun aral\u0131klar betonun y\u00fck ta\u015f\u0131ma kapasitesini ve \u00e7atlamaya kar\u015f\u0131 direncini do\u011frudan etkileyerek SBD'yi y\u00fcksek yap\u0131sal b\u00fct\u00fcnl\u00fck gerektiren projeler i\u00e7in g\u00fcvenilir bir se\u00e7im haline getirir. \u0130ster ticari, ister konut veya end\u00fcstriyel uygulamalarda kullan\u0131ls\u0131n, SBD d\u00fczg\u00fcn bir beton kal\u0131nl\u0131\u011f\u0131na katk\u0131da bulunur ve beton d\u00f6k\u00fcm\u00fc s\u0131ras\u0131nda kaymay\u0131 \u00f6nler.<\/p>\n<h2>Slab Bolster Dald\u0131rma (SBD) Uygulamalar\u0131<\/h2>\n<p>Slab Bolster Dipped \u00e7ok y\u00f6nl\u00fcd\u00fcr ve \u00e7e\u015fitli in\u015faat projelerinde yayg\u0131n olarak kullan\u0131l\u0131r. \u00d6zellikle hassas donat\u0131 y\u00fcksekli\u011finin kritik oldu\u011fu otoyollar, k\u00f6pr\u00fcler ve bina temelleri gibi d\u00fcz i\u015flerde etkilidir. Prekast tesisleri de donat\u0131 katmanlar\u0131 aras\u0131nda e\u015fit aral\u0131klar sa\u011flamak i\u00e7in SBD'ye g\u00fcvenerek tutarl\u0131 \u00fcr\u00fcn kalitesi sa\u011flar. E\u011fimli in\u015faatta SBD, panellerin yerine kald\u0131r\u0131lmadan \u00f6nce desteklenmesine yard\u0131mc\u0131 olarak k\u00fcrleme a\u015famas\u0131 boyunca stabilite sa\u011flar.<\/p>\n<p>Dald\u0131rma y\u00fczey SBD'yi neme, buz \u00e7\u00f6z\u00fcc\u00fc tuzlara veya agresif kimyasallara maruz kalan ortamlar i\u00e7in uygun hale getirir. Bu \u00f6zellik, korozyon direncinin \u00f6ncelikli oldu\u011fu t\u00fcneller, park yap\u0131lar\u0131 ve denizcilik uygulamalar\u0131 gibi altyap\u0131 projeleri i\u00e7in tercih edilen bir se\u00e7im olmas\u0131n\u0131 sa\u011flar.<\/p>\n<h2>Slab Bolster Dald\u0131rma \u0130htiya\u00e7lar\u0131n\u0131z i\u00e7in Neden Qingdao H&amp;F'yi Se\u00e7melisiniz?<\/h2>\n<p>G\u00fcvenilir bir ticaret \u015firketi olan Qingdao H&amp;F, kendini e\u015fsiz m\u00fc\u015fteri deste\u011fi ile y\u00fcksek kaliteli beton aksesuarlar\u0131 sa\u011flamaya adam\u0131\u015ft\u0131r. Bire bir m\u00fc\u015fteri hizmetleri sunarak sekt\u00f6rde \u00f6ne \u00e7\u0131k\u0131yoruz ve her m\u00fc\u015fterinin kendi \u00f6zel proje gereksinimlerine uygun \u00f6zel \u00e7\u00f6z\u00fcmler almas\u0131n\u0131 sa\u011fl\u0131yoruz. H\u0131zl\u0131 teslimat d\u00f6ng\u00fclerimiz, ihtiya\u00e7 duydu\u011funuz malzemeleri gereksiz gecikmeler olmadan alman\u0131z, projelerinizi programa uygun ve b\u00fct\u00e7e dahilinde tutman\u0131z anlam\u0131na gelir.<\/p>\n<p>Kalite g\u00fcvencesi bizim i\u00e7in en \u00f6nemli \u00f6nceliktir. \u00dcr\u00fcnlerimizin g\u00fcvenilirli\u011finden emin olabilmeniz i\u00e7in malzeme sertifikalar\u0131 ve performans testi verileri de dahil olmak \u00fczere kapsaml\u0131 denetim raporlar\u0131 sunuyoruz. Ayr\u0131ca, kaliteden \u00f6d\u00fcn vermeden rekabet\u00e7i fiyatlar sunuyoruz, bu da bizi g\u00fcvenilir beton kal\u0131p aksesuarlar\u0131 arayan m\u00fcteahhitler ve tedarik\u00e7iler i\u00e7in uygun maliyetli bir se\u00e7im haline getiriyor.<\/p>\n<p>M\u00fckemmellik ve m\u00fc\u015fteri memnuniyetine olan g\u00fc\u00e7l\u00fc ba\u011fl\u0131l\u0131\u011f\u0131yla Qingdao H&amp;F, Slab Bolster Dipped ve di\u011fer g\u00fc\u00e7lendirme \u00e7\u00f6z\u00fcmleri i\u00e7in ba\u015fvurabilece\u011finiz orta\u011f\u0131n\u0131zd\u0131r. \u0130n\u015faat projelerinizi en \u00fcst d\u00fczey \u00fcr\u00fcnler ve ola\u011fan\u00fcst\u00fc hizmetle nas\u0131l destekleyebilece\u011fimiz hakk\u0131nda daha fazla bilgi edinmek i\u00e7in bug\u00fcn bize ula\u015f\u0131n.<\/p>","protected":false},"excerpt":{"rendered":"<p data-pm-slice=\"1 1 []\">Slab Bolster Dipped (SBD), hassas in\u015faat demiri yerle\u015fimi ve optimum yap\u0131sal b\u00fct\u00fcnl\u00fck sa\u011flayan beton takviyesi i\u00e7in \u00f6nemli bir aksesuard\u0131r. \u00dcst\u00fcn korozyon direnci i\u00e7in dald\u0131rma kaplamaya sahip SBD, d\u00f6\u015feme \u00fczerine d\u00f6\u015feme, prekast ve tilt-up uygulamalar\u0131 i\u00e7in g\u00fcvenilir destek sa\u011flar. Qingdao H&amp;F'de, sat\u0131n alma deneyiminizi kolayla\u015ft\u0131rmak i\u00e7in \u00e7e\u015fitli denetim raporlar\u0131, h\u0131zl\u0131 teslimat d\u00f6ng\u00fcleri ve \u00f6zel bire bir m\u00fc\u015fteri hizmetleri ile \u00fcst\u00fcn kaliteyi garanti ediyoruz. Rekabet\u00e7i fiyatland\u0131rmam\u0131z ve m\u00fckemmelli\u011fe olan ba\u011fl\u0131l\u0131\u011f\u0131m\u0131z, bizi t\u00fcm in\u015faat ihtiya\u00e7lar\u0131n\u0131z i\u00e7in g\u00fcvenilir bir ortak haline getirmektedir.<\/p>","protected":false},"featured_media":8004,"comment_status":"open","ping_status":"closed","template":"","meta":{"site-sidebar-layout":"default","site-content-layout":"default","ast-site-content-layout":"default","site-content-style":"default","site-sidebar-style":"default","ast-global-header-display":"","ast-banner-title-visibility":"","ast-main-header-display":"","ast-hfb-above-header-display":"","ast-hfb-below-header-display":"","ast-hfb-mobile-header-display":"","site-post-title":"","ast-breadcrumbs-content":"","ast-featured-img":"","footer-sml-layout":"","theme-transparent-header-meta":"default","adv-header-id-meta":"","stick-header-meta":"default","header-above-stick-meta":"","header-main-stick-meta":"","header-below-stick-meta":"","astra-migrate-meta-layouts":"set","ast-page-background-enabled":"default","ast-page-background-meta":{"desktop":{"background-color":"","background-image":"","background-repeat":"repeat","background-position":"center center","background-size":"auto","background-attachment":"scroll","background-type":"","background-media":"","overlay-type":"","overlay-color":"","overlay-opacity":"","overlay-gradient":""},"tablet":{"background-color":"","background-image":"","background-repeat":"repeat","background-position":"center center","background-size":"auto","background-attachment":"scroll","background-type":"","background-media":"","overlay-type":"","overlay-color":"","overlay-opacity":"","overlay-gradient":""},"mobile":{"background-color":"","background-image":"","background-repeat":"repeat","background-position":"center center","background-size":"auto","background-attachment":"scroll","background-type":"","background-media":"","overlay-type":"","overlay-color":"","overlay-opacity":"","overlay-gradient":""}},"ast-content-background-meta":{"desktop":{"background-color":"var(--ast-global-color-5)","background-image":"","background-repeat":"repeat","background-position":"center center","background-size":"auto","background-attachment":"scroll","background-type":"","background-media":"","overlay-type":"","overlay-color":"","overlay-opacity":"","overlay-gradient":""},"tablet":{"background-color":"var(--ast-global-color-5)","background-image":"","background-repeat":"repeat","background-position":"center center","background-size":"auto","background-attachment":"scroll","background-type":"","background-media":"","overlay-type":"","overlay-color":"","overlay-opacity":"","overlay-gradient":""},"mobile":{"background-color":"var(--ast-global-color-5)","background-image":"","background-repeat":"repeat","background-position":"center center","background-size":"auto","background-attachment":"scroll","background-type":"","background-media":"","overlay-type":"","overlay-color":"","overlay-opacity":"","overlay-gradient":""}}},"product_brand":[],"product_cat":[35],"product_tag":[],"class_list":{"0":"post-2312","1":"product","2":"type-product","3":"status-publish","4":"has-post-thumbnail","6":"product_cat-concrete-rebar-support","7":"desktop-align-left","8":"tablet-align-left","9":"mobile-align-left","10":"ast-product-gallery-layout-horizontal-slider","11":"ast-product-tabs-layout-horizontal","13":"first","14":"instock","15":"shipping-taxable","16":"purchasable","17":"product-type-simple"},"yoast_head":"<!-- This site is optimized with the Yoast SEO plugin v25.2 - https:\/\/yoast.com\/wordpress\/plugins\/seo\/ -->\n<title>Slab Bolster Dipped SBD<\/title>\n<meta name=\"description\" content=\"Slab Bolster Dipped (SBD) is an essential accessory for concrete reinforcement, ensuring precise rebar placement and optimal structural integrity.\" \/>\n<meta name=\"robots\" content=\"index, follow, max-snippet:-1, max-image-preview:large, max-video-preview:-1\" \/>\n<link rel=\"canonical\" href=\"https:\/\/qingdaohf.com\/tr\/urun\/levha-destek-daldirma\/\" \/>\n<meta property=\"og:locale\" content=\"tr_TR\" \/>\n<meta property=\"og:type\" content=\"article\" \/>\n<meta property=\"og:title\" content=\"Slab Bolster Dipped SBD\" \/>\n<meta property=\"og:description\" content=\"Slab Bolster Dipped (SBD) is an essential accessory for concrete reinforcement, ensuring precise rebar placement and optimal structural integrity.\" \/>\n<meta property=\"og:url\" content=\"https:\/\/qingdaohf.com\/tr\/urun\/levha-destek-daldirma\/\" \/>\n<meta property=\"og:site_name\" content=\"Concrete Form &amp; Rigging Hardware Supplier\" \/>\n<meta property=\"article:publisher\" content=\"https:\/\/www.facebook.com\/qingdaohf\" \/>\n<meta property=\"article:modified_time\" content=\"2025-11-13T01:06:16+00:00\" \/>\n<meta property=\"og:image\" content=\"https:\/\/qingdaohf.com\/wp-content\/uploads\/2023\/02\/Slab-Bolster-Dipped-1-1.jpg\" \/>\n\t<meta property=\"og:image:width\" content=\"1000\" \/>\n\t<meta property=\"og:image:height\" content=\"1000\" \/>\n\t<meta property=\"og:image:type\" content=\"image\/jpeg\" \/>\n<meta name=\"twitter:card\" content=\"summary_large_image\" \/>\n<meta name=\"twitter:label1\" content=\"Tahmini okuma s\u00fcresi\" \/>\n\t<meta name=\"twitter:data1\" content=\"3 dakika\" \/>\n<script type=\"application\/ld+json\" class=\"yoast-schema-graph\">{\"@context\":\"https:\/\/schema.org\",\"@graph\":[{\"@type\":\"WebPage\",\"@id\":\"https:\/\/qingdaohf.com\/product\/slab-bolster-dipped\/\",\"url\":\"https:\/\/qingdaohf.com\/product\/slab-bolster-dipped\/\",\"name\":\"Slab Bolster Dipped SBD\",\"isPartOf\":{\"@id\":\"https:\/\/qingdaohf.com\/bg\/#website\"},\"primaryImageOfPage\":{\"@id\":\"https:\/\/qingdaohf.com\/product\/slab-bolster-dipped\/#primaryimage\"},\"image\":{\"@id\":\"https:\/\/qingdaohf.com\/product\/slab-bolster-dipped\/#primaryimage\"},\"thumbnailUrl\":\"https:\/\/qingdaohf.com\/wp-content\/uploads\/2023\/02\/Slab-Bolster-Dipped-1-1.jpg\",\"datePublished\":\"2023-02-21T09:34:53+00:00\",\"dateModified\":\"2025-11-13T01:06:16+00:00\",\"description\":\"Slab Bolster Dipped (SBD) is an essential accessory for concrete reinforcement, ensuring precise rebar placement and optimal structural integrity.\",\"breadcrumb\":{\"@id\":\"https:\/\/qingdaohf.com\/product\/slab-bolster-dipped\/#breadcrumb\"},\"inLanguage\":\"tr\",\"potentialAction\":[{\"@type\":\"ReadAction\",\"target\":[\"https:\/\/qingdaohf.com\/product\/slab-bolster-dipped\/\"]}]},{\"@type\":\"ImageObject\",\"inLanguage\":\"tr\",\"@id\":\"https:\/\/qingdaohf.com\/product\/slab-bolster-dipped\/#primaryimage\",\"url\":\"https:\/\/qingdaohf.com\/wp-content\/uploads\/2023\/02\/Slab-Bolster-Dipped-1-1.jpg\",\"contentUrl\":\"https:\/\/qingdaohf.com\/wp-content\/uploads\/2023\/02\/Slab-Bolster-Dipped-1-1.jpg\",\"width\":1000,\"height\":1000,\"caption\":\"Slab Bolster Dipped\"},{\"@type\":\"BreadcrumbList\",\"@id\":\"https:\/\/qingdaohf.com\/product\/slab-bolster-dipped\/#breadcrumb\",\"itemListElement\":[{\"@type\":\"ListItem\",\"position\":1,\"name\":\"Home\",\"item\":\"https:\/\/qingdaohf.com\/\"},{\"@type\":\"ListItem\",\"position\":2,\"name\":\"Concrete Forming Accessories and Rigging Hardware\",\"item\":\"https:\/\/qingdaohf.com\/bg\/?page_id=944\"},{\"@type\":\"ListItem\",\"position\":3,\"name\":\"Slab Bolster Dipped SBD\"}]},{\"@type\":\"WebSite\",\"@id\":\"https:\/\/qingdaohf.com\/bg\/#website\",\"url\":\"https:\/\/qingdaohf.com\/bg\/\",\"name\":\"Concrete Form & Rigging Hardware Supplier\",\"description\":\"\",\"publisher\":{\"@id\":\"https:\/\/qingdaohf.com\/bg\/#organization\"},\"potentialAction\":[{\"@type\":\"SearchAction\",\"target\":{\"@type\":\"EntryPoint\",\"urlTemplate\":\"https:\/\/qingdaohf.com\/bg\/?s={search_term_string}\"},\"query-input\":{\"@type\":\"PropertyValueSpecification\",\"valueRequired\":true,\"valueName\":\"search_term_string\"}}],\"inLanguage\":\"tr\"},{\"@type\":\"Organization\",\"@id\":\"https:\/\/qingdaohf.com\/bg\/#organization\",\"name\":\"Qingdao H&F\",\"url\":\"https:\/\/qingdaohf.com\/bg\/\",\"logo\":{\"@type\":\"ImageObject\",\"inLanguage\":\"tr\",\"@id\":\"https:\/\/qingdaohf.com\/bg\/#\/schema\/logo\/image\/\",\"url\":\"https:\/\/qingdaohf.com\/wp-content\/uploads\/2022\/12\/cropped-HF-LOGO.png\",\"contentUrl\":\"https:\/\/qingdaohf.com\/wp-content\/uploads\/2022\/12\/cropped-HF-LOGO.png\",\"width\":391,\"height\":249,\"caption\":\"Qingdao H&F\"},\"image\":{\"@id\":\"https:\/\/qingdaohf.com\/bg\/#\/schema\/logo\/image\/\"},\"sameAs\":[\"https:\/\/www.facebook.com\/qingdaohf\"]}]}<\/script>\n<!-- \/ Yoast SEO plugin. -->","yoast_head_json":{"title":"Slab Bolster Dipped SBD","description":"Slab Bolster Dipped (SBD) is an essential accessory for concrete reinforcement, ensuring precise rebar placement and optimal structural integrity.","robots":{"index":"index","follow":"follow","max-snippet":"max-snippet:-1","max-image-preview":"max-image-preview:large","max-video-preview":"max-video-preview:-1"},"canonical":"https:\/\/qingdaohf.com\/tr\/urun\/levha-destek-daldirma\/","og_locale":"tr_TR","og_type":"article","og_title":"Slab Bolster Dipped SBD","og_description":"Slab Bolster Dipped (SBD) is an essential accessory for concrete reinforcement, ensuring precise rebar placement and optimal structural integrity.","og_url":"https:\/\/qingdaohf.com\/tr\/urun\/levha-destek-daldirma\/","og_site_name":"Concrete Form &amp; Rigging Hardware Supplier","article_publisher":"https:\/\/www.facebook.com\/qingdaohf","article_modified_time":"2025-11-13T01:06:16+00:00","og_image":[{"width":1000,"height":1000,"url":"https:\/\/qingdaohf.com\/wp-content\/uploads\/2023\/02\/Slab-Bolster-Dipped-1-1.jpg","type":"image\/jpeg"}],"twitter_card":"summary_large_image","twitter_misc":{"Tahmini okuma s\u00fcresi":"3 dakika"},"schema":{"@context":"https:\/\/schema.org","@graph":[{"@type":"WebPage","@id":"https:\/\/qingdaohf.com\/product\/slab-bolster-dipped\/","url":"https:\/\/qingdaohf.com\/product\/slab-bolster-dipped\/","name":"Slab Bolster Dipped SBD","isPartOf":{"@id":"https:\/\/qingdaohf.com\/bg\/#website"},"primaryImageOfPage":{"@id":"https:\/\/qingdaohf.com\/product\/slab-bolster-dipped\/#primaryimage"},"image":{"@id":"https:\/\/qingdaohf.com\/product\/slab-bolster-dipped\/#primaryimage"},"thumbnailUrl":"https:\/\/qingdaohf.com\/wp-content\/uploads\/2023\/02\/Slab-Bolster-Dipped-1-1.jpg","datePublished":"2023-02-21T09:34:53+00:00","dateModified":"2025-11-13T01:06:16+00:00","description":"Slab Bolster Dipped (SBD) is an essential accessory for concrete reinforcement, ensuring precise rebar placement and optimal structural integrity.","breadcrumb":{"@id":"https:\/\/qingdaohf.com\/product\/slab-bolster-dipped\/#breadcrumb"},"inLanguage":"tr","potentialAction":[{"@type":"ReadAction","target":["https:\/\/qingdaohf.com\/product\/slab-bolster-dipped\/"]}]},{"@type":"ImageObject","inLanguage":"tr","@id":"https:\/\/qingdaohf.com\/product\/slab-bolster-dipped\/#primaryimage","url":"https:\/\/qingdaohf.com\/wp-content\/uploads\/2023\/02\/Slab-Bolster-Dipped-1-1.jpg","contentUrl":"https:\/\/qingdaohf.com\/wp-content\/uploads\/2023\/02\/Slab-Bolster-Dipped-1-1.jpg","width":1000,"height":1000,"caption":"Slab Bolster Dipped"},{"@type":"BreadcrumbList","@id":"https:\/\/qingdaohf.com\/product\/slab-bolster-dipped\/#breadcrumb","itemListElement":[{"@type":"ListItem","position":1,"name":"Home","item":"https:\/\/qingdaohf.com\/"},{"@type":"ListItem","position":2,"name":"Concrete Forming Accessories and Rigging Hardware","item":"https:\/\/qingdaohf.com\/bg\/?page_id=944"},{"@type":"ListItem","position":3,"name":"Slab Bolster Dipped SBD"}]},{"@type":"WebSite","@id":"https:\/\/qingdaohf.com\/bg\/#website","url":"https:\/\/qingdaohf.com\/bg\/","name":"Concrete Form & Rigging Hardware Supplier","description":"","publisher":{"@id":"https:\/\/qingdaohf.com\/bg\/#organization"},"potentialAction":[{"@type":"SearchAction","target":{"@type":"EntryPoint","urlTemplate":"https:\/\/qingdaohf.com\/bg\/?s={search_term_string}"},"query-input":{"@type":"PropertyValueSpecification","valueRequired":true,"valueName":"search_term_string"}}],"inLanguage":"tr"},{"@type":"Organization","@id":"https:\/\/qingdaohf.com\/bg\/#organization","name":"Qingdao H&F","url":"https:\/\/qingdaohf.com\/bg\/","logo":{"@type":"ImageObject","inLanguage":"tr","@id":"https:\/\/qingdaohf.com\/bg\/#\/schema\/logo\/image\/","url":"https:\/\/qingdaohf.com\/wp-content\/uploads\/2022\/12\/cropped-HF-LOGO.png","contentUrl":"https:\/\/qingdaohf.com\/wp-content\/uploads\/2022\/12\/cropped-HF-LOGO.png","width":391,"height":249,"caption":"Qingdao H&F"},"image":{"@id":"https:\/\/qingdaohf.com\/bg\/#\/schema\/logo\/image\/"},"sameAs":["https:\/\/www.facebook.com\/qingdaohf"]}]}},"_links":{"self":[{"href":"https:\/\/qingdaohf.com\/tr\/wp-json\/wp\/v2\/product\/2312","targetHints":{"allow":["GET"]}}],"collection":[{"href":"https:\/\/qingdaohf.com\/tr\/wp-json\/wp\/v2\/product"}],"about":[{"href":"https:\/\/qingdaohf.com\/tr\/wp-json\/wp\/v2\/types\/product"}],"replies":[{"embeddable":true,"href":"https:\/\/qingdaohf.com\/tr\/wp-json\/wp\/v2\/comments?post=2312"}],"version-history":[{"count":11,"href":"https:\/\/qingdaohf.com\/tr\/wp-json\/wp\/v2\/product\/2312\/revisions"}],"predecessor-version":[{"id":10248,"href":"https:\/\/qingdaohf.com\/tr\/wp-json\/wp\/v2\/product\/2312\/revisions\/10248"}],"wp:featuredmedia":[{"embeddable":true,"href":"https:\/\/qingdaohf.com\/tr\/wp-json\/wp\/v2\/media\/8004"}],"wp:attachment":[{"href":"https:\/\/qingdaohf.com\/tr\/wp-json\/wp\/v2\/media?parent=2312"}],"wp:term":[{"taxonomy":"product_brand","embeddable":true,"href":"https:\/\/qingdaohf.com\/tr\/wp-json\/wp\/v2\/product_brand?post=2312"},{"taxonomy":"product_cat","embeddable":true,"href":"https:\/\/qingdaohf.com\/tr\/wp-json\/wp\/v2\/product_cat?post=2312"},{"taxonomy":"product_tag","embeddable":true,"href":"https:\/\/qingdaohf.com\/tr\/wp-json\/wp\/v2\/product_tag?post=2312"}],"curies":[{"name":"wp","href":"https:\/\/api.w.org\/{rel}","templated":true}]}}