{"id":2316,"date":"2023-02-22T10:23:19","date_gmt":"2023-02-22T02:23:19","guid":{"rendered":"http:\/\/qingdaohf.com\/?post_type=product&#038;p=2316"},"modified":"2025-11-13T09:06:16","modified_gmt":"2025-11-13T01:06:16","slug":"lifting-clutch","status":"publish","type":"product","link":"https:\/\/qingdaohf.com\/tr\/urun\/kaldirma-debriyaji\/","title":{"rendered":"Prekast Beton i\u00e7in Beton Kald\u0131rma Debriyaj\u0131 | Halkas\u0131"},"content":{"rendered":"<div class=\"ast-oembed-container\" style=\"height: 100%;\"><iframe title=\"Kald\u0131rma Sistemi Kald\u0131rma Debriyaj\u0131 Halka Debriyaj\" width=\"500\" height=\"375\" src=\"https:\/\/www.youtube.com\/embed\/2t3mD7-W5ng?feature=oembed\" frameborder=\"0\" allow=\"accelerometer; autoplay; clipboard-write; encrypted-media; gyroscope; picture-in-picture; web-share\" referrerpolicy=\"strict-origin-when-cross-origin\" allowfullscreen><\/iframe><\/div>\n<p>Kald\u0131rma debriyaj\u0131, y\u00fck\u00fc birden fazla noktaya e\u015fit olarak da\u011f\u0131tacak \u015fekilde tasarlanm\u0131\u015ft\u0131r, b\u00f6ylece herhangi bir nokta \u00fczerindeki gerilimi azalt\u0131r ve kald\u0131rma s\u0131ras\u0131nda y\u00fck\u00fcn kayma veya dengesiz hale gelme riskini en aza indirir. Bu da onu prekast beton paneller, \u00e7elik kiri\u015fler ve makineler gibi a\u011f\u0131r ve hacimli \u00f6\u011felerin kald\u0131r\u0131lmas\u0131 i\u00e7in \u00f6nemli bir ara\u00e7 haline getirir.<\/p>\n<p>Kald\u0131rma debriyajlar\u0131, \u00e7e\u015fitli y\u00fck gereksinimlerini kar\u015f\u0131lamak i\u00e7in farkl\u0131 boyutlarda ve a\u011f\u0131rl\u0131k kapasitelerinde gelir. A\u011f\u0131r y\u00fcklerin kald\u0131r\u0131lmas\u0131ndaki strese dayanmalar\u0131 i\u00e7in genellikle y\u00fcksek mukavemetli \u00e7elikten yap\u0131l\u0131rlar ve uluslararas\u0131 g\u00fcvenlik standartlar\u0131na uyacak \u015fekilde tasarlan\u0131rlar.<\/p>\n<h3 class=\"wp-block-heading has-medium-font-size\"><strong>Malzeme ve Yap\u0131:<\/strong><\/h3>\n<p>Prekast kald\u0131rma debriyajlar\u0131, a\u011f\u0131r y\u00fckleri kald\u0131rman\u0131n zorluklar\u0131na dayanmak i\u00e7in tipik olarak y\u00fcksek mukavemetli \u00e7elikten imal edilir. \u00c7elik konstr\u00fcksiyon dayan\u0131kl\u0131l\u0131k ve g\u00fcvenilirlik sa\u011flayarak onlar\u0131 \u00e7e\u015fitli in\u015faat ortamlar\u0131nda kullan\u0131ma uygun hale getirir. Debriyajlar, belirli y\u00fck ta\u015f\u0131ma kapasitelerini kar\u015f\u0131layacak \u015fekilde tasarlanm\u0131\u015ft\u0131r ve \u00e7e\u015fitli boyut ve a\u011f\u0131rl\u0131ktaki prekast beton elemanlar\u0131 g\u00fcvenli bir \u015fekilde kald\u0131r\u0131p ta\u015f\u0131yabilmelerini sa\u011flar.<\/p>\n<h3 class=\"wp-block-heading has-medium-font-size\"><strong>Tasar\u0131m ve \u0130\u015flevsellik:<\/strong><\/h3>\n<p>Prekast kald\u0131rma kavramalar\u0131n\u0131n tasar\u0131m\u0131, prekast beton elemanlara g\u00f6m\u00fcl\u00fc kald\u0131rma ankrajlar\u0131na g\u00fcvenli bir \u015fekilde ba\u011flanan bir kanca veya halka mekanizmas\u0131na sahip sa\u011flam ve kompakt bir yap\u0131 ile karakterize edilir. Bu ba\u011flant\u0131, kald\u0131rma kavramas\u0131 ile beton eleman aras\u0131nda sa\u011flam bir ba\u011flant\u0131 sa\u011flayarak g\u00fcvenli kald\u0131rma ve ta\u015f\u0131ma olana\u011f\u0131 sunar.<\/p>\n<h3 class=\"wp-block-heading has-medium-font-size\"><strong>Uygulama Senaryolar\u0131:<\/strong><\/h3>\n<p>Prekast kald\u0131rma kavramalar\u0131, a\u015fa\u011f\u0131dakiler de dahil olmak \u00fczere \u00e7e\u015fitli in\u015faat uygulamalar\u0131nda yayg\u0131n olarak kullan\u0131lmaktad\u0131r:<\/p>\n<p><strong>Prekast beton \u00fcretim tesisleri:<\/strong>\u00a0Kald\u0131rma kavramalar\u0131, \u00fcretim s\u00fcrecinde prekast beton elemanlar\u0131n \u00fcretim tesisi i\u00e7inde kald\u0131r\u0131lmas\u0131 ve ta\u015f\u0131nmas\u0131 i\u00e7in kullan\u0131l\u0131r.<\/p>\n<p><strong>\u0130n\u015faat sahalar\u0131:<\/strong>\u00a0Kald\u0131rma kavramalar\u0131, binalar, k\u00f6pr\u00fcler, park yap\u0131lar\u0131 ve altyap\u0131 projeleri de dahil olmak \u00fczere \u015fantiyelerde prekast beton elemanlar\u0131n kald\u0131r\u0131lmas\u0131 ve montaj\u0131 i\u00e7in gereklidir.<\/p>\n<p><strong>G\u00fc\u00e7lendirme ve yenileme projeleri:<\/strong>\u00a0Kald\u0131rma kavramalar\u0131, prekast beton bile\u015fenlerin mevcut yap\u0131lara montaj\u0131n\u0131 i\u00e7eren g\u00fc\u00e7lendirme ve yenileme projelerinde de kullan\u0131l\u0131r.<\/p>\n<h3 class=\"wp-block-heading has-medium-font-size\"><strong>Prekast Kald\u0131rma Kavramalar\u0131 Kullanman\u0131n Faydalar\u0131:<\/strong><\/h3>\n<p><strong>G\u00fcvenlik:<\/strong>\u00a0Prekast kald\u0131rma kavramalar\u0131, prekast beton elemanlara g\u00fcvenli bir \u015fekilde ba\u011flanmay\u0131 sa\u011flamak ve kald\u0131rma i\u015flemleri s\u0131ras\u0131nda kaza veya aksilik riskini en aza indirmek i\u00e7in tasarlanm\u0131\u015ft\u0131r.<\/p>\n<p><strong>Verimlilik:<\/strong>\u00a0Kald\u0131rma kavramalar\u0131n\u0131n kullan\u0131m\u0131, kald\u0131rma ve ta\u015f\u0131ma s\u00fcrecini kolayla\u015ft\u0131rarak prekast beton elemanlar\u0131n daha h\u0131zl\u0131 ve daha verimli bir \u015fekilde kurulmas\u0131n\u0131 sa\u011flar.<\/p>\n<p><strong>\u00c7ok y\u00f6nl\u00fcl\u00fck:<\/strong>\u00a0Prekast kald\u0131rma kavramalar\u0131 vin\u00e7ler, y\u00fck asans\u00f6rleri ve forkliftler de dahil olmak \u00fczere \u00e7e\u015fitli kald\u0131rma ekipmanlar\u0131 ile uyumludur ve bu sayede \u00e7ok \u00e7e\u015fitli in\u015faat uygulamalar\u0131 i\u00e7in uygundur.<\/p>\n<p><strong>Maliyet etkinli\u011fi:<\/strong>\u00a0Daha h\u0131zl\u0131 kurulum s\u00fcrelerini kolayla\u015ft\u0131rarak ve el i\u015f\u00e7ili\u011fi ihtiyac\u0131n\u0131 en aza indirerek, prekast kald\u0131rma kavramalar\u0131 genel proje maliyetlerini azaltmaya yard\u0131mc\u0131 olur.<\/p>","protected":false},"excerpt":{"rendered":"<p>Kald\u0131rma Kavramas\u0131 veya Halkal\u0131 Kald\u0131rma, a\u011f\u0131r y\u00fckleri g\u00fcvenli ve verimli bir \u015fekilde ba\u011flamak ve kald\u0131rmak i\u00e7in kald\u0131rma sistemlerinde kullan\u0131lan bir ara\u00e7t\u0131r. Y\u00fcke tak\u0131labilen ve vin\u00e7 veya caraskal gibi kald\u0131rma ekipman\u0131na ba\u011flanabilen metal bir halka veya bir dizi kancadan olu\u015fur.<\/p>","protected":false},"featured_media":3188,"comment_status":"open","ping_status":"closed","template":"","meta":{"site-sidebar-layout":"default","site-content-layout":"default","ast-site-content-layout":"default","site-content-style":"default","site-sidebar-style":"default","ast-global-header-display":"","ast-banner-title-visibility":"","ast-main-header-display":"","ast-hfb-above-header-display":"","ast-hfb-below-header-display":"","ast-hfb-mobile-header-display":"","site-post-title":"","ast-breadcrumbs-content":"","ast-featured-img":"","footer-sml-layout":"","theme-transparent-header-meta":"default","adv-header-id-meta":"","stick-header-meta":"default","header-above-stick-meta":"","header-main-stick-meta":"","header-below-stick-meta":"","astra-migrate-meta-layouts":"set","ast-page-background-enabled":"default","ast-page-background-meta":{"desktop":{"background-color":"","background-image":"","background-repeat":"repeat","background-position":"center center","background-size":"auto","background-attachment":"scroll","background-type":"","background-media":"","overlay-type":"","overlay-color":"","overlay-opacity":"","overlay-gradient":""},"tablet":{"background-color":"","background-image":"","background-repeat":"repeat","background-position":"center center","background-size":"auto","background-attachment":"scroll","background-type":"","background-media":"","overlay-type":"","overlay-color":"","overlay-opacity":"","overlay-gradient":""},"mobile":{"background-color":"","background-image":"","background-repeat":"repeat","background-position":"center center","background-size":"auto","background-attachment":"scroll","background-type":"","background-media":"","overlay-type":"","overlay-color":"","overlay-opacity":"","overlay-gradient":""}},"ast-content-background-meta":{"desktop":{"background-color":"var(--ast-global-color-5)","background-image":"","background-repeat":"repeat","background-position":"center center","background-size":"auto","background-attachment":"scroll","background-type":"","background-media":"","overlay-type":"","overlay-color":"","overlay-opacity":"","overlay-gradient":""},"tablet":{"background-color":"var(--ast-global-color-5)","background-image":"","background-repeat":"repeat","background-position":"center center","background-size":"auto","background-attachment":"scroll","background-type":"","background-media":"","overlay-type":"","overlay-color":"","overlay-opacity":"","overlay-gradient":""},"mobile":{"background-color":"var(--ast-global-color-5)","background-image":"","background-repeat":"repeat","background-position":"center center","background-size":"auto","background-attachment":"scroll","background-type":"","background-media":"","overlay-type":"","overlay-color":"","overlay-opacity":"","overlay-gradient":""}}},"product_brand":[],"product_cat":[30],"product_tag":[],"class_list":{"0":"post-2316","1":"product","2":"type-product","3":"status-publish","4":"has-post-thumbnail","6":"product_cat-lifting-anchor","7":"desktop-align-left","8":"tablet-align-left","9":"mobile-align-left","10":"ast-product-gallery-layout-horizontal-slider","11":"ast-product-tabs-layout-horizontal","13":"first","14":"instock","15":"shipping-taxable","16":"purchasable","17":"product-type-simple"},"yoast_head":"<!-- This site is optimized with the Yoast SEO plugin v25.2 - https:\/\/yoast.com\/wordpress\/plugins\/seo\/ -->\n<title>Concrete Lifting Clutch | Ring for Precast Concrete<\/title>\n<meta name=\"description\" content=\"A Lifting Clutch or Ring Lifting is a tool used in lifting systems to attach and lift heavy loads safely and efficiently.\" \/>\n<meta name=\"robots\" content=\"index, follow, max-snippet:-1, max-image-preview:large, max-video-preview:-1\" \/>\n<link rel=\"canonical\" href=\"https:\/\/qingdaohf.com\/tr\/urun\/kaldirma-debriyaji\/\" \/>\n<meta property=\"og:locale\" content=\"tr_TR\" \/>\n<meta property=\"og:type\" content=\"article\" \/>\n<meta property=\"og:title\" content=\"Concrete Lifting Clutch | Ring for Precast Concrete\" \/>\n<meta property=\"og:description\" content=\"A Lifting Clutch or Ring Lifting is a tool used in lifting systems to attach and lift heavy loads safely and efficiently.\" \/>\n<meta property=\"og:url\" content=\"https:\/\/qingdaohf.com\/tr\/urun\/kaldirma-debriyaji\/\" \/>\n<meta property=\"og:site_name\" content=\"Concrete Form &amp; Rigging Hardware Supplier\" \/>\n<meta property=\"article:publisher\" content=\"https:\/\/www.facebook.com\/qingdaohf\" \/>\n<meta property=\"article:modified_time\" content=\"2025-11-13T01:06:16+00:00\" \/>\n<meta property=\"og:image\" content=\"https:\/\/qingdaohf.com\/wp-content\/uploads\/2023\/02\/Lifting-clutchring-lifting-2.jpg\" \/>\n\t<meta property=\"og:image:width\" content=\"1000\" \/>\n\t<meta property=\"og:image:height\" content=\"1000\" \/>\n\t<meta property=\"og:image:type\" content=\"image\/jpeg\" \/>\n<meta name=\"twitter:card\" content=\"summary_large_image\" \/>\n<meta name=\"twitter:label1\" content=\"Tahmini okuma s\u00fcresi\" \/>\n\t<meta name=\"twitter:data1\" content=\"2 dakika\" \/>\n<script type=\"application\/ld+json\" class=\"yoast-schema-graph\">{\"@context\":\"https:\/\/schema.org\",\"@graph\":[{\"@type\":\"WebPage\",\"@id\":\"https:\/\/qingdaohf.com\/product\/lifting-clutch\/\",\"url\":\"https:\/\/qingdaohf.com\/product\/lifting-clutch\/\",\"name\":\"Concrete Lifting Clutch | Ring for Precast Concrete\",\"isPartOf\":{\"@id\":\"https:\/\/qingdaohf.com\/bg\/#website\"},\"primaryImageOfPage\":{\"@id\":\"https:\/\/qingdaohf.com\/product\/lifting-clutch\/#primaryimage\"},\"image\":{\"@id\":\"https:\/\/qingdaohf.com\/product\/lifting-clutch\/#primaryimage\"},\"thumbnailUrl\":\"https:\/\/qingdaohf.com\/wp-content\/uploads\/2023\/02\/Lifting-clutchring-lifting-2.jpg\",\"datePublished\":\"2023-02-22T02:23:19+00:00\",\"dateModified\":\"2025-11-13T01:06:16+00:00\",\"description\":\"A Lifting Clutch or Ring Lifting is a tool used in lifting systems to attach and lift heavy loads safely and efficiently.\",\"breadcrumb\":{\"@id\":\"https:\/\/qingdaohf.com\/product\/lifting-clutch\/#breadcrumb\"},\"inLanguage\":\"tr\",\"potentialAction\":[{\"@type\":\"ReadAction\",\"target\":[\"https:\/\/qingdaohf.com\/product\/lifting-clutch\/\"]}]},{\"@type\":\"ImageObject\",\"inLanguage\":\"tr\",\"@id\":\"https:\/\/qingdaohf.com\/product\/lifting-clutch\/#primaryimage\",\"url\":\"https:\/\/qingdaohf.com\/wp-content\/uploads\/2023\/02\/Lifting-clutchring-lifting-2.jpg\",\"contentUrl\":\"https:\/\/qingdaohf.com\/wp-content\/uploads\/2023\/02\/Lifting-clutchring-lifting-2.jpg\",\"width\":1000,\"height\":1000,\"caption\":\"Lifting Clutch \\\\Ring Lifting\"},{\"@type\":\"BreadcrumbList\",\"@id\":\"https:\/\/qingdaohf.com\/product\/lifting-clutch\/#breadcrumb\",\"itemListElement\":[{\"@type\":\"ListItem\",\"position\":1,\"name\":\"Home\",\"item\":\"https:\/\/qingdaohf.com\/\"},{\"@type\":\"ListItem\",\"position\":2,\"name\":\"Concrete Forming Accessories and Rigging Hardware\",\"item\":\"https:\/\/qingdaohf.com\/bg\/?page_id=944\"},{\"@type\":\"ListItem\",\"position\":3,\"name\":\"Concrete Lifting Clutch | Ring for Precast Concrete\"}]},{\"@type\":\"WebSite\",\"@id\":\"https:\/\/qingdaohf.com\/bg\/#website\",\"url\":\"https:\/\/qingdaohf.com\/bg\/\",\"name\":\"Concrete Form & Rigging Hardware Supplier\",\"description\":\"\",\"publisher\":{\"@id\":\"https:\/\/qingdaohf.com\/bg\/#organization\"},\"potentialAction\":[{\"@type\":\"SearchAction\",\"target\":{\"@type\":\"EntryPoint\",\"urlTemplate\":\"https:\/\/qingdaohf.com\/bg\/?s={search_term_string}\"},\"query-input\":{\"@type\":\"PropertyValueSpecification\",\"valueRequired\":true,\"valueName\":\"search_term_string\"}}],\"inLanguage\":\"tr\"},{\"@type\":\"Organization\",\"@id\":\"https:\/\/qingdaohf.com\/bg\/#organization\",\"name\":\"Qingdao H&F\",\"url\":\"https:\/\/qingdaohf.com\/bg\/\",\"logo\":{\"@type\":\"ImageObject\",\"inLanguage\":\"tr\",\"@id\":\"https:\/\/qingdaohf.com\/bg\/#\/schema\/logo\/image\/\",\"url\":\"https:\/\/qingdaohf.com\/wp-content\/uploads\/2022\/12\/cropped-HF-LOGO.png\",\"contentUrl\":\"https:\/\/qingdaohf.com\/wp-content\/uploads\/2022\/12\/cropped-HF-LOGO.png\",\"width\":391,\"height\":249,\"caption\":\"Qingdao H&F\"},\"image\":{\"@id\":\"https:\/\/qingdaohf.com\/bg\/#\/schema\/logo\/image\/\"},\"sameAs\":[\"https:\/\/www.facebook.com\/qingdaohf\"]}]}<\/script>\n<!-- \/ Yoast SEO plugin. -->","yoast_head_json":{"title":"Concrete Lifting Clutch | Ring for Precast Concrete","description":"A Lifting Clutch or Ring Lifting is a tool used in lifting systems to attach and lift heavy loads safely and efficiently.","robots":{"index":"index","follow":"follow","max-snippet":"max-snippet:-1","max-image-preview":"max-image-preview:large","max-video-preview":"max-video-preview:-1"},"canonical":"https:\/\/qingdaohf.com\/tr\/urun\/kaldirma-debriyaji\/","og_locale":"tr_TR","og_type":"article","og_title":"Concrete Lifting Clutch | Ring for Precast Concrete","og_description":"A Lifting Clutch or Ring Lifting is a tool used in lifting systems to attach and lift heavy loads safely and efficiently.","og_url":"https:\/\/qingdaohf.com\/tr\/urun\/kaldirma-debriyaji\/","og_site_name":"Concrete Form &amp; Rigging Hardware Supplier","article_publisher":"https:\/\/www.facebook.com\/qingdaohf","article_modified_time":"2025-11-13T01:06:16+00:00","og_image":[{"width":1000,"height":1000,"url":"https:\/\/qingdaohf.com\/wp-content\/uploads\/2023\/02\/Lifting-clutchring-lifting-2.jpg","type":"image\/jpeg"}],"twitter_card":"summary_large_image","twitter_misc":{"Tahmini okuma s\u00fcresi":"2 dakika"},"schema":{"@context":"https:\/\/schema.org","@graph":[{"@type":"WebPage","@id":"https:\/\/qingdaohf.com\/product\/lifting-clutch\/","url":"https:\/\/qingdaohf.com\/product\/lifting-clutch\/","name":"Concrete Lifting Clutch | Ring for Precast Concrete","isPartOf":{"@id":"https:\/\/qingdaohf.com\/bg\/#website"},"primaryImageOfPage":{"@id":"https:\/\/qingdaohf.com\/product\/lifting-clutch\/#primaryimage"},"image":{"@id":"https:\/\/qingdaohf.com\/product\/lifting-clutch\/#primaryimage"},"thumbnailUrl":"https:\/\/qingdaohf.com\/wp-content\/uploads\/2023\/02\/Lifting-clutchring-lifting-2.jpg","datePublished":"2023-02-22T02:23:19+00:00","dateModified":"2025-11-13T01:06:16+00:00","description":"A Lifting Clutch or Ring Lifting is a tool used in lifting systems to attach and lift heavy loads safely and efficiently.","breadcrumb":{"@id":"https:\/\/qingdaohf.com\/product\/lifting-clutch\/#breadcrumb"},"inLanguage":"tr","potentialAction":[{"@type":"ReadAction","target":["https:\/\/qingdaohf.com\/product\/lifting-clutch\/"]}]},{"@type":"ImageObject","inLanguage":"tr","@id":"https:\/\/qingdaohf.com\/product\/lifting-clutch\/#primaryimage","url":"https:\/\/qingdaohf.com\/wp-content\/uploads\/2023\/02\/Lifting-clutchring-lifting-2.jpg","contentUrl":"https:\/\/qingdaohf.com\/wp-content\/uploads\/2023\/02\/Lifting-clutchring-lifting-2.jpg","width":1000,"height":1000,"caption":"Lifting Clutch \\Ring Lifting"},{"@type":"BreadcrumbList","@id":"https:\/\/qingdaohf.com\/product\/lifting-clutch\/#breadcrumb","itemListElement":[{"@type":"ListItem","position":1,"name":"Home","item":"https:\/\/qingdaohf.com\/"},{"@type":"ListItem","position":2,"name":"Concrete Forming Accessories and Rigging Hardware","item":"https:\/\/qingdaohf.com\/bg\/?page_id=944"},{"@type":"ListItem","position":3,"name":"Concrete Lifting Clutch | Ring for Precast Concrete"}]},{"@type":"WebSite","@id":"https:\/\/qingdaohf.com\/bg\/#website","url":"https:\/\/qingdaohf.com\/bg\/","name":"Concrete Form & Rigging Hardware Supplier","description":"","publisher":{"@id":"https:\/\/qingdaohf.com\/bg\/#organization"},"potentialAction":[{"@type":"SearchAction","target":{"@type":"EntryPoint","urlTemplate":"https:\/\/qingdaohf.com\/bg\/?s={search_term_string}"},"query-input":{"@type":"PropertyValueSpecification","valueRequired":true,"valueName":"search_term_string"}}],"inLanguage":"tr"},{"@type":"Organization","@id":"https:\/\/qingdaohf.com\/bg\/#organization","name":"Qingdao H&F","url":"https:\/\/qingdaohf.com\/bg\/","logo":{"@type":"ImageObject","inLanguage":"tr","@id":"https:\/\/qingdaohf.com\/bg\/#\/schema\/logo\/image\/","url":"https:\/\/qingdaohf.com\/wp-content\/uploads\/2022\/12\/cropped-HF-LOGO.png","contentUrl":"https:\/\/qingdaohf.com\/wp-content\/uploads\/2022\/12\/cropped-HF-LOGO.png","width":391,"height":249,"caption":"Qingdao H&F"},"image":{"@id":"https:\/\/qingdaohf.com\/bg\/#\/schema\/logo\/image\/"},"sameAs":["https:\/\/www.facebook.com\/qingdaohf"]}]}},"_links":{"self":[{"href":"https:\/\/qingdaohf.com\/tr\/wp-json\/wp\/v2\/product\/2316","targetHints":{"allow":["GET"]}}],"collection":[{"href":"https:\/\/qingdaohf.com\/tr\/wp-json\/wp\/v2\/product"}],"about":[{"href":"https:\/\/qingdaohf.com\/tr\/wp-json\/wp\/v2\/types\/product"}],"replies":[{"embeddable":true,"href":"https:\/\/qingdaohf.com\/tr\/wp-json\/wp\/v2\/comments?post=2316"}],"version-history":[{"count":5,"href":"https:\/\/qingdaohf.com\/tr\/wp-json\/wp\/v2\/product\/2316\/revisions"}],"predecessor-version":[{"id":10255,"href":"https:\/\/qingdaohf.com\/tr\/wp-json\/wp\/v2\/product\/2316\/revisions\/10255"}],"wp:featuredmedia":[{"embeddable":true,"href":"https:\/\/qingdaohf.com\/tr\/wp-json\/wp\/v2\/media\/3188"}],"wp:attachment":[{"href":"https:\/\/qingdaohf.com\/tr\/wp-json\/wp\/v2\/media?parent=2316"}],"wp:term":[{"taxonomy":"product_brand","embeddable":true,"href":"https:\/\/qingdaohf.com\/tr\/wp-json\/wp\/v2\/product_brand?post=2316"},{"taxonomy":"product_cat","embeddable":true,"href":"https:\/\/qingdaohf.com\/tr\/wp-json\/wp\/v2\/product_cat?post=2316"},{"taxonomy":"product_tag","embeddable":true,"href":"https:\/\/qingdaohf.com\/tr\/wp-json\/wp\/v2\/product_tag?post=2316"}],"curies":[{"name":"wp","href":"https:\/\/api.w.org\/{rel}","templated":true}]}}