{"id":2323,"date":"2023-02-22T11:16:13","date_gmt":"2023-02-22T03:16:13","guid":{"rendered":"http:\/\/qingdaohf.com\/?post_type=product&#038;p=2323"},"modified":"2025-11-13T09:06:15","modified_gmt":"2025-11-13T01:06:15","slug":"cast-in-channels","status":"publish","type":"product","link":"https:\/\/qingdaohf.com\/tr\/urun\/kanallarda-dokum\/","title":{"rendered":"D\u00f6kme Kanallar"},"content":{"rendered":"<p>D\u00f6kme kanallar tipik olarak \u00e7elik veya al\u00fcminyumdan yap\u0131l\u0131r ve farkl\u0131 in\u015faat ihtiya\u00e7lar\u0131n\u0131 kar\u015f\u0131lamak i\u00e7in \u00e7e\u015fitli boyutlarda ve \u015fekillerde gelir. Cephe panellerinin tutturulmas\u0131, korkuluklar\u0131n tak\u0131lmas\u0131 veya ekipman\u0131n beton bir y\u00fczeye sabitlenmesi gibi \u00e7e\u015fitli uygulamalar i\u00e7in kullan\u0131labilirler.<\/p>\n<p>D\u00f6kme kanallar\u0131 kullanman\u0131n faydalar\u0131ndan biri, beton y\u00fczeyle ayn\u0131 hizada olan g\u00fcvenli ve g\u00fcvenilir bir ankraj noktas\u0131 sa\u011flayarak sonradan ek delme veya kesme ihtiyac\u0131n\u0131 ortadan kald\u0131rmas\u0131d\u0131r. Ayr\u0131ca beton d\u00f6kme i\u015flemi s\u0131ras\u0131nda herhangi bir noktaya monte edilebildikleri i\u00e7in beton yap\u0131lar\u0131n tasar\u0131m\u0131 ve in\u015fas\u0131nda daha fazla esneklik sa\u011flarlar.<\/p>\n<p><img fetchpriority=\"high\" decoding=\"async\" class=\"alignnone wp-image-3138 size-large\" src=\"http:\/\/qingdaohf.com\/wp-content\/uploads\/2023\/02\/26-2-1024x628.jpg\" alt=\"sekmesi \" width=\"1024\" height=\"628\" srcset=\"https:\/\/qingdaohf.com\/wp-content\/uploads\/2023\/02\/26-2-1024x628.jpg 1024w, https:\/\/qingdaohf.com\/wp-content\/uploads\/2023\/02\/26-2-300x184.jpg 300w, https:\/\/qingdaohf.com\/wp-content\/uploads\/2023\/02\/26-2-768x471.jpg 768w, https:\/\/qingdaohf.com\/wp-content\/uploads\/2023\/02\/26-2-1000x613.jpg 1000w, https:\/\/qingdaohf.com\/wp-content\/uploads\/2023\/02\/26-2.jpg 1200w\" sizes=\"(max-width: 1024px) 100vw, 1024px\" \/><img decoding=\"async\" class=\"alignnone size-full wp-image-3129\" src=\"http:\/\/qingdaohf.com\/wp-content\/uploads\/2023\/02\/CAST-IN-CHANNELS-5.jpg\" alt=\"\" width=\"800\" height=\"800\" srcset=\"https:\/\/qingdaohf.com\/wp-content\/uploads\/2023\/02\/CAST-IN-CHANNELS-5.jpg 800w, https:\/\/qingdaohf.com\/wp-content\/uploads\/2023\/02\/CAST-IN-CHANNELS-5-300x300.jpg 300w, https:\/\/qingdaohf.com\/wp-content\/uploads\/2023\/02\/CAST-IN-CHANNELS-5-150x150.jpg 150w, https:\/\/qingdaohf.com\/wp-content\/uploads\/2023\/02\/CAST-IN-CHANNELS-5-768x768.jpg 768w, https:\/\/qingdaohf.com\/wp-content\/uploads\/2023\/02\/CAST-IN-CHANNELS-5-500x500.jpg 500w, https:\/\/qingdaohf.com\/wp-content\/uploads\/2023\/02\/CAST-IN-CHANNELS-5-100x100.jpg 100w\" sizes=\"(max-width: 800px) 100vw, 800px\" \/> <img decoding=\"async\" class=\"alignnone size-full wp-image-3130\" src=\"http:\/\/qingdaohf.com\/wp-content\/uploads\/2023\/02\/CAST-IN-CHANNELS-6.jpg\" alt=\"\" width=\"800\" height=\"800\" srcset=\"https:\/\/qingdaohf.com\/wp-content\/uploads\/2023\/02\/CAST-IN-CHANNELS-6.jpg 800w, https:\/\/qingdaohf.com\/wp-content\/uploads\/2023\/02\/CAST-IN-CHANNELS-6-300x300.jpg 300w, https:\/\/qingdaohf.com\/wp-content\/uploads\/2023\/02\/CAST-IN-CHANNELS-6-150x150.jpg 150w, https:\/\/qingdaohf.com\/wp-content\/uploads\/2023\/02\/CAST-IN-CHANNELS-6-768x768.jpg 768w, https:\/\/qingdaohf.com\/wp-content\/uploads\/2023\/02\/CAST-IN-CHANNELS-6-500x500.jpg 500w, https:\/\/qingdaohf.com\/wp-content\/uploads\/2023\/02\/CAST-IN-CHANNELS-6-100x100.jpg 100w\" sizes=\"(max-width: 800px) 100vw, 800px\" \/> <img loading=\"lazy\" decoding=\"async\" class=\"alignnone size-full wp-image-3131\" src=\"http:\/\/qingdaohf.com\/wp-content\/uploads\/2023\/02\/CAST-IN-CHANNELS-7.jpg\" alt=\"\" width=\"800\" height=\"800\" srcset=\"https:\/\/qingdaohf.com\/wp-content\/uploads\/2023\/02\/CAST-IN-CHANNELS-7.jpg 800w, https:\/\/qingdaohf.com\/wp-content\/uploads\/2023\/02\/CAST-IN-CHANNELS-7-300x300.jpg 300w, https:\/\/qingdaohf.com\/wp-content\/uploads\/2023\/02\/CAST-IN-CHANNELS-7-150x150.jpg 150w, https:\/\/qingdaohf.com\/wp-content\/uploads\/2023\/02\/CAST-IN-CHANNELS-7-768x768.jpg 768w, https:\/\/qingdaohf.com\/wp-content\/uploads\/2023\/02\/CAST-IN-CHANNELS-7-500x500.jpg 500w, https:\/\/qingdaohf.com\/wp-content\/uploads\/2023\/02\/CAST-IN-CHANNELS-7-100x100.jpg 100w\" sizes=\"(max-width: 800px) 100vw, 800px\" \/><\/p>","protected":false},"excerpt":{"rendered":"<p>D\u00f6kme kanallar, beton \u015fekillendirmede kullan\u0131lan ve in\u015faat s\u0131ras\u0131nda do\u011frudan beton yap\u0131ya yerle\u015ftirilen bir t\u00fcr ankraj sistemidir. Beton d\u00f6k\u00fclmeden \u00f6nce bir kal\u0131ba yerle\u015ftirilen kanal \u015feklindeki metal bir par\u00e7adan olu\u015furlar ve beton sertle\u015ftikten sonra armat\u00fcrlerin, ba\u011flant\u0131 elemanlar\u0131n\u0131n ve di\u011fer ek par\u00e7alar\u0131n kolayca monte edilmesini sa\u011flarlar.<\/p>","protected":false},"featured_media":3125,"comment_status":"open","ping_status":"closed","template":"","meta":{"site-sidebar-layout":"default","site-content-layout":"default","ast-site-content-layout":"","site-content-style":"default","site-sidebar-style":"default","ast-global-header-display":"","ast-banner-title-visibility":"","ast-main-header-display":"","ast-hfb-above-header-display":"","ast-hfb-below-header-display":"","ast-hfb-mobile-header-display":"","site-post-title":"","ast-breadcrumbs-content":"","ast-featured-img":"","footer-sml-layout":"","theme-transparent-header-meta":"default","adv-header-id-meta":"","stick-header-meta":"default","header-above-stick-meta":"","header-main-stick-meta":"","header-below-stick-meta":"","astra-migrate-meta-layouts":"default","ast-page-background-enabled":"default","ast-page-background-meta":{"desktop":{"background-color":"","background-image":"","background-repeat":"repeat","background-position":"center center","background-size":"auto","background-attachment":"scroll","background-type":"","background-media":"","overlay-type":"","overlay-color":"","overlay-opacity":"","overlay-gradient":""},"tablet":{"background-color":"","background-image":"","background-repeat":"repeat","background-position":"center center","background-size":"auto","background-attachment":"scroll","background-type":"","background-media":"","overlay-type":"","overlay-color":"","overlay-opacity":"","overlay-gradient":""},"mobile":{"background-color":"","background-image":"","background-repeat":"repeat","background-position":"center center","background-size":"auto","background-attachment":"scroll","background-type":"","background-media":"","overlay-type":"","overlay-color":"","overlay-opacity":"","overlay-gradient":""}},"ast-content-background-meta":{"desktop":{"background-color":"var(--ast-global-color-5)","background-image":"","background-repeat":"repeat","background-position":"center center","background-size":"auto","background-attachment":"scroll","background-type":"","background-media":"","overlay-type":"","overlay-color":"","overlay-opacity":"","overlay-gradient":""},"tablet":{"background-color":"var(--ast-global-color-5)","background-image":"","background-repeat":"repeat","background-position":"center center","background-size":"auto","background-attachment":"scroll","background-type":"","background-media":"","overlay-type":"","overlay-color":"","overlay-opacity":"","overlay-gradient":""},"mobile":{"background-color":"var(--ast-global-color-5)","background-image":"","background-repeat":"repeat","background-position":"center center","background-size":"auto","background-attachment":"scroll","background-type":"","background-media":"","overlay-type":"","overlay-color":"","overlay-opacity":"","overlay-gradient":""}}},"product_brand":[],"product_cat":[28],"product_tag":[],"class_list":{"0":"post-2323","1":"product","2":"type-product","3":"status-publish","4":"has-post-thumbnail","6":"product_cat-concrete-forming","7":"desktop-align-left","8":"tablet-align-left","9":"mobile-align-left","10":"ast-product-gallery-layout-horizontal-slider","11":"ast-product-tabs-layout-horizontal","13":"first","14":"instock","15":"shipping-taxable","16":"purchasable","17":"product-type-simple"},"yoast_head":"<!-- This site is optimized with the Yoast SEO plugin v25.2 - https:\/\/yoast.com\/wordpress\/plugins\/seo\/ -->\n<title>Cast-in Channels<\/title>\n<meta name=\"description\" content=\"Cast-in channels are a type of anchorage system used in concrete forming that are built directly into the concrete structure during construction.\" \/>\n<meta name=\"robots\" content=\"index, follow, max-snippet:-1, max-image-preview:large, max-video-preview:-1\" \/>\n<link rel=\"canonical\" href=\"https:\/\/qingdaohf.com\/tr\/urun\/kanallarda-dokum\/\" \/>\n<meta property=\"og:locale\" content=\"tr_TR\" \/>\n<meta property=\"og:type\" content=\"article\" \/>\n<meta property=\"og:title\" content=\"Cast-in Channels\" \/>\n<meta property=\"og:description\" content=\"Cast-in channels are a type of anchorage system used in concrete forming that are built directly into the concrete structure during construction.\" \/>\n<meta property=\"og:url\" content=\"https:\/\/qingdaohf.com\/tr\/urun\/kanallarda-dokum\/\" \/>\n<meta property=\"og:site_name\" content=\"Concrete Form &amp; Rigging Hardware Supplier\" \/>\n<meta property=\"article:publisher\" content=\"https:\/\/www.facebook.com\/qingdaohf\" \/>\n<meta property=\"article:modified_time\" content=\"2025-11-13T01:06:15+00:00\" \/>\n<meta property=\"og:image\" content=\"https:\/\/qingdaohf.com\/wp-content\/uploads\/2023\/02\/CAST-IN-CHANNELS-1.jpg\" \/>\n\t<meta property=\"og:image:width\" content=\"1000\" \/>\n\t<meta property=\"og:image:height\" content=\"1000\" \/>\n\t<meta property=\"og:image:type\" content=\"image\/jpeg\" \/>\n<meta name=\"twitter:card\" content=\"summary_large_image\" \/>\n<meta name=\"twitter:label1\" content=\"Tahmini okuma s\u00fcresi\" \/>\n\t<meta name=\"twitter:data1\" content=\"2 dakika\" \/>\n<script type=\"application\/ld+json\" class=\"yoast-schema-graph\">{\"@context\":\"https:\/\/schema.org\",\"@graph\":[{\"@type\":\"WebPage\",\"@id\":\"https:\/\/qingdaohf.com\/product\/cast-in-channels\/\",\"url\":\"https:\/\/qingdaohf.com\/product\/cast-in-channels\/\",\"name\":\"Cast-in Channels\",\"isPartOf\":{\"@id\":\"https:\/\/qingdaohf.com\/bg\/#website\"},\"primaryImageOfPage\":{\"@id\":\"https:\/\/qingdaohf.com\/product\/cast-in-channels\/#primaryimage\"},\"image\":{\"@id\":\"https:\/\/qingdaohf.com\/product\/cast-in-channels\/#primaryimage\"},\"thumbnailUrl\":\"https:\/\/qingdaohf.com\/wp-content\/uploads\/2023\/02\/CAST-IN-CHANNELS-1.jpg\",\"datePublished\":\"2023-02-22T03:16:13+00:00\",\"dateModified\":\"2025-11-13T01:06:15+00:00\",\"description\":\"Cast-in channels are a type of anchorage system used in concrete forming that are built directly into the concrete structure during construction.\",\"breadcrumb\":{\"@id\":\"https:\/\/qingdaohf.com\/product\/cast-in-channels\/#breadcrumb\"},\"inLanguage\":\"tr\",\"potentialAction\":[{\"@type\":\"ReadAction\",\"target\":[\"https:\/\/qingdaohf.com\/product\/cast-in-channels\/\"]}]},{\"@type\":\"ImageObject\",\"inLanguage\":\"tr\",\"@id\":\"https:\/\/qingdaohf.com\/product\/cast-in-channels\/#primaryimage\",\"url\":\"https:\/\/qingdaohf.com\/wp-content\/uploads\/2023\/02\/CAST-IN-CHANNELS-1.jpg\",\"contentUrl\":\"https:\/\/qingdaohf.com\/wp-content\/uploads\/2023\/02\/CAST-IN-CHANNELS-1.jpg\",\"width\":1000,\"height\":1000,\"caption\":\"CAST-IN CHANNELS\"},{\"@type\":\"BreadcrumbList\",\"@id\":\"https:\/\/qingdaohf.com\/product\/cast-in-channels\/#breadcrumb\",\"itemListElement\":[{\"@type\":\"ListItem\",\"position\":1,\"name\":\"Home\",\"item\":\"https:\/\/qingdaohf.com\/\"},{\"@type\":\"ListItem\",\"position\":2,\"name\":\"Concrete Forming Accessories and Rigging Hardware\",\"item\":\"https:\/\/qingdaohf.com\/bg\/?page_id=944\"},{\"@type\":\"ListItem\",\"position\":3,\"name\":\"Cast-in Channels\"}]},{\"@type\":\"WebSite\",\"@id\":\"https:\/\/qingdaohf.com\/bg\/#website\",\"url\":\"https:\/\/qingdaohf.com\/bg\/\",\"name\":\"Concrete Form & Rigging Hardware Supplier\",\"description\":\"\",\"publisher\":{\"@id\":\"https:\/\/qingdaohf.com\/bg\/#organization\"},\"potentialAction\":[{\"@type\":\"SearchAction\",\"target\":{\"@type\":\"EntryPoint\",\"urlTemplate\":\"https:\/\/qingdaohf.com\/bg\/?s={search_term_string}\"},\"query-input\":{\"@type\":\"PropertyValueSpecification\",\"valueRequired\":true,\"valueName\":\"search_term_string\"}}],\"inLanguage\":\"tr\"},{\"@type\":\"Organization\",\"@id\":\"https:\/\/qingdaohf.com\/bg\/#organization\",\"name\":\"Qingdao H&F\",\"url\":\"https:\/\/qingdaohf.com\/bg\/\",\"logo\":{\"@type\":\"ImageObject\",\"inLanguage\":\"tr\",\"@id\":\"https:\/\/qingdaohf.com\/bg\/#\/schema\/logo\/image\/\",\"url\":\"https:\/\/qingdaohf.com\/wp-content\/uploads\/2022\/12\/cropped-HF-LOGO.png\",\"contentUrl\":\"https:\/\/qingdaohf.com\/wp-content\/uploads\/2022\/12\/cropped-HF-LOGO.png\",\"width\":391,\"height\":249,\"caption\":\"Qingdao H&F\"},\"image\":{\"@id\":\"https:\/\/qingdaohf.com\/bg\/#\/schema\/logo\/image\/\"},\"sameAs\":[\"https:\/\/www.facebook.com\/qingdaohf\"]}]}<\/script>\n<!-- \/ Yoast SEO plugin. -->","yoast_head_json":{"title":"Cast-in Channels","description":"Cast-in channels are a type of anchorage system used in concrete forming that are built directly into the concrete structure during construction.","robots":{"index":"index","follow":"follow","max-snippet":"max-snippet:-1","max-image-preview":"max-image-preview:large","max-video-preview":"max-video-preview:-1"},"canonical":"https:\/\/qingdaohf.com\/tr\/urun\/kanallarda-dokum\/","og_locale":"tr_TR","og_type":"article","og_title":"Cast-in Channels","og_description":"Cast-in channels are a type of anchorage system used in concrete forming that are built directly into the concrete structure during construction.","og_url":"https:\/\/qingdaohf.com\/tr\/urun\/kanallarda-dokum\/","og_site_name":"Concrete Form &amp; Rigging Hardware Supplier","article_publisher":"https:\/\/www.facebook.com\/qingdaohf","article_modified_time":"2025-11-13T01:06:15+00:00","og_image":[{"width":1000,"height":1000,"url":"https:\/\/qingdaohf.com\/wp-content\/uploads\/2023\/02\/CAST-IN-CHANNELS-1.jpg","type":"image\/jpeg"}],"twitter_card":"summary_large_image","twitter_misc":{"Tahmini okuma s\u00fcresi":"2 dakika"},"schema":{"@context":"https:\/\/schema.org","@graph":[{"@type":"WebPage","@id":"https:\/\/qingdaohf.com\/product\/cast-in-channels\/","url":"https:\/\/qingdaohf.com\/product\/cast-in-channels\/","name":"Cast-in Channels","isPartOf":{"@id":"https:\/\/qingdaohf.com\/bg\/#website"},"primaryImageOfPage":{"@id":"https:\/\/qingdaohf.com\/product\/cast-in-channels\/#primaryimage"},"image":{"@id":"https:\/\/qingdaohf.com\/product\/cast-in-channels\/#primaryimage"},"thumbnailUrl":"https:\/\/qingdaohf.com\/wp-content\/uploads\/2023\/02\/CAST-IN-CHANNELS-1.jpg","datePublished":"2023-02-22T03:16:13+00:00","dateModified":"2025-11-13T01:06:15+00:00","description":"Cast-in channels are a type of anchorage system used in concrete forming that are built directly into the concrete structure during construction.","breadcrumb":{"@id":"https:\/\/qingdaohf.com\/product\/cast-in-channels\/#breadcrumb"},"inLanguage":"tr","potentialAction":[{"@type":"ReadAction","target":["https:\/\/qingdaohf.com\/product\/cast-in-channels\/"]}]},{"@type":"ImageObject","inLanguage":"tr","@id":"https:\/\/qingdaohf.com\/product\/cast-in-channels\/#primaryimage","url":"https:\/\/qingdaohf.com\/wp-content\/uploads\/2023\/02\/CAST-IN-CHANNELS-1.jpg","contentUrl":"https:\/\/qingdaohf.com\/wp-content\/uploads\/2023\/02\/CAST-IN-CHANNELS-1.jpg","width":1000,"height":1000,"caption":"CAST-IN CHANNELS"},{"@type":"BreadcrumbList","@id":"https:\/\/qingdaohf.com\/product\/cast-in-channels\/#breadcrumb","itemListElement":[{"@type":"ListItem","position":1,"name":"Home","item":"https:\/\/qingdaohf.com\/"},{"@type":"ListItem","position":2,"name":"Concrete Forming Accessories and Rigging Hardware","item":"https:\/\/qingdaohf.com\/bg\/?page_id=944"},{"@type":"ListItem","position":3,"name":"Cast-in Channels"}]},{"@type":"WebSite","@id":"https:\/\/qingdaohf.com\/bg\/#website","url":"https:\/\/qingdaohf.com\/bg\/","name":"Concrete Form & Rigging Hardware Supplier","description":"","publisher":{"@id":"https:\/\/qingdaohf.com\/bg\/#organization"},"potentialAction":[{"@type":"SearchAction","target":{"@type":"EntryPoint","urlTemplate":"https:\/\/qingdaohf.com\/bg\/?s={search_term_string}"},"query-input":{"@type":"PropertyValueSpecification","valueRequired":true,"valueName":"search_term_string"}}],"inLanguage":"tr"},{"@type":"Organization","@id":"https:\/\/qingdaohf.com\/bg\/#organization","name":"Qingdao H&F","url":"https:\/\/qingdaohf.com\/bg\/","logo":{"@type":"ImageObject","inLanguage":"tr","@id":"https:\/\/qingdaohf.com\/bg\/#\/schema\/logo\/image\/","url":"https:\/\/qingdaohf.com\/wp-content\/uploads\/2022\/12\/cropped-HF-LOGO.png","contentUrl":"https:\/\/qingdaohf.com\/wp-content\/uploads\/2022\/12\/cropped-HF-LOGO.png","width":391,"height":249,"caption":"Qingdao H&F"},"image":{"@id":"https:\/\/qingdaohf.com\/bg\/#\/schema\/logo\/image\/"},"sameAs":["https:\/\/www.facebook.com\/qingdaohf"]}]}},"_links":{"self":[{"href":"https:\/\/qingdaohf.com\/tr\/wp-json\/wp\/v2\/product\/2323","targetHints":{"allow":["GET"]}}],"collection":[{"href":"https:\/\/qingdaohf.com\/tr\/wp-json\/wp\/v2\/product"}],"about":[{"href":"https:\/\/qingdaohf.com\/tr\/wp-json\/wp\/v2\/types\/product"}],"replies":[{"embeddable":true,"href":"https:\/\/qingdaohf.com\/tr\/wp-json\/wp\/v2\/comments?post=2323"}],"version-history":[{"count":2,"href":"https:\/\/qingdaohf.com\/tr\/wp-json\/wp\/v2\/product\/2323\/revisions"}],"predecessor-version":[{"id":10453,"href":"https:\/\/qingdaohf.com\/tr\/wp-json\/wp\/v2\/product\/2323\/revisions\/10453"}],"wp:featuredmedia":[{"embeddable":true,"href":"https:\/\/qingdaohf.com\/tr\/wp-json\/wp\/v2\/media\/3125"}],"wp:attachment":[{"href":"https:\/\/qingdaohf.com\/tr\/wp-json\/wp\/v2\/media?parent=2323"}],"wp:term":[{"taxonomy":"product_brand","embeddable":true,"href":"https:\/\/qingdaohf.com\/tr\/wp-json\/wp\/v2\/product_brand?post=2323"},{"taxonomy":"product_cat","embeddable":true,"href":"https:\/\/qingdaohf.com\/tr\/wp-json\/wp\/v2\/product_cat?post=2323"},{"taxonomy":"product_tag","embeddable":true,"href":"https:\/\/qingdaohf.com\/tr\/wp-json\/wp\/v2\/product_tag?post=2323"}],"curies":[{"name":"wp","href":"https:\/\/api.w.org\/{rel}","templated":true}]}}