{"id":2327,"date":"2023-02-23T11:03:22","date_gmt":"2023-02-23T03:03:22","guid":{"rendered":"http:\/\/qingdaohf.com\/?post_type=product&#038;p=2327"},"modified":"2025-11-13T09:06:15","modified_gmt":"2025-11-13T01:06:15","slug":"thread-insert","status":"publish","type":"product","link":"https:\/\/qingdaohf.com\/tr\/urun\/iplik-ekleme\/","title":{"rendered":"\u0130plik Onar\u0131m Ek Par\u00e7as\u0131"},"content":{"rendered":"<p>Di\u015f onar\u0131m kesici u\u00e7lar\u0131 genellikle di\u015fli kesici u\u00e7lar veya helicoil kesici u\u00e7lar olarak da bilinir. Metal, plastik veya ah\u015fap gibi \u00e7e\u015fitli malzemelerdeki hasarl\u0131 di\u015fleri onarmak veya g\u00fc\u00e7lendirmek i\u00e7in kullan\u0131lan silindirik metal bile\u015fenlerdir.<\/p>\n<p>Di\u015f onar\u0131m kesici ucu, i\u00e7ten ve d\u0131\u015ftan di\u015fli sarmal bir bobinden olu\u015fur. Tipik olarak paslanmaz \u00e7elik, pirin\u00e7 veya di\u011fer dayan\u0131kl\u0131 malzemelerden yap\u0131l\u0131r. Ek par\u00e7an\u0131n d\u0131\u015f di\u015fleri, ana malzemedeki hasarl\u0131 veya s\u0131yr\u0131lm\u0131\u015f di\u015flerin boyutu ve hatvesi ile e\u015fle\u015fir. Ek par\u00e7an\u0131n i\u00e7 di\u015fleri, onar\u0131lan delikte kullan\u0131lacak ba\u011flant\u0131 eleman\u0131n\u0131 kabul edecek \u015fekilde tasarlanm\u0131\u015ft\u0131r.<\/p>\n<p>Di\u015f onar\u0131m ekleri, orijinal di\u015fler s\u0131yr\u0131ld\u0131\u011f\u0131nda, a\u015f\u0131nd\u0131\u011f\u0131nda veya ba\u015fka bir \u015fekilde hasar g\u00f6rd\u00fc\u011f\u00fcnde kullan\u0131l\u0131r, bu da bir c\u0131vata veya viday\u0131 malzemeye ge\u00e7irmeyi imkans\u0131z hale getirir. Bir di\u015f onar\u0131m ek par\u00e7as\u0131n\u0131n tak\u0131lmas\u0131, di\u015fli deli\u011fin g\u00fcc\u00fcn\u00fc ve b\u00fct\u00fcnl\u00fc\u011f\u00fcn\u00fc geri kazand\u0131rmak i\u00e7in etkili bir \u00e7\u00f6z\u00fcmd\u00fcr. Ek par\u00e7a, ba\u011flant\u0131 eleman\u0131n\u0131n kavramas\u0131 i\u00e7in yeni, dayan\u0131kl\u0131 ve g\u00fcvenilir bir di\u015fli y\u00fczey sa\u011flayarak g\u00fcvenli ve uzun \u00f6m\u00fcrl\u00fc bir ba\u011flant\u0131 sa\u011flar.<\/p>\n<p><img fetchpriority=\"high\" decoding=\"async\" class=\"alignnone size-full wp-image-3229\" src=\"http:\/\/qingdaohf.com\/wp-content\/uploads\/2023\/02\/27-1.jpg\" alt=\"\u0130plik Onar\u0131m Ek Par\u00e7as\u0131\" width=\"1200\" height=\"520\" srcset=\"https:\/\/qingdaohf.com\/wp-content\/uploads\/2023\/02\/27-1.jpg 1200w, https:\/\/qingdaohf.com\/wp-content\/uploads\/2023\/02\/27-1-300x130.jpg 300w, https:\/\/qingdaohf.com\/wp-content\/uploads\/2023\/02\/27-1-1024x444.jpg 1024w, https:\/\/qingdaohf.com\/wp-content\/uploads\/2023\/02\/27-1-768x333.jpg 768w, https:\/\/qingdaohf.com\/wp-content\/uploads\/2023\/02\/27-1-1000x433.jpg 1000w\" sizes=\"(max-width: 1200px) 100vw, 1200px\" \/><\/p>\n<p>&nbsp;<\/p>","protected":false},"excerpt":{"rendered":"<p>Di\u015f onar\u0131m kesici u\u00e7lar\u0131 genellikle di\u015fli kesici u\u00e7lar veya helicoil kesici u\u00e7lar olarak da bilinir. Metal, plastik veya ah\u015fap gibi \u00e7e\u015fitli malzemelerdeki hasarl\u0131 di\u015fleri onarmak veya g\u00fc\u00e7lendirmek i\u00e7in kullan\u0131lan silindirik metal bile\u015fenlerdir.<\/p>","protected":false},"featured_media":3225,"comment_status":"open","ping_status":"closed","template":"","meta":{"site-sidebar-layout":"default","site-content-layout":"default","ast-site-content-layout":"","site-content-style":"default","site-sidebar-style":"default","ast-global-header-display":"","ast-banner-title-visibility":"","ast-main-header-display":"","ast-hfb-above-header-display":"","ast-hfb-below-header-display":"","ast-hfb-mobile-header-display":"","site-post-title":"","ast-breadcrumbs-content":"","ast-featured-img":"","footer-sml-layout":"","theme-transparent-header-meta":"default","adv-header-id-meta":"","stick-header-meta":"default","header-above-stick-meta":"","header-main-stick-meta":"","header-below-stick-meta":"","astra-migrate-meta-layouts":"default","ast-page-background-enabled":"default","ast-page-background-meta":{"desktop":{"background-color":"","background-image":"","background-repeat":"repeat","background-position":"center center","background-size":"auto","background-attachment":"scroll","background-type":"","background-media":"","overlay-type":"","overlay-color":"","overlay-opacity":"","overlay-gradient":""},"tablet":{"background-color":"","background-image":"","background-repeat":"repeat","background-position":"center center","background-size":"auto","background-attachment":"scroll","background-type":"","background-media":"","overlay-type":"","overlay-color":"","overlay-opacity":"","overlay-gradient":""},"mobile":{"background-color":"","background-image":"","background-repeat":"repeat","background-position":"center center","background-size":"auto","background-attachment":"scroll","background-type":"","background-media":"","overlay-type":"","overlay-color":"","overlay-opacity":"","overlay-gradient":""}},"ast-content-background-meta":{"desktop":{"background-color":"var(--ast-global-color-5)","background-image":"","background-repeat":"repeat","background-position":"center center","background-size":"auto","background-attachment":"scroll","background-type":"","background-media":"","overlay-type":"","overlay-color":"","overlay-opacity":"","overlay-gradient":""},"tablet":{"background-color":"var(--ast-global-color-5)","background-image":"","background-repeat":"repeat","background-position":"center center","background-size":"auto","background-attachment":"scroll","background-type":"","background-media":"","overlay-type":"","overlay-color":"","overlay-opacity":"","overlay-gradient":""},"mobile":{"background-color":"var(--ast-global-color-5)","background-image":"","background-repeat":"repeat","background-position":"center center","background-size":"auto","background-attachment":"scroll","background-type":"","background-media":"","overlay-type":"","overlay-color":"","overlay-opacity":"","overlay-gradient":""}}},"product_brand":[],"product_cat":[31],"product_tag":[],"class_list":{"0":"post-2327","1":"product","2":"type-product","3":"status-publish","4":"has-post-thumbnail","6":"product_cat-fasteners","7":"desktop-align-left","8":"tablet-align-left","9":"mobile-align-left","10":"ast-product-gallery-layout-horizontal-slider","11":"ast-product-tabs-layout-horizontal","13":"first","14":"instock","15":"shipping-taxable","16":"purchasable","17":"product-type-simple"},"yoast_head":"<!-- This site is optimized with the Yoast SEO plugin v25.2 - https:\/\/yoast.com\/wordpress\/plugins\/seo\/ -->\n<title>Thread Repair Insert<\/title>\n<meta name=\"description\" content=\"Thread repair inserts are also commonly known as threaded inserts or helicoil inserts.\" \/>\n<meta name=\"robots\" content=\"index, follow, max-snippet:-1, max-image-preview:large, max-video-preview:-1\" \/>\n<link rel=\"canonical\" href=\"https:\/\/qingdaohf.com\/tr\/urun\/iplik-ekleme\/\" \/>\n<meta property=\"og:locale\" content=\"tr_TR\" \/>\n<meta property=\"og:type\" content=\"article\" \/>\n<meta property=\"og:title\" content=\"Thread Repair Insert\" \/>\n<meta property=\"og:description\" content=\"Thread repair inserts are also commonly known as threaded inserts or helicoil inserts.\" \/>\n<meta property=\"og:url\" content=\"https:\/\/qingdaohf.com\/tr\/urun\/iplik-ekleme\/\" \/>\n<meta property=\"og:site_name\" content=\"Concrete Form &amp; Rigging Hardware Supplier\" \/>\n<meta property=\"article:publisher\" content=\"https:\/\/www.facebook.com\/qingdaohf\" \/>\n<meta property=\"article:modified_time\" content=\"2025-11-13T01:06:15+00:00\" \/>\n<meta property=\"og:image\" content=\"https:\/\/qingdaohf.com\/wp-content\/uploads\/2023\/02\/thread-insert-1.jpg\" \/>\n\t<meta property=\"og:image:width\" content=\"1000\" \/>\n\t<meta property=\"og:image:height\" content=\"1000\" \/>\n\t<meta property=\"og:image:type\" content=\"image\/jpeg\" \/>\n<meta name=\"twitter:card\" content=\"summary_large_image\" \/>\n<meta name=\"twitter:label1\" content=\"Tahmini okuma s\u00fcresi\" \/>\n\t<meta name=\"twitter:data1\" content=\"1 dakika\" \/>\n<script type=\"application\/ld+json\" class=\"yoast-schema-graph\">{\"@context\":\"https:\/\/schema.org\",\"@graph\":[{\"@type\":\"WebPage\",\"@id\":\"https:\/\/qingdaohf.com\/product\/thread-insert\/\",\"url\":\"https:\/\/qingdaohf.com\/product\/thread-insert\/\",\"name\":\"Thread Repair Insert\",\"isPartOf\":{\"@id\":\"https:\/\/qingdaohf.com\/bg\/#website\"},\"primaryImageOfPage\":{\"@id\":\"https:\/\/qingdaohf.com\/product\/thread-insert\/#primaryimage\"},\"image\":{\"@id\":\"https:\/\/qingdaohf.com\/product\/thread-insert\/#primaryimage\"},\"thumbnailUrl\":\"https:\/\/qingdaohf.com\/wp-content\/uploads\/2023\/02\/thread-insert-1.jpg\",\"datePublished\":\"2023-02-23T03:03:22+00:00\",\"dateModified\":\"2025-11-13T01:06:15+00:00\",\"description\":\"Thread repair inserts are also commonly known as threaded inserts or helicoil inserts.\",\"breadcrumb\":{\"@id\":\"https:\/\/qingdaohf.com\/product\/thread-insert\/#breadcrumb\"},\"inLanguage\":\"tr\",\"potentialAction\":[{\"@type\":\"ReadAction\",\"target\":[\"https:\/\/qingdaohf.com\/product\/thread-insert\/\"]}]},{\"@type\":\"ImageObject\",\"inLanguage\":\"tr\",\"@id\":\"https:\/\/qingdaohf.com\/product\/thread-insert\/#primaryimage\",\"url\":\"https:\/\/qingdaohf.com\/wp-content\/uploads\/2023\/02\/thread-insert-1.jpg\",\"contentUrl\":\"https:\/\/qingdaohf.com\/wp-content\/uploads\/2023\/02\/thread-insert-1.jpg\",\"width\":1000,\"height\":1000,\"caption\":\"Thread Repair Insert\"},{\"@type\":\"BreadcrumbList\",\"@id\":\"https:\/\/qingdaohf.com\/product\/thread-insert\/#breadcrumb\",\"itemListElement\":[{\"@type\":\"ListItem\",\"position\":1,\"name\":\"Home\",\"item\":\"https:\/\/qingdaohf.com\/\"},{\"@type\":\"ListItem\",\"position\":2,\"name\":\"Concrete Forming Accessories and Rigging Hardware\",\"item\":\"https:\/\/qingdaohf.com\/bg\/?page_id=944\"},{\"@type\":\"ListItem\",\"position\":3,\"name\":\"Thread Repair Insert\"}]},{\"@type\":\"WebSite\",\"@id\":\"https:\/\/qingdaohf.com\/bg\/#website\",\"url\":\"https:\/\/qingdaohf.com\/bg\/\",\"name\":\"Concrete Form & Rigging Hardware Supplier\",\"description\":\"\",\"publisher\":{\"@id\":\"https:\/\/qingdaohf.com\/bg\/#organization\"},\"potentialAction\":[{\"@type\":\"SearchAction\",\"target\":{\"@type\":\"EntryPoint\",\"urlTemplate\":\"https:\/\/qingdaohf.com\/bg\/?s={search_term_string}\"},\"query-input\":{\"@type\":\"PropertyValueSpecification\",\"valueRequired\":true,\"valueName\":\"search_term_string\"}}],\"inLanguage\":\"tr\"},{\"@type\":\"Organization\",\"@id\":\"https:\/\/qingdaohf.com\/bg\/#organization\",\"name\":\"Qingdao H&F\",\"url\":\"https:\/\/qingdaohf.com\/bg\/\",\"logo\":{\"@type\":\"ImageObject\",\"inLanguage\":\"tr\",\"@id\":\"https:\/\/qingdaohf.com\/bg\/#\/schema\/logo\/image\/\",\"url\":\"https:\/\/qingdaohf.com\/wp-content\/uploads\/2022\/12\/cropped-HF-LOGO.png\",\"contentUrl\":\"https:\/\/qingdaohf.com\/wp-content\/uploads\/2022\/12\/cropped-HF-LOGO.png\",\"width\":391,\"height\":249,\"caption\":\"Qingdao H&F\"},\"image\":{\"@id\":\"https:\/\/qingdaohf.com\/bg\/#\/schema\/logo\/image\/\"},\"sameAs\":[\"https:\/\/www.facebook.com\/qingdaohf\"]}]}<\/script>\n<!-- \/ Yoast SEO plugin. -->","yoast_head_json":{"title":"Thread Repair Insert","description":"Thread repair inserts are also commonly known as threaded inserts or helicoil inserts.","robots":{"index":"index","follow":"follow","max-snippet":"max-snippet:-1","max-image-preview":"max-image-preview:large","max-video-preview":"max-video-preview:-1"},"canonical":"https:\/\/qingdaohf.com\/tr\/urun\/iplik-ekleme\/","og_locale":"tr_TR","og_type":"article","og_title":"Thread Repair Insert","og_description":"Thread repair inserts are also commonly known as threaded inserts or helicoil inserts.","og_url":"https:\/\/qingdaohf.com\/tr\/urun\/iplik-ekleme\/","og_site_name":"Concrete Form &amp; Rigging Hardware Supplier","article_publisher":"https:\/\/www.facebook.com\/qingdaohf","article_modified_time":"2025-11-13T01:06:15+00:00","og_image":[{"width":1000,"height":1000,"url":"https:\/\/qingdaohf.com\/wp-content\/uploads\/2023\/02\/thread-insert-1.jpg","type":"image\/jpeg"}],"twitter_card":"summary_large_image","twitter_misc":{"Tahmini okuma s\u00fcresi":"1 dakika"},"schema":{"@context":"https:\/\/schema.org","@graph":[{"@type":"WebPage","@id":"https:\/\/qingdaohf.com\/product\/thread-insert\/","url":"https:\/\/qingdaohf.com\/product\/thread-insert\/","name":"Thread Repair Insert","isPartOf":{"@id":"https:\/\/qingdaohf.com\/bg\/#website"},"primaryImageOfPage":{"@id":"https:\/\/qingdaohf.com\/product\/thread-insert\/#primaryimage"},"image":{"@id":"https:\/\/qingdaohf.com\/product\/thread-insert\/#primaryimage"},"thumbnailUrl":"https:\/\/qingdaohf.com\/wp-content\/uploads\/2023\/02\/thread-insert-1.jpg","datePublished":"2023-02-23T03:03:22+00:00","dateModified":"2025-11-13T01:06:15+00:00","description":"Thread repair inserts are also commonly known as threaded inserts or helicoil inserts.","breadcrumb":{"@id":"https:\/\/qingdaohf.com\/product\/thread-insert\/#breadcrumb"},"inLanguage":"tr","potentialAction":[{"@type":"ReadAction","target":["https:\/\/qingdaohf.com\/product\/thread-insert\/"]}]},{"@type":"ImageObject","inLanguage":"tr","@id":"https:\/\/qingdaohf.com\/product\/thread-insert\/#primaryimage","url":"https:\/\/qingdaohf.com\/wp-content\/uploads\/2023\/02\/thread-insert-1.jpg","contentUrl":"https:\/\/qingdaohf.com\/wp-content\/uploads\/2023\/02\/thread-insert-1.jpg","width":1000,"height":1000,"caption":"Thread Repair Insert"},{"@type":"BreadcrumbList","@id":"https:\/\/qingdaohf.com\/product\/thread-insert\/#breadcrumb","itemListElement":[{"@type":"ListItem","position":1,"name":"Home","item":"https:\/\/qingdaohf.com\/"},{"@type":"ListItem","position":2,"name":"Concrete Forming Accessories and Rigging Hardware","item":"https:\/\/qingdaohf.com\/bg\/?page_id=944"},{"@type":"ListItem","position":3,"name":"Thread Repair Insert"}]},{"@type":"WebSite","@id":"https:\/\/qingdaohf.com\/bg\/#website","url":"https:\/\/qingdaohf.com\/bg\/","name":"Concrete Form & Rigging Hardware Supplier","description":"","publisher":{"@id":"https:\/\/qingdaohf.com\/bg\/#organization"},"potentialAction":[{"@type":"SearchAction","target":{"@type":"EntryPoint","urlTemplate":"https:\/\/qingdaohf.com\/bg\/?s={search_term_string}"},"query-input":{"@type":"PropertyValueSpecification","valueRequired":true,"valueName":"search_term_string"}}],"inLanguage":"tr"},{"@type":"Organization","@id":"https:\/\/qingdaohf.com\/bg\/#organization","name":"Qingdao H&F","url":"https:\/\/qingdaohf.com\/bg\/","logo":{"@type":"ImageObject","inLanguage":"tr","@id":"https:\/\/qingdaohf.com\/bg\/#\/schema\/logo\/image\/","url":"https:\/\/qingdaohf.com\/wp-content\/uploads\/2022\/12\/cropped-HF-LOGO.png","contentUrl":"https:\/\/qingdaohf.com\/wp-content\/uploads\/2022\/12\/cropped-HF-LOGO.png","width":391,"height":249,"caption":"Qingdao H&F"},"image":{"@id":"https:\/\/qingdaohf.com\/bg\/#\/schema\/logo\/image\/"},"sameAs":["https:\/\/www.facebook.com\/qingdaohf"]}]}},"_links":{"self":[{"href":"https:\/\/qingdaohf.com\/tr\/wp-json\/wp\/v2\/product\/2327","targetHints":{"allow":["GET"]}}],"collection":[{"href":"https:\/\/qingdaohf.com\/tr\/wp-json\/wp\/v2\/product"}],"about":[{"href":"https:\/\/qingdaohf.com\/tr\/wp-json\/wp\/v2\/types\/product"}],"replies":[{"embeddable":true,"href":"https:\/\/qingdaohf.com\/tr\/wp-json\/wp\/v2\/comments?post=2327"}],"version-history":[{"count":2,"href":"https:\/\/qingdaohf.com\/tr\/wp-json\/wp\/v2\/product\/2327\/revisions"}],"predecessor-version":[{"id":10452,"href":"https:\/\/qingdaohf.com\/tr\/wp-json\/wp\/v2\/product\/2327\/revisions\/10452"}],"wp:featuredmedia":[{"embeddable":true,"href":"https:\/\/qingdaohf.com\/tr\/wp-json\/wp\/v2\/media\/3225"}],"wp:attachment":[{"href":"https:\/\/qingdaohf.com\/tr\/wp-json\/wp\/v2\/media?parent=2327"}],"wp:term":[{"taxonomy":"product_brand","embeddable":true,"href":"https:\/\/qingdaohf.com\/tr\/wp-json\/wp\/v2\/product_brand?post=2327"},{"taxonomy":"product_cat","embeddable":true,"href":"https:\/\/qingdaohf.com\/tr\/wp-json\/wp\/v2\/product_cat?post=2327"},{"taxonomy":"product_tag","embeddable":true,"href":"https:\/\/qingdaohf.com\/tr\/wp-json\/wp\/v2\/product_tag?post=2327"}],"curies":[{"name":"wp","href":"https:\/\/api.w.org\/{rel}","templated":true}]}}