{"id":2400,"date":"2023-02-23T17:58:07","date_gmt":"2023-02-23T09:58:07","guid":{"rendered":"http:\/\/qingdaohf.com\/?post_type=product&#038;p=2400"},"modified":"2025-11-13T09:05:54","modified_gmt":"2025-11-13T01:05:54","slug":"coil-ties","status":"publish","type":"product","link":"https:\/\/qingdaohf.com\/tr\/urun\/bobin-baglari\/","title":{"rendered":"Kal\u0131p i\u00e7in Beton \u015eekillendirme 2\/4 Dikme Bobin Ba\u011flar\u0131"},"content":{"rendered":"<p>Bobin ba\u011flar\u0131, farkl\u0131 form y\u00fcksekliklerine ve kal\u0131nl\u0131klar\u0131na uyum sa\u011flamak i\u00e7in farkl\u0131 boyutlarda ve uzunluklarda gelir. Kurulumu ve \u00e7\u0131kar\u0131lmas\u0131 kolayd\u0131r, bu da onlar\u0131 formlar\u0131n\u0131 h\u0131zl\u0131 ve verimli bir \u015fekilde sabitlemesi gereken beton y\u00fcklenicileri i\u00e7in pop\u00fcler bir se\u00e7im haline getirir.<\/p>\n<p><img fetchpriority=\"high\" decoding=\"async\" class=\"alignnone size-full wp-image-4633\" src=\"http:\/\/qingdaohf.com\/wp-content\/uploads\/2023\/07\/coil-tie-install.jpg\" alt=\"bobin ba\u011f\u0131 kurulumu\" width=\"849\" height=\"710\" srcset=\"https:\/\/qingdaohf.com\/wp-content\/uploads\/2023\/07\/coil-tie-install.jpg 849w, https:\/\/qingdaohf.com\/wp-content\/uploads\/2023\/07\/coil-tie-install-300x251.jpg 300w, https:\/\/qingdaohf.com\/wp-content\/uploads\/2023\/07\/coil-tie-install-768x642.jpg 768w\" sizes=\"(max-width: 849px) 100vw, 849px\" \/><\/p>\n<p>Bobin ba\u011flar\u0131n\u0131 kullanmak i\u00e7in telin bir ucu formdaki k\u00fc\u00e7\u00fck bir deli\u011fe sokulur ve ard\u0131ndan tel, formun kar\u015f\u0131 taraf\u0131ndaki ba\u015fka bir deli\u011fe sokulmadan \u00f6nce formun etraf\u0131na birka\u00e7 kez sar\u0131l\u0131r. \u0130\u015flem, tamamen sabitlenene kadar formun uzunlu\u011fu boyunca d\u00fczenli aral\u0131klarla tekrarlan\u0131r.<\/p>\n<p>Bobin ba\u011flar\u0131 beton \u015fekillendirme i\u00e7in etkili ve ekonomik bir \u00e7\u00f6z\u00fcmd\u00fcr ve temel duvarlar\u0131, istinat duvarlar\u0131 ve k\u00f6pr\u00fc ayaklar\u0131 gibi uygulamalarda yayg\u0131n olarak kullan\u0131l\u0131r.<\/p>\n<p><img decoding=\"async\" class=\"alignnone size-full wp-image-3173\" src=\"http:\/\/qingdaohf.com\/wp-content\/uploads\/2023\/02\/Coil-Ties-12-1.jpg\" alt=\"Bobin Ba\u011flar\u0131 \" width=\"1200\" height=\"600\" srcset=\"https:\/\/qingdaohf.com\/wp-content\/uploads\/2023\/02\/Coil-Ties-12-1.jpg 1200w, https:\/\/qingdaohf.com\/wp-content\/uploads\/2023\/02\/Coil-Ties-12-1-300x150.jpg 300w, https:\/\/qingdaohf.com\/wp-content\/uploads\/2023\/02\/Coil-Ties-12-1-1024x512.jpg 1024w, https:\/\/qingdaohf.com\/wp-content\/uploads\/2023\/02\/Coil-Ties-12-1-768x384.jpg 768w, https:\/\/qingdaohf.com\/wp-content\/uploads\/2023\/02\/Coil-Ties-12-1-1000x500.jpg 1000w\" sizes=\"(max-width: 1200px) 100vw, 1200px\" \/><\/p>\n<p><img decoding=\"async\" class=\"alignnone size-full wp-image-3164\" src=\"http:\/\/qingdaohf.com\/wp-content\/uploads\/2023\/02\/Coil-Ties-10.jpg\" alt=\"Bobin Ba\u011flar\u0131 \" width=\"1200\" height=\"448\" srcset=\"https:\/\/qingdaohf.com\/wp-content\/uploads\/2023\/02\/Coil-Ties-10.jpg 1200w, https:\/\/qingdaohf.com\/wp-content\/uploads\/2023\/02\/Coil-Ties-10-300x112.jpg 300w, https:\/\/qingdaohf.com\/wp-content\/uploads\/2023\/02\/Coil-Ties-10-1024x382.jpg 1024w, https:\/\/qingdaohf.com\/wp-content\/uploads\/2023\/02\/Coil-Ties-10-768x287.jpg 768w, https:\/\/qingdaohf.com\/wp-content\/uploads\/2023\/02\/Coil-Ties-10-1000x373.jpg 1000w\" sizes=\"(max-width: 1200px) 100vw, 1200px\" \/> <img loading=\"lazy\" decoding=\"async\" class=\"alignnone size-full wp-image-3165\" src=\"http:\/\/qingdaohf.com\/wp-content\/uploads\/2023\/02\/Coil-Ties-11.jpg\" alt=\"Bobin Ba\u011flar\u0131 \" width=\"1200\" height=\"624\" srcset=\"https:\/\/qingdaohf.com\/wp-content\/uploads\/2023\/02\/Coil-Ties-11.jpg 1200w, https:\/\/qingdaohf.com\/wp-content\/uploads\/2023\/02\/Coil-Ties-11-300x156.jpg 300w, https:\/\/qingdaohf.com\/wp-content\/uploads\/2023\/02\/Coil-Ties-11-1024x532.jpg 1024w, https:\/\/qingdaohf.com\/wp-content\/uploads\/2023\/02\/Coil-Ties-11-768x399.jpg 768w, https:\/\/qingdaohf.com\/wp-content\/uploads\/2023\/02\/Coil-Ties-11-1000x520.jpg 1000w\" sizes=\"(max-width: 1200px) 100vw, 1200px\" \/> \u00a0 \u00a0\u00a0<img loading=\"lazy\" decoding=\"async\" class=\"alignnone size-full wp-image-3172\" src=\"http:\/\/qingdaohf.com\/wp-content\/uploads\/2023\/02\/Coil-Ties-9.jpg\" alt=\"\" width=\"800\" height=\"800\" srcset=\"https:\/\/qingdaohf.com\/wp-content\/uploads\/2023\/02\/Coil-Ties-9.jpg 800w, https:\/\/qingdaohf.com\/wp-content\/uploads\/2023\/02\/Coil-Ties-9-300x300.jpg 300w, https:\/\/qingdaohf.com\/wp-content\/uploads\/2023\/02\/Coil-Ties-9-150x150.jpg 150w, https:\/\/qingdaohf.com\/wp-content\/uploads\/2023\/02\/Coil-Ties-9-768x768.jpg 768w, https:\/\/qingdaohf.com\/wp-content\/uploads\/2023\/02\/Coil-Ties-9-500x500.jpg 500w, https:\/\/qingdaohf.com\/wp-content\/uploads\/2023\/02\/Coil-Ties-9-100x100.jpg 100w\" sizes=\"(max-width: 800px) 100vw, 800px\" \/><\/p>","protected":false},"excerpt":{"rendered":"<p>Bobin ba\u011flar\u0131, beton \u015fekillendirmede kal\u0131plar\u0131 birbirine sabitlemek ve d\u00f6kme ve priz alma s\u0131ras\u0131nda betonun d\u0131\u015far\u0131 s\u0131zmas\u0131n\u0131 \u00f6nlemek i\u00e7in kullan\u0131lan bir donan\u0131m t\u00fcr\u00fcd\u00fcr. Tipik olarak \u00e7elik telden yap\u0131l\u0131rlar ve formlar\u0131n etraf\u0131n\u0131 bobin benzeri bir \u015fekilde saracak \u015fekilde tasarlanm\u0131\u015flard\u0131r, dolay\u0131s\u0131yla ad\u0131 da buradan gelmektedir.<\/p>","protected":false},"featured_media":4704,"comment_status":"open","ping_status":"closed","template":"","meta":{"site-sidebar-layout":"default","site-content-layout":"default","ast-site-content-layout":"default","site-content-style":"default","site-sidebar-style":"default","ast-global-header-display":"","ast-banner-title-visibility":"","ast-main-header-display":"","ast-hfb-above-header-display":"","ast-hfb-below-header-display":"","ast-hfb-mobile-header-display":"","site-post-title":"","ast-breadcrumbs-content":"","ast-featured-img":"","footer-sml-layout":"","theme-transparent-header-meta":"default","adv-header-id-meta":"","stick-header-meta":"default","header-above-stick-meta":"","header-main-stick-meta":"","header-below-stick-meta":"","astra-migrate-meta-layouts":"set","ast-page-background-enabled":"default","ast-page-background-meta":{"desktop":{"background-color":"","background-image":"","background-repeat":"repeat","background-position":"center center","background-size":"auto","background-attachment":"scroll","background-type":"","background-media":"","overlay-type":"","overlay-color":"","overlay-opacity":"","overlay-gradient":""},"tablet":{"background-color":"","background-image":"","background-repeat":"repeat","background-position":"center center","background-size":"auto","background-attachment":"scroll","background-type":"","background-media":"","overlay-type":"","overlay-color":"","overlay-opacity":"","overlay-gradient":""},"mobile":{"background-color":"","background-image":"","background-repeat":"repeat","background-position":"center center","background-size":"auto","background-attachment":"scroll","background-type":"","background-media":"","overlay-type":"","overlay-color":"","overlay-opacity":"","overlay-gradient":""}},"ast-content-background-meta":{"desktop":{"background-color":"var(--ast-global-color-5)","background-image":"","background-repeat":"repeat","background-position":"center center","background-size":"auto","background-attachment":"scroll","background-type":"","background-media":"","overlay-type":"","overlay-color":"","overlay-opacity":"","overlay-gradient":""},"tablet":{"background-color":"var(--ast-global-color-5)","background-image":"","background-repeat":"repeat","background-position":"center center","background-size":"auto","background-attachment":"scroll","background-type":"","background-media":"","overlay-type":"","overlay-color":"","overlay-opacity":"","overlay-gradient":""},"mobile":{"background-color":"var(--ast-global-color-5)","background-image":"","background-repeat":"repeat","background-position":"center center","background-size":"auto","background-attachment":"scroll","background-type":"","background-media":"","overlay-type":"","overlay-color":"","overlay-opacity":"","overlay-gradient":""}}},"product_brand":[],"product_cat":[20],"product_tag":[],"class_list":{"0":"post-2400","1":"product","2":"type-product","3":"status-publish","4":"has-post-thumbnail","6":"product_cat-concrete-wall-tie","7":"desktop-align-left","8":"tablet-align-left","9":"mobile-align-left","10":"ast-product-gallery-layout-horizontal-slider","11":"ast-product-tabs-layout-horizontal","13":"first","14":"instock","15":"shipping-taxable","16":"purchasable","17":"product-type-simple"},"yoast_head":"<!-- This site is optimized with the Yoast SEO plugin v25.2 - https:\/\/yoast.com\/wordpress\/plugins\/seo\/ -->\n<title>Concrete Forming 2\/4 Strut Coil Ties for Formwork<\/title>\n<meta name=\"description\" content=\"Coil ties are a type of hardware used in concrete forming to secure the forms together and prevent the concrete from leaking out during pouring and setting.\" \/>\n<meta name=\"robots\" content=\"index, follow, max-snippet:-1, max-image-preview:large, max-video-preview:-1\" \/>\n<link rel=\"canonical\" href=\"https:\/\/qingdaohf.com\/tr\/urun\/bobin-baglari\/\" \/>\n<meta property=\"og:locale\" content=\"tr_TR\" \/>\n<meta property=\"og:type\" content=\"article\" \/>\n<meta property=\"og:title\" content=\"Concrete Forming 2\/4 Strut Coil Ties for Formwork\" \/>\n<meta property=\"og:description\" content=\"Coil ties are a type of hardware used in concrete forming to secure the forms together and prevent the concrete from leaking out during pouring and setting.\" \/>\n<meta property=\"og:url\" content=\"https:\/\/qingdaohf.com\/tr\/urun\/bobin-baglari\/\" \/>\n<meta property=\"og:site_name\" content=\"Concrete Form &amp; Rigging Hardware Supplier\" \/>\n<meta property=\"article:publisher\" content=\"https:\/\/www.facebook.com\/qingdaohf\" \/>\n<meta property=\"article:modified_time\" content=\"2025-11-13T01:05:54+00:00\" \/>\n<meta property=\"og:image\" content=\"https:\/\/qingdaohf.com\/wp-content\/uploads\/2023\/02\/coil-tie-2.jpg\" \/>\n\t<meta property=\"og:image:width\" content=\"800\" \/>\n\t<meta property=\"og:image:height\" content=\"800\" \/>\n\t<meta property=\"og:image:type\" content=\"image\/jpeg\" \/>\n<meta name=\"twitter:card\" content=\"summary_large_image\" \/>\n<meta name=\"twitter:label1\" content=\"Tahmini okuma s\u00fcresi\" \/>\n\t<meta name=\"twitter:data1\" content=\"2 dakika\" \/>\n<script type=\"application\/ld+json\" class=\"yoast-schema-graph\">{\"@context\":\"https:\/\/schema.org\",\"@graph\":[{\"@type\":\"WebPage\",\"@id\":\"https:\/\/qingdaohf.com\/product\/coil-ties\/\",\"url\":\"https:\/\/qingdaohf.com\/product\/coil-ties\/\",\"name\":\"Concrete Forming 2\/4 Strut Coil Ties for Formwork\",\"isPartOf\":{\"@id\":\"https:\/\/qingdaohf.com\/bg\/#website\"},\"primaryImageOfPage\":{\"@id\":\"https:\/\/qingdaohf.com\/product\/coil-ties\/#primaryimage\"},\"image\":{\"@id\":\"https:\/\/qingdaohf.com\/product\/coil-ties\/#primaryimage\"},\"thumbnailUrl\":\"https:\/\/qingdaohf.com\/wp-content\/uploads\/2023\/02\/coil-tie-2.jpg\",\"datePublished\":\"2023-02-23T09:58:07+00:00\",\"dateModified\":\"2025-11-13T01:05:54+00:00\",\"description\":\"Coil ties are a type of hardware used in concrete forming to secure the forms together and prevent the concrete from leaking out during pouring and setting.\",\"breadcrumb\":{\"@id\":\"https:\/\/qingdaohf.com\/product\/coil-ties\/#breadcrumb\"},\"inLanguage\":\"tr\",\"potentialAction\":[{\"@type\":\"ReadAction\",\"target\":[\"https:\/\/qingdaohf.com\/product\/coil-ties\/\"]}]},{\"@type\":\"ImageObject\",\"inLanguage\":\"tr\",\"@id\":\"https:\/\/qingdaohf.com\/product\/coil-ties\/#primaryimage\",\"url\":\"https:\/\/qingdaohf.com\/wp-content\/uploads\/2023\/02\/coil-tie-2.jpg\",\"contentUrl\":\"https:\/\/qingdaohf.com\/wp-content\/uploads\/2023\/02\/coil-tie-2.jpg\",\"width\":800,\"height\":800,\"caption\":\"coil tie\"},{\"@type\":\"BreadcrumbList\",\"@id\":\"https:\/\/qingdaohf.com\/product\/coil-ties\/#breadcrumb\",\"itemListElement\":[{\"@type\":\"ListItem\",\"position\":1,\"name\":\"Home\",\"item\":\"https:\/\/qingdaohf.com\/\"},{\"@type\":\"ListItem\",\"position\":2,\"name\":\"Concrete Forming Accessories and Rigging Hardware\",\"item\":\"https:\/\/qingdaohf.com\/bg\/?page_id=944\"},{\"@type\":\"ListItem\",\"position\":3,\"name\":\"Concrete Forming 2\/4 Strut Coil Ties for Formwork\"}]},{\"@type\":\"WebSite\",\"@id\":\"https:\/\/qingdaohf.com\/bg\/#website\",\"url\":\"https:\/\/qingdaohf.com\/bg\/\",\"name\":\"Concrete Form & Rigging Hardware Supplier\",\"description\":\"\",\"publisher\":{\"@id\":\"https:\/\/qingdaohf.com\/bg\/#organization\"},\"potentialAction\":[{\"@type\":\"SearchAction\",\"target\":{\"@type\":\"EntryPoint\",\"urlTemplate\":\"https:\/\/qingdaohf.com\/bg\/?s={search_term_string}\"},\"query-input\":{\"@type\":\"PropertyValueSpecification\",\"valueRequired\":true,\"valueName\":\"search_term_string\"}}],\"inLanguage\":\"tr\"},{\"@type\":\"Organization\",\"@id\":\"https:\/\/qingdaohf.com\/bg\/#organization\",\"name\":\"Qingdao H&F\",\"url\":\"https:\/\/qingdaohf.com\/bg\/\",\"logo\":{\"@type\":\"ImageObject\",\"inLanguage\":\"tr\",\"@id\":\"https:\/\/qingdaohf.com\/bg\/#\/schema\/logo\/image\/\",\"url\":\"https:\/\/qingdaohf.com\/wp-content\/uploads\/2022\/12\/cropped-HF-LOGO.png\",\"contentUrl\":\"https:\/\/qingdaohf.com\/wp-content\/uploads\/2022\/12\/cropped-HF-LOGO.png\",\"width\":391,\"height\":249,\"caption\":\"Qingdao H&F\"},\"image\":{\"@id\":\"https:\/\/qingdaohf.com\/bg\/#\/schema\/logo\/image\/\"},\"sameAs\":[\"https:\/\/www.facebook.com\/qingdaohf\"]}]}<\/script>\n<!-- \/ Yoast SEO plugin. -->","yoast_head_json":{"title":"Concrete Forming 2\/4 Strut Coil Ties for Formwork","description":"Coil ties are a type of hardware used in concrete forming to secure the forms together and prevent the concrete from leaking out during pouring and setting.","robots":{"index":"index","follow":"follow","max-snippet":"max-snippet:-1","max-image-preview":"max-image-preview:large","max-video-preview":"max-video-preview:-1"},"canonical":"https:\/\/qingdaohf.com\/tr\/urun\/bobin-baglari\/","og_locale":"tr_TR","og_type":"article","og_title":"Concrete Forming 2\/4 Strut Coil Ties for Formwork","og_description":"Coil ties are a type of hardware used in concrete forming to secure the forms together and prevent the concrete from leaking out during pouring and setting.","og_url":"https:\/\/qingdaohf.com\/tr\/urun\/bobin-baglari\/","og_site_name":"Concrete Form &amp; Rigging Hardware Supplier","article_publisher":"https:\/\/www.facebook.com\/qingdaohf","article_modified_time":"2025-11-13T01:05:54+00:00","og_image":[{"width":800,"height":800,"url":"https:\/\/qingdaohf.com\/wp-content\/uploads\/2023\/02\/coil-tie-2.jpg","type":"image\/jpeg"}],"twitter_card":"summary_large_image","twitter_misc":{"Tahmini okuma s\u00fcresi":"2 dakika"},"schema":{"@context":"https:\/\/schema.org","@graph":[{"@type":"WebPage","@id":"https:\/\/qingdaohf.com\/product\/coil-ties\/","url":"https:\/\/qingdaohf.com\/product\/coil-ties\/","name":"Concrete Forming 2\/4 Strut Coil Ties for Formwork","isPartOf":{"@id":"https:\/\/qingdaohf.com\/bg\/#website"},"primaryImageOfPage":{"@id":"https:\/\/qingdaohf.com\/product\/coil-ties\/#primaryimage"},"image":{"@id":"https:\/\/qingdaohf.com\/product\/coil-ties\/#primaryimage"},"thumbnailUrl":"https:\/\/qingdaohf.com\/wp-content\/uploads\/2023\/02\/coil-tie-2.jpg","datePublished":"2023-02-23T09:58:07+00:00","dateModified":"2025-11-13T01:05:54+00:00","description":"Coil ties are a type of hardware used in concrete forming to secure the forms together and prevent the concrete from leaking out during pouring and setting.","breadcrumb":{"@id":"https:\/\/qingdaohf.com\/product\/coil-ties\/#breadcrumb"},"inLanguage":"tr","potentialAction":[{"@type":"ReadAction","target":["https:\/\/qingdaohf.com\/product\/coil-ties\/"]}]},{"@type":"ImageObject","inLanguage":"tr","@id":"https:\/\/qingdaohf.com\/product\/coil-ties\/#primaryimage","url":"https:\/\/qingdaohf.com\/wp-content\/uploads\/2023\/02\/coil-tie-2.jpg","contentUrl":"https:\/\/qingdaohf.com\/wp-content\/uploads\/2023\/02\/coil-tie-2.jpg","width":800,"height":800,"caption":"coil tie"},{"@type":"BreadcrumbList","@id":"https:\/\/qingdaohf.com\/product\/coil-ties\/#breadcrumb","itemListElement":[{"@type":"ListItem","position":1,"name":"Home","item":"https:\/\/qingdaohf.com\/"},{"@type":"ListItem","position":2,"name":"Concrete Forming Accessories and Rigging Hardware","item":"https:\/\/qingdaohf.com\/bg\/?page_id=944"},{"@type":"ListItem","position":3,"name":"Concrete Forming 2\/4 Strut Coil Ties for Formwork"}]},{"@type":"WebSite","@id":"https:\/\/qingdaohf.com\/bg\/#website","url":"https:\/\/qingdaohf.com\/bg\/","name":"Concrete Form & Rigging Hardware Supplier","description":"","publisher":{"@id":"https:\/\/qingdaohf.com\/bg\/#organization"},"potentialAction":[{"@type":"SearchAction","target":{"@type":"EntryPoint","urlTemplate":"https:\/\/qingdaohf.com\/bg\/?s={search_term_string}"},"query-input":{"@type":"PropertyValueSpecification","valueRequired":true,"valueName":"search_term_string"}}],"inLanguage":"tr"},{"@type":"Organization","@id":"https:\/\/qingdaohf.com\/bg\/#organization","name":"Qingdao H&F","url":"https:\/\/qingdaohf.com\/bg\/","logo":{"@type":"ImageObject","inLanguage":"tr","@id":"https:\/\/qingdaohf.com\/bg\/#\/schema\/logo\/image\/","url":"https:\/\/qingdaohf.com\/wp-content\/uploads\/2022\/12\/cropped-HF-LOGO.png","contentUrl":"https:\/\/qingdaohf.com\/wp-content\/uploads\/2022\/12\/cropped-HF-LOGO.png","width":391,"height":249,"caption":"Qingdao H&F"},"image":{"@id":"https:\/\/qingdaohf.com\/bg\/#\/schema\/logo\/image\/"},"sameAs":["https:\/\/www.facebook.com\/qingdaohf"]}]}},"_links":{"self":[{"href":"https:\/\/qingdaohf.com\/tr\/wp-json\/wp\/v2\/product\/2400","targetHints":{"allow":["GET"]}}],"collection":[{"href":"https:\/\/qingdaohf.com\/tr\/wp-json\/wp\/v2\/product"}],"about":[{"href":"https:\/\/qingdaohf.com\/tr\/wp-json\/wp\/v2\/types\/product"}],"replies":[{"embeddable":true,"href":"https:\/\/qingdaohf.com\/tr\/wp-json\/wp\/v2\/comments?post=2400"}],"version-history":[{"count":4,"href":"https:\/\/qingdaohf.com\/tr\/wp-json\/wp\/v2\/product\/2400\/revisions"}],"predecessor-version":[{"id":5653,"href":"https:\/\/qingdaohf.com\/tr\/wp-json\/wp\/v2\/product\/2400\/revisions\/5653"}],"wp:featuredmedia":[{"embeddable":true,"href":"https:\/\/qingdaohf.com\/tr\/wp-json\/wp\/v2\/media\/4704"}],"wp:attachment":[{"href":"https:\/\/qingdaohf.com\/tr\/wp-json\/wp\/v2\/media?parent=2400"}],"wp:term":[{"taxonomy":"product_brand","embeddable":true,"href":"https:\/\/qingdaohf.com\/tr\/wp-json\/wp\/v2\/product_brand?post=2400"},{"taxonomy":"product_cat","embeddable":true,"href":"https:\/\/qingdaohf.com\/tr\/wp-json\/wp\/v2\/product_cat?post=2400"},{"taxonomy":"product_tag","embeddable":true,"href":"https:\/\/qingdaohf.com\/tr\/wp-json\/wp\/v2\/product_tag?post=2400"}],"curies":[{"name":"wp","href":"https:\/\/api.w.org\/{rel}","templated":true}]}}