{"id":2636,"date":"2023-03-01T16:41:54","date_gmt":"2023-03-01T08:41:54","guid":{"rendered":"http:\/\/qingdaohf.com\/?post_type=product&#038;p=2636"},"modified":"2025-11-13T09:05:54","modified_gmt":"2025-11-13T01:05:54","slug":"coil-loop-insert","status":"publish","type":"product","link":"https:\/\/qingdaohf.com\/tr\/urun\/bobin-halkasi-eki\/","title":{"rendered":"D\u00fcz Flared \u00c7ift Flared Bobin D\u00f6ng\u00fc Ek Par\u00e7as\u0131"},"content":{"rendered":"<p><span class=\"src\" data-group=\"0-1\">Bobin haline getirilmi\u015f bir tel halkas\u0131ndan olu\u015fur, telin bir ucu form panelindeki bir delikten ge\u00e7irilir ve di\u011fer ucu yerine sabitlemek i\u00e7in b\u00fck\u00fcl\u00fcr. <\/span> <span class=\"src\" data-group=\"2-0\">Bobin D\u00f6ng\u00fc U\u00e7lar\u0131 genellikle g\u00fc\u00e7l\u00fc, yeniden kullan\u0131labilir bir ba\u011f\u0131n gerekli oldu\u011fu beton \u015fekillendirme uygulamalar\u0131nda kullan\u0131l\u0131r. <\/span><span class=\"src\" data-group=\"2-1\"> \u00c7e\u015fitli kal\u0131p sistemleriyle kullan\u0131labilirler ve \u00f6zellikle yuvarlak veya kavisli duvarlar\u0131n, kolonlar\u0131n veya di\u011fer yap\u0131lar\u0131n \u015fekillendirilmesi i\u00e7in kullan\u0131\u015fl\u0131d\u0131rlar. <\/span> <span class=\"src\" data-group=\"4-0\">Bobin D\u00f6ng\u00fcs\u00fc Ek Par\u00e7alar\u0131n\u0131 kullanman\u0131n avantaj\u0131, tak\u0131l\u0131p \u00e7\u0131kar\u0131lmalar\u0131n\u0131n kolay olmas\u0131 ve birden \u00e7ok kez tekrar kullan\u0131labilmeleridir; bu da onlar\u0131 uygun maliyetli bir se\u00e7enek haline getirir. <\/span><span class=\"src\" data-group=\"4-1\"> Ayr\u0131ca dayan\u0131kl\u0131d\u0131rlar ve d\u00f6k\u00fclen betonun bas\u0131nc\u0131na k\u0131r\u0131lmadan veya deforme olmadan dayanabilirler. <\/span> <span class=\"src\" data-group=\"6-0\">Bobin D\u00f6ng\u00fc U\u00e7lar\u0131, farkl\u0131 kal\u0131p uygulamalar\u0131na uyacak \u015fekilde \u00e7e\u015fitli boyutlarda ve konfig\u00fcrasyonlarda mevcuttur ve hem ah\u015fap hem de metal kal\u0131p panelleriyle kullan\u0131labilirler.<\/span><\/p>\n<div class=\"ast-oembed-container\" style=\"height: 100%;\"><iframe title=\"Y\u00fcks\u00fck Ek Par\u00e7as\u0131,Jahn A Braketi,Beton Kal\u0131p Gerdirme\" width=\"500\" height=\"281\" src=\"https:\/\/www.youtube.com\/embed\/Efqig58R7YY?feature=oembed\" frameborder=\"0\" allow=\"accelerometer; autoplay; clipboard-write; encrypted-media; gyroscope; picture-in-picture; web-share\" referrerpolicy=\"strict-origin-when-cross-origin\" allowfullscreen><\/iframe><\/div>\n<p><img fetchpriority=\"high\" decoding=\"async\" class=\"alignnone size-full wp-image-3155\" src=\"http:\/\/qingdaohf.com\/wp-content\/uploads\/2023\/03\/Coil-Loop-Insert-22.jpg\" alt=\"Bobin D\u00f6ng\u00fcs\u00fc Ek Par\u00e7as\u0131\" width=\"1200\" height=\"400\" srcset=\"https:\/\/qingdaohf.com\/wp-content\/uploads\/2023\/03\/Coil-Loop-Insert-22.jpg 1200w, https:\/\/qingdaohf.com\/wp-content\/uploads\/2023\/03\/Coil-Loop-Insert-22-300x100.jpg 300w, https:\/\/qingdaohf.com\/wp-content\/uploads\/2023\/03\/Coil-Loop-Insert-22-1024x341.jpg 1024w, https:\/\/qingdaohf.com\/wp-content\/uploads\/2023\/03\/Coil-Loop-Insert-22-768x256.jpg 768w, https:\/\/qingdaohf.com\/wp-content\/uploads\/2023\/03\/Coil-Loop-Insert-22-1000x333.jpg 1000w\" sizes=\"(max-width: 1200px) 100vw, 1200px\" \/><\/p>\n<p><img decoding=\"async\" class=\"alignnone size-full wp-image-3156\" src=\"http:\/\/qingdaohf.com\/wp-content\/uploads\/2023\/03\/Coil-Loop-Insert-23.jpg\" alt=\"Bobin D\u00f6ng\u00fcs\u00fc Ek Par\u00e7as\u0131\" width=\"1200\" height=\"584\" srcset=\"https:\/\/qingdaohf.com\/wp-content\/uploads\/2023\/03\/Coil-Loop-Insert-23.jpg 1200w, https:\/\/qingdaohf.com\/wp-content\/uploads\/2023\/03\/Coil-Loop-Insert-23-300x146.jpg 300w, https:\/\/qingdaohf.com\/wp-content\/uploads\/2023\/03\/Coil-Loop-Insert-23-1024x498.jpg 1024w, https:\/\/qingdaohf.com\/wp-content\/uploads\/2023\/03\/Coil-Loop-Insert-23-768x374.jpg 768w, https:\/\/qingdaohf.com\/wp-content\/uploads\/2023\/03\/Coil-Loop-Insert-23-1000x487.jpg 1000w\" sizes=\"(max-width: 1200px) 100vw, 1200px\" \/> <img decoding=\"async\" class=\"alignnone size-full wp-image-3157\" src=\"http:\/\/qingdaohf.com\/wp-content\/uploads\/2023\/03\/Coil-Loop-Insert-24.jpg\" alt=\"Bobin D\u00f6ng\u00fcs\u00fc Ek Par\u00e7as\u0131\" width=\"1200\" height=\"756\" srcset=\"https:\/\/qingdaohf.com\/wp-content\/uploads\/2023\/03\/Coil-Loop-Insert-24.jpg 1200w, https:\/\/qingdaohf.com\/wp-content\/uploads\/2023\/03\/Coil-Loop-Insert-24-300x189.jpg 300w, https:\/\/qingdaohf.com\/wp-content\/uploads\/2023\/03\/Coil-Loop-Insert-24-1024x645.jpg 1024w, https:\/\/qingdaohf.com\/wp-content\/uploads\/2023\/03\/Coil-Loop-Insert-24-768x484.jpg 768w, https:\/\/qingdaohf.com\/wp-content\/uploads\/2023\/03\/Coil-Loop-Insert-24-1000x630.jpg 1000w\" sizes=\"(max-width: 1200px) 100vw, 1200px\" \/> <img loading=\"lazy\" decoding=\"async\" class=\"alignnone size-full wp-image-3158\" src=\"http:\/\/qingdaohf.com\/wp-content\/uploads\/2023\/03\/Coil-Loop-Insert-25.jpg\" alt=\"Bobin D\u00f6ng\u00fcs\u00fc Ek Par\u00e7as\u0131\" width=\"1200\" height=\"624\" srcset=\"https:\/\/qingdaohf.com\/wp-content\/uploads\/2023\/03\/Coil-Loop-Insert-25.jpg 1200w, https:\/\/qingdaohf.com\/wp-content\/uploads\/2023\/03\/Coil-Loop-Insert-25-300x156.jpg 300w, https:\/\/qingdaohf.com\/wp-content\/uploads\/2023\/03\/Coil-Loop-Insert-25-1024x532.jpg 1024w, https:\/\/qingdaohf.com\/wp-content\/uploads\/2023\/03\/Coil-Loop-Insert-25-768x399.jpg 768w, https:\/\/qingdaohf.com\/wp-content\/uploads\/2023\/03\/Coil-Loop-Insert-25-1000x520.jpg 1000w\" sizes=\"(max-width: 1200px) 100vw, 1200px\" \/> <img loading=\"lazy\" decoding=\"async\" class=\"alignnone size-full wp-image-3159\" src=\"http:\/\/qingdaohf.com\/wp-content\/uploads\/2023\/03\/Coil-Loop-Insert-26.jpg\" alt=\"Bobin D\u00f6ng\u00fcs\u00fc Ek Par\u00e7as\u0131\" width=\"1200\" height=\"444\" srcset=\"https:\/\/qingdaohf.com\/wp-content\/uploads\/2023\/03\/Coil-Loop-Insert-26.jpg 1200w, https:\/\/qingdaohf.com\/wp-content\/uploads\/2023\/03\/Coil-Loop-Insert-26-300x111.jpg 300w, https:\/\/qingdaohf.com\/wp-content\/uploads\/2023\/03\/Coil-Loop-Insert-26-1024x379.jpg 1024w, https:\/\/qingdaohf.com\/wp-content\/uploads\/2023\/03\/Coil-Loop-Insert-26-768x284.jpg 768w, https:\/\/qingdaohf.com\/wp-content\/uploads\/2023\/03\/Coil-Loop-Insert-26-1000x370.jpg 1000w\" sizes=\"(max-width: 1200px) 100vw, 1200px\" \/> <img loading=\"lazy\" decoding=\"async\" class=\"alignnone size-full wp-image-3160\" src=\"http:\/\/qingdaohf.com\/wp-content\/uploads\/2023\/03\/Coil-Loop-Insert-20.jpg\" alt=\"Bobin D\u00f6ng\u00fcs\u00fc Ek Par\u00e7as\u0131\" width=\"1200\" height=\"508\" srcset=\"https:\/\/qingdaohf.com\/wp-content\/uploads\/2023\/03\/Coil-Loop-Insert-20.jpg 1200w, https:\/\/qingdaohf.com\/wp-content\/uploads\/2023\/03\/Coil-Loop-Insert-20-300x127.jpg 300w, https:\/\/qingdaohf.com\/wp-content\/uploads\/2023\/03\/Coil-Loop-Insert-20-1024x433.jpg 1024w, https:\/\/qingdaohf.com\/wp-content\/uploads\/2023\/03\/Coil-Loop-Insert-20-768x325.jpg 768w, https:\/\/qingdaohf.com\/wp-content\/uploads\/2023\/03\/Coil-Loop-Insert-20-1000x423.jpg 1000w\" sizes=\"(max-width: 1200px) 100vw, 1200px\" \/> <img loading=\"lazy\" decoding=\"async\" class=\"alignnone size-full wp-image-3161\" src=\"http:\/\/qingdaohf.com\/wp-content\/uploads\/2023\/03\/Coil-Loop-Insert-21.jpg\" alt=\"Bobin D\u00f6ng\u00fcs\u00fc Ek Par\u00e7as\u0131\" width=\"1200\" height=\"432\" srcset=\"https:\/\/qingdaohf.com\/wp-content\/uploads\/2023\/03\/Coil-Loop-Insert-21.jpg 1200w, https:\/\/qingdaohf.com\/wp-content\/uploads\/2023\/03\/Coil-Loop-Insert-21-300x108.jpg 300w, https:\/\/qingdaohf.com\/wp-content\/uploads\/2023\/03\/Coil-Loop-Insert-21-1024x369.jpg 1024w, https:\/\/qingdaohf.com\/wp-content\/uploads\/2023\/03\/Coil-Loop-Insert-21-768x276.jpg 768w, https:\/\/qingdaohf.com\/wp-content\/uploads\/2023\/03\/Coil-Loop-Insert-21-1000x360.jpg 1000w\" sizes=\"(max-width: 1200px) 100vw, 1200px\" \/><\/p>","protected":false},"excerpt":{"rendered":"<p><span class=\"src\" data-group=\"0-0\">Bobin D\u00f6ng\u00fc Ek Par\u00e7as\u0131, beton d\u00f6kme i\u015flemi s\u0131ras\u0131nda iki veya daha fazla kal\u0131p panelini bir arada tutmak i\u00e7in kullan\u0131lan bir beton kal\u0131p ba\u011f\u0131 t\u00fcr\u00fcd\u00fcr. <\/span><\/p>","protected":false},"featured_media":3150,"comment_status":"open","ping_status":"closed","template":"","meta":{"site-sidebar-layout":"default","site-content-layout":"default","ast-site-content-layout":"","site-content-style":"default","site-sidebar-style":"default","ast-global-header-display":"","ast-banner-title-visibility":"","ast-main-header-display":"","ast-hfb-above-header-display":"","ast-hfb-below-header-display":"","ast-hfb-mobile-header-display":"","site-post-title":"","ast-breadcrumbs-content":"","ast-featured-img":"","footer-sml-layout":"","theme-transparent-header-meta":"default","adv-header-id-meta":"","stick-header-meta":"default","header-above-stick-meta":"","header-main-stick-meta":"","header-below-stick-meta":"","astra-migrate-meta-layouts":"default","ast-page-background-enabled":"default","ast-page-background-meta":{"desktop":{"background-color":"","background-image":"","background-repeat":"repeat","background-position":"center center","background-size":"auto","background-attachment":"scroll","background-type":"","background-media":"","overlay-type":"","overlay-color":"","overlay-opacity":"","overlay-gradient":""},"tablet":{"background-color":"","background-image":"","background-repeat":"repeat","background-position":"center center","background-size":"auto","background-attachment":"scroll","background-type":"","background-media":"","overlay-type":"","overlay-color":"","overlay-opacity":"","overlay-gradient":""},"mobile":{"background-color":"","background-image":"","background-repeat":"repeat","background-position":"center center","background-size":"auto","background-attachment":"scroll","background-type":"","background-media":"","overlay-type":"","overlay-color":"","overlay-opacity":"","overlay-gradient":""}},"ast-content-background-meta":{"desktop":{"background-color":"var(--ast-global-color-5)","background-image":"","background-repeat":"repeat","background-position":"center center","background-size":"auto","background-attachment":"scroll","background-type":"","background-media":"","overlay-type":"","overlay-color":"","overlay-opacity":"","overlay-gradient":""},"tablet":{"background-color":"var(--ast-global-color-5)","background-image":"","background-repeat":"repeat","background-position":"center center","background-size":"auto","background-attachment":"scroll","background-type":"","background-media":"","overlay-type":"","overlay-color":"","overlay-opacity":"","overlay-gradient":""},"mobile":{"background-color":"var(--ast-global-color-5)","background-image":"","background-repeat":"repeat","background-position":"center center","background-size":"auto","background-attachment":"scroll","background-type":"","background-media":"","overlay-type":"","overlay-color":"","overlay-opacity":"","overlay-gradient":""}}},"product_brand":[],"product_cat":[28],"product_tag":[],"class_list":{"0":"post-2636","1":"product","2":"type-product","3":"status-publish","4":"has-post-thumbnail","6":"product_cat-concrete-forming","7":"desktop-align-left","8":"tablet-align-left","9":"mobile-align-left","10":"ast-product-gallery-layout-horizontal-slider","11":"ast-product-tabs-layout-horizontal","13":"first","14":"instock","15":"shipping-taxable","16":"purchasable","17":"product-type-simple"},"yoast_head":"<!-- This site is optimized with the Yoast SEO plugin v25.2 - https:\/\/yoast.com\/wordpress\/plugins\/seo\/ -->\n<title>Straight Flared Double Flared Coil Loop Insert<\/title>\n<meta name=\"description\" content=\"The Coil Loop Insert is a type of concrete form tie that is used to hold two or more form panels together during the concrete pouring process.\" \/>\n<meta name=\"robots\" content=\"index, follow, max-snippet:-1, max-image-preview:large, max-video-preview:-1\" \/>\n<link rel=\"canonical\" href=\"https:\/\/qingdaohf.com\/tr\/urun\/bobin-halkasi-eki\/\" \/>\n<meta property=\"og:locale\" content=\"tr_TR\" \/>\n<meta property=\"og:type\" content=\"article\" \/>\n<meta property=\"og:title\" content=\"Straight Flared Double Flared Coil Loop Insert\" \/>\n<meta property=\"og:description\" content=\"The Coil Loop Insert is a type of concrete form tie that is used to hold two or more form panels together during the concrete pouring process.\" \/>\n<meta property=\"og:url\" content=\"https:\/\/qingdaohf.com\/tr\/urun\/bobin-halkasi-eki\/\" \/>\n<meta property=\"og:site_name\" content=\"Concrete Form &amp; Rigging Hardware Supplier\" \/>\n<meta property=\"article:publisher\" content=\"https:\/\/www.facebook.com\/qingdaohf\" \/>\n<meta property=\"article:modified_time\" content=\"2025-11-13T01:05:54+00:00\" \/>\n<meta property=\"og:image\" content=\"https:\/\/qingdaohf.com\/wp-content\/uploads\/2023\/03\/Coil-Loop-Insert-17.jpg\" \/>\n\t<meta property=\"og:image:width\" content=\"1000\" \/>\n\t<meta property=\"og:image:height\" content=\"1000\" \/>\n\t<meta property=\"og:image:type\" content=\"image\/jpeg\" \/>\n<meta name=\"twitter:card\" content=\"summary_large_image\" \/>\n<meta name=\"twitter:label1\" content=\"Tahmini okuma s\u00fcresi\" \/>\n\t<meta name=\"twitter:data1\" content=\"3 dakika\" \/>\n<script type=\"application\/ld+json\" class=\"yoast-schema-graph\">{\"@context\":\"https:\/\/schema.org\",\"@graph\":[{\"@type\":\"WebPage\",\"@id\":\"https:\/\/qingdaohf.com\/product\/coil-loop-insert\/\",\"url\":\"https:\/\/qingdaohf.com\/product\/coil-loop-insert\/\",\"name\":\"Straight Flared Double Flared Coil Loop Insert\",\"isPartOf\":{\"@id\":\"https:\/\/qingdaohf.com\/bg\/#website\"},\"primaryImageOfPage\":{\"@id\":\"https:\/\/qingdaohf.com\/product\/coil-loop-insert\/#primaryimage\"},\"image\":{\"@id\":\"https:\/\/qingdaohf.com\/product\/coil-loop-insert\/#primaryimage\"},\"thumbnailUrl\":\"https:\/\/qingdaohf.com\/wp-content\/uploads\/2023\/03\/Coil-Loop-Insert-17.jpg\",\"datePublished\":\"2023-03-01T08:41:54+00:00\",\"dateModified\":\"2025-11-13T01:05:54+00:00\",\"description\":\"The Coil Loop Insert is a type of concrete form tie that is used to hold two or more form panels together during the concrete pouring process.\",\"breadcrumb\":{\"@id\":\"https:\/\/qingdaohf.com\/product\/coil-loop-insert\/#breadcrumb\"},\"inLanguage\":\"tr\",\"potentialAction\":[{\"@type\":\"ReadAction\",\"target\":[\"https:\/\/qingdaohf.com\/product\/coil-loop-insert\/\"]}]},{\"@type\":\"ImageObject\",\"inLanguage\":\"tr\",\"@id\":\"https:\/\/qingdaohf.com\/product\/coil-loop-insert\/#primaryimage\",\"url\":\"https:\/\/qingdaohf.com\/wp-content\/uploads\/2023\/03\/Coil-Loop-Insert-17.jpg\",\"contentUrl\":\"https:\/\/qingdaohf.com\/wp-content\/uploads\/2023\/03\/Coil-Loop-Insert-17.jpg\",\"width\":1000,\"height\":1000,\"caption\":\"Coil Loop Insert\"},{\"@type\":\"BreadcrumbList\",\"@id\":\"https:\/\/qingdaohf.com\/product\/coil-loop-insert\/#breadcrumb\",\"itemListElement\":[{\"@type\":\"ListItem\",\"position\":1,\"name\":\"Home\",\"item\":\"https:\/\/qingdaohf.com\/\"},{\"@type\":\"ListItem\",\"position\":2,\"name\":\"Concrete Forming Accessories and Rigging Hardware\",\"item\":\"https:\/\/qingdaohf.com\/bg\/?page_id=944\"},{\"@type\":\"ListItem\",\"position\":3,\"name\":\"Straight Flared Double Flared Coil Loop Insert\"}]},{\"@type\":\"WebSite\",\"@id\":\"https:\/\/qingdaohf.com\/bg\/#website\",\"url\":\"https:\/\/qingdaohf.com\/bg\/\",\"name\":\"Concrete Form & Rigging Hardware Supplier\",\"description\":\"\",\"publisher\":{\"@id\":\"https:\/\/qingdaohf.com\/bg\/#organization\"},\"potentialAction\":[{\"@type\":\"SearchAction\",\"target\":{\"@type\":\"EntryPoint\",\"urlTemplate\":\"https:\/\/qingdaohf.com\/bg\/?s={search_term_string}\"},\"query-input\":{\"@type\":\"PropertyValueSpecification\",\"valueRequired\":true,\"valueName\":\"search_term_string\"}}],\"inLanguage\":\"tr\"},{\"@type\":\"Organization\",\"@id\":\"https:\/\/qingdaohf.com\/bg\/#organization\",\"name\":\"Qingdao H&F\",\"url\":\"https:\/\/qingdaohf.com\/bg\/\",\"logo\":{\"@type\":\"ImageObject\",\"inLanguage\":\"tr\",\"@id\":\"https:\/\/qingdaohf.com\/bg\/#\/schema\/logo\/image\/\",\"url\":\"https:\/\/qingdaohf.com\/wp-content\/uploads\/2022\/12\/cropped-HF-LOGO.png\",\"contentUrl\":\"https:\/\/qingdaohf.com\/wp-content\/uploads\/2022\/12\/cropped-HF-LOGO.png\",\"width\":391,\"height\":249,\"caption\":\"Qingdao H&F\"},\"image\":{\"@id\":\"https:\/\/qingdaohf.com\/bg\/#\/schema\/logo\/image\/\"},\"sameAs\":[\"https:\/\/www.facebook.com\/qingdaohf\"]}]}<\/script>\n<!-- \/ Yoast SEO plugin. -->","yoast_head_json":{"title":"Straight Flared Double Flared Coil Loop Insert","description":"The Coil Loop Insert is a type of concrete form tie that is used to hold two or more form panels together during the concrete pouring process.","robots":{"index":"index","follow":"follow","max-snippet":"max-snippet:-1","max-image-preview":"max-image-preview:large","max-video-preview":"max-video-preview:-1"},"canonical":"https:\/\/qingdaohf.com\/tr\/urun\/bobin-halkasi-eki\/","og_locale":"tr_TR","og_type":"article","og_title":"Straight Flared Double Flared Coil Loop Insert","og_description":"The Coil Loop Insert is a type of concrete form tie that is used to hold two or more form panels together during the concrete pouring process.","og_url":"https:\/\/qingdaohf.com\/tr\/urun\/bobin-halkasi-eki\/","og_site_name":"Concrete Form &amp; Rigging Hardware Supplier","article_publisher":"https:\/\/www.facebook.com\/qingdaohf","article_modified_time":"2025-11-13T01:05:54+00:00","og_image":[{"width":1000,"height":1000,"url":"https:\/\/qingdaohf.com\/wp-content\/uploads\/2023\/03\/Coil-Loop-Insert-17.jpg","type":"image\/jpeg"}],"twitter_card":"summary_large_image","twitter_misc":{"Tahmini okuma s\u00fcresi":"3 dakika"},"schema":{"@context":"https:\/\/schema.org","@graph":[{"@type":"WebPage","@id":"https:\/\/qingdaohf.com\/product\/coil-loop-insert\/","url":"https:\/\/qingdaohf.com\/product\/coil-loop-insert\/","name":"Straight Flared Double Flared Coil Loop Insert","isPartOf":{"@id":"https:\/\/qingdaohf.com\/bg\/#website"},"primaryImageOfPage":{"@id":"https:\/\/qingdaohf.com\/product\/coil-loop-insert\/#primaryimage"},"image":{"@id":"https:\/\/qingdaohf.com\/product\/coil-loop-insert\/#primaryimage"},"thumbnailUrl":"https:\/\/qingdaohf.com\/wp-content\/uploads\/2023\/03\/Coil-Loop-Insert-17.jpg","datePublished":"2023-03-01T08:41:54+00:00","dateModified":"2025-11-13T01:05:54+00:00","description":"The Coil Loop Insert is a type of concrete form tie that is used to hold two or more form panels together during the concrete pouring process.","breadcrumb":{"@id":"https:\/\/qingdaohf.com\/product\/coil-loop-insert\/#breadcrumb"},"inLanguage":"tr","potentialAction":[{"@type":"ReadAction","target":["https:\/\/qingdaohf.com\/product\/coil-loop-insert\/"]}]},{"@type":"ImageObject","inLanguage":"tr","@id":"https:\/\/qingdaohf.com\/product\/coil-loop-insert\/#primaryimage","url":"https:\/\/qingdaohf.com\/wp-content\/uploads\/2023\/03\/Coil-Loop-Insert-17.jpg","contentUrl":"https:\/\/qingdaohf.com\/wp-content\/uploads\/2023\/03\/Coil-Loop-Insert-17.jpg","width":1000,"height":1000,"caption":"Coil Loop Insert"},{"@type":"BreadcrumbList","@id":"https:\/\/qingdaohf.com\/product\/coil-loop-insert\/#breadcrumb","itemListElement":[{"@type":"ListItem","position":1,"name":"Home","item":"https:\/\/qingdaohf.com\/"},{"@type":"ListItem","position":2,"name":"Concrete Forming Accessories and Rigging Hardware","item":"https:\/\/qingdaohf.com\/bg\/?page_id=944"},{"@type":"ListItem","position":3,"name":"Straight Flared Double Flared Coil Loop Insert"}]},{"@type":"WebSite","@id":"https:\/\/qingdaohf.com\/bg\/#website","url":"https:\/\/qingdaohf.com\/bg\/","name":"Concrete Form & Rigging Hardware Supplier","description":"","publisher":{"@id":"https:\/\/qingdaohf.com\/bg\/#organization"},"potentialAction":[{"@type":"SearchAction","target":{"@type":"EntryPoint","urlTemplate":"https:\/\/qingdaohf.com\/bg\/?s={search_term_string}"},"query-input":{"@type":"PropertyValueSpecification","valueRequired":true,"valueName":"search_term_string"}}],"inLanguage":"tr"},{"@type":"Organization","@id":"https:\/\/qingdaohf.com\/bg\/#organization","name":"Qingdao H&F","url":"https:\/\/qingdaohf.com\/bg\/","logo":{"@type":"ImageObject","inLanguage":"tr","@id":"https:\/\/qingdaohf.com\/bg\/#\/schema\/logo\/image\/","url":"https:\/\/qingdaohf.com\/wp-content\/uploads\/2022\/12\/cropped-HF-LOGO.png","contentUrl":"https:\/\/qingdaohf.com\/wp-content\/uploads\/2022\/12\/cropped-HF-LOGO.png","width":391,"height":249,"caption":"Qingdao H&F"},"image":{"@id":"https:\/\/qingdaohf.com\/bg\/#\/schema\/logo\/image\/"},"sameAs":["https:\/\/www.facebook.com\/qingdaohf"]}]}},"_links":{"self":[{"href":"https:\/\/qingdaohf.com\/tr\/wp-json\/wp\/v2\/product\/2636","targetHints":{"allow":["GET"]}}],"collection":[{"href":"https:\/\/qingdaohf.com\/tr\/wp-json\/wp\/v2\/product"}],"about":[{"href":"https:\/\/qingdaohf.com\/tr\/wp-json\/wp\/v2\/types\/product"}],"replies":[{"embeddable":true,"href":"https:\/\/qingdaohf.com\/tr\/wp-json\/wp\/v2\/comments?post=2636"}],"version-history":[{"count":2,"href":"https:\/\/qingdaohf.com\/tr\/wp-json\/wp\/v2\/product\/2636\/revisions"}],"predecessor-version":[{"id":10449,"href":"https:\/\/qingdaohf.com\/tr\/wp-json\/wp\/v2\/product\/2636\/revisions\/10449"}],"wp:featuredmedia":[{"embeddable":true,"href":"https:\/\/qingdaohf.com\/tr\/wp-json\/wp\/v2\/media\/3150"}],"wp:attachment":[{"href":"https:\/\/qingdaohf.com\/tr\/wp-json\/wp\/v2\/media?parent=2636"}],"wp:term":[{"taxonomy":"product_brand","embeddable":true,"href":"https:\/\/qingdaohf.com\/tr\/wp-json\/wp\/v2\/product_brand?post=2636"},{"taxonomy":"product_cat","embeddable":true,"href":"https:\/\/qingdaohf.com\/tr\/wp-json\/wp\/v2\/product_cat?post=2636"},{"taxonomy":"product_tag","embeddable":true,"href":"https:\/\/qingdaohf.com\/tr\/wp-json\/wp\/v2\/product_tag?post=2636"}],"curies":[{"name":"wp","href":"https:\/\/api.w.org\/{rel}","templated":true}]}}