{"id":2640,"date":"2023-03-02T10:32:39","date_gmt":"2023-03-02T02:32:39","guid":{"rendered":"http:\/\/qingdaohf.com\/?post_type=product&#038;p=2640"},"modified":"2025-11-13T09:05:53","modified_gmt":"2025-11-13T01:05:53","slug":"erection-anchor","status":"publish","type":"product","link":"https:\/\/qingdaohf.com\/tr\/urun\/montaj-ankraji\/","title":{"rendered":"Kald\u0131rma Montaj Ankraj\u0131 \u0130ki Delikli Ankraj"},"content":{"rendered":"<p>Prekast beton kald\u0131rma montaj ankrajlar\u0131, in\u015faat s\u0131ras\u0131nda prekast beton elemanlar\u0131 kald\u0131rmak ve sabitlemek i\u00e7in kullan\u0131lan cihazlard\u0131r. Bu ankrajlar, kurulumdan \u00f6nce beton elemanlara d\u00f6k\u00fclmek \u00fczere tasarlanm\u0131\u015ft\u0131r ve eleman\u0131n kald\u0131r\u0131lmas\u0131 ve yerine yerle\u015ftirilmesi i\u00e7in g\u00fcvenli bir ba\u011flant\u0131 noktas\u0131 sa\u011flar.<\/p>\n<p>Tipik olarak y\u00fcksek mukavemetli \u00e7elikten yap\u0131lan prekast beton kald\u0131rma montaj ankrajlar\u0131, farkl\u0131 prekast beton eleman t\u00fcrlerine uyum sa\u011flamak i\u00e7in \u00e7e\u015fitli boyutlarda ve \u015fekillerde gelir. Ayr\u0131ca, kald\u0131r\u0131lan beton eleman\u0131n a\u011f\u0131rl\u0131\u011f\u0131n\u0131 kald\u0131rabilmelerini sa\u011flayan y\u00fck dereceli bir kapasiteye sahip olarak g\u00fcvenlik g\u00f6z \u00f6n\u00fcnde bulundurularak tasarlanm\u0131\u015ft\u0131r.<\/p>\n<p>Kurulum s\u0131ras\u0131nda ankrajlar prekast eleman\u0131n i\u00e7ine yerle\u015ftirilir ve epoksi veya di\u011fer ba\u011flay\u0131c\u0131 maddelerle yerine sabitlenir. Epoksi sertle\u015ftikten sonra, kald\u0131rma zincirleri veya kablolar\u0131 ankrajlara tak\u0131labilir ve prekast eleman g\u00fcvenli bir \u015fekilde kald\u0131r\u0131l\u0131p yerine yerle\u015ftirilebilir.<\/p>\n<p>Prekast beton kald\u0131rma montaj ankrajlar\u0131, prekast elemanlar\u0131n h\u0131zl\u0131 ve verimli bir \u015fekilde kurulmas\u0131n\u0131 sa\u011flarken, i\u015f\u00e7i g\u00fcvenli\u011fini sa\u011flad\u0131klar\u0131 ve kurulum s\u0131ras\u0131nda prekast eleman\u0131n hasar g\u00f6rme riskini en aza indirdikleri i\u00e7in modern prekast beton in\u015faat\u0131n\u0131n \u00f6nemli bir bile\u015fenidir.<\/p>\n<p>&nbsp;<\/p>\n<p>&nbsp;<\/p>\n<p>&nbsp;<\/p>","protected":false},"excerpt":{"rendered":"<p>Prekast beton kald\u0131rma montaj ankrajlar\u0131, in\u015faat s\u0131ras\u0131nda prekast beton elemanlar\u0131 kald\u0131rmak ve sabitlemek i\u00e7in kullan\u0131lan cihazlard\u0131r. Bu ankrajlar, kurulumdan \u00f6nce beton elemanlara d\u00f6k\u00fclmek \u00fczere tasarlanm\u0131\u015ft\u0131r ve eleman\u0131n kald\u0131r\u0131lmas\u0131 ve yerine yerle\u015ftirilmesi i\u00e7in g\u00fcvenli bir ba\u011flant\u0131 noktas\u0131 sa\u011flar.<\/p>","protected":false},"featured_media":6130,"comment_status":"open","ping_status":"closed","template":"","meta":{"site-sidebar-layout":"default","site-content-layout":"default","ast-site-content-layout":"default","site-content-style":"default","site-sidebar-style":"default","ast-global-header-display":"","ast-banner-title-visibility":"","ast-main-header-display":"","ast-hfb-above-header-display":"","ast-hfb-below-header-display":"","ast-hfb-mobile-header-display":"","site-post-title":"","ast-breadcrumbs-content":"","ast-featured-img":"","footer-sml-layout":"","theme-transparent-header-meta":"default","adv-header-id-meta":"","stick-header-meta":"default","header-above-stick-meta":"","header-main-stick-meta":"","header-below-stick-meta":"","astra-migrate-meta-layouts":"set","ast-page-background-enabled":"default","ast-page-background-meta":{"desktop":{"background-color":"","background-image":"","background-repeat":"repeat","background-position":"center center","background-size":"auto","background-attachment":"scroll","background-type":"","background-media":"","overlay-type":"","overlay-color":"","overlay-opacity":"","overlay-gradient":""},"tablet":{"background-color":"","background-image":"","background-repeat":"repeat","background-position":"center center","background-size":"auto","background-attachment":"scroll","background-type":"","background-media":"","overlay-type":"","overlay-color":"","overlay-opacity":"","overlay-gradient":""},"mobile":{"background-color":"","background-image":"","background-repeat":"repeat","background-position":"center center","background-size":"auto","background-attachment":"scroll","background-type":"","background-media":"","overlay-type":"","overlay-color":"","overlay-opacity":"","overlay-gradient":""}},"ast-content-background-meta":{"desktop":{"background-color":"var(--ast-global-color-5)","background-image":"","background-repeat":"repeat","background-position":"center center","background-size":"auto","background-attachment":"scroll","background-type":"","background-media":"","overlay-type":"","overlay-color":"","overlay-opacity":"","overlay-gradient":""},"tablet":{"background-color":"var(--ast-global-color-5)","background-image":"","background-repeat":"repeat","background-position":"center center","background-size":"auto","background-attachment":"scroll","background-type":"","background-media":"","overlay-type":"","overlay-color":"","overlay-opacity":"","overlay-gradient":""},"mobile":{"background-color":"var(--ast-global-color-5)","background-image":"","background-repeat":"repeat","background-position":"center center","background-size":"auto","background-attachment":"scroll","background-type":"","background-media":"","overlay-type":"","overlay-color":"","overlay-opacity":"","overlay-gradient":""}}},"product_brand":[],"product_cat":[50,28,30],"product_tag":[],"class_list":{"0":"post-2640","1":"product","2":"type-product","3":"status-publish","4":"has-post-thumbnail","6":"product_cat-concrete-form-accessories","7":"product_cat-concrete-forming","8":"product_cat-lifting-anchor","9":"desktop-align-left","10":"tablet-align-left","11":"mobile-align-left","12":"ast-product-gallery-layout-horizontal-slider","13":"ast-product-tabs-layout-horizontal","15":"first","16":"instock","17":"shipping-taxable","18":"purchasable","19":"product-type-simple"},"yoast_head":"<!-- This site is optimized with the Yoast SEO plugin v25.2 - https:\/\/yoast.com\/wordpress\/plugins\/seo\/ -->\n<title>Lifting Erection Anchor Two Hole Anchor<\/title>\n<meta name=\"description\" content=\"Precast concrete lifting erection anchors are devices used to lift and secure precast concrete elements during construction.\" \/>\n<meta name=\"robots\" content=\"index, follow, max-snippet:-1, max-image-preview:large, max-video-preview:-1\" \/>\n<link rel=\"canonical\" href=\"https:\/\/qingdaohf.com\/tr\/urun\/montaj-ankraji\/\" \/>\n<meta property=\"og:locale\" content=\"tr_TR\" \/>\n<meta property=\"og:type\" content=\"article\" \/>\n<meta property=\"og:title\" content=\"Lifting Erection Anchor Two Hole Anchor\" \/>\n<meta property=\"og:description\" content=\"Precast concrete lifting erection anchors are devices used to lift and secure precast concrete elements during construction.\" \/>\n<meta property=\"og:url\" content=\"https:\/\/qingdaohf.com\/tr\/urun\/montaj-ankraji\/\" \/>\n<meta property=\"og:site_name\" content=\"Concrete Form &amp; Rigging Hardware Supplier\" \/>\n<meta property=\"article:publisher\" content=\"https:\/\/www.facebook.com\/qingdaohf\" \/>\n<meta property=\"article:modified_time\" content=\"2025-11-13T01:05:53+00:00\" \/>\n<meta property=\"og:image\" content=\"https:\/\/qingdaohf.com\/wp-content\/uploads\/2023\/03\/erection-anchor.webp\" \/>\n\t<meta property=\"og:image:width\" content=\"1000\" \/>\n\t<meta property=\"og:image:height\" content=\"1000\" \/>\n\t<meta property=\"og:image:type\" content=\"image\/webp\" \/>\n<meta name=\"twitter:card\" content=\"summary_large_image\" \/>\n<meta name=\"twitter:label1\" content=\"Tahmini okuma s\u00fcresi\" \/>\n\t<meta name=\"twitter:data1\" content=\"2 dakika\" \/>\n<script type=\"application\/ld+json\" class=\"yoast-schema-graph\">{\"@context\":\"https:\/\/schema.org\",\"@graph\":[{\"@type\":\"WebPage\",\"@id\":\"https:\/\/qingdaohf.com\/product\/erection-anchor\/\",\"url\":\"https:\/\/qingdaohf.com\/product\/erection-anchor\/\",\"name\":\"Lifting Erection Anchor Two Hole Anchor\",\"isPartOf\":{\"@id\":\"https:\/\/qingdaohf.com\/bg\/#website\"},\"primaryImageOfPage\":{\"@id\":\"https:\/\/qingdaohf.com\/product\/erection-anchor\/#primaryimage\"},\"image\":{\"@id\":\"https:\/\/qingdaohf.com\/product\/erection-anchor\/#primaryimage\"},\"thumbnailUrl\":\"https:\/\/qingdaohf.com\/wp-content\/uploads\/2023\/03\/erection-anchor.webp\",\"datePublished\":\"2023-03-02T02:32:39+00:00\",\"dateModified\":\"2025-11-13T01:05:53+00:00\",\"description\":\"Precast concrete lifting erection anchors are devices used to lift and secure precast concrete elements during construction.\",\"breadcrumb\":{\"@id\":\"https:\/\/qingdaohf.com\/product\/erection-anchor\/#breadcrumb\"},\"inLanguage\":\"tr\",\"potentialAction\":[{\"@type\":\"ReadAction\",\"target\":[\"https:\/\/qingdaohf.com\/product\/erection-anchor\/\"]}]},{\"@type\":\"ImageObject\",\"inLanguage\":\"tr\",\"@id\":\"https:\/\/qingdaohf.com\/product\/erection-anchor\/#primaryimage\",\"url\":\"https:\/\/qingdaohf.com\/wp-content\/uploads\/2023\/03\/erection-anchor.webp\",\"contentUrl\":\"https:\/\/qingdaohf.com\/wp-content\/uploads\/2023\/03\/erection-anchor.webp\",\"width\":1000,\"height\":1000,\"caption\":\"erection anchor\"},{\"@type\":\"BreadcrumbList\",\"@id\":\"https:\/\/qingdaohf.com\/product\/erection-anchor\/#breadcrumb\",\"itemListElement\":[{\"@type\":\"ListItem\",\"position\":1,\"name\":\"Home\",\"item\":\"https:\/\/qingdaohf.com\/\"},{\"@type\":\"ListItem\",\"position\":2,\"name\":\"Concrete Forming Accessories and Rigging Hardware\",\"item\":\"https:\/\/qingdaohf.com\/bg\/?page_id=944\"},{\"@type\":\"ListItem\",\"position\":3,\"name\":\"Lifting Erection Anchor Two Hole Anchor\"}]},{\"@type\":\"WebSite\",\"@id\":\"https:\/\/qingdaohf.com\/bg\/#website\",\"url\":\"https:\/\/qingdaohf.com\/bg\/\",\"name\":\"Concrete Form & Rigging Hardware Supplier\",\"description\":\"\",\"publisher\":{\"@id\":\"https:\/\/qingdaohf.com\/bg\/#organization\"},\"potentialAction\":[{\"@type\":\"SearchAction\",\"target\":{\"@type\":\"EntryPoint\",\"urlTemplate\":\"https:\/\/qingdaohf.com\/bg\/?s={search_term_string}\"},\"query-input\":{\"@type\":\"PropertyValueSpecification\",\"valueRequired\":true,\"valueName\":\"search_term_string\"}}],\"inLanguage\":\"tr\"},{\"@type\":\"Organization\",\"@id\":\"https:\/\/qingdaohf.com\/bg\/#organization\",\"name\":\"Qingdao H&F\",\"url\":\"https:\/\/qingdaohf.com\/bg\/\",\"logo\":{\"@type\":\"ImageObject\",\"inLanguage\":\"tr\",\"@id\":\"https:\/\/qingdaohf.com\/bg\/#\/schema\/logo\/image\/\",\"url\":\"https:\/\/qingdaohf.com\/wp-content\/uploads\/2022\/12\/cropped-HF-LOGO.png\",\"contentUrl\":\"https:\/\/qingdaohf.com\/wp-content\/uploads\/2022\/12\/cropped-HF-LOGO.png\",\"width\":391,\"height\":249,\"caption\":\"Qingdao H&F\"},\"image\":{\"@id\":\"https:\/\/qingdaohf.com\/bg\/#\/schema\/logo\/image\/\"},\"sameAs\":[\"https:\/\/www.facebook.com\/qingdaohf\"]}]}<\/script>\n<!-- \/ Yoast SEO plugin. -->","yoast_head_json":{"title":"Lifting Erection Anchor Two Hole Anchor","description":"Precast concrete lifting erection anchors are devices used to lift and secure precast concrete elements during construction.","robots":{"index":"index","follow":"follow","max-snippet":"max-snippet:-1","max-image-preview":"max-image-preview:large","max-video-preview":"max-video-preview:-1"},"canonical":"https:\/\/qingdaohf.com\/tr\/urun\/montaj-ankraji\/","og_locale":"tr_TR","og_type":"article","og_title":"Lifting Erection Anchor Two Hole Anchor","og_description":"Precast concrete lifting erection anchors are devices used to lift and secure precast concrete elements during construction.","og_url":"https:\/\/qingdaohf.com\/tr\/urun\/montaj-ankraji\/","og_site_name":"Concrete Form &amp; Rigging Hardware Supplier","article_publisher":"https:\/\/www.facebook.com\/qingdaohf","article_modified_time":"2025-11-13T01:05:53+00:00","og_image":[{"width":1000,"height":1000,"url":"https:\/\/qingdaohf.com\/wp-content\/uploads\/2023\/03\/erection-anchor.webp","type":"image\/webp"}],"twitter_card":"summary_large_image","twitter_misc":{"Tahmini okuma s\u00fcresi":"2 dakika"},"schema":{"@context":"https:\/\/schema.org","@graph":[{"@type":"WebPage","@id":"https:\/\/qingdaohf.com\/product\/erection-anchor\/","url":"https:\/\/qingdaohf.com\/product\/erection-anchor\/","name":"Lifting Erection Anchor Two Hole Anchor","isPartOf":{"@id":"https:\/\/qingdaohf.com\/bg\/#website"},"primaryImageOfPage":{"@id":"https:\/\/qingdaohf.com\/product\/erection-anchor\/#primaryimage"},"image":{"@id":"https:\/\/qingdaohf.com\/product\/erection-anchor\/#primaryimage"},"thumbnailUrl":"https:\/\/qingdaohf.com\/wp-content\/uploads\/2023\/03\/erection-anchor.webp","datePublished":"2023-03-02T02:32:39+00:00","dateModified":"2025-11-13T01:05:53+00:00","description":"Precast concrete lifting erection anchors are devices used to lift and secure precast concrete elements during construction.","breadcrumb":{"@id":"https:\/\/qingdaohf.com\/product\/erection-anchor\/#breadcrumb"},"inLanguage":"tr","potentialAction":[{"@type":"ReadAction","target":["https:\/\/qingdaohf.com\/product\/erection-anchor\/"]}]},{"@type":"ImageObject","inLanguage":"tr","@id":"https:\/\/qingdaohf.com\/product\/erection-anchor\/#primaryimage","url":"https:\/\/qingdaohf.com\/wp-content\/uploads\/2023\/03\/erection-anchor.webp","contentUrl":"https:\/\/qingdaohf.com\/wp-content\/uploads\/2023\/03\/erection-anchor.webp","width":1000,"height":1000,"caption":"erection anchor"},{"@type":"BreadcrumbList","@id":"https:\/\/qingdaohf.com\/product\/erection-anchor\/#breadcrumb","itemListElement":[{"@type":"ListItem","position":1,"name":"Home","item":"https:\/\/qingdaohf.com\/"},{"@type":"ListItem","position":2,"name":"Concrete Forming Accessories and Rigging Hardware","item":"https:\/\/qingdaohf.com\/bg\/?page_id=944"},{"@type":"ListItem","position":3,"name":"Lifting Erection Anchor Two Hole Anchor"}]},{"@type":"WebSite","@id":"https:\/\/qingdaohf.com\/bg\/#website","url":"https:\/\/qingdaohf.com\/bg\/","name":"Concrete Form & Rigging Hardware Supplier","description":"","publisher":{"@id":"https:\/\/qingdaohf.com\/bg\/#organization"},"potentialAction":[{"@type":"SearchAction","target":{"@type":"EntryPoint","urlTemplate":"https:\/\/qingdaohf.com\/bg\/?s={search_term_string}"},"query-input":{"@type":"PropertyValueSpecification","valueRequired":true,"valueName":"search_term_string"}}],"inLanguage":"tr"},{"@type":"Organization","@id":"https:\/\/qingdaohf.com\/bg\/#organization","name":"Qingdao H&F","url":"https:\/\/qingdaohf.com\/bg\/","logo":{"@type":"ImageObject","inLanguage":"tr","@id":"https:\/\/qingdaohf.com\/bg\/#\/schema\/logo\/image\/","url":"https:\/\/qingdaohf.com\/wp-content\/uploads\/2022\/12\/cropped-HF-LOGO.png","contentUrl":"https:\/\/qingdaohf.com\/wp-content\/uploads\/2022\/12\/cropped-HF-LOGO.png","width":391,"height":249,"caption":"Qingdao H&F"},"image":{"@id":"https:\/\/qingdaohf.com\/bg\/#\/schema\/logo\/image\/"},"sameAs":["https:\/\/www.facebook.com\/qingdaohf"]}]}},"_links":{"self":[{"href":"https:\/\/qingdaohf.com\/tr\/wp-json\/wp\/v2\/product\/2640","targetHints":{"allow":["GET"]}}],"collection":[{"href":"https:\/\/qingdaohf.com\/tr\/wp-json\/wp\/v2\/product"}],"about":[{"href":"https:\/\/qingdaohf.com\/tr\/wp-json\/wp\/v2\/types\/product"}],"replies":[{"embeddable":true,"href":"https:\/\/qingdaohf.com\/tr\/wp-json\/wp\/v2\/comments?post=2640"}],"version-history":[{"count":7,"href":"https:\/\/qingdaohf.com\/tr\/wp-json\/wp\/v2\/product\/2640\/revisions"}],"predecessor-version":[{"id":10256,"href":"https:\/\/qingdaohf.com\/tr\/wp-json\/wp\/v2\/product\/2640\/revisions\/10256"}],"wp:featuredmedia":[{"embeddable":true,"href":"https:\/\/qingdaohf.com\/tr\/wp-json\/wp\/v2\/media\/6130"}],"wp:attachment":[{"href":"https:\/\/qingdaohf.com\/tr\/wp-json\/wp\/v2\/media?parent=2640"}],"wp:term":[{"taxonomy":"product_brand","embeddable":true,"href":"https:\/\/qingdaohf.com\/tr\/wp-json\/wp\/v2\/product_brand?post=2640"},{"taxonomy":"product_cat","embeddable":true,"href":"https:\/\/qingdaohf.com\/tr\/wp-json\/wp\/v2\/product_cat?post=2640"},{"taxonomy":"product_tag","embeddable":true,"href":"https:\/\/qingdaohf.com\/tr\/wp-json\/wp\/v2\/product_tag?post=2640"}],"curies":[{"name":"wp","href":"https:\/\/api.w.org\/{rel}","templated":true}]}}