{"id":2646,"date":"2023-03-02T15:27:12","date_gmt":"2023-03-02T07:27:12","guid":{"rendered":"http:\/\/qingdaohf.com\/?post_type=product&#038;p=2646"},"modified":"2025-11-13T09:05:52","modified_gmt":"2025-11-13T01:05:52","slug":"elephant-foot-ferrule","status":"publish","type":"product","link":"https:\/\/qingdaohf.com\/tr\/urun\/roud-yuksuk-fil-ayagi-yuksuk\/","title":{"rendered":"Fil Aya\u011f\u0131 Y\u00fcks\u00fck"},"content":{"rendered":"<h2 class=\"text-2xl font-bold mt-1 text-text-200\">Fil Aya\u011f\u0131 Y\u00fcks\u00fckleri Nedir ve Neden \u00d6nemlidir?<\/h2>\n<p class=\"whitespace-pre-wrap break-words\">Bunlara neden \"fil aya\u011f\u0131\" y\u00fcks\u00fckler dendi\u011fini hi\u00e7 merak ettiniz mi? Bir tanesine bak\u0131n, g\u00f6receksiniz - bu kritik donan\u0131m bile\u015fenleri, bir filin aya\u011f\u0131n\u0131 yans\u0131tan kendine \u00f6zg\u00fc geni\u015f bir tabana sahiptir. Ancak benzersiz \u015fekilleri sadece g\u00f6steri\u015f i\u00e7in de\u011fildir. Bu \u00f6zel y\u00fcks\u00fckler, tel halatlar ve kald\u0131rma sistemleri aras\u0131nda kaya gibi sa\u011flam ba\u011flant\u0131lar olu\u015fturan, arma d\u00fcnyas\u0131n\u0131n isimsiz kahramanlar\u0131d\u0131r. Ak\u0131ll\u0131 tasar\u0131mlar\u0131, bas\u0131nc\u0131 halat tellerine e\u015fit olarak yayar, y\u0131pranmay\u0131 uzak tutar ve en \u00f6nemli oldu\u011funda kablo g\u00fcc\u00fcn\u00fc korur.<\/p>\n<p class=\"whitespace-pre-wrap break-words\">Ger\u00e7ek\u00e7i olal\u0131m - do\u011fru y\u00fcks\u00fc\u011f\u00fc se\u00e7mek hafife al\u0131nacak bir \u015fey de\u011fildir. A\u011f\u0131r kald\u0131rma, denizcilik i\u015fleri veya gerilimin tavan yapt\u0131\u011f\u0131 herhangi bir donan\u0131m uygulamas\u0131yla u\u011fra\u015f\u0131rken, y\u00fcks\u00fck se\u00e7iminiz bir operasyonu yapabilir veya bozabilir - bazen kelimenin tam anlam\u0131yla. Bu nedenle, bu bile\u015fenlerin i\u00e7ini ve d\u0131\u015f\u0131n\u0131 anlamak sadece yard\u0131mc\u0131 olmakla kalmaz, ayn\u0131 zamanda bu i\u015fteki herkes i\u00e7in gereklidir.<\/p>\n<p><img fetchpriority=\"high\" decoding=\"async\" class=\"alignnone size-full wp-image-3403\" src=\"http:\/\/qingdaohf.com\/wp-content\/uploads\/2023\/03\/50-3.jpg\" alt=\"sekmesi\" width=\"1200\" height=\"412\" srcset=\"https:\/\/qingdaohf.com\/wp-content\/uploads\/2023\/03\/50-3.jpg 1200w, https:\/\/qingdaohf.com\/wp-content\/uploads\/2023\/03\/50-3-300x103.jpg 300w, https:\/\/qingdaohf.com\/wp-content\/uploads\/2023\/03\/50-3-1024x352.jpg 1024w, https:\/\/qingdaohf.com\/wp-content\/uploads\/2023\/03\/50-3-768x264.jpg 768w, https:\/\/qingdaohf.com\/wp-content\/uploads\/2023\/03\/50-3-1000x343.jpg 1000w\" sizes=\"(max-width: 1200px) 100vw, 1200px\" \/><\/p>\n<h2 class=\"text-2xl font-bold mt-1 text-text-200\">Fil Aya\u011f\u0131 Y\u00fcks\u00fckleriniz i\u00e7in Neden Qingdao H&amp;F'yi Se\u00e7melisiniz?<\/h2>\n<p class=\"whitespace-pre-wrap break-words\">Bak\u0131n, Qingdao H&amp;F olarak biz anl\u0131yoruz - arma donan\u0131m\u0131 tedarik ederken, sadece par\u00e7alardan daha fazlas\u0131n\u0131 sunan bir orta\u011fa ihtiyac\u0131n\u0131z var. Y\u0131llar\u0131n uluslararas\u0131 ticaret deneyimine dayanarak, itibar\u0131m\u0131z\u0131 uzun mesafeler kat eden birinci s\u0131n\u0131f y\u00fcks\u00fckler \u00fcretmek \u00fczerine in\u015fa ettik. Ancak harika \u00fcr\u00fcnlerin sadece ba\u015flang\u0131\u00e7 noktas\u0131 oldu\u011funu biliyoruz.<\/p>\n<p class=\"whitespace-pre-wrap break-words\">Bizi di\u011ferlerinden ay\u0131ran nedir? Yeni ba\u015flayanlar i\u00e7in, do\u011frudan i\u015fini bilen \u00f6zel bir destek personeli ile \u00e7al\u0131\u015facaks\u0131n\u0131z. Telefon trafi\u011fi yok, oyalanmak yok - sadece do\u011frudan konu\u015fma ve projenizin taleplerine g\u00f6re uyarlanm\u0131\u015f \u00e7\u00f6z\u00fcmler. \u00d6zel \u00f6zelliklere mi ihtiyac\u0131n\u0131z var? \u00d6zel sertifikalar m\u0131? Sizi teminat alt\u0131na ald\u0131k. Ve zaman para demek oldu\u011fundan, operasyonunuzun devam etmesini sa\u011flamak i\u00e7in teslimat s\u00fcrecimizi kolayla\u015ft\u0131rd\u0131k.<\/p>\n<p class=\"whitespace-pre-wrap break-words\">Kalite burada sadece moda bir kelime de\u011fildir. Her bir y\u00fcks\u00fck kapsaml\u0131 testlerden ge\u00e7er - malzeme mukavemeti, korozyon direnci, boyutsal do\u011fruluk ve di\u011fer \u015feylerden bahsediyoruz. \u0130ster tek par\u00e7a ister bin adet olsun, her sipari\u015f ayr\u0131nt\u0131l\u0131 denetim raporlar\u0131yla desteklenir. \u00c7\u00fcnk\u00fc g\u00fcvenlik s\u00f6z konusu oldu\u011funda, \"yeterince iyi\" yeterli de\u011fildir.<\/p>\n<h2 class=\"text-2xl font-bold mt-1 text-text-200\">Fil Aya\u011f\u0131 Y\u00fcks\u00fcklerinin Tasar\u0131m ve Uygulamas\u0131n\u0131 Anlamak<\/h2>\n<p class=\"whitespace-pre-wrap break-words\">Bu y\u00fcks\u00fcklerin dehas\u0131 kendine \u00f6zg\u00fc \u015fekillerinde yatmaktad\u0131r. Bu daha geni\u015f taban sadece g\u00f6r\u00fcn\u00fcm i\u00e7in de\u011fildir - ekstra s\u0131k\u0131\u015ft\u0131rma y\u00fczeyi alan\u0131 yaratarak tel halat\u0131 standart y\u00fcks\u00fcklerin yapabilece\u011finden daha etkili bir \u015fekilde kavrar. Bas\u0131n\u00e7 uyguland\u0131\u011f\u0131nda, y\u00fck halat telleri boyunca e\u015fit olarak yay\u0131larak ar\u0131zalara yol a\u00e7abilecek gerilim noktalar\u0131n\u0131 \u00f6nler. Bu ak\u0131ll\u0131 tasar\u0131m ayn\u0131 zamanda s\u00fcrt\u00fcnmeyi de azaltarak hem y\u00fcks\u00fck hem de halat\u0131n \u00f6mr\u00fcn\u00fc uzat\u0131r.<\/p>\n<p class=\"whitespace-pre-wrap break-words\">A\u00e7\u0131k deniz kulelerinden in\u015faat sahalar\u0131na kadar ciddi kald\u0131rma i\u015flemlerinin yap\u0131ld\u0131\u011f\u0131 her yerde bu y\u00fcks\u00fckleri i\u015f ba\u015f\u0131nda bulabilirsiniz. Ger\u00e7ek g\u00fc\u00e7leri nedir? Uyarlanabilirlik. \u0130ster paslanmaz \u00e7elik, ister galvanizli \u00e7elik, ister \u00f6zel ala\u015f\u0131ml\u0131 halatlarla \u00e7al\u0131\u015f\u0131yor olun, fil ayak y\u00fcks\u00fckleri bunun \u00fcstesinden gelebilir. Bu \u00e7ok y\u00f6nl\u00fcl\u00fck, onlar\u0131 hem kal\u0131c\u0131 kurulumlar hem de g\u00fcvenilirlikten \u00f6d\u00fcn verilemeyecek ge\u00e7ici kurulumlar i\u00e7in ideal hale getirir.<\/p>\n<h2 class=\"text-2xl font-bold mt-1 text-text-200\">Fil Aya\u011f\u0131 Y\u00fcks\u00fckleri G\u00fcvenlik ve Performansa Nas\u0131l Katk\u0131da Bulunur?<\/h2>\n<p class=\"whitespace-pre-wrap break-words\">A\u011f\u0131r makine ve kald\u0131rma ekipman\u0131 d\u00fcnyas\u0131nda \"\u00f6nemsiz\" bile\u015fen diye bir \u015fey yoktur. Her par\u00e7a \u00f6nemlidir ve bu y\u00fcks\u00fckler kabus senaryolar\u0131n\u0131 (halat kaymas\u0131, y\u0131pranma veya feci kopmalar) \u00f6nlemede \u00e7ok \u00f6nemli bir rol oynar. Bir \u015feyler ters gitti\u011finde ciddi hasara veya yaralanmaya neden olabilecek y\u00fckleri kald\u0131r\u0131rken, g\u00fcvenebilece\u011finiz donan\u0131ma ihtiyac\u0131n\u0131z vard\u0131r.<\/p>\n<p class=\"whitespace-pre-wrap break-words\">Bunlar s\u0131radan y\u00fcks\u00fckler de\u011fildir. En \u00fcst d\u00fczey malzemelerden \u00fcretilmi\u015f ve hassasiyetle imal edilmi\u015flerdir, kelimenin tam anlam\u0131yla f\u0131rt\u0131naya dayanacak \u015fekilde tasarlanm\u0131\u015flard\u0131r. Korozif ortamlardan a\u015f\u0131r\u0131 s\u0131cakl\u0131klara ve y\u00fcksek stresli uygulamalara kadar, daha d\u00fc\u015f\u00fck donan\u0131mlar ar\u0131zaland\u0131\u011f\u0131nda performans g\u00f6stermeye devam ederler. Bunu titiz kalite kontrol\u00fcm\u00fczle e\u015fle\u015ftirdi\u011finizde, g\u00fcvenebilece\u011finiz bir g\u00f6n\u00fcl rahatl\u0131\u011f\u0131na sahip olursunuz.<\/p>\n<h2 class=\"text-2xl font-bold mt-1 text-text-200\">Qingdao H&amp;F Avantaj\u0131<\/h2>\n<p><img decoding=\"async\" class=\"alignnone wp-image-8732 size-full\" src=\"http:\/\/qingdaohf.com\/wp-content\/uploads\/2023\/03\/HF-packing-5-1.webp\" alt=\"HF paketleme\" width=\"1920\" height=\"1080\" srcset=\"https:\/\/qingdaohf.com\/wp-content\/uploads\/2023\/03\/HF-packing-5-1.webp 1920w, https:\/\/qingdaohf.com\/wp-content\/uploads\/2023\/03\/HF-packing-5-1-300x169.webp 300w, https:\/\/qingdaohf.com\/wp-content\/uploads\/2023\/03\/HF-packing-5-1-1024x576.webp 1024w, https:\/\/qingdaohf.com\/wp-content\/uploads\/2023\/03\/HF-packing-5-1-768x432.webp 768w, https:\/\/qingdaohf.com\/wp-content\/uploads\/2023\/03\/HF-packing-5-1-1536x864.webp 1536w, https:\/\/qingdaohf.com\/wp-content\/uploads\/2023\/03\/HF-packing-5-1-18x10.webp 18w, https:\/\/qingdaohf.com\/wp-content\/uploads\/2023\/03\/HF-packing-5-1-1000x563.webp 1000w\" sizes=\"(max-width: 1920px) 100vw, 1920px\" \/><\/p>\n<p class=\"whitespace-pre-wrap break-words\">Qingdao H&amp;F'yi se\u00e7mek, sadece y\u00fcks\u00fck sat\u0131n almaktan daha fazlas\u0131 anlam\u0131na gelir - ba\u015far\u0131n\u0131za yat\u0131r\u0131m yapan bir ortak kazan\u0131yorsunuz. Ekibimiz arma end\u00fcstrisinde ya\u015f\u0131yor ve nefes al\u0131yor ve hem acil zorluklar\u0131 hem de uzun vadeli hedefleri ger\u00e7ekle\u015ftirmenize yard\u0131mc\u0131 olmak i\u00e7in buraday\u0131z.<\/p>\n<p class=\"whitespace-pre-wrap break-words\">\u0130tibar\u0131m\u0131z\u0131 zor yoldan kazand\u0131k - s\u00fcrekli olarak kaliteli \u00fcr\u00fcnler, h\u0131zl\u0131 sevkiyat ve ger\u00e7ekten g\u00fcvenebilece\u011finiz destek sunarak. Yat\u0131r\u0131m yapmadan \u00f6nce test etmek ister misiniz? Size tel halat \u00fcr\u00fcnlerimizden \u00fccretsiz numuneler g\u00f6nderece\u011fiz. Bu uygulamal\u0131 yakla\u015f\u0131m, \u00f6nemli kararlar vermeden \u00f6nce uyumlulu\u011fu ve performans\u0131 do\u011frulaman\u0131z\u0131 sa\u011flar.<\/p>\n<h2 class=\"text-2xl font-bold mt-1 text-text-200\">Sonu\u00e7<\/h2>\n<p class=\"whitespace-pre-wrap break-words\">Kald\u0131rma i\u015flemleri s\u00f6z konusu oldu\u011funda, fil aya\u011f\u0131 y\u00fcks\u00fckleri sadece ba\u015fka bir par\u00e7a de\u011fildir - metalden yap\u0131lm\u0131\u015f g\u00f6n\u00fcl rahatl\u0131\u011f\u0131d\u0131r. Qingdao H&amp;F'de, birinci s\u0131n\u0131f \u00fcr\u00fcnleri, i\u015flerin sorunsuz y\u00fcr\u00fcmesini sa\u011flamak i\u00e7in ihtiya\u00e7 duydu\u011funuz uzmanl\u0131k ve hizmetle birle\u015ftiriyoruz. \u0130n\u015faat, denizcilik veya kur\u015fun ge\u00e7irmez donan\u0131m bile\u015fenleri gerektiren herhangi bir alanda \u00e7al\u0131\u015f\u0131yor olsan\u0131z da, y\u00fcks\u00fcklerimiz size hizmet eder. Kapsaml\u0131 testler, ki\u015fisel destek ve h\u0131zl\u0131 teslimat s\u00fcreleriyle, arma ve kald\u0131rma ekipmanlar\u0131 i\u00e7in ba\u015fvuraca\u011f\u0131n\u0131z orta\u011f\u0131n\u0131z olmaya haz\u0131r\u0131z. Daha fazlas\u0131n\u0131 \u00f6\u011frenmeye haz\u0131r m\u0131s\u0131n\u0131z? Fil aya\u011f\u0131 y\u00fcks\u00fcklerimizin bir sonraki projenizi nas\u0131l y\u00fckseltebilece\u011fi hakk\u0131nda konu\u015fal\u0131m.<\/p>","protected":false},"excerpt":{"rendered":"<p>Fil Aya\u011f\u0131 Y\u00fcks\u00fckleri, a\u011f\u0131r hizmet uygulamalar\u0131na maruz kald\u0131klar\u0131nda daha iyi performans i\u00e7in tel halatlar aras\u0131nda g\u00fc\u00e7l\u00fc ve g\u00fcvenli bir ba\u011flant\u0131 kurmaya hizmet ettikleri arma ve kald\u0131rma end\u00fcstrisinde b\u00fcy\u00fck \u00f6nem ta\u015f\u0131maktad\u0131r. Kalite, do\u011fruluk ve uyumluluk her al\u0131c\u0131 i\u00e7in ola\u011fan endi\u015felerdir; Qingdao H&amp;F'nin Fil Aya\u011f\u0131 Y\u00fcks\u00fckleri ile en zorlu gereksinimlere bile cevap verecek y\u00fcksek kaliteli bir \u00e7\u00f6z\u00fcmden emin olun. Bire bir m\u00fc\u015fteri hizmetleri, h\u0131zl\u0131 teslimat d\u00f6ng\u00fcleri ve kapsaml\u0131 kalite kontrol raporlar\u0131, her seferinde ihtiya\u00e7lar\u0131n\u0131za g\u00f6re uyarlanm\u0131\u015f en iyi \u00fcr\u00fcn\u00fc alman\u0131z\u0131 sa\u011flayan avantajlardan sadece birka\u00e7\u0131d\u0131r. \u0130htiyac\u0131n\u0131z ister \u00f6zel boyutlar ister h\u0131zl\u0131 bir \u00e7\u00f6z\u00fcm olsun, projenize her ad\u0131mda yard\u0131mc\u0131 olabiliriz.<\/p>","protected":false},"featured_media":3398,"comment_status":"open","ping_status":"closed","template":"","meta":{"site-sidebar-layout":"default","site-content-layout":"default","ast-site-content-layout":"default","site-content-style":"default","site-sidebar-style":"default","ast-global-header-display":"","ast-banner-title-visibility":"","ast-main-header-display":"","ast-hfb-above-header-display":"","ast-hfb-below-header-display":"","ast-hfb-mobile-header-display":"","site-post-title":"","ast-breadcrumbs-content":"","ast-featured-img":"","footer-sml-layout":"","theme-transparent-header-meta":"default","adv-header-id-meta":"","stick-header-meta":"default","header-above-stick-meta":"","header-main-stick-meta":"","header-below-stick-meta":"","astra-migrate-meta-layouts":"set","ast-page-background-enabled":"default","ast-page-background-meta":{"desktop":{"background-color":"","background-image":"","background-repeat":"repeat","background-position":"center center","background-size":"auto","background-attachment":"scroll","background-type":"","background-media":"","overlay-type":"","overlay-color":"","overlay-opacity":"","overlay-gradient":""},"tablet":{"background-color":"","background-image":"","background-repeat":"repeat","background-position":"center center","background-size":"auto","background-attachment":"scroll","background-type":"","background-media":"","overlay-type":"","overlay-color":"","overlay-opacity":"","overlay-gradient":""},"mobile":{"background-color":"","background-image":"","background-repeat":"repeat","background-position":"center center","background-size":"auto","background-attachment":"scroll","background-type":"","background-media":"","overlay-type":"","overlay-color":"","overlay-opacity":"","overlay-gradient":""}},"ast-content-background-meta":{"desktop":{"background-color":"var(--ast-global-color-5)","background-image":"","background-repeat":"repeat","background-position":"center center","background-size":"auto","background-attachment":"scroll","background-type":"","background-media":"","overlay-type":"","overlay-color":"","overlay-opacity":"","overlay-gradient":""},"tablet":{"background-color":"var(--ast-global-color-5)","background-image":"","background-repeat":"repeat","background-position":"center center","background-size":"auto","background-attachment":"scroll","background-type":"","background-media":"","overlay-type":"","overlay-color":"","overlay-opacity":"","overlay-gradient":""},"mobile":{"background-color":"var(--ast-global-color-5)","background-image":"","background-repeat":"repeat","background-position":"center center","background-size":"auto","background-attachment":"scroll","background-type":"","background-media":"","overlay-type":"","overlay-color":"","overlay-opacity":"","overlay-gradient":""}}},"product_brand":[],"product_cat":[50,30],"product_tag":[],"class_list":{"0":"post-2646","1":"product","2":"type-product","3":"status-publish","4":"has-post-thumbnail","6":"product_cat-concrete-form-accessories","7":"product_cat-lifting-anchor","8":"desktop-align-left","9":"tablet-align-left","10":"mobile-align-left","11":"ast-product-gallery-layout-horizontal-slider","12":"ast-product-tabs-layout-horizontal","14":"first","15":"instock","16":"shipping-taxable","17":"purchasable","18":"product-type-simple"},"yoast_head":"<!-- This site is optimized with the Yoast SEO plugin v25.2 - https:\/\/yoast.com\/wordpress\/plugins\/seo\/ -->\n<title>Elephant Foot Ferrule<\/title>\n<meta name=\"description\" content=\"Roud Ferrule and Elephant Foot Ferrule it helps to ensure the integrity and longevity of the structures we build.\" \/>\n<meta name=\"robots\" content=\"index, follow, max-snippet:-1, max-image-preview:large, max-video-preview:-1\" \/>\n<link rel=\"canonical\" href=\"https:\/\/qingdaohf.com\/tr\/urun\/roud-yuksuk-fil-ayagi-yuksuk\/\" \/>\n<meta property=\"og:locale\" content=\"tr_TR\" \/>\n<meta property=\"og:type\" content=\"article\" \/>\n<meta property=\"og:title\" content=\"Elephant Foot Ferrule\" \/>\n<meta property=\"og:description\" content=\"Roud Ferrule and Elephant Foot Ferrule it helps to ensure the integrity and longevity of the structures we build.\" \/>\n<meta property=\"og:url\" content=\"https:\/\/qingdaohf.com\/tr\/urun\/roud-yuksuk-fil-ayagi-yuksuk\/\" \/>\n<meta property=\"og:site_name\" content=\"Concrete Form &amp; Rigging Hardware Supplier\" \/>\n<meta property=\"article:publisher\" content=\"https:\/\/www.facebook.com\/qingdaohf\" \/>\n<meta property=\"article:modified_time\" content=\"2025-11-13T01:05:52+00:00\" \/>\n<meta property=\"og:image\" content=\"https:\/\/qingdaohf.com\/wp-content\/uploads\/2023\/03\/roud-ferrule-elephant-foot-ferrule-4-1.jpg\" \/>\n\t<meta property=\"og:image:width\" content=\"1000\" \/>\n\t<meta property=\"og:image:height\" content=\"1000\" \/>\n\t<meta property=\"og:image:type\" content=\"image\/jpeg\" \/>\n<meta name=\"twitter:card\" content=\"summary_large_image\" \/>\n<meta name=\"twitter:label1\" content=\"Tahmini okuma s\u00fcresi\" \/>\n\t<meta name=\"twitter:data1\" content=\"4 dakika\" \/>\n<script type=\"application\/ld+json\" class=\"yoast-schema-graph\">{\"@context\":\"https:\/\/schema.org\",\"@graph\":[{\"@type\":\"WebPage\",\"@id\":\"https:\/\/qingdaohf.com\/product\/elephant-foot-ferrule\/\",\"url\":\"https:\/\/qingdaohf.com\/product\/elephant-foot-ferrule\/\",\"name\":\"Elephant Foot Ferrule\",\"isPartOf\":{\"@id\":\"https:\/\/qingdaohf.com\/bg\/#website\"},\"primaryImageOfPage\":{\"@id\":\"https:\/\/qingdaohf.com\/product\/elephant-foot-ferrule\/#primaryimage\"},\"image\":{\"@id\":\"https:\/\/qingdaohf.com\/product\/elephant-foot-ferrule\/#primaryimage\"},\"thumbnailUrl\":\"https:\/\/qingdaohf.com\/wp-content\/uploads\/2023\/03\/roud-ferrule-elephant-foot-ferrule-4-1.jpg\",\"datePublished\":\"2023-03-02T07:27:12+00:00\",\"dateModified\":\"2025-11-13T01:05:52+00:00\",\"description\":\"Roud Ferrule and Elephant Foot Ferrule it helps to ensure the integrity and longevity of the structures we build.\",\"breadcrumb\":{\"@id\":\"https:\/\/qingdaohf.com\/product\/elephant-foot-ferrule\/#breadcrumb\"},\"inLanguage\":\"tr\",\"potentialAction\":[{\"@type\":\"ReadAction\",\"target\":[\"https:\/\/qingdaohf.com\/product\/elephant-foot-ferrule\/\"]}]},{\"@type\":\"ImageObject\",\"inLanguage\":\"tr\",\"@id\":\"https:\/\/qingdaohf.com\/product\/elephant-foot-ferrule\/#primaryimage\",\"url\":\"https:\/\/qingdaohf.com\/wp-content\/uploads\/2023\/03\/roud-ferrule-elephant-foot-ferrule-4-1.jpg\",\"contentUrl\":\"https:\/\/qingdaohf.com\/wp-content\/uploads\/2023\/03\/roud-ferrule-elephant-foot-ferrule-4-1.jpg\",\"width\":1000,\"height\":1000,\"caption\":\"roud ferrule elephant foot ferrule\"},{\"@type\":\"BreadcrumbList\",\"@id\":\"https:\/\/qingdaohf.com\/product\/elephant-foot-ferrule\/#breadcrumb\",\"itemListElement\":[{\"@type\":\"ListItem\",\"position\":1,\"name\":\"Home\",\"item\":\"https:\/\/qingdaohf.com\/\"},{\"@type\":\"ListItem\",\"position\":2,\"name\":\"Concrete Forming Accessories and Rigging Hardware\",\"item\":\"https:\/\/qingdaohf.com\/bg\/?page_id=944\"},{\"@type\":\"ListItem\",\"position\":3,\"name\":\"Elephant Foot Ferrule\"}]},{\"@type\":\"WebSite\",\"@id\":\"https:\/\/qingdaohf.com\/bg\/#website\",\"url\":\"https:\/\/qingdaohf.com\/bg\/\",\"name\":\"Concrete Form & Rigging Hardware Supplier\",\"description\":\"\",\"publisher\":{\"@id\":\"https:\/\/qingdaohf.com\/bg\/#organization\"},\"potentialAction\":[{\"@type\":\"SearchAction\",\"target\":{\"@type\":\"EntryPoint\",\"urlTemplate\":\"https:\/\/qingdaohf.com\/bg\/?s={search_term_string}\"},\"query-input\":{\"@type\":\"PropertyValueSpecification\",\"valueRequired\":true,\"valueName\":\"search_term_string\"}}],\"inLanguage\":\"tr\"},{\"@type\":\"Organization\",\"@id\":\"https:\/\/qingdaohf.com\/bg\/#organization\",\"name\":\"Qingdao H&F\",\"url\":\"https:\/\/qingdaohf.com\/bg\/\",\"logo\":{\"@type\":\"ImageObject\",\"inLanguage\":\"tr\",\"@id\":\"https:\/\/qingdaohf.com\/bg\/#\/schema\/logo\/image\/\",\"url\":\"https:\/\/qingdaohf.com\/wp-content\/uploads\/2022\/12\/cropped-HF-LOGO.png\",\"contentUrl\":\"https:\/\/qingdaohf.com\/wp-content\/uploads\/2022\/12\/cropped-HF-LOGO.png\",\"width\":391,\"height\":249,\"caption\":\"Qingdao H&F\"},\"image\":{\"@id\":\"https:\/\/qingdaohf.com\/bg\/#\/schema\/logo\/image\/\"},\"sameAs\":[\"https:\/\/www.facebook.com\/qingdaohf\"]}]}<\/script>\n<!-- \/ Yoast SEO plugin. -->","yoast_head_json":{"title":"Elephant Foot Ferrule","description":"Roud Ferrule and Elephant Foot Ferrule it helps to ensure the integrity and longevity of the structures we build.","robots":{"index":"index","follow":"follow","max-snippet":"max-snippet:-1","max-image-preview":"max-image-preview:large","max-video-preview":"max-video-preview:-1"},"canonical":"https:\/\/qingdaohf.com\/tr\/urun\/roud-yuksuk-fil-ayagi-yuksuk\/","og_locale":"tr_TR","og_type":"article","og_title":"Elephant Foot Ferrule","og_description":"Roud Ferrule and Elephant Foot Ferrule it helps to ensure the integrity and longevity of the structures we build.","og_url":"https:\/\/qingdaohf.com\/tr\/urun\/roud-yuksuk-fil-ayagi-yuksuk\/","og_site_name":"Concrete Form &amp; Rigging Hardware Supplier","article_publisher":"https:\/\/www.facebook.com\/qingdaohf","article_modified_time":"2025-11-13T01:05:52+00:00","og_image":[{"width":1000,"height":1000,"url":"https:\/\/qingdaohf.com\/wp-content\/uploads\/2023\/03\/roud-ferrule-elephant-foot-ferrule-4-1.jpg","type":"image\/jpeg"}],"twitter_card":"summary_large_image","twitter_misc":{"Tahmini okuma s\u00fcresi":"4 dakika"},"schema":{"@context":"https:\/\/schema.org","@graph":[{"@type":"WebPage","@id":"https:\/\/qingdaohf.com\/product\/elephant-foot-ferrule\/","url":"https:\/\/qingdaohf.com\/product\/elephant-foot-ferrule\/","name":"Elephant Foot Ferrule","isPartOf":{"@id":"https:\/\/qingdaohf.com\/bg\/#website"},"primaryImageOfPage":{"@id":"https:\/\/qingdaohf.com\/product\/elephant-foot-ferrule\/#primaryimage"},"image":{"@id":"https:\/\/qingdaohf.com\/product\/elephant-foot-ferrule\/#primaryimage"},"thumbnailUrl":"https:\/\/qingdaohf.com\/wp-content\/uploads\/2023\/03\/roud-ferrule-elephant-foot-ferrule-4-1.jpg","datePublished":"2023-03-02T07:27:12+00:00","dateModified":"2025-11-13T01:05:52+00:00","description":"Roud Ferrule and Elephant Foot Ferrule it helps to ensure the integrity and longevity of the structures we build.","breadcrumb":{"@id":"https:\/\/qingdaohf.com\/product\/elephant-foot-ferrule\/#breadcrumb"},"inLanguage":"tr","potentialAction":[{"@type":"ReadAction","target":["https:\/\/qingdaohf.com\/product\/elephant-foot-ferrule\/"]}]},{"@type":"ImageObject","inLanguage":"tr","@id":"https:\/\/qingdaohf.com\/product\/elephant-foot-ferrule\/#primaryimage","url":"https:\/\/qingdaohf.com\/wp-content\/uploads\/2023\/03\/roud-ferrule-elephant-foot-ferrule-4-1.jpg","contentUrl":"https:\/\/qingdaohf.com\/wp-content\/uploads\/2023\/03\/roud-ferrule-elephant-foot-ferrule-4-1.jpg","width":1000,"height":1000,"caption":"roud ferrule elephant foot ferrule"},{"@type":"BreadcrumbList","@id":"https:\/\/qingdaohf.com\/product\/elephant-foot-ferrule\/#breadcrumb","itemListElement":[{"@type":"ListItem","position":1,"name":"Home","item":"https:\/\/qingdaohf.com\/"},{"@type":"ListItem","position":2,"name":"Concrete Forming Accessories and Rigging Hardware","item":"https:\/\/qingdaohf.com\/bg\/?page_id=944"},{"@type":"ListItem","position":3,"name":"Elephant Foot Ferrule"}]},{"@type":"WebSite","@id":"https:\/\/qingdaohf.com\/bg\/#website","url":"https:\/\/qingdaohf.com\/bg\/","name":"Concrete Form & Rigging Hardware Supplier","description":"","publisher":{"@id":"https:\/\/qingdaohf.com\/bg\/#organization"},"potentialAction":[{"@type":"SearchAction","target":{"@type":"EntryPoint","urlTemplate":"https:\/\/qingdaohf.com\/bg\/?s={search_term_string}"},"query-input":{"@type":"PropertyValueSpecification","valueRequired":true,"valueName":"search_term_string"}}],"inLanguage":"tr"},{"@type":"Organization","@id":"https:\/\/qingdaohf.com\/bg\/#organization","name":"Qingdao H&F","url":"https:\/\/qingdaohf.com\/bg\/","logo":{"@type":"ImageObject","inLanguage":"tr","@id":"https:\/\/qingdaohf.com\/bg\/#\/schema\/logo\/image\/","url":"https:\/\/qingdaohf.com\/wp-content\/uploads\/2022\/12\/cropped-HF-LOGO.png","contentUrl":"https:\/\/qingdaohf.com\/wp-content\/uploads\/2022\/12\/cropped-HF-LOGO.png","width":391,"height":249,"caption":"Qingdao H&F"},"image":{"@id":"https:\/\/qingdaohf.com\/bg\/#\/schema\/logo\/image\/"},"sameAs":["https:\/\/www.facebook.com\/qingdaohf"]}]}},"_links":{"self":[{"href":"https:\/\/qingdaohf.com\/tr\/wp-json\/wp\/v2\/product\/2646","targetHints":{"allow":["GET"]}}],"collection":[{"href":"https:\/\/qingdaohf.com\/tr\/wp-json\/wp\/v2\/product"}],"about":[{"href":"https:\/\/qingdaohf.com\/tr\/wp-json\/wp\/v2\/types\/product"}],"replies":[{"embeddable":true,"href":"https:\/\/qingdaohf.com\/tr\/wp-json\/wp\/v2\/comments?post=2646"}],"version-history":[{"count":4,"href":"https:\/\/qingdaohf.com\/tr\/wp-json\/wp\/v2\/product\/2646\/revisions"}],"predecessor-version":[{"id":8734,"href":"https:\/\/qingdaohf.com\/tr\/wp-json\/wp\/v2\/product\/2646\/revisions\/8734"}],"wp:featuredmedia":[{"embeddable":true,"href":"https:\/\/qingdaohf.com\/tr\/wp-json\/wp\/v2\/media\/3398"}],"wp:attachment":[{"href":"https:\/\/qingdaohf.com\/tr\/wp-json\/wp\/v2\/media?parent=2646"}],"wp:term":[{"taxonomy":"product_brand","embeddable":true,"href":"https:\/\/qingdaohf.com\/tr\/wp-json\/wp\/v2\/product_brand?post=2646"},{"taxonomy":"product_cat","embeddable":true,"href":"https:\/\/qingdaohf.com\/tr\/wp-json\/wp\/v2\/product_cat?post=2646"},{"taxonomy":"product_tag","embeddable":true,"href":"https:\/\/qingdaohf.com\/tr\/wp-json\/wp\/v2\/product_tag?post=2646"}],"curies":[{"name":"wp","href":"https:\/\/api.w.org\/{rel}","templated":true}]}}