{"id":2657,"date":"2023-03-02T16:03:13","date_gmt":"2023-03-02T08:03:13","guid":{"rendered":"http:\/\/qingdaohf.com\/?post_type=product&#038;p=2657"},"modified":"2025-11-13T09:05:52","modified_gmt":"2025-11-13T01:05:52","slug":"flat-steel-socket","status":"publish","type":"product","link":"https:\/\/qingdaohf.com\/tr\/urun\/yassi-celik-soket\/","title":{"rendered":"Beton \u015eekillendirme Yass\u0131 \u00c7elik Soket"},"content":{"rendered":"<p>Yass\u0131 \u00e7elik soket y\u00fcksek mukavemetli \u00e7elikten yap\u0131lm\u0131\u015ft\u0131r ve bir ucunda beton kal\u0131b\u0131n i\u00e7ine g\u00f6m\u00fclen d\u00fcz bir plaka vard\u0131r. Ba\u011f\u0131n di\u011fer ucunda, formlar\u0131 d\u00fczg\u00fcn bir \u015fekilde hizalamak ve beton d\u00f6k\u00fcm\u00fc s\u0131ras\u0131nda yerinde kalmalar\u0131n\u0131 sa\u011flamak i\u00e7in kullan\u0131lan bir form hizalay\u0131c\u0131ya ba\u011flanmak i\u00e7in kullan\u0131lan di\u015fli bir k\u0131s\u0131m vard\u0131r.<\/p>\n<p>Yass\u0131 \u00e7elik soket, kal\u0131ba d\u00f6k\u00fcl\u00fcrken \u0131slak betonun uygulad\u0131\u011f\u0131 yanal bas\u0131nca direnecek \u015fekilde tasarlanm\u0131\u015ft\u0131r. Beton k\u00fcrlendikten sonra kal\u0131p ba\u011flar\u0131, di\u015fli u\u00e7taki somunlar gev\u015fetilerek ve ba\u011flar betondan \u00e7ekilerek \u00e7\u0131kar\u0131l\u0131r. Yass\u0131 \u00e7elik soket, beton in\u015faat projelerinde yayg\u0131n olarak kullan\u0131lan ve etkili bir cihazd\u0131r ve beton yap\u0131n\u0131n g\u00fc\u00e7l\u00fc, dayan\u0131kl\u0131 ve d\u00fczg\u00fcn bir \u015fekilde hizalanmas\u0131n\u0131 sa\u011flamaya yard\u0131mc\u0131 olur.<\/p>\n<p><img fetchpriority=\"high\" decoding=\"async\" class=\"alignnone size-full wp-image-3358\" src=\"http:\/\/qingdaohf.com\/wp-content\/uploads\/2023\/03\/51-1.jpg\" alt=\"Yass\u0131 \u00c7elik Soket\" width=\"1200\" height=\"488\" srcset=\"https:\/\/qingdaohf.com\/wp-content\/uploads\/2023\/03\/51-1.jpg 1200w, https:\/\/qingdaohf.com\/wp-content\/uploads\/2023\/03\/51-1-300x122.jpg 300w, https:\/\/qingdaohf.com\/wp-content\/uploads\/2023\/03\/51-1-1024x416.jpg 1024w, https:\/\/qingdaohf.com\/wp-content\/uploads\/2023\/03\/51-1-768x312.jpg 768w, https:\/\/qingdaohf.com\/wp-content\/uploads\/2023\/03\/51-1-1000x407.jpg 1000w\" sizes=\"(max-width: 1200px) 100vw, 1200px\" \/><\/p>","protected":false},"excerpt":{"rendered":"<p>Yass\u0131 \u00e7elik kal\u0131p ba\u011f\u0131 veya sadece kal\u0131p ba\u011f\u0131 olarak da bilinen beton \u015fekillendirme yass\u0131 \u00e7elik soketi, beton kal\u0131p sistemlerinde betonun d\u00f6k\u00fclmesi ve k\u00fcrlenmesi s\u0131ras\u0131nda iki paralel kal\u0131b\u0131 birbirine sabitlemek i\u00e7in kullan\u0131lan bir cihazd\u0131r.<\/p>","protected":false},"featured_media":3331,"comment_status":"open","ping_status":"closed","template":"","meta":{"site-sidebar-layout":"default","site-content-layout":"default","ast-site-content-layout":"","site-content-style":"default","site-sidebar-style":"default","ast-global-header-display":"","ast-banner-title-visibility":"","ast-main-header-display":"","ast-hfb-above-header-display":"","ast-hfb-below-header-display":"","ast-hfb-mobile-header-display":"","site-post-title":"","ast-breadcrumbs-content":"","ast-featured-img":"","footer-sml-layout":"","theme-transparent-header-meta":"default","adv-header-id-meta":"","stick-header-meta":"default","header-above-stick-meta":"","header-main-stick-meta":"","header-below-stick-meta":"","astra-migrate-meta-layouts":"default","ast-page-background-enabled":"default","ast-page-background-meta":{"desktop":{"background-color":"","background-image":"","background-repeat":"repeat","background-position":"center center","background-size":"auto","background-attachment":"scroll","background-type":"","background-media":"","overlay-type":"","overlay-color":"","overlay-opacity":"","overlay-gradient":""},"tablet":{"background-color":"","background-image":"","background-repeat":"repeat","background-position":"center center","background-size":"auto","background-attachment":"scroll","background-type":"","background-media":"","overlay-type":"","overlay-color":"","overlay-opacity":"","overlay-gradient":""},"mobile":{"background-color":"","background-image":"","background-repeat":"repeat","background-position":"center center","background-size":"auto","background-attachment":"scroll","background-type":"","background-media":"","overlay-type":"","overlay-color":"","overlay-opacity":"","overlay-gradient":""}},"ast-content-background-meta":{"desktop":{"background-color":"var(--ast-global-color-5)","background-image":"","background-repeat":"repeat","background-position":"center center","background-size":"auto","background-attachment":"scroll","background-type":"","background-media":"","overlay-type":"","overlay-color":"","overlay-opacity":"","overlay-gradient":""},"tablet":{"background-color":"var(--ast-global-color-5)","background-image":"","background-repeat":"repeat","background-position":"center center","background-size":"auto","background-attachment":"scroll","background-type":"","background-media":"","overlay-type":"","overlay-color":"","overlay-opacity":"","overlay-gradient":""},"mobile":{"background-color":"var(--ast-global-color-5)","background-image":"","background-repeat":"repeat","background-position":"center center","background-size":"auto","background-attachment":"scroll","background-type":"","background-media":"","overlay-type":"","overlay-color":"","overlay-opacity":"","overlay-gradient":""}}},"product_brand":[],"product_cat":[28],"product_tag":[],"class_list":{"0":"post-2657","1":"product","2":"type-product","3":"status-publish","4":"has-post-thumbnail","6":"product_cat-concrete-forming","7":"desktop-align-left","8":"tablet-align-left","9":"mobile-align-left","10":"ast-product-gallery-layout-horizontal-slider","11":"ast-product-tabs-layout-horizontal","13":"first","14":"instock","15":"shipping-taxable","16":"purchasable","17":"product-type-simple"},"yoast_head":"<!-- This site is optimized with the Yoast SEO plugin v25.2 - https:\/\/yoast.com\/wordpress\/plugins\/seo\/ -->\n<title>Concrete Forming Flat Steel Socket<\/title>\n<meta name=\"description\" content=\"A concrete forming flat steel socket, also known as a flat steel form tie or simply a form tie, is a device used in concrete formwork systems to secure two parallel forms together during the pouring and curing of concrete.\" \/>\n<meta name=\"robots\" content=\"index, follow, max-snippet:-1, max-image-preview:large, max-video-preview:-1\" \/>\n<link rel=\"canonical\" href=\"https:\/\/qingdaohf.com\/tr\/urun\/yassi-celik-soket\/\" \/>\n<meta property=\"og:locale\" content=\"tr_TR\" \/>\n<meta property=\"og:type\" content=\"article\" \/>\n<meta property=\"og:title\" content=\"Concrete Forming Flat Steel Socket\" \/>\n<meta property=\"og:description\" content=\"A concrete forming flat steel socket, also known as a flat steel form tie or simply a form tie, is a device used in concrete formwork systems to secure two parallel forms together during the pouring and curing of concrete.\" \/>\n<meta property=\"og:url\" content=\"https:\/\/qingdaohf.com\/tr\/urun\/yassi-celik-soket\/\" \/>\n<meta property=\"og:site_name\" content=\"Concrete Form &amp; Rigging Hardware Supplier\" \/>\n<meta property=\"article:publisher\" content=\"https:\/\/www.facebook.com\/qingdaohf\" \/>\n<meta property=\"article:modified_time\" content=\"2025-11-13T01:05:52+00:00\" \/>\n<meta property=\"og:image\" content=\"https:\/\/qingdaohf.com\/wp-content\/uploads\/2023\/03\/Flat-Steel-Socket-1.jpg\" \/>\n\t<meta property=\"og:image:width\" content=\"1000\" \/>\n\t<meta property=\"og:image:height\" content=\"1000\" \/>\n\t<meta property=\"og:image:type\" content=\"image\/jpeg\" \/>\n<meta name=\"twitter:card\" content=\"summary_large_image\" \/>\n<meta name=\"twitter:label1\" content=\"Tahmini okuma s\u00fcresi\" \/>\n\t<meta name=\"twitter:data1\" content=\"1 dakika\" \/>\n<script type=\"application\/ld+json\" class=\"yoast-schema-graph\">{\"@context\":\"https:\/\/schema.org\",\"@graph\":[{\"@type\":\"WebPage\",\"@id\":\"https:\/\/qingdaohf.com\/product\/flat-steel-socket\/\",\"url\":\"https:\/\/qingdaohf.com\/product\/flat-steel-socket\/\",\"name\":\"Concrete Forming Flat Steel Socket\",\"isPartOf\":{\"@id\":\"https:\/\/qingdaohf.com\/bg\/#website\"},\"primaryImageOfPage\":{\"@id\":\"https:\/\/qingdaohf.com\/product\/flat-steel-socket\/#primaryimage\"},\"image\":{\"@id\":\"https:\/\/qingdaohf.com\/product\/flat-steel-socket\/#primaryimage\"},\"thumbnailUrl\":\"https:\/\/qingdaohf.com\/wp-content\/uploads\/2023\/03\/Flat-Steel-Socket-1.jpg\",\"datePublished\":\"2023-03-02T08:03:13+00:00\",\"dateModified\":\"2025-11-13T01:05:52+00:00\",\"description\":\"A concrete forming flat steel socket, also known as a flat steel form tie or simply a form tie, is a device used in concrete formwork systems to secure two parallel forms together during the pouring and curing of concrete.\",\"breadcrumb\":{\"@id\":\"https:\/\/qingdaohf.com\/product\/flat-steel-socket\/#breadcrumb\"},\"inLanguage\":\"tr\",\"potentialAction\":[{\"@type\":\"ReadAction\",\"target\":[\"https:\/\/qingdaohf.com\/product\/flat-steel-socket\/\"]}]},{\"@type\":\"ImageObject\",\"inLanguage\":\"tr\",\"@id\":\"https:\/\/qingdaohf.com\/product\/flat-steel-socket\/#primaryimage\",\"url\":\"https:\/\/qingdaohf.com\/wp-content\/uploads\/2023\/03\/Flat-Steel-Socket-1.jpg\",\"contentUrl\":\"https:\/\/qingdaohf.com\/wp-content\/uploads\/2023\/03\/Flat-Steel-Socket-1.jpg\",\"width\":1000,\"height\":1000,\"caption\":\"Flat Steel Socket\"},{\"@type\":\"BreadcrumbList\",\"@id\":\"https:\/\/qingdaohf.com\/product\/flat-steel-socket\/#breadcrumb\",\"itemListElement\":[{\"@type\":\"ListItem\",\"position\":1,\"name\":\"Home\",\"item\":\"https:\/\/qingdaohf.com\/\"},{\"@type\":\"ListItem\",\"position\":2,\"name\":\"Concrete Forming Accessories and Rigging Hardware\",\"item\":\"https:\/\/qingdaohf.com\/bg\/?page_id=944\"},{\"@type\":\"ListItem\",\"position\":3,\"name\":\"Concrete Forming Flat Steel Socket\"}]},{\"@type\":\"WebSite\",\"@id\":\"https:\/\/qingdaohf.com\/bg\/#website\",\"url\":\"https:\/\/qingdaohf.com\/bg\/\",\"name\":\"Concrete Form & Rigging Hardware Supplier\",\"description\":\"\",\"publisher\":{\"@id\":\"https:\/\/qingdaohf.com\/bg\/#organization\"},\"potentialAction\":[{\"@type\":\"SearchAction\",\"target\":{\"@type\":\"EntryPoint\",\"urlTemplate\":\"https:\/\/qingdaohf.com\/bg\/?s={search_term_string}\"},\"query-input\":{\"@type\":\"PropertyValueSpecification\",\"valueRequired\":true,\"valueName\":\"search_term_string\"}}],\"inLanguage\":\"tr\"},{\"@type\":\"Organization\",\"@id\":\"https:\/\/qingdaohf.com\/bg\/#organization\",\"name\":\"Qingdao H&F\",\"url\":\"https:\/\/qingdaohf.com\/bg\/\",\"logo\":{\"@type\":\"ImageObject\",\"inLanguage\":\"tr\",\"@id\":\"https:\/\/qingdaohf.com\/bg\/#\/schema\/logo\/image\/\",\"url\":\"https:\/\/qingdaohf.com\/wp-content\/uploads\/2022\/12\/cropped-HF-LOGO.png\",\"contentUrl\":\"https:\/\/qingdaohf.com\/wp-content\/uploads\/2022\/12\/cropped-HF-LOGO.png\",\"width\":391,\"height\":249,\"caption\":\"Qingdao H&F\"},\"image\":{\"@id\":\"https:\/\/qingdaohf.com\/bg\/#\/schema\/logo\/image\/\"},\"sameAs\":[\"https:\/\/www.facebook.com\/qingdaohf\"]}]}<\/script>\n<!-- \/ Yoast SEO plugin. -->","yoast_head_json":{"title":"Concrete Forming Flat Steel Socket","description":"A concrete forming flat steel socket, also known as a flat steel form tie or simply a form tie, is a device used in concrete formwork systems to secure two parallel forms together during the pouring and curing of concrete.","robots":{"index":"index","follow":"follow","max-snippet":"max-snippet:-1","max-image-preview":"max-image-preview:large","max-video-preview":"max-video-preview:-1"},"canonical":"https:\/\/qingdaohf.com\/tr\/urun\/yassi-celik-soket\/","og_locale":"tr_TR","og_type":"article","og_title":"Concrete Forming Flat Steel Socket","og_description":"A concrete forming flat steel socket, also known as a flat steel form tie or simply a form tie, is a device used in concrete formwork systems to secure two parallel forms together during the pouring and curing of concrete.","og_url":"https:\/\/qingdaohf.com\/tr\/urun\/yassi-celik-soket\/","og_site_name":"Concrete Form &amp; Rigging Hardware Supplier","article_publisher":"https:\/\/www.facebook.com\/qingdaohf","article_modified_time":"2025-11-13T01:05:52+00:00","og_image":[{"width":1000,"height":1000,"url":"https:\/\/qingdaohf.com\/wp-content\/uploads\/2023\/03\/Flat-Steel-Socket-1.jpg","type":"image\/jpeg"}],"twitter_card":"summary_large_image","twitter_misc":{"Tahmini okuma s\u00fcresi":"1 dakika"},"schema":{"@context":"https:\/\/schema.org","@graph":[{"@type":"WebPage","@id":"https:\/\/qingdaohf.com\/product\/flat-steel-socket\/","url":"https:\/\/qingdaohf.com\/product\/flat-steel-socket\/","name":"Concrete Forming Flat Steel Socket","isPartOf":{"@id":"https:\/\/qingdaohf.com\/bg\/#website"},"primaryImageOfPage":{"@id":"https:\/\/qingdaohf.com\/product\/flat-steel-socket\/#primaryimage"},"image":{"@id":"https:\/\/qingdaohf.com\/product\/flat-steel-socket\/#primaryimage"},"thumbnailUrl":"https:\/\/qingdaohf.com\/wp-content\/uploads\/2023\/03\/Flat-Steel-Socket-1.jpg","datePublished":"2023-03-02T08:03:13+00:00","dateModified":"2025-11-13T01:05:52+00:00","description":"A concrete forming flat steel socket, also known as a flat steel form tie or simply a form tie, is a device used in concrete formwork systems to secure two parallel forms together during the pouring and curing of concrete.","breadcrumb":{"@id":"https:\/\/qingdaohf.com\/product\/flat-steel-socket\/#breadcrumb"},"inLanguage":"tr","potentialAction":[{"@type":"ReadAction","target":["https:\/\/qingdaohf.com\/product\/flat-steel-socket\/"]}]},{"@type":"ImageObject","inLanguage":"tr","@id":"https:\/\/qingdaohf.com\/product\/flat-steel-socket\/#primaryimage","url":"https:\/\/qingdaohf.com\/wp-content\/uploads\/2023\/03\/Flat-Steel-Socket-1.jpg","contentUrl":"https:\/\/qingdaohf.com\/wp-content\/uploads\/2023\/03\/Flat-Steel-Socket-1.jpg","width":1000,"height":1000,"caption":"Flat Steel Socket"},{"@type":"BreadcrumbList","@id":"https:\/\/qingdaohf.com\/product\/flat-steel-socket\/#breadcrumb","itemListElement":[{"@type":"ListItem","position":1,"name":"Home","item":"https:\/\/qingdaohf.com\/"},{"@type":"ListItem","position":2,"name":"Concrete Forming Accessories and Rigging Hardware","item":"https:\/\/qingdaohf.com\/bg\/?page_id=944"},{"@type":"ListItem","position":3,"name":"Concrete Forming Flat Steel Socket"}]},{"@type":"WebSite","@id":"https:\/\/qingdaohf.com\/bg\/#website","url":"https:\/\/qingdaohf.com\/bg\/","name":"Concrete Form & Rigging Hardware Supplier","description":"","publisher":{"@id":"https:\/\/qingdaohf.com\/bg\/#organization"},"potentialAction":[{"@type":"SearchAction","target":{"@type":"EntryPoint","urlTemplate":"https:\/\/qingdaohf.com\/bg\/?s={search_term_string}"},"query-input":{"@type":"PropertyValueSpecification","valueRequired":true,"valueName":"search_term_string"}}],"inLanguage":"tr"},{"@type":"Organization","@id":"https:\/\/qingdaohf.com\/bg\/#organization","name":"Qingdao H&F","url":"https:\/\/qingdaohf.com\/bg\/","logo":{"@type":"ImageObject","inLanguage":"tr","@id":"https:\/\/qingdaohf.com\/bg\/#\/schema\/logo\/image\/","url":"https:\/\/qingdaohf.com\/wp-content\/uploads\/2022\/12\/cropped-HF-LOGO.png","contentUrl":"https:\/\/qingdaohf.com\/wp-content\/uploads\/2022\/12\/cropped-HF-LOGO.png","width":391,"height":249,"caption":"Qingdao H&F"},"image":{"@id":"https:\/\/qingdaohf.com\/bg\/#\/schema\/logo\/image\/"},"sameAs":["https:\/\/www.facebook.com\/qingdaohf"]}]}},"_links":{"self":[{"href":"https:\/\/qingdaohf.com\/tr\/wp-json\/wp\/v2\/product\/2657","targetHints":{"allow":["GET"]}}],"collection":[{"href":"https:\/\/qingdaohf.com\/tr\/wp-json\/wp\/v2\/product"}],"about":[{"href":"https:\/\/qingdaohf.com\/tr\/wp-json\/wp\/v2\/types\/product"}],"replies":[{"embeddable":true,"href":"https:\/\/qingdaohf.com\/tr\/wp-json\/wp\/v2\/comments?post=2657"}],"version-history":[{"count":2,"href":"https:\/\/qingdaohf.com\/tr\/wp-json\/wp\/v2\/product\/2657\/revisions"}],"predecessor-version":[{"id":10443,"href":"https:\/\/qingdaohf.com\/tr\/wp-json\/wp\/v2\/product\/2657\/revisions\/10443"}],"wp:featuredmedia":[{"embeddable":true,"href":"https:\/\/qingdaohf.com\/tr\/wp-json\/wp\/v2\/media\/3331"}],"wp:attachment":[{"href":"https:\/\/qingdaohf.com\/tr\/wp-json\/wp\/v2\/media?parent=2657"}],"wp:term":[{"taxonomy":"product_brand","embeddable":true,"href":"https:\/\/qingdaohf.com\/tr\/wp-json\/wp\/v2\/product_brand?post=2657"},{"taxonomy":"product_cat","embeddable":true,"href":"https:\/\/qingdaohf.com\/tr\/wp-json\/wp\/v2\/product_cat?post=2657"},{"taxonomy":"product_tag","embeddable":true,"href":"https:\/\/qingdaohf.com\/tr\/wp-json\/wp\/v2\/product_tag?post=2657"}],"curies":[{"name":"wp","href":"https:\/\/api.w.org\/{rel}","templated":true}]}}