{"id":2663,"date":"2023-03-02T16:44:34","date_gmt":"2023-03-02T08:44:34","guid":{"rendered":"http:\/\/qingdaohf.com\/?post_type=product&#038;p=2663"},"modified":"2025-11-13T09:05:51","modified_gmt":"2025-11-13T01:05:51","slug":"straight-threaded-anchor","status":"publish","type":"product","link":"https:\/\/qingdaohf.com\/tr\/urun\/duz-disli-ankraj\/","title":{"rendered":"D\u00fcz Di\u015fli Ankraj"},"content":{"rendered":"<p>Kama Ankraj olarak da bilinen D\u00fcz Di\u015fli Ankraj, a\u011f\u0131r y\u00fckleri beton veya duvar gibi kat\u0131 malzemelere sabitlemek i\u00e7in yayg\u0131n olarak kullan\u0131lan bir ba\u011flant\u0131 eleman\u0131 t\u00fcr\u00fcd\u00fcr. \u00d6nceden delinmi\u015f bir deli\u011fe yerle\u015ftirilen koni \u015feklinde bir uca sahip di\u015fli bir \u00e7ubuktan olu\u015fur. Ankraj daha sonra bir somun s\u0131k\u0131larak ayarlan\u0131r, bu da koni \u015feklindeki ucun geni\u015flemesine ve deli\u011fin kenarlar\u0131na s\u0131k\u0131ca s\u0131k\u0131\u015fmas\u0131na neden olarak g\u00fcvenli bir tutu\u015f sa\u011flar.<\/p>\n<p>D\u00fcz Di\u015fli Ankrajlar tipik olarak paslanmaz \u00e7elik veya karbon \u00e7eli\u011finden yap\u0131l\u0131r ve farkl\u0131 uygulamalara uyacak \u015fekilde \u00e7e\u015fitli uzunluk ve \u00e7aplarda mevcuttur. Genellikle g\u00fc\u00e7l\u00fc ve g\u00fcvenilir bir sabitleme y\u00f6nteminin gerekli oldu\u011fu in\u015faat ve m\u00fchendislik projelerinde kullan\u0131l\u0131rlar. Baz\u0131 tipik uygulamalar aras\u0131nda yap\u0131sal \u00e7elik desteklerin tutturulmas\u0131, ekipman\u0131n beton zeminlere sabitlenmesi ve makine ve ekipman montaj\u0131 yer al\u0131r.<\/p>\n<p><img fetchpriority=\"high\" decoding=\"async\" class=\"alignnone size-full wp-image-3425\" src=\"http:\/\/qingdaohf.com\/wp-content\/uploads\/2023\/03\/51-3.jpg\" alt=\"d\u00fcz di\u015fli ankraj \" width=\"1200\" height=\"524\" srcset=\"https:\/\/qingdaohf.com\/wp-content\/uploads\/2023\/03\/51-3.jpg 1200w, https:\/\/qingdaohf.com\/wp-content\/uploads\/2023\/03\/51-3-300x131.jpg 300w, https:\/\/qingdaohf.com\/wp-content\/uploads\/2023\/03\/51-3-1024x447.jpg 1024w, https:\/\/qingdaohf.com\/wp-content\/uploads\/2023\/03\/51-3-768x335.jpg 768w, https:\/\/qingdaohf.com\/wp-content\/uploads\/2023\/03\/51-3-1000x437.jpg 1000w\" sizes=\"(max-width: 1200px) 100vw, 1200px\" \/><\/p>","protected":false},"excerpt":{"rendered":"<p>Kama Ankraj olarak da bilinen D\u00fcz Di\u015fli Ankraj, a\u011f\u0131r y\u00fckleri beton veya duvar gibi kat\u0131 malzemelere sabitlemek i\u00e7in yayg\u0131n olarak kullan\u0131lan bir ba\u011flant\u0131 eleman\u0131 t\u00fcr\u00fcd\u00fcr. \u00d6nceden delinmi\u015f bir deli\u011fe yerle\u015ftirilen koni \u015feklinde bir uca sahip di\u015fli bir \u00e7ubuktan olu\u015fur. Ankraj daha sonra bir somun s\u0131k\u0131larak ayarlan\u0131r, bu da koni \u015feklindeki ucun geni\u015flemesine ve deli\u011fin kenarlar\u0131na s\u0131k\u0131ca s\u0131k\u0131\u015fmas\u0131na neden olarak g\u00fcvenli bir tutu\u015f sa\u011flar.<\/p>","protected":false},"featured_media":3421,"comment_status":"open","ping_status":"closed","template":"","meta":{"site-sidebar-layout":"default","site-content-layout":"default","ast-site-content-layout":"","site-content-style":"default","site-sidebar-style":"default","ast-global-header-display":"","ast-banner-title-visibility":"","ast-main-header-display":"","ast-hfb-above-header-display":"","ast-hfb-below-header-display":"","ast-hfb-mobile-header-display":"","site-post-title":"","ast-breadcrumbs-content":"","ast-featured-img":"","footer-sml-layout":"","theme-transparent-header-meta":"default","adv-header-id-meta":"","stick-header-meta":"default","header-above-stick-meta":"","header-main-stick-meta":"","header-below-stick-meta":"","astra-migrate-meta-layouts":"default","ast-page-background-enabled":"default","ast-page-background-meta":{"desktop":{"background-color":"","background-image":"","background-repeat":"repeat","background-position":"center center","background-size":"auto","background-attachment":"scroll","background-type":"","background-media":"","overlay-type":"","overlay-color":"","overlay-opacity":"","overlay-gradient":""},"tablet":{"background-color":"","background-image":"","background-repeat":"repeat","background-position":"center center","background-size":"auto","background-attachment":"scroll","background-type":"","background-media":"","overlay-type":"","overlay-color":"","overlay-opacity":"","overlay-gradient":""},"mobile":{"background-color":"","background-image":"","background-repeat":"repeat","background-position":"center center","background-size":"auto","background-attachment":"scroll","background-type":"","background-media":"","overlay-type":"","overlay-color":"","overlay-opacity":"","overlay-gradient":""}},"ast-content-background-meta":{"desktop":{"background-color":"var(--ast-global-color-5)","background-image":"","background-repeat":"repeat","background-position":"center center","background-size":"auto","background-attachment":"scroll","background-type":"","background-media":"","overlay-type":"","overlay-color":"","overlay-opacity":"","overlay-gradient":""},"tablet":{"background-color":"var(--ast-global-color-5)","background-image":"","background-repeat":"repeat","background-position":"center center","background-size":"auto","background-attachment":"scroll","background-type":"","background-media":"","overlay-type":"","overlay-color":"","overlay-opacity":"","overlay-gradient":""},"mobile":{"background-color":"var(--ast-global-color-5)","background-image":"","background-repeat":"repeat","background-position":"center center","background-size":"auto","background-attachment":"scroll","background-type":"","background-media":"","overlay-type":"","overlay-color":"","overlay-opacity":"","overlay-gradient":""}}},"product_brand":[],"product_cat":[50,28,30],"product_tag":[],"class_list":{"0":"post-2663","1":"product","2":"type-product","3":"status-publish","4":"has-post-thumbnail","6":"product_cat-concrete-form-accessories","7":"product_cat-concrete-forming","8":"product_cat-lifting-anchor","9":"desktop-align-left","10":"tablet-align-left","11":"mobile-align-left","12":"ast-product-gallery-layout-horizontal-slider","13":"ast-product-tabs-layout-horizontal","15":"first","16":"instock","17":"shipping-taxable","18":"purchasable","19":"product-type-simple"},"yoast_head":"<!-- This site is optimized with the Yoast SEO plugin v25.2 - https:\/\/yoast.com\/wordpress\/plugins\/seo\/ -->\n<title>Straight Threaded Anchor<\/title>\n<meta name=\"description\" content=\"A Straight Threaded Anchor, also known as a Wedge Anchor, is a type of fastener that is commonly used to secure heavy loads into solid materials such as concrete or masonry.\" \/>\n<meta name=\"robots\" content=\"index, follow, max-snippet:-1, max-image-preview:large, max-video-preview:-1\" \/>\n<link rel=\"canonical\" href=\"https:\/\/qingdaohf.com\/tr\/urun\/duz-disli-ankraj\/\" \/>\n<meta property=\"og:locale\" content=\"tr_TR\" \/>\n<meta property=\"og:type\" content=\"article\" \/>\n<meta property=\"og:title\" content=\"Straight Threaded Anchor\" \/>\n<meta property=\"og:description\" content=\"A Straight Threaded Anchor, also known as a Wedge Anchor, is a type of fastener that is commonly used to secure heavy loads into solid materials such as concrete or masonry.\" \/>\n<meta property=\"og:url\" content=\"https:\/\/qingdaohf.com\/tr\/urun\/duz-disli-ankraj\/\" \/>\n<meta property=\"og:site_name\" content=\"Concrete Form &amp; Rigging Hardware Supplier\" \/>\n<meta property=\"article:publisher\" content=\"https:\/\/www.facebook.com\/qingdaohf\" \/>\n<meta property=\"article:modified_time\" content=\"2025-11-13T01:05:51+00:00\" \/>\n<meta property=\"og:image\" content=\"https:\/\/qingdaohf.com\/wp-content\/uploads\/2023\/03\/straight-threaded-anchor-1.jpg\" \/>\n\t<meta property=\"og:image:width\" content=\"1000\" \/>\n\t<meta property=\"og:image:height\" content=\"1000\" \/>\n\t<meta property=\"og:image:type\" content=\"image\/jpeg\" \/>\n<meta name=\"twitter:card\" content=\"summary_large_image\" \/>\n<meta name=\"twitter:label1\" content=\"Tahmini okuma s\u00fcresi\" \/>\n\t<meta name=\"twitter:data1\" content=\"1 dakika\" \/>\n<script type=\"application\/ld+json\" class=\"yoast-schema-graph\">{\"@context\":\"https:\/\/schema.org\",\"@graph\":[{\"@type\":\"WebPage\",\"@id\":\"https:\/\/qingdaohf.com\/product\/straight-threaded-anchor\/\",\"url\":\"https:\/\/qingdaohf.com\/product\/straight-threaded-anchor\/\",\"name\":\"Straight Threaded Anchor\",\"isPartOf\":{\"@id\":\"https:\/\/qingdaohf.com\/bg\/#website\"},\"primaryImageOfPage\":{\"@id\":\"https:\/\/qingdaohf.com\/product\/straight-threaded-anchor\/#primaryimage\"},\"image\":{\"@id\":\"https:\/\/qingdaohf.com\/product\/straight-threaded-anchor\/#primaryimage\"},\"thumbnailUrl\":\"https:\/\/qingdaohf.com\/wp-content\/uploads\/2023\/03\/straight-threaded-anchor-1.jpg\",\"datePublished\":\"2023-03-02T08:44:34+00:00\",\"dateModified\":\"2025-11-13T01:05:51+00:00\",\"description\":\"A Straight Threaded Anchor, also known as a Wedge Anchor, is a type of fastener that is commonly used to secure heavy loads into solid materials such as concrete or masonry.\",\"breadcrumb\":{\"@id\":\"https:\/\/qingdaohf.com\/product\/straight-threaded-anchor\/#breadcrumb\"},\"inLanguage\":\"tr\",\"potentialAction\":[{\"@type\":\"ReadAction\",\"target\":[\"https:\/\/qingdaohf.com\/product\/straight-threaded-anchor\/\"]}]},{\"@type\":\"ImageObject\",\"inLanguage\":\"tr\",\"@id\":\"https:\/\/qingdaohf.com\/product\/straight-threaded-anchor\/#primaryimage\",\"url\":\"https:\/\/qingdaohf.com\/wp-content\/uploads\/2023\/03\/straight-threaded-anchor-1.jpg\",\"contentUrl\":\"https:\/\/qingdaohf.com\/wp-content\/uploads\/2023\/03\/straight-threaded-anchor-1.jpg\",\"width\":1000,\"height\":1000,\"caption\":\"Straight Threaded Anchor\"},{\"@type\":\"BreadcrumbList\",\"@id\":\"https:\/\/qingdaohf.com\/product\/straight-threaded-anchor\/#breadcrumb\",\"itemListElement\":[{\"@type\":\"ListItem\",\"position\":1,\"name\":\"Home\",\"item\":\"https:\/\/qingdaohf.com\/\"},{\"@type\":\"ListItem\",\"position\":2,\"name\":\"Concrete Forming Accessories and Rigging Hardware\",\"item\":\"https:\/\/qingdaohf.com\/bg\/?page_id=944\"},{\"@type\":\"ListItem\",\"position\":3,\"name\":\"Straight Threaded Anchor\"}]},{\"@type\":\"WebSite\",\"@id\":\"https:\/\/qingdaohf.com\/bg\/#website\",\"url\":\"https:\/\/qingdaohf.com\/bg\/\",\"name\":\"Concrete Form & Rigging Hardware Supplier\",\"description\":\"\",\"publisher\":{\"@id\":\"https:\/\/qingdaohf.com\/bg\/#organization\"},\"potentialAction\":[{\"@type\":\"SearchAction\",\"target\":{\"@type\":\"EntryPoint\",\"urlTemplate\":\"https:\/\/qingdaohf.com\/bg\/?s={search_term_string}\"},\"query-input\":{\"@type\":\"PropertyValueSpecification\",\"valueRequired\":true,\"valueName\":\"search_term_string\"}}],\"inLanguage\":\"tr\"},{\"@type\":\"Organization\",\"@id\":\"https:\/\/qingdaohf.com\/bg\/#organization\",\"name\":\"Qingdao H&F\",\"url\":\"https:\/\/qingdaohf.com\/bg\/\",\"logo\":{\"@type\":\"ImageObject\",\"inLanguage\":\"tr\",\"@id\":\"https:\/\/qingdaohf.com\/bg\/#\/schema\/logo\/image\/\",\"url\":\"https:\/\/qingdaohf.com\/wp-content\/uploads\/2022\/12\/cropped-HF-LOGO.png\",\"contentUrl\":\"https:\/\/qingdaohf.com\/wp-content\/uploads\/2022\/12\/cropped-HF-LOGO.png\",\"width\":391,\"height\":249,\"caption\":\"Qingdao H&F\"},\"image\":{\"@id\":\"https:\/\/qingdaohf.com\/bg\/#\/schema\/logo\/image\/\"},\"sameAs\":[\"https:\/\/www.facebook.com\/qingdaohf\"]}]}<\/script>\n<!-- \/ Yoast SEO plugin. -->","yoast_head_json":{"title":"Straight Threaded Anchor","description":"A Straight Threaded Anchor, also known as a Wedge Anchor, is a type of fastener that is commonly used to secure heavy loads into solid materials such as concrete or masonry.","robots":{"index":"index","follow":"follow","max-snippet":"max-snippet:-1","max-image-preview":"max-image-preview:large","max-video-preview":"max-video-preview:-1"},"canonical":"https:\/\/qingdaohf.com\/tr\/urun\/duz-disli-ankraj\/","og_locale":"tr_TR","og_type":"article","og_title":"Straight Threaded Anchor","og_description":"A Straight Threaded Anchor, also known as a Wedge Anchor, is a type of fastener that is commonly used to secure heavy loads into solid materials such as concrete or masonry.","og_url":"https:\/\/qingdaohf.com\/tr\/urun\/duz-disli-ankraj\/","og_site_name":"Concrete Form &amp; Rigging Hardware Supplier","article_publisher":"https:\/\/www.facebook.com\/qingdaohf","article_modified_time":"2025-11-13T01:05:51+00:00","og_image":[{"width":1000,"height":1000,"url":"https:\/\/qingdaohf.com\/wp-content\/uploads\/2023\/03\/straight-threaded-anchor-1.jpg","type":"image\/jpeg"}],"twitter_card":"summary_large_image","twitter_misc":{"Tahmini okuma s\u00fcresi":"1 dakika"},"schema":{"@context":"https:\/\/schema.org","@graph":[{"@type":"WebPage","@id":"https:\/\/qingdaohf.com\/product\/straight-threaded-anchor\/","url":"https:\/\/qingdaohf.com\/product\/straight-threaded-anchor\/","name":"Straight Threaded Anchor","isPartOf":{"@id":"https:\/\/qingdaohf.com\/bg\/#website"},"primaryImageOfPage":{"@id":"https:\/\/qingdaohf.com\/product\/straight-threaded-anchor\/#primaryimage"},"image":{"@id":"https:\/\/qingdaohf.com\/product\/straight-threaded-anchor\/#primaryimage"},"thumbnailUrl":"https:\/\/qingdaohf.com\/wp-content\/uploads\/2023\/03\/straight-threaded-anchor-1.jpg","datePublished":"2023-03-02T08:44:34+00:00","dateModified":"2025-11-13T01:05:51+00:00","description":"A Straight Threaded Anchor, also known as a Wedge Anchor, is a type of fastener that is commonly used to secure heavy loads into solid materials such as concrete or masonry.","breadcrumb":{"@id":"https:\/\/qingdaohf.com\/product\/straight-threaded-anchor\/#breadcrumb"},"inLanguage":"tr","potentialAction":[{"@type":"ReadAction","target":["https:\/\/qingdaohf.com\/product\/straight-threaded-anchor\/"]}]},{"@type":"ImageObject","inLanguage":"tr","@id":"https:\/\/qingdaohf.com\/product\/straight-threaded-anchor\/#primaryimage","url":"https:\/\/qingdaohf.com\/wp-content\/uploads\/2023\/03\/straight-threaded-anchor-1.jpg","contentUrl":"https:\/\/qingdaohf.com\/wp-content\/uploads\/2023\/03\/straight-threaded-anchor-1.jpg","width":1000,"height":1000,"caption":"Straight Threaded Anchor"},{"@type":"BreadcrumbList","@id":"https:\/\/qingdaohf.com\/product\/straight-threaded-anchor\/#breadcrumb","itemListElement":[{"@type":"ListItem","position":1,"name":"Home","item":"https:\/\/qingdaohf.com\/"},{"@type":"ListItem","position":2,"name":"Concrete Forming Accessories and Rigging Hardware","item":"https:\/\/qingdaohf.com\/bg\/?page_id=944"},{"@type":"ListItem","position":3,"name":"Straight Threaded Anchor"}]},{"@type":"WebSite","@id":"https:\/\/qingdaohf.com\/bg\/#website","url":"https:\/\/qingdaohf.com\/bg\/","name":"Concrete Form & Rigging Hardware Supplier","description":"","publisher":{"@id":"https:\/\/qingdaohf.com\/bg\/#organization"},"potentialAction":[{"@type":"SearchAction","target":{"@type":"EntryPoint","urlTemplate":"https:\/\/qingdaohf.com\/bg\/?s={search_term_string}"},"query-input":{"@type":"PropertyValueSpecification","valueRequired":true,"valueName":"search_term_string"}}],"inLanguage":"tr"},{"@type":"Organization","@id":"https:\/\/qingdaohf.com\/bg\/#organization","name":"Qingdao H&F","url":"https:\/\/qingdaohf.com\/bg\/","logo":{"@type":"ImageObject","inLanguage":"tr","@id":"https:\/\/qingdaohf.com\/bg\/#\/schema\/logo\/image\/","url":"https:\/\/qingdaohf.com\/wp-content\/uploads\/2022\/12\/cropped-HF-LOGO.png","contentUrl":"https:\/\/qingdaohf.com\/wp-content\/uploads\/2022\/12\/cropped-HF-LOGO.png","width":391,"height":249,"caption":"Qingdao H&F"},"image":{"@id":"https:\/\/qingdaohf.com\/bg\/#\/schema\/logo\/image\/"},"sameAs":["https:\/\/www.facebook.com\/qingdaohf"]}]}},"_links":{"self":[{"href":"https:\/\/qingdaohf.com\/tr\/wp-json\/wp\/v2\/product\/2663","targetHints":{"allow":["GET"]}}],"collection":[{"href":"https:\/\/qingdaohf.com\/tr\/wp-json\/wp\/v2\/product"}],"about":[{"href":"https:\/\/qingdaohf.com\/tr\/wp-json\/wp\/v2\/types\/product"}],"replies":[{"embeddable":true,"href":"https:\/\/qingdaohf.com\/tr\/wp-json\/wp\/v2\/comments?post=2663"}],"version-history":[{"count":2,"href":"https:\/\/qingdaohf.com\/tr\/wp-json\/wp\/v2\/product\/2663\/revisions"}],"predecessor-version":[{"id":6119,"href":"https:\/\/qingdaohf.com\/tr\/wp-json\/wp\/v2\/product\/2663\/revisions\/6119"}],"wp:featuredmedia":[{"embeddable":true,"href":"https:\/\/qingdaohf.com\/tr\/wp-json\/wp\/v2\/media\/3421"}],"wp:attachment":[{"href":"https:\/\/qingdaohf.com\/tr\/wp-json\/wp\/v2\/media?parent=2663"}],"wp:term":[{"taxonomy":"product_brand","embeddable":true,"href":"https:\/\/qingdaohf.com\/tr\/wp-json\/wp\/v2\/product_brand?post=2663"},{"taxonomy":"product_cat","embeddable":true,"href":"https:\/\/qingdaohf.com\/tr\/wp-json\/wp\/v2\/product_cat?post=2663"},{"taxonomy":"product_tag","embeddable":true,"href":"https:\/\/qingdaohf.com\/tr\/wp-json\/wp\/v2\/product_tag?post=2663"}],"curies":[{"name":"wp","href":"https:\/\/api.w.org\/{rel}","templated":true}]}}