{"id":2667,"date":"2023-03-02T17:16:46","date_gmt":"2023-03-02T09:16:46","guid":{"rendered":"http:\/\/qingdaohf.com\/?post_type=product&#038;p=2667"},"modified":"2025-11-13T09:05:50","modified_gmt":"2025-11-13T01:05:50","slug":"double-wire-rope-loop-box","status":"publish","type":"product","link":"https:\/\/qingdaohf.com\/tr\/urun\/cift-tel-halat-dongu-kutusu\/","title":{"rendered":"\u00c7ift Telli Halat D\u00f6ng\u00fc Kutusu"},"content":{"rendered":"<p>\u00c7ift Tel Halat D\u00f6ng\u00fc Kutusu tipik olarak, her biri bir tel halat\u0131n bir ucunu tutmak i\u00e7in tasarlanm\u0131\u015f iki a\u00e7\u0131kl\u0131\u011fa sahip metal bir \u00e7er\u00e7eveden olu\u015fur. \u0130ki tel halat daha sonra \u00e7er\u00e7eveden ge\u00e7irilir ve bir d\u00f6vme aleti kullan\u0131larak birbirine eklenir. Ortaya \u00e7\u0131kan d\u00f6ng\u00fc daha sonra a\u011f\u0131r nesneleri kald\u0131rmak i\u00e7in veya daha b\u00fcy\u00fck bir donan\u0131m sisteminin par\u00e7as\u0131 olarak kullan\u0131l\u0131r.<\/p>\n<p>\u00c7ift Halatl\u0131 D\u00f6ng\u00fc Kutusu, a\u011f\u0131r kald\u0131rman\u0131n gerekli oldu\u011fu in\u015faat, denizcilik ve petrol ve gaz end\u00fcstrileri gibi uygulamalarda yayg\u0131n olarak kullan\u0131l\u0131r. Arma sisteminin g\u00fcvenli\u011fini ve g\u00fcvenilirli\u011fini sa\u011flamak i\u00e7in tel halat\u0131 eklerken uygun tekniklerin ve ekipman\u0131n kullan\u0131lmas\u0131 \u00f6nemlidir.<\/p>\n<p><img fetchpriority=\"high\" decoding=\"async\" class=\"alignnone size-full wp-image-3276\" src=\"http:\/\/qingdaohf.com\/wp-content\/uploads\/2023\/03\/55-1.jpg\" alt=\"\u00e7ift tel halat d\u00f6ng\u00fc kutusu \" width=\"1200\" height=\"380\" srcset=\"https:\/\/qingdaohf.com\/wp-content\/uploads\/2023\/03\/55-1.jpg 1200w, https:\/\/qingdaohf.com\/wp-content\/uploads\/2023\/03\/55-1-300x95.jpg 300w, https:\/\/qingdaohf.com\/wp-content\/uploads\/2023\/03\/55-1-1024x324.jpg 1024w, https:\/\/qingdaohf.com\/wp-content\/uploads\/2023\/03\/55-1-768x243.jpg 768w, https:\/\/qingdaohf.com\/wp-content\/uploads\/2023\/03\/55-1-1000x317.jpg 1000w\" sizes=\"(max-width: 1200px) 100vw, 1200px\" \/><\/p>","protected":false},"excerpt":{"rendered":"<p>\u00c7ift Tel Halat D\u00f6ng\u00fc Kutusu, kald\u0131rma ve donan\u0131m end\u00fcstrisinde kullan\u0131lan \u00f6zel bir cihazd\u0131r. Halat\u0131 y\u00fcks\u00fck veya swage olarak da bilinen metal bir man\u015fonla birle\u015ftirerek tel halatta bir d\u00f6ng\u00fc olu\u015fturmak i\u00e7in tasarlanm\u0131\u015ft\u0131r. \u00c7ift Tel Halat D\u00f6ng\u00fc Kutusu, ekleme i\u015fleminin iki ayr\u0131 tel halat segmenti ile yap\u0131lmas\u0131na olanak tan\u0131yarak tek bir tel halat\u0131n iki kat\u0131 mukavemete sahip bir d\u00f6ng\u00fc elde edilmesini sa\u011flar.<\/p>","protected":false},"featured_media":3274,"comment_status":"open","ping_status":"closed","template":"","meta":{"site-sidebar-layout":"default","site-content-layout":"default","ast-site-content-layout":"","site-content-style":"default","site-sidebar-style":"default","ast-global-header-display":"","ast-banner-title-visibility":"","ast-main-header-display":"","ast-hfb-above-header-display":"","ast-hfb-below-header-display":"","ast-hfb-mobile-header-display":"","site-post-title":"","ast-breadcrumbs-content":"","ast-featured-img":"","footer-sml-layout":"","theme-transparent-header-meta":"default","adv-header-id-meta":"","stick-header-meta":"default","header-above-stick-meta":"","header-main-stick-meta":"","header-below-stick-meta":"","astra-migrate-meta-layouts":"default","ast-page-background-enabled":"default","ast-page-background-meta":{"desktop":{"background-color":"","background-image":"","background-repeat":"repeat","background-position":"center center","background-size":"auto","background-attachment":"scroll","background-type":"","background-media":"","overlay-type":"","overlay-color":"","overlay-opacity":"","overlay-gradient":""},"tablet":{"background-color":"","background-image":"","background-repeat":"repeat","background-position":"center center","background-size":"auto","background-attachment":"scroll","background-type":"","background-media":"","overlay-type":"","overlay-color":"","overlay-opacity":"","overlay-gradient":""},"mobile":{"background-color":"","background-image":"","background-repeat":"repeat","background-position":"center center","background-size":"auto","background-attachment":"scroll","background-type":"","background-media":"","overlay-type":"","overlay-color":"","overlay-opacity":"","overlay-gradient":""}},"ast-content-background-meta":{"desktop":{"background-color":"var(--ast-global-color-5)","background-image":"","background-repeat":"repeat","background-position":"center center","background-size":"auto","background-attachment":"scroll","background-type":"","background-media":"","overlay-type":"","overlay-color":"","overlay-opacity":"","overlay-gradient":""},"tablet":{"background-color":"var(--ast-global-color-5)","background-image":"","background-repeat":"repeat","background-position":"center center","background-size":"auto","background-attachment":"scroll","background-type":"","background-media":"","overlay-type":"","overlay-color":"","overlay-opacity":"","overlay-gradient":""},"mobile":{"background-color":"var(--ast-global-color-5)","background-image":"","background-repeat":"repeat","background-position":"center center","background-size":"auto","background-attachment":"scroll","background-type":"","background-media":"","overlay-type":"","overlay-color":"","overlay-opacity":"","overlay-gradient":""}}},"product_brand":[],"product_cat":[30],"product_tag":[],"class_list":{"0":"post-2667","1":"product","2":"type-product","3":"status-publish","4":"has-post-thumbnail","6":"product_cat-lifting-anchor","7":"desktop-align-left","8":"tablet-align-left","9":"mobile-align-left","10":"ast-product-gallery-layout-horizontal-slider","11":"ast-product-tabs-layout-horizontal","13":"first","14":"instock","15":"shipping-taxable","16":"purchasable","17":"product-type-simple"},"yoast_head":"<!-- This site is optimized with the Yoast SEO plugin v25.2 - https:\/\/yoast.com\/wordpress\/plugins\/seo\/ -->\n<title>Double Wire Rope Loop Box<\/title>\n<meta name=\"description\" content=\"The Double Wire Rope Loop Box is a specialized device used in the lifting and rigging industry.\" \/>\n<meta name=\"robots\" content=\"index, follow, max-snippet:-1, max-image-preview:large, max-video-preview:-1\" \/>\n<link rel=\"canonical\" href=\"https:\/\/qingdaohf.com\/tr\/urun\/cift-tel-halat-dongu-kutusu\/\" \/>\n<meta property=\"og:locale\" content=\"tr_TR\" \/>\n<meta property=\"og:type\" content=\"article\" \/>\n<meta property=\"og:title\" content=\"Double Wire Rope Loop Box\" \/>\n<meta property=\"og:description\" content=\"The Double Wire Rope Loop Box is a specialized device used in the lifting and rigging industry.\" \/>\n<meta property=\"og:url\" content=\"https:\/\/qingdaohf.com\/tr\/urun\/cift-tel-halat-dongu-kutusu\/\" \/>\n<meta property=\"og:site_name\" content=\"Concrete Form &amp; Rigging Hardware Supplier\" \/>\n<meta property=\"article:publisher\" content=\"https:\/\/www.facebook.com\/qingdaohf\" \/>\n<meta property=\"article:modified_time\" content=\"2025-11-13T01:05:50+00:00\" \/>\n<meta property=\"og:image\" content=\"https:\/\/qingdaohf.com\/wp-content\/uploads\/2023\/03\/double-wire-rope-loop-box-1.jpg\" \/>\n\t<meta property=\"og:image:width\" content=\"1000\" \/>\n\t<meta property=\"og:image:height\" content=\"1000\" \/>\n\t<meta property=\"og:image:type\" content=\"image\/jpeg\" \/>\n<meta name=\"twitter:card\" content=\"summary_large_image\" \/>\n<meta name=\"twitter:label1\" content=\"Tahmini okuma s\u00fcresi\" \/>\n\t<meta name=\"twitter:data1\" content=\"1 dakika\" \/>\n<script type=\"application\/ld+json\" class=\"yoast-schema-graph\">{\"@context\":\"https:\/\/schema.org\",\"@graph\":[{\"@type\":\"WebPage\",\"@id\":\"https:\/\/qingdaohf.com\/product\/double-wire-rope-loop-box\/\",\"url\":\"https:\/\/qingdaohf.com\/product\/double-wire-rope-loop-box\/\",\"name\":\"Double Wire Rope Loop Box\",\"isPartOf\":{\"@id\":\"https:\/\/qingdaohf.com\/bg\/#website\"},\"primaryImageOfPage\":{\"@id\":\"https:\/\/qingdaohf.com\/product\/double-wire-rope-loop-box\/#primaryimage\"},\"image\":{\"@id\":\"https:\/\/qingdaohf.com\/product\/double-wire-rope-loop-box\/#primaryimage\"},\"thumbnailUrl\":\"https:\/\/qingdaohf.com\/wp-content\/uploads\/2023\/03\/double-wire-rope-loop-box-1.jpg\",\"datePublished\":\"2023-03-02T09:16:46+00:00\",\"dateModified\":\"2025-11-13T01:05:50+00:00\",\"description\":\"The Double Wire Rope Loop Box is a specialized device used in the lifting and rigging industry.\",\"breadcrumb\":{\"@id\":\"https:\/\/qingdaohf.com\/product\/double-wire-rope-loop-box\/#breadcrumb\"},\"inLanguage\":\"tr\",\"potentialAction\":[{\"@type\":\"ReadAction\",\"target\":[\"https:\/\/qingdaohf.com\/product\/double-wire-rope-loop-box\/\"]}]},{\"@type\":\"ImageObject\",\"inLanguage\":\"tr\",\"@id\":\"https:\/\/qingdaohf.com\/product\/double-wire-rope-loop-box\/#primaryimage\",\"url\":\"https:\/\/qingdaohf.com\/wp-content\/uploads\/2023\/03\/double-wire-rope-loop-box-1.jpg\",\"contentUrl\":\"https:\/\/qingdaohf.com\/wp-content\/uploads\/2023\/03\/double-wire-rope-loop-box-1.jpg\",\"width\":1000,\"height\":1000,\"caption\":\"double wire rope loop box\"},{\"@type\":\"BreadcrumbList\",\"@id\":\"https:\/\/qingdaohf.com\/product\/double-wire-rope-loop-box\/#breadcrumb\",\"itemListElement\":[{\"@type\":\"ListItem\",\"position\":1,\"name\":\"Home\",\"item\":\"https:\/\/qingdaohf.com\/\"},{\"@type\":\"ListItem\",\"position\":2,\"name\":\"Concrete Forming Accessories and Rigging Hardware\",\"item\":\"https:\/\/qingdaohf.com\/bg\/?page_id=944\"},{\"@type\":\"ListItem\",\"position\":3,\"name\":\"Double Wire Rope Loop Box\"}]},{\"@type\":\"WebSite\",\"@id\":\"https:\/\/qingdaohf.com\/bg\/#website\",\"url\":\"https:\/\/qingdaohf.com\/bg\/\",\"name\":\"Concrete Form & Rigging Hardware Supplier\",\"description\":\"\",\"publisher\":{\"@id\":\"https:\/\/qingdaohf.com\/bg\/#organization\"},\"potentialAction\":[{\"@type\":\"SearchAction\",\"target\":{\"@type\":\"EntryPoint\",\"urlTemplate\":\"https:\/\/qingdaohf.com\/bg\/?s={search_term_string}\"},\"query-input\":{\"@type\":\"PropertyValueSpecification\",\"valueRequired\":true,\"valueName\":\"search_term_string\"}}],\"inLanguage\":\"tr\"},{\"@type\":\"Organization\",\"@id\":\"https:\/\/qingdaohf.com\/bg\/#organization\",\"name\":\"Qingdao H&F\",\"url\":\"https:\/\/qingdaohf.com\/bg\/\",\"logo\":{\"@type\":\"ImageObject\",\"inLanguage\":\"tr\",\"@id\":\"https:\/\/qingdaohf.com\/bg\/#\/schema\/logo\/image\/\",\"url\":\"https:\/\/qingdaohf.com\/wp-content\/uploads\/2022\/12\/cropped-HF-LOGO.png\",\"contentUrl\":\"https:\/\/qingdaohf.com\/wp-content\/uploads\/2022\/12\/cropped-HF-LOGO.png\",\"width\":391,\"height\":249,\"caption\":\"Qingdao H&F\"},\"image\":{\"@id\":\"https:\/\/qingdaohf.com\/bg\/#\/schema\/logo\/image\/\"},\"sameAs\":[\"https:\/\/www.facebook.com\/qingdaohf\"]}]}<\/script>\n<!-- \/ Yoast SEO plugin. -->","yoast_head_json":{"title":"Double Wire Rope Loop Box","description":"The Double Wire Rope Loop Box is a specialized device used in the lifting and rigging industry.","robots":{"index":"index","follow":"follow","max-snippet":"max-snippet:-1","max-image-preview":"max-image-preview:large","max-video-preview":"max-video-preview:-1"},"canonical":"https:\/\/qingdaohf.com\/tr\/urun\/cift-tel-halat-dongu-kutusu\/","og_locale":"tr_TR","og_type":"article","og_title":"Double Wire Rope Loop Box","og_description":"The Double Wire Rope Loop Box is a specialized device used in the lifting and rigging industry.","og_url":"https:\/\/qingdaohf.com\/tr\/urun\/cift-tel-halat-dongu-kutusu\/","og_site_name":"Concrete Form &amp; Rigging Hardware Supplier","article_publisher":"https:\/\/www.facebook.com\/qingdaohf","article_modified_time":"2025-11-13T01:05:50+00:00","og_image":[{"width":1000,"height":1000,"url":"https:\/\/qingdaohf.com\/wp-content\/uploads\/2023\/03\/double-wire-rope-loop-box-1.jpg","type":"image\/jpeg"}],"twitter_card":"summary_large_image","twitter_misc":{"Tahmini okuma s\u00fcresi":"1 dakika"},"schema":{"@context":"https:\/\/schema.org","@graph":[{"@type":"WebPage","@id":"https:\/\/qingdaohf.com\/product\/double-wire-rope-loop-box\/","url":"https:\/\/qingdaohf.com\/product\/double-wire-rope-loop-box\/","name":"Double Wire Rope Loop Box","isPartOf":{"@id":"https:\/\/qingdaohf.com\/bg\/#website"},"primaryImageOfPage":{"@id":"https:\/\/qingdaohf.com\/product\/double-wire-rope-loop-box\/#primaryimage"},"image":{"@id":"https:\/\/qingdaohf.com\/product\/double-wire-rope-loop-box\/#primaryimage"},"thumbnailUrl":"https:\/\/qingdaohf.com\/wp-content\/uploads\/2023\/03\/double-wire-rope-loop-box-1.jpg","datePublished":"2023-03-02T09:16:46+00:00","dateModified":"2025-11-13T01:05:50+00:00","description":"The Double Wire Rope Loop Box is a specialized device used in the lifting and rigging industry.","breadcrumb":{"@id":"https:\/\/qingdaohf.com\/product\/double-wire-rope-loop-box\/#breadcrumb"},"inLanguage":"tr","potentialAction":[{"@type":"ReadAction","target":["https:\/\/qingdaohf.com\/product\/double-wire-rope-loop-box\/"]}]},{"@type":"ImageObject","inLanguage":"tr","@id":"https:\/\/qingdaohf.com\/product\/double-wire-rope-loop-box\/#primaryimage","url":"https:\/\/qingdaohf.com\/wp-content\/uploads\/2023\/03\/double-wire-rope-loop-box-1.jpg","contentUrl":"https:\/\/qingdaohf.com\/wp-content\/uploads\/2023\/03\/double-wire-rope-loop-box-1.jpg","width":1000,"height":1000,"caption":"double wire rope loop box"},{"@type":"BreadcrumbList","@id":"https:\/\/qingdaohf.com\/product\/double-wire-rope-loop-box\/#breadcrumb","itemListElement":[{"@type":"ListItem","position":1,"name":"Home","item":"https:\/\/qingdaohf.com\/"},{"@type":"ListItem","position":2,"name":"Concrete Forming Accessories and Rigging Hardware","item":"https:\/\/qingdaohf.com\/bg\/?page_id=944"},{"@type":"ListItem","position":3,"name":"Double Wire Rope Loop Box"}]},{"@type":"WebSite","@id":"https:\/\/qingdaohf.com\/bg\/#website","url":"https:\/\/qingdaohf.com\/bg\/","name":"Concrete Form & Rigging Hardware Supplier","description":"","publisher":{"@id":"https:\/\/qingdaohf.com\/bg\/#organization"},"potentialAction":[{"@type":"SearchAction","target":{"@type":"EntryPoint","urlTemplate":"https:\/\/qingdaohf.com\/bg\/?s={search_term_string}"},"query-input":{"@type":"PropertyValueSpecification","valueRequired":true,"valueName":"search_term_string"}}],"inLanguage":"tr"},{"@type":"Organization","@id":"https:\/\/qingdaohf.com\/bg\/#organization","name":"Qingdao H&F","url":"https:\/\/qingdaohf.com\/bg\/","logo":{"@type":"ImageObject","inLanguage":"tr","@id":"https:\/\/qingdaohf.com\/bg\/#\/schema\/logo\/image\/","url":"https:\/\/qingdaohf.com\/wp-content\/uploads\/2022\/12\/cropped-HF-LOGO.png","contentUrl":"https:\/\/qingdaohf.com\/wp-content\/uploads\/2022\/12\/cropped-HF-LOGO.png","width":391,"height":249,"caption":"Qingdao H&F"},"image":{"@id":"https:\/\/qingdaohf.com\/bg\/#\/schema\/logo\/image\/"},"sameAs":["https:\/\/www.facebook.com\/qingdaohf"]}]}},"_links":{"self":[{"href":"https:\/\/qingdaohf.com\/tr\/wp-json\/wp\/v2\/product\/2667","targetHints":{"allow":["GET"]}}],"collection":[{"href":"https:\/\/qingdaohf.com\/tr\/wp-json\/wp\/v2\/product"}],"about":[{"href":"https:\/\/qingdaohf.com\/tr\/wp-json\/wp\/v2\/types\/product"}],"replies":[{"embeddable":true,"href":"https:\/\/qingdaohf.com\/tr\/wp-json\/wp\/v2\/comments?post=2667"}],"version-history":[{"count":2,"href":"https:\/\/qingdaohf.com\/tr\/wp-json\/wp\/v2\/product\/2667\/revisions"}],"predecessor-version":[{"id":5359,"href":"https:\/\/qingdaohf.com\/tr\/wp-json\/wp\/v2\/product\/2667\/revisions\/5359"}],"wp:featuredmedia":[{"embeddable":true,"href":"https:\/\/qingdaohf.com\/tr\/wp-json\/wp\/v2\/media\/3274"}],"wp:attachment":[{"href":"https:\/\/qingdaohf.com\/tr\/wp-json\/wp\/v2\/media?parent=2667"}],"wp:term":[{"taxonomy":"product_brand","embeddable":true,"href":"https:\/\/qingdaohf.com\/tr\/wp-json\/wp\/v2\/product_brand?post=2667"},{"taxonomy":"product_cat","embeddable":true,"href":"https:\/\/qingdaohf.com\/tr\/wp-json\/wp\/v2\/product_cat?post=2667"},{"taxonomy":"product_tag","embeddable":true,"href":"https:\/\/qingdaohf.com\/tr\/wp-json\/wp\/v2\/product_tag?post=2667"}],"curies":[{"name":"wp","href":"https:\/\/api.w.org\/{rel}","templated":true}]}}