{"id":2677,"date":"2023-03-03T14:46:34","date_gmt":"2023-03-03T06:46:34","guid":{"rendered":"http:\/\/qingdaohf.com\/?post_type=product&#038;p=2677"},"modified":"2025-11-13T09:05:33","modified_gmt":"2025-11-13T01:05:33","slug":"plastic-bolt-nylon-bolt","status":"publish","type":"product","link":"https:\/\/qingdaohf.com\/tr\/urun\/plasti\u0307k-ci\u0307vata-naylon-ci\u0307vata\/","title":{"rendered":"Plastik C\u0131vata Naylon c\u0131vata"},"content":{"rendered":"<p>Plastik c\u0131vatalar ve naylon c\u0131vatalar korozyon direnci, iletken olmama ve hafiflik \u00f6zelliklerinin \u00f6nemli oldu\u011fu \u00e7e\u015fitli uygulamalarda kullan\u0131lan ba\u011flant\u0131 eleman\u0131 t\u00fcrleridir. Her iki c\u0131vata t\u00fcr\u00fc de plastikten yap\u0131lm\u0131\u015f olsa da, \u00f6zelliklerinde ve uygulamalar\u0131nda baz\u0131 farkl\u0131l\u0131klar vard\u0131r.<\/p>\n<p>Plastik c\u0131vatalar genellikle PVC, polikarbonat veya ABS gibi malzemelerden yap\u0131l\u0131r. Hafiftirler ve iyi kimyasal diren\u00e7 sunarlar, bu da onlar\u0131 elektronik, tabela ve su ar\u0131tma tesisleri gibi uygulamalarda kullan\u0131m i\u00e7in uygun hale getirir. Bununla birlikte, plastik c\u0131vatalar\u0131n g\u00fcc\u00fc s\u0131n\u0131rl\u0131d\u0131r ve a\u011f\u0131r hizmet uygulamalar\u0131 i\u00e7in \u00f6nerilmez.<\/p>\n<p>Naylon c\u0131vatalar ise g\u00fc\u00e7l\u00fc, dayan\u0131kl\u0131 ve a\u015f\u0131nmaya diren\u00e7li bir plastik t\u00fcr\u00fc olan naylon 6\/6'dan yap\u0131l\u0131r. Naylon c\u0131vatalar iyi mekanik \u00f6zelliklere sahiptir ve otomotiv, havac\u0131l\u0131k ve denizcilik end\u00fcstrileri gibi y\u00fcksek mukavemet ve toklu\u011fun gerekli oldu\u011fu uygulamalarda kullan\u0131labilir.<\/p>\n<p>Hem plastik hem de naylon c\u0131vatalar, alt\u0131gen ba\u015fl\u0131 c\u0131vatalar, soket ba\u015fl\u0131 c\u0131vatalar ve flan\u015f c\u0131vatalar\u0131 dahil olmak \u00fczere \u00e7e\u015fitli boyut ve stillerde gelir. Ayr\u0131ca renk kodlama uygulamalar\u0131 i\u00e7in faydal\u0131 olabilecek farkl\u0131 renklerde de mevcutturlar. Bununla birlikte, optimum performans ve g\u00fcvenli\u011fi sa\u011flamak i\u00e7in belirli bir uygulama i\u00e7in do\u011fru plastik veya naylon c\u0131vata t\u00fcr\u00fcn\u00fc se\u00e7mek \u00f6nemlidir.<\/p>\n<p><img fetchpriority=\"high\" decoding=\"async\" class=\"alignnone size-full wp-image-3473\" src=\"http:\/\/qingdaohf.com\/wp-content\/uploads\/2023\/03\/61-3.jpg\" alt=\"plasti\u0307k ci\u0307vata\" width=\"1200\" height=\"540\" srcset=\"https:\/\/qingdaohf.com\/wp-content\/uploads\/2023\/03\/61-3.jpg 1200w, https:\/\/qingdaohf.com\/wp-content\/uploads\/2023\/03\/61-3-300x135.jpg 300w, https:\/\/qingdaohf.com\/wp-content\/uploads\/2023\/03\/61-3-1024x461.jpg 1024w, https:\/\/qingdaohf.com\/wp-content\/uploads\/2023\/03\/61-3-768x346.jpg 768w, https:\/\/qingdaohf.com\/wp-content\/uploads\/2023\/03\/61-3-1000x450.jpg 1000w\" sizes=\"(max-width: 1200px) 100vw, 1200px\" \/><\/p>","protected":false},"excerpt":{"rendered":"<p>Plastik c\u0131vatalar ve naylon c\u0131vatalar korozyon direnci, iletken olmama ve hafiflik \u00f6zelliklerinin \u00f6nemli oldu\u011fu \u00e7e\u015fitli uygulamalarda kullan\u0131lan ba\u011flant\u0131 eleman\u0131 t\u00fcrleridir. Her iki c\u0131vata t\u00fcr\u00fc de plastikten yap\u0131lm\u0131\u015f olsa da, \u00f6zelliklerinde ve uygulamalar\u0131nda baz\u0131 farkl\u0131l\u0131klar vard\u0131r.<\/p>","protected":false},"featured_media":3469,"comment_status":"open","ping_status":"closed","template":"","meta":{"site-sidebar-layout":"default","site-content-layout":"default","ast-site-content-layout":"","site-content-style":"default","site-sidebar-style":"default","ast-global-header-display":"","ast-banner-title-visibility":"","ast-main-header-display":"","ast-hfb-above-header-display":"","ast-hfb-below-header-display":"","ast-hfb-mobile-header-display":"","site-post-title":"","ast-breadcrumbs-content":"","ast-featured-img":"","footer-sml-layout":"","theme-transparent-header-meta":"default","adv-header-id-meta":"","stick-header-meta":"default","header-above-stick-meta":"","header-main-stick-meta":"","header-below-stick-meta":"","astra-migrate-meta-layouts":"default","ast-page-background-enabled":"default","ast-page-background-meta":{"desktop":{"background-color":"","background-image":"","background-repeat":"repeat","background-position":"center center","background-size":"auto","background-attachment":"scroll","background-type":"","background-media":"","overlay-type":"","overlay-color":"","overlay-opacity":"","overlay-gradient":""},"tablet":{"background-color":"","background-image":"","background-repeat":"repeat","background-position":"center center","background-size":"auto","background-attachment":"scroll","background-type":"","background-media":"","overlay-type":"","overlay-color":"","overlay-opacity":"","overlay-gradient":""},"mobile":{"background-color":"","background-image":"","background-repeat":"repeat","background-position":"center center","background-size":"auto","background-attachment":"scroll","background-type":"","background-media":"","overlay-type":"","overlay-color":"","overlay-opacity":"","overlay-gradient":""}},"ast-content-background-meta":{"desktop":{"background-color":"var(--ast-global-color-5)","background-image":"","background-repeat":"repeat","background-position":"center center","background-size":"auto","background-attachment":"scroll","background-type":"","background-media":"","overlay-type":"","overlay-color":"","overlay-opacity":"","overlay-gradient":""},"tablet":{"background-color":"var(--ast-global-color-5)","background-image":"","background-repeat":"repeat","background-position":"center center","background-size":"auto","background-attachment":"scroll","background-type":"","background-media":"","overlay-type":"","overlay-color":"","overlay-opacity":"","overlay-gradient":""},"mobile":{"background-color":"var(--ast-global-color-5)","background-image":"","background-repeat":"repeat","background-position":"center center","background-size":"auto","background-attachment":"scroll","background-type":"","background-media":"","overlay-type":"","overlay-color":"","overlay-opacity":"","overlay-gradient":""}}},"product_brand":[],"product_cat":[31],"product_tag":[],"class_list":{"0":"post-2677","1":"product","2":"type-product","3":"status-publish","4":"has-post-thumbnail","6":"product_cat-fasteners","7":"desktop-align-left","8":"tablet-align-left","9":"mobile-align-left","10":"ast-product-gallery-layout-horizontal-slider","11":"ast-product-tabs-layout-horizontal","13":"first","14":"instock","15":"shipping-taxable","16":"purchasable","17":"product-type-simple"},"yoast_head":"<!-- This site is optimized with the Yoast SEO plugin v25.2 - https:\/\/yoast.com\/wordpress\/plugins\/seo\/ -->\n<title>Plastic Bolt Nylon bolt<\/title>\n<meta name=\"description\" content=\"Plastic bolts and nylon bolts are types of fasteners used in various applications where corrosion resistance, non-conductivity, and lightweight properties are important.\" \/>\n<meta name=\"robots\" content=\"index, follow, max-snippet:-1, max-image-preview:large, max-video-preview:-1\" \/>\n<link rel=\"canonical\" href=\"https:\/\/qingdaohf.com\/tr\/urun\/plasti\u0307k-ci\u0307vata-naylon-ci\u0307vata\/\" \/>\n<meta property=\"og:locale\" content=\"tr_TR\" \/>\n<meta property=\"og:type\" content=\"article\" \/>\n<meta property=\"og:title\" content=\"Plastic Bolt Nylon bolt\" \/>\n<meta property=\"og:description\" content=\"Plastic bolts and nylon bolts are types of fasteners used in various applications where corrosion resistance, non-conductivity, and lightweight properties are important.\" \/>\n<meta property=\"og:url\" content=\"https:\/\/qingdaohf.com\/tr\/urun\/plasti\u0307k-ci\u0307vata-naylon-ci\u0307vata\/\" \/>\n<meta property=\"og:site_name\" content=\"Concrete Form &amp; Rigging Hardware Supplier\" \/>\n<meta property=\"article:publisher\" content=\"https:\/\/www.facebook.com\/qingdaohf\" \/>\n<meta property=\"article:modified_time\" content=\"2025-11-13T01:05:33+00:00\" \/>\n<meta property=\"og:image\" content=\"https:\/\/qingdaohf.com\/wp-content\/uploads\/2023\/03\/plastic-bolt-4.jpg\" \/>\n\t<meta property=\"og:image:width\" content=\"1000\" \/>\n\t<meta property=\"og:image:height\" content=\"1000\" \/>\n\t<meta property=\"og:image:type\" content=\"image\/jpeg\" \/>\n<meta name=\"twitter:card\" content=\"summary_large_image\" \/>\n<meta name=\"twitter:label1\" content=\"Tahmini okuma s\u00fcresi\" \/>\n\t<meta name=\"twitter:data1\" content=\"2 dakika\" \/>\n<script type=\"application\/ld+json\" class=\"yoast-schema-graph\">{\"@context\":\"https:\/\/schema.org\",\"@graph\":[{\"@type\":\"WebPage\",\"@id\":\"https:\/\/qingdaohf.com\/product\/plastic-bolt-nylon-bolt\/\",\"url\":\"https:\/\/qingdaohf.com\/product\/plastic-bolt-nylon-bolt\/\",\"name\":\"Plastic Bolt Nylon bolt\",\"isPartOf\":{\"@id\":\"https:\/\/qingdaohf.com\/bg\/#website\"},\"primaryImageOfPage\":{\"@id\":\"https:\/\/qingdaohf.com\/product\/plastic-bolt-nylon-bolt\/#primaryimage\"},\"image\":{\"@id\":\"https:\/\/qingdaohf.com\/product\/plastic-bolt-nylon-bolt\/#primaryimage\"},\"thumbnailUrl\":\"https:\/\/qingdaohf.com\/wp-content\/uploads\/2023\/03\/plastic-bolt-4.jpg\",\"datePublished\":\"2023-03-03T06:46:34+00:00\",\"dateModified\":\"2025-11-13T01:05:33+00:00\",\"description\":\"Plastic bolts and nylon bolts are types of fasteners used in various applications where corrosion resistance, non-conductivity, and lightweight properties are important.\",\"breadcrumb\":{\"@id\":\"https:\/\/qingdaohf.com\/product\/plastic-bolt-nylon-bolt\/#breadcrumb\"},\"inLanguage\":\"tr\",\"potentialAction\":[{\"@type\":\"ReadAction\",\"target\":[\"https:\/\/qingdaohf.com\/product\/plastic-bolt-nylon-bolt\/\"]}]},{\"@type\":\"ImageObject\",\"inLanguage\":\"tr\",\"@id\":\"https:\/\/qingdaohf.com\/product\/plastic-bolt-nylon-bolt\/#primaryimage\",\"url\":\"https:\/\/qingdaohf.com\/wp-content\/uploads\/2023\/03\/plastic-bolt-4.jpg\",\"contentUrl\":\"https:\/\/qingdaohf.com\/wp-content\/uploads\/2023\/03\/plastic-bolt-4.jpg\",\"width\":1000,\"height\":1000,\"caption\":\"plastic bolt\"},{\"@type\":\"BreadcrumbList\",\"@id\":\"https:\/\/qingdaohf.com\/product\/plastic-bolt-nylon-bolt\/#breadcrumb\",\"itemListElement\":[{\"@type\":\"ListItem\",\"position\":1,\"name\":\"Home\",\"item\":\"https:\/\/qingdaohf.com\/\"},{\"@type\":\"ListItem\",\"position\":2,\"name\":\"Concrete Forming Accessories and Rigging Hardware\",\"item\":\"https:\/\/qingdaohf.com\/bg\/?page_id=944\"},{\"@type\":\"ListItem\",\"position\":3,\"name\":\"Plastic Bolt Nylon bolt\"}]},{\"@type\":\"WebSite\",\"@id\":\"https:\/\/qingdaohf.com\/bg\/#website\",\"url\":\"https:\/\/qingdaohf.com\/bg\/\",\"name\":\"Concrete Form & Rigging Hardware Supplier\",\"description\":\"\",\"publisher\":{\"@id\":\"https:\/\/qingdaohf.com\/bg\/#organization\"},\"potentialAction\":[{\"@type\":\"SearchAction\",\"target\":{\"@type\":\"EntryPoint\",\"urlTemplate\":\"https:\/\/qingdaohf.com\/bg\/?s={search_term_string}\"},\"query-input\":{\"@type\":\"PropertyValueSpecification\",\"valueRequired\":true,\"valueName\":\"search_term_string\"}}],\"inLanguage\":\"tr\"},{\"@type\":\"Organization\",\"@id\":\"https:\/\/qingdaohf.com\/bg\/#organization\",\"name\":\"Qingdao H&F\",\"url\":\"https:\/\/qingdaohf.com\/bg\/\",\"logo\":{\"@type\":\"ImageObject\",\"inLanguage\":\"tr\",\"@id\":\"https:\/\/qingdaohf.com\/bg\/#\/schema\/logo\/image\/\",\"url\":\"https:\/\/qingdaohf.com\/wp-content\/uploads\/2022\/12\/cropped-HF-LOGO.png\",\"contentUrl\":\"https:\/\/qingdaohf.com\/wp-content\/uploads\/2022\/12\/cropped-HF-LOGO.png\",\"width\":391,\"height\":249,\"caption\":\"Qingdao H&F\"},\"image\":{\"@id\":\"https:\/\/qingdaohf.com\/bg\/#\/schema\/logo\/image\/\"},\"sameAs\":[\"https:\/\/www.facebook.com\/qingdaohf\"]}]}<\/script>\n<!-- \/ Yoast SEO plugin. -->","yoast_head_json":{"title":"Plastic Bolt Nylon bolt","description":"Plastic bolts and nylon bolts are types of fasteners used in various applications where corrosion resistance, non-conductivity, and lightweight properties are important.","robots":{"index":"index","follow":"follow","max-snippet":"max-snippet:-1","max-image-preview":"max-image-preview:large","max-video-preview":"max-video-preview:-1"},"canonical":"https:\/\/qingdaohf.com\/tr\/urun\/plasti\u0307k-ci\u0307vata-naylon-ci\u0307vata\/","og_locale":"tr_TR","og_type":"article","og_title":"Plastic Bolt Nylon bolt","og_description":"Plastic bolts and nylon bolts are types of fasteners used in various applications where corrosion resistance, non-conductivity, and lightweight properties are important.","og_url":"https:\/\/qingdaohf.com\/tr\/urun\/plasti\u0307k-ci\u0307vata-naylon-ci\u0307vata\/","og_site_name":"Concrete Form &amp; Rigging Hardware Supplier","article_publisher":"https:\/\/www.facebook.com\/qingdaohf","article_modified_time":"2025-11-13T01:05:33+00:00","og_image":[{"width":1000,"height":1000,"url":"https:\/\/qingdaohf.com\/wp-content\/uploads\/2023\/03\/plastic-bolt-4.jpg","type":"image\/jpeg"}],"twitter_card":"summary_large_image","twitter_misc":{"Tahmini okuma s\u00fcresi":"2 dakika"},"schema":{"@context":"https:\/\/schema.org","@graph":[{"@type":"WebPage","@id":"https:\/\/qingdaohf.com\/product\/plastic-bolt-nylon-bolt\/","url":"https:\/\/qingdaohf.com\/product\/plastic-bolt-nylon-bolt\/","name":"Plastic Bolt Nylon bolt","isPartOf":{"@id":"https:\/\/qingdaohf.com\/bg\/#website"},"primaryImageOfPage":{"@id":"https:\/\/qingdaohf.com\/product\/plastic-bolt-nylon-bolt\/#primaryimage"},"image":{"@id":"https:\/\/qingdaohf.com\/product\/plastic-bolt-nylon-bolt\/#primaryimage"},"thumbnailUrl":"https:\/\/qingdaohf.com\/wp-content\/uploads\/2023\/03\/plastic-bolt-4.jpg","datePublished":"2023-03-03T06:46:34+00:00","dateModified":"2025-11-13T01:05:33+00:00","description":"Plastic bolts and nylon bolts are types of fasteners used in various applications where corrosion resistance, non-conductivity, and lightweight properties are important.","breadcrumb":{"@id":"https:\/\/qingdaohf.com\/product\/plastic-bolt-nylon-bolt\/#breadcrumb"},"inLanguage":"tr","potentialAction":[{"@type":"ReadAction","target":["https:\/\/qingdaohf.com\/product\/plastic-bolt-nylon-bolt\/"]}]},{"@type":"ImageObject","inLanguage":"tr","@id":"https:\/\/qingdaohf.com\/product\/plastic-bolt-nylon-bolt\/#primaryimage","url":"https:\/\/qingdaohf.com\/wp-content\/uploads\/2023\/03\/plastic-bolt-4.jpg","contentUrl":"https:\/\/qingdaohf.com\/wp-content\/uploads\/2023\/03\/plastic-bolt-4.jpg","width":1000,"height":1000,"caption":"plastic bolt"},{"@type":"BreadcrumbList","@id":"https:\/\/qingdaohf.com\/product\/plastic-bolt-nylon-bolt\/#breadcrumb","itemListElement":[{"@type":"ListItem","position":1,"name":"Home","item":"https:\/\/qingdaohf.com\/"},{"@type":"ListItem","position":2,"name":"Concrete Forming Accessories and Rigging Hardware","item":"https:\/\/qingdaohf.com\/bg\/?page_id=944"},{"@type":"ListItem","position":3,"name":"Plastic Bolt Nylon bolt"}]},{"@type":"WebSite","@id":"https:\/\/qingdaohf.com\/bg\/#website","url":"https:\/\/qingdaohf.com\/bg\/","name":"Concrete Form & Rigging Hardware Supplier","description":"","publisher":{"@id":"https:\/\/qingdaohf.com\/bg\/#organization"},"potentialAction":[{"@type":"SearchAction","target":{"@type":"EntryPoint","urlTemplate":"https:\/\/qingdaohf.com\/bg\/?s={search_term_string}"},"query-input":{"@type":"PropertyValueSpecification","valueRequired":true,"valueName":"search_term_string"}}],"inLanguage":"tr"},{"@type":"Organization","@id":"https:\/\/qingdaohf.com\/bg\/#organization","name":"Qingdao H&F","url":"https:\/\/qingdaohf.com\/bg\/","logo":{"@type":"ImageObject","inLanguage":"tr","@id":"https:\/\/qingdaohf.com\/bg\/#\/schema\/logo\/image\/","url":"https:\/\/qingdaohf.com\/wp-content\/uploads\/2022\/12\/cropped-HF-LOGO.png","contentUrl":"https:\/\/qingdaohf.com\/wp-content\/uploads\/2022\/12\/cropped-HF-LOGO.png","width":391,"height":249,"caption":"Qingdao H&F"},"image":{"@id":"https:\/\/qingdaohf.com\/bg\/#\/schema\/logo\/image\/"},"sameAs":["https:\/\/www.facebook.com\/qingdaohf"]}]}},"_links":{"self":[{"href":"https:\/\/qingdaohf.com\/tr\/wp-json\/wp\/v2\/product\/2677","targetHints":{"allow":["GET"]}}],"collection":[{"href":"https:\/\/qingdaohf.com\/tr\/wp-json\/wp\/v2\/product"}],"about":[{"href":"https:\/\/qingdaohf.com\/tr\/wp-json\/wp\/v2\/types\/product"}],"replies":[{"embeddable":true,"href":"https:\/\/qingdaohf.com\/tr\/wp-json\/wp\/v2\/comments?post=2677"}],"version-history":[{"count":2,"href":"https:\/\/qingdaohf.com\/tr\/wp-json\/wp\/v2\/product\/2677\/revisions"}],"predecessor-version":[{"id":7355,"href":"https:\/\/qingdaohf.com\/tr\/wp-json\/wp\/v2\/product\/2677\/revisions\/7355"}],"wp:featuredmedia":[{"embeddable":true,"href":"https:\/\/qingdaohf.com\/tr\/wp-json\/wp\/v2\/media\/3469"}],"wp:attachment":[{"href":"https:\/\/qingdaohf.com\/tr\/wp-json\/wp\/v2\/media?parent=2677"}],"wp:term":[{"taxonomy":"product_brand","embeddable":true,"href":"https:\/\/qingdaohf.com\/tr\/wp-json\/wp\/v2\/product_brand?post=2677"},{"taxonomy":"product_cat","embeddable":true,"href":"https:\/\/qingdaohf.com\/tr\/wp-json\/wp\/v2\/product_cat?post=2677"},{"taxonomy":"product_tag","embeddable":true,"href":"https:\/\/qingdaohf.com\/tr\/wp-json\/wp\/v2\/product_tag?post=2677"}],"curies":[{"name":"wp","href":"https:\/\/api.w.org\/{rel}","templated":true}]}}