{"id":2678,"date":"2023-03-03T15:19:17","date_gmt":"2023-03-03T07:19:17","guid":{"rendered":"http:\/\/qingdaohf.com\/?post_type=product&#038;p=2678"},"modified":"2025-11-13T09:05:33","modified_gmt":"2025-11-13T01:05:33","slug":"pastic-pvc-foam-chamfer","status":"publish","type":"product","link":"https:\/\/qingdaohf.com\/tr\/urun\/pastic-pvc-kopuk-pah\/","title":{"rendered":"Plastik Pvc K\u00f6p\u00fck Pah"},"content":{"rendered":"<p>Plastik PVC k\u00f6p\u00fck pah, in\u015faat projelerinde yayg\u0131n olarak kullan\u0131lan bir yap\u0131 malzemesi t\u00fcr\u00fcd\u00fcr. PVC ve k\u00f6p\u00fck kar\u0131\u015f\u0131m\u0131ndan yap\u0131lan hafif, dayan\u0131kl\u0131 ve \u00e7ok y\u00f6nl\u00fc bir malzemedir. Malzemenin pah \u015fekli, duvarlar, kolonlar ve kiri\u015fler gibi bina y\u00fczeylerinde p\u00fcr\u00fczs\u00fcz kenarlar ve k\u00f6\u015feler olu\u015fturmak i\u00e7in idealdir.<\/p>\n<p>PVC k\u00f6p\u00fck pah neme, hava ko\u015fullar\u0131na ve korozyona kar\u015f\u0131 dayan\u0131kl\u0131l\u0131\u011f\u0131 ile bilinir. Temel aletler ve teknikler kullan\u0131larak kesilebildi\u011fi, \u015fekillendirilebildi\u011fi ve monte edilebildi\u011fi i\u00e7in \u00e7al\u0131\u015fmas\u0131 da kolayd\u0131r. PVC k\u00f6p\u00fck pah \u00e7e\u015fitli boyutlarda ve renklerde gelir, bu da onu hem konut hem de ticari in\u015faatlarda \u00e7e\u015fitli uygulamalar i\u00e7in uygun hale getirir.<\/p>\n<p>\u0130n\u015faatta PVC k\u00f6p\u00fck pah kullanman\u0131n faydalar\u0131ndan baz\u0131lar\u0131, bir yap\u0131n\u0131n toplam a\u011f\u0131rl\u0131\u011f\u0131n\u0131 azaltan hafif yap\u0131s\u0131 ve \u015fok ve titre\u015fimi emme kabiliyetidir. Ayr\u0131ca, PVC k\u00f6p\u00fck pah ah\u015fap, metal ve beton gibi di\u011fer yap\u0131 malzemelerine g\u00f6re uygun maliyetli bir alternatiftir ve bu da onu in\u015faat\u00e7\u0131lar ve m\u00fcteahhitler aras\u0131nda pop\u00fcler bir se\u00e7im haline getirir.<\/p>\n<p><img fetchpriority=\"high\" decoding=\"async\" class=\"alignnone size-full wp-image-3467\" src=\"http:\/\/qingdaohf.com\/wp-content\/uploads\/2023\/03\/Pastic-Pvc-Foam-Chamfer.jpg\" alt=\"Plastik Pvc K\u00f6p\u00fck Pah\" width=\"1200\" height=\"748\" srcset=\"https:\/\/qingdaohf.com\/wp-content\/uploads\/2023\/03\/Pastic-Pvc-Foam-Chamfer.jpg 1200w, https:\/\/qingdaohf.com\/wp-content\/uploads\/2023\/03\/Pastic-Pvc-Foam-Chamfer-300x187.jpg 300w, https:\/\/qingdaohf.com\/wp-content\/uploads\/2023\/03\/Pastic-Pvc-Foam-Chamfer-1024x638.jpg 1024w, https:\/\/qingdaohf.com\/wp-content\/uploads\/2023\/03\/Pastic-Pvc-Foam-Chamfer-768x479.jpg 768w, https:\/\/qingdaohf.com\/wp-content\/uploads\/2023\/03\/Pastic-Pvc-Foam-Chamfer-1000x623.jpg 1000w\" sizes=\"(max-width: 1200px) 100vw, 1200px\" \/><\/p>","protected":false},"excerpt":{"rendered":"<p>Plastik PVC k\u00f6p\u00fck pah, in\u015faat projelerinde yayg\u0131n olarak kullan\u0131lan bir yap\u0131 malzemesi t\u00fcr\u00fcd\u00fcr. PVC ve k\u00f6p\u00fck kar\u0131\u015f\u0131m\u0131ndan yap\u0131lan hafif, dayan\u0131kl\u0131 ve \u00e7ok y\u00f6nl\u00fc bir malzemedir. Malzemenin pah \u015fekli, duvarlar, kolonlar ve kiri\u015fler gibi bina y\u00fczeylerinde p\u00fcr\u00fczs\u00fcz kenarlar ve k\u00f6\u015feler olu\u015fturmak i\u00e7in idealdir.<\/p>","protected":false},"featured_media":3461,"comment_status":"open","ping_status":"closed","template":"","meta":{"site-sidebar-layout":"default","site-content-layout":"default","ast-site-content-layout":"","site-content-style":"default","site-sidebar-style":"default","ast-global-header-display":"","ast-banner-title-visibility":"","ast-main-header-display":"","ast-hfb-above-header-display":"","ast-hfb-below-header-display":"","ast-hfb-mobile-header-display":"","site-post-title":"","ast-breadcrumbs-content":"","ast-featured-img":"","footer-sml-layout":"","theme-transparent-header-meta":"default","adv-header-id-meta":"","stick-header-meta":"default","header-above-stick-meta":"","header-main-stick-meta":"","header-below-stick-meta":"","astra-migrate-meta-layouts":"default","ast-page-background-enabled":"default","ast-page-background-meta":{"desktop":{"background-color":"","background-image":"","background-repeat":"repeat","background-position":"center center","background-size":"auto","background-attachment":"scroll","background-type":"","background-media":"","overlay-type":"","overlay-color":"","overlay-opacity":"","overlay-gradient":""},"tablet":{"background-color":"","background-image":"","background-repeat":"repeat","background-position":"center center","background-size":"auto","background-attachment":"scroll","background-type":"","background-media":"","overlay-type":"","overlay-color":"","overlay-opacity":"","overlay-gradient":""},"mobile":{"background-color":"","background-image":"","background-repeat":"repeat","background-position":"center center","background-size":"auto","background-attachment":"scroll","background-type":"","background-media":"","overlay-type":"","overlay-color":"","overlay-opacity":"","overlay-gradient":""}},"ast-content-background-meta":{"desktop":{"background-color":"var(--ast-global-color-5)","background-image":"","background-repeat":"repeat","background-position":"center center","background-size":"auto","background-attachment":"scroll","background-type":"","background-media":"","overlay-type":"","overlay-color":"","overlay-opacity":"","overlay-gradient":""},"tablet":{"background-color":"var(--ast-global-color-5)","background-image":"","background-repeat":"repeat","background-position":"center center","background-size":"auto","background-attachment":"scroll","background-type":"","background-media":"","overlay-type":"","overlay-color":"","overlay-opacity":"","overlay-gradient":""},"mobile":{"background-color":"var(--ast-global-color-5)","background-image":"","background-repeat":"repeat","background-position":"center center","background-size":"auto","background-attachment":"scroll","background-type":"","background-media":"","overlay-type":"","overlay-color":"","overlay-opacity":"","overlay-gradient":""}}},"product_brand":[],"product_cat":[75],"product_tag":[],"class_list":{"0":"post-2678","1":"product","2":"type-product","3":"status-publish","4":"has-post-thumbnail","6":"product_cat-plastic-and-rubber-product","7":"desktop-align-left","8":"tablet-align-left","9":"mobile-align-left","10":"ast-product-gallery-layout-horizontal-slider","11":"ast-product-tabs-layout-horizontal","13":"first","14":"instock","15":"shipping-taxable","16":"purchasable","17":"product-type-simple"},"yoast_head":"<!-- This site is optimized with the Yoast SEO plugin v25.2 - https:\/\/yoast.com\/wordpress\/plugins\/seo\/ -->\n<title>Pastic Pvc Foam Chamfer<\/title>\n<meta name=\"description\" content=\"Plastic PVC foam chamfer is a type of building material that is commonly used in construction projects.\" \/>\n<meta name=\"robots\" content=\"index, follow, max-snippet:-1, max-image-preview:large, max-video-preview:-1\" \/>\n<link rel=\"canonical\" href=\"https:\/\/qingdaohf.com\/tr\/urun\/pastic-pvc-kopuk-pah\/\" \/>\n<meta property=\"og:locale\" content=\"tr_TR\" \/>\n<meta property=\"og:type\" content=\"article\" \/>\n<meta property=\"og:title\" content=\"Pastic Pvc Foam Chamfer\" \/>\n<meta property=\"og:description\" content=\"Plastic PVC foam chamfer is a type of building material that is commonly used in construction projects.\" \/>\n<meta property=\"og:url\" content=\"https:\/\/qingdaohf.com\/tr\/urun\/pastic-pvc-kopuk-pah\/\" \/>\n<meta property=\"og:site_name\" content=\"Concrete Form &amp; Rigging Hardware Supplier\" \/>\n<meta property=\"article:publisher\" content=\"https:\/\/www.facebook.com\/qingdaohf\" \/>\n<meta property=\"article:modified_time\" content=\"2025-11-13T01:05:33+00:00\" \/>\n<meta property=\"og:image\" content=\"https:\/\/qingdaohf.com\/wp-content\/uploads\/2023\/03\/Pastic-Pvc-Foam-Chamfer-1.jpg\" \/>\n\t<meta property=\"og:image:width\" content=\"1000\" \/>\n\t<meta property=\"og:image:height\" content=\"1000\" \/>\n\t<meta property=\"og:image:type\" content=\"image\/jpeg\" \/>\n<meta name=\"twitter:card\" content=\"summary_large_image\" \/>\n<meta name=\"twitter:label1\" content=\"Tahmini okuma s\u00fcresi\" \/>\n\t<meta name=\"twitter:data1\" content=\"1 dakika\" \/>\n<script type=\"application\/ld+json\" class=\"yoast-schema-graph\">{\"@context\":\"https:\/\/schema.org\",\"@graph\":[{\"@type\":\"WebPage\",\"@id\":\"https:\/\/qingdaohf.com\/product\/pastic-pvc-foam-chamfer\/\",\"url\":\"https:\/\/qingdaohf.com\/product\/pastic-pvc-foam-chamfer\/\",\"name\":\"Pastic Pvc Foam Chamfer\",\"isPartOf\":{\"@id\":\"https:\/\/qingdaohf.com\/bg\/#website\"},\"primaryImageOfPage\":{\"@id\":\"https:\/\/qingdaohf.com\/product\/pastic-pvc-foam-chamfer\/#primaryimage\"},\"image\":{\"@id\":\"https:\/\/qingdaohf.com\/product\/pastic-pvc-foam-chamfer\/#primaryimage\"},\"thumbnailUrl\":\"https:\/\/qingdaohf.com\/wp-content\/uploads\/2023\/03\/Pastic-Pvc-Foam-Chamfer-1.jpg\",\"datePublished\":\"2023-03-03T07:19:17+00:00\",\"dateModified\":\"2025-11-13T01:05:33+00:00\",\"description\":\"Plastic PVC foam chamfer is a type of building material that is commonly used in construction projects.\",\"breadcrumb\":{\"@id\":\"https:\/\/qingdaohf.com\/product\/pastic-pvc-foam-chamfer\/#breadcrumb\"},\"inLanguage\":\"tr\",\"potentialAction\":[{\"@type\":\"ReadAction\",\"target\":[\"https:\/\/qingdaohf.com\/product\/pastic-pvc-foam-chamfer\/\"]}]},{\"@type\":\"ImageObject\",\"inLanguage\":\"tr\",\"@id\":\"https:\/\/qingdaohf.com\/product\/pastic-pvc-foam-chamfer\/#primaryimage\",\"url\":\"https:\/\/qingdaohf.com\/wp-content\/uploads\/2023\/03\/Pastic-Pvc-Foam-Chamfer-1.jpg\",\"contentUrl\":\"https:\/\/qingdaohf.com\/wp-content\/uploads\/2023\/03\/Pastic-Pvc-Foam-Chamfer-1.jpg\",\"width\":1000,\"height\":1000,\"caption\":\"Pastic Pvc Foam Chamfer\"},{\"@type\":\"BreadcrumbList\",\"@id\":\"https:\/\/qingdaohf.com\/product\/pastic-pvc-foam-chamfer\/#breadcrumb\",\"itemListElement\":[{\"@type\":\"ListItem\",\"position\":1,\"name\":\"Home\",\"item\":\"https:\/\/qingdaohf.com\/\"},{\"@type\":\"ListItem\",\"position\":2,\"name\":\"Concrete Forming Accessories and Rigging Hardware\",\"item\":\"https:\/\/qingdaohf.com\/bg\/?page_id=944\"},{\"@type\":\"ListItem\",\"position\":3,\"name\":\"Pastic Pvc Foam Chamfer\"}]},{\"@type\":\"WebSite\",\"@id\":\"https:\/\/qingdaohf.com\/bg\/#website\",\"url\":\"https:\/\/qingdaohf.com\/bg\/\",\"name\":\"Concrete Form & Rigging Hardware Supplier\",\"description\":\"\",\"publisher\":{\"@id\":\"https:\/\/qingdaohf.com\/bg\/#organization\"},\"potentialAction\":[{\"@type\":\"SearchAction\",\"target\":{\"@type\":\"EntryPoint\",\"urlTemplate\":\"https:\/\/qingdaohf.com\/bg\/?s={search_term_string}\"},\"query-input\":{\"@type\":\"PropertyValueSpecification\",\"valueRequired\":true,\"valueName\":\"search_term_string\"}}],\"inLanguage\":\"tr\"},{\"@type\":\"Organization\",\"@id\":\"https:\/\/qingdaohf.com\/bg\/#organization\",\"name\":\"Qingdao H&F\",\"url\":\"https:\/\/qingdaohf.com\/bg\/\",\"logo\":{\"@type\":\"ImageObject\",\"inLanguage\":\"tr\",\"@id\":\"https:\/\/qingdaohf.com\/bg\/#\/schema\/logo\/image\/\",\"url\":\"https:\/\/qingdaohf.com\/wp-content\/uploads\/2022\/12\/cropped-HF-LOGO.png\",\"contentUrl\":\"https:\/\/qingdaohf.com\/wp-content\/uploads\/2022\/12\/cropped-HF-LOGO.png\",\"width\":391,\"height\":249,\"caption\":\"Qingdao H&F\"},\"image\":{\"@id\":\"https:\/\/qingdaohf.com\/bg\/#\/schema\/logo\/image\/\"},\"sameAs\":[\"https:\/\/www.facebook.com\/qingdaohf\"]}]}<\/script>\n<!-- \/ Yoast SEO plugin. -->","yoast_head_json":{"title":"Pastic Pvc Foam Chamfer","description":"Plastic PVC foam chamfer is a type of building material that is commonly used in construction projects.","robots":{"index":"index","follow":"follow","max-snippet":"max-snippet:-1","max-image-preview":"max-image-preview:large","max-video-preview":"max-video-preview:-1"},"canonical":"https:\/\/qingdaohf.com\/tr\/urun\/pastic-pvc-kopuk-pah\/","og_locale":"tr_TR","og_type":"article","og_title":"Pastic Pvc Foam Chamfer","og_description":"Plastic PVC foam chamfer is a type of building material that is commonly used in construction projects.","og_url":"https:\/\/qingdaohf.com\/tr\/urun\/pastic-pvc-kopuk-pah\/","og_site_name":"Concrete Form &amp; Rigging Hardware Supplier","article_publisher":"https:\/\/www.facebook.com\/qingdaohf","article_modified_time":"2025-11-13T01:05:33+00:00","og_image":[{"width":1000,"height":1000,"url":"https:\/\/qingdaohf.com\/wp-content\/uploads\/2023\/03\/Pastic-Pvc-Foam-Chamfer-1.jpg","type":"image\/jpeg"}],"twitter_card":"summary_large_image","twitter_misc":{"Tahmini okuma s\u00fcresi":"1 dakika"},"schema":{"@context":"https:\/\/schema.org","@graph":[{"@type":"WebPage","@id":"https:\/\/qingdaohf.com\/product\/pastic-pvc-foam-chamfer\/","url":"https:\/\/qingdaohf.com\/product\/pastic-pvc-foam-chamfer\/","name":"Pastic Pvc Foam Chamfer","isPartOf":{"@id":"https:\/\/qingdaohf.com\/bg\/#website"},"primaryImageOfPage":{"@id":"https:\/\/qingdaohf.com\/product\/pastic-pvc-foam-chamfer\/#primaryimage"},"image":{"@id":"https:\/\/qingdaohf.com\/product\/pastic-pvc-foam-chamfer\/#primaryimage"},"thumbnailUrl":"https:\/\/qingdaohf.com\/wp-content\/uploads\/2023\/03\/Pastic-Pvc-Foam-Chamfer-1.jpg","datePublished":"2023-03-03T07:19:17+00:00","dateModified":"2025-11-13T01:05:33+00:00","description":"Plastic PVC foam chamfer is a type of building material that is commonly used in construction projects.","breadcrumb":{"@id":"https:\/\/qingdaohf.com\/product\/pastic-pvc-foam-chamfer\/#breadcrumb"},"inLanguage":"tr","potentialAction":[{"@type":"ReadAction","target":["https:\/\/qingdaohf.com\/product\/pastic-pvc-foam-chamfer\/"]}]},{"@type":"ImageObject","inLanguage":"tr","@id":"https:\/\/qingdaohf.com\/product\/pastic-pvc-foam-chamfer\/#primaryimage","url":"https:\/\/qingdaohf.com\/wp-content\/uploads\/2023\/03\/Pastic-Pvc-Foam-Chamfer-1.jpg","contentUrl":"https:\/\/qingdaohf.com\/wp-content\/uploads\/2023\/03\/Pastic-Pvc-Foam-Chamfer-1.jpg","width":1000,"height":1000,"caption":"Pastic Pvc Foam Chamfer"},{"@type":"BreadcrumbList","@id":"https:\/\/qingdaohf.com\/product\/pastic-pvc-foam-chamfer\/#breadcrumb","itemListElement":[{"@type":"ListItem","position":1,"name":"Home","item":"https:\/\/qingdaohf.com\/"},{"@type":"ListItem","position":2,"name":"Concrete Forming Accessories and Rigging Hardware","item":"https:\/\/qingdaohf.com\/bg\/?page_id=944"},{"@type":"ListItem","position":3,"name":"Pastic Pvc Foam Chamfer"}]},{"@type":"WebSite","@id":"https:\/\/qingdaohf.com\/bg\/#website","url":"https:\/\/qingdaohf.com\/bg\/","name":"Concrete Form & Rigging Hardware Supplier","description":"","publisher":{"@id":"https:\/\/qingdaohf.com\/bg\/#organization"},"potentialAction":[{"@type":"SearchAction","target":{"@type":"EntryPoint","urlTemplate":"https:\/\/qingdaohf.com\/bg\/?s={search_term_string}"},"query-input":{"@type":"PropertyValueSpecification","valueRequired":true,"valueName":"search_term_string"}}],"inLanguage":"tr"},{"@type":"Organization","@id":"https:\/\/qingdaohf.com\/bg\/#organization","name":"Qingdao H&F","url":"https:\/\/qingdaohf.com\/bg\/","logo":{"@type":"ImageObject","inLanguage":"tr","@id":"https:\/\/qingdaohf.com\/bg\/#\/schema\/logo\/image\/","url":"https:\/\/qingdaohf.com\/wp-content\/uploads\/2022\/12\/cropped-HF-LOGO.png","contentUrl":"https:\/\/qingdaohf.com\/wp-content\/uploads\/2022\/12\/cropped-HF-LOGO.png","width":391,"height":249,"caption":"Qingdao H&F"},"image":{"@id":"https:\/\/qingdaohf.com\/bg\/#\/schema\/logo\/image\/"},"sameAs":["https:\/\/www.facebook.com\/qingdaohf"]}]}},"_links":{"self":[{"href":"https:\/\/qingdaohf.com\/tr\/wp-json\/wp\/v2\/product\/2678","targetHints":{"allow":["GET"]}}],"collection":[{"href":"https:\/\/qingdaohf.com\/tr\/wp-json\/wp\/v2\/product"}],"about":[{"href":"https:\/\/qingdaohf.com\/tr\/wp-json\/wp\/v2\/types\/product"}],"replies":[{"embeddable":true,"href":"https:\/\/qingdaohf.com\/tr\/wp-json\/wp\/v2\/comments?post=2678"}],"version-history":[{"count":2,"href":"https:\/\/qingdaohf.com\/tr\/wp-json\/wp\/v2\/product\/2678\/revisions"}],"predecessor-version":[{"id":7013,"href":"https:\/\/qingdaohf.com\/tr\/wp-json\/wp\/v2\/product\/2678\/revisions\/7013"}],"wp:featuredmedia":[{"embeddable":true,"href":"https:\/\/qingdaohf.com\/tr\/wp-json\/wp\/v2\/media\/3461"}],"wp:attachment":[{"href":"https:\/\/qingdaohf.com\/tr\/wp-json\/wp\/v2\/media?parent=2678"}],"wp:term":[{"taxonomy":"product_brand","embeddable":true,"href":"https:\/\/qingdaohf.com\/tr\/wp-json\/wp\/v2\/product_brand?post=2678"},{"taxonomy":"product_cat","embeddable":true,"href":"https:\/\/qingdaohf.com\/tr\/wp-json\/wp\/v2\/product_cat?post=2678"},{"taxonomy":"product_tag","embeddable":true,"href":"https:\/\/qingdaohf.com\/tr\/wp-json\/wp\/v2\/product_tag?post=2678"}],"curies":[{"name":"wp","href":"https:\/\/api.w.org\/{rel}","templated":true}]}}