{"id":2685,"date":"2023-03-03T17:17:35","date_gmt":"2023-03-03T09:17:35","guid":{"rendered":"http:\/\/qingdaohf.com\/?post_type=product&#038;p=2685"},"modified":"2025-11-13T09:05:32","modified_gmt":"2025-11-13T01:05:32","slug":"helix-ground-screw-piles","status":"publish","type":"product","link":"https:\/\/qingdaohf.com\/tr\/urun\/helezon-zemin-vidali-kaziklar\/","title":{"rendered":"Helezon Zemin Vida Kaz\u0131klar\u0131"},"content":{"rendered":"<p>Helezon Zemin Vida Kaz\u0131klar\u0131, \u00e7e\u015fitli in\u015faat projeleri i\u00e7in kullan\u0131lan bir temel sistemi t\u00fcr\u00fcd\u00fcr. Hidrolik makineler kullan\u0131larak zemine \u00e7ak\u0131lan \u00e7elik bir \u015fafta ba\u011fl\u0131 helisel bir vida kanad\u0131ndan olu\u015furlar.<\/p>\n<p>Vida kanad\u0131 tasar\u0131m\u0131, minimum toprak rahats\u0131zl\u0131\u011f\u0131 ile zemine kolay kurulum sa\u011flar ve kayal\u0131k ve kumlu topraklar da dahil olmak \u00fczere \u00e7ok \u00e7e\u015fitli toprak t\u00fcrlerine ve ko\u015fullar\u0131na monte edilebilirler. Helix Zemin Vida Kaz\u0131klar\u0131 ayr\u0131ca kolayca \u00e7\u0131kar\u0131labilir ve yeniden yerle\u015ftirilebilir, bu da onlar\u0131 \u00e7ok y\u00f6nl\u00fc ve uygun maliyetli bir temel \u00e7\u00f6z\u00fcm\u00fc haline getirir.<\/p>\n<p>G\u00fcne\u015f panelleri, g\u00fcverteler, \u00e7itler, tabelalar ve d\u0131\u015f ayd\u0131nlatma i\u00e7in destek yap\u0131lar\u0131 gibi \u00e7e\u015fitli uygulamalarda yayg\u0131n olarak kullan\u0131l\u0131rlar. Helix Zemin Vida Kaz\u0131klar\u0131, daha h\u0131zl\u0131 kurulum, azalt\u0131lm\u0131\u015f \u00e7evresel etki ve artan stabilite dahil olmak \u00fczere geleneksel beton temellere g\u00f6re bir\u00e7ok avantaj\u0131 nedeniyle giderek daha pop\u00fcler hale gelmi\u015ftir.<\/p>\n<p><img fetchpriority=\"high\" decoding=\"async\" class=\"alignnone size-full wp-image-3443\" src=\"http:\/\/qingdaohf.com\/wp-content\/uploads\/2023\/03\/65-1.jpg\" alt=\"Zemin Vidal\u0131 Direk Ankraj\u0131\" width=\"1200\" height=\"1276\" srcset=\"https:\/\/qingdaohf.com\/wp-content\/uploads\/2023\/03\/65-1.jpg 1200w, https:\/\/qingdaohf.com\/wp-content\/uploads\/2023\/03\/65-1-282x300.jpg 282w, https:\/\/qingdaohf.com\/wp-content\/uploads\/2023\/03\/65-1-963x1024.jpg 963w, https:\/\/qingdaohf.com\/wp-content\/uploads\/2023\/03\/65-1-768x817.jpg 768w, https:\/\/qingdaohf.com\/wp-content\/uploads\/2023\/03\/65-1-1000x1063.jpg 1000w\" sizes=\"(max-width: 1200px) 100vw, 1200px\" \/><\/p>","protected":false},"excerpt":{"rendered":"<p>Helezon Zemin Vida Kaz\u0131klar\u0131, \u00e7e\u015fitli in\u015faat projeleri i\u00e7in kullan\u0131lan bir temel sistemi t\u00fcr\u00fcd\u00fcr. Hidrolik makineler kullan\u0131larak zemine \u00e7ak\u0131lan \u00e7elik bir \u015fafta ba\u011fl\u0131 helisel bir vida kanad\u0131ndan olu\u015furlar.<\/p>","protected":false},"featured_media":3442,"comment_status":"open","ping_status":"closed","template":"","meta":{"site-sidebar-layout":"default","site-content-layout":"default","ast-site-content-layout":"","site-content-style":"default","site-sidebar-style":"default","ast-global-header-display":"","ast-banner-title-visibility":"","ast-main-header-display":"","ast-hfb-above-header-display":"","ast-hfb-below-header-display":"","ast-hfb-mobile-header-display":"","site-post-title":"","ast-breadcrumbs-content":"","ast-featured-img":"","footer-sml-layout":"","theme-transparent-header-meta":"default","adv-header-id-meta":"","stick-header-meta":"default","header-above-stick-meta":"","header-main-stick-meta":"","header-below-stick-meta":"","astra-migrate-meta-layouts":"default","ast-page-background-enabled":"default","ast-page-background-meta":{"desktop":{"background-color":"","background-image":"","background-repeat":"repeat","background-position":"center center","background-size":"auto","background-attachment":"scroll","background-type":"","background-media":"","overlay-type":"","overlay-color":"","overlay-opacity":"","overlay-gradient":""},"tablet":{"background-color":"","background-image":"","background-repeat":"repeat","background-position":"center center","background-size":"auto","background-attachment":"scroll","background-type":"","background-media":"","overlay-type":"","overlay-color":"","overlay-opacity":"","overlay-gradient":""},"mobile":{"background-color":"","background-image":"","background-repeat":"repeat","background-position":"center center","background-size":"auto","background-attachment":"scroll","background-type":"","background-media":"","overlay-type":"","overlay-color":"","overlay-opacity":"","overlay-gradient":""}},"ast-content-background-meta":{"desktop":{"background-color":"var(--ast-global-color-5)","background-image":"","background-repeat":"repeat","background-position":"center center","background-size":"auto","background-attachment":"scroll","background-type":"","background-media":"","overlay-type":"","overlay-color":"","overlay-opacity":"","overlay-gradient":""},"tablet":{"background-color":"var(--ast-global-color-5)","background-image":"","background-repeat":"repeat","background-position":"center center","background-size":"auto","background-attachment":"scroll","background-type":"","background-media":"","overlay-type":"","overlay-color":"","overlay-opacity":"","overlay-gradient":""},"mobile":{"background-color":"var(--ast-global-color-5)","background-image":"","background-repeat":"repeat","background-position":"center center","background-size":"auto","background-attachment":"scroll","background-type":"","background-media":"","overlay-type":"","overlay-color":"","overlay-opacity":"","overlay-gradient":""}}},"product_brand":[],"product_cat":[41],"product_tag":[],"class_list":{"0":"post-2685","1":"product","2":"type-product","3":"status-publish","4":"has-post-thumbnail","6":"product_cat-steel-fence-post","7":"desktop-align-left","8":"tablet-align-left","9":"mobile-align-left","10":"ast-product-gallery-layout-horizontal-slider","11":"ast-product-tabs-layout-horizontal","13":"first","14":"instock","15":"shipping-taxable","16":"purchasable","17":"product-type-simple"},"yoast_head":"<!-- This site is optimized with the Yoast SEO plugin v25.2 - https:\/\/yoast.com\/wordpress\/plugins\/seo\/ -->\n<title>Helix Ground Screw Piles<\/title>\n<meta name=\"description\" content=\"Helix Ground Screw Piles are a type of foundation system used for various construction projects.\" \/>\n<meta name=\"robots\" content=\"index, follow, max-snippet:-1, max-image-preview:large, max-video-preview:-1\" \/>\n<link rel=\"canonical\" href=\"https:\/\/qingdaohf.com\/tr\/urun\/helezon-zemin-vidali-kaziklar\/\" \/>\n<meta property=\"og:locale\" content=\"tr_TR\" \/>\n<meta property=\"og:type\" content=\"article\" \/>\n<meta property=\"og:title\" content=\"Helix Ground Screw Piles\" \/>\n<meta property=\"og:description\" content=\"Helix Ground Screw Piles are a type of foundation system used for various construction projects.\" \/>\n<meta property=\"og:url\" content=\"https:\/\/qingdaohf.com\/tr\/urun\/helezon-zemin-vidali-kaziklar\/\" \/>\n<meta property=\"og:site_name\" content=\"Concrete Form &amp; Rigging Hardware Supplier\" \/>\n<meta property=\"article:publisher\" content=\"https:\/\/www.facebook.com\/qingdaohf\" \/>\n<meta property=\"article:modified_time\" content=\"2025-11-13T01:05:32+00:00\" \/>\n<meta property=\"og:image\" content=\"https:\/\/qingdaohf.com\/wp-content\/uploads\/2023\/03\/Ground-Screw-Pole-Anchor-3.jpg\" \/>\n\t<meta property=\"og:image:width\" content=\"1000\" \/>\n\t<meta property=\"og:image:height\" content=\"1000\" \/>\n\t<meta property=\"og:image:type\" content=\"image\/jpeg\" \/>\n<meta name=\"twitter:card\" content=\"summary_large_image\" \/>\n<meta name=\"twitter:label1\" content=\"Tahmini okuma s\u00fcresi\" \/>\n\t<meta name=\"twitter:data1\" content=\"1 dakika\" \/>\n<script type=\"application\/ld+json\" class=\"yoast-schema-graph\">{\"@context\":\"https:\/\/schema.org\",\"@graph\":[{\"@type\":\"WebPage\",\"@id\":\"https:\/\/qingdaohf.com\/product\/helix-ground-screw-piles\/\",\"url\":\"https:\/\/qingdaohf.com\/product\/helix-ground-screw-piles\/\",\"name\":\"Helix Ground Screw Piles\",\"isPartOf\":{\"@id\":\"https:\/\/qingdaohf.com\/bg\/#website\"},\"primaryImageOfPage\":{\"@id\":\"https:\/\/qingdaohf.com\/product\/helix-ground-screw-piles\/#primaryimage\"},\"image\":{\"@id\":\"https:\/\/qingdaohf.com\/product\/helix-ground-screw-piles\/#primaryimage\"},\"thumbnailUrl\":\"https:\/\/qingdaohf.com\/wp-content\/uploads\/2023\/03\/Ground-Screw-Pole-Anchor-3.jpg\",\"datePublished\":\"2023-03-03T09:17:35+00:00\",\"dateModified\":\"2025-11-13T01:05:32+00:00\",\"description\":\"Helix Ground Screw Piles are a type of foundation system used for various construction projects.\",\"breadcrumb\":{\"@id\":\"https:\/\/qingdaohf.com\/product\/helix-ground-screw-piles\/#breadcrumb\"},\"inLanguage\":\"tr\",\"potentialAction\":[{\"@type\":\"ReadAction\",\"target\":[\"https:\/\/qingdaohf.com\/product\/helix-ground-screw-piles\/\"]}]},{\"@type\":\"ImageObject\",\"inLanguage\":\"tr\",\"@id\":\"https:\/\/qingdaohf.com\/product\/helix-ground-screw-piles\/#primaryimage\",\"url\":\"https:\/\/qingdaohf.com\/wp-content\/uploads\/2023\/03\/Ground-Screw-Pole-Anchor-3.jpg\",\"contentUrl\":\"https:\/\/qingdaohf.com\/wp-content\/uploads\/2023\/03\/Ground-Screw-Pole-Anchor-3.jpg\",\"width\":1000,\"height\":1000,\"caption\":\"Ground Screw Pole Anchor\"},{\"@type\":\"BreadcrumbList\",\"@id\":\"https:\/\/qingdaohf.com\/product\/helix-ground-screw-piles\/#breadcrumb\",\"itemListElement\":[{\"@type\":\"ListItem\",\"position\":1,\"name\":\"Home\",\"item\":\"https:\/\/qingdaohf.com\/\"},{\"@type\":\"ListItem\",\"position\":2,\"name\":\"Concrete Forming Accessories and Rigging Hardware\",\"item\":\"https:\/\/qingdaohf.com\/bg\/?page_id=944\"},{\"@type\":\"ListItem\",\"position\":3,\"name\":\"Helix Ground Screw Piles\"}]},{\"@type\":\"WebSite\",\"@id\":\"https:\/\/qingdaohf.com\/bg\/#website\",\"url\":\"https:\/\/qingdaohf.com\/bg\/\",\"name\":\"Concrete Form & Rigging Hardware Supplier\",\"description\":\"\",\"publisher\":{\"@id\":\"https:\/\/qingdaohf.com\/bg\/#organization\"},\"potentialAction\":[{\"@type\":\"SearchAction\",\"target\":{\"@type\":\"EntryPoint\",\"urlTemplate\":\"https:\/\/qingdaohf.com\/bg\/?s={search_term_string}\"},\"query-input\":{\"@type\":\"PropertyValueSpecification\",\"valueRequired\":true,\"valueName\":\"search_term_string\"}}],\"inLanguage\":\"tr\"},{\"@type\":\"Organization\",\"@id\":\"https:\/\/qingdaohf.com\/bg\/#organization\",\"name\":\"Qingdao H&F\",\"url\":\"https:\/\/qingdaohf.com\/bg\/\",\"logo\":{\"@type\":\"ImageObject\",\"inLanguage\":\"tr\",\"@id\":\"https:\/\/qingdaohf.com\/bg\/#\/schema\/logo\/image\/\",\"url\":\"https:\/\/qingdaohf.com\/wp-content\/uploads\/2022\/12\/cropped-HF-LOGO.png\",\"contentUrl\":\"https:\/\/qingdaohf.com\/wp-content\/uploads\/2022\/12\/cropped-HF-LOGO.png\",\"width\":391,\"height\":249,\"caption\":\"Qingdao H&F\"},\"image\":{\"@id\":\"https:\/\/qingdaohf.com\/bg\/#\/schema\/logo\/image\/\"},\"sameAs\":[\"https:\/\/www.facebook.com\/qingdaohf\"]}]}<\/script>\n<!-- \/ Yoast SEO plugin. -->","yoast_head_json":{"title":"Helix Ground Screw Piles","description":"Helix Ground Screw Piles are a type of foundation system used for various construction projects.","robots":{"index":"index","follow":"follow","max-snippet":"max-snippet:-1","max-image-preview":"max-image-preview:large","max-video-preview":"max-video-preview:-1"},"canonical":"https:\/\/qingdaohf.com\/tr\/urun\/helezon-zemin-vidali-kaziklar\/","og_locale":"tr_TR","og_type":"article","og_title":"Helix Ground Screw Piles","og_description":"Helix Ground Screw Piles are a type of foundation system used for various construction projects.","og_url":"https:\/\/qingdaohf.com\/tr\/urun\/helezon-zemin-vidali-kaziklar\/","og_site_name":"Concrete Form &amp; Rigging Hardware Supplier","article_publisher":"https:\/\/www.facebook.com\/qingdaohf","article_modified_time":"2025-11-13T01:05:32+00:00","og_image":[{"width":1000,"height":1000,"url":"https:\/\/qingdaohf.com\/wp-content\/uploads\/2023\/03\/Ground-Screw-Pole-Anchor-3.jpg","type":"image\/jpeg"}],"twitter_card":"summary_large_image","twitter_misc":{"Tahmini okuma s\u00fcresi":"1 dakika"},"schema":{"@context":"https:\/\/schema.org","@graph":[{"@type":"WebPage","@id":"https:\/\/qingdaohf.com\/product\/helix-ground-screw-piles\/","url":"https:\/\/qingdaohf.com\/product\/helix-ground-screw-piles\/","name":"Helix Ground Screw Piles","isPartOf":{"@id":"https:\/\/qingdaohf.com\/bg\/#website"},"primaryImageOfPage":{"@id":"https:\/\/qingdaohf.com\/product\/helix-ground-screw-piles\/#primaryimage"},"image":{"@id":"https:\/\/qingdaohf.com\/product\/helix-ground-screw-piles\/#primaryimage"},"thumbnailUrl":"https:\/\/qingdaohf.com\/wp-content\/uploads\/2023\/03\/Ground-Screw-Pole-Anchor-3.jpg","datePublished":"2023-03-03T09:17:35+00:00","dateModified":"2025-11-13T01:05:32+00:00","description":"Helix Ground Screw Piles are a type of foundation system used for various construction projects.","breadcrumb":{"@id":"https:\/\/qingdaohf.com\/product\/helix-ground-screw-piles\/#breadcrumb"},"inLanguage":"tr","potentialAction":[{"@type":"ReadAction","target":["https:\/\/qingdaohf.com\/product\/helix-ground-screw-piles\/"]}]},{"@type":"ImageObject","inLanguage":"tr","@id":"https:\/\/qingdaohf.com\/product\/helix-ground-screw-piles\/#primaryimage","url":"https:\/\/qingdaohf.com\/wp-content\/uploads\/2023\/03\/Ground-Screw-Pole-Anchor-3.jpg","contentUrl":"https:\/\/qingdaohf.com\/wp-content\/uploads\/2023\/03\/Ground-Screw-Pole-Anchor-3.jpg","width":1000,"height":1000,"caption":"Ground Screw Pole Anchor"},{"@type":"BreadcrumbList","@id":"https:\/\/qingdaohf.com\/product\/helix-ground-screw-piles\/#breadcrumb","itemListElement":[{"@type":"ListItem","position":1,"name":"Home","item":"https:\/\/qingdaohf.com\/"},{"@type":"ListItem","position":2,"name":"Concrete Forming Accessories and Rigging Hardware","item":"https:\/\/qingdaohf.com\/bg\/?page_id=944"},{"@type":"ListItem","position":3,"name":"Helix Ground Screw Piles"}]},{"@type":"WebSite","@id":"https:\/\/qingdaohf.com\/bg\/#website","url":"https:\/\/qingdaohf.com\/bg\/","name":"Concrete Form & Rigging Hardware Supplier","description":"","publisher":{"@id":"https:\/\/qingdaohf.com\/bg\/#organization"},"potentialAction":[{"@type":"SearchAction","target":{"@type":"EntryPoint","urlTemplate":"https:\/\/qingdaohf.com\/bg\/?s={search_term_string}"},"query-input":{"@type":"PropertyValueSpecification","valueRequired":true,"valueName":"search_term_string"}}],"inLanguage":"tr"},{"@type":"Organization","@id":"https:\/\/qingdaohf.com\/bg\/#organization","name":"Qingdao H&F","url":"https:\/\/qingdaohf.com\/bg\/","logo":{"@type":"ImageObject","inLanguage":"tr","@id":"https:\/\/qingdaohf.com\/bg\/#\/schema\/logo\/image\/","url":"https:\/\/qingdaohf.com\/wp-content\/uploads\/2022\/12\/cropped-HF-LOGO.png","contentUrl":"https:\/\/qingdaohf.com\/wp-content\/uploads\/2022\/12\/cropped-HF-LOGO.png","width":391,"height":249,"caption":"Qingdao H&F"},"image":{"@id":"https:\/\/qingdaohf.com\/bg\/#\/schema\/logo\/image\/"},"sameAs":["https:\/\/www.facebook.com\/qingdaohf"]}]}},"_links":{"self":[{"href":"https:\/\/qingdaohf.com\/tr\/wp-json\/wp\/v2\/product\/2685","targetHints":{"allow":["GET"]}}],"collection":[{"href":"https:\/\/qingdaohf.com\/tr\/wp-json\/wp\/v2\/product"}],"about":[{"href":"https:\/\/qingdaohf.com\/tr\/wp-json\/wp\/v2\/types\/product"}],"replies":[{"embeddable":true,"href":"https:\/\/qingdaohf.com\/tr\/wp-json\/wp\/v2\/comments?post=2685"}],"version-history":[{"count":2,"href":"https:\/\/qingdaohf.com\/tr\/wp-json\/wp\/v2\/product\/2685\/revisions"}],"predecessor-version":[{"id":10440,"href":"https:\/\/qingdaohf.com\/tr\/wp-json\/wp\/v2\/product\/2685\/revisions\/10440"}],"wp:featuredmedia":[{"embeddable":true,"href":"https:\/\/qingdaohf.com\/tr\/wp-json\/wp\/v2\/media\/3442"}],"wp:attachment":[{"href":"https:\/\/qingdaohf.com\/tr\/wp-json\/wp\/v2\/media?parent=2685"}],"wp:term":[{"taxonomy":"product_brand","embeddable":true,"href":"https:\/\/qingdaohf.com\/tr\/wp-json\/wp\/v2\/product_brand?post=2685"},{"taxonomy":"product_cat","embeddable":true,"href":"https:\/\/qingdaohf.com\/tr\/wp-json\/wp\/v2\/product_cat?post=2685"},{"taxonomy":"product_tag","embeddable":true,"href":"https:\/\/qingdaohf.com\/tr\/wp-json\/wp\/v2\/product_tag?post=2685"}],"curies":[{"name":"wp","href":"https:\/\/api.w.org\/{rel}","templated":true}]}}