{"id":3269,"date":"2023-04-07T17:27:00","date_gmt":"2023-04-07T09:27:00","guid":{"rendered":"http:\/\/qingdaohf.com\/?post_type=product&#038;p=3269"},"modified":"2025-11-13T09:05:30","modified_gmt":"2025-11-13T01:05:30","slug":"crown-foot-anchor","status":"publish","type":"product","link":"https:\/\/qingdaohf.com\/tr\/urun\/tac-ayak-ankraji\/","title":{"rendered":"Ta\u00e7 Ayak Ankraj\u0131"},"content":{"rendered":"<p>Sivri u\u00e7, sabit bir derinli\u011fe ula\u015fana kadar hidrolik bir \u00e7eki\u00e7 veya benzer bir ekipman kullan\u0131larak zemine veya kayaya \u00e7ak\u0131l\u0131r. Yerine yerle\u015ftirildikten sonra, \u00e7ubu\u011fun \u00fcst k\u0131sm\u0131ndaki ta\u00e7 \u015feklindeki plaka, c\u0131vatalar veya di\u011fer ba\u011flant\u0131 elemanlar\u0131 kullan\u0131larak yap\u0131ya sabitlenir ve g\u00fc\u00e7l\u00fc ve sa\u011flam bir ba\u011flant\u0131 olu\u015fturulur.<\/p>\n<p>Ta\u00e7 Ayak Ankraj\u0131, s\u0131n\u0131rl\u0131 alan, toprak dengesizli\u011fi veya kayal\u0131k arazi gibi saha ko\u015fullar\u0131 nedeniyle geleneksel temellerin uygulanabilir olmad\u0131\u011f\u0131 projeler i\u00e7in etkili bir ankraj \u00e7\u00f6z\u00fcm\u00fcd\u00fcr. Ayr\u0131ca di\u011fer ankraj sistemlerine k\u0131yasla uygun maliyetli bir \u00e7\u00f6z\u00fcmd\u00fcr ve k\u00f6pr\u00fc in\u015faat\u0131, \u015fev stabilizasyonu ve temel deste\u011fi gibi \u00e7e\u015fitli in\u015faat uygulamalar\u0131nda yayg\u0131n olarak kullan\u0131l\u0131r.<\/p>\n<p><img fetchpriority=\"high\" decoding=\"async\" class=\"alignnone size-full wp-image-3273\" src=\"http:\/\/qingdaohf.com\/wp-content\/uploads\/2023\/04\/51-2.jpg\" alt=\"ta\u00e7 ayak ankraj\u0131\" width=\"1200\" height=\"384\" srcset=\"https:\/\/qingdaohf.com\/wp-content\/uploads\/2023\/04\/51-2.jpg 1200w, https:\/\/qingdaohf.com\/wp-content\/uploads\/2023\/04\/51-2-300x96.jpg 300w, https:\/\/qingdaohf.com\/wp-content\/uploads\/2023\/04\/51-2-1024x328.jpg 1024w, https:\/\/qingdaohf.com\/wp-content\/uploads\/2023\/04\/51-2-768x246.jpg 768w, https:\/\/qingdaohf.com\/wp-content\/uploads\/2023\/04\/51-2-1000x320.jpg 1000w\" sizes=\"(max-width: 1200px) 100vw, 1200px\" \/><\/p>","protected":false},"excerpt":{"rendered":"<p>Ta\u00e7 Ayak Ankraj\u0131, in\u015faat ve in\u015faat m\u00fchendisli\u011fi projelerinde istinat duvarlar\u0131, k\u00f6pr\u00fcler ve di\u011fer a\u011f\u0131r y\u00fckler gibi yap\u0131lara stabilite ve destek sa\u011flamak i\u00e7in kullan\u0131lan bir t\u00fcr ankraj sistemidir. Bir ucunda ta\u00e7 \u015feklinde bir plaka ve di\u011fer ucunda sivri bir u\u00e7 bulunan \u00e7elik bir \u00e7ubuktan olu\u015fur.<\/p>","protected":false},"featured_media":3270,"comment_status":"open","ping_status":"closed","template":"","meta":{"site-sidebar-layout":"default","site-content-layout":"default","ast-site-content-layout":"","site-content-style":"default","site-sidebar-style":"default","ast-global-header-display":"","ast-banner-title-visibility":"","ast-main-header-display":"","ast-hfb-above-header-display":"","ast-hfb-below-header-display":"","ast-hfb-mobile-header-display":"","site-post-title":"","ast-breadcrumbs-content":"","ast-featured-img":"","footer-sml-layout":"","theme-transparent-header-meta":"default","adv-header-id-meta":"","stick-header-meta":"default","header-above-stick-meta":"","header-main-stick-meta":"","header-below-stick-meta":"","astra-migrate-meta-layouts":"default","ast-page-background-enabled":"default","ast-page-background-meta":{"desktop":{"background-color":"","background-image":"","background-repeat":"repeat","background-position":"center center","background-size":"auto","background-attachment":"scroll","background-type":"","background-media":"","overlay-type":"","overlay-color":"","overlay-opacity":"","overlay-gradient":""},"tablet":{"background-color":"","background-image":"","background-repeat":"repeat","background-position":"center center","background-size":"auto","background-attachment":"scroll","background-type":"","background-media":"","overlay-type":"","overlay-color":"","overlay-opacity":"","overlay-gradient":""},"mobile":{"background-color":"","background-image":"","background-repeat":"repeat","background-position":"center center","background-size":"auto","background-attachment":"scroll","background-type":"","background-media":"","overlay-type":"","overlay-color":"","overlay-opacity":"","overlay-gradient":""}},"ast-content-background-meta":{"desktop":{"background-color":"var(--ast-global-color-5)","background-image":"","background-repeat":"repeat","background-position":"center center","background-size":"auto","background-attachment":"scroll","background-type":"","background-media":"","overlay-type":"","overlay-color":"","overlay-opacity":"","overlay-gradient":""},"tablet":{"background-color":"var(--ast-global-color-5)","background-image":"","background-repeat":"repeat","background-position":"center center","background-size":"auto","background-attachment":"scroll","background-type":"","background-media":"","overlay-type":"","overlay-color":"","overlay-opacity":"","overlay-gradient":""},"mobile":{"background-color":"var(--ast-global-color-5)","background-image":"","background-repeat":"repeat","background-position":"center center","background-size":"auto","background-attachment":"scroll","background-type":"","background-media":"","overlay-type":"","overlay-color":"","overlay-opacity":"","overlay-gradient":""}}},"product_brand":[],"product_cat":[28,30],"product_tag":[],"class_list":{"0":"post-3269","1":"product","2":"type-product","3":"status-publish","4":"has-post-thumbnail","6":"product_cat-concrete-forming","7":"product_cat-lifting-anchor","8":"desktop-align-left","9":"tablet-align-left","10":"mobile-align-left","11":"ast-product-gallery-layout-horizontal-slider","12":"ast-product-tabs-layout-horizontal","14":"first","15":"instock","16":"shipping-taxable","17":"purchasable","18":"product-type-simple"},"yoast_head":"<!-- This site is optimized with the Yoast SEO plugin v25.2 - https:\/\/yoast.com\/wordpress\/plugins\/seo\/ -->\n<title>Crown Foot Anchor<\/title>\n<meta name=\"description\" content=\"The Crown Foot Anchor is a type of anchoring system used in construction and civil engineering projects to provide stability and support to structures such as retaining walls, bridges, and other heavy loads. It consists of a steel rod with a crown-shaped plate at one end and a pointed end at the other.\" \/>\n<meta name=\"robots\" content=\"index, follow, max-snippet:-1, max-image-preview:large, max-video-preview:-1\" \/>\n<link rel=\"canonical\" href=\"https:\/\/qingdaohf.com\/tr\/urun\/tac-ayak-ankraji\/\" \/>\n<meta property=\"og:locale\" content=\"tr_TR\" \/>\n<meta property=\"og:type\" content=\"article\" \/>\n<meta property=\"og:title\" content=\"Crown Foot Anchor\" \/>\n<meta property=\"og:description\" content=\"The Crown Foot Anchor is a type of anchoring system used in construction and civil engineering projects to provide stability and support to structures such as retaining walls, bridges, and other heavy loads. It consists of a steel rod with a crown-shaped plate at one end and a pointed end at the other.\" \/>\n<meta property=\"og:url\" content=\"https:\/\/qingdaohf.com\/tr\/urun\/tac-ayak-ankraji\/\" \/>\n<meta property=\"og:site_name\" content=\"Concrete Form &amp; Rigging Hardware Supplier\" \/>\n<meta property=\"article:publisher\" content=\"https:\/\/www.facebook.com\/qingdaohf\" \/>\n<meta property=\"article:modified_time\" content=\"2025-11-13T01:05:30+00:00\" \/>\n<meta property=\"og:image\" content=\"https:\/\/qingdaohf.com\/wp-content\/uploads\/2023\/04\/crown-foot-anchor-1.jpg\" \/>\n\t<meta property=\"og:image:width\" content=\"1000\" \/>\n\t<meta property=\"og:image:height\" content=\"1000\" \/>\n\t<meta property=\"og:image:type\" content=\"image\/jpeg\" \/>\n<meta name=\"twitter:card\" content=\"summary_large_image\" \/>\n<meta name=\"twitter:label1\" content=\"Tahmini okuma s\u00fcresi\" \/>\n\t<meta name=\"twitter:data1\" content=\"1 dakika\" \/>\n<script type=\"application\/ld+json\" class=\"yoast-schema-graph\">{\"@context\":\"https:\/\/schema.org\",\"@graph\":[{\"@type\":\"WebPage\",\"@id\":\"https:\/\/qingdaohf.com\/product\/crown-foot-anchor\/\",\"url\":\"https:\/\/qingdaohf.com\/product\/crown-foot-anchor\/\",\"name\":\"Crown Foot Anchor\",\"isPartOf\":{\"@id\":\"https:\/\/qingdaohf.com\/bg\/#website\"},\"primaryImageOfPage\":{\"@id\":\"https:\/\/qingdaohf.com\/product\/crown-foot-anchor\/#primaryimage\"},\"image\":{\"@id\":\"https:\/\/qingdaohf.com\/product\/crown-foot-anchor\/#primaryimage\"},\"thumbnailUrl\":\"https:\/\/qingdaohf.com\/wp-content\/uploads\/2023\/04\/crown-foot-anchor-1.jpg\",\"datePublished\":\"2023-04-07T09:27:00+00:00\",\"dateModified\":\"2025-11-13T01:05:30+00:00\",\"description\":\"The Crown Foot Anchor is a type of anchoring system used in construction and civil engineering projects to provide stability and support to structures such as retaining walls, bridges, and other heavy loads. It consists of a steel rod with a crown-shaped plate at one end and a pointed end at the other.\",\"breadcrumb\":{\"@id\":\"https:\/\/qingdaohf.com\/product\/crown-foot-anchor\/#breadcrumb\"},\"inLanguage\":\"tr\",\"potentialAction\":[{\"@type\":\"ReadAction\",\"target\":[\"https:\/\/qingdaohf.com\/product\/crown-foot-anchor\/\"]}]},{\"@type\":\"ImageObject\",\"inLanguage\":\"tr\",\"@id\":\"https:\/\/qingdaohf.com\/product\/crown-foot-anchor\/#primaryimage\",\"url\":\"https:\/\/qingdaohf.com\/wp-content\/uploads\/2023\/04\/crown-foot-anchor-1.jpg\",\"contentUrl\":\"https:\/\/qingdaohf.com\/wp-content\/uploads\/2023\/04\/crown-foot-anchor-1.jpg\",\"width\":1000,\"height\":1000,\"caption\":\"crown foot anchor\"},{\"@type\":\"BreadcrumbList\",\"@id\":\"https:\/\/qingdaohf.com\/product\/crown-foot-anchor\/#breadcrumb\",\"itemListElement\":[{\"@type\":\"ListItem\",\"position\":1,\"name\":\"Home\",\"item\":\"https:\/\/qingdaohf.com\/\"},{\"@type\":\"ListItem\",\"position\":2,\"name\":\"Concrete Forming Accessories and Rigging Hardware\",\"item\":\"https:\/\/qingdaohf.com\/bg\/?page_id=944\"},{\"@type\":\"ListItem\",\"position\":3,\"name\":\"Crown Foot Anchor\"}]},{\"@type\":\"WebSite\",\"@id\":\"https:\/\/qingdaohf.com\/bg\/#website\",\"url\":\"https:\/\/qingdaohf.com\/bg\/\",\"name\":\"Concrete Form & Rigging Hardware Supplier\",\"description\":\"\",\"publisher\":{\"@id\":\"https:\/\/qingdaohf.com\/bg\/#organization\"},\"potentialAction\":[{\"@type\":\"SearchAction\",\"target\":{\"@type\":\"EntryPoint\",\"urlTemplate\":\"https:\/\/qingdaohf.com\/bg\/?s={search_term_string}\"},\"query-input\":{\"@type\":\"PropertyValueSpecification\",\"valueRequired\":true,\"valueName\":\"search_term_string\"}}],\"inLanguage\":\"tr\"},{\"@type\":\"Organization\",\"@id\":\"https:\/\/qingdaohf.com\/bg\/#organization\",\"name\":\"Qingdao H&F\",\"url\":\"https:\/\/qingdaohf.com\/bg\/\",\"logo\":{\"@type\":\"ImageObject\",\"inLanguage\":\"tr\",\"@id\":\"https:\/\/qingdaohf.com\/bg\/#\/schema\/logo\/image\/\",\"url\":\"https:\/\/qingdaohf.com\/wp-content\/uploads\/2022\/12\/cropped-HF-LOGO.png\",\"contentUrl\":\"https:\/\/qingdaohf.com\/wp-content\/uploads\/2022\/12\/cropped-HF-LOGO.png\",\"width\":391,\"height\":249,\"caption\":\"Qingdao H&F\"},\"image\":{\"@id\":\"https:\/\/qingdaohf.com\/bg\/#\/schema\/logo\/image\/\"},\"sameAs\":[\"https:\/\/www.facebook.com\/qingdaohf\"]}]}<\/script>\n<!-- \/ Yoast SEO plugin. -->","yoast_head_json":{"title":"Crown Foot Anchor","description":"The Crown Foot Anchor is a type of anchoring system used in construction and civil engineering projects to provide stability and support to structures such as retaining walls, bridges, and other heavy loads. It consists of a steel rod with a crown-shaped plate at one end and a pointed end at the other.","robots":{"index":"index","follow":"follow","max-snippet":"max-snippet:-1","max-image-preview":"max-image-preview:large","max-video-preview":"max-video-preview:-1"},"canonical":"https:\/\/qingdaohf.com\/tr\/urun\/tac-ayak-ankraji\/","og_locale":"tr_TR","og_type":"article","og_title":"Crown Foot Anchor","og_description":"The Crown Foot Anchor is a type of anchoring system used in construction and civil engineering projects to provide stability and support to structures such as retaining walls, bridges, and other heavy loads. It consists of a steel rod with a crown-shaped plate at one end and a pointed end at the other.","og_url":"https:\/\/qingdaohf.com\/tr\/urun\/tac-ayak-ankraji\/","og_site_name":"Concrete Form &amp; Rigging Hardware Supplier","article_publisher":"https:\/\/www.facebook.com\/qingdaohf","article_modified_time":"2025-11-13T01:05:30+00:00","og_image":[{"width":1000,"height":1000,"url":"https:\/\/qingdaohf.com\/wp-content\/uploads\/2023\/04\/crown-foot-anchor-1.jpg","type":"image\/jpeg"}],"twitter_card":"summary_large_image","twitter_misc":{"Tahmini okuma s\u00fcresi":"1 dakika"},"schema":{"@context":"https:\/\/schema.org","@graph":[{"@type":"WebPage","@id":"https:\/\/qingdaohf.com\/product\/crown-foot-anchor\/","url":"https:\/\/qingdaohf.com\/product\/crown-foot-anchor\/","name":"Crown Foot Anchor","isPartOf":{"@id":"https:\/\/qingdaohf.com\/bg\/#website"},"primaryImageOfPage":{"@id":"https:\/\/qingdaohf.com\/product\/crown-foot-anchor\/#primaryimage"},"image":{"@id":"https:\/\/qingdaohf.com\/product\/crown-foot-anchor\/#primaryimage"},"thumbnailUrl":"https:\/\/qingdaohf.com\/wp-content\/uploads\/2023\/04\/crown-foot-anchor-1.jpg","datePublished":"2023-04-07T09:27:00+00:00","dateModified":"2025-11-13T01:05:30+00:00","description":"The Crown Foot Anchor is a type of anchoring system used in construction and civil engineering projects to provide stability and support to structures such as retaining walls, bridges, and other heavy loads. It consists of a steel rod with a crown-shaped plate at one end and a pointed end at the other.","breadcrumb":{"@id":"https:\/\/qingdaohf.com\/product\/crown-foot-anchor\/#breadcrumb"},"inLanguage":"tr","potentialAction":[{"@type":"ReadAction","target":["https:\/\/qingdaohf.com\/product\/crown-foot-anchor\/"]}]},{"@type":"ImageObject","inLanguage":"tr","@id":"https:\/\/qingdaohf.com\/product\/crown-foot-anchor\/#primaryimage","url":"https:\/\/qingdaohf.com\/wp-content\/uploads\/2023\/04\/crown-foot-anchor-1.jpg","contentUrl":"https:\/\/qingdaohf.com\/wp-content\/uploads\/2023\/04\/crown-foot-anchor-1.jpg","width":1000,"height":1000,"caption":"crown foot anchor"},{"@type":"BreadcrumbList","@id":"https:\/\/qingdaohf.com\/product\/crown-foot-anchor\/#breadcrumb","itemListElement":[{"@type":"ListItem","position":1,"name":"Home","item":"https:\/\/qingdaohf.com\/"},{"@type":"ListItem","position":2,"name":"Concrete Forming Accessories and Rigging Hardware","item":"https:\/\/qingdaohf.com\/bg\/?page_id=944"},{"@type":"ListItem","position":3,"name":"Crown Foot Anchor"}]},{"@type":"WebSite","@id":"https:\/\/qingdaohf.com\/bg\/#website","url":"https:\/\/qingdaohf.com\/bg\/","name":"Concrete Form & Rigging Hardware Supplier","description":"","publisher":{"@id":"https:\/\/qingdaohf.com\/bg\/#organization"},"potentialAction":[{"@type":"SearchAction","target":{"@type":"EntryPoint","urlTemplate":"https:\/\/qingdaohf.com\/bg\/?s={search_term_string}"},"query-input":{"@type":"PropertyValueSpecification","valueRequired":true,"valueName":"search_term_string"}}],"inLanguage":"tr"},{"@type":"Organization","@id":"https:\/\/qingdaohf.com\/bg\/#organization","name":"Qingdao H&F","url":"https:\/\/qingdaohf.com\/bg\/","logo":{"@type":"ImageObject","inLanguage":"tr","@id":"https:\/\/qingdaohf.com\/bg\/#\/schema\/logo\/image\/","url":"https:\/\/qingdaohf.com\/wp-content\/uploads\/2022\/12\/cropped-HF-LOGO.png","contentUrl":"https:\/\/qingdaohf.com\/wp-content\/uploads\/2022\/12\/cropped-HF-LOGO.png","width":391,"height":249,"caption":"Qingdao H&F"},"image":{"@id":"https:\/\/qingdaohf.com\/bg\/#\/schema\/logo\/image\/"},"sameAs":["https:\/\/www.facebook.com\/qingdaohf"]}]}},"_links":{"self":[{"href":"https:\/\/qingdaohf.com\/tr\/wp-json\/wp\/v2\/product\/3269","targetHints":{"allow":["GET"]}}],"collection":[{"href":"https:\/\/qingdaohf.com\/tr\/wp-json\/wp\/v2\/product"}],"about":[{"href":"https:\/\/qingdaohf.com\/tr\/wp-json\/wp\/v2\/types\/product"}],"replies":[{"embeddable":true,"href":"https:\/\/qingdaohf.com\/tr\/wp-json\/wp\/v2\/comments?post=3269"}],"version-history":[{"count":1,"href":"https:\/\/qingdaohf.com\/tr\/wp-json\/wp\/v2\/product\/3269\/revisions"}],"predecessor-version":[{"id":6117,"href":"https:\/\/qingdaohf.com\/tr\/wp-json\/wp\/v2\/product\/3269\/revisions\/6117"}],"wp:featuredmedia":[{"embeddable":true,"href":"https:\/\/qingdaohf.com\/tr\/wp-json\/wp\/v2\/media\/3270"}],"wp:attachment":[{"href":"https:\/\/qingdaohf.com\/tr\/wp-json\/wp\/v2\/media?parent=3269"}],"wp:term":[{"taxonomy":"product_brand","embeddable":true,"href":"https:\/\/qingdaohf.com\/tr\/wp-json\/wp\/v2\/product_brand?post=3269"},{"taxonomy":"product_cat","embeddable":true,"href":"https:\/\/qingdaohf.com\/tr\/wp-json\/wp\/v2\/product_cat?post=3269"},{"taxonomy":"product_tag","embeddable":true,"href":"https:\/\/qingdaohf.com\/tr\/wp-json\/wp\/v2\/product_tag?post=3269"}],"curies":[{"name":"wp","href":"https:\/\/api.w.org\/{rel}","templated":true}]}}