{"id":3304,"date":"2023-04-07T19:18:06","date_gmt":"2023-04-07T11:18:06","guid":{"rendered":"http:\/\/qingdaohf.com\/?post_type=product&#038;p=3304"},"modified":"2025-11-13T09:05:30","modified_gmt":"2025-11-13T01:05:30","slug":"fixing-sockets","status":"publish","type":"product","link":"https:\/\/qingdaohf.com\/tr\/urun\/sabitleme-soketleri\/","title":{"rendered":"\u00c7apraz Pimli Sabitleme Soketleri | B\u00fck\u00fclm\u00fc\u015f Kuyruk | Dalgal\u0131 Kuyruk"},"content":{"rendered":"<h2>\u00c7apraz Pimli Sabitleme Soketleri<\/h2>\n<p>Soketlerin \u00e7apraz pimlerle sabitlenmesi, iki par\u00e7ay\u0131 veya bile\u015feni birbirine ba\u011flamak i\u00e7in kullan\u0131lan bir y\u00f6ntemdir. Merkezinde bir delik bulunan i\u00e7i bo\u015f bir silindir olan bir soket ve merkezden d\u0131\u015far\u0131 uzanan d\u00f6rt kolu olan silindirik bir pim olan bir \u00e7apraz pimin kullan\u0131lmas\u0131n\u0131 i\u00e7erir. \u00c7apraz pim soketteki deli\u011fe yerle\u015ftirilir ve pimin kollar\u0131 daha sonra ba\u011flanacak bile\u015fenlerdeki kar\u015f\u0131l\u0131k gelen deliklerle hizalan\u0131r.<\/p>\n<p>\u00c7apraz pim yerine yerle\u015ftirildikten sonra somun veya \u00e7atal pim gibi bir ba\u011flant\u0131 eleman\u0131 kullan\u0131larak sabitlenir. Bu, iki bile\u015fen aras\u0131nda g\u00fc\u00e7l\u00fc ve g\u00fcvenilir bir ba\u011flant\u0131 olu\u015fturur ve gerekti\u011finde kolay s\u00f6kme ve yeniden takmaya olanak tan\u0131r.<\/p>\n<p>\u00c7apraz pimli sabitleme soketleri, mekanik ve otomotiv uygulamalar\u0131n\u0131n yan\u0131 s\u0131ra mobilya montaj\u0131 ve g\u00fcvenli ve kolayca \u00e7\u0131kar\u0131labilir bir ba\u011flant\u0131n\u0131n gerekli oldu\u011fu di\u011fer end\u00fcstrilerde yayg\u0131n olarak kullan\u0131l\u0131r.<\/p>\n<p><img fetchpriority=\"high\" decoding=\"async\" class=\"alignnone size-full wp-image-3309\" src=\"http:\/\/qingdaohf.com\/wp-content\/uploads\/2023\/04\/53-2.jpg\" alt=\"\" width=\"1200\" height=\"380\" srcset=\"https:\/\/qingdaohf.com\/wp-content\/uploads\/2023\/04\/53-2.jpg 1200w, https:\/\/qingdaohf.com\/wp-content\/uploads\/2023\/04\/53-2-300x95.jpg 300w, https:\/\/qingdaohf.com\/wp-content\/uploads\/2023\/04\/53-2-1024x324.jpg 1024w, https:\/\/qingdaohf.com\/wp-content\/uploads\/2023\/04\/53-2-768x243.jpg 768w, https:\/\/qingdaohf.com\/wp-content\/uploads\/2023\/04\/53-2-1000x317.jpg 1000w\" sizes=\"(max-width: 1200px) 100vw, 1200px\" \/><\/p>\n<h2>B\u00fck\u00fclm\u00fc\u015f Kuyruklu Sabitleme Soketleri<\/h2>\n<p>Kuyru\u011fu b\u00fck\u00fclm\u00fc\u015f prizler, a\u015f\u0131r\u0131 g\u00fc\u00e7 veya bas\u0131n\u00e7 uygulanmas\u0131 nedeniyle hasar g\u00f6rm\u00fc\u015f ve prizin kuyru\u011funun veya g\u00f6vdesinin b\u00fck\u00fclmesine veya yanl\u0131\u015f hizalanmas\u0131na neden olmu\u015f prizleri ifade eder. Bu durum soket ile elektrik prizi aras\u0131ndaki ba\u011flant\u0131da sorunlara yol a\u00e7arak zay\u0131f ba\u011flant\u0131, k\u0131v\u0131lc\u0131m ve hatta elektrik yang\u0131n\u0131 riskine neden olabilir.<\/p>\n<p>Kuyruklar\u0131 b\u00fck\u00fclm\u00fc\u015f prizleri onarmak, elektrik tesisat\u0131 ve g\u00fcvenlik prosed\u00fcrleri hakk\u0131nda baz\u0131 temel bilgiler gerektiren yayg\u0131n bir elektrik onar\u0131m g\u00f6revidir. Hasarl\u0131 bir prizi onarmak i\u00e7in yeteneklerinize g\u00fcvenmiyorsan\u0131z, i\u015fi sizin i\u00e7in yapmas\u0131 i\u00e7in lisansl\u0131 bir elektrik\u00e7i tutman\u0131z en iyisidir.<\/p>\n<p>Bununla birlikte, e\u011fer bu i\u015fe haz\u0131rsan\u0131z, kuyru\u011fu b\u00fck\u00fclm\u00fc\u015f bir prizi tamir etme s\u00fcreci, prize giden g\u00fcc\u00fc kapatmak, hasarl\u0131 prizi \u00e7\u0131karmak, yeni bir prizle de\u011fi\u015ftirmek ve d\u00fczg\u00fcn \u00e7al\u0131\u015ft\u0131\u011f\u0131ndan emin olmak i\u00e7in ba\u011flant\u0131y\u0131 test etmek gibi birka\u00e7 ad\u0131m i\u00e7erir. Do\u011fru prosed\u00fcrleri ve g\u00fcvenlik \u00f6nlemlerini takip ederek hasarl\u0131 bir prizi onarabilir ve elektrik sisteminizin g\u00fcvenli\u011fini sa\u011flayabilirsiniz.<\/p>\n<p><img decoding=\"async\" class=\"alignnone size-full wp-image-3310\" src=\"http:\/\/qingdaohf.com\/wp-content\/uploads\/2023\/04\/53-3.jpg\" alt=\"Sabitleme Soketi\" width=\"1200\" height=\"436\" srcset=\"https:\/\/qingdaohf.com\/wp-content\/uploads\/2023\/04\/53-3.jpg 1200w, https:\/\/qingdaohf.com\/wp-content\/uploads\/2023\/04\/53-3-300x109.jpg 300w, https:\/\/qingdaohf.com\/wp-content\/uploads\/2023\/04\/53-3-1024x372.jpg 1024w, https:\/\/qingdaohf.com\/wp-content\/uploads\/2023\/04\/53-3-768x279.jpg 768w, https:\/\/qingdaohf.com\/wp-content\/uploads\/2023\/04\/53-3-1000x363.jpg 1000w\" sizes=\"(max-width: 1200px) 100vw, 1200px\" \/><\/p>\n<h2>Dalgal\u0131 Kuyruklu Sabitleme Prizleri<\/h2>\n<p>Dalgal\u0131 kuyruklu sabitleme soketleri, in\u015faat projelerinde kullan\u0131lan bir t\u00fcr beton \u015fekillendirme aksesuar\u0131d\u0131r. Tipik olarak \u00e7elikten yap\u0131l\u0131rlar ve beton d\u00f6k\u00fcm\u00fc ve prizi s\u0131ras\u0131nda kal\u0131p panellerini veya di\u011fer beton \u015fekillendirme malzemelerini yerine sabitlemek i\u00e7in kullan\u0131l\u0131rlar.<\/p>\n<p>Bu sabitleme soketlerinin dalgal\u0131 kuyruk tasar\u0131m\u0131, kal\u0131p panellerinin ek alet veya donan\u0131ma ihtiya\u00e7 duyulmadan kolayca tak\u0131l\u0131p \u00e7\u0131kar\u0131lmas\u0131n\u0131 sa\u011flar. Bu \u00f6zellik, onlar\u0131 \u00f6zellikle zaman ve verimlili\u011fin \u00f6nemli fakt\u00f6rler oldu\u011fu projeler i\u00e7in kullan\u0131\u015fl\u0131 hale getirir.<\/p>\n<p>Dalgal\u0131 kuyruklu sabitleme soketleri \u00e7e\u015fitli boyutlarda mevcuttur ve kontrplak, \u00e7elik ve al\u00fcminyum kal\u0131plar dahil olmak \u00fczere farkl\u0131 kal\u0131p sistemleriyle kullan\u0131labilir. Kal\u0131p ile beton yap\u0131 aras\u0131nda g\u00fcvenli ve sa\u011flam bir ba\u011flant\u0131 sa\u011flamak \u00fczere tasarlanm\u0131\u015flard\u0131r ve nihai \u00fcr\u00fcn\u00fcn g\u00fc\u00e7l\u00fc, dayan\u0131kl\u0131 olmas\u0131n\u0131 ve gerekli t\u00fcm g\u00fcvenlik standartlar\u0131n\u0131 kar\u015f\u0131lamas\u0131n\u0131 sa\u011flarlar.<\/p>\n<p><img decoding=\"async\" class=\"alignnone wp-image-3330 size-full\" src=\"http:\/\/qingdaohf.com\/wp-content\/uploads\/2023\/04\/54-1-1-e1681089645147.jpg\" alt=\"TAB\" width=\"1200\" height=\"432\" srcset=\"https:\/\/qingdaohf.com\/wp-content\/uploads\/2023\/04\/54-1-1-e1681089645147.jpg 1200w, https:\/\/qingdaohf.com\/wp-content\/uploads\/2023\/04\/54-1-1-e1681089645147-300x108.jpg 300w, https:\/\/qingdaohf.com\/wp-content\/uploads\/2023\/04\/54-1-1-e1681089645147-1024x369.jpg 1024w, https:\/\/qingdaohf.com\/wp-content\/uploads\/2023\/04\/54-1-1-e1681089645147-768x276.jpg 768w, https:\/\/qingdaohf.com\/wp-content\/uploads\/2023\/04\/54-1-1-e1681089645147-1000x360.jpg 1000w\" sizes=\"(max-width: 1200px) 100vw, 1200px\" \/><\/p>\n<h2 class=\"product_title entry-title elementor-heading-title elementor-size-default\">Sabitleme Soketleri D\u00fcbel:<\/h2>\n<p class=\"product_title entry-title elementor-heading-title elementor-size-default\"><a href=\"https:\/\/qingdaohf.com\/tr\/urun\/sabitleme-soketleri-dubel\/\">Sabitleme Soketleri D\u00fcbelinin detaylar\u0131n\u0131 g\u00f6r\u00fcnt\u00fclemek i\u00e7in buraya t\u0131klayabilirsiniz.<\/a><\/p>\n<p><img loading=\"lazy\" decoding=\"async\" class=\"alignnone wp-image-3303 size-full\" src=\"http:\/\/qingdaohf.com\/wp-content\/uploads\/2023\/03\/\u672a\u6807\u9898-1-1.jpg\" alt=\"sekmesi\" width=\"1200\" height=\"553\" srcset=\"https:\/\/qingdaohf.com\/wp-content\/uploads\/2023\/03\/\u672a\u6807\u9898-1-1.jpg 1200w, https:\/\/qingdaohf.com\/wp-content\/uploads\/2023\/03\/\u672a\u6807\u9898-1-1-300x138.jpg 300w, https:\/\/qingdaohf.com\/wp-content\/uploads\/2023\/03\/\u672a\u6807\u9898-1-1-1024x472.jpg 1024w, https:\/\/qingdaohf.com\/wp-content\/uploads\/2023\/03\/\u672a\u6807\u9898-1-1-768x354.jpg 768w, https:\/\/qingdaohf.com\/wp-content\/uploads\/2023\/03\/\u672a\u6807\u9898-1-1-1000x461.jpg 1000w\" sizes=\"(max-width: 1200px) 100vw, 1200px\" \/><\/p>","protected":false},"excerpt":{"rendered":"<p>Beton \u015fekillendirme sabitleme soketleri, beton \u015fekillendirme s\u00fcrecinde kullan\u0131lan bir t\u00fcr in\u015faat aksesuar\u0131d\u0131r. Tipik olarak \u00e7elikten yap\u0131l\u0131rlar ve betonun d\u00f6k\u00fclmesi ve priz almas\u0131 s\u0131ras\u0131nda kal\u0131p panellerini veya di\u011fer \u015fekillendirme malzemelerini yerine sabitlemek i\u00e7in kullan\u0131l\u0131rlar.<\/p>","protected":false},"featured_media":3305,"comment_status":"open","ping_status":"closed","template":"","meta":{"site-sidebar-layout":"default","site-content-layout":"default","ast-site-content-layout":"default","site-content-style":"default","site-sidebar-style":"default","ast-global-header-display":"","ast-banner-title-visibility":"","ast-main-header-display":"","ast-hfb-above-header-display":"","ast-hfb-below-header-display":"","ast-hfb-mobile-header-display":"","site-post-title":"","ast-breadcrumbs-content":"","ast-featured-img":"","footer-sml-layout":"","theme-transparent-header-meta":"default","adv-header-id-meta":"","stick-header-meta":"default","header-above-stick-meta":"","header-main-stick-meta":"","header-below-stick-meta":"","astra-migrate-meta-layouts":"set","ast-page-background-enabled":"default","ast-page-background-meta":{"desktop":{"background-color":"","background-image":"","background-repeat":"repeat","background-position":"center center","background-size":"auto","background-attachment":"scroll","background-type":"","background-media":"","overlay-type":"","overlay-color":"","overlay-opacity":"","overlay-gradient":""},"tablet":{"background-color":"","background-image":"","background-repeat":"repeat","background-position":"center center","background-size":"auto","background-attachment":"scroll","background-type":"","background-media":"","overlay-type":"","overlay-color":"","overlay-opacity":"","overlay-gradient":""},"mobile":{"background-color":"","background-image":"","background-repeat":"repeat","background-position":"center center","background-size":"auto","background-attachment":"scroll","background-type":"","background-media":"","overlay-type":"","overlay-color":"","overlay-opacity":"","overlay-gradient":""}},"ast-content-background-meta":{"desktop":{"background-color":"var(--ast-global-color-5)","background-image":"","background-repeat":"repeat","background-position":"center center","background-size":"auto","background-attachment":"scroll","background-type":"","background-media":"","overlay-type":"","overlay-color":"","overlay-opacity":"","overlay-gradient":""},"tablet":{"background-color":"var(--ast-global-color-5)","background-image":"","background-repeat":"repeat","background-position":"center center","background-size":"auto","background-attachment":"scroll","background-type":"","background-media":"","overlay-type":"","overlay-color":"","overlay-opacity":"","overlay-gradient":""},"mobile":{"background-color":"var(--ast-global-color-5)","background-image":"","background-repeat":"repeat","background-position":"center center","background-size":"auto","background-attachment":"scroll","background-type":"","background-media":"","overlay-type":"","overlay-color":"","overlay-opacity":"","overlay-gradient":""}}},"product_brand":[],"product_cat":[28],"product_tag":[],"class_list":{"0":"post-3304","1":"product","2":"type-product","3":"status-publish","4":"has-post-thumbnail","6":"product_cat-concrete-forming","7":"desktop-align-left","8":"tablet-align-left","9":"mobile-align-left","10":"ast-product-gallery-layout-horizontal-slider","11":"ast-product-tabs-layout-horizontal","13":"first","14":"instock","15":"shipping-taxable","16":"purchasable","17":"product-type-simple"},"yoast_head":"<!-- This site is optimized with the Yoast SEO plugin v25.2 - https:\/\/yoast.com\/wordpress\/plugins\/seo\/ -->\n<title>Fixing Sockets with Cross Pin | Bent Tail | Wavy Tail<\/title>\n<meta name=\"description\" content=\"Fixing Sockets with Cross Pin\/Bent Tail\/Wavy TailConcrete forming fixing sockets are a type of construction accessory used in the concrete forming process. They are typically made of steel and used to secure formwork panels or other forming materials in place during the pouring and setting of concrete.\" \/>\n<meta name=\"robots\" content=\"index, follow, max-snippet:-1, max-image-preview:large, max-video-preview:-1\" \/>\n<link rel=\"canonical\" href=\"https:\/\/qingdaohf.com\/tr\/urun\/sabitleme-soketleri\/\" \/>\n<meta property=\"og:locale\" content=\"tr_TR\" \/>\n<meta property=\"og:type\" content=\"article\" \/>\n<meta property=\"og:title\" content=\"Fixing Sockets with Cross Pin | Bent Tail | Wavy Tail\" \/>\n<meta property=\"og:description\" content=\"Fixing Sockets with Cross Pin\/Bent Tail\/Wavy TailConcrete forming fixing sockets are a type of construction accessory used in the concrete forming process. They are typically made of steel and used to secure formwork panels or other forming materials in place during the pouring and setting of concrete.\" \/>\n<meta property=\"og:url\" content=\"https:\/\/qingdaohf.com\/tr\/urun\/sabitleme-soketleri\/\" \/>\n<meta property=\"og:site_name\" content=\"Concrete Form &amp; Rigging Hardware Supplier\" \/>\n<meta property=\"article:publisher\" content=\"https:\/\/www.facebook.com\/qingdaohf\" \/>\n<meta property=\"article:modified_time\" content=\"2025-11-13T01:05:30+00:00\" \/>\n<meta property=\"og:image\" content=\"https:\/\/qingdaohf.com\/wp-content\/uploads\/2023\/04\/Fixing-Socket-2.jpg\" \/>\n\t<meta property=\"og:image:width\" content=\"1000\" \/>\n\t<meta property=\"og:image:height\" content=\"1000\" \/>\n\t<meta property=\"og:image:type\" content=\"image\/jpeg\" \/>\n<meta name=\"twitter:card\" content=\"summary_large_image\" \/>\n<meta name=\"twitter:label1\" content=\"Tahmini okuma s\u00fcresi\" \/>\n\t<meta name=\"twitter:data1\" content=\"4 dakika\" \/>\n<script type=\"application\/ld+json\" class=\"yoast-schema-graph\">{\"@context\":\"https:\/\/schema.org\",\"@graph\":[{\"@type\":\"WebPage\",\"@id\":\"https:\/\/qingdaohf.com\/product\/fixing-sockets\/\",\"url\":\"https:\/\/qingdaohf.com\/product\/fixing-sockets\/\",\"name\":\"Fixing Sockets with Cross Pin | Bent Tail | Wavy Tail\",\"isPartOf\":{\"@id\":\"https:\/\/qingdaohf.com\/bg\/#website\"},\"primaryImageOfPage\":{\"@id\":\"https:\/\/qingdaohf.com\/product\/fixing-sockets\/#primaryimage\"},\"image\":{\"@id\":\"https:\/\/qingdaohf.com\/product\/fixing-sockets\/#primaryimage\"},\"thumbnailUrl\":\"https:\/\/qingdaohf.com\/wp-content\/uploads\/2023\/04\/Fixing-Socket-2.jpg\",\"datePublished\":\"2023-04-07T11:18:06+00:00\",\"dateModified\":\"2025-11-13T01:05:30+00:00\",\"description\":\"Fixing Sockets with Cross Pin\/Bent Tail\/Wavy TailConcrete forming fixing sockets are a type of construction accessory used in the concrete forming process. They are typically made of steel and used to secure formwork panels or other forming materials in place during the pouring and setting of concrete.\",\"breadcrumb\":{\"@id\":\"https:\/\/qingdaohf.com\/product\/fixing-sockets\/#breadcrumb\"},\"inLanguage\":\"tr\",\"potentialAction\":[{\"@type\":\"ReadAction\",\"target\":[\"https:\/\/qingdaohf.com\/product\/fixing-sockets\/\"]}]},{\"@type\":\"ImageObject\",\"inLanguage\":\"tr\",\"@id\":\"https:\/\/qingdaohf.com\/product\/fixing-sockets\/#primaryimage\",\"url\":\"https:\/\/qingdaohf.com\/wp-content\/uploads\/2023\/04\/Fixing-Socket-2.jpg\",\"contentUrl\":\"https:\/\/qingdaohf.com\/wp-content\/uploads\/2023\/04\/Fixing-Socket-2.jpg\",\"width\":1000,\"height\":1000,\"caption\":\"Fixing Socket\"},{\"@type\":\"BreadcrumbList\",\"@id\":\"https:\/\/qingdaohf.com\/product\/fixing-sockets\/#breadcrumb\",\"itemListElement\":[{\"@type\":\"ListItem\",\"position\":1,\"name\":\"Home\",\"item\":\"https:\/\/qingdaohf.com\/\"},{\"@type\":\"ListItem\",\"position\":2,\"name\":\"Concrete Forming Accessories and Rigging Hardware\",\"item\":\"https:\/\/qingdaohf.com\/bg\/?page_id=944\"},{\"@type\":\"ListItem\",\"position\":3,\"name\":\"Fixing Sockets with Cross Pin | Bent Tail | Wavy Tail\"}]},{\"@type\":\"WebSite\",\"@id\":\"https:\/\/qingdaohf.com\/bg\/#website\",\"url\":\"https:\/\/qingdaohf.com\/bg\/\",\"name\":\"Concrete Form & Rigging Hardware Supplier\",\"description\":\"\",\"publisher\":{\"@id\":\"https:\/\/qingdaohf.com\/bg\/#organization\"},\"potentialAction\":[{\"@type\":\"SearchAction\",\"target\":{\"@type\":\"EntryPoint\",\"urlTemplate\":\"https:\/\/qingdaohf.com\/bg\/?s={search_term_string}\"},\"query-input\":{\"@type\":\"PropertyValueSpecification\",\"valueRequired\":true,\"valueName\":\"search_term_string\"}}],\"inLanguage\":\"tr\"},{\"@type\":\"Organization\",\"@id\":\"https:\/\/qingdaohf.com\/bg\/#organization\",\"name\":\"Qingdao H&F\",\"url\":\"https:\/\/qingdaohf.com\/bg\/\",\"logo\":{\"@type\":\"ImageObject\",\"inLanguage\":\"tr\",\"@id\":\"https:\/\/qingdaohf.com\/bg\/#\/schema\/logo\/image\/\",\"url\":\"https:\/\/qingdaohf.com\/wp-content\/uploads\/2022\/12\/cropped-HF-LOGO.png\",\"contentUrl\":\"https:\/\/qingdaohf.com\/wp-content\/uploads\/2022\/12\/cropped-HF-LOGO.png\",\"width\":391,\"height\":249,\"caption\":\"Qingdao H&F\"},\"image\":{\"@id\":\"https:\/\/qingdaohf.com\/bg\/#\/schema\/logo\/image\/\"},\"sameAs\":[\"https:\/\/www.facebook.com\/qingdaohf\"]}]}<\/script>\n<!-- \/ Yoast SEO plugin. -->","yoast_head_json":{"title":"Fixing Sockets with Cross Pin | Bent Tail | Wavy Tail","description":"Fixing Sockets with Cross Pin\/Bent Tail\/Wavy TailConcrete forming fixing sockets are a type of construction accessory used in the concrete forming process. They are typically made of steel and used to secure formwork panels or other forming materials in place during the pouring and setting of concrete.","robots":{"index":"index","follow":"follow","max-snippet":"max-snippet:-1","max-image-preview":"max-image-preview:large","max-video-preview":"max-video-preview:-1"},"canonical":"https:\/\/qingdaohf.com\/tr\/urun\/sabitleme-soketleri\/","og_locale":"tr_TR","og_type":"article","og_title":"Fixing Sockets with Cross Pin | Bent Tail | Wavy Tail","og_description":"Fixing Sockets with Cross Pin\/Bent Tail\/Wavy TailConcrete forming fixing sockets are a type of construction accessory used in the concrete forming process. They are typically made of steel and used to secure formwork panels or other forming materials in place during the pouring and setting of concrete.","og_url":"https:\/\/qingdaohf.com\/tr\/urun\/sabitleme-soketleri\/","og_site_name":"Concrete Form &amp; Rigging Hardware Supplier","article_publisher":"https:\/\/www.facebook.com\/qingdaohf","article_modified_time":"2025-11-13T01:05:30+00:00","og_image":[{"width":1000,"height":1000,"url":"https:\/\/qingdaohf.com\/wp-content\/uploads\/2023\/04\/Fixing-Socket-2.jpg","type":"image\/jpeg"}],"twitter_card":"summary_large_image","twitter_misc":{"Tahmini okuma s\u00fcresi":"4 dakika"},"schema":{"@context":"https:\/\/schema.org","@graph":[{"@type":"WebPage","@id":"https:\/\/qingdaohf.com\/product\/fixing-sockets\/","url":"https:\/\/qingdaohf.com\/product\/fixing-sockets\/","name":"Fixing Sockets with Cross Pin | Bent Tail | Wavy Tail","isPartOf":{"@id":"https:\/\/qingdaohf.com\/bg\/#website"},"primaryImageOfPage":{"@id":"https:\/\/qingdaohf.com\/product\/fixing-sockets\/#primaryimage"},"image":{"@id":"https:\/\/qingdaohf.com\/product\/fixing-sockets\/#primaryimage"},"thumbnailUrl":"https:\/\/qingdaohf.com\/wp-content\/uploads\/2023\/04\/Fixing-Socket-2.jpg","datePublished":"2023-04-07T11:18:06+00:00","dateModified":"2025-11-13T01:05:30+00:00","description":"Fixing Sockets with Cross Pin\/Bent Tail\/Wavy TailConcrete forming fixing sockets are a type of construction accessory used in the concrete forming process. They are typically made of steel and used to secure formwork panels or other forming materials in place during the pouring and setting of concrete.","breadcrumb":{"@id":"https:\/\/qingdaohf.com\/product\/fixing-sockets\/#breadcrumb"},"inLanguage":"tr","potentialAction":[{"@type":"ReadAction","target":["https:\/\/qingdaohf.com\/product\/fixing-sockets\/"]}]},{"@type":"ImageObject","inLanguage":"tr","@id":"https:\/\/qingdaohf.com\/product\/fixing-sockets\/#primaryimage","url":"https:\/\/qingdaohf.com\/wp-content\/uploads\/2023\/04\/Fixing-Socket-2.jpg","contentUrl":"https:\/\/qingdaohf.com\/wp-content\/uploads\/2023\/04\/Fixing-Socket-2.jpg","width":1000,"height":1000,"caption":"Fixing Socket"},{"@type":"BreadcrumbList","@id":"https:\/\/qingdaohf.com\/product\/fixing-sockets\/#breadcrumb","itemListElement":[{"@type":"ListItem","position":1,"name":"Home","item":"https:\/\/qingdaohf.com\/"},{"@type":"ListItem","position":2,"name":"Concrete Forming Accessories and Rigging Hardware","item":"https:\/\/qingdaohf.com\/bg\/?page_id=944"},{"@type":"ListItem","position":3,"name":"Fixing Sockets with Cross Pin | Bent Tail | Wavy Tail"}]},{"@type":"WebSite","@id":"https:\/\/qingdaohf.com\/bg\/#website","url":"https:\/\/qingdaohf.com\/bg\/","name":"Concrete Form & Rigging Hardware Supplier","description":"","publisher":{"@id":"https:\/\/qingdaohf.com\/bg\/#organization"},"potentialAction":[{"@type":"SearchAction","target":{"@type":"EntryPoint","urlTemplate":"https:\/\/qingdaohf.com\/bg\/?s={search_term_string}"},"query-input":{"@type":"PropertyValueSpecification","valueRequired":true,"valueName":"search_term_string"}}],"inLanguage":"tr"},{"@type":"Organization","@id":"https:\/\/qingdaohf.com\/bg\/#organization","name":"Qingdao H&F","url":"https:\/\/qingdaohf.com\/bg\/","logo":{"@type":"ImageObject","inLanguage":"tr","@id":"https:\/\/qingdaohf.com\/bg\/#\/schema\/logo\/image\/","url":"https:\/\/qingdaohf.com\/wp-content\/uploads\/2022\/12\/cropped-HF-LOGO.png","contentUrl":"https:\/\/qingdaohf.com\/wp-content\/uploads\/2022\/12\/cropped-HF-LOGO.png","width":391,"height":249,"caption":"Qingdao H&F"},"image":{"@id":"https:\/\/qingdaohf.com\/bg\/#\/schema\/logo\/image\/"},"sameAs":["https:\/\/www.facebook.com\/qingdaohf"]}]}},"_links":{"self":[{"href":"https:\/\/qingdaohf.com\/tr\/wp-json\/wp\/v2\/product\/3304","targetHints":{"allow":["GET"]}}],"collection":[{"href":"https:\/\/qingdaohf.com\/tr\/wp-json\/wp\/v2\/product"}],"about":[{"href":"https:\/\/qingdaohf.com\/tr\/wp-json\/wp\/v2\/types\/product"}],"replies":[{"embeddable":true,"href":"https:\/\/qingdaohf.com\/tr\/wp-json\/wp\/v2\/comments?post=3304"}],"version-history":[{"count":2,"href":"https:\/\/qingdaohf.com\/tr\/wp-json\/wp\/v2\/product\/3304\/revisions"}],"predecessor-version":[{"id":7185,"href":"https:\/\/qingdaohf.com\/tr\/wp-json\/wp\/v2\/product\/3304\/revisions\/7185"}],"wp:featuredmedia":[{"embeddable":true,"href":"https:\/\/qingdaohf.com\/tr\/wp-json\/wp\/v2\/media\/3305"}],"wp:attachment":[{"href":"https:\/\/qingdaohf.com\/tr\/wp-json\/wp\/v2\/media?parent=3304"}],"wp:term":[{"taxonomy":"product_brand","embeddable":true,"href":"https:\/\/qingdaohf.com\/tr\/wp-json\/wp\/v2\/product_brand?post=3304"},{"taxonomy":"product_cat","embeddable":true,"href":"https:\/\/qingdaohf.com\/tr\/wp-json\/wp\/v2\/product_cat?post=3304"},{"taxonomy":"product_tag","embeddable":true,"href":"https:\/\/qingdaohf.com\/tr\/wp-json\/wp\/v2\/product_tag?post=3304"}],"curies":[{"name":"wp","href":"https:\/\/api.w.org\/{rel}","templated":true}]}}