{"id":3517,"date":"2023-04-10T17:40:09","date_gmt":"2023-04-10T09:40:09","guid":{"rendered":"http:\/\/qingdaohf.com\/?post_type=product&#038;p=3517"},"modified":"2025-11-13T09:05:13","modified_gmt":"2025-11-13T01:05:13","slug":"chain-with-grab-hooks","status":"publish","type":"product","link":"https:\/\/qingdaohf.com\/tr\/urun\/tutma-kancali-zincir\/","title":{"rendered":"Tutunma Kancal\u0131 Zincir"},"content":{"rendered":"<p>Zincirin kendisi tipik olarak dayan\u0131kl\u0131 ve y\u00fcksek mukavemetli \u00e7elikten yap\u0131lm\u0131\u015ft\u0131r, bu da a\u011f\u0131r y\u00fcklere dayanabilmesini ve a\u015f\u0131nma ve y\u0131pranmaya kar\u015f\u0131 diren\u00e7li olmas\u0131n\u0131 sa\u011flar. Zincirin baklalar\u0131 g\u00fc\u00e7 ve g\u00fcvenilirlik sa\u011flamak i\u00e7in genellikle kaynaklan\u0131r veya birbirine kenetlenir.<\/p>\n<p>Kavrama Kancal\u0131 Zincirin birincil i\u015flevi nesneleri sabitlemek, kald\u0131rmak veya \u00e7ekmek i\u00e7in bir ara\u00e7 sa\u011flamakt\u0131r. Tutma kancalar\u0131 ba\u011flant\u0131 noktalar\u0131na, ekipmana veya y\u00fcklere kolayca tak\u0131labilir ve g\u00fcvenilir bir ba\u011flant\u0131 sa\u011flar. Genellikle kald\u0131rma ekipmanlar\u0131, vin\u00e7ler, y\u00fck asans\u00f6rleri veya vin\u00e7lerle birlikte kullan\u0131l\u0131rlar.<\/p>\n<p>Tutma kancalar\u0131 zincirlerin, kay\u0131\u015flar\u0131n veya di\u011fer ba\u011flant\u0131 noktalar\u0131n\u0131n \u00fczerinden kolayca kayarak h\u0131zl\u0131 ve g\u00fcvenli ba\u011flant\u0131lar sa\u011flayacak \u015fekilde tasarlanm\u0131\u015ft\u0131r. Nesne veya y\u00fck \u00fczerinde g\u00fcvenli bir tutu\u015f sa\u011flayarak kald\u0131rma veya ta\u015f\u0131ma s\u0131ras\u0131nda kaymay\u0131 \u00f6nlerler.<\/p>\n<p>Tutunma Kancal\u0131 Zincir, uzunluk ve y\u00fck kapasitesi a\u00e7\u0131s\u0131ndan esneklik sunar. Tutma kancal\u0131 zincirler, kullan\u0131c\u0131lar\u0131n \u00f6zel ihtiya\u00e7lar\u0131 i\u00e7in uygun boyutu ve g\u00fcc\u00fc se\u00e7melerine olanak tan\u0131yan \u00e7e\u015fitli uzunluklarda ve kal\u0131nl\u0131klarda gelir.<\/p>\n<p>Bu zincir t\u00fcr\u00fc \u00e7ok y\u00f6nl\u00fcd\u00fcr ve \u00e7ok \u00e7e\u015fitli uygulamalarda kullan\u0131labilir. Genellikle a\u011f\u0131r ekipmanlar\u0131n, makinelerin, k\u00fct\u00fcklerin ve in\u015faat malzemelerinin sabitlenmesi ve kald\u0131r\u0131lmas\u0131 i\u00e7in kullan\u0131l\u0131r. Ayr\u0131ca ara\u00e7lar\u0131n veya r\u00f6morklar\u0131n \u00e7ekilmesi i\u00e7in de kullan\u0131\u015fl\u0131d\u0131r.<\/p>\n<p><img fetchpriority=\"high\" decoding=\"async\" class=\"alignnone size-full wp-image-3523\" src=\"http:\/\/qingdaohf.com\/wp-content\/uploads\/2023\/04\/1-8.jpg\" alt=\"tutma kancal\u0131 zincir\" width=\"1473\" height=\"893\" srcset=\"https:\/\/qingdaohf.com\/wp-content\/uploads\/2023\/04\/1-8.jpg 1473w, https:\/\/qingdaohf.com\/wp-content\/uploads\/2023\/04\/1-8-300x182.jpg 300w, https:\/\/qingdaohf.com\/wp-content\/uploads\/2023\/04\/1-8-1024x621.jpg 1024w, https:\/\/qingdaohf.com\/wp-content\/uploads\/2023\/04\/1-8-768x466.jpg 768w, https:\/\/qingdaohf.com\/wp-content\/uploads\/2023\/04\/1-8-1000x606.jpg 1000w\" sizes=\"(max-width: 1473px) 100vw, 1473px\" \/><img decoding=\"async\" class=\"alignnone size-full wp-image-3519\" src=\"http:\/\/qingdaohf.com\/wp-content\/uploads\/2023\/04\/1-2.jpg\" alt=\"tutma kancal\u0131 zincir\" width=\"1460\" height=\"895\" srcset=\"https:\/\/qingdaohf.com\/wp-content\/uploads\/2023\/04\/1-2.jpg 1460w, https:\/\/qingdaohf.com\/wp-content\/uploads\/2023\/04\/1-2-300x184.jpg 300w, https:\/\/qingdaohf.com\/wp-content\/uploads\/2023\/04\/1-2-1024x628.jpg 1024w, https:\/\/qingdaohf.com\/wp-content\/uploads\/2023\/04\/1-2-768x471.jpg 768w, https:\/\/qingdaohf.com\/wp-content\/uploads\/2023\/04\/1-2-1000x613.jpg 1000w\" sizes=\"(max-width: 1460px) 100vw, 1460px\" \/> <img decoding=\"async\" class=\"alignnone size-full wp-image-3522\" src=\"http:\/\/qingdaohf.com\/wp-content\/uploads\/2023\/04\/1-7.jpg\" alt=\"tutma kancal\u0131 zincir\" width=\"660\" height=\"897\" srcset=\"https:\/\/qingdaohf.com\/wp-content\/uploads\/2023\/04\/1-7.jpg 660w, https:\/\/qingdaohf.com\/wp-content\/uploads\/2023\/04\/1-7-221x300.jpg 221w\" sizes=\"(max-width: 660px) 100vw, 660px\" \/><\/p>","protected":false},"excerpt":{"rendered":"<p>Tutma Kancal\u0131 Zincir, in\u015faat, ta\u015f\u0131mac\u0131l\u0131k, tar\u0131m ve genel ama\u00e7l\u0131 uygulamalar dahil olmak \u00fczere \u00e7e\u015fitli sekt\u00f6rlerde yayg\u0131n olarak kullan\u0131lan \u00e7ok y\u00f6nl\u00fc ve kullan\u0131\u015fl\u0131 bir ara\u00e7t\u0131r. Her iki ucunda tutma kancalar\u0131 bulunan bir zincir uzunlu\u011fundan olu\u015fur.<\/p>","protected":false},"featured_media":3525,"comment_status":"open","ping_status":"closed","template":"","meta":{"site-sidebar-layout":"default","site-content-layout":"default","ast-site-content-layout":"","site-content-style":"default","site-sidebar-style":"default","ast-global-header-display":"","ast-banner-title-visibility":"","ast-main-header-display":"","ast-hfb-above-header-display":"","ast-hfb-below-header-display":"","ast-hfb-mobile-header-display":"","site-post-title":"","ast-breadcrumbs-content":"","ast-featured-img":"","footer-sml-layout":"","theme-transparent-header-meta":"default","adv-header-id-meta":"","stick-header-meta":"default","header-above-stick-meta":"","header-main-stick-meta":"","header-below-stick-meta":"","astra-migrate-meta-layouts":"default","ast-page-background-enabled":"default","ast-page-background-meta":{"desktop":{"background-color":"","background-image":"","background-repeat":"repeat","background-position":"center center","background-size":"auto","background-attachment":"scroll","background-type":"","background-media":"","overlay-type":"","overlay-color":"","overlay-opacity":"","overlay-gradient":""},"tablet":{"background-color":"","background-image":"","background-repeat":"repeat","background-position":"center center","background-size":"auto","background-attachment":"scroll","background-type":"","background-media":"","overlay-type":"","overlay-color":"","overlay-opacity":"","overlay-gradient":""},"mobile":{"background-color":"","background-image":"","background-repeat":"repeat","background-position":"center center","background-size":"auto","background-attachment":"scroll","background-type":"","background-media":"","overlay-type":"","overlay-color":"","overlay-opacity":"","overlay-gradient":""}},"ast-content-background-meta":{"desktop":{"background-color":"var(--ast-global-color-5)","background-image":"","background-repeat":"repeat","background-position":"center center","background-size":"auto","background-attachment":"scroll","background-type":"","background-media":"","overlay-type":"","overlay-color":"","overlay-opacity":"","overlay-gradient":""},"tablet":{"background-color":"var(--ast-global-color-5)","background-image":"","background-repeat":"repeat","background-position":"center center","background-size":"auto","background-attachment":"scroll","background-type":"","background-media":"","overlay-type":"","overlay-color":"","overlay-opacity":"","overlay-gradient":""},"mobile":{"background-color":"var(--ast-global-color-5)","background-image":"","background-repeat":"repeat","background-position":"center center","background-size":"auto","background-attachment":"scroll","background-type":"","background-media":"","overlay-type":"","overlay-color":"","overlay-opacity":"","overlay-gradient":""}}},"product_brand":[],"product_cat":[43],"product_tag":[],"class_list":{"0":"post-3517","1":"product","2":"type-product","3":"status-publish","4":"has-post-thumbnail","6":"product_cat-rigging-hardware","7":"desktop-align-left","8":"tablet-align-left","9":"mobile-align-left","10":"ast-product-gallery-layout-horizontal-slider","11":"ast-product-tabs-layout-horizontal","13":"first","14":"instock","15":"shipping-taxable","16":"purchasable","17":"product-type-simple"},"yoast_head":"<!-- This site is optimized with the Yoast SEO plugin v25.2 - https:\/\/yoast.com\/wordpress\/plugins\/seo\/ -->\n<title>Chain with Grab Hooks<\/title>\n<meta name=\"description\" content=\"Chain with Grab Hooks is a versatile and useful tool commonly used in various industries, including construction, transportation, agriculture, and general-purpose applications.\" \/>\n<meta name=\"robots\" content=\"index, follow, max-snippet:-1, max-image-preview:large, max-video-preview:-1\" \/>\n<link rel=\"canonical\" href=\"https:\/\/qingdaohf.com\/tr\/urun\/tutma-kancali-zincir\/\" \/>\n<meta property=\"og:locale\" content=\"tr_TR\" \/>\n<meta property=\"og:type\" content=\"article\" \/>\n<meta property=\"og:title\" content=\"Chain with Grab Hooks\" \/>\n<meta property=\"og:description\" content=\"Chain with Grab Hooks is a versatile and useful tool commonly used in various industries, including construction, transportation, agriculture, and general-purpose applications.\" \/>\n<meta property=\"og:url\" content=\"https:\/\/qingdaohf.com\/tr\/urun\/tutma-kancali-zincir\/\" \/>\n<meta property=\"og:site_name\" content=\"Concrete Form &amp; Rigging Hardware Supplier\" \/>\n<meta property=\"article:publisher\" content=\"https:\/\/www.facebook.com\/qingdaohf\" \/>\n<meta property=\"article:modified_time\" content=\"2025-11-13T01:05:13+00:00\" \/>\n<meta property=\"og:image\" content=\"https:\/\/qingdaohf.com\/wp-content\/uploads\/2023\/04\/6.jpg\" \/>\n\t<meta property=\"og:image:width\" content=\"800\" \/>\n\t<meta property=\"og:image:height\" content=\"800\" \/>\n\t<meta property=\"og:image:type\" content=\"image\/jpeg\" \/>\n<meta name=\"twitter:card\" content=\"summary_large_image\" \/>\n<meta name=\"twitter:label1\" content=\"Tahmini okuma s\u00fcresi\" \/>\n\t<meta name=\"twitter:data1\" content=\"2 dakika\" \/>\n<script type=\"application\/ld+json\" class=\"yoast-schema-graph\">{\"@context\":\"https:\/\/schema.org\",\"@graph\":[{\"@type\":\"WebPage\",\"@id\":\"https:\/\/qingdaohf.com\/product\/chain-with-grab-hooks\/\",\"url\":\"https:\/\/qingdaohf.com\/product\/chain-with-grab-hooks\/\",\"name\":\"Chain with Grab Hooks\",\"isPartOf\":{\"@id\":\"https:\/\/qingdaohf.com\/bg\/#website\"},\"primaryImageOfPage\":{\"@id\":\"https:\/\/qingdaohf.com\/product\/chain-with-grab-hooks\/#primaryimage\"},\"image\":{\"@id\":\"https:\/\/qingdaohf.com\/product\/chain-with-grab-hooks\/#primaryimage\"},\"thumbnailUrl\":\"https:\/\/qingdaohf.com\/wp-content\/uploads\/2023\/04\/6.jpg\",\"datePublished\":\"2023-04-10T09:40:09+00:00\",\"dateModified\":\"2025-11-13T01:05:13+00:00\",\"description\":\"Chain with Grab Hooks is a versatile and useful tool commonly used in various industries, including construction, transportation, agriculture, and general-purpose applications.\",\"breadcrumb\":{\"@id\":\"https:\/\/qingdaohf.com\/product\/chain-with-grab-hooks\/#breadcrumb\"},\"inLanguage\":\"tr\",\"potentialAction\":[{\"@type\":\"ReadAction\",\"target\":[\"https:\/\/qingdaohf.com\/product\/chain-with-grab-hooks\/\"]}]},{\"@type\":\"ImageObject\",\"inLanguage\":\"tr\",\"@id\":\"https:\/\/qingdaohf.com\/product\/chain-with-grab-hooks\/#primaryimage\",\"url\":\"https:\/\/qingdaohf.com\/wp-content\/uploads\/2023\/04\/6.jpg\",\"contentUrl\":\"https:\/\/qingdaohf.com\/wp-content\/uploads\/2023\/04\/6.jpg\",\"width\":800,\"height\":800,\"caption\":\"Chain with Grab Hooks\"},{\"@type\":\"BreadcrumbList\",\"@id\":\"https:\/\/qingdaohf.com\/product\/chain-with-grab-hooks\/#breadcrumb\",\"itemListElement\":[{\"@type\":\"ListItem\",\"position\":1,\"name\":\"Home\",\"item\":\"https:\/\/qingdaohf.com\/\"},{\"@type\":\"ListItem\",\"position\":2,\"name\":\"Concrete Forming Accessories and Rigging Hardware\",\"item\":\"https:\/\/qingdaohf.com\/bg\/?page_id=944\"},{\"@type\":\"ListItem\",\"position\":3,\"name\":\"Chain with Grab Hooks\"}]},{\"@type\":\"WebSite\",\"@id\":\"https:\/\/qingdaohf.com\/bg\/#website\",\"url\":\"https:\/\/qingdaohf.com\/bg\/\",\"name\":\"Concrete Form & Rigging Hardware Supplier\",\"description\":\"\",\"publisher\":{\"@id\":\"https:\/\/qingdaohf.com\/bg\/#organization\"},\"potentialAction\":[{\"@type\":\"SearchAction\",\"target\":{\"@type\":\"EntryPoint\",\"urlTemplate\":\"https:\/\/qingdaohf.com\/bg\/?s={search_term_string}\"},\"query-input\":{\"@type\":\"PropertyValueSpecification\",\"valueRequired\":true,\"valueName\":\"search_term_string\"}}],\"inLanguage\":\"tr\"},{\"@type\":\"Organization\",\"@id\":\"https:\/\/qingdaohf.com\/bg\/#organization\",\"name\":\"Qingdao H&F\",\"url\":\"https:\/\/qingdaohf.com\/bg\/\",\"logo\":{\"@type\":\"ImageObject\",\"inLanguage\":\"tr\",\"@id\":\"https:\/\/qingdaohf.com\/bg\/#\/schema\/logo\/image\/\",\"url\":\"https:\/\/qingdaohf.com\/wp-content\/uploads\/2022\/12\/cropped-HF-LOGO.png\",\"contentUrl\":\"https:\/\/qingdaohf.com\/wp-content\/uploads\/2022\/12\/cropped-HF-LOGO.png\",\"width\":391,\"height\":249,\"caption\":\"Qingdao H&F\"},\"image\":{\"@id\":\"https:\/\/qingdaohf.com\/bg\/#\/schema\/logo\/image\/\"},\"sameAs\":[\"https:\/\/www.facebook.com\/qingdaohf\"]}]}<\/script>\n<!-- \/ Yoast SEO plugin. -->","yoast_head_json":{"title":"Chain with Grab Hooks","description":"Chain with Grab Hooks is a versatile and useful tool commonly used in various industries, including construction, transportation, agriculture, and general-purpose applications.","robots":{"index":"index","follow":"follow","max-snippet":"max-snippet:-1","max-image-preview":"max-image-preview:large","max-video-preview":"max-video-preview:-1"},"canonical":"https:\/\/qingdaohf.com\/tr\/urun\/tutma-kancali-zincir\/","og_locale":"tr_TR","og_type":"article","og_title":"Chain with Grab Hooks","og_description":"Chain with Grab Hooks is a versatile and useful tool commonly used in various industries, including construction, transportation, agriculture, and general-purpose applications.","og_url":"https:\/\/qingdaohf.com\/tr\/urun\/tutma-kancali-zincir\/","og_site_name":"Concrete Form &amp; Rigging Hardware Supplier","article_publisher":"https:\/\/www.facebook.com\/qingdaohf","article_modified_time":"2025-11-13T01:05:13+00:00","og_image":[{"width":800,"height":800,"url":"https:\/\/qingdaohf.com\/wp-content\/uploads\/2023\/04\/6.jpg","type":"image\/jpeg"}],"twitter_card":"summary_large_image","twitter_misc":{"Tahmini okuma s\u00fcresi":"2 dakika"},"schema":{"@context":"https:\/\/schema.org","@graph":[{"@type":"WebPage","@id":"https:\/\/qingdaohf.com\/product\/chain-with-grab-hooks\/","url":"https:\/\/qingdaohf.com\/product\/chain-with-grab-hooks\/","name":"Chain with Grab Hooks","isPartOf":{"@id":"https:\/\/qingdaohf.com\/bg\/#website"},"primaryImageOfPage":{"@id":"https:\/\/qingdaohf.com\/product\/chain-with-grab-hooks\/#primaryimage"},"image":{"@id":"https:\/\/qingdaohf.com\/product\/chain-with-grab-hooks\/#primaryimage"},"thumbnailUrl":"https:\/\/qingdaohf.com\/wp-content\/uploads\/2023\/04\/6.jpg","datePublished":"2023-04-10T09:40:09+00:00","dateModified":"2025-11-13T01:05:13+00:00","description":"Chain with Grab Hooks is a versatile and useful tool commonly used in various industries, including construction, transportation, agriculture, and general-purpose applications.","breadcrumb":{"@id":"https:\/\/qingdaohf.com\/product\/chain-with-grab-hooks\/#breadcrumb"},"inLanguage":"tr","potentialAction":[{"@type":"ReadAction","target":["https:\/\/qingdaohf.com\/product\/chain-with-grab-hooks\/"]}]},{"@type":"ImageObject","inLanguage":"tr","@id":"https:\/\/qingdaohf.com\/product\/chain-with-grab-hooks\/#primaryimage","url":"https:\/\/qingdaohf.com\/wp-content\/uploads\/2023\/04\/6.jpg","contentUrl":"https:\/\/qingdaohf.com\/wp-content\/uploads\/2023\/04\/6.jpg","width":800,"height":800,"caption":"Chain with Grab Hooks"},{"@type":"BreadcrumbList","@id":"https:\/\/qingdaohf.com\/product\/chain-with-grab-hooks\/#breadcrumb","itemListElement":[{"@type":"ListItem","position":1,"name":"Home","item":"https:\/\/qingdaohf.com\/"},{"@type":"ListItem","position":2,"name":"Concrete Forming Accessories and Rigging Hardware","item":"https:\/\/qingdaohf.com\/bg\/?page_id=944"},{"@type":"ListItem","position":3,"name":"Chain with Grab Hooks"}]},{"@type":"WebSite","@id":"https:\/\/qingdaohf.com\/bg\/#website","url":"https:\/\/qingdaohf.com\/bg\/","name":"Concrete Form & Rigging Hardware Supplier","description":"","publisher":{"@id":"https:\/\/qingdaohf.com\/bg\/#organization"},"potentialAction":[{"@type":"SearchAction","target":{"@type":"EntryPoint","urlTemplate":"https:\/\/qingdaohf.com\/bg\/?s={search_term_string}"},"query-input":{"@type":"PropertyValueSpecification","valueRequired":true,"valueName":"search_term_string"}}],"inLanguage":"tr"},{"@type":"Organization","@id":"https:\/\/qingdaohf.com\/bg\/#organization","name":"Qingdao H&F","url":"https:\/\/qingdaohf.com\/bg\/","logo":{"@type":"ImageObject","inLanguage":"tr","@id":"https:\/\/qingdaohf.com\/bg\/#\/schema\/logo\/image\/","url":"https:\/\/qingdaohf.com\/wp-content\/uploads\/2022\/12\/cropped-HF-LOGO.png","contentUrl":"https:\/\/qingdaohf.com\/wp-content\/uploads\/2022\/12\/cropped-HF-LOGO.png","width":391,"height":249,"caption":"Qingdao H&F"},"image":{"@id":"https:\/\/qingdaohf.com\/bg\/#\/schema\/logo\/image\/"},"sameAs":["https:\/\/www.facebook.com\/qingdaohf"]}]}},"_links":{"self":[{"href":"https:\/\/qingdaohf.com\/tr\/wp-json\/wp\/v2\/product\/3517","targetHints":{"allow":["GET"]}}],"collection":[{"href":"https:\/\/qingdaohf.com\/tr\/wp-json\/wp\/v2\/product"}],"about":[{"href":"https:\/\/qingdaohf.com\/tr\/wp-json\/wp\/v2\/types\/product"}],"replies":[{"embeddable":true,"href":"https:\/\/qingdaohf.com\/tr\/wp-json\/wp\/v2\/comments?post=3517"}],"version-history":[{"count":2,"href":"https:\/\/qingdaohf.com\/tr\/wp-json\/wp\/v2\/product\/3517\/revisions"}],"predecessor-version":[{"id":10433,"href":"https:\/\/qingdaohf.com\/tr\/wp-json\/wp\/v2\/product\/3517\/revisions\/10433"}],"wp:featuredmedia":[{"embeddable":true,"href":"https:\/\/qingdaohf.com\/tr\/wp-json\/wp\/v2\/media\/3525"}],"wp:attachment":[{"href":"https:\/\/qingdaohf.com\/tr\/wp-json\/wp\/v2\/media?parent=3517"}],"wp:term":[{"taxonomy":"product_brand","embeddable":true,"href":"https:\/\/qingdaohf.com\/tr\/wp-json\/wp\/v2\/product_brand?post=3517"},{"taxonomy":"product_cat","embeddable":true,"href":"https:\/\/qingdaohf.com\/tr\/wp-json\/wp\/v2\/product_cat?post=3517"},{"taxonomy":"product_tag","embeddable":true,"href":"https:\/\/qingdaohf.com\/tr\/wp-json\/wp\/v2\/product_tag?post=3517"}],"curies":[{"name":"wp","href":"https:\/\/api.w.org\/{rel}","templated":true}]}}