{"id":3536,"date":"2023-04-10T17:46:57","date_gmt":"2023-04-10T09:46:57","guid":{"rendered":"http:\/\/qingdaohf.com\/?post_type=product&#038;p=3536"},"modified":"2025-11-13T09:05:13","modified_gmt":"2025-11-13T01:05:13","slug":"g2130-shackle","status":"publish","type":"product","link":"https:\/\/qingdaohf.com\/tr\/urun\/g2130-kelepce\/","title":{"rendered":"G2130 S2130 G2130A Galvanizli Kelep\u00e7e"},"content":{"rendered":"<p>Bu kelep\u00e7eler galvanizleme i\u015fleminden ge\u00e7irilmi\u015f y\u00fcksek kaliteli \u00e7elikten yap\u0131l\u0131r. Galvanizleme, \u00e7eli\u011fin m\u00fckemmel korozyon direnci sa\u011flayan ve kelep\u00e7eyi pastan ve di\u011fer bozulma bi\u00e7imlerinden korumaya yard\u0131mc\u0131 olan bir \u00e7inko tabakas\u0131yla kaplanmas\u0131n\u0131 i\u00e7erir. Bu da onlar\u0131 d\u0131\u015f mekanlarda, denizcilikte ve a\u015f\u0131nd\u0131r\u0131c\u0131 ortamlarda kullan\u0131ma uygun hale getirir.<\/p>\n<p>G2130 Galvanizli Kelep\u00e7e, S2130 Galvanizli Kelep\u00e7e ve G2130A Galvanizli Kelep\u00e7e, g\u00fcvenli sabitleme i\u00e7in di\u015fli bir pim veya c\u0131vata ile yay \u015feklinde bir tasar\u0131ma sahiptir. Yay \u015fekli birden fazla bile\u015fenin kolayca tak\u0131lmas\u0131n\u0131 sa\u011flarken, di\u015fli pim g\u00fcvenilir ve s\u0131k\u0131 bir kapatma sa\u011flar. Bu kelep\u00e7eler tipik olarak g\u00fcvenli ve do\u011fru kullan\u0131m i\u00e7in \u00e7al\u0131\u015fma y\u00fck\u00fc limitleri (WLL) ve di\u011fer ilgili \u00f6zelliklerle i\u015faretlenmi\u015ftir.<\/p>\n<p>\u00d6zel uygulaman\u0131za ve y\u00fck gereksinimlerinize g\u00f6re uygun kelep\u00e7eyi se\u00e7mek \u00f6nemlidir. G2130 Galvanizli Kelep\u00e7e, S2130 Galvanizli Kelep\u00e7e ve G2130A Galvanizli Kelep\u00e7e, farkl\u0131 \u00e7al\u0131\u015fma y\u00fck\u00fc limitlerini kar\u015f\u0131lamak i\u00e7in \u00e7e\u015fitli boyutlarda ve konfig\u00fcrasyonlarda gelir ve kald\u0131rma ve donan\u0131m ihtiya\u00e7lar\u0131n\u0131z i\u00e7in do\u011fru kelep\u00e7eyi se\u00e7ebilmenizi sa\u011flar.<\/p>\n<p><img fetchpriority=\"high\" decoding=\"async\" class=\"alignnone size-full wp-image-3810\" src=\"http:\/\/qingdaohf.com\/wp-content\/uploads\/2023\/04\/G2130.jpg\" alt=\"\" width=\"1000\" height=\"1158\" srcset=\"https:\/\/qingdaohf.com\/wp-content\/uploads\/2023\/04\/G2130.jpg 1000w, https:\/\/qingdaohf.com\/wp-content\/uploads\/2023\/04\/G2130-259x300.jpg 259w, https:\/\/qingdaohf.com\/wp-content\/uploads\/2023\/04\/G2130-884x1024.jpg 884w, https:\/\/qingdaohf.com\/wp-content\/uploads\/2023\/04\/G2130-768x889.jpg 768w\" sizes=\"(max-width: 1000px) 100vw, 1000px\" \/> <img decoding=\"async\" class=\"alignnone size-full wp-image-3811\" src=\"http:\/\/qingdaohf.com\/wp-content\/uploads\/2023\/04\/G2130A.jpg\" alt=\"G2130 kelep\u00e7e\" width=\"1000\" height=\"783\" srcset=\"https:\/\/qingdaohf.com\/wp-content\/uploads\/2023\/04\/G2130A.jpg 1000w, https:\/\/qingdaohf.com\/wp-content\/uploads\/2023\/04\/G2130A-300x235.jpg 300w, https:\/\/qingdaohf.com\/wp-content\/uploads\/2023\/04\/G2130A-768x601.jpg 768w\" sizes=\"(max-width: 1000px) 100vw, 1000px\" \/><\/p>\n<p>&nbsp;<\/p>","protected":false},"excerpt":{"rendered":"<p>G2130 Galvanizli Kelep\u00e7e, S2130 Galvanizli Kelep\u00e7e ve G2130A Galvanizli Kelep\u00e7e, donan\u0131m ve kald\u0131rma i\u015flemlerinde yayg\u0131n olarak kullan\u0131lan \u00fc\u00e7 tip kelep\u00e7edir. Bu prangalar sapanlar, zincirler ve halatlar gibi \u00e7e\u015fitli bile\u015fenler aras\u0131nda g\u00fc\u00e7l\u00fc ve g\u00fcvenli bir ba\u011flant\u0131 noktas\u0131 sa\u011flamak \u00fczere tasarlanm\u0131\u015ft\u0131r.<\/p>\n<p>Ortak model: 1019472, 1019551, 1019533, 1019695....<\/p>","protected":false},"featured_media":6325,"comment_status":"open","ping_status":"closed","template":"","meta":{"site-sidebar-layout":"default","site-content-layout":"default","ast-site-content-layout":"default","site-content-style":"default","site-sidebar-style":"default","ast-global-header-display":"","ast-banner-title-visibility":"","ast-main-header-display":"","ast-hfb-above-header-display":"","ast-hfb-below-header-display":"","ast-hfb-mobile-header-display":"","site-post-title":"","ast-breadcrumbs-content":"","ast-featured-img":"","footer-sml-layout":"","theme-transparent-header-meta":"default","adv-header-id-meta":"","stick-header-meta":"default","header-above-stick-meta":"","header-main-stick-meta":"","header-below-stick-meta":"","astra-migrate-meta-layouts":"set","ast-page-background-enabled":"default","ast-page-background-meta":{"desktop":{"background-color":"","background-image":"","background-repeat":"repeat","background-position":"center center","background-size":"auto","background-attachment":"scroll","background-type":"","background-media":"","overlay-type":"","overlay-color":"","overlay-opacity":"","overlay-gradient":""},"tablet":{"background-color":"","background-image":"","background-repeat":"repeat","background-position":"center center","background-size":"auto","background-attachment":"scroll","background-type":"","background-media":"","overlay-type":"","overlay-color":"","overlay-opacity":"","overlay-gradient":""},"mobile":{"background-color":"","background-image":"","background-repeat":"repeat","background-position":"center center","background-size":"auto","background-attachment":"scroll","background-type":"","background-media":"","overlay-type":"","overlay-color":"","overlay-opacity":"","overlay-gradient":""}},"ast-content-background-meta":{"desktop":{"background-color":"var(--ast-global-color-5)","background-image":"","background-repeat":"repeat","background-position":"center center","background-size":"auto","background-attachment":"scroll","background-type":"","background-media":"","overlay-type":"","overlay-color":"","overlay-opacity":"","overlay-gradient":""},"tablet":{"background-color":"var(--ast-global-color-5)","background-image":"","background-repeat":"repeat","background-position":"center center","background-size":"auto","background-attachment":"scroll","background-type":"","background-media":"","overlay-type":"","overlay-color":"","overlay-opacity":"","overlay-gradient":""},"mobile":{"background-color":"var(--ast-global-color-5)","background-image":"","background-repeat":"repeat","background-position":"center center","background-size":"auto","background-attachment":"scroll","background-type":"","background-media":"","overlay-type":"","overlay-color":"","overlay-opacity":"","overlay-gradient":""}}},"product_brand":[],"product_cat":[54],"product_tag":[],"class_list":{"0":"post-3536","1":"product","2":"type-product","3":"status-publish","4":"has-post-thumbnail","6":"product_cat-shackle","7":"desktop-align-left","8":"tablet-align-left","9":"mobile-align-left","10":"ast-product-gallery-layout-horizontal-slider","11":"ast-product-gallery-with-no-image","12":"ast-product-tabs-layout-horizontal","14":"first","15":"instock","16":"shipping-taxable","17":"purchasable","18":"product-type-simple"},"yoast_head":"<!-- This site is optimized with the Yoast SEO plugin v25.2 - https:\/\/yoast.com\/wordpress\/plugins\/seo\/ -->\n<title>G2130 S2130 G2130A Galvanized Shackle<\/title>\n<meta name=\"description\" content=\"G2130 shackleThe G2130 Galvanized Shackle, S2130 Galvanized Shackle, and G2130A Galvanized Shackle are three types of shackles commonly used in rigging and lifting operations. These shackles are designed to provide a strong and secure connection point between various components such as slings, chains, and ropes.\" \/>\n<meta name=\"robots\" content=\"index, follow, max-snippet:-1, max-image-preview:large, max-video-preview:-1\" \/>\n<link rel=\"canonical\" href=\"https:\/\/qingdaohf.com\/tr\/urun\/g2130-kelepce\/\" \/>\n<meta property=\"og:locale\" content=\"tr_TR\" \/>\n<meta property=\"og:type\" content=\"article\" \/>\n<meta property=\"og:title\" content=\"G2130 S2130 G2130A Galvanized Shackle\" \/>\n<meta property=\"og:description\" content=\"G2130 shackleThe G2130 Galvanized Shackle, S2130 Galvanized Shackle, and G2130A Galvanized Shackle are three types of shackles commonly used in rigging and lifting operations. These shackles are designed to provide a strong and secure connection point between various components such as slings, chains, and ropes.\" \/>\n<meta property=\"og:url\" content=\"https:\/\/qingdaohf.com\/tr\/urun\/g2130-kelepce\/\" \/>\n<meta property=\"og:site_name\" content=\"Concrete Form &amp; Rigging Hardware Supplier\" \/>\n<meta property=\"article:publisher\" content=\"https:\/\/www.facebook.com\/qingdaohf\" \/>\n<meta property=\"article:modified_time\" content=\"2025-11-13T01:05:13+00:00\" \/>\n<meta property=\"og:image\" content=\"https:\/\/qingdaohf.com\/wp-content\/uploads\/2023\/04\/2130.jpg\" \/>\n\t<meta property=\"og:image:width\" content=\"1000\" \/>\n\t<meta property=\"og:image:height\" content=\"1000\" \/>\n\t<meta property=\"og:image:type\" content=\"image\/jpeg\" \/>\n<meta name=\"twitter:card\" content=\"summary_large_image\" \/>\n<meta name=\"twitter:label1\" content=\"Tahmini okuma s\u00fcresi\" \/>\n\t<meta name=\"twitter:data1\" content=\"2 dakika\" \/>\n<script type=\"application\/ld+json\" class=\"yoast-schema-graph\">{\"@context\":\"https:\/\/schema.org\",\"@graph\":[{\"@type\":\"WebPage\",\"@id\":\"https:\/\/qingdaohf.com\/product\/g2130-shackle\/\",\"url\":\"https:\/\/qingdaohf.com\/product\/g2130-shackle\/\",\"name\":\"G2130 S2130 G2130A Galvanized Shackle\",\"isPartOf\":{\"@id\":\"https:\/\/qingdaohf.com\/bg\/#website\"},\"primaryImageOfPage\":{\"@id\":\"https:\/\/qingdaohf.com\/product\/g2130-shackle\/#primaryimage\"},\"image\":{\"@id\":\"https:\/\/qingdaohf.com\/product\/g2130-shackle\/#primaryimage\"},\"thumbnailUrl\":\"https:\/\/qingdaohf.com\/wp-content\/uploads\/2023\/04\/2130.jpg\",\"datePublished\":\"2023-04-10T09:46:57+00:00\",\"dateModified\":\"2025-11-13T01:05:13+00:00\",\"description\":\"G2130 shackleThe G2130 Galvanized Shackle, S2130 Galvanized Shackle, and G2130A Galvanized Shackle are three types of shackles commonly used in rigging and lifting operations. These shackles are designed to provide a strong and secure connection point between various components such as slings, chains, and ropes.\",\"breadcrumb\":{\"@id\":\"https:\/\/qingdaohf.com\/product\/g2130-shackle\/#breadcrumb\"},\"inLanguage\":\"tr\",\"potentialAction\":[{\"@type\":\"ReadAction\",\"target\":[\"https:\/\/qingdaohf.com\/product\/g2130-shackle\/\"]}]},{\"@type\":\"ImageObject\",\"inLanguage\":\"tr\",\"@id\":\"https:\/\/qingdaohf.com\/product\/g2130-shackle\/#primaryimage\",\"url\":\"https:\/\/qingdaohf.com\/wp-content\/uploads\/2023\/04\/2130.jpg\",\"contentUrl\":\"https:\/\/qingdaohf.com\/wp-content\/uploads\/2023\/04\/2130.jpg\",\"width\":1000,\"height\":1000,\"caption\":\"G130 shackle\"},{\"@type\":\"BreadcrumbList\",\"@id\":\"https:\/\/qingdaohf.com\/product\/g2130-shackle\/#breadcrumb\",\"itemListElement\":[{\"@type\":\"ListItem\",\"position\":1,\"name\":\"Home\",\"item\":\"https:\/\/qingdaohf.com\/\"},{\"@type\":\"ListItem\",\"position\":2,\"name\":\"Concrete Forming Accessories and Rigging Hardware\",\"item\":\"https:\/\/qingdaohf.com\/bg\/?page_id=944\"},{\"@type\":\"ListItem\",\"position\":3,\"name\":\"G2130 S2130 G2130A Galvanized Shackle\"}]},{\"@type\":\"WebSite\",\"@id\":\"https:\/\/qingdaohf.com\/bg\/#website\",\"url\":\"https:\/\/qingdaohf.com\/bg\/\",\"name\":\"Concrete Form & Rigging Hardware Supplier\",\"description\":\"\",\"publisher\":{\"@id\":\"https:\/\/qingdaohf.com\/bg\/#organization\"},\"potentialAction\":[{\"@type\":\"SearchAction\",\"target\":{\"@type\":\"EntryPoint\",\"urlTemplate\":\"https:\/\/qingdaohf.com\/bg\/?s={search_term_string}\"},\"query-input\":{\"@type\":\"PropertyValueSpecification\",\"valueRequired\":true,\"valueName\":\"search_term_string\"}}],\"inLanguage\":\"tr\"},{\"@type\":\"Organization\",\"@id\":\"https:\/\/qingdaohf.com\/bg\/#organization\",\"name\":\"Qingdao H&F\",\"url\":\"https:\/\/qingdaohf.com\/bg\/\",\"logo\":{\"@type\":\"ImageObject\",\"inLanguage\":\"tr\",\"@id\":\"https:\/\/qingdaohf.com\/bg\/#\/schema\/logo\/image\/\",\"url\":\"https:\/\/qingdaohf.com\/wp-content\/uploads\/2022\/12\/cropped-HF-LOGO.png\",\"contentUrl\":\"https:\/\/qingdaohf.com\/wp-content\/uploads\/2022\/12\/cropped-HF-LOGO.png\",\"width\":391,\"height\":249,\"caption\":\"Qingdao H&F\"},\"image\":{\"@id\":\"https:\/\/qingdaohf.com\/bg\/#\/schema\/logo\/image\/\"},\"sameAs\":[\"https:\/\/www.facebook.com\/qingdaohf\"]}]}<\/script>\n<!-- \/ Yoast SEO plugin. -->","yoast_head_json":{"title":"G2130 S2130 G2130A Galvanized Shackle","description":"G2130 shackleThe G2130 Galvanized Shackle, S2130 Galvanized Shackle, and G2130A Galvanized Shackle are three types of shackles commonly used in rigging and lifting operations. These shackles are designed to provide a strong and secure connection point between various components such as slings, chains, and ropes.","robots":{"index":"index","follow":"follow","max-snippet":"max-snippet:-1","max-image-preview":"max-image-preview:large","max-video-preview":"max-video-preview:-1"},"canonical":"https:\/\/qingdaohf.com\/tr\/urun\/g2130-kelepce\/","og_locale":"tr_TR","og_type":"article","og_title":"G2130 S2130 G2130A Galvanized Shackle","og_description":"G2130 shackleThe G2130 Galvanized Shackle, S2130 Galvanized Shackle, and G2130A Galvanized Shackle are three types of shackles commonly used in rigging and lifting operations. These shackles are designed to provide a strong and secure connection point between various components such as slings, chains, and ropes.","og_url":"https:\/\/qingdaohf.com\/tr\/urun\/g2130-kelepce\/","og_site_name":"Concrete Form &amp; Rigging Hardware Supplier","article_publisher":"https:\/\/www.facebook.com\/qingdaohf","article_modified_time":"2025-11-13T01:05:13+00:00","og_image":[{"width":1000,"height":1000,"url":"https:\/\/qingdaohf.com\/wp-content\/uploads\/2023\/04\/2130.jpg","type":"image\/jpeg"}],"twitter_card":"summary_large_image","twitter_misc":{"Tahmini okuma s\u00fcresi":"2 dakika"},"schema":{"@context":"https:\/\/schema.org","@graph":[{"@type":"WebPage","@id":"https:\/\/qingdaohf.com\/product\/g2130-shackle\/","url":"https:\/\/qingdaohf.com\/product\/g2130-shackle\/","name":"G2130 S2130 G2130A Galvanized Shackle","isPartOf":{"@id":"https:\/\/qingdaohf.com\/bg\/#website"},"primaryImageOfPage":{"@id":"https:\/\/qingdaohf.com\/product\/g2130-shackle\/#primaryimage"},"image":{"@id":"https:\/\/qingdaohf.com\/product\/g2130-shackle\/#primaryimage"},"thumbnailUrl":"https:\/\/qingdaohf.com\/wp-content\/uploads\/2023\/04\/2130.jpg","datePublished":"2023-04-10T09:46:57+00:00","dateModified":"2025-11-13T01:05:13+00:00","description":"G2130 shackleThe G2130 Galvanized Shackle, S2130 Galvanized Shackle, and G2130A Galvanized Shackle are three types of shackles commonly used in rigging and lifting operations. These shackles are designed to provide a strong and secure connection point between various components such as slings, chains, and ropes.","breadcrumb":{"@id":"https:\/\/qingdaohf.com\/product\/g2130-shackle\/#breadcrumb"},"inLanguage":"tr","potentialAction":[{"@type":"ReadAction","target":["https:\/\/qingdaohf.com\/product\/g2130-shackle\/"]}]},{"@type":"ImageObject","inLanguage":"tr","@id":"https:\/\/qingdaohf.com\/product\/g2130-shackle\/#primaryimage","url":"https:\/\/qingdaohf.com\/wp-content\/uploads\/2023\/04\/2130.jpg","contentUrl":"https:\/\/qingdaohf.com\/wp-content\/uploads\/2023\/04\/2130.jpg","width":1000,"height":1000,"caption":"G130 shackle"},{"@type":"BreadcrumbList","@id":"https:\/\/qingdaohf.com\/product\/g2130-shackle\/#breadcrumb","itemListElement":[{"@type":"ListItem","position":1,"name":"Home","item":"https:\/\/qingdaohf.com\/"},{"@type":"ListItem","position":2,"name":"Concrete Forming Accessories and Rigging Hardware","item":"https:\/\/qingdaohf.com\/bg\/?page_id=944"},{"@type":"ListItem","position":3,"name":"G2130 S2130 G2130A Galvanized Shackle"}]},{"@type":"WebSite","@id":"https:\/\/qingdaohf.com\/bg\/#website","url":"https:\/\/qingdaohf.com\/bg\/","name":"Concrete Form & Rigging Hardware Supplier","description":"","publisher":{"@id":"https:\/\/qingdaohf.com\/bg\/#organization"},"potentialAction":[{"@type":"SearchAction","target":{"@type":"EntryPoint","urlTemplate":"https:\/\/qingdaohf.com\/bg\/?s={search_term_string}"},"query-input":{"@type":"PropertyValueSpecification","valueRequired":true,"valueName":"search_term_string"}}],"inLanguage":"tr"},{"@type":"Organization","@id":"https:\/\/qingdaohf.com\/bg\/#organization","name":"Qingdao H&F","url":"https:\/\/qingdaohf.com\/bg\/","logo":{"@type":"ImageObject","inLanguage":"tr","@id":"https:\/\/qingdaohf.com\/bg\/#\/schema\/logo\/image\/","url":"https:\/\/qingdaohf.com\/wp-content\/uploads\/2022\/12\/cropped-HF-LOGO.png","contentUrl":"https:\/\/qingdaohf.com\/wp-content\/uploads\/2022\/12\/cropped-HF-LOGO.png","width":391,"height":249,"caption":"Qingdao H&F"},"image":{"@id":"https:\/\/qingdaohf.com\/bg\/#\/schema\/logo\/image\/"},"sameAs":["https:\/\/www.facebook.com\/qingdaohf"]}]}},"_links":{"self":[{"href":"https:\/\/qingdaohf.com\/tr\/wp-json\/wp\/v2\/product\/3536","targetHints":{"allow":["GET"]}}],"collection":[{"href":"https:\/\/qingdaohf.com\/tr\/wp-json\/wp\/v2\/product"}],"about":[{"href":"https:\/\/qingdaohf.com\/tr\/wp-json\/wp\/v2\/types\/product"}],"replies":[{"embeddable":true,"href":"https:\/\/qingdaohf.com\/tr\/wp-json\/wp\/v2\/comments?post=3536"}],"version-history":[{"count":3,"href":"https:\/\/qingdaohf.com\/tr\/wp-json\/wp\/v2\/product\/3536\/revisions"}],"predecessor-version":[{"id":6456,"href":"https:\/\/qingdaohf.com\/tr\/wp-json\/wp\/v2\/product\/3536\/revisions\/6456"}],"wp:featuredmedia":[{"embeddable":true,"href":"https:\/\/qingdaohf.com\/tr\/wp-json\/wp\/v2\/media\/6325"}],"wp:attachment":[{"href":"https:\/\/qingdaohf.com\/tr\/wp-json\/wp\/v2\/media?parent=3536"}],"wp:term":[{"taxonomy":"product_brand","embeddable":true,"href":"https:\/\/qingdaohf.com\/tr\/wp-json\/wp\/v2\/product_brand?post=3536"},{"taxonomy":"product_cat","embeddable":true,"href":"https:\/\/qingdaohf.com\/tr\/wp-json\/wp\/v2\/product_cat?post=3536"},{"taxonomy":"product_tag","embeddable":true,"href":"https:\/\/qingdaohf.com\/tr\/wp-json\/wp\/v2\/product_tag?post=3536"}],"curies":[{"name":"wp","href":"https:\/\/api.w.org\/{rel}","templated":true}]}}