{"id":3543,"date":"2023-04-10T18:54:41","date_gmt":"2023-04-10T10:54:41","guid":{"rendered":"http:\/\/qingdaohf.com\/?post_type=product&#038;p=3543"},"modified":"2025-11-13T09:05:13","modified_gmt":"2025-11-13T01:05:13","slug":"load-binder-with-grab-hook","status":"publish","type":"product","link":"https:\/\/qingdaohf.com\/tr\/urun\/tutma-kancali-yuk-baglayici\/","title":{"rendered":"Y\u00fck Ba\u011flay\u0131c\u0131"},"content":{"rendered":"<p>Y\u00fck ba\u011flay\u0131c\u0131lar tipik olarak \u00e7elik veya ala\u015f\u0131m gibi g\u00fc\u00e7l\u00fc ve dayan\u0131kl\u0131 malzemelerden yap\u0131l\u0131r, bu da a\u011f\u0131r y\u00fcklere dayanabilmelerini ve a\u015f\u0131nma ve y\u0131pranmaya kar\u015f\u0131 diren\u00e7 g\u00f6stermelerini sa\u011flar. \u00c7e\u015fitli boyutlarda ve konfig\u00fcrasyonlarda gelirler, ancak temel tasar\u0131m bir kol, bir tutamak ve iki veya daha fazla kanca veya \u00e7eneden olu\u015fur.<\/p>\n<p>Bir y\u00fck ba\u011flay\u0131c\u0131n\u0131n \u00e7al\u0131\u015fmas\u0131, y\u00fck\u00fc s\u0131kmak ve sabitlemek i\u00e7in gerilim kullan\u0131lmas\u0131n\u0131 i\u00e7erir. Tipik olarak, ba\u011flay\u0131c\u0131n\u0131n \u00e7enelerinden veya kancalar\u0131ndan ge\u00e7irilen ve kargonun ba\u011flant\u0131 noktalar\u0131na tutturulan zincirlerle kullan\u0131l\u0131r. Kol ve tutamak daha sonra zincirler \u00fczerinde gerilim yaratmak, onlar\u0131 s\u0131k\u0131ca \u00e7ekmek ve y\u00fck\u00fc s\u0131k\u0131ca yerine sabitlemek i\u00e7in kullan\u0131l\u0131r.<\/p>\n<p>Y\u00fck ba\u011flay\u0131c\u0131lar iki ana tipte mevcuttur: c\u0131rc\u0131rl\u0131 ba\u011flay\u0131c\u0131lar ve kald\u0131ra\u00e7l\u0131 ba\u011flay\u0131c\u0131lar. C\u0131rc\u0131rl\u0131 ba\u011flay\u0131c\u0131lar, zincirlerin kolay ve hassas bir \u015fekilde gerilmesini sa\u011flayan bir c\u0131rc\u0131r mekanizmas\u0131na sahipken, kollu ba\u011flay\u0131c\u0131lar gerginlik olu\u015fturmak i\u00e7in bir kol kullan\u0131r. C\u0131rc\u0131rl\u0131 ba\u011flay\u0131c\u0131lar, rahatl\u0131klar\u0131 ve kullan\u0131m kolayl\u0131klar\u0131 nedeniyle genellikle daha pop\u00fclerdir.<\/p>\n<p><img fetchpriority=\"high\" decoding=\"async\" class=\"alignnone size-full wp-image-3899\" src=\"http:\/\/qingdaohf.com\/wp-content\/uploads\/2023\/04\/Load-Binder-3.jpg\" alt=\"Y\u00fck Ba\u011flay\u0131c\u0131 \" width=\"1000\" height=\"1227\" srcset=\"https:\/\/qingdaohf.com\/wp-content\/uploads\/2023\/04\/Load-Binder-3.jpg 1000w, https:\/\/qingdaohf.com\/wp-content\/uploads\/2023\/04\/Load-Binder-3-244x300.jpg 244w, https:\/\/qingdaohf.com\/wp-content\/uploads\/2023\/04\/Load-Binder-3-835x1024.jpg 835w, https:\/\/qingdaohf.com\/wp-content\/uploads\/2023\/04\/Load-Binder-3-768x942.jpg 768w\" sizes=\"(max-width: 1000px) 100vw, 1000px\" \/><\/p>\n<p><img decoding=\"async\" class=\"alignnone size-full wp-image-3900\" src=\"http:\/\/qingdaohf.com\/wp-content\/uploads\/2023\/04\/Load-Binder-1.jpg\" alt=\"Y\u00fck Ba\u011flay\u0131c\u0131 \" width=\"1000\" height=\"1315\" srcset=\"https:\/\/qingdaohf.com\/wp-content\/uploads\/2023\/04\/Load-Binder-1.jpg 1000w, https:\/\/qingdaohf.com\/wp-content\/uploads\/2023\/04\/Load-Binder-1-228x300.jpg 228w, https:\/\/qingdaohf.com\/wp-content\/uploads\/2023\/04\/Load-Binder-1-779x1024.jpg 779w, https:\/\/qingdaohf.com\/wp-content\/uploads\/2023\/04\/Load-Binder-1-768x1010.jpg 768w\" sizes=\"(max-width: 1000px) 100vw, 1000px\" \/> <img decoding=\"async\" class=\"alignnone size-full wp-image-3901\" src=\"http:\/\/qingdaohf.com\/wp-content\/uploads\/2023\/04\/Load-Binder-2.jpg\" alt=\"Y\u00fck Ba\u011flay\u0131c\u0131 \" width=\"1000\" height=\"972\" srcset=\"https:\/\/qingdaohf.com\/wp-content\/uploads\/2023\/04\/Load-Binder-2.jpg 1000w, https:\/\/qingdaohf.com\/wp-content\/uploads\/2023\/04\/Load-Binder-2-300x292.jpg 300w, https:\/\/qingdaohf.com\/wp-content\/uploads\/2023\/04\/Load-Binder-2-768x746.jpg 768w\" sizes=\"(max-width: 1000px) 100vw, 1000px\" \/> <img loading=\"lazy\" decoding=\"async\" class=\"alignnone size-full wp-image-3902\" src=\"http:\/\/qingdaohf.com\/wp-content\/uploads\/2023\/04\/Load-Binder-4.jpg\" alt=\"Y\u00fck Ba\u011flay\u0131c\u0131 \" width=\"1000\" height=\"846\" srcset=\"https:\/\/qingdaohf.com\/wp-content\/uploads\/2023\/04\/Load-Binder-4.jpg 1000w, https:\/\/qingdaohf.com\/wp-content\/uploads\/2023\/04\/Load-Binder-4-300x254.jpg 300w, https:\/\/qingdaohf.com\/wp-content\/uploads\/2023\/04\/Load-Binder-4-768x650.jpg 768w\" sizes=\"(max-width: 1000px) 100vw, 1000px\" \/> <img loading=\"lazy\" decoding=\"async\" class=\"alignnone size-full wp-image-3903\" src=\"http:\/\/qingdaohf.com\/wp-content\/uploads\/2023\/04\/Load-Binder-5.jpg\" alt=\"Y\u00fck Ba\u011flay\u0131c\u0131 \" width=\"1000\" height=\"1319\" srcset=\"https:\/\/qingdaohf.com\/wp-content\/uploads\/2023\/04\/Load-Binder-5.jpg 1000w, https:\/\/qingdaohf.com\/wp-content\/uploads\/2023\/04\/Load-Binder-5-227x300.jpg 227w, https:\/\/qingdaohf.com\/wp-content\/uploads\/2023\/04\/Load-Binder-5-776x1024.jpg 776w, https:\/\/qingdaohf.com\/wp-content\/uploads\/2023\/04\/Load-Binder-5-768x1013.jpg 768w\" sizes=\"(max-width: 1000px) 100vw, 1000px\" \/><\/p>","protected":false},"excerpt":{"rendered":"<p>Y\u00fck ba\u011flay\u0131c\u0131 veya zincir ba\u011flay\u0131c\u0131 olarak da bilinen Y\u00fck Ba\u011flay\u0131c\u0131, ta\u015f\u0131mac\u0131l\u0131k sekt\u00f6r\u00fcnde kamyon, treyler veya d\u00fcz yataklardaki y\u00fckleri sabitlemek ve s\u0131k\u0131la\u015ft\u0131rmak i\u00e7in yayg\u0131n olarak kullan\u0131lan bir cihazd\u0131r. Amac\u0131, ta\u015f\u0131ma s\u0131ras\u0131nda y\u00fck\u00fcn kaymas\u0131n\u0131 veya d\u00fc\u015fmesini \u00f6nlemektir.<\/p>","protected":false},"featured_media":3544,"comment_status":"open","ping_status":"closed","template":"","meta":{"site-sidebar-layout":"default","site-content-layout":"default","ast-site-content-layout":"","site-content-style":"default","site-sidebar-style":"default","ast-global-header-display":"","ast-banner-title-visibility":"","ast-main-header-display":"","ast-hfb-above-header-display":"","ast-hfb-below-header-display":"","ast-hfb-mobile-header-display":"","site-post-title":"","ast-breadcrumbs-content":"","ast-featured-img":"","footer-sml-layout":"","theme-transparent-header-meta":"default","adv-header-id-meta":"","stick-header-meta":"default","header-above-stick-meta":"","header-main-stick-meta":"","header-below-stick-meta":"","astra-migrate-meta-layouts":"default","ast-page-background-enabled":"default","ast-page-background-meta":{"desktop":{"background-color":"","background-image":"","background-repeat":"repeat","background-position":"center center","background-size":"auto","background-attachment":"scroll","background-type":"","background-media":"","overlay-type":"","overlay-color":"","overlay-opacity":"","overlay-gradient":""},"tablet":{"background-color":"","background-image":"","background-repeat":"repeat","background-position":"center center","background-size":"auto","background-attachment":"scroll","background-type":"","background-media":"","overlay-type":"","overlay-color":"","overlay-opacity":"","overlay-gradient":""},"mobile":{"background-color":"","background-image":"","background-repeat":"repeat","background-position":"center center","background-size":"auto","background-attachment":"scroll","background-type":"","background-media":"","overlay-type":"","overlay-color":"","overlay-opacity":"","overlay-gradient":""}},"ast-content-background-meta":{"desktop":{"background-color":"var(--ast-global-color-5)","background-image":"","background-repeat":"repeat","background-position":"center center","background-size":"auto","background-attachment":"scroll","background-type":"","background-media":"","overlay-type":"","overlay-color":"","overlay-opacity":"","overlay-gradient":""},"tablet":{"background-color":"var(--ast-global-color-5)","background-image":"","background-repeat":"repeat","background-position":"center center","background-size":"auto","background-attachment":"scroll","background-type":"","background-media":"","overlay-type":"","overlay-color":"","overlay-opacity":"","overlay-gradient":""},"mobile":{"background-color":"var(--ast-global-color-5)","background-image":"","background-repeat":"repeat","background-position":"center center","background-size":"auto","background-attachment":"scroll","background-type":"","background-media":"","overlay-type":"","overlay-color":"","overlay-opacity":"","overlay-gradient":""}}},"product_brand":[],"product_cat":[43],"product_tag":[],"class_list":{"0":"post-3543","1":"product","2":"type-product","3":"status-publish","4":"has-post-thumbnail","6":"product_cat-rigging-hardware","7":"desktop-align-left","8":"tablet-align-left","9":"mobile-align-left","10":"ast-product-gallery-layout-horizontal-slider","11":"ast-product-tabs-layout-horizontal","13":"first","14":"instock","15":"shipping-taxable","16":"purchasable","17":"product-type-simple"},"yoast_head":"<!-- This site is optimized with the Yoast SEO plugin v25.2 - https:\/\/yoast.com\/wordpress\/plugins\/seo\/ -->\n<title>Load Binder<\/title>\n<meta name=\"description\" content=\"Load Binder with Grab HookThe Load Binder, also known as a cargo binder or chain binder, is a device commonly used in the transportation industry to secure and tighten loads on trucks, trailers, or flatbeds. Its purpose is to prevent the cargo from shifting or falling off during transit.\" \/>\n<meta name=\"robots\" content=\"index, follow, max-snippet:-1, max-image-preview:large, max-video-preview:-1\" \/>\n<link rel=\"canonical\" href=\"https:\/\/qingdaohf.com\/tr\/urun\/tutma-kancali-yuk-baglayici\/\" \/>\n<meta property=\"og:locale\" content=\"tr_TR\" \/>\n<meta property=\"og:type\" content=\"article\" \/>\n<meta property=\"og:title\" content=\"Load Binder\" \/>\n<meta property=\"og:description\" content=\"Load Binder with Grab HookThe Load Binder, also known as a cargo binder or chain binder, is a device commonly used in the transportation industry to secure and tighten loads on trucks, trailers, or flatbeds. Its purpose is to prevent the cargo from shifting or falling off during transit.\" \/>\n<meta property=\"og:url\" content=\"https:\/\/qingdaohf.com\/tr\/urun\/tutma-kancali-yuk-baglayici\/\" \/>\n<meta property=\"og:site_name\" content=\"Concrete Form &amp; Rigging Hardware Supplier\" \/>\n<meta property=\"article:publisher\" content=\"https:\/\/www.facebook.com\/qingdaohf\" \/>\n<meta property=\"article:modified_time\" content=\"2025-11-13T01:05:13+00:00\" \/>\n<meta property=\"og:image\" content=\"https:\/\/qingdaohf.com\/wp-content\/uploads\/2023\/04\/Load-Binder-with-Grab-Hook-1.jpg\" \/>\n\t<meta property=\"og:image:width\" content=\"800\" \/>\n\t<meta property=\"og:image:height\" content=\"800\" \/>\n\t<meta property=\"og:image:type\" content=\"image\/jpeg\" \/>\n<meta name=\"twitter:card\" content=\"summary_large_image\" \/>\n<meta name=\"twitter:label1\" content=\"Tahmini okuma s\u00fcresi\" \/>\n\t<meta name=\"twitter:data1\" content=\"2 dakika\" \/>\n<script type=\"application\/ld+json\" class=\"yoast-schema-graph\">{\"@context\":\"https:\/\/schema.org\",\"@graph\":[{\"@type\":\"WebPage\",\"@id\":\"https:\/\/qingdaohf.com\/product\/load-binder-with-grab-hook\/\",\"url\":\"https:\/\/qingdaohf.com\/product\/load-binder-with-grab-hook\/\",\"name\":\"Load Binder\",\"isPartOf\":{\"@id\":\"https:\/\/qingdaohf.com\/bg\/#website\"},\"primaryImageOfPage\":{\"@id\":\"https:\/\/qingdaohf.com\/product\/load-binder-with-grab-hook\/#primaryimage\"},\"image\":{\"@id\":\"https:\/\/qingdaohf.com\/product\/load-binder-with-grab-hook\/#primaryimage\"},\"thumbnailUrl\":\"https:\/\/qingdaohf.com\/wp-content\/uploads\/2023\/04\/Load-Binder-with-Grab-Hook-1.jpg\",\"datePublished\":\"2023-04-10T10:54:41+00:00\",\"dateModified\":\"2025-11-13T01:05:13+00:00\",\"description\":\"Load Binder with Grab HookThe Load Binder, also known as a cargo binder or chain binder, is a device commonly used in the transportation industry to secure and tighten loads on trucks, trailers, or flatbeds. Its purpose is to prevent the cargo from shifting or falling off during transit.\",\"breadcrumb\":{\"@id\":\"https:\/\/qingdaohf.com\/product\/load-binder-with-grab-hook\/#breadcrumb\"},\"inLanguage\":\"tr\",\"potentialAction\":[{\"@type\":\"ReadAction\",\"target\":[\"https:\/\/qingdaohf.com\/product\/load-binder-with-grab-hook\/\"]}]},{\"@type\":\"ImageObject\",\"inLanguage\":\"tr\",\"@id\":\"https:\/\/qingdaohf.com\/product\/load-binder-with-grab-hook\/#primaryimage\",\"url\":\"https:\/\/qingdaohf.com\/wp-content\/uploads\/2023\/04\/Load-Binder-with-Grab-Hook-1.jpg\",\"contentUrl\":\"https:\/\/qingdaohf.com\/wp-content\/uploads\/2023\/04\/Load-Binder-with-Grab-Hook-1.jpg\",\"width\":800,\"height\":800,\"caption\":\"Load Binder with Grab Hook\"},{\"@type\":\"BreadcrumbList\",\"@id\":\"https:\/\/qingdaohf.com\/product\/load-binder-with-grab-hook\/#breadcrumb\",\"itemListElement\":[{\"@type\":\"ListItem\",\"position\":1,\"name\":\"Home\",\"item\":\"https:\/\/qingdaohf.com\/\"},{\"@type\":\"ListItem\",\"position\":2,\"name\":\"Concrete Forming Accessories and Rigging Hardware\",\"item\":\"https:\/\/qingdaohf.com\/bg\/?page_id=944\"},{\"@type\":\"ListItem\",\"position\":3,\"name\":\"Load Binder\"}]},{\"@type\":\"WebSite\",\"@id\":\"https:\/\/qingdaohf.com\/bg\/#website\",\"url\":\"https:\/\/qingdaohf.com\/bg\/\",\"name\":\"Concrete Form & Rigging Hardware Supplier\",\"description\":\"\",\"publisher\":{\"@id\":\"https:\/\/qingdaohf.com\/bg\/#organization\"},\"potentialAction\":[{\"@type\":\"SearchAction\",\"target\":{\"@type\":\"EntryPoint\",\"urlTemplate\":\"https:\/\/qingdaohf.com\/bg\/?s={search_term_string}\"},\"query-input\":{\"@type\":\"PropertyValueSpecification\",\"valueRequired\":true,\"valueName\":\"search_term_string\"}}],\"inLanguage\":\"tr\"},{\"@type\":\"Organization\",\"@id\":\"https:\/\/qingdaohf.com\/bg\/#organization\",\"name\":\"Qingdao H&F\",\"url\":\"https:\/\/qingdaohf.com\/bg\/\",\"logo\":{\"@type\":\"ImageObject\",\"inLanguage\":\"tr\",\"@id\":\"https:\/\/qingdaohf.com\/bg\/#\/schema\/logo\/image\/\",\"url\":\"https:\/\/qingdaohf.com\/wp-content\/uploads\/2022\/12\/cropped-HF-LOGO.png\",\"contentUrl\":\"https:\/\/qingdaohf.com\/wp-content\/uploads\/2022\/12\/cropped-HF-LOGO.png\",\"width\":391,\"height\":249,\"caption\":\"Qingdao H&F\"},\"image\":{\"@id\":\"https:\/\/qingdaohf.com\/bg\/#\/schema\/logo\/image\/\"},\"sameAs\":[\"https:\/\/www.facebook.com\/qingdaohf\"]}]}<\/script>\n<!-- \/ Yoast SEO plugin. -->","yoast_head_json":{"title":"Load Binder","description":"Load Binder with Grab HookThe Load Binder, also known as a cargo binder or chain binder, is a device commonly used in the transportation industry to secure and tighten loads on trucks, trailers, or flatbeds. Its purpose is to prevent the cargo from shifting or falling off during transit.","robots":{"index":"index","follow":"follow","max-snippet":"max-snippet:-1","max-image-preview":"max-image-preview:large","max-video-preview":"max-video-preview:-1"},"canonical":"https:\/\/qingdaohf.com\/tr\/urun\/tutma-kancali-yuk-baglayici\/","og_locale":"tr_TR","og_type":"article","og_title":"Load Binder","og_description":"Load Binder with Grab HookThe Load Binder, also known as a cargo binder or chain binder, is a device commonly used in the transportation industry to secure and tighten loads on trucks, trailers, or flatbeds. Its purpose is to prevent the cargo from shifting or falling off during transit.","og_url":"https:\/\/qingdaohf.com\/tr\/urun\/tutma-kancali-yuk-baglayici\/","og_site_name":"Concrete Form &amp; Rigging Hardware Supplier","article_publisher":"https:\/\/www.facebook.com\/qingdaohf","article_modified_time":"2025-11-13T01:05:13+00:00","og_image":[{"width":800,"height":800,"url":"https:\/\/qingdaohf.com\/wp-content\/uploads\/2023\/04\/Load-Binder-with-Grab-Hook-1.jpg","type":"image\/jpeg"}],"twitter_card":"summary_large_image","twitter_misc":{"Tahmini okuma s\u00fcresi":"2 dakika"},"schema":{"@context":"https:\/\/schema.org","@graph":[{"@type":"WebPage","@id":"https:\/\/qingdaohf.com\/product\/load-binder-with-grab-hook\/","url":"https:\/\/qingdaohf.com\/product\/load-binder-with-grab-hook\/","name":"Load Binder","isPartOf":{"@id":"https:\/\/qingdaohf.com\/bg\/#website"},"primaryImageOfPage":{"@id":"https:\/\/qingdaohf.com\/product\/load-binder-with-grab-hook\/#primaryimage"},"image":{"@id":"https:\/\/qingdaohf.com\/product\/load-binder-with-grab-hook\/#primaryimage"},"thumbnailUrl":"https:\/\/qingdaohf.com\/wp-content\/uploads\/2023\/04\/Load-Binder-with-Grab-Hook-1.jpg","datePublished":"2023-04-10T10:54:41+00:00","dateModified":"2025-11-13T01:05:13+00:00","description":"Load Binder with Grab HookThe Load Binder, also known as a cargo binder or chain binder, is a device commonly used in the transportation industry to secure and tighten loads on trucks, trailers, or flatbeds. Its purpose is to prevent the cargo from shifting or falling off during transit.","breadcrumb":{"@id":"https:\/\/qingdaohf.com\/product\/load-binder-with-grab-hook\/#breadcrumb"},"inLanguage":"tr","potentialAction":[{"@type":"ReadAction","target":["https:\/\/qingdaohf.com\/product\/load-binder-with-grab-hook\/"]}]},{"@type":"ImageObject","inLanguage":"tr","@id":"https:\/\/qingdaohf.com\/product\/load-binder-with-grab-hook\/#primaryimage","url":"https:\/\/qingdaohf.com\/wp-content\/uploads\/2023\/04\/Load-Binder-with-Grab-Hook-1.jpg","contentUrl":"https:\/\/qingdaohf.com\/wp-content\/uploads\/2023\/04\/Load-Binder-with-Grab-Hook-1.jpg","width":800,"height":800,"caption":"Load Binder with Grab Hook"},{"@type":"BreadcrumbList","@id":"https:\/\/qingdaohf.com\/product\/load-binder-with-grab-hook\/#breadcrumb","itemListElement":[{"@type":"ListItem","position":1,"name":"Home","item":"https:\/\/qingdaohf.com\/"},{"@type":"ListItem","position":2,"name":"Concrete Forming Accessories and Rigging Hardware","item":"https:\/\/qingdaohf.com\/bg\/?page_id=944"},{"@type":"ListItem","position":3,"name":"Load Binder"}]},{"@type":"WebSite","@id":"https:\/\/qingdaohf.com\/bg\/#website","url":"https:\/\/qingdaohf.com\/bg\/","name":"Concrete Form & Rigging Hardware Supplier","description":"","publisher":{"@id":"https:\/\/qingdaohf.com\/bg\/#organization"},"potentialAction":[{"@type":"SearchAction","target":{"@type":"EntryPoint","urlTemplate":"https:\/\/qingdaohf.com\/bg\/?s={search_term_string}"},"query-input":{"@type":"PropertyValueSpecification","valueRequired":true,"valueName":"search_term_string"}}],"inLanguage":"tr"},{"@type":"Organization","@id":"https:\/\/qingdaohf.com\/bg\/#organization","name":"Qingdao H&F","url":"https:\/\/qingdaohf.com\/bg\/","logo":{"@type":"ImageObject","inLanguage":"tr","@id":"https:\/\/qingdaohf.com\/bg\/#\/schema\/logo\/image\/","url":"https:\/\/qingdaohf.com\/wp-content\/uploads\/2022\/12\/cropped-HF-LOGO.png","contentUrl":"https:\/\/qingdaohf.com\/wp-content\/uploads\/2022\/12\/cropped-HF-LOGO.png","width":391,"height":249,"caption":"Qingdao H&F"},"image":{"@id":"https:\/\/qingdaohf.com\/bg\/#\/schema\/logo\/image\/"},"sameAs":["https:\/\/www.facebook.com\/qingdaohf"]}]}},"_links":{"self":[{"href":"https:\/\/qingdaohf.com\/tr\/wp-json\/wp\/v2\/product\/3543","targetHints":{"allow":["GET"]}}],"collection":[{"href":"https:\/\/qingdaohf.com\/tr\/wp-json\/wp\/v2\/product"}],"about":[{"href":"https:\/\/qingdaohf.com\/tr\/wp-json\/wp\/v2\/types\/product"}],"replies":[{"embeddable":true,"href":"https:\/\/qingdaohf.com\/tr\/wp-json\/wp\/v2\/comments?post=3543"}],"version-history":[{"count":2,"href":"https:\/\/qingdaohf.com\/tr\/wp-json\/wp\/v2\/product\/3543\/revisions"}],"predecessor-version":[{"id":10431,"href":"https:\/\/qingdaohf.com\/tr\/wp-json\/wp\/v2\/product\/3543\/revisions\/10431"}],"wp:featuredmedia":[{"embeddable":true,"href":"https:\/\/qingdaohf.com\/tr\/wp-json\/wp\/v2\/media\/3544"}],"wp:attachment":[{"href":"https:\/\/qingdaohf.com\/tr\/wp-json\/wp\/v2\/media?parent=3543"}],"wp:term":[{"taxonomy":"product_brand","embeddable":true,"href":"https:\/\/qingdaohf.com\/tr\/wp-json\/wp\/v2\/product_brand?post=3543"},{"taxonomy":"product_cat","embeddable":true,"href":"https:\/\/qingdaohf.com\/tr\/wp-json\/wp\/v2\/product_cat?post=3543"},{"taxonomy":"product_tag","embeddable":true,"href":"https:\/\/qingdaohf.com\/tr\/wp-json\/wp\/v2\/product_tag?post=3543"}],"curies":[{"name":"wp","href":"https:\/\/api.w.org\/{rel}","templated":true}]}}