{"id":3549,"date":"2023-04-10T18:57:14","date_gmt":"2023-04-10T10:57:14","guid":{"rendered":"http:\/\/qingdaohf.com\/?post_type=product&#038;p=3549"},"modified":"2025-11-13T09:05:13","modified_gmt":"2025-11-13T01:05:13","slug":"anchor-chain","status":"publish","type":"product","link":"https:\/\/qingdaohf.com\/tr\/urun\/capa-zinciri\/","title":{"rendered":"Deniz \u00c7apa Zinciri Demirleme Zinciri"},"content":{"rendered":"<h3><strong>Deniz \u00c7apa Zincirlerine Giri\u015f<\/strong><\/h3>\n<p>Denizcilik ekipmanlar\u0131 d\u00fcnyas\u0131nda \u00e7apa zincirleri, yana\u015fma veya ba\u011flama s\u0131ras\u0131nda gemileri dengelemek ve sabitlemek i\u00e7in kullan\u0131lan temel bile\u015fenlerdir. Bu zincirler bir gemi ile demirleme sistemi aras\u0131nda hayati bir ba\u011flant\u0131d\u0131r ve \u00e7alkant\u0131l\u0131 deniz ko\u015fullar\u0131nda bile stabilite sa\u011flar. \u00d6zellikle demirleme uygulamalar\u0131nda \u00e7apa zincirlerinin \u00f6nemi g\u00f6z \u00f6n\u00fcne al\u0131nd\u0131\u011f\u0131nda, al\u0131c\u0131lar\u0131n farkl\u0131 t\u00fcrleri ve sa\u011flad\u0131klar\u0131 faydalar\u0131 anlamalar\u0131 \u00e7ok \u00f6nemlidir. Demirleme zincirleri olarak da bilinen deniz \u00e7apa zincirleri temel olarak iki t\u00fcre ayr\u0131l\u0131r: saplama ba\u011flant\u0131l\u0131 \u00e7apa zincirleri ve saplamas\u0131z \u00e7apa zincirleri. Bu t\u00fcrler tasar\u0131mlar\u0131na, dayan\u0131kl\u0131l\u0131klar\u0131na ve uygulamalar\u0131na g\u00f6re de\u011fi\u015fir ve her biri demirleme \u00e7\u00f6z\u00fcmlerinde farkl\u0131 avantajlar sunar.<\/p>\n<h3><strong>Saplama Ba\u011flant\u0131 Zincirleri: Yap\u0131 ve Uygulamalar<\/strong><\/h3>\n<p><img fetchpriority=\"high\" decoding=\"async\" class=\"alignnone size-full wp-image-8170\" src=\"http:\/\/qingdaohf.com\/wp-content\/uploads\/2024\/10\/stud-link-anchor-chain_2.webp\" alt=\"saplama baklal\u0131 \u00e7apa zinciri\" width=\"842\" height=\"1091\" srcset=\"https:\/\/qingdaohf.com\/wp-content\/uploads\/2024\/10\/stud-link-anchor-chain_2.webp 842w, https:\/\/qingdaohf.com\/wp-content\/uploads\/2024\/10\/stud-link-anchor-chain_2-232x300.webp 232w, https:\/\/qingdaohf.com\/wp-content\/uploads\/2024\/10\/stud-link-anchor-chain_2-790x1024.webp 790w, https:\/\/qingdaohf.com\/wp-content\/uploads\/2024\/10\/stud-link-anchor-chain_2-768x995.webp 768w, https:\/\/qingdaohf.com\/wp-content\/uploads\/2024\/10\/stud-link-anchor-chain_2-9x12.webp 9w\" sizes=\"(max-width: 842px) 100vw, 842px\" \/><\/p>\n<p>Saplama baklal\u0131 ankraj zincirleri sa\u011flaml\u0131klar\u0131 ve y\u00fck ta\u015f\u0131ma kapasiteleriyle denizcilik sekt\u00f6r\u00fcnde yayg\u0131n olarak tan\u0131nmaktad\u0131r. Her bir zincir halkas\u0131 boyunca ek stabilite sa\u011flayan metal bir \u00e7ubuk veya saplamaya sahiptirler. Bu tasar\u0131m, stres alt\u0131nda zincir baklas\u0131 deformasyonunu en aza indirir ve zincirin y\u00fcksek gerilim alt\u0131nda bile b\u00fck\u00fclmeye kar\u015f\u0131 direncini art\u0131r\u0131r. Bu dayan\u0131kl\u0131l\u0131k, saplama baklal\u0131 zincirleri a\u011f\u0131r hizmet tipi denizcilik uygulamalar\u0131nda, \u00f6zellikle de \u00f6nemli tutma g\u00fcc\u00fc gerektiren b\u00fcy\u00fck gemilerde tercih edilen bir se\u00e7enek haline getirir.<\/p>\n<p>\u00c7ivili baklal\u0131 \u00e7apa zincirinin yap\u0131s\u0131 yaln\u0131zca kullan\u0131m \u00f6mr\u00fcn\u00fc uzatmakla kalmaz, ayn\u0131 zamanda mukavemet\/a\u011f\u0131rl\u0131k oran\u0131n\u0131 da iyile\u015ftirir. Bir\u00e7ok al\u0131c\u0131, derin deniz demirleme ko\u015fullar\u0131 da dahil olmak \u00fczere yo\u011fun deniz ortamlar\u0131na dayanma kabiliyetleri nedeniyle bu t\u00fcr \u00e7apa zincirlerine \u00f6ncelik verir. Saplama baklal\u0131 zincirleri d\u00fc\u015f\u00fcnen al\u0131c\u0131lar genellikle \u00fcr\u00fcn testlerine, zorlu ko\u015fullar alt\u0131ndaki performansa ve deniz g\u00fcvenli\u011fi standartlar\u0131na uygunlu\u011fa \u00f6ncelik verirler. Qingdao H&amp;F olarak, bu endi\u015feleri anl\u0131yor ve kapsaml\u0131 kalite denetimleri ger\u00e7ekle\u015ftirerek, kan\u0131t y\u00fcklerini do\u011frulayarak ve sertifikal\u0131 test raporlar\u0131 sa\u011flayarak bunlar\u0131 ele al\u0131yoruz.<\/p>\n<p>\u00d6rne\u011fin, saplama baklal\u0131 \u00e7apa zincirlerimiz denizcilik sertifikasyon standartlar\u0131n\u0131 kar\u015f\u0131layan veya a\u015fan titiz testlerden ge\u00e7irilir. Bu s\u00fcre\u00e7, al\u0131c\u0131lar\u0131m\u0131za her bir zincirin hem dayan\u0131kl\u0131l\u0131k hem de g\u00fcvenilirlik sa\u011flad\u0131\u011f\u0131 ve nihayetinde gemi g\u00fcvenli\u011fini art\u0131rd\u0131\u011f\u0131 konusunda g\u00fcvence verir. \u00d6zel bire bir m\u00fc\u015fteri hizmetlerimizle, m\u00fc\u015fterilerimizin bu teknik \u00f6zellikleri tam olarak anlamalar\u0131n\u0131 ve ihtiya\u00e7lar\u0131na en uygun zincir t\u00fcr\u00fcn\u00fc se\u00e7melerini sa\u011fl\u0131yoruz.<\/p>\n<h3><strong>Saplamas\u0131z Ankraj Zincirleri: Esnek ve Hafif Bir \u00c7\u00f6z\u00fcm<\/strong><\/h3>\n<p><img fetchpriority=\"high\" decoding=\"async\" class=\"alignnone size-full wp-image-8170\" src=\"http:\/\/qingdaohf.com\/wp-content\/uploads\/2024\/10\/stud-link-anchor-chain_2.webp\" alt=\"saplama baklal\u0131 \u00e7apa zinciri\" width=\"842\" height=\"1091\" srcset=\"https:\/\/qingdaohf.com\/wp-content\/uploads\/2024\/10\/stud-link-anchor-chain_2.webp 842w, https:\/\/qingdaohf.com\/wp-content\/uploads\/2024\/10\/stud-link-anchor-chain_2-232x300.webp 232w, https:\/\/qingdaohf.com\/wp-content\/uploads\/2024\/10\/stud-link-anchor-chain_2-790x1024.webp 790w, https:\/\/qingdaohf.com\/wp-content\/uploads\/2024\/10\/stud-link-anchor-chain_2-768x995.webp 768w, https:\/\/qingdaohf.com\/wp-content\/uploads\/2024\/10\/stud-link-anchor-chain_2-9x12.webp 9w\" sizes=\"(max-width: 842px) 100vw, 842px\" \/><\/p>\n<p>Saplamas\u0131z \u00e7apa zincirleri, esneklikleri ve d\u00fc\u015f\u00fck a\u011f\u0131rl\u0131klar\u0131 nedeniyle demirleme uygulamalar\u0131nda bir di\u011fer pop\u00fcler se\u00e7enektir. Bu zincirlerde her bir baklada saplama bulunmad\u0131\u011f\u0131ndan daha basit ve p\u00fcr\u00fczs\u00fcz bir tasar\u0131m elde edilir. \u00c7ivili baklal\u0131 zincirler g\u00fc\u00e7leriyle bilinirken, \u00e7ivisiz \u00e7apa zincirleri daha fazla uyarlanabilirlik sunarak, daha k\u00fc\u00e7\u00fck gemiler veya zincir a\u011f\u0131rl\u0131\u011f\u0131n\u0131n azalt\u0131lmas\u0131n\u0131n i\u015flevsel avantajlar sundu\u011fu tesisler gibi a\u011f\u0131rl\u0131k hususlar\u0131n\u0131n \u00e7ok \u00f6nemli oldu\u011fu uygulamalar i\u00e7in idealdir.<\/p>\n<p>Her bir baklada saplama olmamas\u0131 zincirin daha az diren\u00e7le hareket etmesini sa\u011flar ve de\u011fi\u015fen deniz ko\u015fullar\u0131nda \u00fcst\u00fcn esneklik sunar. Bir\u00e7ok al\u0131c\u0131 i\u00e7in bu esneklik, \u00f6zellikle uyarlanabilir bir \u00e7apa zincirinin son derece faydal\u0131 oldu\u011fu k\u00fc\u00e7\u00fck tekneleri demirlerken \u00e7ok \u00f6nemli bir fakt\u00f6rd\u00fcr. \u00c7ivisiz \u00e7apa zincirlerinin bir di\u011fer \u00f6nemli faydas\u0131 da bak\u0131m ihtiya\u00e7lar\u0131n\u0131n azalmas\u0131d\u0131r. Daha az yap\u0131sal bile\u015fene sahip olan bu zincirler, saplamal\u0131 zincirlere k\u0131yasla daha az s\u0131kl\u0131kta denetim ve onar\u0131m gerektirerek zaman i\u00e7inde uygun maliyetli bir se\u00e7enek haline gelir.<\/p>\n<p>Qingdao H&amp;F olarak, \u00e7ivisiz ankraj zincirlerinin hem performans hem de bak\u0131m a\u00e7\u0131s\u0131ndan verimlilik arayan al\u0131c\u0131lara hitap edebilece\u011finin fark\u0131nday\u0131z. H\u0131zl\u0131 teslimat d\u00f6ng\u00fclerine olan ba\u011fl\u0131l\u0131\u011f\u0131m\u0131z, bu zincirlerin kolayca temin edilebilmesini sa\u011flar ve kapsaml\u0131 kalite kontrol raporlar\u0131m\u0131z al\u0131c\u0131lara dayan\u0131kl\u0131l\u0131k, kan\u0131t y\u00fck\u00fc ve yap\u0131sal b\u00fct\u00fcnl\u00fck hakk\u0131nda gerekli t\u00fcm bilgileri sa\u011flar. Al\u0131c\u0131lar bizden \u00e7ivisiz bir ankraj zinciri tercih ederek a\u011f\u0131rl\u0131k, esneklik ve maliyet verimlili\u011fini dengeleyen bir zincir \u00e7\u00f6z\u00fcm\u00fcne g\u00fcvenle yat\u0131r\u0131m yapabilirler.<\/p>\n<h3><strong>\u0130htiya\u00e7lar\u0131n\u0131z i\u00e7in Do\u011fru \u00c7apa Zincirini Se\u00e7me<\/strong><\/h3>\n<p>Saplama ba\u011flant\u0131l\u0131 ve saplamas\u0131z ankraj zincirleri aras\u0131nda se\u00e7im yapmak s\u00f6z konusu oldu\u011funda, al\u0131c\u0131lar gemi boyutu, ama\u00e7lanan uygulama ve \u00e7evresel ko\u015fullar gibi \u00e7e\u015fitli fakt\u00f6rleri g\u00f6z \u00f6n\u00fcnde bulundurmal\u0131d\u0131r. Her t\u00fcr\u00fcn, belirli senaryolar i\u00e7in uygun olmas\u0131n\u0131 sa\u011flayan benzersiz avantajlar\u0131 vard\u0131r. Daha b\u00fcy\u00fck gemiler genellikle g\u00fc\u00e7 ve stabiliteleri nedeniyle saplama baklal\u0131 ankraj zincirlerine ihtiya\u00e7 duyarken, daha k\u00fc\u00e7\u00fck gemiler veya hafif zincirlere ihtiya\u00e7 duyanlar saplamas\u0131z zincir se\u00e7ene\u011finden daha fazla fayda sa\u011flayabilir.<\/p>\n<p>Her iki zincir t\u00fcr\u00fc de farkl\u0131 gemi boyutlar\u0131na ve demirleme gereksinimlerine uyacak \u015fekilde \u00e7e\u015fitli \u00f6zelliklerde mevcuttur. \u00d6rne\u011fin \u00e7ap, bir zincirin y\u00fck ta\u015f\u0131ma kapasitesini ve dayan\u0131kl\u0131l\u0131\u011f\u0131n\u0131 belirlemede kritik bir fakt\u00f6rd\u00fcr. Tipik bir \u00fcr\u00fcn yelpazesi, uyumluluk ve optimum performans sa\u011flamak i\u00e7in farkl\u0131 gemi s\u0131n\u0131flar\u0131na uygun \u00e7aplarda zincirler i\u00e7erebilir. Qingdao H&amp;F'de, \u00e7apa zincirleri yelpazemiz, belirli gemi gereksinimlerine uyum sa\u011flamak i\u00e7in \u00f6zelle\u015ftirilebilir se\u00e7eneklerle \u00e7e\u015fitli al\u0131c\u0131 ihtiya\u00e7lar\u0131n\u0131 kar\u015f\u0131lamak \u00fczere tasarlanm\u0131\u015ft\u0131r.<\/p>\n<p>Al\u0131c\u0131lar, zincir t\u00fcr\u00fc ve boyutunun \u00f6tesinde, sat\u0131n alma s\u00fcre\u00e7lerini kolayla\u015ft\u0131rabilecek ek hizmetlere de \u00f6ncelik veriyor. Qingdao H&amp;F'de, her m\u00fc\u015fterinin kendine \u00f6zg\u00fc ihtiya\u00e7lar\u0131na g\u00f6re uyarlanm\u0131\u015f bire bir destek sunarak kendimizi farkl\u0131la\u015ft\u0131r\u0131yoruz. Bu ki\u015fiselle\u015ftirilmi\u015f hizmet, ilk dan\u0131\u015fmanl\u0131ktan sat\u0131n alma sonras\u0131 yard\u0131ma kadar uzan\u0131r ve al\u0131c\u0131lara zincir \u00f6zellikleri, kan\u0131t y\u00fck testi ve ge\u00e7erli sertifikalar hakk\u0131nda bilgi sa\u011flar. Her \u00fcr\u00fcn sevkiyattan \u00f6nce titizlikle test edilip do\u011fruland\u0131\u011f\u0131ndan, m\u00fc\u015fterilerimiz kaliteye olan ba\u011fl\u0131l\u0131\u011f\u0131m\u0131za g\u00fcvenebilir, b\u00f6ylece uluslararas\u0131 standartlara uygunluk ve al\u0131c\u0131lar\u0131m\u0131z i\u00e7in g\u00f6n\u00fcl rahatl\u0131\u011f\u0131 sa\u011flan\u0131r.<\/p>\n<h3><strong>Sonu\u00e7<\/strong><\/h3>\n<p>\u0130ster saplamal\u0131 ister saplamas\u0131z olsun, deniz \u00e7apa zincirleri, demirleme s\u0131ras\u0131nda geminin dengesini sa\u011flamada vazge\u00e7ilmezdir. Saplama ba\u011flant\u0131l\u0131 zincirler, ilave stabiliteleri ve deformasyona kar\u015f\u0131 diren\u00e7leriyle daha b\u00fcy\u00fck gemiler ve zorlu deniz ortamlar\u0131 i\u00e7in idealdir. Buna kar\u015f\u0131l\u0131k, \u00e7ivisiz \u00e7apa zincirleri esneklik, daha hafif a\u011f\u0131rl\u0131k ve daha az bak\u0131m sunarak, \u00f6zellikle k\u00fc\u00e7\u00fck gemilerde \u00e7e\u015fitli uygulamalar i\u00e7in uygun hale getirir.<\/p>\n<p>Denizcilik ekipman\u0131 ticaretinde g\u00fcvenilir bir isim olan Qingdao H&amp;F, denizcilik end\u00fcstrisi al\u0131c\u0131lar\u0131n\u0131n \u00e7e\u015fitli taleplerini kar\u015f\u0131lamak i\u00e7in tasarlanm\u0131\u015f g\u00fcvenilir, y\u00fcksek kaliteli zincirler sunarak yirmi y\u0131ll\u0131k uzmanl\u0131\u011f\u0131n\u0131 masaya getiriyor. M\u00fc\u015fteri hizmetlerine, h\u0131zl\u0131 teslimat d\u00f6ng\u00fclerine ve kapsaml\u0131 kalite denetimlerine olan ba\u011fl\u0131l\u0131\u011f\u0131m\u0131z, her m\u00fc\u015fterinin kendi \u00f6zel ihtiya\u00e7lar\u0131n\u0131 kar\u015f\u0131layan bir zincir \u00e7\u00f6z\u00fcm\u00fc almas\u0131n\u0131 sa\u011flayarak hizmetlerimizin merkezinde yer almaktad\u0131r.<\/p>\n<p>H\u0131zla de\u011fi\u015fen denizcilik sekt\u00f6r\u00fcnde, m\u00fc\u015fteri ihtiya\u00e7lar\u0131n\u0131 \u00f6ng\u00f6rebilen ve kar\u015f\u0131layabilen g\u00fcvenilir bir ticaret orta\u011f\u0131na sahip olmak \u00e7ok de\u011ferlidir. Al\u0131c\u0131lar, Qingdao H&amp;F'yi se\u00e7erek yaln\u0131zca kaliteli \u00fcr\u00fcnler de\u011fil, ayn\u0131 zamanda ba\u015far\u0131 ve memnuniyetlerine \u00f6ncelik veren bir ortakl\u0131k da kazan\u0131rlar.<\/p>","protected":false},"excerpt":{"rendered":"<div class=\"flex-shrink-0 flex flex-col relative items-end\">\n<div class=\"pt-0\">\n<div class=\"gizmo-bot-avatar flex h-8 w-8 items-center justify-center overflow-hidden rounded-full\">\n<div class=\"relative p-1 rounded-sm flex items-center justify-center bg-token-main-surface-primary text-token-text-primary h-8 w-8\">Genellikle demirleme zincirleri olarak adland\u0131r\u0131lan deniz \u00e7apa zincirleri, demirleme s\u0131ras\u0131nda gemilerin g\u00fcvenli bir \u015fekilde sabitlenmesinde kritik bir rol oynar. \u0130ki ana t\u00fcr\u00fc vard\u0131r: saplama ba\u011flant\u0131l\u0131 \u00e7apa zincirleri ve saplamas\u0131z \u00e7apa zincirleri. Uluslararas\u0131 ticarette 20 y\u0131l\u0131 a\u015fk\u0131n uzmanl\u0131\u011fa sahip olan Qingdao H&amp;F, denizcilik ekipman\u0131 al\u0131c\u0131lar\u0131n\u0131n ihtiya\u00e7lar\u0131n\u0131 ve \u00f6nceliklerini anl\u0131yor. Bire bir m\u00fc\u015fteri hizmetlerimiz \u00f6zel destek sa\u011flar ve kolayla\u015ft\u0131r\u0131lm\u0131\u015f s\u00fcre\u00e7lerimiz h\u0131zl\u0131 teslimat d\u00f6ng\u00fclerini garanti eder. T\u00fcm zincirlerimiz i\u00e7in sa\u011flanan \u00e7e\u015fitli kalite kontrol raporlar\u0131yla, m\u00fc\u015fterilerin ald\u0131klar\u0131 \u00fcr\u00fcnlerin kalite ve performans a\u00e7\u0131s\u0131ndan test edilip do\u011fruland\u0131\u011f\u0131n\u0131 bilerek bilin\u00e7li sat\u0131n alma kararlar\u0131 vermelerine yard\u0131mc\u0131 oluyoruz.<\/div>\n<\/div>\n<\/div>\n<\/div>","protected":false},"featured_media":4709,"comment_status":"open","ping_status":"closed","template":"","meta":{"site-sidebar-layout":"default","site-content-layout":"default","ast-site-content-layout":"default","site-content-style":"default","site-sidebar-style":"default","ast-global-header-display":"","ast-banner-title-visibility":"","ast-main-header-display":"","ast-hfb-above-header-display":"","ast-hfb-below-header-display":"","ast-hfb-mobile-header-display":"","site-post-title":"","ast-breadcrumbs-content":"","ast-featured-img":"","footer-sml-layout":"","theme-transparent-header-meta":"default","adv-header-id-meta":"","stick-header-meta":"default","header-above-stick-meta":"","header-main-stick-meta":"","header-below-stick-meta":"","astra-migrate-meta-layouts":"set","ast-page-background-enabled":"default","ast-page-background-meta":{"desktop":{"background-color":"","background-image":"","background-repeat":"repeat","background-position":"center center","background-size":"auto","background-attachment":"scroll","background-type":"","background-media":"","overlay-type":"","overlay-color":"","overlay-opacity":"","overlay-gradient":""},"tablet":{"background-color":"","background-image":"","background-repeat":"repeat","background-position":"center center","background-size":"auto","background-attachment":"scroll","background-type":"","background-media":"","overlay-type":"","overlay-color":"","overlay-opacity":"","overlay-gradient":""},"mobile":{"background-color":"","background-image":"","background-repeat":"repeat","background-position":"center center","background-size":"auto","background-attachment":"scroll","background-type":"","background-media":"","overlay-type":"","overlay-color":"","overlay-opacity":"","overlay-gradient":""}},"ast-content-background-meta":{"desktop":{"background-color":"var(--ast-global-color-5)","background-image":"","background-repeat":"repeat","background-position":"center center","background-size":"auto","background-attachment":"scroll","background-type":"","background-media":"","overlay-type":"","overlay-color":"","overlay-opacity":"","overlay-gradient":""},"tablet":{"background-color":"var(--ast-global-color-5)","background-image":"","background-repeat":"repeat","background-position":"center center","background-size":"auto","background-attachment":"scroll","background-type":"","background-media":"","overlay-type":"","overlay-color":"","overlay-opacity":"","overlay-gradient":""},"mobile":{"background-color":"var(--ast-global-color-5)","background-image":"","background-repeat":"repeat","background-position":"center center","background-size":"auto","background-attachment":"scroll","background-type":"","background-media":"","overlay-type":"","overlay-color":"","overlay-opacity":"","overlay-gradient":""}}},"product_brand":[],"product_cat":[43,38],"product_tag":[],"class_list":{"0":"post-3549","1":"product","2":"type-product","3":"status-publish","4":"has-post-thumbnail","6":"product_cat-rigging-hardware","7":"product_cat-chain","8":"desktop-align-left","9":"tablet-align-left","10":"mobile-align-left","11":"ast-product-gallery-layout-horizontal-slider","12":"ast-product-tabs-layout-horizontal","14":"first","15":"instock","16":"shipping-taxable","17":"purchasable","18":"product-type-simple"},"yoast_head":"<!-- This site is optimized with the Yoast SEO plugin v25.2 - https:\/\/yoast.com\/wordpress\/plugins\/seo\/ -->\n<title>Marine Anchor Chain Mooring Chain<\/title>\n<meta name=\"description\" content=\"The anchor chain is an essential component of maritime equipment used in anchoring and securing a vessel.\" \/>\n<meta name=\"robots\" content=\"index, follow, max-snippet:-1, max-image-preview:large, max-video-preview:-1\" \/>\n<link rel=\"canonical\" href=\"https:\/\/qingdaohf.com\/tr\/urun\/capa-zinciri\/\" \/>\n<meta property=\"og:locale\" content=\"tr_TR\" \/>\n<meta property=\"og:type\" content=\"article\" \/>\n<meta property=\"og:title\" content=\"Marine Anchor Chain Mooring Chain\" \/>\n<meta property=\"og:description\" content=\"The anchor chain is an essential component of maritime equipment used in anchoring and securing a vessel.\" \/>\n<meta property=\"og:url\" content=\"https:\/\/qingdaohf.com\/tr\/urun\/capa-zinciri\/\" \/>\n<meta property=\"og:site_name\" content=\"Concrete Form &amp; Rigging Hardware Supplier\" \/>\n<meta property=\"article:publisher\" content=\"https:\/\/www.facebook.com\/qingdaohf\" \/>\n<meta property=\"article:modified_time\" content=\"2025-11-13T01:05:13+00:00\" \/>\n<meta property=\"og:image\" content=\"https:\/\/qingdaohf.com\/wp-content\/uploads\/2023\/04\/anchor-chain-2-2.jpg\" \/>\n\t<meta property=\"og:image:width\" content=\"1000\" \/>\n\t<meta property=\"og:image:height\" content=\"1000\" \/>\n\t<meta property=\"og:image:type\" content=\"image\/jpeg\" \/>\n<meta name=\"twitter:card\" content=\"summary_large_image\" \/>\n<meta name=\"twitter:label1\" content=\"Tahmini okuma s\u00fcresi\" \/>\n\t<meta name=\"twitter:data1\" content=\"5 dakika\" \/>\n<script type=\"application\/ld+json\" class=\"yoast-schema-graph\">{\"@context\":\"https:\/\/schema.org\",\"@graph\":[{\"@type\":\"WebPage\",\"@id\":\"https:\/\/qingdaohf.com\/product\/anchor-chain\/\",\"url\":\"https:\/\/qingdaohf.com\/product\/anchor-chain\/\",\"name\":\"Marine Anchor Chain Mooring Chain\",\"isPartOf\":{\"@id\":\"https:\/\/qingdaohf.com\/bg\/#website\"},\"primaryImageOfPage\":{\"@id\":\"https:\/\/qingdaohf.com\/product\/anchor-chain\/#primaryimage\"},\"image\":{\"@id\":\"https:\/\/qingdaohf.com\/product\/anchor-chain\/#primaryimage\"},\"thumbnailUrl\":\"https:\/\/qingdaohf.com\/wp-content\/uploads\/2023\/04\/anchor-chain-2-2.jpg\",\"datePublished\":\"2023-04-10T10:57:14+00:00\",\"dateModified\":\"2025-11-13T01:05:13+00:00\",\"description\":\"The anchor chain is an essential component of maritime equipment used in anchoring and securing a vessel.\",\"breadcrumb\":{\"@id\":\"https:\/\/qingdaohf.com\/product\/anchor-chain\/#breadcrumb\"},\"inLanguage\":\"tr\",\"potentialAction\":[{\"@type\":\"ReadAction\",\"target\":[\"https:\/\/qingdaohf.com\/product\/anchor-chain\/\"]}]},{\"@type\":\"ImageObject\",\"inLanguage\":\"tr\",\"@id\":\"https:\/\/qingdaohf.com\/product\/anchor-chain\/#primaryimage\",\"url\":\"https:\/\/qingdaohf.com\/wp-content\/uploads\/2023\/04\/anchor-chain-2-2.jpg\",\"contentUrl\":\"https:\/\/qingdaohf.com\/wp-content\/uploads\/2023\/04\/anchor-chain-2-2.jpg\",\"width\":1000,\"height\":1000,\"caption\":\"anchor chain\"},{\"@type\":\"BreadcrumbList\",\"@id\":\"https:\/\/qingdaohf.com\/product\/anchor-chain\/#breadcrumb\",\"itemListElement\":[{\"@type\":\"ListItem\",\"position\":1,\"name\":\"Home\",\"item\":\"https:\/\/qingdaohf.com\/\"},{\"@type\":\"ListItem\",\"position\":2,\"name\":\"Concrete Forming Accessories and Rigging Hardware\",\"item\":\"https:\/\/qingdaohf.com\/bg\/?page_id=944\"},{\"@type\":\"ListItem\",\"position\":3,\"name\":\"Marine Anchor Chain Mooring Chain\"}]},{\"@type\":\"WebSite\",\"@id\":\"https:\/\/qingdaohf.com\/bg\/#website\",\"url\":\"https:\/\/qingdaohf.com\/bg\/\",\"name\":\"Concrete Form & Rigging Hardware Supplier\",\"description\":\"\",\"publisher\":{\"@id\":\"https:\/\/qingdaohf.com\/bg\/#organization\"},\"potentialAction\":[{\"@type\":\"SearchAction\",\"target\":{\"@type\":\"EntryPoint\",\"urlTemplate\":\"https:\/\/qingdaohf.com\/bg\/?s={search_term_string}\"},\"query-input\":{\"@type\":\"PropertyValueSpecification\",\"valueRequired\":true,\"valueName\":\"search_term_string\"}}],\"inLanguage\":\"tr\"},{\"@type\":\"Organization\",\"@id\":\"https:\/\/qingdaohf.com\/bg\/#organization\",\"name\":\"Qingdao H&F\",\"url\":\"https:\/\/qingdaohf.com\/bg\/\",\"logo\":{\"@type\":\"ImageObject\",\"inLanguage\":\"tr\",\"@id\":\"https:\/\/qingdaohf.com\/bg\/#\/schema\/logo\/image\/\",\"url\":\"https:\/\/qingdaohf.com\/wp-content\/uploads\/2022\/12\/cropped-HF-LOGO.png\",\"contentUrl\":\"https:\/\/qingdaohf.com\/wp-content\/uploads\/2022\/12\/cropped-HF-LOGO.png\",\"width\":391,\"height\":249,\"caption\":\"Qingdao H&F\"},\"image\":{\"@id\":\"https:\/\/qingdaohf.com\/bg\/#\/schema\/logo\/image\/\"},\"sameAs\":[\"https:\/\/www.facebook.com\/qingdaohf\"]}]}<\/script>\n<!-- \/ Yoast SEO plugin. -->","yoast_head_json":{"title":"Marine Anchor Chain Mooring Chain","description":"The anchor chain is an essential component of maritime equipment used in anchoring and securing a vessel.","robots":{"index":"index","follow":"follow","max-snippet":"max-snippet:-1","max-image-preview":"max-image-preview:large","max-video-preview":"max-video-preview:-1"},"canonical":"https:\/\/qingdaohf.com\/tr\/urun\/capa-zinciri\/","og_locale":"tr_TR","og_type":"article","og_title":"Marine Anchor Chain Mooring Chain","og_description":"The anchor chain is an essential component of maritime equipment used in anchoring and securing a vessel.","og_url":"https:\/\/qingdaohf.com\/tr\/urun\/capa-zinciri\/","og_site_name":"Concrete Form &amp; Rigging Hardware Supplier","article_publisher":"https:\/\/www.facebook.com\/qingdaohf","article_modified_time":"2025-11-13T01:05:13+00:00","og_image":[{"width":1000,"height":1000,"url":"https:\/\/qingdaohf.com\/wp-content\/uploads\/2023\/04\/anchor-chain-2-2.jpg","type":"image\/jpeg"}],"twitter_card":"summary_large_image","twitter_misc":{"Tahmini okuma s\u00fcresi":"5 dakika"},"schema":{"@context":"https:\/\/schema.org","@graph":[{"@type":"WebPage","@id":"https:\/\/qingdaohf.com\/product\/anchor-chain\/","url":"https:\/\/qingdaohf.com\/product\/anchor-chain\/","name":"Marine Anchor Chain Mooring Chain","isPartOf":{"@id":"https:\/\/qingdaohf.com\/bg\/#website"},"primaryImageOfPage":{"@id":"https:\/\/qingdaohf.com\/product\/anchor-chain\/#primaryimage"},"image":{"@id":"https:\/\/qingdaohf.com\/product\/anchor-chain\/#primaryimage"},"thumbnailUrl":"https:\/\/qingdaohf.com\/wp-content\/uploads\/2023\/04\/anchor-chain-2-2.jpg","datePublished":"2023-04-10T10:57:14+00:00","dateModified":"2025-11-13T01:05:13+00:00","description":"The anchor chain is an essential component of maritime equipment used in anchoring and securing a vessel.","breadcrumb":{"@id":"https:\/\/qingdaohf.com\/product\/anchor-chain\/#breadcrumb"},"inLanguage":"tr","potentialAction":[{"@type":"ReadAction","target":["https:\/\/qingdaohf.com\/product\/anchor-chain\/"]}]},{"@type":"ImageObject","inLanguage":"tr","@id":"https:\/\/qingdaohf.com\/product\/anchor-chain\/#primaryimage","url":"https:\/\/qingdaohf.com\/wp-content\/uploads\/2023\/04\/anchor-chain-2-2.jpg","contentUrl":"https:\/\/qingdaohf.com\/wp-content\/uploads\/2023\/04\/anchor-chain-2-2.jpg","width":1000,"height":1000,"caption":"anchor chain"},{"@type":"BreadcrumbList","@id":"https:\/\/qingdaohf.com\/product\/anchor-chain\/#breadcrumb","itemListElement":[{"@type":"ListItem","position":1,"name":"Home","item":"https:\/\/qingdaohf.com\/"},{"@type":"ListItem","position":2,"name":"Concrete Forming Accessories and Rigging Hardware","item":"https:\/\/qingdaohf.com\/bg\/?page_id=944"},{"@type":"ListItem","position":3,"name":"Marine Anchor Chain Mooring Chain"}]},{"@type":"WebSite","@id":"https:\/\/qingdaohf.com\/bg\/#website","url":"https:\/\/qingdaohf.com\/bg\/","name":"Concrete Form & Rigging Hardware Supplier","description":"","publisher":{"@id":"https:\/\/qingdaohf.com\/bg\/#organization"},"potentialAction":[{"@type":"SearchAction","target":{"@type":"EntryPoint","urlTemplate":"https:\/\/qingdaohf.com\/bg\/?s={search_term_string}"},"query-input":{"@type":"PropertyValueSpecification","valueRequired":true,"valueName":"search_term_string"}}],"inLanguage":"tr"},{"@type":"Organization","@id":"https:\/\/qingdaohf.com\/bg\/#organization","name":"Qingdao H&F","url":"https:\/\/qingdaohf.com\/bg\/","logo":{"@type":"ImageObject","inLanguage":"tr","@id":"https:\/\/qingdaohf.com\/bg\/#\/schema\/logo\/image\/","url":"https:\/\/qingdaohf.com\/wp-content\/uploads\/2022\/12\/cropped-HF-LOGO.png","contentUrl":"https:\/\/qingdaohf.com\/wp-content\/uploads\/2022\/12\/cropped-HF-LOGO.png","width":391,"height":249,"caption":"Qingdao H&F"},"image":{"@id":"https:\/\/qingdaohf.com\/bg\/#\/schema\/logo\/image\/"},"sameAs":["https:\/\/www.facebook.com\/qingdaohf"]}]}},"_links":{"self":[{"href":"https:\/\/qingdaohf.com\/tr\/wp-json\/wp\/v2\/product\/3549","targetHints":{"allow":["GET"]}}],"collection":[{"href":"https:\/\/qingdaohf.com\/tr\/wp-json\/wp\/v2\/product"}],"about":[{"href":"https:\/\/qingdaohf.com\/tr\/wp-json\/wp\/v2\/types\/product"}],"replies":[{"embeddable":true,"href":"https:\/\/qingdaohf.com\/tr\/wp-json\/wp\/v2\/comments?post=3549"}],"version-history":[{"count":8,"href":"https:\/\/qingdaohf.com\/tr\/wp-json\/wp\/v2\/product\/3549\/revisions"}],"predecessor-version":[{"id":8096,"href":"https:\/\/qingdaohf.com\/tr\/wp-json\/wp\/v2\/product\/3549\/revisions\/8096"}],"wp:featuredmedia":[{"embeddable":true,"href":"https:\/\/qingdaohf.com\/tr\/wp-json\/wp\/v2\/media\/4709"}],"wp:attachment":[{"href":"https:\/\/qingdaohf.com\/tr\/wp-json\/wp\/v2\/media?parent=3549"}],"wp:term":[{"taxonomy":"product_brand","embeddable":true,"href":"https:\/\/qingdaohf.com\/tr\/wp-json\/wp\/v2\/product_brand?post=3549"},{"taxonomy":"product_cat","embeddable":true,"href":"https:\/\/qingdaohf.com\/tr\/wp-json\/wp\/v2\/product_cat?post=3549"},{"taxonomy":"product_tag","embeddable":true,"href":"https:\/\/qingdaohf.com\/tr\/wp-json\/wp\/v2\/product_tag?post=3549"}],"curies":[{"name":"wp","href":"https:\/\/api.w.org\/{rel}","templated":true}]}}