{"id":3565,"date":"2023-04-10T19:01:37","date_gmt":"2023-04-10T11:01:37","guid":{"rendered":"http:\/\/qingdaohf.com\/?post_type=product&#038;p=3565"},"modified":"2025-11-13T09:05:12","modified_gmt":"2025-11-13T01:05:12","slug":"thimble","status":"publish","type":"product","link":"https:\/\/qingdaohf.com\/tr\/urun\/yuksuk\/","title":{"rendered":"\u00c7elik Halat Y\u00fcks\u00fc\u011f\u00fc \u00c7elik Kablo Y\u00fcks\u00fc\u011f\u00fc"},"content":{"rendered":"<p><img fetchpriority=\"high\" decoding=\"async\" class=\"alignnone wp-image-9487 size-full\" src=\"http:\/\/qingdaohf.com\/wp-content\/uploads\/2025\/04\/wire-rope-description-7.webp\" alt=\"Y\u00fcks\u00fck\" width=\"600\" height=\"774\" srcset=\"https:\/\/qingdaohf.com\/wp-content\/uploads\/2025\/04\/wire-rope-description-7.webp 600w, https:\/\/qingdaohf.com\/wp-content\/uploads\/2025\/04\/wire-rope-description-7-233x300.webp 233w, https:\/\/qingdaohf.com\/wp-content\/uploads\/2025\/04\/wire-rope-description-7-9x12.webp 9w\" sizes=\"(max-width: 600px) 100vw, 600px\" \/><\/p>\n<p>Y\u00fcks\u00fck, mukavemet ve korozyona kar\u015f\u0131 diren\u00e7 sa\u011flamak i\u00e7in tipik olarak paslanmaz \u00e7elik veya galvanizli \u00e7elik gibi dayan\u0131kl\u0131 malzemelerden yap\u0131l\u0131r. Bir ucunda tel halat\u0131n ge\u00e7mesine izin veren bir a\u00e7\u0131kl\u0131k bulunan silindirik veya oval bir \u015fekle sahiptir. Y\u00fcks\u00fc\u011f\u00fcn di\u011fer ucu genellikle kapal\u0131d\u0131r ve g\u00fcvenli bir ba\u011flant\u0131 noktas\u0131 olu\u015fturur.<\/p>\n<p>Bir tel halat y\u00fcks\u00fc\u011f\u00fcn\u00fcn birincil amac\u0131, konekt\u00f6rler veya ba\u011flant\u0131 par\u00e7alar\u0131 ile do\u011frudan temastan kaynaklanan tel halat\u0131n hasar g\u00f6rmesini \u00f6nlemektir. Bir tel halatta bir ilmek olu\u015fturuldu\u011funda, y\u00fcks\u00fck, \u00f6zellikle a\u011f\u0131r y\u00fckler veya tekrarlayan hareketler alt\u0131nda halat\u0131 a\u015f\u0131nma ve deformasyondan desteklemek ve korumak i\u00e7in yerle\u015ftirilir. Y\u00fck\u00fcn halat boyunca e\u015fit olarak da\u011f\u0131t\u0131lmas\u0131na yard\u0131mc\u0131 olur ve stres konsantrasyonlar\u0131n\u0131 en aza indirerek tel halat\u0131n \u00f6mr\u00fcn\u00fc uzat\u0131r.<\/p>\n<p>Y\u00fcks\u00fckler ayr\u0131ca tel halat sapanlar\u0131n ve tertibatlar\u0131n b\u00fct\u00fcnl\u00fc\u011f\u00fcn\u00fcn korunmas\u0131nda da \u00f6nemli bir rol oynar. Bir tel halat sapan\u0131n g\u00f6z\u00fcne bir y\u00fcks\u00fck ekleyerek, kancalar, prangalar veya di\u011fer kald\u0131rma ata\u015fmanlar\u0131 ile kullan\u0131ld\u0131\u011f\u0131nda sapan\u0131n ezilmesini veya s\u0131k\u0131\u015fmas\u0131n\u0131 \u00f6nler. Bu, kald\u0131rma i\u015flemlerinde g\u00fcvenli\u011fi ve g\u00fcvenilirli\u011fi art\u0131rman\u0131n yan\u0131 s\u0131ra tel halat\u0131n yap\u0131sal b\u00fct\u00fcnl\u00fc\u011f\u00fcn\u00fc de korur.<\/p>\n<div class=\"ast-oembed-container\" style=\"height: 100%;\"><iframe title=\"Tel Halat Y\u00fcks\u00fck\" width=\"500\" height=\"281\" src=\"https:\/\/www.youtube.com\/embed\/Kj-AQ0vnLeM?feature=oembed\" frameborder=\"0\" allow=\"accelerometer; autoplay; clipboard-write; encrypted-media; gyroscope; picture-in-picture; web-share\" referrerpolicy=\"strict-origin-when-cross-origin\" allowfullscreen><\/iframe><\/div>\n<p><img decoding=\"async\" class=\"alignnone size-full wp-image-3567\" src=\"http:\/\/qingdaohf.com\/wp-content\/uploads\/2023\/04\/1-10.jpg\" alt=\"Y\u00fcks\u00fck\" width=\"1080\" height=\"1398\" srcset=\"https:\/\/qingdaohf.com\/wp-content\/uploads\/2023\/04\/1-10.jpg 1080w, https:\/\/qingdaohf.com\/wp-content\/uploads\/2023\/04\/1-10-232x300.jpg 232w, https:\/\/qingdaohf.com\/wp-content\/uploads\/2023\/04\/1-10-791x1024.jpg 791w, https:\/\/qingdaohf.com\/wp-content\/uploads\/2023\/04\/1-10-768x994.jpg 768w, https:\/\/qingdaohf.com\/wp-content\/uploads\/2023\/04\/1-10-1000x1294.jpg 1000w\" sizes=\"(max-width: 1080px) 100vw, 1080px\" \/><\/p>","protected":false},"excerpt":{"rendered":"<p>Tel halat y\u00fcks\u00fc\u011f\u00fc, bir tel halatta olu\u015fturulan bir halkay\u0131 veya deli\u011fi korumak ve g\u00fc\u00e7lendirmek i\u00e7in tasarlanm\u0131\u015f k\u00fc\u00e7\u00fck bir metal cihazd\u0131r. Denizcilik, in\u015faat ve arma gibi tel halatlar\u0131n kullan\u0131ld\u0131\u011f\u0131 \u00e7e\u015fitli end\u00fcstrilerde ve uygulamalarda yayg\u0131n olarak kullan\u0131l\u0131r.<\/p>","protected":false},"featured_media":6180,"comment_status":"open","ping_status":"closed","template":"","meta":{"site-sidebar-layout":"default","site-content-layout":"default","ast-site-content-layout":"default","site-content-style":"default","site-sidebar-style":"default","ast-global-header-display":"","ast-banner-title-visibility":"","ast-main-header-display":"","ast-hfb-above-header-display":"","ast-hfb-below-header-display":"","ast-hfb-mobile-header-display":"","site-post-title":"","ast-breadcrumbs-content":"","ast-featured-img":"","footer-sml-layout":"","theme-transparent-header-meta":"default","adv-header-id-meta":"","stick-header-meta":"default","header-above-stick-meta":"","header-main-stick-meta":"","header-below-stick-meta":"","astra-migrate-meta-layouts":"set","ast-page-background-enabled":"default","ast-page-background-meta":{"desktop":{"background-color":"","background-image":"","background-repeat":"repeat","background-position":"center center","background-size":"auto","background-attachment":"scroll","background-type":"","background-media":"","overlay-type":"","overlay-color":"","overlay-opacity":"","overlay-gradient":""},"tablet":{"background-color":"","background-image":"","background-repeat":"repeat","background-position":"center center","background-size":"auto","background-attachment":"scroll","background-type":"","background-media":"","overlay-type":"","overlay-color":"","overlay-opacity":"","overlay-gradient":""},"mobile":{"background-color":"","background-image":"","background-repeat":"repeat","background-position":"center center","background-size":"auto","background-attachment":"scroll","background-type":"","background-media":"","overlay-type":"","overlay-color":"","overlay-opacity":"","overlay-gradient":""}},"ast-content-background-meta":{"desktop":{"background-color":"var(--ast-global-color-5)","background-image":"","background-repeat":"repeat","background-position":"center center","background-size":"auto","background-attachment":"scroll","background-type":"","background-media":"","overlay-type":"","overlay-color":"","overlay-opacity":"","overlay-gradient":""},"tablet":{"background-color":"var(--ast-global-color-5)","background-image":"","background-repeat":"repeat","background-position":"center center","background-size":"auto","background-attachment":"scroll","background-type":"","background-media":"","overlay-type":"","overlay-color":"","overlay-opacity":"","overlay-gradient":""},"mobile":{"background-color":"var(--ast-global-color-5)","background-image":"","background-repeat":"repeat","background-position":"center center","background-size":"auto","background-attachment":"scroll","background-type":"","background-media":"","overlay-type":"","overlay-color":"","overlay-opacity":"","overlay-gradient":""}}},"product_brand":[],"product_cat":[37,44],"product_tag":[],"class_list":{"0":"post-3565","1":"product","2":"type-product","3":"status-publish","4":"has-post-thumbnail","6":"product_cat-wire-rope","7":"product_cat-stainless-steel-poduct","8":"desktop-align-left","9":"tablet-align-left","10":"mobile-align-left","11":"ast-product-gallery-layout-horizontal-slider","12":"ast-product-tabs-layout-horizontal","14":"first","15":"instock","16":"shipping-taxable","17":"purchasable","18":"product-type-simple"},"yoast_head":"<!-- This site is optimized with the Yoast SEO plugin v25.2 - https:\/\/yoast.com\/wordpress\/plugins\/seo\/ -->\n<title>Wire Rope Thimble Steel Cable Thimble<\/title>\n<meta name=\"description\" content=\"A wire rope thimble is a small metal device designed to protect and reinforce a loop or eyelet formed in a wire rope. It is commonly used in various industries and applications where wire ropes are used, such as marine, construction, and rigging.\" \/>\n<meta name=\"robots\" content=\"index, follow, max-snippet:-1, max-image-preview:large, max-video-preview:-1\" \/>\n<link rel=\"canonical\" href=\"https:\/\/qingdaohf.com\/tr\/urun\/yuksuk\/\" \/>\n<meta property=\"og:locale\" content=\"tr_TR\" \/>\n<meta property=\"og:type\" content=\"article\" \/>\n<meta property=\"og:title\" content=\"Wire Rope Thimble Steel Cable Thimble\" \/>\n<meta property=\"og:description\" content=\"A wire rope thimble is a small metal device designed to protect and reinforce a loop or eyelet formed in a wire rope. It is commonly used in various industries and applications where wire ropes are used, such as marine, construction, and rigging.\" \/>\n<meta property=\"og:url\" content=\"https:\/\/qingdaohf.com\/tr\/urun\/yuksuk\/\" \/>\n<meta property=\"og:site_name\" content=\"Concrete Form &amp; Rigging Hardware Supplier\" \/>\n<meta property=\"article:publisher\" content=\"https:\/\/www.facebook.com\/qingdaohf\" \/>\n<meta property=\"article:modified_time\" content=\"2025-11-13T01:05:12+00:00\" \/>\n<meta property=\"og:image\" content=\"https:\/\/qingdaohf.com\/wp-content\/uploads\/2023\/04\/Thimble-1.jpg\" \/>\n\t<meta property=\"og:image:width\" content=\"800\" \/>\n\t<meta property=\"og:image:height\" content=\"800\" \/>\n\t<meta property=\"og:image:type\" content=\"image\/jpeg\" \/>\n<meta name=\"twitter:card\" content=\"summary_large_image\" \/>\n<meta name=\"twitter:label1\" content=\"Tahmini okuma s\u00fcresi\" \/>\n\t<meta name=\"twitter:data1\" content=\"2 dakika\" \/>\n<script type=\"application\/ld+json\" class=\"yoast-schema-graph\">{\"@context\":\"https:\/\/schema.org\",\"@graph\":[{\"@type\":\"WebPage\",\"@id\":\"https:\/\/qingdaohf.com\/product\/thimble\/\",\"url\":\"https:\/\/qingdaohf.com\/product\/thimble\/\",\"name\":\"Wire Rope Thimble Steel Cable Thimble\",\"isPartOf\":{\"@id\":\"https:\/\/qingdaohf.com\/bg\/#website\"},\"primaryImageOfPage\":{\"@id\":\"https:\/\/qingdaohf.com\/product\/thimble\/#primaryimage\"},\"image\":{\"@id\":\"https:\/\/qingdaohf.com\/product\/thimble\/#primaryimage\"},\"thumbnailUrl\":\"https:\/\/qingdaohf.com\/wp-content\/uploads\/2023\/12\/wire-rope-thimble.jpg\",\"datePublished\":\"2023-04-10T11:01:37+00:00\",\"dateModified\":\"2025-11-13T01:05:12+00:00\",\"description\":\"A wire rope thimble is a small metal device designed to protect and reinforce a loop or eyelet formed in a wire rope. It is commonly used in various industries and applications where wire ropes are used, such as marine, construction, and rigging.\",\"breadcrumb\":{\"@id\":\"https:\/\/qingdaohf.com\/product\/thimble\/#breadcrumb\"},\"inLanguage\":\"tr\",\"potentialAction\":[{\"@type\":\"ReadAction\",\"target\":[\"https:\/\/qingdaohf.com\/product\/thimble\/\"]}]},{\"@type\":\"ImageObject\",\"inLanguage\":\"tr\",\"@id\":\"https:\/\/qingdaohf.com\/product\/thimble\/#primaryimage\",\"url\":\"https:\/\/qingdaohf.com\/wp-content\/uploads\/2023\/12\/wire-rope-thimble.jpg\",\"contentUrl\":\"https:\/\/qingdaohf.com\/wp-content\/uploads\/2023\/12\/wire-rope-thimble.jpg\",\"width\":1000,\"height\":1000,\"caption\":\"wire rope thimble\"},{\"@type\":\"BreadcrumbList\",\"@id\":\"https:\/\/qingdaohf.com\/product\/thimble\/#breadcrumb\",\"itemListElement\":[{\"@type\":\"ListItem\",\"position\":1,\"name\":\"Home\",\"item\":\"https:\/\/qingdaohf.com\/\"},{\"@type\":\"ListItem\",\"position\":2,\"name\":\"Concrete Forming Accessories and Rigging Hardware\",\"item\":\"https:\/\/qingdaohf.com\/bg\/?page_id=944\"},{\"@type\":\"ListItem\",\"position\":3,\"name\":\"Wire Rope Thimble Steel Cable Thimble\"}]},{\"@type\":\"WebSite\",\"@id\":\"https:\/\/qingdaohf.com\/bg\/#website\",\"url\":\"https:\/\/qingdaohf.com\/bg\/\",\"name\":\"Concrete Form & Rigging Hardware Supplier\",\"description\":\"\",\"publisher\":{\"@id\":\"https:\/\/qingdaohf.com\/bg\/#organization\"},\"potentialAction\":[{\"@type\":\"SearchAction\",\"target\":{\"@type\":\"EntryPoint\",\"urlTemplate\":\"https:\/\/qingdaohf.com\/bg\/?s={search_term_string}\"},\"query-input\":{\"@type\":\"PropertyValueSpecification\",\"valueRequired\":true,\"valueName\":\"search_term_string\"}}],\"inLanguage\":\"tr\"},{\"@type\":\"Organization\",\"@id\":\"https:\/\/qingdaohf.com\/bg\/#organization\",\"name\":\"Qingdao H&F\",\"url\":\"https:\/\/qingdaohf.com\/bg\/\",\"logo\":{\"@type\":\"ImageObject\",\"inLanguage\":\"tr\",\"@id\":\"https:\/\/qingdaohf.com\/bg\/#\/schema\/logo\/image\/\",\"url\":\"https:\/\/qingdaohf.com\/wp-content\/uploads\/2022\/12\/cropped-HF-LOGO.png\",\"contentUrl\":\"https:\/\/qingdaohf.com\/wp-content\/uploads\/2022\/12\/cropped-HF-LOGO.png\",\"width\":391,\"height\":249,\"caption\":\"Qingdao H&F\"},\"image\":{\"@id\":\"https:\/\/qingdaohf.com\/bg\/#\/schema\/logo\/image\/\"},\"sameAs\":[\"https:\/\/www.facebook.com\/qingdaohf\"]}]}<\/script>\n<!-- \/ Yoast SEO plugin. -->","yoast_head_json":{"title":"Wire Rope Thimble Steel Cable Thimble","description":"A wire rope thimble is a small metal device designed to protect and reinforce a loop or eyelet formed in a wire rope. It is commonly used in various industries and applications where wire ropes are used, such as marine, construction, and rigging.","robots":{"index":"index","follow":"follow","max-snippet":"max-snippet:-1","max-image-preview":"max-image-preview:large","max-video-preview":"max-video-preview:-1"},"canonical":"https:\/\/qingdaohf.com\/tr\/urun\/yuksuk\/","og_locale":"tr_TR","og_type":"article","og_title":"Wire Rope Thimble Steel Cable Thimble","og_description":"A wire rope thimble is a small metal device designed to protect and reinforce a loop or eyelet formed in a wire rope. It is commonly used in various industries and applications where wire ropes are used, such as marine, construction, and rigging.","og_url":"https:\/\/qingdaohf.com\/tr\/urun\/yuksuk\/","og_site_name":"Concrete Form &amp; Rigging Hardware Supplier","article_publisher":"https:\/\/www.facebook.com\/qingdaohf","article_modified_time":"2025-11-13T01:05:12+00:00","og_image":[{"width":800,"height":800,"url":"https:\/\/qingdaohf.com\/wp-content\/uploads\/2023\/04\/Thimble-1.jpg","type":"image\/jpeg"}],"twitter_card":"summary_large_image","twitter_misc":{"Tahmini okuma s\u00fcresi":"2 dakika"},"schema":{"@context":"https:\/\/schema.org","@graph":[{"@type":"WebPage","@id":"https:\/\/qingdaohf.com\/product\/thimble\/","url":"https:\/\/qingdaohf.com\/product\/thimble\/","name":"Wire Rope Thimble Steel Cable Thimble","isPartOf":{"@id":"https:\/\/qingdaohf.com\/bg\/#website"},"primaryImageOfPage":{"@id":"https:\/\/qingdaohf.com\/product\/thimble\/#primaryimage"},"image":{"@id":"https:\/\/qingdaohf.com\/product\/thimble\/#primaryimage"},"thumbnailUrl":"https:\/\/qingdaohf.com\/wp-content\/uploads\/2023\/12\/wire-rope-thimble.jpg","datePublished":"2023-04-10T11:01:37+00:00","dateModified":"2025-11-13T01:05:12+00:00","description":"A wire rope thimble is a small metal device designed to protect and reinforce a loop or eyelet formed in a wire rope. It is commonly used in various industries and applications where wire ropes are used, such as marine, construction, and rigging.","breadcrumb":{"@id":"https:\/\/qingdaohf.com\/product\/thimble\/#breadcrumb"},"inLanguage":"tr","potentialAction":[{"@type":"ReadAction","target":["https:\/\/qingdaohf.com\/product\/thimble\/"]}]},{"@type":"ImageObject","inLanguage":"tr","@id":"https:\/\/qingdaohf.com\/product\/thimble\/#primaryimage","url":"https:\/\/qingdaohf.com\/wp-content\/uploads\/2023\/12\/wire-rope-thimble.jpg","contentUrl":"https:\/\/qingdaohf.com\/wp-content\/uploads\/2023\/12\/wire-rope-thimble.jpg","width":1000,"height":1000,"caption":"wire rope thimble"},{"@type":"BreadcrumbList","@id":"https:\/\/qingdaohf.com\/product\/thimble\/#breadcrumb","itemListElement":[{"@type":"ListItem","position":1,"name":"Home","item":"https:\/\/qingdaohf.com\/"},{"@type":"ListItem","position":2,"name":"Concrete Forming Accessories and Rigging Hardware","item":"https:\/\/qingdaohf.com\/bg\/?page_id=944"},{"@type":"ListItem","position":3,"name":"Wire Rope Thimble Steel Cable Thimble"}]},{"@type":"WebSite","@id":"https:\/\/qingdaohf.com\/bg\/#website","url":"https:\/\/qingdaohf.com\/bg\/","name":"Concrete Form & Rigging Hardware Supplier","description":"","publisher":{"@id":"https:\/\/qingdaohf.com\/bg\/#organization"},"potentialAction":[{"@type":"SearchAction","target":{"@type":"EntryPoint","urlTemplate":"https:\/\/qingdaohf.com\/bg\/?s={search_term_string}"},"query-input":{"@type":"PropertyValueSpecification","valueRequired":true,"valueName":"search_term_string"}}],"inLanguage":"tr"},{"@type":"Organization","@id":"https:\/\/qingdaohf.com\/bg\/#organization","name":"Qingdao H&F","url":"https:\/\/qingdaohf.com\/bg\/","logo":{"@type":"ImageObject","inLanguage":"tr","@id":"https:\/\/qingdaohf.com\/bg\/#\/schema\/logo\/image\/","url":"https:\/\/qingdaohf.com\/wp-content\/uploads\/2022\/12\/cropped-HF-LOGO.png","contentUrl":"https:\/\/qingdaohf.com\/wp-content\/uploads\/2022\/12\/cropped-HF-LOGO.png","width":391,"height":249,"caption":"Qingdao H&F"},"image":{"@id":"https:\/\/qingdaohf.com\/bg\/#\/schema\/logo\/image\/"},"sameAs":["https:\/\/www.facebook.com\/qingdaohf"]}]}},"_links":{"self":[{"href":"https:\/\/qingdaohf.com\/tr\/wp-json\/wp\/v2\/product\/3565","targetHints":{"allow":["GET"]}}],"collection":[{"href":"https:\/\/qingdaohf.com\/tr\/wp-json\/wp\/v2\/product"}],"about":[{"href":"https:\/\/qingdaohf.com\/tr\/wp-json\/wp\/v2\/types\/product"}],"replies":[{"embeddable":true,"href":"https:\/\/qingdaohf.com\/tr\/wp-json\/wp\/v2\/comments?post=3565"}],"version-history":[{"count":3,"href":"https:\/\/qingdaohf.com\/tr\/wp-json\/wp\/v2\/product\/3565\/revisions"}],"predecessor-version":[{"id":9493,"href":"https:\/\/qingdaohf.com\/tr\/wp-json\/wp\/v2\/product\/3565\/revisions\/9493"}],"wp:featuredmedia":[{"embeddable":true,"href":"https:\/\/qingdaohf.com\/tr\/wp-json\/wp\/v2\/media\/6180"}],"wp:attachment":[{"href":"https:\/\/qingdaohf.com\/tr\/wp-json\/wp\/v2\/media?parent=3565"}],"wp:term":[{"taxonomy":"product_brand","embeddable":true,"href":"https:\/\/qingdaohf.com\/tr\/wp-json\/wp\/v2\/product_brand?post=3565"},{"taxonomy":"product_cat","embeddable":true,"href":"https:\/\/qingdaohf.com\/tr\/wp-json\/wp\/v2\/product_cat?post=3565"},{"taxonomy":"product_tag","embeddable":true,"href":"https:\/\/qingdaohf.com\/tr\/wp-json\/wp\/v2\/product_tag?post=3565"}],"curies":[{"name":"wp","href":"https:\/\/api.w.org\/{rel}","templated":true}]}}