{"id":3772,"date":"2023-05-17T17:53:49","date_gmt":"2023-05-17T09:53:49","guid":{"rendered":"http:\/\/qingdaohf.com\/?post_type=product&#038;p=3772"},"modified":"2025-11-13T09:05:12","modified_gmt":"2025-11-13T01:05:12","slug":"stainless-steel-anchor-shackle-bow-shackle","status":"publish","type":"product","link":"https:\/\/qingdaohf.com\/tr\/urun\/paslanmaz-celi\u0307k-demi\u0307r-kelepcesi\u0307-bas-kelepcesi\u0307\/","title":{"rendered":"Paslanmaz \u00c7elik \u00c7apa Kelep\u00e7esi Ba\u015f Kelep\u00e7esi"},"content":{"rendered":"<p>Paslanmaz \u00c7elik \u00c7apa Kelep\u00e7esi, denizcilik, in\u015faat, arma ve \u00e7ekme dahil olmak \u00fczere \u00e7e\u015fitli sekt\u00f6rlerde kullan\u0131lan sa\u011flam ve g\u00fcvenilir bir donan\u0131m par\u00e7as\u0131d\u0131r. Zincirleri, halatlar\u0131 veya kay\u0131\u015flar\u0131 ankraj noktalar\u0131na ba\u011flamak i\u00e7in kritik bir ba\u011flant\u0131 g\u00f6revi g\u00f6r\u00fcr, g\u00fcvenli ve sa\u011flam bir ba\u011flant\u0131 sa\u011flar.<\/p>\n<p>\u0130\u015fte Paslanmaz \u00c7elik \u00c7apa Kelep\u00e7esinin baz\u0131 temel \u00f6zellikleri ve faydalar\u0131:<\/p>\n<ol>\n<li>Malzeme: Kelep\u00e7e, ola\u011fan\u00fcst\u00fc korozyon direnci sunan y\u00fcksek kaliteli paslanmaz \u00e7elikten \u00fcretilmi\u015ftir, bu da onu deniz ve d\u0131\u015f mekan uygulamalar\u0131 i\u00e7in ideal hale getirir. Paslanmaz \u00e7elik, zorlu ve a\u015f\u0131nd\u0131r\u0131c\u0131 ortamlarda bile uzun \u00f6m\u00fcr ve dayan\u0131kl\u0131l\u0131k sa\u011flar.<\/li>\n<li>Tasar\u0131m: Ankraj kelep\u00e7esi, ankraj noktas\u0131n\u0131n deliklerinden veya zincir baklalar\u0131ndan ge\u00e7en di\u015fli bir pim veya c\u0131vata ile U \u015feklinde bir tasar\u0131ma sahiptir. Bu tasar\u0131m, g\u00fcvenli ba\u011flant\u0131 ve gerekti\u011finde h\u0131zl\u0131 kurulum veya \u00e7\u0131karma sa\u011flar.<\/li>\n<li>Y\u00fck Kapasitesi: Ankraj kelep\u00e7eleri \u00e7e\u015fitli boyutlarda gelir ve g\u00fcvenle ta\u015f\u0131yabilecekleri maksimum y\u00fck\u00fc g\u00f6steren belirli \u00e7al\u0131\u015fma y\u00fck\u00fc limitlerine (WLL) sahiptir. G\u00fcvenli ve g\u00fcvenilir \u00e7al\u0131\u015fmay\u0131 sa\u011flamak i\u00e7in ama\u00e7lanan y\u00fck gereksinimlerine g\u00f6re uygun kelep\u00e7e boyutunu ve WLL'yi se\u00e7mek \u00e7ok \u00f6nemlidir.<\/li>\n<li>G\u00fcvenlik: Ankraj kelep\u00e7esi, kazara serbest kalmas\u0131n\u0131 \u00f6nlemek i\u00e7in g\u00fcvenlik \u00f6zellikleriyle tasarlanm\u0131\u015ft\u0131r. Tipik olarak, pimin g\u00fcvenli bir \u015fekilde yerinde kalmas\u0131n\u0131 sa\u011flayan ve operasyonlar s\u0131ras\u0131nda ayr\u0131lma riskini en aza indiren sabit bir pim veya c\u0131vata mekanizmas\u0131 i\u00e7erir.<\/li>\n<li>\u00c7ok y\u00f6nl\u00fcl\u00fck: \u00c7apa kelep\u00e7esi \u00e7ok y\u00f6nl\u00fcd\u00fcr ve \u00e7ok say\u0131da uygulamada yayg\u0131n olarak kullan\u0131l\u0131r. Genellikle teknelerdeki \u00e7apa zincirlerini ba\u011flamak, a\u011f\u0131r ekipman veya y\u00fckleri sabitlemek ve kald\u0131rma ve arma i\u015flemlerinde hayati bir bile\u015fen olarak kullan\u0131l\u0131r.<\/li>\n<li>Kullan\u0131m\u0131 Kolay: Ankraj kelep\u00e7esinin tasar\u0131m\u0131 kolay kurulum ve s\u00f6kme olana\u011f\u0131 sa\u011flar. \u00c7apa noktalar\u0131ndan, zincirlerden veya halkalardan h\u0131zl\u0131 bir \u015fekilde ge\u00e7irilebilir ve \u00e7e\u015fitli g\u00f6revler i\u00e7in g\u00fcvenilir bir ba\u011flant\u0131 sa\u011flar.<br \/>\n<img fetchpriority=\"high\" decoding=\"async\" class=\"alignnone size-full wp-image-3778\" src=\"http:\/\/qingdaohf.com\/wp-content\/uploads\/2023\/05\/stainless-steel-anchor-shackle-2.jpg\" alt=\"paslanmaz \u00e7eli\u0307k \u00e7apa kelep\u00e7esi\u0307 \" width=\"1000\" height=\"650\" srcset=\"https:\/\/qingdaohf.com\/wp-content\/uploads\/2023\/05\/stainless-steel-anchor-shackle-2.jpg 1000w, https:\/\/qingdaohf.com\/wp-content\/uploads\/2023\/05\/stainless-steel-anchor-shackle-2-300x195.jpg 300w, https:\/\/qingdaohf.com\/wp-content\/uploads\/2023\/05\/stainless-steel-anchor-shackle-2-768x499.jpg 768w\" sizes=\"(max-width: 1000px) 100vw, 1000px\" \/><\/li>\n<\/ol>","protected":false},"excerpt":{"rendered":"<p>Paslanmaz \u00c7elik Ankraj Kelep\u00e7esini kullan\u0131rken g\u00fcvenlik y\u00f6nergelerine ve end\u00fcstri standartlar\u0131na uymak \u00e7ok \u00f6nemlidir. Optimum performans ve g\u00fcvenli\u011fi sa\u011flamak i\u00e7in herhangi bir a\u015f\u0131nma, deformasyon veya hasar belirtisi olup olmad\u0131\u011f\u0131n\u0131n d\u00fczenli olarak kontrol edilmesi \u015fartt\u0131r.<\/p>","protected":false},"featured_media":3773,"comment_status":"open","ping_status":"closed","template":"","meta":{"site-sidebar-layout":"default","site-content-layout":"default","ast-site-content-layout":"","site-content-style":"default","site-sidebar-style":"default","ast-global-header-display":"","ast-banner-title-visibility":"","ast-main-header-display":"","ast-hfb-above-header-display":"","ast-hfb-below-header-display":"","ast-hfb-mobile-header-display":"","site-post-title":"","ast-breadcrumbs-content":"","ast-featured-img":"","footer-sml-layout":"","theme-transparent-header-meta":"default","adv-header-id-meta":"","stick-header-meta":"default","header-above-stick-meta":"","header-main-stick-meta":"","header-below-stick-meta":"","astra-migrate-meta-layouts":"default","ast-page-background-enabled":"default","ast-page-background-meta":{"desktop":{"background-color":"","background-image":"","background-repeat":"repeat","background-position":"center center","background-size":"auto","background-attachment":"scroll","background-type":"","background-media":"","overlay-type":"","overlay-color":"","overlay-opacity":"","overlay-gradient":""},"tablet":{"background-color":"","background-image":"","background-repeat":"repeat","background-position":"center center","background-size":"auto","background-attachment":"scroll","background-type":"","background-media":"","overlay-type":"","overlay-color":"","overlay-opacity":"","overlay-gradient":""},"mobile":{"background-color":"","background-image":"","background-repeat":"repeat","background-position":"center center","background-size":"auto","background-attachment":"scroll","background-type":"","background-media":"","overlay-type":"","overlay-color":"","overlay-opacity":"","overlay-gradient":""}},"ast-content-background-meta":{"desktop":{"background-color":"var(--ast-global-color-5)","background-image":"","background-repeat":"repeat","background-position":"center center","background-size":"auto","background-attachment":"scroll","background-type":"","background-media":"","overlay-type":"","overlay-color":"","overlay-opacity":"","overlay-gradient":""},"tablet":{"background-color":"var(--ast-global-color-5)","background-image":"","background-repeat":"repeat","background-position":"center center","background-size":"auto","background-attachment":"scroll","background-type":"","background-media":"","overlay-type":"","overlay-color":"","overlay-opacity":"","overlay-gradient":""},"mobile":{"background-color":"var(--ast-global-color-5)","background-image":"","background-repeat":"repeat","background-position":"center center","background-size":"auto","background-attachment":"scroll","background-type":"","background-media":"","overlay-type":"","overlay-color":"","overlay-opacity":"","overlay-gradient":""}}},"product_brand":[],"product_cat":[43,44,54],"product_tag":[],"class_list":{"0":"post-3772","1":"product","2":"type-product","3":"status-publish","4":"has-post-thumbnail","6":"product_cat-rigging-hardware","7":"product_cat-stainless-steel-poduct","8":"product_cat-shackle","9":"desktop-align-left","10":"tablet-align-left","11":"mobile-align-left","12":"ast-product-gallery-layout-horizontal-slider","13":"ast-product-tabs-layout-horizontal","15":"first","16":"instock","17":"shipping-taxable","18":"purchasable","19":"product-type-simple"},"yoast_head":"<!-- This site is optimized with the Yoast SEO plugin v25.2 - https:\/\/yoast.com\/wordpress\/plugins\/seo\/ -->\n<title>Stainless Steel Anchor Shackle Bow Shackle<\/title>\n<meta name=\"description\" content=\"It is crucial to adhere to safety guidelines and industry standards when using the Stainless Steel Anchor Shackle. Regular inspection for any signs of wear, deformation, or damage is essential to ensure optimal performance and safety.\" \/>\n<meta name=\"robots\" content=\"index, follow, max-snippet:-1, max-image-preview:large, max-video-preview:-1\" \/>\n<link rel=\"canonical\" href=\"https:\/\/qingdaohf.com\/tr\/urun\/paslanmaz-celi\u0307k-demi\u0307r-kelepcesi\u0307-bas-kelepcesi\u0307\/\" \/>\n<meta property=\"og:locale\" content=\"tr_TR\" \/>\n<meta property=\"og:type\" content=\"article\" \/>\n<meta property=\"og:title\" content=\"Stainless Steel Anchor Shackle Bow Shackle\" \/>\n<meta property=\"og:description\" content=\"It is crucial to adhere to safety guidelines and industry standards when using the Stainless Steel Anchor Shackle. Regular inspection for any signs of wear, deformation, or damage is essential to ensure optimal performance and safety.\" \/>\n<meta property=\"og:url\" content=\"https:\/\/qingdaohf.com\/tr\/urun\/paslanmaz-celi\u0307k-demi\u0307r-kelepcesi\u0307-bas-kelepcesi\u0307\/\" \/>\n<meta property=\"og:site_name\" content=\"Concrete Form &amp; Rigging Hardware Supplier\" \/>\n<meta property=\"article:publisher\" content=\"https:\/\/www.facebook.com\/qingdaohf\" \/>\n<meta property=\"article:modified_time\" content=\"2025-11-13T01:05:12+00:00\" \/>\n<meta property=\"og:image\" content=\"https:\/\/qingdaohf.com\/wp-content\/uploads\/2023\/05\/anchor-shackle-8.jpg\" \/>\n\t<meta property=\"og:image:width\" content=\"1000\" \/>\n\t<meta property=\"og:image:height\" content=\"1000\" \/>\n\t<meta property=\"og:image:type\" content=\"image\/jpeg\" \/>\n<meta name=\"twitter:card\" content=\"summary_large_image\" \/>\n<meta name=\"twitter:label1\" content=\"Tahmini okuma s\u00fcresi\" \/>\n\t<meta name=\"twitter:data1\" content=\"2 dakika\" \/>\n<script type=\"application\/ld+json\" class=\"yoast-schema-graph\">{\"@context\":\"https:\/\/schema.org\",\"@graph\":[{\"@type\":\"WebPage\",\"@id\":\"https:\/\/qingdaohf.com\/product\/stainless-steel-anchor-shackle-bow-shackle\/\",\"url\":\"https:\/\/qingdaohf.com\/product\/stainless-steel-anchor-shackle-bow-shackle\/\",\"name\":\"Stainless Steel Anchor Shackle Bow Shackle\",\"isPartOf\":{\"@id\":\"https:\/\/qingdaohf.com\/bg\/#website\"},\"primaryImageOfPage\":{\"@id\":\"https:\/\/qingdaohf.com\/product\/stainless-steel-anchor-shackle-bow-shackle\/#primaryimage\"},\"image\":{\"@id\":\"https:\/\/qingdaohf.com\/product\/stainless-steel-anchor-shackle-bow-shackle\/#primaryimage\"},\"thumbnailUrl\":\"https:\/\/qingdaohf.com\/wp-content\/uploads\/2023\/05\/anchor-shackle-8.jpg\",\"datePublished\":\"2023-05-17T09:53:49+00:00\",\"dateModified\":\"2025-11-13T01:05:12+00:00\",\"description\":\"It is crucial to adhere to safety guidelines and industry standards when using the Stainless Steel Anchor Shackle. Regular inspection for any signs of wear, deformation, or damage is essential to ensure optimal performance and safety.\",\"breadcrumb\":{\"@id\":\"https:\/\/qingdaohf.com\/product\/stainless-steel-anchor-shackle-bow-shackle\/#breadcrumb\"},\"inLanguage\":\"tr\",\"potentialAction\":[{\"@type\":\"ReadAction\",\"target\":[\"https:\/\/qingdaohf.com\/product\/stainless-steel-anchor-shackle-bow-shackle\/\"]}]},{\"@type\":\"ImageObject\",\"inLanguage\":\"tr\",\"@id\":\"https:\/\/qingdaohf.com\/product\/stainless-steel-anchor-shackle-bow-shackle\/#primaryimage\",\"url\":\"https:\/\/qingdaohf.com\/wp-content\/uploads\/2023\/05\/anchor-shackle-8.jpg\",\"contentUrl\":\"https:\/\/qingdaohf.com\/wp-content\/uploads\/2023\/05\/anchor-shackle-8.jpg\",\"width\":1000,\"height\":1000,\"caption\":\"anchor shackle\"},{\"@type\":\"BreadcrumbList\",\"@id\":\"https:\/\/qingdaohf.com\/product\/stainless-steel-anchor-shackle-bow-shackle\/#breadcrumb\",\"itemListElement\":[{\"@type\":\"ListItem\",\"position\":1,\"name\":\"Home\",\"item\":\"https:\/\/qingdaohf.com\/\"},{\"@type\":\"ListItem\",\"position\":2,\"name\":\"Concrete Forming Accessories and Rigging Hardware\",\"item\":\"https:\/\/qingdaohf.com\/bg\/?page_id=944\"},{\"@type\":\"ListItem\",\"position\":3,\"name\":\"Stainless Steel Anchor Shackle Bow Shackle\"}]},{\"@type\":\"WebSite\",\"@id\":\"https:\/\/qingdaohf.com\/bg\/#website\",\"url\":\"https:\/\/qingdaohf.com\/bg\/\",\"name\":\"Concrete Form & Rigging Hardware Supplier\",\"description\":\"\",\"publisher\":{\"@id\":\"https:\/\/qingdaohf.com\/bg\/#organization\"},\"potentialAction\":[{\"@type\":\"SearchAction\",\"target\":{\"@type\":\"EntryPoint\",\"urlTemplate\":\"https:\/\/qingdaohf.com\/bg\/?s={search_term_string}\"},\"query-input\":{\"@type\":\"PropertyValueSpecification\",\"valueRequired\":true,\"valueName\":\"search_term_string\"}}],\"inLanguage\":\"tr\"},{\"@type\":\"Organization\",\"@id\":\"https:\/\/qingdaohf.com\/bg\/#organization\",\"name\":\"Qingdao H&F\",\"url\":\"https:\/\/qingdaohf.com\/bg\/\",\"logo\":{\"@type\":\"ImageObject\",\"inLanguage\":\"tr\",\"@id\":\"https:\/\/qingdaohf.com\/bg\/#\/schema\/logo\/image\/\",\"url\":\"https:\/\/qingdaohf.com\/wp-content\/uploads\/2022\/12\/cropped-HF-LOGO.png\",\"contentUrl\":\"https:\/\/qingdaohf.com\/wp-content\/uploads\/2022\/12\/cropped-HF-LOGO.png\",\"width\":391,\"height\":249,\"caption\":\"Qingdao H&F\"},\"image\":{\"@id\":\"https:\/\/qingdaohf.com\/bg\/#\/schema\/logo\/image\/\"},\"sameAs\":[\"https:\/\/www.facebook.com\/qingdaohf\"]}]}<\/script>\n<!-- \/ Yoast SEO plugin. -->","yoast_head_json":{"title":"Stainless Steel Anchor Shackle Bow Shackle","description":"It is crucial to adhere to safety guidelines and industry standards when using the Stainless Steel Anchor Shackle. Regular inspection for any signs of wear, deformation, or damage is essential to ensure optimal performance and safety.","robots":{"index":"index","follow":"follow","max-snippet":"max-snippet:-1","max-image-preview":"max-image-preview:large","max-video-preview":"max-video-preview:-1"},"canonical":"https:\/\/qingdaohf.com\/tr\/urun\/paslanmaz-celi\u0307k-demi\u0307r-kelepcesi\u0307-bas-kelepcesi\u0307\/","og_locale":"tr_TR","og_type":"article","og_title":"Stainless Steel Anchor Shackle Bow Shackle","og_description":"It is crucial to adhere to safety guidelines and industry standards when using the Stainless Steel Anchor Shackle. Regular inspection for any signs of wear, deformation, or damage is essential to ensure optimal performance and safety.","og_url":"https:\/\/qingdaohf.com\/tr\/urun\/paslanmaz-celi\u0307k-demi\u0307r-kelepcesi\u0307-bas-kelepcesi\u0307\/","og_site_name":"Concrete Form &amp; Rigging Hardware Supplier","article_publisher":"https:\/\/www.facebook.com\/qingdaohf","article_modified_time":"2025-11-13T01:05:12+00:00","og_image":[{"width":1000,"height":1000,"url":"https:\/\/qingdaohf.com\/wp-content\/uploads\/2023\/05\/anchor-shackle-8.jpg","type":"image\/jpeg"}],"twitter_card":"summary_large_image","twitter_misc":{"Tahmini okuma s\u00fcresi":"2 dakika"},"schema":{"@context":"https:\/\/schema.org","@graph":[{"@type":"WebPage","@id":"https:\/\/qingdaohf.com\/product\/stainless-steel-anchor-shackle-bow-shackle\/","url":"https:\/\/qingdaohf.com\/product\/stainless-steel-anchor-shackle-bow-shackle\/","name":"Stainless Steel Anchor Shackle Bow Shackle","isPartOf":{"@id":"https:\/\/qingdaohf.com\/bg\/#website"},"primaryImageOfPage":{"@id":"https:\/\/qingdaohf.com\/product\/stainless-steel-anchor-shackle-bow-shackle\/#primaryimage"},"image":{"@id":"https:\/\/qingdaohf.com\/product\/stainless-steel-anchor-shackle-bow-shackle\/#primaryimage"},"thumbnailUrl":"https:\/\/qingdaohf.com\/wp-content\/uploads\/2023\/05\/anchor-shackle-8.jpg","datePublished":"2023-05-17T09:53:49+00:00","dateModified":"2025-11-13T01:05:12+00:00","description":"It is crucial to adhere to safety guidelines and industry standards when using the Stainless Steel Anchor Shackle. Regular inspection for any signs of wear, deformation, or damage is essential to ensure optimal performance and safety.","breadcrumb":{"@id":"https:\/\/qingdaohf.com\/product\/stainless-steel-anchor-shackle-bow-shackle\/#breadcrumb"},"inLanguage":"tr","potentialAction":[{"@type":"ReadAction","target":["https:\/\/qingdaohf.com\/product\/stainless-steel-anchor-shackle-bow-shackle\/"]}]},{"@type":"ImageObject","inLanguage":"tr","@id":"https:\/\/qingdaohf.com\/product\/stainless-steel-anchor-shackle-bow-shackle\/#primaryimage","url":"https:\/\/qingdaohf.com\/wp-content\/uploads\/2023\/05\/anchor-shackle-8.jpg","contentUrl":"https:\/\/qingdaohf.com\/wp-content\/uploads\/2023\/05\/anchor-shackle-8.jpg","width":1000,"height":1000,"caption":"anchor shackle"},{"@type":"BreadcrumbList","@id":"https:\/\/qingdaohf.com\/product\/stainless-steel-anchor-shackle-bow-shackle\/#breadcrumb","itemListElement":[{"@type":"ListItem","position":1,"name":"Home","item":"https:\/\/qingdaohf.com\/"},{"@type":"ListItem","position":2,"name":"Concrete Forming Accessories and Rigging Hardware","item":"https:\/\/qingdaohf.com\/bg\/?page_id=944"},{"@type":"ListItem","position":3,"name":"Stainless Steel Anchor Shackle Bow Shackle"}]},{"@type":"WebSite","@id":"https:\/\/qingdaohf.com\/bg\/#website","url":"https:\/\/qingdaohf.com\/bg\/","name":"Concrete Form & Rigging Hardware Supplier","description":"","publisher":{"@id":"https:\/\/qingdaohf.com\/bg\/#organization"},"potentialAction":[{"@type":"SearchAction","target":{"@type":"EntryPoint","urlTemplate":"https:\/\/qingdaohf.com\/bg\/?s={search_term_string}"},"query-input":{"@type":"PropertyValueSpecification","valueRequired":true,"valueName":"search_term_string"}}],"inLanguage":"tr"},{"@type":"Organization","@id":"https:\/\/qingdaohf.com\/bg\/#organization","name":"Qingdao H&F","url":"https:\/\/qingdaohf.com\/bg\/","logo":{"@type":"ImageObject","inLanguage":"tr","@id":"https:\/\/qingdaohf.com\/bg\/#\/schema\/logo\/image\/","url":"https:\/\/qingdaohf.com\/wp-content\/uploads\/2022\/12\/cropped-HF-LOGO.png","contentUrl":"https:\/\/qingdaohf.com\/wp-content\/uploads\/2022\/12\/cropped-HF-LOGO.png","width":391,"height":249,"caption":"Qingdao H&F"},"image":{"@id":"https:\/\/qingdaohf.com\/bg\/#\/schema\/logo\/image\/"},"sameAs":["https:\/\/www.facebook.com\/qingdaohf"]}]}},"_links":{"self":[{"href":"https:\/\/qingdaohf.com\/tr\/wp-json\/wp\/v2\/product\/3772","targetHints":{"allow":["GET"]}}],"collection":[{"href":"https:\/\/qingdaohf.com\/tr\/wp-json\/wp\/v2\/product"}],"about":[{"href":"https:\/\/qingdaohf.com\/tr\/wp-json\/wp\/v2\/types\/product"}],"replies":[{"embeddable":true,"href":"https:\/\/qingdaohf.com\/tr\/wp-json\/wp\/v2\/comments?post=3772"}],"version-history":[{"count":1,"href":"https:\/\/qingdaohf.com\/tr\/wp-json\/wp\/v2\/product\/3772\/revisions"}],"predecessor-version":[{"id":10430,"href":"https:\/\/qingdaohf.com\/tr\/wp-json\/wp\/v2\/product\/3772\/revisions\/10430"}],"wp:featuredmedia":[{"embeddable":true,"href":"https:\/\/qingdaohf.com\/tr\/wp-json\/wp\/v2\/media\/3773"}],"wp:attachment":[{"href":"https:\/\/qingdaohf.com\/tr\/wp-json\/wp\/v2\/media?parent=3772"}],"wp:term":[{"taxonomy":"product_brand","embeddable":true,"href":"https:\/\/qingdaohf.com\/tr\/wp-json\/wp\/v2\/product_brand?post=3772"},{"taxonomy":"product_cat","embeddable":true,"href":"https:\/\/qingdaohf.com\/tr\/wp-json\/wp\/v2\/product_cat?post=3772"},{"taxonomy":"product_tag","embeddable":true,"href":"https:\/\/qingdaohf.com\/tr\/wp-json\/wp\/v2\/product_tag?post=3772"}],"curies":[{"name":"wp","href":"https:\/\/api.w.org\/{rel}","templated":true}]}}