{"id":3812,"date":"2023-05-19T16:11:27","date_gmt":"2023-05-19T08:11:27","guid":{"rendered":"http:\/\/qingdaohf.com\/?post_type=product&#038;p=3812"},"modified":"2025-11-13T09:05:11","modified_gmt":"2025-11-13T01:05:11","slug":"g210-shackle","status":"publish","type":"product","link":"https:\/\/qingdaohf.com\/tr\/urun\/g210-kelepce\/","title":{"rendered":"G210 Galvanizli D Kelep\u00e7e"},"content":{"rendered":"<p><strong>1. Kalite G\u00fcvencesi:<\/strong> Beyan: G210 kelep\u00e7emizin ola\u011fan\u00fcst\u00fc kalitesinden emin olabilirsiniz. Bu \u00fcr\u00fcnleri d\u00fcnya \u00e7ap\u0131nda tan\u0131nan \u00fcreticilerden titizlikle temin ederek en y\u00fcksek end\u00fcstri standartlar\u0131na uygun olmalar\u0131n\u0131 sa\u011fl\u0131yoruz. Bu taahh\u00fcd\u00fcm\u00fcz\u00fc kan\u0131tlamak i\u00e7in, her bir kelep\u00e7enin kalitesini ve g\u00fcvenilirli\u011fini garanti eden ISO 9001:2015 gibi \u00f6zel kalite sertifikalar\u0131 sunuyoruz.<\/p>\n<p><strong>2. Rekabet\u00e7i Fiyatland\u0131rma:<\/strong> Beyanname: H&amp;F olarak, kaliteden \u00f6d\u00fcn vermeden uygun fiyat\u0131 yeniden tan\u0131ml\u0131yoruz. Kapsaml\u0131 a\u011f\u0131m\u0131z ve kolayla\u015ft\u0131r\u0131lm\u0131\u015f tedarik zincirimiz, G210 kelep\u00e7e i\u00e7in d\u00fcnya \u00e7ap\u0131nda en iyi toptan fiyatlar\u0131 sunmam\u0131z\u0131 sa\u011fl\u0131yor. Hacim gereksinimlerinizi g\u00f6r\u00fc\u015fmek ve b\u00fct\u00e7e k\u0131s\u0131tlamalar\u0131n\u0131za uygun ki\u015fiselle\u015ftirilmi\u015f fiyatland\u0131rma \u00e7\u00f6z\u00fcmlerinden yararlanmak i\u00e7in sat\u0131\u015f ekibimizle ileti\u015fime ge\u00e7in.<\/p>\n<p><strong>3. \u00d6zelle\u015ftirme ve Spesifikasyonlar:<\/strong> Beyanname: H&amp;F ile \u00f6zelle\u015ftirmenin t\u00fcm potansiyelini ortaya \u00e7\u0131kar\u0131n. Uygulamalar\u0131n\u0131z\u0131n benzersizli\u011fini anl\u0131yoruz ve G210 kelep\u00e7emiz tam spesifikasyonlar\u0131n\u0131z\u0131 kar\u015f\u0131layacak \u015fekilde uyarlanabilir. Deneyimli ekibimiz, boyutlardan malzeme bile\u015fimine kadar her bir kelep\u00e7enin farkl\u0131 gereksinimlerinize m\u00fckemmel \u015fekilde uymas\u0131n\u0131 sa\u011flar.<\/p>\n<p><strong>4. Spesifik Teslimat S\u00fcresi ve Lojistik:<\/strong> Beyan: Zaman \u00e7ok \u00f6nemlidir ve h\u0131zl\u0131 teslimata \u00f6ncelik veriyoruz. G210 kelep\u00e7emiz i\u00e7in teslim s\u00fcresi, sipari\u015f hacmine ve \u00f6zelle\u015ftirme taleplerine g\u00f6re sa\u011flanan belirli zaman \u00e7izelgeleri ile ihtiya\u00e7lar\u0131n\u0131za g\u00f6re hassas bir \u015fekilde ayarlanm\u0131\u015ft\u0131r. Etkin lojistik ekibimiz sorunsuz sevkiyat sa\u011flar ve ger\u00e7ek zamanl\u0131 takip bilgileri her zaman parmaklar\u0131n\u0131z\u0131n ucundad\u0131r.<\/p>\n<p><strong>5. Sat\u0131\u015f Sonras\u0131 Destek:<\/strong> Beyanname: Taahh\u00fcd\u00fcm\u00fcz sat\u0131n alma ile bitmez. H&amp;F, benzersiz sat\u0131\u015f sonras\u0131 destek sunarak \u00fcr\u00fcnlerimizin arkas\u0131nda kararl\u0131l\u0131kla durmaktad\u0131r. \u0130ster teknik yard\u0131ma, ister garanti kapsam\u0131na veya de\u011fi\u015ftirme hizmetlerine ihtiyac\u0131n\u0131z olsun, \u00f6zel ekibimiz endi\u015felerinizi gidermek ve memnuniyetinizi sa\u011flamak i\u00e7in buradad\u0131r.<\/p>\n<p><strong>6. \u00c7evre ve Uyum Standartlar\u0131:<\/strong> Beyanname: H&amp;F, \u00e7evre ve uyumluluk standartlar\u0131n\u0131 korumaktan gurur duyar. G210 kelep\u00e7emiz sadece k\u00fcresel end\u00fcstri kriterlerini kar\u015f\u0131lamakla kalmaz, ayn\u0131 zamanda a\u015far. \u00dcretim s\u00fcre\u00e7leri, kurumsal sorumluluk hedeflerinizle sorunsuz bir \u015fekilde uyum sa\u011flayan etik ve \u00e7evre dostu uygulamalara ba\u011fl\u0131d\u0131r.<\/p>\n<div class=\"ast-oembed-container\" style=\"height: 100%;\"><iframe title=\"H&amp;F G209 G210 Kelep\u00e7e Koleksiyonu\" width=\"500\" height=\"281\" src=\"https:\/\/www.youtube.com\/embed\/f5c-7zVpoOE?feature=oembed\" frameborder=\"0\" allow=\"accelerometer; autoplay; clipboard-write; encrypted-media; gyroscope; picture-in-picture; web-share\" referrerpolicy=\"strict-origin-when-cross-origin\" allowfullscreen><\/iframe><\/div>\n<p><strong>Galvanizli Dayan\u0131kl\u0131l\u0131k:<\/strong> G210 Kelep\u00e7e y\u00fcksek kaliteli \u00e7elikten \u00fcretilmi\u015f ve daha fazla dayan\u0131kl\u0131l\u0131k i\u00e7in galvanize edilmi\u015ftir. Bu koruyucu kaplama, kelep\u00e7eyi korozyona kar\u015f\u0131 g\u00fc\u00e7lendirerek \u00f6mr\u00fcn\u00fc uzatmakla kalmaz, ayn\u0131 zamanda deniz ve d\u0131\u015f mekan uygulamalar\u0131 da dahil olmak \u00fczere zorlu ortamlarda performans g\u00f6stermesini sa\u011flar.<\/p>\n<p><strong>Sa\u011flam Yap\u0131:<\/strong> A\u011f\u0131r y\u00fcklere dayanacak \u015fekilde tasarlanan G210 Kelep\u00e7e, sa\u011flam ve kompakt bir tasar\u0131ma sahiptir. Bu \u00f6zellik, \u00e7ok y\u00f6nl\u00fcl\u00fc\u011f\u00fcn\u00fc art\u0131rarak \u015fantiyelerden nakliye sahalar\u0131na kadar say\u0131s\u0131z senaryoda kullan\u0131lmas\u0131na olanak tan\u0131r.<\/p>\n<p><strong>Emniyet Pimi Mekanizmas\u0131:<\/strong> Bir emniyet pimi ile donat\u0131lm\u0131\u015f olan kelep\u00e7e, \u00e7al\u0131\u015fma s\u0131ras\u0131nda ek bir g\u00fcvenlik katman\u0131 sa\u011flar. Bu, y\u00fck\u00fcn g\u00fcvenli bir \u015fekilde sabitlenmesini sa\u011flayarak kazara \u00e7\u00f6z\u00fclme riskini en aza indirir ve g\u00fcvenli bir \u00e7al\u0131\u015fma ortam\u0131 sa\u011flar.<\/p>\n<p><strong>Uygulamalarda \u00c7ok Y\u00f6nl\u00fcl\u00fck:<\/strong> G210 Galvanizli Kelep\u00e7e, ister ekipman kald\u0131rma, ister kargoyu sabitleme veya kald\u0131rma ask\u0131lar\u0131n\u0131 ba\u011flama olsun, \u00e7e\u015fitli uygulamalarda m\u00fckemmeldir. \u00c7ok y\u00f6nl\u00fcl\u00fc\u011f\u00fc ve g\u00fcvenilirli\u011fi, tavizsiz performans gerektiren sekt\u00f6rler i\u00e7in vazge\u00e7ilmez bir ara\u00e7 olmas\u0131n\u0131 sa\u011flar.<\/p>\n<p><img fetchpriority=\"high\" decoding=\"async\" class=\"alignnone size-full wp-image-3813\" src=\"http:\/\/qingdaohf.com\/wp-content\/uploads\/2023\/05\/G209-G210-shackle.jpg\" alt=\"G209 G210 kelep\u00e7e\" width=\"1000\" height=\"1296\" srcset=\"https:\/\/qingdaohf.com\/wp-content\/uploads\/2023\/05\/G209-G210-shackle.jpg 1000w, https:\/\/qingdaohf.com\/wp-content\/uploads\/2023\/05\/G209-G210-shackle-231x300.jpg 231w, https:\/\/qingdaohf.com\/wp-content\/uploads\/2023\/05\/G209-G210-shackle-790x1024.jpg 790w, https:\/\/qingdaohf.com\/wp-content\/uploads\/2023\/05\/G209-G210-shackle-768x995.jpg 768w\" sizes=\"(max-width: 1000px) 100vw, 1000px\" \/><\/p>","protected":false},"excerpt":{"rendered":"<p>G210 kelep\u00e7eleri i\u00e7in g\u00fcvenilir orta\u011f\u0131n\u0131z Qingdao H&amp;F'ye ho\u015f geldiniz. Yirmi y\u0131l\u0131 a\u015fk\u0131n deneyime sahip bir kelep\u00e7e tedarik\u00e7isi olarak, kaliteli \u00fcr\u00fcnleri en iyi fiyatlarla sunmaktan gurur duyuyoruz. \u00d6zel gereksinimlerinizin kar\u015f\u0131lanmas\u0131n\u0131 sa\u011flayan bire bir yakla\u015f\u0131m\u0131m\u0131zla benzersiz m\u00fc\u015fteri hizmetlerini deneyimleyin. Onlarca y\u0131ll\u0131k sekt\u00f6r bilgisiyle \u00fcretilen G210 kelep\u00e7elerimiz sa\u011flam ve g\u00fcvenilir \u00e7\u00f6z\u00fcmler sunar. Bizi di\u011ferlerinden ay\u0131ran \u015fey, prangalar\u0131 tam ihtiya\u00e7lar\u0131n\u0131za g\u00f6re uyarlaman\u0131za olanak tan\u0131yan \u00f6zelle\u015ftirme se\u00e7ene\u011fidir. Uygun fiyat, kalite ve ki\u015fiselle\u015ftirilmi\u015f hizmetin bir araya geldi\u011fi kusursuz bir toptan sat\u0131\u015f deneyimi i\u00e7in Qingdao H&amp;F'yi se\u00e7in. Kelep\u00e7e ihtiya\u00e7lar\u0131n\u0131z\u0131 m\u00fckemmellik ve \u00f6zveri ile kar\u015f\u0131lamak i\u00e7in bize g\u00fcvenin.<\/p>","protected":false},"featured_media":6312,"comment_status":"open","ping_status":"closed","template":"","meta":{"site-sidebar-layout":"default","site-content-layout":"default","ast-site-content-layout":"default","site-content-style":"default","site-sidebar-style":"default","ast-global-header-display":"","ast-banner-title-visibility":"","ast-main-header-display":"","ast-hfb-above-header-display":"","ast-hfb-below-header-display":"","ast-hfb-mobile-header-display":"","site-post-title":"","ast-breadcrumbs-content":"","ast-featured-img":"","footer-sml-layout":"","theme-transparent-header-meta":"default","adv-header-id-meta":"","stick-header-meta":"default","header-above-stick-meta":"","header-main-stick-meta":"","header-below-stick-meta":"","astra-migrate-meta-layouts":"set","ast-page-background-enabled":"default","ast-page-background-meta":{"desktop":{"background-color":"","background-image":"","background-repeat":"repeat","background-position":"center center","background-size":"auto","background-attachment":"scroll","background-type":"","background-media":"","overlay-type":"","overlay-color":"","overlay-opacity":"","overlay-gradient":""},"tablet":{"background-color":"","background-image":"","background-repeat":"repeat","background-position":"center center","background-size":"auto","background-attachment":"scroll","background-type":"","background-media":"","overlay-type":"","overlay-color":"","overlay-opacity":"","overlay-gradient":""},"mobile":{"background-color":"","background-image":"","background-repeat":"repeat","background-position":"center center","background-size":"auto","background-attachment":"scroll","background-type":"","background-media":"","overlay-type":"","overlay-color":"","overlay-opacity":"","overlay-gradient":""}},"ast-content-background-meta":{"desktop":{"background-color":"var(--ast-global-color-5)","background-image":"","background-repeat":"repeat","background-position":"center center","background-size":"auto","background-attachment":"scroll","background-type":"","background-media":"","overlay-type":"","overlay-color":"","overlay-opacity":"","overlay-gradient":""},"tablet":{"background-color":"var(--ast-global-color-5)","background-image":"","background-repeat":"repeat","background-position":"center center","background-size":"auto","background-attachment":"scroll","background-type":"","background-media":"","overlay-type":"","overlay-color":"","overlay-opacity":"","overlay-gradient":""},"mobile":{"background-color":"var(--ast-global-color-5)","background-image":"","background-repeat":"repeat","background-position":"center center","background-size":"auto","background-attachment":"scroll","background-type":"","background-media":"","overlay-type":"","overlay-color":"","overlay-opacity":"","overlay-gradient":""}}},"product_brand":[],"product_cat":[54],"product_tag":[],"class_list":{"0":"post-3812","1":"product","2":"type-product","3":"status-publish","4":"has-post-thumbnail","6":"product_cat-shackle","7":"desktop-align-left","8":"tablet-align-left","9":"mobile-align-left","10":"ast-product-gallery-layout-horizontal-slider","11":"ast-product-tabs-layout-horizontal","13":"first","14":"instock","15":"shipping-taxable","16":"purchasable","17":"product-type-simple"},"yoast_head":"<!-- This site is optimized with the Yoast SEO plugin v25.2 - https:\/\/yoast.com\/wordpress\/plugins\/seo\/ -->\n<title>G210 Galvanized D Shackle<\/title>\n<meta name=\"description\" content=\"The primary purpose of the G210 Galvanized Shackle is to facilitate secure connections in lifting and rigging operations.\" \/>\n<meta name=\"robots\" content=\"index, follow, max-snippet:-1, max-image-preview:large, max-video-preview:-1\" \/>\n<link rel=\"canonical\" href=\"https:\/\/qingdaohf.com\/tr\/urun\/g210-kelepce\/\" \/>\n<meta property=\"og:locale\" content=\"tr_TR\" \/>\n<meta property=\"og:type\" content=\"article\" \/>\n<meta property=\"og:title\" content=\"G210 Galvanized D Shackle\" \/>\n<meta property=\"og:description\" content=\"The primary purpose of the G210 Galvanized Shackle is to facilitate secure connections in lifting and rigging operations.\" \/>\n<meta property=\"og:url\" content=\"https:\/\/qingdaohf.com\/tr\/urun\/g210-kelepce\/\" \/>\n<meta property=\"og:site_name\" content=\"Concrete Form &amp; Rigging Hardware Supplier\" \/>\n<meta property=\"article:publisher\" content=\"https:\/\/www.facebook.com\/qingdaohf\" \/>\n<meta property=\"article:modified_time\" content=\"2025-11-13T01:05:11+00:00\" \/>\n<meta property=\"og:image\" content=\"https:\/\/qingdaohf.com\/wp-content\/uploads\/2023\/05\/210-shackle.jpg\" \/>\n\t<meta property=\"og:image:width\" content=\"900\" \/>\n\t<meta property=\"og:image:height\" content=\"900\" \/>\n\t<meta property=\"og:image:type\" content=\"image\/jpeg\" \/>\n<meta name=\"twitter:card\" content=\"summary_large_image\" \/>\n<meta name=\"twitter:label1\" content=\"Tahmini okuma s\u00fcresi\" \/>\n\t<meta name=\"twitter:data1\" content=\"3 dakika\" \/>\n<script type=\"application\/ld+json\" class=\"yoast-schema-graph\">{\"@context\":\"https:\/\/schema.org\",\"@graph\":[{\"@type\":\"WebPage\",\"@id\":\"https:\/\/qingdaohf.com\/product\/g210-shackle\/\",\"url\":\"https:\/\/qingdaohf.com\/product\/g210-shackle\/\",\"name\":\"G210 Galvanized D Shackle\",\"isPartOf\":{\"@id\":\"https:\/\/qingdaohf.com\/bg\/#website\"},\"primaryImageOfPage\":{\"@id\":\"https:\/\/qingdaohf.com\/product\/g210-shackle\/#primaryimage\"},\"image\":{\"@id\":\"https:\/\/qingdaohf.com\/product\/g210-shackle\/#primaryimage\"},\"thumbnailUrl\":\"https:\/\/qingdaohf.com\/wp-content\/uploads\/2023\/05\/210-shackle.jpg\",\"datePublished\":\"2023-05-19T08:11:27+00:00\",\"dateModified\":\"2025-11-13T01:05:11+00:00\",\"description\":\"The primary purpose of the G210 Galvanized Shackle is to facilitate secure connections in lifting and rigging operations.\",\"breadcrumb\":{\"@id\":\"https:\/\/qingdaohf.com\/product\/g210-shackle\/#breadcrumb\"},\"inLanguage\":\"tr\",\"potentialAction\":[{\"@type\":\"ReadAction\",\"target\":[\"https:\/\/qingdaohf.com\/product\/g210-shackle\/\"]}]},{\"@type\":\"ImageObject\",\"inLanguage\":\"tr\",\"@id\":\"https:\/\/qingdaohf.com\/product\/g210-shackle\/#primaryimage\",\"url\":\"https:\/\/qingdaohf.com\/wp-content\/uploads\/2023\/05\/210-shackle.jpg\",\"contentUrl\":\"https:\/\/qingdaohf.com\/wp-content\/uploads\/2023\/05\/210-shackle.jpg\",\"width\":900,\"height\":900,\"caption\":\"210 D shackle\"},{\"@type\":\"BreadcrumbList\",\"@id\":\"https:\/\/qingdaohf.com\/product\/g210-shackle\/#breadcrumb\",\"itemListElement\":[{\"@type\":\"ListItem\",\"position\":1,\"name\":\"Home\",\"item\":\"https:\/\/qingdaohf.com\/\"},{\"@type\":\"ListItem\",\"position\":2,\"name\":\"Concrete Forming Accessories and Rigging Hardware\",\"item\":\"https:\/\/qingdaohf.com\/bg\/?page_id=944\"},{\"@type\":\"ListItem\",\"position\":3,\"name\":\"G210 Galvanized D Shackle\"}]},{\"@type\":\"WebSite\",\"@id\":\"https:\/\/qingdaohf.com\/bg\/#website\",\"url\":\"https:\/\/qingdaohf.com\/bg\/\",\"name\":\"Concrete Form & Rigging Hardware Supplier\",\"description\":\"\",\"publisher\":{\"@id\":\"https:\/\/qingdaohf.com\/bg\/#organization\"},\"potentialAction\":[{\"@type\":\"SearchAction\",\"target\":{\"@type\":\"EntryPoint\",\"urlTemplate\":\"https:\/\/qingdaohf.com\/bg\/?s={search_term_string}\"},\"query-input\":{\"@type\":\"PropertyValueSpecification\",\"valueRequired\":true,\"valueName\":\"search_term_string\"}}],\"inLanguage\":\"tr\"},{\"@type\":\"Organization\",\"@id\":\"https:\/\/qingdaohf.com\/bg\/#organization\",\"name\":\"Qingdao H&F\",\"url\":\"https:\/\/qingdaohf.com\/bg\/\",\"logo\":{\"@type\":\"ImageObject\",\"inLanguage\":\"tr\",\"@id\":\"https:\/\/qingdaohf.com\/bg\/#\/schema\/logo\/image\/\",\"url\":\"https:\/\/qingdaohf.com\/wp-content\/uploads\/2022\/12\/cropped-HF-LOGO.png\",\"contentUrl\":\"https:\/\/qingdaohf.com\/wp-content\/uploads\/2022\/12\/cropped-HF-LOGO.png\",\"width\":391,\"height\":249,\"caption\":\"Qingdao H&F\"},\"image\":{\"@id\":\"https:\/\/qingdaohf.com\/bg\/#\/schema\/logo\/image\/\"},\"sameAs\":[\"https:\/\/www.facebook.com\/qingdaohf\"]}]}<\/script>\n<!-- \/ Yoast SEO plugin. -->","yoast_head_json":{"title":"G210 Galvanized D Shackle","description":"The primary purpose of the G210 Galvanized Shackle is to facilitate secure connections in lifting and rigging operations.","robots":{"index":"index","follow":"follow","max-snippet":"max-snippet:-1","max-image-preview":"max-image-preview:large","max-video-preview":"max-video-preview:-1"},"canonical":"https:\/\/qingdaohf.com\/tr\/urun\/g210-kelepce\/","og_locale":"tr_TR","og_type":"article","og_title":"G210 Galvanized D Shackle","og_description":"The primary purpose of the G210 Galvanized Shackle is to facilitate secure connections in lifting and rigging operations.","og_url":"https:\/\/qingdaohf.com\/tr\/urun\/g210-kelepce\/","og_site_name":"Concrete Form &amp; Rigging Hardware Supplier","article_publisher":"https:\/\/www.facebook.com\/qingdaohf","article_modified_time":"2025-11-13T01:05:11+00:00","og_image":[{"width":900,"height":900,"url":"https:\/\/qingdaohf.com\/wp-content\/uploads\/2023\/05\/210-shackle.jpg","type":"image\/jpeg"}],"twitter_card":"summary_large_image","twitter_misc":{"Tahmini okuma s\u00fcresi":"3 dakika"},"schema":{"@context":"https:\/\/schema.org","@graph":[{"@type":"WebPage","@id":"https:\/\/qingdaohf.com\/product\/g210-shackle\/","url":"https:\/\/qingdaohf.com\/product\/g210-shackle\/","name":"G210 Galvanized D Shackle","isPartOf":{"@id":"https:\/\/qingdaohf.com\/bg\/#website"},"primaryImageOfPage":{"@id":"https:\/\/qingdaohf.com\/product\/g210-shackle\/#primaryimage"},"image":{"@id":"https:\/\/qingdaohf.com\/product\/g210-shackle\/#primaryimage"},"thumbnailUrl":"https:\/\/qingdaohf.com\/wp-content\/uploads\/2023\/05\/210-shackle.jpg","datePublished":"2023-05-19T08:11:27+00:00","dateModified":"2025-11-13T01:05:11+00:00","description":"The primary purpose of the G210 Galvanized Shackle is to facilitate secure connections in lifting and rigging operations.","breadcrumb":{"@id":"https:\/\/qingdaohf.com\/product\/g210-shackle\/#breadcrumb"},"inLanguage":"tr","potentialAction":[{"@type":"ReadAction","target":["https:\/\/qingdaohf.com\/product\/g210-shackle\/"]}]},{"@type":"ImageObject","inLanguage":"tr","@id":"https:\/\/qingdaohf.com\/product\/g210-shackle\/#primaryimage","url":"https:\/\/qingdaohf.com\/wp-content\/uploads\/2023\/05\/210-shackle.jpg","contentUrl":"https:\/\/qingdaohf.com\/wp-content\/uploads\/2023\/05\/210-shackle.jpg","width":900,"height":900,"caption":"210 D shackle"},{"@type":"BreadcrumbList","@id":"https:\/\/qingdaohf.com\/product\/g210-shackle\/#breadcrumb","itemListElement":[{"@type":"ListItem","position":1,"name":"Home","item":"https:\/\/qingdaohf.com\/"},{"@type":"ListItem","position":2,"name":"Concrete Forming Accessories and Rigging Hardware","item":"https:\/\/qingdaohf.com\/bg\/?page_id=944"},{"@type":"ListItem","position":3,"name":"G210 Galvanized D Shackle"}]},{"@type":"WebSite","@id":"https:\/\/qingdaohf.com\/bg\/#website","url":"https:\/\/qingdaohf.com\/bg\/","name":"Concrete Form & Rigging Hardware Supplier","description":"","publisher":{"@id":"https:\/\/qingdaohf.com\/bg\/#organization"},"potentialAction":[{"@type":"SearchAction","target":{"@type":"EntryPoint","urlTemplate":"https:\/\/qingdaohf.com\/bg\/?s={search_term_string}"},"query-input":{"@type":"PropertyValueSpecification","valueRequired":true,"valueName":"search_term_string"}}],"inLanguage":"tr"},{"@type":"Organization","@id":"https:\/\/qingdaohf.com\/bg\/#organization","name":"Qingdao H&F","url":"https:\/\/qingdaohf.com\/bg\/","logo":{"@type":"ImageObject","inLanguage":"tr","@id":"https:\/\/qingdaohf.com\/bg\/#\/schema\/logo\/image\/","url":"https:\/\/qingdaohf.com\/wp-content\/uploads\/2022\/12\/cropped-HF-LOGO.png","contentUrl":"https:\/\/qingdaohf.com\/wp-content\/uploads\/2022\/12\/cropped-HF-LOGO.png","width":391,"height":249,"caption":"Qingdao H&F"},"image":{"@id":"https:\/\/qingdaohf.com\/bg\/#\/schema\/logo\/image\/"},"sameAs":["https:\/\/www.facebook.com\/qingdaohf"]}]}},"_links":{"self":[{"href":"https:\/\/qingdaohf.com\/tr\/wp-json\/wp\/v2\/product\/3812","targetHints":{"allow":["GET"]}}],"collection":[{"href":"https:\/\/qingdaohf.com\/tr\/wp-json\/wp\/v2\/product"}],"about":[{"href":"https:\/\/qingdaohf.com\/tr\/wp-json\/wp\/v2\/types\/product"}],"replies":[{"embeddable":true,"href":"https:\/\/qingdaohf.com\/tr\/wp-json\/wp\/v2\/comments?post=3812"}],"version-history":[{"count":9,"href":"https:\/\/qingdaohf.com\/tr\/wp-json\/wp\/v2\/product\/3812\/revisions"}],"predecessor-version":[{"id":6289,"href":"https:\/\/qingdaohf.com\/tr\/wp-json\/wp\/v2\/product\/3812\/revisions\/6289"}],"wp:featuredmedia":[{"embeddable":true,"href":"https:\/\/qingdaohf.com\/tr\/wp-json\/wp\/v2\/media\/6312"}],"wp:attachment":[{"href":"https:\/\/qingdaohf.com\/tr\/wp-json\/wp\/v2\/media?parent=3812"}],"wp:term":[{"taxonomy":"product_brand","embeddable":true,"href":"https:\/\/qingdaohf.com\/tr\/wp-json\/wp\/v2\/product_brand?post=3812"},{"taxonomy":"product_cat","embeddable":true,"href":"https:\/\/qingdaohf.com\/tr\/wp-json\/wp\/v2\/product_cat?post=3812"},{"taxonomy":"product_tag","embeddable":true,"href":"https:\/\/qingdaohf.com\/tr\/wp-json\/wp\/v2\/product_tag?post=3812"}],"curies":[{"name":"wp","href":"https:\/\/api.w.org\/{rel}","templated":true}]}}