{"id":3830,"date":"2023-05-19T16:48:13","date_gmt":"2023-05-19T08:48:13","guid":{"rendered":"http:\/\/qingdaohf.com\/?post_type=product&#038;p=3830"},"modified":"2025-11-13T09:05:11","modified_gmt":"2025-11-13T01:05:11","slug":"g2140-shackle","status":"publish","type":"product","link":"https:\/\/qingdaohf.com\/tr\/urun\/g2140-kelepce\/","title":{"rendered":"G2140 Galvanizli Kelep\u00e7e"},"content":{"rendered":"<p>Y\u00fcksek kaliteli \u00e7elikten imal edilen G2140 Galvanizli Kelep\u00e7e, korozyon direncini ve dayan\u0131kl\u0131l\u0131\u011f\u0131n\u0131 art\u0131rmak i\u00e7in galvanizleme i\u015fleminden ge\u00e7irilir. Galvanizleme, kelep\u00e7enin pas ve di\u011fer korozyon t\u00fcrlerine kar\u015f\u0131 m\u00fckemmel koruma sa\u011flayan bir \u00e7inko tabakas\u0131yla kaplanmas\u0131n\u0131 i\u00e7erir. Bu, kelep\u00e7eyi neme ve sert ko\u015fullara maruz kalman\u0131n yayg\u0131n oldu\u011fu d\u0131\u015f mekanlarda, denizcilikte ve a\u015f\u0131nd\u0131r\u0131c\u0131 ortamlarda kullan\u0131m i\u00e7in \u00e7ok uygun hale getirir.<\/p>\n<p>G2140 Galvanizli Kelep\u00e7e, g\u00fcvenli sabitleme i\u00e7in di\u015fli bir pim veya c\u0131vata ile yay \u015feklinde bir tasar\u0131ma sahiptir. Yay \u015fekli kald\u0131rma bile\u015fenlerinin kolayca tak\u0131l\u0131p \u00e7\u0131kar\u0131lmas\u0131n\u0131 sa\u011flarken, di\u015fli pim s\u0131k\u0131 ve g\u00fcvenilir bir kapatma sa\u011flayarak kald\u0131rma i\u015flemleri s\u0131ras\u0131nda g\u00fcvenli\u011fi en \u00fcst d\u00fczeye \u00e7\u0131kar\u0131r. Kelep\u00e7e tipik olarak \u00e7al\u0131\u015fma y\u00fck\u00fc limiti (WLL) ve do\u011fru ve g\u00fcvenli kullan\u0131m i\u00e7in di\u011fer ilgili \u00f6zelliklerle i\u015faretlenmi\u015ftir.<\/p>\n<p>\u00c7e\u015fitli boyut ve konfig\u00fcrasyonlarda mevcut olan G2140 Galvanizli Kelep\u00e7e, farkl\u0131 \u00e7al\u0131\u015fma y\u00fck\u00fc limitlerini kar\u015f\u0131layabilir ve \u00f6zel kald\u0131rma gereksinimleriniz i\u00e7in uygun kelep\u00e7eyi se\u00e7menize olanak tan\u0131r. Optimum performans ve g\u00fcvenli\u011fi sa\u011flamak i\u00e7in ama\u00e7lanan y\u00fcke ve uygulamaya g\u00f6re do\u011fru k\u00f6ste\u011fi se\u00e7mek \u00e7ok \u00f6nemlidir.<\/p>\n<p>Sa\u011flam yap\u0131s\u0131 ve galvaniz kaplamas\u0131yla G2140 Galvanizli Kelep\u00e7e, a\u011f\u0131r hizmet tipi donan\u0131m ve kald\u0131rma uygulamalar\u0131 i\u00e7in g\u00fcvenilir bir se\u00e7imdir. G\u00fcvenli ve dayan\u0131kl\u0131 bir ba\u011flant\u0131 sa\u011flar, bu da onu g\u00fc\u00e7 ve g\u00fcvenli\u011fin \u00e7ok \u00f6nemli oldu\u011fu \u00e7e\u015fitli sekt\u00f6rlerde g\u00fcvenilir bir bile\u015fen haline getirir.<\/p>\n<p><img fetchpriority=\"high\" decoding=\"async\" class=\"alignnone size-full wp-image-3833\" src=\"http:\/\/qingdaohf.com\/wp-content\/uploads\/2023\/05\/G2140.jpg\" alt=\"G2140 kelep\u00e7e\" width=\"1000\" height=\"1202\" srcset=\"https:\/\/qingdaohf.com\/wp-content\/uploads\/2023\/05\/G2140.jpg 1000w, https:\/\/qingdaohf.com\/wp-content\/uploads\/2023\/05\/G2140-250x300.jpg 250w, https:\/\/qingdaohf.com\/wp-content\/uploads\/2023\/05\/G2140-852x1024.jpg 852w, https:\/\/qingdaohf.com\/wp-content\/uploads\/2023\/05\/G2140-768x923.jpg 768w\" sizes=\"(max-width: 1000px) 100vw, 1000px\" \/><\/p>\n<p><img decoding=\"async\" class=\"alignnone size-full wp-image-3838\" src=\"http:\/\/qingdaohf.com\/wp-content\/uploads\/2023\/05\/G2140E.jpg\" alt=\"G2140E\" width=\"1000\" height=\"848\" srcset=\"https:\/\/qingdaohf.com\/wp-content\/uploads\/2023\/05\/G2140E.jpg 1000w, https:\/\/qingdaohf.com\/wp-content\/uploads\/2023\/05\/G2140E-300x254.jpg 300w, https:\/\/qingdaohf.com\/wp-content\/uploads\/2023\/05\/G2140E-768x651.jpg 768w\" sizes=\"(max-width: 1000px) 100vw, 1000px\" \/><\/p>","protected":false},"excerpt":{"rendered":"<p>G2140 Galvanizli Kelep\u00e7e, kald\u0131rma ve sabitleme i\u015flemlerinde yayg\u0131n olarak kullan\u0131lan a\u011f\u0131r hizmet tipi bir donan\u0131m bile\u015fenidir. Bu kelep\u00e7e, zincirler, tel halatlar ve sapanlar dahil olmak \u00fczere \u00e7e\u015fitli kald\u0131rma bile\u015fenleri aras\u0131nda g\u00fc\u00e7l\u00fc ve g\u00fcvenilir bir ba\u011flant\u0131 noktas\u0131 sa\u011flamak i\u00e7in tasarlanm\u0131\u015ft\u0131r.<\/p>\n<p>Ortak Model: 1021110<\/p>","protected":false},"featured_media":6330,"comment_status":"open","ping_status":"closed","template":"","meta":{"site-sidebar-layout":"default","site-content-layout":"default","ast-site-content-layout":"default","site-content-style":"default","site-sidebar-style":"default","ast-global-header-display":"","ast-banner-title-visibility":"","ast-main-header-display":"","ast-hfb-above-header-display":"","ast-hfb-below-header-display":"","ast-hfb-mobile-header-display":"","site-post-title":"","ast-breadcrumbs-content":"","ast-featured-img":"","footer-sml-layout":"","theme-transparent-header-meta":"default","adv-header-id-meta":"","stick-header-meta":"default","header-above-stick-meta":"","header-main-stick-meta":"","header-below-stick-meta":"","astra-migrate-meta-layouts":"set","ast-page-background-enabled":"default","ast-page-background-meta":{"desktop":{"background-color":"","background-image":"","background-repeat":"repeat","background-position":"center center","background-size":"auto","background-attachment":"scroll","background-type":"","background-media":"","overlay-type":"","overlay-color":"","overlay-opacity":"","overlay-gradient":""},"tablet":{"background-color":"","background-image":"","background-repeat":"repeat","background-position":"center center","background-size":"auto","background-attachment":"scroll","background-type":"","background-media":"","overlay-type":"","overlay-color":"","overlay-opacity":"","overlay-gradient":""},"mobile":{"background-color":"","background-image":"","background-repeat":"repeat","background-position":"center center","background-size":"auto","background-attachment":"scroll","background-type":"","background-media":"","overlay-type":"","overlay-color":"","overlay-opacity":"","overlay-gradient":""}},"ast-content-background-meta":{"desktop":{"background-color":"var(--ast-global-color-5)","background-image":"","background-repeat":"repeat","background-position":"center center","background-size":"auto","background-attachment":"scroll","background-type":"","background-media":"","overlay-type":"","overlay-color":"","overlay-opacity":"","overlay-gradient":""},"tablet":{"background-color":"var(--ast-global-color-5)","background-image":"","background-repeat":"repeat","background-position":"center center","background-size":"auto","background-attachment":"scroll","background-type":"","background-media":"","overlay-type":"","overlay-color":"","overlay-opacity":"","overlay-gradient":""},"mobile":{"background-color":"var(--ast-global-color-5)","background-image":"","background-repeat":"repeat","background-position":"center center","background-size":"auto","background-attachment":"scroll","background-type":"","background-media":"","overlay-type":"","overlay-color":"","overlay-opacity":"","overlay-gradient":""}}},"product_brand":[],"product_cat":[54],"product_tag":[],"class_list":{"0":"post-3830","1":"product","2":"type-product","3":"status-publish","4":"has-post-thumbnail","6":"product_cat-shackle","7":"desktop-align-left","8":"tablet-align-left","9":"mobile-align-left","10":"ast-product-gallery-layout-horizontal-slider","11":"ast-product-gallery-with-no-image","12":"ast-product-tabs-layout-horizontal","14":"first","15":"instock","16":"shipping-taxable","17":"purchasable","18":"product-type-simple"},"yoast_head":"<!-- This site is optimized with the Yoast SEO plugin v25.2 - https:\/\/yoast.com\/wordpress\/plugins\/seo\/ -->\n<title>G2140 Galvanized Shackle<\/title>\n<meta name=\"description\" content=\"The G2140 Galvanized Shackle is a heavy-duty rigging component commonly used in lifting and securing operations. This shackle is designed to provide a strong and reliable connection point between various lifting components, including chains, wire ropes, and slings.\" \/>\n<meta name=\"robots\" content=\"index, follow, max-snippet:-1, max-image-preview:large, max-video-preview:-1\" \/>\n<link rel=\"canonical\" href=\"https:\/\/qingdaohf.com\/tr\/urun\/g2140-kelepce\/\" \/>\n<meta property=\"og:locale\" content=\"tr_TR\" \/>\n<meta property=\"og:type\" content=\"article\" \/>\n<meta property=\"og:title\" content=\"G2140 Galvanized Shackle\" \/>\n<meta property=\"og:description\" content=\"The G2140 Galvanized Shackle is a heavy-duty rigging component commonly used in lifting and securing operations. This shackle is designed to provide a strong and reliable connection point between various lifting components, including chains, wire ropes, and slings.\" \/>\n<meta property=\"og:url\" content=\"https:\/\/qingdaohf.com\/tr\/urun\/g2140-kelepce\/\" \/>\n<meta property=\"og:site_name\" content=\"Concrete Form &amp; Rigging Hardware Supplier\" \/>\n<meta property=\"article:publisher\" content=\"https:\/\/www.facebook.com\/qingdaohf\" \/>\n<meta property=\"article:modified_time\" content=\"2025-11-13T01:05:11+00:00\" \/>\n<meta property=\"og:image\" content=\"https:\/\/qingdaohf.com\/wp-content\/uploads\/2023\/05\/G2140-SHACKLE-1.jpg\" \/>\n\t<meta property=\"og:image:width\" content=\"1000\" \/>\n\t<meta property=\"og:image:height\" content=\"1000\" \/>\n\t<meta property=\"og:image:type\" content=\"image\/jpeg\" \/>\n<meta name=\"twitter:card\" content=\"summary_large_image\" \/>\n<meta name=\"twitter:label1\" content=\"Tahmini okuma s\u00fcresi\" \/>\n\t<meta name=\"twitter:data1\" content=\"2 dakika\" \/>\n<script type=\"application\/ld+json\" class=\"yoast-schema-graph\">{\"@context\":\"https:\/\/schema.org\",\"@graph\":[{\"@type\":\"WebPage\",\"@id\":\"https:\/\/qingdaohf.com\/product\/g2140-shackle\/\",\"url\":\"https:\/\/qingdaohf.com\/product\/g2140-shackle\/\",\"name\":\"G2140 Galvanized Shackle\",\"isPartOf\":{\"@id\":\"https:\/\/qingdaohf.com\/bg\/#website\"},\"primaryImageOfPage\":{\"@id\":\"https:\/\/qingdaohf.com\/product\/g2140-shackle\/#primaryimage\"},\"image\":{\"@id\":\"https:\/\/qingdaohf.com\/product\/g2140-shackle\/#primaryimage\"},\"thumbnailUrl\":\"https:\/\/qingdaohf.com\/wp-content\/uploads\/2023\/05\/G2140-SHACKLE-1.jpg\",\"datePublished\":\"2023-05-19T08:48:13+00:00\",\"dateModified\":\"2025-11-13T01:05:11+00:00\",\"description\":\"The G2140 Galvanized Shackle is a heavy-duty rigging component commonly used in lifting and securing operations. This shackle is designed to provide a strong and reliable connection point between various lifting components, including chains, wire ropes, and slings.\",\"breadcrumb\":{\"@id\":\"https:\/\/qingdaohf.com\/product\/g2140-shackle\/#breadcrumb\"},\"inLanguage\":\"tr\",\"potentialAction\":[{\"@type\":\"ReadAction\",\"target\":[\"https:\/\/qingdaohf.com\/product\/g2140-shackle\/\"]}]},{\"@type\":\"ImageObject\",\"inLanguage\":\"tr\",\"@id\":\"https:\/\/qingdaohf.com\/product\/g2140-shackle\/#primaryimage\",\"url\":\"https:\/\/qingdaohf.com\/wp-content\/uploads\/2023\/05\/G2140-SHACKLE-1.jpg\",\"contentUrl\":\"https:\/\/qingdaohf.com\/wp-content\/uploads\/2023\/05\/G2140-SHACKLE-1.jpg\",\"width\":1000,\"height\":1000,\"caption\":\"G2140 SHACKLE\"},{\"@type\":\"BreadcrumbList\",\"@id\":\"https:\/\/qingdaohf.com\/product\/g2140-shackle\/#breadcrumb\",\"itemListElement\":[{\"@type\":\"ListItem\",\"position\":1,\"name\":\"Home\",\"item\":\"https:\/\/qingdaohf.com\/\"},{\"@type\":\"ListItem\",\"position\":2,\"name\":\"Concrete Forming Accessories and Rigging Hardware\",\"item\":\"https:\/\/qingdaohf.com\/bg\/?page_id=944\"},{\"@type\":\"ListItem\",\"position\":3,\"name\":\"G2140 Galvanized Shackle\"}]},{\"@type\":\"WebSite\",\"@id\":\"https:\/\/qingdaohf.com\/bg\/#website\",\"url\":\"https:\/\/qingdaohf.com\/bg\/\",\"name\":\"Concrete Form & Rigging Hardware Supplier\",\"description\":\"\",\"publisher\":{\"@id\":\"https:\/\/qingdaohf.com\/bg\/#organization\"},\"potentialAction\":[{\"@type\":\"SearchAction\",\"target\":{\"@type\":\"EntryPoint\",\"urlTemplate\":\"https:\/\/qingdaohf.com\/bg\/?s={search_term_string}\"},\"query-input\":{\"@type\":\"PropertyValueSpecification\",\"valueRequired\":true,\"valueName\":\"search_term_string\"}}],\"inLanguage\":\"tr\"},{\"@type\":\"Organization\",\"@id\":\"https:\/\/qingdaohf.com\/bg\/#organization\",\"name\":\"Qingdao H&F\",\"url\":\"https:\/\/qingdaohf.com\/bg\/\",\"logo\":{\"@type\":\"ImageObject\",\"inLanguage\":\"tr\",\"@id\":\"https:\/\/qingdaohf.com\/bg\/#\/schema\/logo\/image\/\",\"url\":\"https:\/\/qingdaohf.com\/wp-content\/uploads\/2022\/12\/cropped-HF-LOGO.png\",\"contentUrl\":\"https:\/\/qingdaohf.com\/wp-content\/uploads\/2022\/12\/cropped-HF-LOGO.png\",\"width\":391,\"height\":249,\"caption\":\"Qingdao H&F\"},\"image\":{\"@id\":\"https:\/\/qingdaohf.com\/bg\/#\/schema\/logo\/image\/\"},\"sameAs\":[\"https:\/\/www.facebook.com\/qingdaohf\"]}]}<\/script>\n<!-- \/ Yoast SEO plugin. -->","yoast_head_json":{"title":"G2140 Galvanized Shackle","description":"The G2140 Galvanized Shackle is a heavy-duty rigging component commonly used in lifting and securing operations. This shackle is designed to provide a strong and reliable connection point between various lifting components, including chains, wire ropes, and slings.","robots":{"index":"index","follow":"follow","max-snippet":"max-snippet:-1","max-image-preview":"max-image-preview:large","max-video-preview":"max-video-preview:-1"},"canonical":"https:\/\/qingdaohf.com\/tr\/urun\/g2140-kelepce\/","og_locale":"tr_TR","og_type":"article","og_title":"G2140 Galvanized Shackle","og_description":"The G2140 Galvanized Shackle is a heavy-duty rigging component commonly used in lifting and securing operations. This shackle is designed to provide a strong and reliable connection point between various lifting components, including chains, wire ropes, and slings.","og_url":"https:\/\/qingdaohf.com\/tr\/urun\/g2140-kelepce\/","og_site_name":"Concrete Form &amp; Rigging Hardware Supplier","article_publisher":"https:\/\/www.facebook.com\/qingdaohf","article_modified_time":"2025-11-13T01:05:11+00:00","og_image":[{"width":1000,"height":1000,"url":"https:\/\/qingdaohf.com\/wp-content\/uploads\/2023\/05\/G2140-SHACKLE-1.jpg","type":"image\/jpeg"}],"twitter_card":"summary_large_image","twitter_misc":{"Tahmini okuma s\u00fcresi":"2 dakika"},"schema":{"@context":"https:\/\/schema.org","@graph":[{"@type":"WebPage","@id":"https:\/\/qingdaohf.com\/product\/g2140-shackle\/","url":"https:\/\/qingdaohf.com\/product\/g2140-shackle\/","name":"G2140 Galvanized Shackle","isPartOf":{"@id":"https:\/\/qingdaohf.com\/bg\/#website"},"primaryImageOfPage":{"@id":"https:\/\/qingdaohf.com\/product\/g2140-shackle\/#primaryimage"},"image":{"@id":"https:\/\/qingdaohf.com\/product\/g2140-shackle\/#primaryimage"},"thumbnailUrl":"https:\/\/qingdaohf.com\/wp-content\/uploads\/2023\/05\/G2140-SHACKLE-1.jpg","datePublished":"2023-05-19T08:48:13+00:00","dateModified":"2025-11-13T01:05:11+00:00","description":"The G2140 Galvanized Shackle is a heavy-duty rigging component commonly used in lifting and securing operations. This shackle is designed to provide a strong and reliable connection point between various lifting components, including chains, wire ropes, and slings.","breadcrumb":{"@id":"https:\/\/qingdaohf.com\/product\/g2140-shackle\/#breadcrumb"},"inLanguage":"tr","potentialAction":[{"@type":"ReadAction","target":["https:\/\/qingdaohf.com\/product\/g2140-shackle\/"]}]},{"@type":"ImageObject","inLanguage":"tr","@id":"https:\/\/qingdaohf.com\/product\/g2140-shackle\/#primaryimage","url":"https:\/\/qingdaohf.com\/wp-content\/uploads\/2023\/05\/G2140-SHACKLE-1.jpg","contentUrl":"https:\/\/qingdaohf.com\/wp-content\/uploads\/2023\/05\/G2140-SHACKLE-1.jpg","width":1000,"height":1000,"caption":"G2140 SHACKLE"},{"@type":"BreadcrumbList","@id":"https:\/\/qingdaohf.com\/product\/g2140-shackle\/#breadcrumb","itemListElement":[{"@type":"ListItem","position":1,"name":"Home","item":"https:\/\/qingdaohf.com\/"},{"@type":"ListItem","position":2,"name":"Concrete Forming Accessories and Rigging Hardware","item":"https:\/\/qingdaohf.com\/bg\/?page_id=944"},{"@type":"ListItem","position":3,"name":"G2140 Galvanized Shackle"}]},{"@type":"WebSite","@id":"https:\/\/qingdaohf.com\/bg\/#website","url":"https:\/\/qingdaohf.com\/bg\/","name":"Concrete Form & Rigging Hardware Supplier","description":"","publisher":{"@id":"https:\/\/qingdaohf.com\/bg\/#organization"},"potentialAction":[{"@type":"SearchAction","target":{"@type":"EntryPoint","urlTemplate":"https:\/\/qingdaohf.com\/bg\/?s={search_term_string}"},"query-input":{"@type":"PropertyValueSpecification","valueRequired":true,"valueName":"search_term_string"}}],"inLanguage":"tr"},{"@type":"Organization","@id":"https:\/\/qingdaohf.com\/bg\/#organization","name":"Qingdao H&F","url":"https:\/\/qingdaohf.com\/bg\/","logo":{"@type":"ImageObject","inLanguage":"tr","@id":"https:\/\/qingdaohf.com\/bg\/#\/schema\/logo\/image\/","url":"https:\/\/qingdaohf.com\/wp-content\/uploads\/2022\/12\/cropped-HF-LOGO.png","contentUrl":"https:\/\/qingdaohf.com\/wp-content\/uploads\/2022\/12\/cropped-HF-LOGO.png","width":391,"height":249,"caption":"Qingdao H&F"},"image":{"@id":"https:\/\/qingdaohf.com\/bg\/#\/schema\/logo\/image\/"},"sameAs":["https:\/\/www.facebook.com\/qingdaohf"]}]}},"_links":{"self":[{"href":"https:\/\/qingdaohf.com\/tr\/wp-json\/wp\/v2\/product\/3830","targetHints":{"allow":["GET"]}}],"collection":[{"href":"https:\/\/qingdaohf.com\/tr\/wp-json\/wp\/v2\/product"}],"about":[{"href":"https:\/\/qingdaohf.com\/tr\/wp-json\/wp\/v2\/types\/product"}],"replies":[{"embeddable":true,"href":"https:\/\/qingdaohf.com\/tr\/wp-json\/wp\/v2\/comments?post=3830"}],"version-history":[{"count":4,"href":"https:\/\/qingdaohf.com\/tr\/wp-json\/wp\/v2\/product\/3830\/revisions"}],"predecessor-version":[{"id":6455,"href":"https:\/\/qingdaohf.com\/tr\/wp-json\/wp\/v2\/product\/3830\/revisions\/6455"}],"wp:featuredmedia":[{"embeddable":true,"href":"https:\/\/qingdaohf.com\/tr\/wp-json\/wp\/v2\/media\/6330"}],"wp:attachment":[{"href":"https:\/\/qingdaohf.com\/tr\/wp-json\/wp\/v2\/media?parent=3830"}],"wp:term":[{"taxonomy":"product_brand","embeddable":true,"href":"https:\/\/qingdaohf.com\/tr\/wp-json\/wp\/v2\/product_brand?post=3830"},{"taxonomy":"product_cat","embeddable":true,"href":"https:\/\/qingdaohf.com\/tr\/wp-json\/wp\/v2\/product_cat?post=3830"},{"taxonomy":"product_tag","embeddable":true,"href":"https:\/\/qingdaohf.com\/tr\/wp-json\/wp\/v2\/product_tag?post=3830"}],"curies":[{"name":"wp","href":"https:\/\/api.w.org\/{rel}","templated":true}]}}