{"id":3966,"date":"2023-05-24T17:30:12","date_gmt":"2023-05-24T09:30:12","guid":{"rendered":"http:\/\/qingdaohf.com\/?post_type=product&#038;p=3966"},"modified":"2025-11-13T09:05:10","modified_gmt":"2025-11-13T01:05:10","slug":"turnbuckle","status":"publish","type":"product","link":"https:\/\/qingdaohf.com\/tr\/urun\/turnbuckle\/","title":{"rendered":"M4-M20 Gerdirme Tedarik\u00e7isi"},"content":{"rendered":"<h3>Sars\u0131lmaz Kalite G\u00fcvencesi:<\/h3>\n<p>Paslanmaz \u00e7elik ve galvanizli gerdirmelerimiz her teslimattan \u00f6nce titiz kalite kontrol testlerinden ge\u00e7irilerek Amerikan standartlar\u0131n\u0131 kar\u015f\u0131lamalar\u0131 ve a\u015fmalar\u0131 sa\u011flan\u0131r.<br \/>\n\u0130\u00e7iniz rahat olsun, \u00fcr\u00fcnlerimiz uzun \u00f6m\u00fcrl\u00fc olacak \u015fekilde \u00fcretilmi\u015ftir ve ola\u011fan\u00fcst\u00fc dayan\u0131kl\u0131l\u0131k, g\u00fcvenilirlik ve korozyona kar\u015f\u0131 diren\u00e7 sunar.<\/p>\n<h3>Geni\u015f \u00dcr\u00fcn Yelpazesi:<\/h3>\n<p>\u00c7ok \u00e7e\u015fitli uygulamalara uyacak \u015fekilde \u00e7e\u015fitli boyutlarda, konfig\u00fcrasyonlarda ve y\u00fck kapasitelerinde mevcut olan kapsaml\u0131 gerdirme se\u00e7eneklerimizi ke\u015ffedin.<br \/>\n\u0130ster paslanmaz \u00e7elik ister galvanizli gerdirmelere ihtiyac\u0131n\u0131z olsun, proje ihtiya\u00e7lar\u0131n\u0131z i\u00e7in m\u00fckemmel \u00e7\u00f6z\u00fcme sahibiz.<\/p>\n<h3>Rekabet\u00e7i Fiyatland\u0131rma:<\/h3>\n<p>Kaliteden \u00f6d\u00fcn vermeden uygun maliyetli \u00e7\u00f6z\u00fcmler sunmaya inan\u0131yoruz. B\u00fct\u00e7enize uygun rekabet\u00e7i fiyatland\u0131rma ve toplu indirimlerden yararlan\u0131n.<br \/>\nVerimli tedarik zincirimiz ve kolayla\u015ft\u0131r\u0131lm\u0131\u015f s\u00fcre\u00e7lerimiz, \u00fcr\u00fcn m\u00fckemmelli\u011finden \u00f6d\u00fcn vermeden rekabet\u00e7i fiyatlar sunmam\u0131z\u0131 sa\u011fl\u0131yor.<\/p>\n<h3>Ola\u011fan\u00fcst\u00fc M\u00fc\u015fteri Deste\u011fi:<\/h3>\n<p>Kendini i\u015fine adam\u0131\u015f profesyonellerden olu\u015fan ekibimiz, sat\u0131n alma yolculu\u011funuzun her ad\u0131m\u0131nda ola\u011fan\u00fcst\u00fc m\u00fc\u015fteri deste\u011fi sa\u011flamay\u0131 taahh\u00fct eder.<br \/>\n\u00dcr\u00fcn sorgulamalar\u0131ndan sat\u0131\u015f sonras\u0131 yard\u0131ma kadar, sorular\u0131n\u0131z\u0131 ve endi\u015felerinizi h\u0131zl\u0131 ve verimli bir \u015fekilde ele almak i\u00e7in buraday\u0131z.<\/p>\n<h3>\u00d6zelle\u015ftirme Se\u00e7enekleri:<\/h3>\n<p>Her proje benzersizdir ve \u00f6zel gereksinimlerinizi kar\u015f\u0131lamak i\u00e7in \u00f6zelle\u015ftirme hizmetleri sunuyoruz.<br \/>\n\u0130ster \u00f6zel boyutlara, kaplamalara veya konfig\u00fcrasyonlara ihtiyac\u0131n\u0131z olsun, deneyimli ekibimiz ihtiya\u00e7lar\u0131n\u0131za tam olarak uyacak \u00f6zel \u00e7\u00f6z\u00fcmler sunabilir.<\/p>\n<h3>Zaman\u0131nda Teslimat:<\/h3>\n<p>Projelerinizin yolunda gitmesi i\u00e7in zaman\u0131nda teslimat\u0131n \u00f6nemini biliyoruz. Etkin lojistik ve g\u00fcvenilir nakliye ortaklar\u0131m\u0131zla, istedi\u011finiz yere h\u0131zl\u0131 teslimat sa\u011fl\u0131yoruz.<\/p>\n<div class=\"ast-oembed-container\" style=\"height: 100%;\"><iframe title=\"Toptan M20 Gerdirme\" width=\"500\" height=\"281\" src=\"https:\/\/www.youtube.com\/embed\/WmfKiab5nys?feature=oembed\" frameborder=\"0\" allow=\"accelerometer; autoplay; clipboard-write; encrypted-media; gyroscope; picture-in-picture; web-share\" referrerpolicy=\"strict-origin-when-cross-origin\" allowfullscreen><\/iframe><\/div>\n<h3>Gerdirme Tipi<\/h3>\n<h3><a href=\"https:\/\/qingdaohf.com\/tr\/urun\/kanca-kanca-gerdirme\/\">Kanca ve Kanca Gerdirme<\/a><\/h3>\n<p><a href=\"https:\/\/qingdaohf.com\/tr\/urun\/kanca-kanca-gerdirme\/\"><img fetchpriority=\"high\" decoding=\"async\" class=\"alignnone wp-image-3971\" src=\"http:\/\/qingdaohf.com\/wp-content\/uploads\/2023\/05\/HH.jpg\" alt=\"Kanca&amp;Kanca gerdirme\" width=\"500\" height=\"500\" srcset=\"https:\/\/qingdaohf.com\/wp-content\/uploads\/2023\/05\/HH.jpg 1000w, https:\/\/qingdaohf.com\/wp-content\/uploads\/2023\/05\/HH-300x300.jpg 300w, https:\/\/qingdaohf.com\/wp-content\/uploads\/2023\/05\/HH-150x150.jpg 150w, https:\/\/qingdaohf.com\/wp-content\/uploads\/2023\/05\/HH-768x768.jpg 768w, https:\/\/qingdaohf.com\/wp-content\/uploads\/2023\/05\/HH-500x500.jpg 500w, https:\/\/qingdaohf.com\/wp-content\/uploads\/2023\/05\/HH-100x100.jpg 100w\" sizes=\"(max-width: 500px) 100vw, 500px\" \/><\/a><\/p>\n<h3><a href=\"https:\/\/qingdaohf.com\/tr\/urun\/kanca-gozlu-turnbuckle\/\">Kanca ve G\u00f6z Gerdirme<\/a><\/h3>\n<p><a href=\"https:\/\/qingdaohf.com\/tr\/urun\/kanca-gozlu-turnbuckle\/\"><img decoding=\"async\" class=\"alignnone wp-image-3972\" src=\"http:\/\/qingdaohf.com\/wp-content\/uploads\/2023\/05\/turnbuckle-5.jpg\" alt=\"Kanca&amp;Kanca gerdirme\" width=\"500\" height=\"500\" srcset=\"https:\/\/qingdaohf.com\/wp-content\/uploads\/2023\/05\/turnbuckle-5.jpg 1000w, https:\/\/qingdaohf.com\/wp-content\/uploads\/2023\/05\/turnbuckle-5-300x300.jpg 300w, https:\/\/qingdaohf.com\/wp-content\/uploads\/2023\/05\/turnbuckle-5-150x150.jpg 150w, https:\/\/qingdaohf.com\/wp-content\/uploads\/2023\/05\/turnbuckle-5-768x768.jpg 768w, https:\/\/qingdaohf.com\/wp-content\/uploads\/2023\/05\/turnbuckle-5-500x500.jpg 500w, https:\/\/qingdaohf.com\/wp-content\/uploads\/2023\/05\/turnbuckle-5-100x100.jpg 100w\" sizes=\"(max-width: 500px) 100vw, 500px\" \/><\/a><\/p>\n<h3><a href=\"https:\/\/qingdaohf.com\/tr\/urun\/goz-goz-turnbuckle\/\">G\u00f6z ve G\u00f6z Gerdirme<\/a><\/h3>\n<p><a href=\"https:\/\/qingdaohf.com\/tr\/urun\/goz-goz-turnbuckle\/\"><img decoding=\"async\" class=\"alignnone wp-image-3973\" src=\"http:\/\/qingdaohf.com\/wp-content\/uploads\/2023\/05\/turnbuckle-41.jpg\" alt=\"G\u00f6z ve G\u00f6z Gerdirme\" width=\"500\" height=\"500\" srcset=\"https:\/\/qingdaohf.com\/wp-content\/uploads\/2023\/05\/turnbuckle-41.jpg 1000w, https:\/\/qingdaohf.com\/wp-content\/uploads\/2023\/05\/turnbuckle-41-300x300.jpg 300w, https:\/\/qingdaohf.com\/wp-content\/uploads\/2023\/05\/turnbuckle-41-150x150.jpg 150w, https:\/\/qingdaohf.com\/wp-content\/uploads\/2023\/05\/turnbuckle-41-768x768.jpg 768w, https:\/\/qingdaohf.com\/wp-content\/uploads\/2023\/05\/turnbuckle-41-500x500.jpg 500w, https:\/\/qingdaohf.com\/wp-content\/uploads\/2023\/05\/turnbuckle-41-100x100.jpg 100w\" sizes=\"(max-width: 500px) 100vw, 500px\" \/><\/a><\/p>\n<h3><a href=\"https:\/\/qingdaohf.com\/tr\/urun\/cene-gozu-gerdirmesi\/\">\u00c7ene ve G\u00f6z Gerdirme<\/a><\/h3>\n<p><a href=\"https:\/\/qingdaohf.com\/tr\/urun\/cene-gozu-gerdirmesi\/\"><img loading=\"lazy\" decoding=\"async\" class=\"alignnone wp-image-3974\" src=\"http:\/\/qingdaohf.com\/wp-content\/uploads\/2023\/05\/turnbuckle-1.jpg\" alt=\"JAW&amp;Eye Turnbuckle\" width=\"500\" height=\"500\" srcset=\"https:\/\/qingdaohf.com\/wp-content\/uploads\/2023\/05\/turnbuckle-1.jpg 1000w, https:\/\/qingdaohf.com\/wp-content\/uploads\/2023\/05\/turnbuckle-1-300x300.jpg 300w, https:\/\/qingdaohf.com\/wp-content\/uploads\/2023\/05\/turnbuckle-1-150x150.jpg 150w, https:\/\/qingdaohf.com\/wp-content\/uploads\/2023\/05\/turnbuckle-1-768x768.jpg 768w, https:\/\/qingdaohf.com\/wp-content\/uploads\/2023\/05\/turnbuckle-1-500x500.jpg 500w, https:\/\/qingdaohf.com\/wp-content\/uploads\/2023\/05\/turnbuckle-1-100x100.jpg 100w\" sizes=\"(max-width: 500px) 100vw, 500px\" \/><\/a><\/p>\n<h3><a href=\"https:\/\/qingdaohf.com\/tr\/urun\/cene-cene-gerdirme\/\">\u00c7ene ve \u00c7ene Gerdirme<\/a><\/h3>\n<p><a href=\"https:\/\/qingdaohf.com\/tr\/urun\/cene-cene-gerdirme\/\"><img loading=\"lazy\" decoding=\"async\" class=\"alignnone wp-image-3975\" src=\"http:\/\/qingdaohf.com\/wp-content\/uploads\/2023\/05\/turnbuckle-9.jpg\" alt=\"\u00c7ene ve \u00c7ene Gerdirme\" width=\"500\" height=\"500\" srcset=\"https:\/\/qingdaohf.com\/wp-content\/uploads\/2023\/05\/turnbuckle-9.jpg 1000w, https:\/\/qingdaohf.com\/wp-content\/uploads\/2023\/05\/turnbuckle-9-300x300.jpg 300w, https:\/\/qingdaohf.com\/wp-content\/uploads\/2023\/05\/turnbuckle-9-150x150.jpg 150w, https:\/\/qingdaohf.com\/wp-content\/uploads\/2023\/05\/turnbuckle-9-768x768.jpg 768w, https:\/\/qingdaohf.com\/wp-content\/uploads\/2023\/05\/turnbuckle-9-500x500.jpg 500w, https:\/\/qingdaohf.com\/wp-content\/uploads\/2023\/05\/turnbuckle-9-100x100.jpg 100w\" sizes=\"(max-width: 500px) 100vw, 500px\" \/><\/a><\/p>\n<p>&nbsp;<\/p>","protected":false},"excerpt":{"rendered":"<p>H&amp;F, ihtiya\u00e7lar\u0131n\u0131z\u0131 kar\u015f\u0131lamak i\u00e7in \u00f6zel olarak tasarlanm\u0131\u015f gerdirme \u00e7\u00f6z\u00fcmleri i\u00e7in \u00f6nde gelen adresiniz. Yirmi y\u0131l\u0131 a\u015fk\u0131n sekt\u00f6r uzmanl\u0131\u011f\u0131m\u0131zla kalite, g\u00fcvenilirlik ve zaman\u0131nda teslimat\u0131n kritik \u00f6neminin fark\u0131nday\u0131z.<\/p>","protected":false},"featured_media":3967,"comment_status":"open","ping_status":"closed","template":"","meta":{"site-sidebar-layout":"default","site-content-layout":"default","ast-site-content-layout":"default","site-content-style":"default","site-sidebar-style":"default","ast-global-header-display":"","ast-banner-title-visibility":"","ast-main-header-display":"","ast-hfb-above-header-display":"","ast-hfb-below-header-display":"","ast-hfb-mobile-header-display":"","site-post-title":"","ast-breadcrumbs-content":"","ast-featured-img":"","footer-sml-layout":"","theme-transparent-header-meta":"default","adv-header-id-meta":"","stick-header-meta":"default","header-above-stick-meta":"","header-main-stick-meta":"","header-below-stick-meta":"","astra-migrate-meta-layouts":"set","ast-page-background-enabled":"default","ast-page-background-meta":{"desktop":{"background-color":"","background-image":"","background-repeat":"repeat","background-position":"center center","background-size":"auto","background-attachment":"scroll","background-type":"","background-media":"","overlay-type":"","overlay-color":"","overlay-opacity":"","overlay-gradient":""},"tablet":{"background-color":"","background-image":"","background-repeat":"repeat","background-position":"center center","background-size":"auto","background-attachment":"scroll","background-type":"","background-media":"","overlay-type":"","overlay-color":"","overlay-opacity":"","overlay-gradient":""},"mobile":{"background-color":"","background-image":"","background-repeat":"repeat","background-position":"center center","background-size":"auto","background-attachment":"scroll","background-type":"","background-media":"","overlay-type":"","overlay-color":"","overlay-opacity":"","overlay-gradient":""}},"ast-content-background-meta":{"desktop":{"background-color":"var(--ast-global-color-5)","background-image":"","background-repeat":"repeat","background-position":"center center","background-size":"auto","background-attachment":"scroll","background-type":"","background-media":"","overlay-type":"","overlay-color":"","overlay-opacity":"","overlay-gradient":""},"tablet":{"background-color":"var(--ast-global-color-5)","background-image":"","background-repeat":"repeat","background-position":"center center","background-size":"auto","background-attachment":"scroll","background-type":"","background-media":"","overlay-type":"","overlay-color":"","overlay-opacity":"","overlay-gradient":""},"mobile":{"background-color":"var(--ast-global-color-5)","background-image":"","background-repeat":"repeat","background-position":"center center","background-size":"auto","background-attachment":"scroll","background-type":"","background-media":"","overlay-type":"","overlay-color":"","overlay-opacity":"","overlay-gradient":""}}},"product_brand":[],"product_cat":[56],"product_tag":[],"class_list":{"0":"post-3966","1":"product","2":"type-product","3":"status-publish","4":"has-post-thumbnail","6":"product_cat-turnbuckle","7":"desktop-align-left","8":"tablet-align-left","9":"mobile-align-left","10":"ast-product-gallery-layout-horizontal-slider","11":"ast-product-tabs-layout-horizontal","13":"first","14":"instock","15":"shipping-taxable","16":"purchasable","17":"product-type-simple"},"yoast_head":"<!-- This site is optimized with the Yoast SEO plugin v25.2 - https:\/\/yoast.com\/wordpress\/plugins\/seo\/ -->\n<title>M4-M20 Turnbuckle Supplier<\/title>\n<meta name=\"description\" content=\"A turnbuckle is a versatile mechanical device used to adjust the tension or length of ropes, cables, or rods in various applications.\" \/>\n<meta name=\"robots\" content=\"index, follow, max-snippet:-1, max-image-preview:large, max-video-preview:-1\" \/>\n<link rel=\"canonical\" href=\"https:\/\/qingdaohf.com\/tr\/urun\/turnbuckle\/\" \/>\n<meta property=\"og:locale\" content=\"tr_TR\" \/>\n<meta property=\"og:type\" content=\"article\" \/>\n<meta property=\"og:title\" content=\"M4-M20 Turnbuckle Supplier\" \/>\n<meta property=\"og:description\" content=\"A turnbuckle is a versatile mechanical device used to adjust the tension or length of ropes, cables, or rods in various applications.\" \/>\n<meta property=\"og:url\" content=\"https:\/\/qingdaohf.com\/tr\/urun\/turnbuckle\/\" \/>\n<meta property=\"og:site_name\" content=\"Concrete Form &amp; Rigging Hardware Supplier\" \/>\n<meta property=\"article:publisher\" content=\"https:\/\/www.facebook.com\/qingdaohf\" \/>\n<meta property=\"article:modified_time\" content=\"2025-11-13T01:05:10+00:00\" \/>\n<meta property=\"og:image\" content=\"https:\/\/qingdaohf.com\/wp-content\/uploads\/2023\/05\/turnbuckle-7.jpg\" \/>\n\t<meta property=\"og:image:width\" content=\"1000\" \/>\n\t<meta property=\"og:image:height\" content=\"1000\" \/>\n\t<meta property=\"og:image:type\" content=\"image\/jpeg\" \/>\n<meta name=\"twitter:card\" content=\"summary_large_image\" \/>\n<meta name=\"twitter:label1\" content=\"Tahmini okuma s\u00fcresi\" \/>\n\t<meta name=\"twitter:data1\" content=\"3 dakika\" \/>\n<script type=\"application\/ld+json\" class=\"yoast-schema-graph\">{\"@context\":\"https:\/\/schema.org\",\"@graph\":[{\"@type\":\"WebPage\",\"@id\":\"https:\/\/qingdaohf.com\/product\/turnbuckle\/\",\"url\":\"https:\/\/qingdaohf.com\/product\/turnbuckle\/\",\"name\":\"M4-M20 Turnbuckle Supplier\",\"isPartOf\":{\"@id\":\"https:\/\/qingdaohf.com\/bg\/#website\"},\"primaryImageOfPage\":{\"@id\":\"https:\/\/qingdaohf.com\/product\/turnbuckle\/#primaryimage\"},\"image\":{\"@id\":\"https:\/\/qingdaohf.com\/product\/turnbuckle\/#primaryimage\"},\"thumbnailUrl\":\"https:\/\/qingdaohf.com\/wp-content\/uploads\/2023\/05\/turnbuckle-7.jpg\",\"datePublished\":\"2023-05-24T09:30:12+00:00\",\"dateModified\":\"2025-11-13T01:05:10+00:00\",\"description\":\"A turnbuckle is a versatile mechanical device used to adjust the tension or length of ropes, cables, or rods in various applications.\",\"breadcrumb\":{\"@id\":\"https:\/\/qingdaohf.com\/product\/turnbuckle\/#breadcrumb\"},\"inLanguage\":\"tr\",\"potentialAction\":[{\"@type\":\"ReadAction\",\"target\":[\"https:\/\/qingdaohf.com\/product\/turnbuckle\/\"]}]},{\"@type\":\"ImageObject\",\"inLanguage\":\"tr\",\"@id\":\"https:\/\/qingdaohf.com\/product\/turnbuckle\/#primaryimage\",\"url\":\"https:\/\/qingdaohf.com\/wp-content\/uploads\/2023\/05\/turnbuckle-7.jpg\",\"contentUrl\":\"https:\/\/qingdaohf.com\/wp-content\/uploads\/2023\/05\/turnbuckle-7.jpg\",\"width\":1000,\"height\":1000,\"caption\":\"turnbuckle\"},{\"@type\":\"BreadcrumbList\",\"@id\":\"https:\/\/qingdaohf.com\/product\/turnbuckle\/#breadcrumb\",\"itemListElement\":[{\"@type\":\"ListItem\",\"position\":1,\"name\":\"Home\",\"item\":\"https:\/\/qingdaohf.com\/\"},{\"@type\":\"ListItem\",\"position\":2,\"name\":\"Concrete Forming Accessories and Rigging Hardware\",\"item\":\"https:\/\/qingdaohf.com\/bg\/?page_id=944\"},{\"@type\":\"ListItem\",\"position\":3,\"name\":\"M4-M20 Turnbuckle Supplier\"}]},{\"@type\":\"WebSite\",\"@id\":\"https:\/\/qingdaohf.com\/bg\/#website\",\"url\":\"https:\/\/qingdaohf.com\/bg\/\",\"name\":\"Concrete Form & Rigging Hardware Supplier\",\"description\":\"\",\"publisher\":{\"@id\":\"https:\/\/qingdaohf.com\/bg\/#organization\"},\"potentialAction\":[{\"@type\":\"SearchAction\",\"target\":{\"@type\":\"EntryPoint\",\"urlTemplate\":\"https:\/\/qingdaohf.com\/bg\/?s={search_term_string}\"},\"query-input\":{\"@type\":\"PropertyValueSpecification\",\"valueRequired\":true,\"valueName\":\"search_term_string\"}}],\"inLanguage\":\"tr\"},{\"@type\":\"Organization\",\"@id\":\"https:\/\/qingdaohf.com\/bg\/#organization\",\"name\":\"Qingdao H&F\",\"url\":\"https:\/\/qingdaohf.com\/bg\/\",\"logo\":{\"@type\":\"ImageObject\",\"inLanguage\":\"tr\",\"@id\":\"https:\/\/qingdaohf.com\/bg\/#\/schema\/logo\/image\/\",\"url\":\"https:\/\/qingdaohf.com\/wp-content\/uploads\/2022\/12\/cropped-HF-LOGO.png\",\"contentUrl\":\"https:\/\/qingdaohf.com\/wp-content\/uploads\/2022\/12\/cropped-HF-LOGO.png\",\"width\":391,\"height\":249,\"caption\":\"Qingdao H&F\"},\"image\":{\"@id\":\"https:\/\/qingdaohf.com\/bg\/#\/schema\/logo\/image\/\"},\"sameAs\":[\"https:\/\/www.facebook.com\/qingdaohf\"]}]}<\/script>\n<!-- \/ Yoast SEO plugin. -->","yoast_head_json":{"title":"M4-M20 Turnbuckle Supplier","description":"A turnbuckle is a versatile mechanical device used to adjust the tension or length of ropes, cables, or rods in various applications.","robots":{"index":"index","follow":"follow","max-snippet":"max-snippet:-1","max-image-preview":"max-image-preview:large","max-video-preview":"max-video-preview:-1"},"canonical":"https:\/\/qingdaohf.com\/tr\/urun\/turnbuckle\/","og_locale":"tr_TR","og_type":"article","og_title":"M4-M20 Turnbuckle Supplier","og_description":"A turnbuckle is a versatile mechanical device used to adjust the tension or length of ropes, cables, or rods in various applications.","og_url":"https:\/\/qingdaohf.com\/tr\/urun\/turnbuckle\/","og_site_name":"Concrete Form &amp; Rigging Hardware Supplier","article_publisher":"https:\/\/www.facebook.com\/qingdaohf","article_modified_time":"2025-11-13T01:05:10+00:00","og_image":[{"width":1000,"height":1000,"url":"https:\/\/qingdaohf.com\/wp-content\/uploads\/2023\/05\/turnbuckle-7.jpg","type":"image\/jpeg"}],"twitter_card":"summary_large_image","twitter_misc":{"Tahmini okuma s\u00fcresi":"3 dakika"},"schema":{"@context":"https:\/\/schema.org","@graph":[{"@type":"WebPage","@id":"https:\/\/qingdaohf.com\/product\/turnbuckle\/","url":"https:\/\/qingdaohf.com\/product\/turnbuckle\/","name":"M4-M20 Turnbuckle Supplier","isPartOf":{"@id":"https:\/\/qingdaohf.com\/bg\/#website"},"primaryImageOfPage":{"@id":"https:\/\/qingdaohf.com\/product\/turnbuckle\/#primaryimage"},"image":{"@id":"https:\/\/qingdaohf.com\/product\/turnbuckle\/#primaryimage"},"thumbnailUrl":"https:\/\/qingdaohf.com\/wp-content\/uploads\/2023\/05\/turnbuckle-7.jpg","datePublished":"2023-05-24T09:30:12+00:00","dateModified":"2025-11-13T01:05:10+00:00","description":"A turnbuckle is a versatile mechanical device used to adjust the tension or length of ropes, cables, or rods in various applications.","breadcrumb":{"@id":"https:\/\/qingdaohf.com\/product\/turnbuckle\/#breadcrumb"},"inLanguage":"tr","potentialAction":[{"@type":"ReadAction","target":["https:\/\/qingdaohf.com\/product\/turnbuckle\/"]}]},{"@type":"ImageObject","inLanguage":"tr","@id":"https:\/\/qingdaohf.com\/product\/turnbuckle\/#primaryimage","url":"https:\/\/qingdaohf.com\/wp-content\/uploads\/2023\/05\/turnbuckle-7.jpg","contentUrl":"https:\/\/qingdaohf.com\/wp-content\/uploads\/2023\/05\/turnbuckle-7.jpg","width":1000,"height":1000,"caption":"turnbuckle"},{"@type":"BreadcrumbList","@id":"https:\/\/qingdaohf.com\/product\/turnbuckle\/#breadcrumb","itemListElement":[{"@type":"ListItem","position":1,"name":"Home","item":"https:\/\/qingdaohf.com\/"},{"@type":"ListItem","position":2,"name":"Concrete Forming Accessories and Rigging Hardware","item":"https:\/\/qingdaohf.com\/bg\/?page_id=944"},{"@type":"ListItem","position":3,"name":"M4-M20 Turnbuckle Supplier"}]},{"@type":"WebSite","@id":"https:\/\/qingdaohf.com\/bg\/#website","url":"https:\/\/qingdaohf.com\/bg\/","name":"Concrete Form & Rigging Hardware Supplier","description":"","publisher":{"@id":"https:\/\/qingdaohf.com\/bg\/#organization"},"potentialAction":[{"@type":"SearchAction","target":{"@type":"EntryPoint","urlTemplate":"https:\/\/qingdaohf.com\/bg\/?s={search_term_string}"},"query-input":{"@type":"PropertyValueSpecification","valueRequired":true,"valueName":"search_term_string"}}],"inLanguage":"tr"},{"@type":"Organization","@id":"https:\/\/qingdaohf.com\/bg\/#organization","name":"Qingdao H&F","url":"https:\/\/qingdaohf.com\/bg\/","logo":{"@type":"ImageObject","inLanguage":"tr","@id":"https:\/\/qingdaohf.com\/bg\/#\/schema\/logo\/image\/","url":"https:\/\/qingdaohf.com\/wp-content\/uploads\/2022\/12\/cropped-HF-LOGO.png","contentUrl":"https:\/\/qingdaohf.com\/wp-content\/uploads\/2022\/12\/cropped-HF-LOGO.png","width":391,"height":249,"caption":"Qingdao H&F"},"image":{"@id":"https:\/\/qingdaohf.com\/bg\/#\/schema\/logo\/image\/"},"sameAs":["https:\/\/www.facebook.com\/qingdaohf"]}]}},"_links":{"self":[{"href":"https:\/\/qingdaohf.com\/tr\/wp-json\/wp\/v2\/product\/3966","targetHints":{"allow":["GET"]}}],"collection":[{"href":"https:\/\/qingdaohf.com\/tr\/wp-json\/wp\/v2\/product"}],"about":[{"href":"https:\/\/qingdaohf.com\/tr\/wp-json\/wp\/v2\/types\/product"}],"replies":[{"embeddable":true,"href":"https:\/\/qingdaohf.com\/tr\/wp-json\/wp\/v2\/comments?post=3966"}],"version-history":[{"count":7,"href":"https:\/\/qingdaohf.com\/tr\/wp-json\/wp\/v2\/product\/3966\/revisions"}],"predecessor-version":[{"id":6810,"href":"https:\/\/qingdaohf.com\/tr\/wp-json\/wp\/v2\/product\/3966\/revisions\/6810"}],"wp:featuredmedia":[{"embeddable":true,"href":"https:\/\/qingdaohf.com\/tr\/wp-json\/wp\/v2\/media\/3967"}],"wp:attachment":[{"href":"https:\/\/qingdaohf.com\/tr\/wp-json\/wp\/v2\/media?parent=3966"}],"wp:term":[{"taxonomy":"product_brand","embeddable":true,"href":"https:\/\/qingdaohf.com\/tr\/wp-json\/wp\/v2\/product_brand?post=3966"},{"taxonomy":"product_cat","embeddable":true,"href":"https:\/\/qingdaohf.com\/tr\/wp-json\/wp\/v2\/product_cat?post=3966"},{"taxonomy":"product_tag","embeddable":true,"href":"https:\/\/qingdaohf.com\/tr\/wp-json\/wp\/v2\/product_tag?post=3966"}],"curies":[{"name":"wp","href":"https:\/\/api.w.org\/{rel}","templated":true}]}}