{"id":4001,"date":"2023-05-25T16:01:37","date_gmt":"2023-05-25T08:01:37","guid":{"rendered":"http:\/\/qingdaohf.com\/?post_type=product&#038;p=4001"},"modified":"2025-11-13T09:04:45","modified_gmt":"2025-11-13T01:04:45","slug":"eye-eye-turnbuckle","status":"publish","type":"product","link":"https:\/\/qingdaohf.com\/tr\/urun\/goz-goz-turnbuckle\/","title":{"rendered":"G\u00f6z ve G\u00f6z Gerdirme"},"content":{"rendered":"<p>G\u00f6z-G\u00f6z Gerdirme, i\u00e7 di\u015fleri ve her iki ucunda iki halkas\u0131 olan metal bir g\u00f6vdeden olu\u015fur. Halkalar halatlar\u0131, kablolar\u0131 veya di\u011fer ba\u011flant\u0131 noktalar\u0131n\u0131 bar\u0131nd\u0131ran ilmekler veya halkalar \u015feklindedir. \u0130\u00e7 di\u015fler, gerdirmenin g\u00f6vde d\u00f6nd\u00fcr\u00fclerek uzat\u0131lmas\u0131na veya geri \u00e7ekilmesine olanak tan\u0131yarak ba\u011fl\u0131 nesnelerin hassas bir \u015fekilde gerilmesini ve ayarlanmas\u0131n\u0131 sa\u011flar.<\/p>\n<p>G\u00f6z-G\u00f6z Gerdirmenin birincil i\u015flevi, iki ku\u015fg\u00f6z\u00fc ba\u011flant\u0131 noktas\u0131 aras\u0131nda gerilim olu\u015fturmak veya bir ba\u011flant\u0131n\u0131n uzunlu\u011funu ayarlamakt\u0131r. Gerdirme gergisinin g\u00f6vdesi d\u00f6nd\u00fcr\u00fcld\u00fc\u011f\u00fcnde, di\u015fli u\u00e7lar z\u0131t y\u00f6nlerde hareket ederek halkalar aras\u0131ndaki mesafeyi etkili bir \u015fekilde art\u0131r\u0131r veya azalt\u0131r. Bu mekanizma, ba\u011fl\u0131 nesnelerin hassas bir \u015fekilde gerilmesini ve ayarlanmas\u0131n\u0131 sa\u011flar.<\/p>\n<p>Eye-Eye Gerdirme'nin yap\u0131s\u0131nda g\u00fc\u00e7, dayan\u0131kl\u0131l\u0131k ve korozyona kar\u015f\u0131 diren\u00e7 sa\u011flamak i\u00e7in tipik olarak \u00e7elik veya paslanmaz \u00e7elik gibi dayan\u0131kl\u0131 malzemeler kullan\u0131l\u0131r. Farkl\u0131 uygulamalar\u0131 ve gereksinimleri kar\u015f\u0131lamak i\u00e7in \u00e7e\u015fitli boyutlarda ve a\u011f\u0131rl\u0131k kapasitelerinde mevcuttur.<\/p>\n<p><img fetchpriority=\"high\" decoding=\"async\" class=\"alignnone size-full wp-image-4577\" src=\"http:\/\/qingdaohf.com\/wp-content\/uploads\/2023\/05\/eye.webp\" alt=\"g\u00f6z ve g\u00f6z gerdirme\" width=\"1000\" height=\"1238\" srcset=\"https:\/\/qingdaohf.com\/wp-content\/uploads\/2023\/05\/eye.webp 1000w, https:\/\/qingdaohf.com\/wp-content\/uploads\/2023\/05\/eye-242x300.webp 242w, https:\/\/qingdaohf.com\/wp-content\/uploads\/2023\/05\/eye-827x1024.webp 827w, https:\/\/qingdaohf.com\/wp-content\/uploads\/2023\/05\/eye-768x951.webp 768w\" sizes=\"(max-width: 1000px) 100vw, 1000px\" \/><\/p>","protected":false},"excerpt":{"rendered":"<p>G\u00f6z-G\u00f6z Gerdirme, iki nesnenin gerdirilmesini, ayarlanmas\u0131n\u0131 veya ku\u015fg\u00f6z\u00fc ba\u011flant\u0131 noktalar\u0131yla ba\u011flanmas\u0131n\u0131 gerektiren uygulamalarda yayg\u0131n olarak kullan\u0131lan \u00e7ok y\u00f6nl\u00fc bir donan\u0131m bile\u015fenidir. Ba\u011flant\u0131n\u0131n uzat\u0131lmas\u0131na veya k\u0131salt\u0131lmas\u0131na izin verirken g\u00fcvenli ve ayarlanabilir bir ba\u011flant\u0131 sa\u011flar.<\/p>","protected":false},"featured_media":4002,"comment_status":"open","ping_status":"closed","template":"","meta":{"site-sidebar-layout":"default","site-content-layout":"default","ast-site-content-layout":"default","site-content-style":"default","site-sidebar-style":"default","ast-global-header-display":"","ast-banner-title-visibility":"","ast-main-header-display":"","ast-hfb-above-header-display":"","ast-hfb-below-header-display":"","ast-hfb-mobile-header-display":"","site-post-title":"","ast-breadcrumbs-content":"","ast-featured-img":"","footer-sml-layout":"","theme-transparent-header-meta":"default","adv-header-id-meta":"","stick-header-meta":"default","header-above-stick-meta":"","header-main-stick-meta":"","header-below-stick-meta":"","astra-migrate-meta-layouts":"set","ast-page-background-enabled":"default","ast-page-background-meta":{"desktop":{"background-color":"","background-image":"","background-repeat":"repeat","background-position":"center center","background-size":"auto","background-attachment":"scroll","background-type":"","background-media":"","overlay-type":"","overlay-color":"","overlay-opacity":"","overlay-gradient":""},"tablet":{"background-color":"","background-image":"","background-repeat":"repeat","background-position":"center center","background-size":"auto","background-attachment":"scroll","background-type":"","background-media":"","overlay-type":"","overlay-color":"","overlay-opacity":"","overlay-gradient":""},"mobile":{"background-color":"","background-image":"","background-repeat":"repeat","background-position":"center center","background-size":"auto","background-attachment":"scroll","background-type":"","background-media":"","overlay-type":"","overlay-color":"","overlay-opacity":"","overlay-gradient":""}},"ast-content-background-meta":{"desktop":{"background-color":"var(--ast-global-color-5)","background-image":"","background-repeat":"repeat","background-position":"center center","background-size":"auto","background-attachment":"scroll","background-type":"","background-media":"","overlay-type":"","overlay-color":"","overlay-opacity":"","overlay-gradient":""},"tablet":{"background-color":"var(--ast-global-color-5)","background-image":"","background-repeat":"repeat","background-position":"center center","background-size":"auto","background-attachment":"scroll","background-type":"","background-media":"","overlay-type":"","overlay-color":"","overlay-opacity":"","overlay-gradient":""},"mobile":{"background-color":"var(--ast-global-color-5)","background-image":"","background-repeat":"repeat","background-position":"center center","background-size":"auto","background-attachment":"scroll","background-type":"","background-media":"","overlay-type":"","overlay-color":"","overlay-opacity":"","overlay-gradient":""}}},"product_brand":[],"product_cat":[56],"product_tag":[],"class_list":{"0":"post-4001","1":"product","2":"type-product","3":"status-publish","4":"has-post-thumbnail","6":"product_cat-turnbuckle","7":"desktop-align-left","8":"tablet-align-left","9":"mobile-align-left","10":"ast-product-gallery-layout-horizontal-slider","11":"ast-product-gallery-with-no-image","12":"ast-product-tabs-layout-horizontal","14":"first","15":"instock","16":"shipping-taxable","17":"purchasable","18":"product-type-simple"},"yoast_head":"<!-- This site is optimized with the Yoast SEO plugin v25.2 - https:\/\/yoast.com\/wordpress\/plugins\/seo\/ -->\n<title>Eye &amp; Eye Turnbuckle<\/title>\n<meta name=\"description\" content=\"The Eye-Eye Turnbuckle is a versatile hardware component commonly used in applications that require tensioning, adjusting, or connecting two objects with eyelet attachment points.\" \/>\n<meta name=\"robots\" content=\"index, follow, max-snippet:-1, max-image-preview:large, max-video-preview:-1\" \/>\n<link rel=\"canonical\" href=\"https:\/\/qingdaohf.com\/tr\/urun\/goz-goz-turnbuckle\/\" \/>\n<meta property=\"og:locale\" content=\"tr_TR\" \/>\n<meta property=\"og:type\" content=\"article\" \/>\n<meta property=\"og:title\" content=\"Eye &amp; Eye Turnbuckle\" \/>\n<meta property=\"og:description\" content=\"The Eye-Eye Turnbuckle is a versatile hardware component commonly used in applications that require tensioning, adjusting, or connecting two objects with eyelet attachment points.\" \/>\n<meta property=\"og:url\" content=\"https:\/\/qingdaohf.com\/tr\/urun\/goz-goz-turnbuckle\/\" \/>\n<meta property=\"og:site_name\" content=\"Concrete Form &amp; Rigging Hardware Supplier\" \/>\n<meta property=\"article:publisher\" content=\"https:\/\/www.facebook.com\/qingdaohf\" \/>\n<meta property=\"article:modified_time\" content=\"2025-11-13T01:04:45+00:00\" \/>\n<meta property=\"og:image\" content=\"https:\/\/qingdaohf.com\/wp-content\/uploads\/2023\/05\/1-1-1.jpg\" \/>\n\t<meta property=\"og:image:width\" content=\"1000\" \/>\n\t<meta property=\"og:image:height\" content=\"1000\" \/>\n\t<meta property=\"og:image:type\" content=\"image\/jpeg\" \/>\n<meta name=\"twitter:card\" content=\"summary_large_image\" \/>\n<meta name=\"twitter:label1\" content=\"Tahmini okuma s\u00fcresi\" \/>\n\t<meta name=\"twitter:data1\" content=\"2 dakika\" \/>\n<script type=\"application\/ld+json\" class=\"yoast-schema-graph\">{\"@context\":\"https:\/\/schema.org\",\"@graph\":[{\"@type\":\"WebPage\",\"@id\":\"https:\/\/qingdaohf.com\/product\/eye-eye-turnbuckle\/\",\"url\":\"https:\/\/qingdaohf.com\/product\/eye-eye-turnbuckle\/\",\"name\":\"Eye & Eye Turnbuckle\",\"isPartOf\":{\"@id\":\"https:\/\/qingdaohf.com\/bg\/#website\"},\"primaryImageOfPage\":{\"@id\":\"https:\/\/qingdaohf.com\/product\/eye-eye-turnbuckle\/#primaryimage\"},\"image\":{\"@id\":\"https:\/\/qingdaohf.com\/product\/eye-eye-turnbuckle\/#primaryimage\"},\"thumbnailUrl\":\"https:\/\/qingdaohf.com\/wp-content\/uploads\/2023\/05\/1-1-1.jpg\",\"datePublished\":\"2023-05-25T08:01:37+00:00\",\"dateModified\":\"2025-11-13T01:04:45+00:00\",\"description\":\"The Eye-Eye Turnbuckle is a versatile hardware component commonly used in applications that require tensioning, adjusting, or connecting two objects with eyelet attachment points.\",\"breadcrumb\":{\"@id\":\"https:\/\/qingdaohf.com\/product\/eye-eye-turnbuckle\/#breadcrumb\"},\"inLanguage\":\"tr\",\"potentialAction\":[{\"@type\":\"ReadAction\",\"target\":[\"https:\/\/qingdaohf.com\/product\/eye-eye-turnbuckle\/\"]}]},{\"@type\":\"ImageObject\",\"inLanguage\":\"tr\",\"@id\":\"https:\/\/qingdaohf.com\/product\/eye-eye-turnbuckle\/#primaryimage\",\"url\":\"https:\/\/qingdaohf.com\/wp-content\/uploads\/2023\/05\/1-1-1.jpg\",\"contentUrl\":\"https:\/\/qingdaohf.com\/wp-content\/uploads\/2023\/05\/1-1-1.jpg\",\"width\":1000,\"height\":1000,\"caption\":\"turnbuckle\"},{\"@type\":\"BreadcrumbList\",\"@id\":\"https:\/\/qingdaohf.com\/product\/eye-eye-turnbuckle\/#breadcrumb\",\"itemListElement\":[{\"@type\":\"ListItem\",\"position\":1,\"name\":\"Home\",\"item\":\"https:\/\/qingdaohf.com\/\"},{\"@type\":\"ListItem\",\"position\":2,\"name\":\"Concrete Forming Accessories and Rigging Hardware\",\"item\":\"https:\/\/qingdaohf.com\/bg\/?page_id=944\"},{\"@type\":\"ListItem\",\"position\":3,\"name\":\"Eye &#038; Eye Turnbuckle\"}]},{\"@type\":\"WebSite\",\"@id\":\"https:\/\/qingdaohf.com\/bg\/#website\",\"url\":\"https:\/\/qingdaohf.com\/bg\/\",\"name\":\"Concrete Form & Rigging Hardware Supplier\",\"description\":\"\",\"publisher\":{\"@id\":\"https:\/\/qingdaohf.com\/bg\/#organization\"},\"potentialAction\":[{\"@type\":\"SearchAction\",\"target\":{\"@type\":\"EntryPoint\",\"urlTemplate\":\"https:\/\/qingdaohf.com\/bg\/?s={search_term_string}\"},\"query-input\":{\"@type\":\"PropertyValueSpecification\",\"valueRequired\":true,\"valueName\":\"search_term_string\"}}],\"inLanguage\":\"tr\"},{\"@type\":\"Organization\",\"@id\":\"https:\/\/qingdaohf.com\/bg\/#organization\",\"name\":\"Qingdao H&F\",\"url\":\"https:\/\/qingdaohf.com\/bg\/\",\"logo\":{\"@type\":\"ImageObject\",\"inLanguage\":\"tr\",\"@id\":\"https:\/\/qingdaohf.com\/bg\/#\/schema\/logo\/image\/\",\"url\":\"https:\/\/qingdaohf.com\/wp-content\/uploads\/2022\/12\/cropped-HF-LOGO.png\",\"contentUrl\":\"https:\/\/qingdaohf.com\/wp-content\/uploads\/2022\/12\/cropped-HF-LOGO.png\",\"width\":391,\"height\":249,\"caption\":\"Qingdao H&F\"},\"image\":{\"@id\":\"https:\/\/qingdaohf.com\/bg\/#\/schema\/logo\/image\/\"},\"sameAs\":[\"https:\/\/www.facebook.com\/qingdaohf\"]}]}<\/script>\n<!-- \/ Yoast SEO plugin. -->","yoast_head_json":{"title":"Eye & Eye Turnbuckle","description":"The Eye-Eye Turnbuckle is a versatile hardware component commonly used in applications that require tensioning, adjusting, or connecting two objects with eyelet attachment points.","robots":{"index":"index","follow":"follow","max-snippet":"max-snippet:-1","max-image-preview":"max-image-preview:large","max-video-preview":"max-video-preview:-1"},"canonical":"https:\/\/qingdaohf.com\/tr\/urun\/goz-goz-turnbuckle\/","og_locale":"tr_TR","og_type":"article","og_title":"Eye & Eye Turnbuckle","og_description":"The Eye-Eye Turnbuckle is a versatile hardware component commonly used in applications that require tensioning, adjusting, or connecting two objects with eyelet attachment points.","og_url":"https:\/\/qingdaohf.com\/tr\/urun\/goz-goz-turnbuckle\/","og_site_name":"Concrete Form &amp; Rigging Hardware Supplier","article_publisher":"https:\/\/www.facebook.com\/qingdaohf","article_modified_time":"2025-11-13T01:04:45+00:00","og_image":[{"width":1000,"height":1000,"url":"https:\/\/qingdaohf.com\/wp-content\/uploads\/2023\/05\/1-1-1.jpg","type":"image\/jpeg"}],"twitter_card":"summary_large_image","twitter_misc":{"Tahmini okuma s\u00fcresi":"2 dakika"},"schema":{"@context":"https:\/\/schema.org","@graph":[{"@type":"WebPage","@id":"https:\/\/qingdaohf.com\/product\/eye-eye-turnbuckle\/","url":"https:\/\/qingdaohf.com\/product\/eye-eye-turnbuckle\/","name":"Eye & Eye Turnbuckle","isPartOf":{"@id":"https:\/\/qingdaohf.com\/bg\/#website"},"primaryImageOfPage":{"@id":"https:\/\/qingdaohf.com\/product\/eye-eye-turnbuckle\/#primaryimage"},"image":{"@id":"https:\/\/qingdaohf.com\/product\/eye-eye-turnbuckle\/#primaryimage"},"thumbnailUrl":"https:\/\/qingdaohf.com\/wp-content\/uploads\/2023\/05\/1-1-1.jpg","datePublished":"2023-05-25T08:01:37+00:00","dateModified":"2025-11-13T01:04:45+00:00","description":"The Eye-Eye Turnbuckle is a versatile hardware component commonly used in applications that require tensioning, adjusting, or connecting two objects with eyelet attachment points.","breadcrumb":{"@id":"https:\/\/qingdaohf.com\/product\/eye-eye-turnbuckle\/#breadcrumb"},"inLanguage":"tr","potentialAction":[{"@type":"ReadAction","target":["https:\/\/qingdaohf.com\/product\/eye-eye-turnbuckle\/"]}]},{"@type":"ImageObject","inLanguage":"tr","@id":"https:\/\/qingdaohf.com\/product\/eye-eye-turnbuckle\/#primaryimage","url":"https:\/\/qingdaohf.com\/wp-content\/uploads\/2023\/05\/1-1-1.jpg","contentUrl":"https:\/\/qingdaohf.com\/wp-content\/uploads\/2023\/05\/1-1-1.jpg","width":1000,"height":1000,"caption":"turnbuckle"},{"@type":"BreadcrumbList","@id":"https:\/\/qingdaohf.com\/product\/eye-eye-turnbuckle\/#breadcrumb","itemListElement":[{"@type":"ListItem","position":1,"name":"Home","item":"https:\/\/qingdaohf.com\/"},{"@type":"ListItem","position":2,"name":"Concrete Forming Accessories and Rigging Hardware","item":"https:\/\/qingdaohf.com\/bg\/?page_id=944"},{"@type":"ListItem","position":3,"name":"Eye &#038; Eye Turnbuckle"}]},{"@type":"WebSite","@id":"https:\/\/qingdaohf.com\/bg\/#website","url":"https:\/\/qingdaohf.com\/bg\/","name":"Concrete Form & Rigging Hardware Supplier","description":"","publisher":{"@id":"https:\/\/qingdaohf.com\/bg\/#organization"},"potentialAction":[{"@type":"SearchAction","target":{"@type":"EntryPoint","urlTemplate":"https:\/\/qingdaohf.com\/bg\/?s={search_term_string}"},"query-input":{"@type":"PropertyValueSpecification","valueRequired":true,"valueName":"search_term_string"}}],"inLanguage":"tr"},{"@type":"Organization","@id":"https:\/\/qingdaohf.com\/bg\/#organization","name":"Qingdao H&F","url":"https:\/\/qingdaohf.com\/bg\/","logo":{"@type":"ImageObject","inLanguage":"tr","@id":"https:\/\/qingdaohf.com\/bg\/#\/schema\/logo\/image\/","url":"https:\/\/qingdaohf.com\/wp-content\/uploads\/2022\/12\/cropped-HF-LOGO.png","contentUrl":"https:\/\/qingdaohf.com\/wp-content\/uploads\/2022\/12\/cropped-HF-LOGO.png","width":391,"height":249,"caption":"Qingdao H&F"},"image":{"@id":"https:\/\/qingdaohf.com\/bg\/#\/schema\/logo\/image\/"},"sameAs":["https:\/\/www.facebook.com\/qingdaohf"]}]}},"_links":{"self":[{"href":"https:\/\/qingdaohf.com\/tr\/wp-json\/wp\/v2\/product\/4001","targetHints":{"allow":["GET"]}}],"collection":[{"href":"https:\/\/qingdaohf.com\/tr\/wp-json\/wp\/v2\/product"}],"about":[{"href":"https:\/\/qingdaohf.com\/tr\/wp-json\/wp\/v2\/types\/product"}],"replies":[{"embeddable":true,"href":"https:\/\/qingdaohf.com\/tr\/wp-json\/wp\/v2\/comments?post=4001"}],"version-history":[{"count":2,"href":"https:\/\/qingdaohf.com\/tr\/wp-json\/wp\/v2\/product\/4001\/revisions"}],"predecessor-version":[{"id":8698,"href":"https:\/\/qingdaohf.com\/tr\/wp-json\/wp\/v2\/product\/4001\/revisions\/8698"}],"wp:featuredmedia":[{"embeddable":true,"href":"https:\/\/qingdaohf.com\/tr\/wp-json\/wp\/v2\/media\/4002"}],"wp:attachment":[{"href":"https:\/\/qingdaohf.com\/tr\/wp-json\/wp\/v2\/media?parent=4001"}],"wp:term":[{"taxonomy":"product_brand","embeddable":true,"href":"https:\/\/qingdaohf.com\/tr\/wp-json\/wp\/v2\/product_brand?post=4001"},{"taxonomy":"product_cat","embeddable":true,"href":"https:\/\/qingdaohf.com\/tr\/wp-json\/wp\/v2\/product_cat?post=4001"},{"taxonomy":"product_tag","embeddable":true,"href":"https:\/\/qingdaohf.com\/tr\/wp-json\/wp\/v2\/product_tag?post=4001"}],"curies":[{"name":"wp","href":"https:\/\/api.w.org\/{rel}","templated":true}]}}