{"id":4057,"date":"2023-05-26T10:09:07","date_gmt":"2023-05-26T02:09:07","guid":{"rendered":"http:\/\/qingdaohf.com\/?post_type=product&#038;p=4057"},"modified":"2025-11-13T09:04:43","modified_gmt":"2025-11-13T01:04:43","slug":"pear-shaped-weldless-sling-link","status":"publish","type":"product","link":"https:\/\/qingdaohf.com\/tr\/urun\/armut-sekilli-kaynaksiz-aski-baglantisi\/","title":{"rendered":"Armut \u015eeklinde Kaynaks\u0131z Ask\u0131 Ba\u011flant\u0131s\u0131"},"content":{"rendered":"<p>Armut \u015eeklinde Kaynaks\u0131z Ask\u0131 Ba\u011flant\u0131s\u0131 tipik olarak y\u00fcksek mukavemetli ala\u015f\u0131ml\u0131 \u00e7elikten veya karbon \u00e7eli\u011finden yap\u0131l\u0131r, bu da dayan\u0131kl\u0131l\u0131\u011f\u0131n\u0131 ve y\u00fck ta\u015f\u0131ma kapasitesini garanti eder. Armut \u015feklindeki tasar\u0131m\u0131, g\u00fc\u00e7 ve \u00e7ok y\u00f6nl\u00fcl\u00fc\u011f\u00fc bir arada sunarak kolay ba\u011flant\u0131 ve g\u00fcvenli ba\u011flant\u0131 noktalar\u0131 sa\u011flar.<\/p>\n<p>Armut \u015eekilli Kaynaks\u0131z Sapan Ba\u011flant\u0131s\u0131n\u0131n dikkate de\u011fer bir \u00f6zelli\u011fi kaynaks\u0131z yap\u0131s\u0131d\u0131r. Kaynakl\u0131 ba\u011flant\u0131lara sahip olabilen geleneksel ana ba\u011flant\u0131lar\u0131n aksine, bu ask\u0131 ba\u011flant\u0131s\u0131 tek ve diki\u015fsiz bir par\u00e7a olarak \u00fcretilerek potansiyel zay\u0131f noktalar\u0131 ortadan kald\u0131r\u0131r ve genel g\u00fcc\u00fcn\u00fc ve g\u00fcvenilirli\u011fini art\u0131r\u0131r.<\/p>\n<p><img fetchpriority=\"high\" decoding=\"async\" class=\"alignnone size-full wp-image-4045\" src=\"http:\/\/qingdaohf.com\/wp-content\/uploads\/2023\/05\/weldless-link-6.jpg\" alt=\"kaynaks\u0131z ba\u011flant\u0131\" width=\"1000\" height=\"1347\" srcset=\"https:\/\/qingdaohf.com\/wp-content\/uploads\/2023\/05\/weldless-link-6.jpg 1000w, https:\/\/qingdaohf.com\/wp-content\/uploads\/2023\/05\/weldless-link-6-223x300.jpg 223w, https:\/\/qingdaohf.com\/wp-content\/uploads\/2023\/05\/weldless-link-6-760x1024.jpg 760w, https:\/\/qingdaohf.com\/wp-content\/uploads\/2023\/05\/weldless-link-6-768x1034.jpg 768w\" sizes=\"(max-width: 1000px) 100vw, 1000px\" \/><\/p>","protected":false},"excerpt":{"rendered":"<p>Armut \u015eeklinde Kaynaks\u0131z Ask\u0131 Ba\u011flant\u0131s\u0131, kald\u0131rma ve donan\u0131m uygulamalar\u0131nda sapanlar ve kald\u0131rma ekipmanlar\u0131 aras\u0131nda g\u00fcvenli ve g\u00fcvenilir bir ba\u011flant\u0131 noktas\u0131 olu\u015fturmak i\u00e7in kullan\u0131lan \u00f6zel bir bile\u015fendir. Sapanlar\u0131n, zincirlerin veya halatlar\u0131n ba\u011flanmas\u0131n\u0131 kolayla\u015ft\u0131rmak i\u00e7in tasarlanm\u0131\u015ft\u0131r ve \u00e7e\u015fitli kald\u0131rma i\u015flemleri i\u00e7in \u00e7ok y\u00f6nl\u00fc ve verimli bir \u00e7\u00f6z\u00fcm sa\u011flar.<\/p>","protected":false},"featured_media":4058,"comment_status":"open","ping_status":"closed","template":"","meta":{"site-sidebar-layout":"default","site-content-layout":"default","ast-site-content-layout":"default","site-content-style":"default","site-sidebar-style":"default","ast-global-header-display":"","ast-banner-title-visibility":"","ast-main-header-display":"","ast-hfb-above-header-display":"","ast-hfb-below-header-display":"","ast-hfb-mobile-header-display":"","site-post-title":"","ast-breadcrumbs-content":"","ast-featured-img":"","footer-sml-layout":"","theme-transparent-header-meta":"default","adv-header-id-meta":"","stick-header-meta":"default","header-above-stick-meta":"","header-main-stick-meta":"","header-below-stick-meta":"","astra-migrate-meta-layouts":"set","ast-page-background-enabled":"default","ast-page-background-meta":{"desktop":{"background-color":"","background-image":"","background-repeat":"repeat","background-position":"center center","background-size":"auto","background-attachment":"scroll","background-type":"","background-media":"","overlay-type":"","overlay-color":"","overlay-opacity":"","overlay-gradient":""},"tablet":{"background-color":"","background-image":"","background-repeat":"repeat","background-position":"center center","background-size":"auto","background-attachment":"scroll","background-type":"","background-media":"","overlay-type":"","overlay-color":"","overlay-opacity":"","overlay-gradient":""},"mobile":{"background-color":"","background-image":"","background-repeat":"repeat","background-position":"center center","background-size":"auto","background-attachment":"scroll","background-type":"","background-media":"","overlay-type":"","overlay-color":"","overlay-opacity":"","overlay-gradient":""}},"ast-content-background-meta":{"desktop":{"background-color":"var(--ast-global-color-5)","background-image":"","background-repeat":"repeat","background-position":"center center","background-size":"auto","background-attachment":"scroll","background-type":"","background-media":"","overlay-type":"","overlay-color":"","overlay-opacity":"","overlay-gradient":""},"tablet":{"background-color":"var(--ast-global-color-5)","background-image":"","background-repeat":"repeat","background-position":"center center","background-size":"auto","background-attachment":"scroll","background-type":"","background-media":"","overlay-type":"","overlay-color":"","overlay-opacity":"","overlay-gradient":""},"mobile":{"background-color":"var(--ast-global-color-5)","background-image":"","background-repeat":"repeat","background-position":"center center","background-size":"auto","background-attachment":"scroll","background-type":"","background-media":"","overlay-type":"","overlay-color":"","overlay-opacity":"","overlay-gradient":""}}},"product_brand":[],"product_cat":[43],"product_tag":[],"class_list":{"0":"post-4057","1":"product","2":"type-product","3":"status-publish","4":"has-post-thumbnail","6":"product_cat-rigging-hardware","7":"desktop-align-left","8":"tablet-align-left","9":"mobile-align-left","10":"ast-product-gallery-layout-horizontal-slider","11":"ast-product-tabs-layout-horizontal","13":"first","14":"instock","15":"shipping-taxable","16":"purchasable","17":"product-type-simple"},"yoast_head":"<!-- This site is optimized with the Yoast SEO plugin v25.2 - https:\/\/yoast.com\/wordpress\/plugins\/seo\/ -->\n<title>Pear Shaped Weldless Sling Link<\/title>\n<meta name=\"description\" content=\"The Pear Shaped Weldless Sling Link is a specialized component used in lifting and rigging applications to create a secure and reliable connection point between slings and lifting equipment.\" \/>\n<meta name=\"robots\" content=\"index, follow, max-snippet:-1, max-image-preview:large, max-video-preview:-1\" \/>\n<link rel=\"canonical\" href=\"https:\/\/qingdaohf.com\/tr\/urun\/armut-sekilli-kaynaksiz-aski-baglantisi\/\" \/>\n<meta property=\"og:locale\" content=\"tr_TR\" \/>\n<meta property=\"og:type\" content=\"article\" \/>\n<meta property=\"og:title\" content=\"Pear Shaped Weldless Sling Link\" \/>\n<meta property=\"og:description\" content=\"The Pear Shaped Weldless Sling Link is a specialized component used in lifting and rigging applications to create a secure and reliable connection point between slings and lifting equipment.\" \/>\n<meta property=\"og:url\" content=\"https:\/\/qingdaohf.com\/tr\/urun\/armut-sekilli-kaynaksiz-aski-baglantisi\/\" \/>\n<meta property=\"og:site_name\" content=\"Concrete Form &amp; Rigging Hardware Supplier\" \/>\n<meta property=\"article:publisher\" content=\"https:\/\/www.facebook.com\/qingdaohf\" \/>\n<meta property=\"article:modified_time\" content=\"2025-11-13T01:04:43+00:00\" \/>\n<meta property=\"og:image\" content=\"https:\/\/qingdaohf.com\/wp-content\/uploads\/2023\/05\/Pear-Shaped-Weldless-Sling-Link-15.jpg\" \/>\n\t<meta property=\"og:image:width\" content=\"1000\" \/>\n\t<meta property=\"og:image:height\" content=\"1000\" \/>\n\t<meta property=\"og:image:type\" content=\"image\/jpeg\" \/>\n<meta name=\"twitter:card\" content=\"summary_large_image\" \/>\n<meta name=\"twitter:label1\" content=\"Tahmini okuma s\u00fcresi\" \/>\n\t<meta name=\"twitter:data1\" content=\"1 dakika\" \/>\n<script type=\"application\/ld+json\" class=\"yoast-schema-graph\">{\"@context\":\"https:\/\/schema.org\",\"@graph\":[{\"@type\":\"WebPage\",\"@id\":\"https:\/\/qingdaohf.com\/product\/pear-shaped-weldless-sling-link\/\",\"url\":\"https:\/\/qingdaohf.com\/product\/pear-shaped-weldless-sling-link\/\",\"name\":\"Pear Shaped Weldless Sling Link\",\"isPartOf\":{\"@id\":\"https:\/\/qingdaohf.com\/bg\/#website\"},\"primaryImageOfPage\":{\"@id\":\"https:\/\/qingdaohf.com\/product\/pear-shaped-weldless-sling-link\/#primaryimage\"},\"image\":{\"@id\":\"https:\/\/qingdaohf.com\/product\/pear-shaped-weldless-sling-link\/#primaryimage\"},\"thumbnailUrl\":\"https:\/\/qingdaohf.com\/wp-content\/uploads\/2023\/05\/Pear-Shaped-Weldless-Sling-Link-15.jpg\",\"datePublished\":\"2023-05-26T02:09:07+00:00\",\"dateModified\":\"2025-11-13T01:04:43+00:00\",\"description\":\"The Pear Shaped Weldless Sling Link is a specialized component used in lifting and rigging applications to create a secure and reliable connection point between slings and lifting equipment.\",\"breadcrumb\":{\"@id\":\"https:\/\/qingdaohf.com\/product\/pear-shaped-weldless-sling-link\/#breadcrumb\"},\"inLanguage\":\"tr\",\"potentialAction\":[{\"@type\":\"ReadAction\",\"target\":[\"https:\/\/qingdaohf.com\/product\/pear-shaped-weldless-sling-link\/\"]}]},{\"@type\":\"ImageObject\",\"inLanguage\":\"tr\",\"@id\":\"https:\/\/qingdaohf.com\/product\/pear-shaped-weldless-sling-link\/#primaryimage\",\"url\":\"https:\/\/qingdaohf.com\/wp-content\/uploads\/2023\/05\/Pear-Shaped-Weldless-Sling-Link-15.jpg\",\"contentUrl\":\"https:\/\/qingdaohf.com\/wp-content\/uploads\/2023\/05\/Pear-Shaped-Weldless-Sling-Link-15.jpg\",\"width\":1000,\"height\":1000,\"caption\":\"Pear Shaped Weldless Sling Link (15)\"},{\"@type\":\"BreadcrumbList\",\"@id\":\"https:\/\/qingdaohf.com\/product\/pear-shaped-weldless-sling-link\/#breadcrumb\",\"itemListElement\":[{\"@type\":\"ListItem\",\"position\":1,\"name\":\"Home\",\"item\":\"https:\/\/qingdaohf.com\/\"},{\"@type\":\"ListItem\",\"position\":2,\"name\":\"Concrete Forming Accessories and Rigging Hardware\",\"item\":\"https:\/\/qingdaohf.com\/bg\/?page_id=944\"},{\"@type\":\"ListItem\",\"position\":3,\"name\":\"Pear Shaped Weldless Sling Link\"}]},{\"@type\":\"WebSite\",\"@id\":\"https:\/\/qingdaohf.com\/bg\/#website\",\"url\":\"https:\/\/qingdaohf.com\/bg\/\",\"name\":\"Concrete Form & Rigging Hardware Supplier\",\"description\":\"\",\"publisher\":{\"@id\":\"https:\/\/qingdaohf.com\/bg\/#organization\"},\"potentialAction\":[{\"@type\":\"SearchAction\",\"target\":{\"@type\":\"EntryPoint\",\"urlTemplate\":\"https:\/\/qingdaohf.com\/bg\/?s={search_term_string}\"},\"query-input\":{\"@type\":\"PropertyValueSpecification\",\"valueRequired\":true,\"valueName\":\"search_term_string\"}}],\"inLanguage\":\"tr\"},{\"@type\":\"Organization\",\"@id\":\"https:\/\/qingdaohf.com\/bg\/#organization\",\"name\":\"Qingdao H&F\",\"url\":\"https:\/\/qingdaohf.com\/bg\/\",\"logo\":{\"@type\":\"ImageObject\",\"inLanguage\":\"tr\",\"@id\":\"https:\/\/qingdaohf.com\/bg\/#\/schema\/logo\/image\/\",\"url\":\"https:\/\/qingdaohf.com\/wp-content\/uploads\/2022\/12\/cropped-HF-LOGO.png\",\"contentUrl\":\"https:\/\/qingdaohf.com\/wp-content\/uploads\/2022\/12\/cropped-HF-LOGO.png\",\"width\":391,\"height\":249,\"caption\":\"Qingdao H&F\"},\"image\":{\"@id\":\"https:\/\/qingdaohf.com\/bg\/#\/schema\/logo\/image\/\"},\"sameAs\":[\"https:\/\/www.facebook.com\/qingdaohf\"]}]}<\/script>\n<!-- \/ Yoast SEO plugin. -->","yoast_head_json":{"title":"Pear Shaped Weldless Sling Link","description":"The Pear Shaped Weldless Sling Link is a specialized component used in lifting and rigging applications to create a secure and reliable connection point between slings and lifting equipment.","robots":{"index":"index","follow":"follow","max-snippet":"max-snippet:-1","max-image-preview":"max-image-preview:large","max-video-preview":"max-video-preview:-1"},"canonical":"https:\/\/qingdaohf.com\/tr\/urun\/armut-sekilli-kaynaksiz-aski-baglantisi\/","og_locale":"tr_TR","og_type":"article","og_title":"Pear Shaped Weldless Sling Link","og_description":"The Pear Shaped Weldless Sling Link is a specialized component used in lifting and rigging applications to create a secure and reliable connection point between slings and lifting equipment.","og_url":"https:\/\/qingdaohf.com\/tr\/urun\/armut-sekilli-kaynaksiz-aski-baglantisi\/","og_site_name":"Concrete Form &amp; Rigging Hardware Supplier","article_publisher":"https:\/\/www.facebook.com\/qingdaohf","article_modified_time":"2025-11-13T01:04:43+00:00","og_image":[{"width":1000,"height":1000,"url":"https:\/\/qingdaohf.com\/wp-content\/uploads\/2023\/05\/Pear-Shaped-Weldless-Sling-Link-15.jpg","type":"image\/jpeg"}],"twitter_card":"summary_large_image","twitter_misc":{"Tahmini okuma s\u00fcresi":"1 dakika"},"schema":{"@context":"https:\/\/schema.org","@graph":[{"@type":"WebPage","@id":"https:\/\/qingdaohf.com\/product\/pear-shaped-weldless-sling-link\/","url":"https:\/\/qingdaohf.com\/product\/pear-shaped-weldless-sling-link\/","name":"Pear Shaped Weldless Sling Link","isPartOf":{"@id":"https:\/\/qingdaohf.com\/bg\/#website"},"primaryImageOfPage":{"@id":"https:\/\/qingdaohf.com\/product\/pear-shaped-weldless-sling-link\/#primaryimage"},"image":{"@id":"https:\/\/qingdaohf.com\/product\/pear-shaped-weldless-sling-link\/#primaryimage"},"thumbnailUrl":"https:\/\/qingdaohf.com\/wp-content\/uploads\/2023\/05\/Pear-Shaped-Weldless-Sling-Link-15.jpg","datePublished":"2023-05-26T02:09:07+00:00","dateModified":"2025-11-13T01:04:43+00:00","description":"The Pear Shaped Weldless Sling Link is a specialized component used in lifting and rigging applications to create a secure and reliable connection point between slings and lifting equipment.","breadcrumb":{"@id":"https:\/\/qingdaohf.com\/product\/pear-shaped-weldless-sling-link\/#breadcrumb"},"inLanguage":"tr","potentialAction":[{"@type":"ReadAction","target":["https:\/\/qingdaohf.com\/product\/pear-shaped-weldless-sling-link\/"]}]},{"@type":"ImageObject","inLanguage":"tr","@id":"https:\/\/qingdaohf.com\/product\/pear-shaped-weldless-sling-link\/#primaryimage","url":"https:\/\/qingdaohf.com\/wp-content\/uploads\/2023\/05\/Pear-Shaped-Weldless-Sling-Link-15.jpg","contentUrl":"https:\/\/qingdaohf.com\/wp-content\/uploads\/2023\/05\/Pear-Shaped-Weldless-Sling-Link-15.jpg","width":1000,"height":1000,"caption":"Pear Shaped Weldless Sling Link (15)"},{"@type":"BreadcrumbList","@id":"https:\/\/qingdaohf.com\/product\/pear-shaped-weldless-sling-link\/#breadcrumb","itemListElement":[{"@type":"ListItem","position":1,"name":"Home","item":"https:\/\/qingdaohf.com\/"},{"@type":"ListItem","position":2,"name":"Concrete Forming Accessories and Rigging Hardware","item":"https:\/\/qingdaohf.com\/bg\/?page_id=944"},{"@type":"ListItem","position":3,"name":"Pear Shaped Weldless Sling Link"}]},{"@type":"WebSite","@id":"https:\/\/qingdaohf.com\/bg\/#website","url":"https:\/\/qingdaohf.com\/bg\/","name":"Concrete Form & Rigging Hardware Supplier","description":"","publisher":{"@id":"https:\/\/qingdaohf.com\/bg\/#organization"},"potentialAction":[{"@type":"SearchAction","target":{"@type":"EntryPoint","urlTemplate":"https:\/\/qingdaohf.com\/bg\/?s={search_term_string}"},"query-input":{"@type":"PropertyValueSpecification","valueRequired":true,"valueName":"search_term_string"}}],"inLanguage":"tr"},{"@type":"Organization","@id":"https:\/\/qingdaohf.com\/bg\/#organization","name":"Qingdao H&F","url":"https:\/\/qingdaohf.com\/bg\/","logo":{"@type":"ImageObject","inLanguage":"tr","@id":"https:\/\/qingdaohf.com\/bg\/#\/schema\/logo\/image\/","url":"https:\/\/qingdaohf.com\/wp-content\/uploads\/2022\/12\/cropped-HF-LOGO.png","contentUrl":"https:\/\/qingdaohf.com\/wp-content\/uploads\/2022\/12\/cropped-HF-LOGO.png","width":391,"height":249,"caption":"Qingdao H&F"},"image":{"@id":"https:\/\/qingdaohf.com\/bg\/#\/schema\/logo\/image\/"},"sameAs":["https:\/\/www.facebook.com\/qingdaohf"]}]}},"_links":{"self":[{"href":"https:\/\/qingdaohf.com\/tr\/wp-json\/wp\/v2\/product\/4057","targetHints":{"allow":["GET"]}}],"collection":[{"href":"https:\/\/qingdaohf.com\/tr\/wp-json\/wp\/v2\/product"}],"about":[{"href":"https:\/\/qingdaohf.com\/tr\/wp-json\/wp\/v2\/types\/product"}],"replies":[{"embeddable":true,"href":"https:\/\/qingdaohf.com\/tr\/wp-json\/wp\/v2\/comments?post=4057"}],"version-history":[{"count":1,"href":"https:\/\/qingdaohf.com\/tr\/wp-json\/wp\/v2\/product\/4057\/revisions"}],"predecessor-version":[{"id":5912,"href":"https:\/\/qingdaohf.com\/tr\/wp-json\/wp\/v2\/product\/4057\/revisions\/5912"}],"wp:featuredmedia":[{"embeddable":true,"href":"https:\/\/qingdaohf.com\/tr\/wp-json\/wp\/v2\/media\/4058"}],"wp:attachment":[{"href":"https:\/\/qingdaohf.com\/tr\/wp-json\/wp\/v2\/media?parent=4057"}],"wp:term":[{"taxonomy":"product_brand","embeddable":true,"href":"https:\/\/qingdaohf.com\/tr\/wp-json\/wp\/v2\/product_brand?post=4057"},{"taxonomy":"product_cat","embeddable":true,"href":"https:\/\/qingdaohf.com\/tr\/wp-json\/wp\/v2\/product_cat?post=4057"},{"taxonomy":"product_tag","embeddable":true,"href":"https:\/\/qingdaohf.com\/tr\/wp-json\/wp\/v2\/product_tag?post=4057"}],"curies":[{"name":"wp","href":"https:\/\/api.w.org\/{rel}","templated":true}]}}