{"id":4078,"date":"2024-01-19T09:59:32","date_gmt":"2024-01-19T01:59:32","guid":{"rendered":"http:\/\/qingdaohf.com\/?post_type=product&#038;p=4078"},"modified":"2025-11-13T09:03:39","modified_gmt":"2025-11-13T01:03:39","slug":"fist-grip","status":"publish","type":"product","link":"https:\/\/qingdaohf.com\/tr\/urun\/yumruk-kavrama\/","title":{"rendered":"Yumruk Kavrama Kelep\u00e7eleri"},"content":{"rendered":"<p><img fetchpriority=\"high\" decoding=\"async\" class=\"alignnone size-full wp-image-6350\" src=\"http:\/\/qingdaohf.com\/wp-content\/uploads\/2023\/05\/fist-grip.jpg\" alt=\"\" width=\"302\" height=\"298\" srcset=\"https:\/\/qingdaohf.com\/wp-content\/uploads\/2023\/05\/fist-grip.jpg 302w, https:\/\/qingdaohf.com\/wp-content\/uploads\/2023\/05\/fist-grip-300x296.jpg 300w, https:\/\/qingdaohf.com\/wp-content\/uploads\/2023\/05\/fist-grip-100x100.jpg 100w\" sizes=\"(max-width: 302px) 100vw, 302px\" \/> <img decoding=\"async\" class=\"alignnone size-full wp-image-6351\" src=\"http:\/\/qingdaohf.com\/wp-content\/uploads\/2023\/05\/fist-grip-2.jpg\" alt=\"yumruk kavrama\" width=\"273\" height=\"186\" \/><\/p>\n<p><img decoding=\"async\" class=\"alignnone size-full wp-image-6606\" src=\"http:\/\/qingdaohf.com\/wp-content\/uploads\/2024\/01\/Fist-Grip-Clamps-1.png\" alt=\"Yumruk Kavrama Kelep\u00e7eleri\" width=\"1011\" height=\"276\" srcset=\"https:\/\/qingdaohf.com\/wp-content\/uploads\/2024\/01\/Fist-Grip-Clamps-1.png 1011w, https:\/\/qingdaohf.com\/wp-content\/uploads\/2024\/01\/Fist-Grip-Clamps-1-300x82.png 300w, https:\/\/qingdaohf.com\/wp-content\/uploads\/2024\/01\/Fist-Grip-Clamps-1-768x210.png 768w, https:\/\/qingdaohf.com\/wp-content\/uploads\/2024\/01\/Fist-Grip-Clamps-1-1000x273.png 1000w\" sizes=\"(max-width: 1011px) 100vw, 1011px\" \/><\/p>\n<p data-sourcepos=\"3:1-3:294\">Deneyimli bir tel halat ve tel halat klipsi tedarik\u00e7isi olarak H&amp;F, g\u00fcvenlik ve verimlili\u011fi sa\u011flamada g\u00fc\u00e7l\u00fc, g\u00fcvenilir ba\u011flant\u0131lar\u0131n kritik rol\u00fcn\u00fcn fark\u0131ndad\u0131r. Bu nedenle, arma oyununuzu yeni zirvelere ta\u015f\u0131mak i\u00e7in tasarlanm\u0131\u015f yeni nesil halat g\u00fcvenli\u011fi olan Fist Grips'i gururla sunuyoruz.<\/p>\n<p data-sourcepos=\"5:1-5:116\">Ancak Fist Grips'in g\u00fcc\u00fcne ge\u00e7meden \u00f6nce, bu g\u00fc\u00e7l\u00fc ekosistemdeki kilit oyuncularla sahneyi haz\u0131rlayal\u0131m:<\/p>\n<h3 data-sourcepos=\"7:1-7:222\"><strong>1. <a href=\"https:\/\/qingdaohf.com\/tr\/urun\/tel-halat\/\">Tel Halat<\/a>:<\/strong><\/h3>\n<p data-sourcepos=\"7:1-7:222\">Herhangi bir donan\u0131m sisteminin \u00e7ekirde\u011fi olan tel halat, zorlu kald\u0131rma, kald\u0131rma ve sabitleme uygulamalar\u0131 i\u00e7in ola\u011fan\u00fcst\u00fc g\u00fc\u00e7 ve esneklik sa\u011flar. Onu operasyonunuzun boyun e\u011fmeyen omurgas\u0131 olarak hayal edin.<\/p>\n<p data-sourcepos=\"7:1-7:222\"><img loading=\"lazy\" decoding=\"async\" class=\"alignnone wp-image-3905 size-medium\" src=\"http:\/\/qingdaohf.com\/wp-content\/uploads\/2023\/04\/wire-rope-1-300x300.jpg\" alt=\"tel halat\" width=\"300\" height=\"300\" srcset=\"https:\/\/qingdaohf.com\/wp-content\/uploads\/2023\/04\/wire-rope-1-300x300.jpg 300w, https:\/\/qingdaohf.com\/wp-content\/uploads\/2023\/04\/wire-rope-1-150x150.jpg 150w, https:\/\/qingdaohf.com\/wp-content\/uploads\/2023\/04\/wire-rope-1-768x768.jpg 768w, https:\/\/qingdaohf.com\/wp-content\/uploads\/2023\/04\/wire-rope-1-500x500.jpg 500w, https:\/\/qingdaohf.com\/wp-content\/uploads\/2023\/04\/wire-rope-1-100x100.jpg 100w, https:\/\/qingdaohf.com\/wp-content\/uploads\/2023\/04\/wire-rope-1.jpg 1000w\" sizes=\"(max-width: 300px) 100vw, 300px\" \/><\/p>\n<h3 data-sourcepos=\"9:1-9:224\"><strong>2. <a href=\"https:\/\/qingdaohf.com\/tr\/urun\/tel-halat-klipsi\/\">Tel Halat Klipsi<\/a>:<\/strong><\/h3>\n<p data-sourcepos=\"9:1-9:224\">Bu \u00e7ok y\u00f6nl\u00fc i\u015f makineleri, ilmek olu\u015fturmak veya tel halat\u0131 di\u011fer bile\u015fenlere ba\u011flamak i\u00e7in basit ve etkili bir yol sunar. Bunlar\u0131, halat\u0131 s\u0131k\u0131ca kavrayan ve yerinde tutan g\u00fcvenilir eller olarak d\u00fc\u015f\u00fcn\u00fcn.<\/p>\n<p data-sourcepos=\"9:1-9:224\"><img loading=\"lazy\" decoding=\"async\" class=\"alignnone wp-image-6176 size-medium\" src=\"http:\/\/qingdaohf.com\/wp-content\/uploads\/2023\/05\/wire-rope-clip-9-300x300.jpg\" alt=\"tel halat klipsi\" width=\"300\" height=\"300\" srcset=\"https:\/\/qingdaohf.com\/wp-content\/uploads\/2023\/05\/wire-rope-clip-9-300x300.jpg 300w, https:\/\/qingdaohf.com\/wp-content\/uploads\/2023\/05\/wire-rope-clip-9-150x150.jpg 150w, https:\/\/qingdaohf.com\/wp-content\/uploads\/2023\/05\/wire-rope-clip-9-768x768.jpg 768w, https:\/\/qingdaohf.com\/wp-content\/uploads\/2023\/05\/wire-rope-clip-9-500x500.jpg 500w, https:\/\/qingdaohf.com\/wp-content\/uploads\/2023\/05\/wire-rope-clip-9-100x100.jpg 100w, https:\/\/qingdaohf.com\/wp-content\/uploads\/2023\/05\/wire-rope-clip-9.jpg 1000w\" sizes=\"(max-width: 300px) 100vw, 300px\" \/><\/p>\n<h3 data-sourcepos=\"11:1-11:287\"><strong>3. Yumruk Kavrama:<\/strong><\/h3>\n<p data-sourcepos=\"11:1-11:287\">Bu devrim niteli\u011findeki klipsler, benzersiz h\u0131z, kolayl\u0131k ve verimlilik sunarak halat g\u00fcvenli\u011fini yeniden tan\u0131ml\u0131yor. Onlar\u0131 sa\u011flam bir kavrama ve aerodinamik \u00e7al\u0131\u015fma ile donat\u0131lm\u0131\u015f yeni nesil eller olarak hayal edin.<\/p>\n<p data-sourcepos=\"11:1-11:287\"><img loading=\"lazy\" decoding=\"async\" class=\"alignnone size-full wp-image-6350\" src=\"http:\/\/qingdaohf.com\/wp-content\/uploads\/2023\/05\/fist-grip.jpg\" alt=\"yumruk kavrama\" width=\"302\" height=\"298\" srcset=\"https:\/\/qingdaohf.com\/wp-content\/uploads\/2023\/05\/fist-grip.jpg 302w, https:\/\/qingdaohf.com\/wp-content\/uploads\/2023\/05\/fist-grip-300x296.jpg 300w, https:\/\/qingdaohf.com\/wp-content\/uploads\/2023\/05\/fist-grip-100x100.jpg 100w\" sizes=\"(max-width: 302px) 100vw, 302px\" \/><\/p>\n<h3 data-sourcepos=\"13:1-13:188\"><strong>4. <a href=\"https:\/\/qingdaohf.com\/tr\/urun\/yuksuk\/\">Tel Halat Y\u00fcks\u00fck<\/a>:<\/strong><\/h3>\n<p data-sourcepos=\"13:1-13:188\">Bu isimsiz kahraman, halat\u0131n savunmas\u0131z g\u00f6z\u00fcn\u00fc (ilmekli u\u00e7) a\u015f\u0131nma ve y\u0131pranmaya kar\u015f\u0131 korur. Bunu, halat\u0131n hayati noktas\u0131n\u0131 koruyan koruyucu bir \u015f\u00f6valye mi\u011fferi olarak d\u00fc\u015f\u00fcn\u00fcn.<\/p>\n<p data-sourcepos=\"13:1-13:188\"><img loading=\"lazy\" decoding=\"async\" class=\"alignnone wp-image-6352 size-full\" src=\"http:\/\/qingdaohf.com\/wp-content\/uploads\/2023\/05\/Wire-rope-thimble-installation-step-1-1.jpg\" alt=\"Tel halat y\u00fcks\u00fck\" width=\"600\" height=\"163\" srcset=\"https:\/\/qingdaohf.com\/wp-content\/uploads\/2023\/05\/Wire-rope-thimble-installation-step-1-1.jpg 600w, https:\/\/qingdaohf.com\/wp-content\/uploads\/2023\/05\/Wire-rope-thimble-installation-step-1-1-300x82.jpg 300w\" sizes=\"(max-width: 600px) 100vw, 600px\" \/><\/p>\n<h3 data-sourcepos=\"15:1-15:182\"><strong>5. <a href=\"https:\/\/qingdaohf.com\/tr\/urun\/aluminyum-tel-halat-yuksugu\/\">Tel Halat Y\u00fcks\u00fck<\/a>:<\/strong><\/h3>\n<p data-sourcepos=\"15:1-15:182\">Y\u00fcks\u00fc\u011fe benzer \u015fekilde, y\u00fcks\u00fck sa\u011flam bir kapak g\u00f6revi g\u00f6rerek halat\u0131n ucunu g\u00fc\u00e7lendirir ve y\u0131pranmay\u0131 \u00f6nler. Bunu halat\u0131n ucu i\u00e7in \u00e7elik bir kask olarak d\u00fc\u015f\u00fcn\u00fcn.<\/p>\n<p data-sourcepos=\"15:1-15:182\"><img loading=\"lazy\" decoding=\"async\" class=\"alignnone wp-image-6353 size-medium\" src=\"http:\/\/qingdaohf.com\/wp-content\/uploads\/2023\/05\/Ferrule-247x300.jpg\" alt=\"Y\u00fcks\u00fck\" width=\"247\" height=\"300\" srcset=\"https:\/\/qingdaohf.com\/wp-content\/uploads\/2023\/05\/Ferrule-247x300.jpg 247w, https:\/\/qingdaohf.com\/wp-content\/uploads\/2023\/05\/Ferrule.jpg 636w\" sizes=\"(max-width: 247px) 100vw, 247px\" \/><\/p>\n<h3 data-sourcepos=\"15:1-15:182\"><strong>6. <a href=\"https:\/\/qingdaohf.com\/tr\/urun\/dubleks-tel-halat-klipsi\/\">Dubleks Halat Klipsi<\/a><\/strong><strong>:<\/strong><\/h3>\n<p data-sourcepos=\"15:1-15:182\">\u00c7ift Y\u00f6nl\u00fc \u00c7elik Halat Klipsi, iki tel halat b\u00f6l\u00fcm\u00fcn\u00fc birbirine sabitlemek i\u00e7in tasarlanm\u0131\u015f \u00f6zel bir sabitleme cihaz\u0131d\u0131r. \u00d6zellikle tel halatta bir halka veya g\u00f6z\u00fcn gerekli oldu\u011fu durumlarda g\u00fcvenilir bir ba\u011flant\u0131 olu\u015fturmada \u00e7ok \u00f6nemli bir rol oynar.<\/p>\n<p data-sourcepos=\"15:1-15:182\"><img loading=\"lazy\" decoding=\"async\" class=\"alignnone wp-image-6354 size-medium\" src=\"http:\/\/qingdaohf.com\/wp-content\/uploads\/2023\/05\/Stainless-Steel-Duplex-300x300.jpg\" alt=\"Paslanmaz-\u00c7elik-Dubleks\" width=\"300\" height=\"300\" srcset=\"https:\/\/qingdaohf.com\/wp-content\/uploads\/2023\/05\/Stainless-Steel-Duplex-300x300.jpg 300w, https:\/\/qingdaohf.com\/wp-content\/uploads\/2023\/05\/Stainless-Steel-Duplex-150x150.jpg 150w, https:\/\/qingdaohf.com\/wp-content\/uploads\/2023\/05\/Stainless-Steel-Duplex-768x768.jpg 768w, https:\/\/qingdaohf.com\/wp-content\/uploads\/2023\/05\/Stainless-Steel-Duplex-500x500.jpg 500w, https:\/\/qingdaohf.com\/wp-content\/uploads\/2023\/05\/Stainless-Steel-Duplex-100x100.jpg 100w, https:\/\/qingdaohf.com\/wp-content\/uploads\/2023\/05\/Stainless-Steel-Duplex.jpg 1000w\" sizes=\"(max-width: 300px) 100vw, 300px\" \/><\/p>\n<h3 data-sourcepos=\"17:1-17:39\"><strong>Yumruk Kavrama Avantaj\u0131n\u0131 Ortaya \u00c7\u0131karmak:<\/strong><\/h3>\n<p data-sourcepos=\"19:1-19:84\">H&amp;F'in Fist Grips'i oyunun kurallar\u0131n\u0131 de\u011fi\u015ftiren \u00f6zellikleriyle \u00f6ne \u00e7\u0131k\u0131yor:<\/p>\n<ul data-sourcepos=\"21:1-25:0\">\n<li data-sourcepos=\"21:1-21:153\"><strong>H\u0131zl\u0131 Da\u011f\u0131t\u0131m:<\/strong>\u00a0Tek c\u0131vatal\u0131 tasar\u0131mlar\u0131, hantal \u00e7oklu U c\u0131vata ihtiyac\u0131n\u0131 ortadan kald\u0131rarak kurulum s\u00fcresini ve \u00e7abas\u0131n\u0131 \u00f6nemli \u00f6l\u00e7\u00fcde azalt\u0131r.<\/li>\n<li data-sourcepos=\"22:1-22:139\"><strong>Zahmetsiz Torklama:<\/strong>\u00a0Entegre somunlar, s\u0131kma i\u00e7in \u00fcst\u00fcn eri\u015fim ve kald\u0131ra\u00e7 sa\u011flayarak i\u015flemi sorunsuz ve verimli hale getirir.<\/li>\n<li data-sourcepos=\"23:1-23:143\"><strong>Sars\u0131lmaz G\u00fcvenlik:<\/strong>\u00a0D\u00f6vme \u00e7elik yap\u0131lar\u0131 ve \u00fcst\u00fcn tutu\u015flar\u0131 e\u015fsiz bir tutu\u015f g\u00fcc\u00fc sa\u011flayarak i\u00e7inizin tamamen rahat olmas\u0131n\u0131 sa\u011flar.<\/li>\n<li data-sourcepos=\"24:1-25:0\"><strong>Uzat\u0131lm\u0131\u015f Halat \u00d6mr\u00fc:<\/strong>\u00a0P\u00fcr\u00fczs\u00fcz, yuvarlak profil, tel halat \u00fczerindeki s\u00fcrt\u00fcnmeyi ve a\u015f\u0131nmay\u0131 en aza indirerek kullan\u0131m \u00f6mr\u00fcn\u00fc uzat\u0131r ve de\u011feri en \u00fcst d\u00fczeye \u00e7\u0131kar\u0131r.<\/li>\n<\/ul>\n<h3 data-sourcepos=\"26:1-26:24\"><strong>Yumruk Kavrama \u0130\u015f Ba\u015f\u0131nda:<\/strong><\/h3>\n<p data-sourcepos=\"28:1-28:51\">H&amp;F'in Fist Grips'i sihrini zahmetsizce g\u00f6steriyor:<\/p>\n<ol data-sourcepos=\"30:1-33:0\">\n<li data-sourcepos=\"30:1-30:85\"><strong>Kolayl\u0131kla Di\u015f A\u00e7ma:<\/strong>\u00a0Halat\u0131 Fist Grip'in selesinden ge\u00e7irmeniz yeterlidir.<\/li>\n<li data-sourcepos=\"31:1-31:116\"><strong>H\u0131zl\u0131 C\u0131vata Yerle\u015ftirme:<\/strong>\u00a0C\u0131vatay\u0131 sele deli\u011finden kayd\u0131rarak U c\u0131vatan\u0131n halat \u00fczerinde g\u00fcvenli bir \u015fekilde durmas\u0131n\u0131 sa\u011flay\u0131n.<\/li>\n<li data-sourcepos=\"32:1-33:0\"><strong>Zahmetsiz S\u0131k\u0131la\u015ft\u0131rma:<\/strong>\u00a0Halat s\u0131k\u0131ca kavranana kadar somunu bir anahtarla saat y\u00f6n\u00fcnde \u00e7evirin.<\/li>\n<\/ol>\n<h3 data-sourcepos=\"34:1-34:28\"><strong>G\u00fcc\u00fcn Sinerjisi:<\/strong><\/h3>\n<p data-sourcepos=\"36:1-36:77\">H&amp;F'in Fist Grips'i di\u011fer \u00f6nemli tel halat bile\u015fenleri ile sorunsuz bir \u015fekilde \u00e7al\u0131\u015f\u0131r:<\/p>\n<ul data-sourcepos=\"38:1-41:0\">\n<li data-sourcepos=\"38:1-38:151\"><strong>Tel Halat Klipsleri:<\/strong>\u00a0Fist Grips \u00fcst\u00fcn h\u0131z ve verimlilik sunarken, geleneksel klipsler belirli uygulamalar i\u00e7in veya yedek olarak de\u011ferli olmaya devam etmektedir.<\/li>\n<li data-sourcepos=\"39:1-39:136\"><strong>Tel Halat Y\u00fcks\u00fckler:<\/strong>\u00a0Bir ilmek olu\u015ftururken, halat\u0131n g\u00f6z\u00fcn\u00fc ezilmekten korumak ve optimum kullan\u0131m \u00f6mr\u00fcn\u00fc sa\u011flamak i\u00e7in her zaman bir y\u00fcks\u00fck kullan\u0131n.<\/li>\n<li data-sourcepos=\"40:1-41:0\"><strong>Tel Halat Y\u00fcks\u00fckleri:<\/strong>\u00a0\u00d6zellikle sentetik halatlar i\u00e7in halat\u0131n ucunda y\u0131pranmaya kar\u015f\u0131 ek koruma i\u00e7in y\u00fcks\u00fckleri d\u00fc\u015f\u00fcn\u00fcn.<\/li>\n<\/ul>\n<p>&nbsp;<\/p>","protected":false},"excerpt":{"rendered":"<p>Fist Grip, donan\u0131m ve kald\u0131rma uygulamalar\u0131nda yayg\u0131n olarak kullan\u0131lan bir donan\u0131m bile\u015fenidir. Tel halatlar\u0131n veya kablolar\u0131n u\u00e7lar\u0131n\u0131 birbirine sabitlemek i\u00e7in \u00f6zel olarak tasarlanm\u0131\u015ft\u0131r ve g\u00fcvenilir ve emniyetli bir ba\u011flant\u0131 sa\u011flar.<\/p>\n<p>Yumruk Kavrama tipik olarak U \u015feklinde bir olu\u011fu veya selesi olan metal bir g\u00f6vde ile di\u015fli bir c\u0131vata veya birden fazla c\u0131vata ve somundan olu\u015fur. Tel halat U \u015feklindeki olu\u011fun i\u00e7ine yerle\u015ftirilir ve c\u0131vatalar s\u0131k\u0131larak kavrama tel halat\u0131n etraf\u0131na s\u0131k\u0131\u015ft\u0131r\u0131l\u0131r, b\u00f6ylece g\u00fcvenli ve sa\u011flam bir tutu\u015f sa\u011flan\u0131r.<\/p>\n<p>Fist Grip'in tasar\u0131m\u0131, tel halat\u0131n yerinde kalmas\u0131n\u0131 sa\u011flar ve gerilim alt\u0131nda kaymas\u0131n\u0131 veya gev\u015femesini \u00f6nler. Genellikle ilmekler olu\u015fturmak, tel halat u\u00e7lar\u0131n\u0131 sonland\u0131rmak veya iki tel halat b\u00f6l\u00fcm\u00fcn\u00fc birle\u015ftirmek i\u00e7in kullan\u0131l\u0131r.<\/p>","protected":false},"featured_media":4079,"comment_status":"open","ping_status":"closed","template":"","meta":{"site-sidebar-layout":"default","site-content-layout":"default","ast-site-content-layout":"default","site-content-style":"default","site-sidebar-style":"default","ast-global-header-display":"","ast-banner-title-visibility":"","ast-main-header-display":"","ast-hfb-above-header-display":"","ast-hfb-below-header-display":"","ast-hfb-mobile-header-display":"","site-post-title":"","ast-breadcrumbs-content":"","ast-featured-img":"","footer-sml-layout":"","theme-transparent-header-meta":"default","adv-header-id-meta":"","stick-header-meta":"default","header-above-stick-meta":"","header-main-stick-meta":"","header-below-stick-meta":"","astra-migrate-meta-layouts":"set","ast-page-background-enabled":"default","ast-page-background-meta":{"desktop":{"background-color":"","background-image":"","background-repeat":"repeat","background-position":"center center","background-size":"auto","background-attachment":"scroll","background-type":"","background-media":"","overlay-type":"","overlay-color":"","overlay-opacity":"","overlay-gradient":""},"tablet":{"background-color":"","background-image":"","background-repeat":"repeat","background-position":"center center","background-size":"auto","background-attachment":"scroll","background-type":"","background-media":"","overlay-type":"","overlay-color":"","overlay-opacity":"","overlay-gradient":""},"mobile":{"background-color":"","background-image":"","background-repeat":"repeat","background-position":"center center","background-size":"auto","background-attachment":"scroll","background-type":"","background-media":"","overlay-type":"","overlay-color":"","overlay-opacity":"","overlay-gradient":""}},"ast-content-background-meta":{"desktop":{"background-color":"var(--ast-global-color-5)","background-image":"","background-repeat":"repeat","background-position":"center center","background-size":"auto","background-attachment":"scroll","background-type":"","background-media":"","overlay-type":"","overlay-color":"","overlay-opacity":"","overlay-gradient":""},"tablet":{"background-color":"var(--ast-global-color-5)","background-image":"","background-repeat":"repeat","background-position":"center center","background-size":"auto","background-attachment":"scroll","background-type":"","background-media":"","overlay-type":"","overlay-color":"","overlay-opacity":"","overlay-gradient":""},"mobile":{"background-color":"var(--ast-global-color-5)","background-image":"","background-repeat":"repeat","background-position":"center center","background-size":"auto","background-attachment":"scroll","background-type":"","background-media":"","overlay-type":"","overlay-color":"","overlay-opacity":"","overlay-gradient":""}}},"product_brand":[],"product_cat":[37,43],"product_tag":[],"class_list":{"0":"post-4078","1":"product","2":"type-product","3":"status-publish","4":"has-post-thumbnail","6":"product_cat-wire-rope","7":"product_cat-rigging-hardware","8":"desktop-align-left","9":"tablet-align-left","10":"mobile-align-left","11":"ast-product-gallery-layout-horizontal-slider","12":"ast-product-tabs-layout-horizontal","14":"first","15":"instock","16":"shipping-taxable","17":"purchasable","18":"product-type-simple"},"yoast_head":"<!-- This site is optimized with the Yoast SEO plugin v25.2 - https:\/\/yoast.com\/wordpress\/plugins\/seo\/ -->\n<title>Fist Grip Clamps<\/title>\n<meta name=\"description\" content=\"The Fist Grip, also known as a wire rope grip or wire rope clip, is a commonly used hardware component in rigging and lifting applications.\" \/>\n<meta name=\"robots\" content=\"index, follow, max-snippet:-1, max-image-preview:large, max-video-preview:-1\" \/>\n<link rel=\"canonical\" href=\"https:\/\/qingdaohf.com\/tr\/urun\/yumruk-kavrama\/\" \/>\n<meta property=\"og:locale\" content=\"tr_TR\" \/>\n<meta property=\"og:type\" content=\"article\" \/>\n<meta property=\"og:title\" content=\"Fist Grip Clamps\" \/>\n<meta property=\"og:description\" content=\"The Fist Grip, also known as a wire rope grip or wire rope clip, is a commonly used hardware component in rigging and lifting applications.\" \/>\n<meta property=\"og:url\" content=\"https:\/\/qingdaohf.com\/tr\/urun\/yumruk-kavrama\/\" \/>\n<meta property=\"og:site_name\" content=\"Concrete Form &amp; Rigging Hardware Supplier\" \/>\n<meta property=\"article:publisher\" content=\"https:\/\/www.facebook.com\/qingdaohf\" \/>\n<meta property=\"article:modified_time\" content=\"2025-11-13T01:03:39+00:00\" \/>\n<meta property=\"og:image\" content=\"https:\/\/qingdaohf.com\/wp-content\/uploads\/2023\/05\/fist-clip-1.jpg\" \/>\n\t<meta property=\"og:image:width\" content=\"1000\" \/>\n\t<meta property=\"og:image:height\" content=\"1000\" \/>\n\t<meta property=\"og:image:type\" content=\"image\/jpeg\" \/>\n<meta name=\"twitter:card\" content=\"summary_large_image\" \/>\n<meta name=\"twitter:label1\" content=\"Tahmini okuma s\u00fcresi\" \/>\n\t<meta name=\"twitter:data1\" content=\"5 dakika\" \/>\n<script type=\"application\/ld+json\" class=\"yoast-schema-graph\">{\"@context\":\"https:\/\/schema.org\",\"@graph\":[{\"@type\":\"WebPage\",\"@id\":\"https:\/\/qingdaohf.com\/product\/fist-grip\/\",\"url\":\"https:\/\/qingdaohf.com\/product\/fist-grip\/\",\"name\":\"Fist Grip Clamps\",\"isPartOf\":{\"@id\":\"https:\/\/qingdaohf.com\/bg\/#website\"},\"primaryImageOfPage\":{\"@id\":\"https:\/\/qingdaohf.com\/product\/fist-grip\/#primaryimage\"},\"image\":{\"@id\":\"https:\/\/qingdaohf.com\/product\/fist-grip\/#primaryimage\"},\"thumbnailUrl\":\"https:\/\/qingdaohf.com\/wp-content\/uploads\/2023\/05\/fist-clip-1.jpg\",\"datePublished\":\"2024-01-19T01:59:32+00:00\",\"dateModified\":\"2025-11-13T01:03:39+00:00\",\"description\":\"The Fist Grip, also known as a wire rope grip or wire rope clip, is a commonly used hardware component in rigging and lifting applications.\",\"breadcrumb\":{\"@id\":\"https:\/\/qingdaohf.com\/product\/fist-grip\/#breadcrumb\"},\"inLanguage\":\"tr\",\"potentialAction\":[{\"@type\":\"ReadAction\",\"target\":[\"https:\/\/qingdaohf.com\/product\/fist-grip\/\"]}]},{\"@type\":\"ImageObject\",\"inLanguage\":\"tr\",\"@id\":\"https:\/\/qingdaohf.com\/product\/fist-grip\/#primaryimage\",\"url\":\"https:\/\/qingdaohf.com\/wp-content\/uploads\/2023\/05\/fist-clip-1.jpg\",\"contentUrl\":\"https:\/\/qingdaohf.com\/wp-content\/uploads\/2023\/05\/fist-clip-1.jpg\",\"width\":1000,\"height\":1000,\"caption\":\"fist clip\"},{\"@type\":\"BreadcrumbList\",\"@id\":\"https:\/\/qingdaohf.com\/product\/fist-grip\/#breadcrumb\",\"itemListElement\":[{\"@type\":\"ListItem\",\"position\":1,\"name\":\"Home\",\"item\":\"https:\/\/qingdaohf.com\/\"},{\"@type\":\"ListItem\",\"position\":2,\"name\":\"Concrete Forming Accessories and Rigging Hardware\",\"item\":\"https:\/\/qingdaohf.com\/bg\/?page_id=944\"},{\"@type\":\"ListItem\",\"position\":3,\"name\":\"Fist Grip Clamps\"}]},{\"@type\":\"WebSite\",\"@id\":\"https:\/\/qingdaohf.com\/bg\/#website\",\"url\":\"https:\/\/qingdaohf.com\/bg\/\",\"name\":\"Concrete Form & Rigging Hardware Supplier\",\"description\":\"\",\"publisher\":{\"@id\":\"https:\/\/qingdaohf.com\/bg\/#organization\"},\"potentialAction\":[{\"@type\":\"SearchAction\",\"target\":{\"@type\":\"EntryPoint\",\"urlTemplate\":\"https:\/\/qingdaohf.com\/bg\/?s={search_term_string}\"},\"query-input\":{\"@type\":\"PropertyValueSpecification\",\"valueRequired\":true,\"valueName\":\"search_term_string\"}}],\"inLanguage\":\"tr\"},{\"@type\":\"Organization\",\"@id\":\"https:\/\/qingdaohf.com\/bg\/#organization\",\"name\":\"Qingdao H&F\",\"url\":\"https:\/\/qingdaohf.com\/bg\/\",\"logo\":{\"@type\":\"ImageObject\",\"inLanguage\":\"tr\",\"@id\":\"https:\/\/qingdaohf.com\/bg\/#\/schema\/logo\/image\/\",\"url\":\"https:\/\/qingdaohf.com\/wp-content\/uploads\/2022\/12\/cropped-HF-LOGO.png\",\"contentUrl\":\"https:\/\/qingdaohf.com\/wp-content\/uploads\/2022\/12\/cropped-HF-LOGO.png\",\"width\":391,\"height\":249,\"caption\":\"Qingdao H&F\"},\"image\":{\"@id\":\"https:\/\/qingdaohf.com\/bg\/#\/schema\/logo\/image\/\"},\"sameAs\":[\"https:\/\/www.facebook.com\/qingdaohf\"]}]}<\/script>\n<!-- \/ Yoast SEO plugin. -->","yoast_head_json":{"title":"Fist Grip Clamps","description":"The Fist Grip, also known as a wire rope grip or wire rope clip, is a commonly used hardware component in rigging and lifting applications.","robots":{"index":"index","follow":"follow","max-snippet":"max-snippet:-1","max-image-preview":"max-image-preview:large","max-video-preview":"max-video-preview:-1"},"canonical":"https:\/\/qingdaohf.com\/tr\/urun\/yumruk-kavrama\/","og_locale":"tr_TR","og_type":"article","og_title":"Fist Grip Clamps","og_description":"The Fist Grip, also known as a wire rope grip or wire rope clip, is a commonly used hardware component in rigging and lifting applications.","og_url":"https:\/\/qingdaohf.com\/tr\/urun\/yumruk-kavrama\/","og_site_name":"Concrete Form &amp; Rigging Hardware Supplier","article_publisher":"https:\/\/www.facebook.com\/qingdaohf","article_modified_time":"2025-11-13T01:03:39+00:00","og_image":[{"width":1000,"height":1000,"url":"https:\/\/qingdaohf.com\/wp-content\/uploads\/2023\/05\/fist-clip-1.jpg","type":"image\/jpeg"}],"twitter_card":"summary_large_image","twitter_misc":{"Tahmini okuma s\u00fcresi":"5 dakika"},"schema":{"@context":"https:\/\/schema.org","@graph":[{"@type":"WebPage","@id":"https:\/\/qingdaohf.com\/product\/fist-grip\/","url":"https:\/\/qingdaohf.com\/product\/fist-grip\/","name":"Fist Grip Clamps","isPartOf":{"@id":"https:\/\/qingdaohf.com\/bg\/#website"},"primaryImageOfPage":{"@id":"https:\/\/qingdaohf.com\/product\/fist-grip\/#primaryimage"},"image":{"@id":"https:\/\/qingdaohf.com\/product\/fist-grip\/#primaryimage"},"thumbnailUrl":"https:\/\/qingdaohf.com\/wp-content\/uploads\/2023\/05\/fist-clip-1.jpg","datePublished":"2024-01-19T01:59:32+00:00","dateModified":"2025-11-13T01:03:39+00:00","description":"The Fist Grip, also known as a wire rope grip or wire rope clip, is a commonly used hardware component in rigging and lifting applications.","breadcrumb":{"@id":"https:\/\/qingdaohf.com\/product\/fist-grip\/#breadcrumb"},"inLanguage":"tr","potentialAction":[{"@type":"ReadAction","target":["https:\/\/qingdaohf.com\/product\/fist-grip\/"]}]},{"@type":"ImageObject","inLanguage":"tr","@id":"https:\/\/qingdaohf.com\/product\/fist-grip\/#primaryimage","url":"https:\/\/qingdaohf.com\/wp-content\/uploads\/2023\/05\/fist-clip-1.jpg","contentUrl":"https:\/\/qingdaohf.com\/wp-content\/uploads\/2023\/05\/fist-clip-1.jpg","width":1000,"height":1000,"caption":"fist clip"},{"@type":"BreadcrumbList","@id":"https:\/\/qingdaohf.com\/product\/fist-grip\/#breadcrumb","itemListElement":[{"@type":"ListItem","position":1,"name":"Home","item":"https:\/\/qingdaohf.com\/"},{"@type":"ListItem","position":2,"name":"Concrete Forming Accessories and Rigging Hardware","item":"https:\/\/qingdaohf.com\/bg\/?page_id=944"},{"@type":"ListItem","position":3,"name":"Fist Grip Clamps"}]},{"@type":"WebSite","@id":"https:\/\/qingdaohf.com\/bg\/#website","url":"https:\/\/qingdaohf.com\/bg\/","name":"Concrete Form & Rigging Hardware Supplier","description":"","publisher":{"@id":"https:\/\/qingdaohf.com\/bg\/#organization"},"potentialAction":[{"@type":"SearchAction","target":{"@type":"EntryPoint","urlTemplate":"https:\/\/qingdaohf.com\/bg\/?s={search_term_string}"},"query-input":{"@type":"PropertyValueSpecification","valueRequired":true,"valueName":"search_term_string"}}],"inLanguage":"tr"},{"@type":"Organization","@id":"https:\/\/qingdaohf.com\/bg\/#organization","name":"Qingdao H&F","url":"https:\/\/qingdaohf.com\/bg\/","logo":{"@type":"ImageObject","inLanguage":"tr","@id":"https:\/\/qingdaohf.com\/bg\/#\/schema\/logo\/image\/","url":"https:\/\/qingdaohf.com\/wp-content\/uploads\/2022\/12\/cropped-HF-LOGO.png","contentUrl":"https:\/\/qingdaohf.com\/wp-content\/uploads\/2022\/12\/cropped-HF-LOGO.png","width":391,"height":249,"caption":"Qingdao H&F"},"image":{"@id":"https:\/\/qingdaohf.com\/bg\/#\/schema\/logo\/image\/"},"sameAs":["https:\/\/www.facebook.com\/qingdaohf"]}]}},"_links":{"self":[{"href":"https:\/\/qingdaohf.com\/tr\/wp-json\/wp\/v2\/product\/4078","targetHints":{"allow":["GET"]}}],"collection":[{"href":"https:\/\/qingdaohf.com\/tr\/wp-json\/wp\/v2\/product"}],"about":[{"href":"https:\/\/qingdaohf.com\/tr\/wp-json\/wp\/v2\/types\/product"}],"replies":[{"embeddable":true,"href":"https:\/\/qingdaohf.com\/tr\/wp-json\/wp\/v2\/comments?post=4078"}],"version-history":[{"count":8,"href":"https:\/\/qingdaohf.com\/tr\/wp-json\/wp\/v2\/product\/4078\/revisions"}],"predecessor-version":[{"id":7402,"href":"https:\/\/qingdaohf.com\/tr\/wp-json\/wp\/v2\/product\/4078\/revisions\/7402"}],"wp:featuredmedia":[{"embeddable":true,"href":"https:\/\/qingdaohf.com\/tr\/wp-json\/wp\/v2\/media\/4079"}],"wp:attachment":[{"href":"https:\/\/qingdaohf.com\/tr\/wp-json\/wp\/v2\/media?parent=4078"}],"wp:term":[{"taxonomy":"product_brand","embeddable":true,"href":"https:\/\/qingdaohf.com\/tr\/wp-json\/wp\/v2\/product_brand?post=4078"},{"taxonomy":"product_cat","embeddable":true,"href":"https:\/\/qingdaohf.com\/tr\/wp-json\/wp\/v2\/product_cat?post=4078"},{"taxonomy":"product_tag","embeddable":true,"href":"https:\/\/qingdaohf.com\/tr\/wp-json\/wp\/v2\/product_tag?post=4078"}],"curies":[{"name":"wp","href":"https:\/\/api.w.org\/{rel}","templated":true}]}}