{"id":4110,"date":"2023-05-26T16:27:13","date_gmt":"2023-05-26T08:27:13","guid":{"rendered":"http:\/\/qingdaohf.com\/?post_type=product&#038;p=4110"},"modified":"2025-11-13T09:04:24","modified_gmt":"2025-11-13T01:04:24","slug":"eye-sling-hook","status":"publish","type":"product","link":"https:\/\/qingdaohf.com\/tr\/urun\/goz-sapan-kancasi\/","title":{"rendered":"320 G\u00f6zl\u00fc Ask\u0131 Kancas\u0131"},"content":{"rendered":"<div class=\"font-claude-message  pr-4  md:pr-9  relative  leading-[1.65rem]  [&amp;_pre&gt;div]:bg-bg-300  [&amp;_.ignore-pre-bg&gt;div]:bg-transparent  [&amp;_pre]:-mr-4  md:[&amp;_pre]:-mr-9\">\n<div>\n<div class=\"grid-cols-1 grid gap-2.5 [&amp;_&gt;_*]:min-w-0\">\n<h2 class=\"font-600 text-2xl font-bold\">320'lik Kancan\u0131n \u00c7ok Y\u00f6nl\u00fcl\u00fc\u011f\u00fc ve G\u00fcc\u00fc: Kapsaml\u0131 Bir Genel Bak\u0131\u015f<\/h2>\n<p class=\"whitespace-pre-wrap break-words\">Kabul edelim ki a\u011f\u0131r y\u00fckleri kald\u0131rman\u0131z veya sabitlemeniz gerekti\u011finde, kanca se\u00e7iminiz \u00e7ok \u00f6nemlidir. 320 kanca in\u015faat, denizcilik ve ta\u015f\u0131mac\u0131l\u0131k alanlar\u0131nda hakl\u0131 bir \u00fcne sahiptir. Bu sadece ba\u015fka bir donan\u0131m par\u00e7as\u0131 de\u011fildir - bu kanca, g\u00fcvenlik ve performans\u0131n tart\u0131\u015f\u0131lmaz oldu\u011fu durumlarda ihtiyac\u0131n\u0131z olan g\u00fcvenilirli\u011fi sunar.<\/p>\n<p class=\"whitespace-pre-wrap break-words\">Qingdao H&amp;F'de ticaret sekt\u00f6r\u00fcnde yirmi y\u0131l\u0131 a\u015fk\u0131n bir s\u00fcredir faaliyet g\u00f6steriyoruz ve kaliteyi g\u00f6rd\u00fc\u011f\u00fcm\u00fczde anl\u0131yoruz. 320 kancam\u0131z en zorlu end\u00fcstri standartlar\u0131n\u0131 kar\u015f\u0131l\u0131yor ve bunu kapsaml\u0131 denetim raporlar\u0131yla destekliyoruz. Ayr\u0131ca, h\u0131zl\u0131 sevkiyat ve t\u00fcm s\u00fcreci daha sorunsuz hale getiren ki\u015fiselle\u015ftirilmi\u015f m\u00fc\u015fteri deste\u011fi konusunda kendimizle gurur duyuyoruz.<\/p>\n<p><img fetchpriority=\"high\" decoding=\"async\" class=\"alignnone size-full wp-image-4115\" src=\"http:\/\/qingdaohf.com\/wp-content\/uploads\/2023\/05\/123123.jpg\" alt=\"G\u00f6zl\u00fc Ask\u0131 Kancas\u0131\" width=\"1000\" height=\"1178\" srcset=\"https:\/\/qingdaohf.com\/wp-content\/uploads\/2023\/05\/123123.jpg 1000w, https:\/\/qingdaohf.com\/wp-content\/uploads\/2023\/05\/123123-255x300.jpg 255w, https:\/\/qingdaohf.com\/wp-content\/uploads\/2023\/05\/123123-869x1024.jpg 869w, https:\/\/qingdaohf.com\/wp-content\/uploads\/2023\/05\/123123-768x905.jpg 768w\" sizes=\"(max-width: 1000px) 100vw, 1000px\" \/><\/p>\n<p><img decoding=\"async\" class=\"alignnone size-full wp-image-4116\" src=\"http:\/\/qingdaohf.com\/wp-content\/uploads\/2023\/05\/1231243.jpg\" alt=\"G\u00f6zl\u00fc Ask\u0131 Kancas\u0131\" width=\"1000\" height=\"989\" srcset=\"https:\/\/qingdaohf.com\/wp-content\/uploads\/2023\/05\/1231243.jpg 1000w, https:\/\/qingdaohf.com\/wp-content\/uploads\/2023\/05\/1231243-300x297.jpg 300w, https:\/\/qingdaohf.com\/wp-content\/uploads\/2023\/05\/1231243-768x760.jpg 768w, https:\/\/qingdaohf.com\/wp-content\/uploads\/2023\/05\/1231243-100x100.jpg 100w\" sizes=\"(max-width: 1000px) 100vw, 1000px\" \/><\/p>\n<p><img decoding=\"async\" class=\"alignnone size-full wp-image-4118\" src=\"http:\/\/qingdaohf.com\/wp-content\/uploads\/2023\/05\/eye-hook.jpg\" alt=\"g\u00f6z kancas\u0131\" width=\"1000\" height=\"1111\" srcset=\"https:\/\/qingdaohf.com\/wp-content\/uploads\/2023\/05\/eye-hook.jpg 1000w, https:\/\/qingdaohf.com\/wp-content\/uploads\/2023\/05\/eye-hook-270x300.jpg 270w, https:\/\/qingdaohf.com\/wp-content\/uploads\/2023\/05\/eye-hook-922x1024.jpg 922w, https:\/\/qingdaohf.com\/wp-content\/uploads\/2023\/05\/eye-hook-768x853.jpg 768w\" sizes=\"(max-width: 1000px) 100vw, 1000px\" \/><\/p>\n<h2 class=\"font-600 text-2xl font-bold\">Al\u0131c\u0131lar i\u00e7in 320 Kancan\u0131n Temel Faydalar\u0131<\/h2>\n<p class=\"whitespace-pre-wrap break-words\">Kald\u0131rma ekipman\u0131 al\u0131\u015fveri\u015fi bunalt\u0131c\u0131 olabilir. Y\u00fck de\u011ferleri, malzeme kalitesi ve pratik kullan\u0131labilirlik hakk\u0131nda d\u00fc\u015f\u00fcnmeniz gerekir. \u0130yi haber mi? 320 kanca t\u00fcm bu \u00f6zelliklere ve daha fazlas\u0131na sahiptir.<\/p>\n<p class=\"whitespace-pre-wrap break-words\">Kancan\u0131n a\u011f\u0131r hizmet tipi tasar\u0131m\u0131 zorlu ko\u015fullarda ger\u00e7ekten parlar. Ola\u011fan\u00fcst\u00fc gerilme mukavemeti, g\u00fcvenlik endi\u015feleriyle uykunuzu ka\u00e7\u0131rmadan ciddi y\u00fcklerde ona g\u00fcvenebilece\u011finiz anlam\u0131na gelir. Geni\u015f a\u011f\u0131z a\u00e7\u0131kl\u0131\u011f\u0131 ger\u00e7ek bir zaman tasarrufu sa\u011flar ve \u00e7e\u015fitli donan\u0131m bile\u015fenlerine ba\u011flanmas\u0131n\u0131 kolayla\u015ft\u0131r\u0131r. \u0130ster bir \u015fantiyede malzeme kald\u0131r\u0131yor ister g\u00fcvertedeki y\u00fck\u00fc sabitliyor olun, bu kanca sizi yar\u0131 yolda b\u0131rakmaz.<\/p>\n<p class=\"whitespace-pre-wrap break-words\">Qingdao H&amp;F'de testleri ciddiye al\u0131yoruz. Her bir kanca kapsaml\u0131 kalite kontrollerinden ge\u00e7er ve bunu kan\u0131tlamak i\u00e7in size ayr\u0131nt\u0131l\u0131 inceleme sonu\u00e7lar\u0131n\u0131 g\u00f6sterece\u011fiz. En \u00e7ok ihtiya\u00e7 duydu\u011funuz anda ekipman\u0131n ar\u0131zalanmas\u0131ndan daha k\u00f6t\u00fc bir \u015fey yoktur, bu nedenle kancalar\u0131m\u0131z\u0131n en zorlu durumlarda bile g\u00fcvenilir bir \u015fekilde \u00e7al\u0131\u015fmas\u0131n\u0131 sa\u011fl\u0131yoruz.<\/p>\n<h2 class=\"font-600 text-2xl font-bold\">320 Kancay\u0131 Anlamak: Tasar\u0131m, \u00d6zellikler ve Malzeme Hususlar\u0131<\/h2>\n<p class=\"whitespace-pre-wrap break-words\">320 kancan\u0131n performans\u0131n\u0131n s\u0131rr\u0131, \u00f6zenli m\u00fchendisli\u011finde yat\u0131yor. Bu kancalar\u0131 birinci s\u0131n\u0131f ala\u015f\u0131ml\u0131 \u00e7elikten d\u00f6verek hem sa\u011flam hem de uzun \u00f6m\u00fcrl\u00fc bir alet yarat\u0131yoruz. Bu malzeme se\u00e7imi, kancan\u0131n zorlu ko\u015fullarda iyi dayand\u0131\u011f\u0131 anlam\u0131na gelir ve bu da onu deniz ortamlar\u0131, end\u00fcstriyel ortamlar veya \u015fantiyeler i\u00e7in m\u00fckemmel k\u0131lar.<\/p>\n<p class=\"whitespace-pre-wrap break-words\">Pratik faydalar\u0131 bir tanesini kulland\u0131\u011f\u0131n\u0131z anda anla\u015f\u0131l\u0131r. Geni\u015f a\u00e7\u0131kl\u0131k sadece kullan\u0131\u015fl\u0131 de\u011fildir; zincirlerin, sapanlar\u0131n veya kablolar\u0131n tak\u0131lmas\u0131n\u0131 \u00e7ok daha kolay hale getiren bir g\u00fcvenlik \u00f6zelli\u011fidir. Kancan\u0131n \u015fekli y\u00fck\u00fcn kaymas\u0131n\u0131 etkin bir \u015fekilde \u00f6nlerken, p\u00fcr\u00fczs\u00fcz y\u00fczeyi di\u011fer ekipmanlar\u0131n\u0131z\u0131 hasardan korur.<\/p>\n<p class=\"whitespace-pre-wrap break-words\">Bu kancalar hem statik hem de dinamik y\u00fcklerin \u00fcstesinden \u015fampiyonlar gibi gelir. \u00c7e\u015fitli boyutlarda ve kapasitelerde sunulurlar, b\u00f6ylece projenizin tam olarak neye ihtiyac\u0131 oldu\u011funu se\u00e7ebilirsiniz. Her bir kanca, a\u011f\u0131rl\u0131k derecesini a\u00e7\u0131k\u00e7a g\u00f6stererek y\u00fck planlamas\u0131ndaki tahminleri ortadan kald\u0131r\u0131r. Korozyona dayan\u0131kl\u0131 kaplama \u00f6zellikle deniz veya a\u00e7\u0131k deniz \u00e7al\u0131\u015fmalar\u0131 i\u00e7in de\u011ferlidir, pasla m\u00fccadele eder ve kancan\u0131n \u00e7al\u0131\u015fma \u00f6mr\u00fcn\u00fc \u00f6nemli \u00f6l\u00e7\u00fcde uzat\u0131r.<\/p>\n<h2 class=\"font-600 text-2xl font-bold\">Neden 320 Kanca \u0130htiya\u00e7lar\u0131n\u0131z i\u00e7in Qingdao H&amp;F'yi Se\u00e7melisiniz?<\/h2>\n<p class=\"whitespace-pre-wrap break-words\">G\u00fcvenilir bir tedarik\u00e7i bulmak \u00e7ok \u00f6nemlidir. Qingdao H&amp;F olarak, k\u00fcresel pazarda ge\u00e7irdi\u011fimiz 20 y\u0131l\u0131 a\u015fk\u0131n s\u00fcre bize m\u00fc\u015fterilerimizin tam olarak neye ihtiyac\u0131 oldu\u011funu \u00f6\u011fretti. Biz sadece kanca satm\u0131yoruz, ayn\u0131 zamanda g\u00f6n\u00fcl rahatl\u0131\u011f\u0131 da sa\u011fl\u0131yoruz.<\/p>\n<p class=\"whitespace-pre-wrap break-words\">Teslimatlar\u0131 beklemenin program\u0131n\u0131z\u0131 ray\u0131ndan \u00e7\u0131karabilece\u011fini biliyoruz, bu nedenle h\u0131zl\u0131 sevkiyata \u00f6ncelik veriyoruz. Lojistik ekibimiz en h\u0131zl\u0131 ve g\u00fcvenilir sevkiyat y\u00f6ntemlerini bulmak i\u00e7in \u00e7ok \u00e7al\u0131\u015farak projelerinizin yolunda gitmesini sa\u011flar. Her kanca kapsaml\u0131 kalite kontrol belgeleriyle birlikte gelir, b\u00f6ylece tam olarak ne ald\u0131\u011f\u0131n\u0131z\u0131 bilirsiniz.<\/p>\n<p class=\"whitespace-pre-wrap break-words\">M\u00fc\u015fteri hizmetlerine yakla\u015f\u0131m\u0131m\u0131z son derece ki\u015fiseldir. Teknik tavsiyeye mi ihtiyac\u0131n\u0131z var? Teknik \u00f6zellikler hakk\u0131nda sorular\u0131n\u0131z m\u0131 var? Yard\u0131m etmek i\u00e7in buraday\u0131z - otomatik yan\u0131tlar veya genel \u00e7\u00f6z\u00fcmler yok. Ger\u00e7ek destek ve uzmanl\u0131k yoluyla m\u00fc\u015fterilerimizle kal\u0131c\u0131 ili\u015fkiler kurmaya inan\u0131yoruz.<\/p>\n<h2 class=\"font-600 text-2xl font-bold\">Sonu\u00e7: 320 Kanca - Arma ve Kald\u0131rma \u0130htiya\u00e7lar\u0131n\u0131z i\u00e7in Olmazsa Olmaz<\/h2>\n<p class=\"whitespace-pre-wrap break-words\">\u0130\u015fin \u00f6z\u00fcne inildi\u011finde, 320 kanca sadece ba\u015fka bir ekipman par\u00e7as\u0131 de\u011fildir - g\u00fcvenlik ve verimlili\u011fe yap\u0131lan bir yat\u0131r\u0131md\u0131r. Sa\u011flam tasar\u0131m\u0131 ve \u00e7ok y\u00f6nl\u00fcl\u00fc\u011f\u00fc onu t\u00fcm sekt\u00f6rlerde vazge\u00e7ilmez k\u0131lmaktad\u0131r. Qingdao H&amp;F olarak, duyarl\u0131 hizmet ve g\u00fcvenilir teslimat taahh\u00fcd\u00fcm\u00fczle desteklenen, kalite standartlar\u0131n\u0131 a\u015fan 320 kanca sunmaktan gurur duyuyoruz. Kancalar\u0131m\u0131z\u0131 se\u00e7ti\u011finizde, ba\u015far\u0131n\u0131za adanm\u0131\u015f bir ortak se\u00e7mi\u015f olursunuz.<\/p>\n<\/div>\n<\/div>\n<\/div>\n<div class=\"absolute -bottom-0 -right-1.5\">\n<div class=\"border-0.5 border-border-300 flex items-center translate-y-1\/2 rounded-lg shadow-sm transition bg-bg-000 p-1\">\n<div class=\"text-text-400 flex items-stretch justify-between gap-0.5\">\n<div class=\"flex gap-0.5\"><\/div>\n<\/div>\n<\/div>\n<\/div>\n<p>&nbsp;<\/p>\n<p>&nbsp;<\/p>","protected":false},"excerpt":{"rendered":"<p>320 kanca, g\u00fcvenli ve verimli kald\u0131rma veya demirleme ve donan\u0131m i\u00e7in olsun, her sekt\u00f6rde \u00e7ok y\u00f6nl\u00fc ve g\u00fcvenilirdir. Qingdao H&amp;F, kalite, zaman ve bire bir profesyonel hizmet sa\u011flayan bir dizi 320 kanca ile ilgilenen emanet edilmi\u015f bir ticaret \u015firketiydi. Ayr\u0131ca, en iyi standartlar\u0131n kar\u015f\u0131land\u0131\u011f\u0131ndan emin olmak i\u00e7in al\u0131c\u0131lara her \u00fcr\u00fcn i\u00e7in ayr\u0131nt\u0131l\u0131 inceleme raporu sa\u011flayabilirler. \u0130ster a\u011f\u0131r hizmet ister daha hafif uygulamalar i\u00e7in olsun, 320 kancalar\u0131m\u0131z bir sonraki projeniz i\u00e7in dayan\u0131kl\u0131l\u0131k ve performansta en \u00fcst d\u00fczeyde g\u00fcvenilirlik sa\u011flamak \u00fczere \u00fcretilmi\u015ftir.<\/p>","protected":false},"featured_media":4111,"comment_status":"open","ping_status":"closed","template":"","meta":{"site-sidebar-layout":"default","site-content-layout":"default","ast-site-content-layout":"default","site-content-style":"default","site-sidebar-style":"default","ast-global-header-display":"","ast-banner-title-visibility":"","ast-main-header-display":"","ast-hfb-above-header-display":"","ast-hfb-below-header-display":"","ast-hfb-mobile-header-display":"","site-post-title":"","ast-breadcrumbs-content":"","ast-featured-img":"","footer-sml-layout":"","theme-transparent-header-meta":"default","adv-header-id-meta":"","stick-header-meta":"default","header-above-stick-meta":"","header-main-stick-meta":"","header-below-stick-meta":"","astra-migrate-meta-layouts":"set","ast-page-background-enabled":"default","ast-page-background-meta":{"desktop":{"background-color":"","background-image":"","background-repeat":"repeat","background-position":"center center","background-size":"auto","background-attachment":"scroll","background-type":"","background-media":"","overlay-type":"","overlay-color":"","overlay-opacity":"","overlay-gradient":""},"tablet":{"background-color":"","background-image":"","background-repeat":"repeat","background-position":"center center","background-size":"auto","background-attachment":"scroll","background-type":"","background-media":"","overlay-type":"","overlay-color":"","overlay-opacity":"","overlay-gradient":""},"mobile":{"background-color":"","background-image":"","background-repeat":"repeat","background-position":"center center","background-size":"auto","background-attachment":"scroll","background-type":"","background-media":"","overlay-type":"","overlay-color":"","overlay-opacity":"","overlay-gradient":""}},"ast-content-background-meta":{"desktop":{"background-color":"var(--ast-global-color-5)","background-image":"","background-repeat":"repeat","background-position":"center center","background-size":"auto","background-attachment":"scroll","background-type":"","background-media":"","overlay-type":"","overlay-color":"","overlay-opacity":"","overlay-gradient":""},"tablet":{"background-color":"var(--ast-global-color-5)","background-image":"","background-repeat":"repeat","background-position":"center center","background-size":"auto","background-attachment":"scroll","background-type":"","background-media":"","overlay-type":"","overlay-color":"","overlay-opacity":"","overlay-gradient":""},"mobile":{"background-color":"var(--ast-global-color-5)","background-image":"","background-repeat":"repeat","background-position":"center center","background-size":"auto","background-attachment":"scroll","background-type":"","background-media":"","overlay-type":"","overlay-color":"","overlay-opacity":"","overlay-gradient":""}}},"product_brand":[],"product_cat":[57,43],"product_tag":[],"class_list":{"0":"post-4110","1":"product","2":"type-product","3":"status-publish","4":"has-post-thumbnail","6":"product_cat-sling-hook","7":"product_cat-rigging-hardware","8":"desktop-align-left","9":"tablet-align-left","10":"mobile-align-left","11":"ast-product-gallery-layout-horizontal-slider","12":"ast-product-tabs-layout-horizontal","14":"first","15":"instock","16":"shipping-taxable","17":"purchasable","18":"product-type-simple"},"yoast_head":"<!-- This site is optimized with the Yoast SEO plugin v25.2 - https:\/\/yoast.com\/wordpress\/plugins\/seo\/ -->\n<title>320 Eye Sling Hook<\/title>\n<meta name=\"description\" content=\"The Eye Sling Hook is a type of lifting hook commonly used in rigging and lifting operations.\" \/>\n<meta name=\"robots\" content=\"index, follow, max-snippet:-1, max-image-preview:large, max-video-preview:-1\" \/>\n<link rel=\"canonical\" href=\"https:\/\/qingdaohf.com\/tr\/urun\/goz-sapan-kancasi\/\" \/>\n<meta property=\"og:locale\" content=\"tr_TR\" \/>\n<meta property=\"og:type\" content=\"article\" \/>\n<meta property=\"og:title\" content=\"320 Eye Sling Hook\" \/>\n<meta property=\"og:description\" content=\"The Eye Sling Hook is a type of lifting hook commonly used in rigging and lifting operations.\" \/>\n<meta property=\"og:url\" content=\"https:\/\/qingdaohf.com\/tr\/urun\/goz-sapan-kancasi\/\" \/>\n<meta property=\"og:site_name\" content=\"Concrete Form &amp; Rigging Hardware Supplier\" \/>\n<meta property=\"article:publisher\" content=\"https:\/\/www.facebook.com\/qingdaohf\" \/>\n<meta property=\"article:modified_time\" content=\"2025-11-13T01:04:24+00:00\" \/>\n<meta property=\"og:image\" content=\"https:\/\/qingdaohf.com\/wp-content\/uploads\/2023\/05\/Eye-Sling-Hook-2.jpg\" \/>\n\t<meta property=\"og:image:width\" content=\"1000\" \/>\n\t<meta property=\"og:image:height\" content=\"1000\" \/>\n\t<meta property=\"og:image:type\" content=\"image\/jpeg\" \/>\n<meta name=\"twitter:card\" content=\"summary_large_image\" \/>\n<meta name=\"twitter:label1\" content=\"Tahmini okuma s\u00fcresi\" \/>\n\t<meta name=\"twitter:data1\" content=\"4 dakika\" \/>\n<script type=\"application\/ld+json\" class=\"yoast-schema-graph\">{\"@context\":\"https:\/\/schema.org\",\"@graph\":[{\"@type\":\"WebPage\",\"@id\":\"https:\/\/qingdaohf.com\/product\/eye-sling-hook\/\",\"url\":\"https:\/\/qingdaohf.com\/product\/eye-sling-hook\/\",\"name\":\"320 Eye Sling Hook\",\"isPartOf\":{\"@id\":\"https:\/\/qingdaohf.com\/bg\/#website\"},\"primaryImageOfPage\":{\"@id\":\"https:\/\/qingdaohf.com\/product\/eye-sling-hook\/#primaryimage\"},\"image\":{\"@id\":\"https:\/\/qingdaohf.com\/product\/eye-sling-hook\/#primaryimage\"},\"thumbnailUrl\":\"https:\/\/qingdaohf.com\/wp-content\/uploads\/2023\/05\/Eye-Sling-Hook-2.jpg\",\"datePublished\":\"2023-05-26T08:27:13+00:00\",\"dateModified\":\"2025-11-13T01:04:24+00:00\",\"description\":\"The Eye Sling Hook is a type of lifting hook commonly used in rigging and lifting operations.\",\"breadcrumb\":{\"@id\":\"https:\/\/qingdaohf.com\/product\/eye-sling-hook\/#breadcrumb\"},\"inLanguage\":\"tr\",\"potentialAction\":[{\"@type\":\"ReadAction\",\"target\":[\"https:\/\/qingdaohf.com\/product\/eye-sling-hook\/\"]}]},{\"@type\":\"ImageObject\",\"inLanguage\":\"tr\",\"@id\":\"https:\/\/qingdaohf.com\/product\/eye-sling-hook\/#primaryimage\",\"url\":\"https:\/\/qingdaohf.com\/wp-content\/uploads\/2023\/05\/Eye-Sling-Hook-2.jpg\",\"contentUrl\":\"https:\/\/qingdaohf.com\/wp-content\/uploads\/2023\/05\/Eye-Sling-Hook-2.jpg\",\"width\":1000,\"height\":1000,\"caption\":\"Eye Sling Hook\"},{\"@type\":\"BreadcrumbList\",\"@id\":\"https:\/\/qingdaohf.com\/product\/eye-sling-hook\/#breadcrumb\",\"itemListElement\":[{\"@type\":\"ListItem\",\"position\":1,\"name\":\"Home\",\"item\":\"https:\/\/qingdaohf.com\/\"},{\"@type\":\"ListItem\",\"position\":2,\"name\":\"Concrete Forming Accessories and Rigging Hardware\",\"item\":\"https:\/\/qingdaohf.com\/bg\/?page_id=944\"},{\"@type\":\"ListItem\",\"position\":3,\"name\":\"320 Eye Sling Hook\"}]},{\"@type\":\"WebSite\",\"@id\":\"https:\/\/qingdaohf.com\/bg\/#website\",\"url\":\"https:\/\/qingdaohf.com\/bg\/\",\"name\":\"Concrete Form & Rigging Hardware Supplier\",\"description\":\"\",\"publisher\":{\"@id\":\"https:\/\/qingdaohf.com\/bg\/#organization\"},\"potentialAction\":[{\"@type\":\"SearchAction\",\"target\":{\"@type\":\"EntryPoint\",\"urlTemplate\":\"https:\/\/qingdaohf.com\/bg\/?s={search_term_string}\"},\"query-input\":{\"@type\":\"PropertyValueSpecification\",\"valueRequired\":true,\"valueName\":\"search_term_string\"}}],\"inLanguage\":\"tr\"},{\"@type\":\"Organization\",\"@id\":\"https:\/\/qingdaohf.com\/bg\/#organization\",\"name\":\"Qingdao H&F\",\"url\":\"https:\/\/qingdaohf.com\/bg\/\",\"logo\":{\"@type\":\"ImageObject\",\"inLanguage\":\"tr\",\"@id\":\"https:\/\/qingdaohf.com\/bg\/#\/schema\/logo\/image\/\",\"url\":\"https:\/\/qingdaohf.com\/wp-content\/uploads\/2022\/12\/cropped-HF-LOGO.png\",\"contentUrl\":\"https:\/\/qingdaohf.com\/wp-content\/uploads\/2022\/12\/cropped-HF-LOGO.png\",\"width\":391,\"height\":249,\"caption\":\"Qingdao H&F\"},\"image\":{\"@id\":\"https:\/\/qingdaohf.com\/bg\/#\/schema\/logo\/image\/\"},\"sameAs\":[\"https:\/\/www.facebook.com\/qingdaohf\"]}]}<\/script>\n<!-- \/ Yoast SEO plugin. -->","yoast_head_json":{"title":"320 Eye Sling Hook","description":"The Eye Sling Hook is a type of lifting hook commonly used in rigging and lifting operations.","robots":{"index":"index","follow":"follow","max-snippet":"max-snippet:-1","max-image-preview":"max-image-preview:large","max-video-preview":"max-video-preview:-1"},"canonical":"https:\/\/qingdaohf.com\/tr\/urun\/goz-sapan-kancasi\/","og_locale":"tr_TR","og_type":"article","og_title":"320 Eye Sling Hook","og_description":"The Eye Sling Hook is a type of lifting hook commonly used in rigging and lifting operations.","og_url":"https:\/\/qingdaohf.com\/tr\/urun\/goz-sapan-kancasi\/","og_site_name":"Concrete Form &amp; Rigging Hardware Supplier","article_publisher":"https:\/\/www.facebook.com\/qingdaohf","article_modified_time":"2025-11-13T01:04:24+00:00","og_image":[{"width":1000,"height":1000,"url":"https:\/\/qingdaohf.com\/wp-content\/uploads\/2023\/05\/Eye-Sling-Hook-2.jpg","type":"image\/jpeg"}],"twitter_card":"summary_large_image","twitter_misc":{"Tahmini okuma s\u00fcresi":"4 dakika"},"schema":{"@context":"https:\/\/schema.org","@graph":[{"@type":"WebPage","@id":"https:\/\/qingdaohf.com\/product\/eye-sling-hook\/","url":"https:\/\/qingdaohf.com\/product\/eye-sling-hook\/","name":"320 Eye Sling Hook","isPartOf":{"@id":"https:\/\/qingdaohf.com\/bg\/#website"},"primaryImageOfPage":{"@id":"https:\/\/qingdaohf.com\/product\/eye-sling-hook\/#primaryimage"},"image":{"@id":"https:\/\/qingdaohf.com\/product\/eye-sling-hook\/#primaryimage"},"thumbnailUrl":"https:\/\/qingdaohf.com\/wp-content\/uploads\/2023\/05\/Eye-Sling-Hook-2.jpg","datePublished":"2023-05-26T08:27:13+00:00","dateModified":"2025-11-13T01:04:24+00:00","description":"The Eye Sling Hook is a type of lifting hook commonly used in rigging and lifting operations.","breadcrumb":{"@id":"https:\/\/qingdaohf.com\/product\/eye-sling-hook\/#breadcrumb"},"inLanguage":"tr","potentialAction":[{"@type":"ReadAction","target":["https:\/\/qingdaohf.com\/product\/eye-sling-hook\/"]}]},{"@type":"ImageObject","inLanguage":"tr","@id":"https:\/\/qingdaohf.com\/product\/eye-sling-hook\/#primaryimage","url":"https:\/\/qingdaohf.com\/wp-content\/uploads\/2023\/05\/Eye-Sling-Hook-2.jpg","contentUrl":"https:\/\/qingdaohf.com\/wp-content\/uploads\/2023\/05\/Eye-Sling-Hook-2.jpg","width":1000,"height":1000,"caption":"Eye Sling Hook"},{"@type":"BreadcrumbList","@id":"https:\/\/qingdaohf.com\/product\/eye-sling-hook\/#breadcrumb","itemListElement":[{"@type":"ListItem","position":1,"name":"Home","item":"https:\/\/qingdaohf.com\/"},{"@type":"ListItem","position":2,"name":"Concrete Forming Accessories and Rigging Hardware","item":"https:\/\/qingdaohf.com\/bg\/?page_id=944"},{"@type":"ListItem","position":3,"name":"320 Eye Sling Hook"}]},{"@type":"WebSite","@id":"https:\/\/qingdaohf.com\/bg\/#website","url":"https:\/\/qingdaohf.com\/bg\/","name":"Concrete Form & Rigging Hardware Supplier","description":"","publisher":{"@id":"https:\/\/qingdaohf.com\/bg\/#organization"},"potentialAction":[{"@type":"SearchAction","target":{"@type":"EntryPoint","urlTemplate":"https:\/\/qingdaohf.com\/bg\/?s={search_term_string}"},"query-input":{"@type":"PropertyValueSpecification","valueRequired":true,"valueName":"search_term_string"}}],"inLanguage":"tr"},{"@type":"Organization","@id":"https:\/\/qingdaohf.com\/bg\/#organization","name":"Qingdao H&F","url":"https:\/\/qingdaohf.com\/bg\/","logo":{"@type":"ImageObject","inLanguage":"tr","@id":"https:\/\/qingdaohf.com\/bg\/#\/schema\/logo\/image\/","url":"https:\/\/qingdaohf.com\/wp-content\/uploads\/2022\/12\/cropped-HF-LOGO.png","contentUrl":"https:\/\/qingdaohf.com\/wp-content\/uploads\/2022\/12\/cropped-HF-LOGO.png","width":391,"height":249,"caption":"Qingdao H&F"},"image":{"@id":"https:\/\/qingdaohf.com\/bg\/#\/schema\/logo\/image\/"},"sameAs":["https:\/\/www.facebook.com\/qingdaohf"]}]}},"_links":{"self":[{"href":"https:\/\/qingdaohf.com\/tr\/wp-json\/wp\/v2\/product\/4110","targetHints":{"allow":["GET"]}}],"collection":[{"href":"https:\/\/qingdaohf.com\/tr\/wp-json\/wp\/v2\/product"}],"about":[{"href":"https:\/\/qingdaohf.com\/tr\/wp-json\/wp\/v2\/types\/product"}],"replies":[{"embeddable":true,"href":"https:\/\/qingdaohf.com\/tr\/wp-json\/wp\/v2\/comments?post=4110"}],"version-history":[{"count":3,"href":"https:\/\/qingdaohf.com\/tr\/wp-json\/wp\/v2\/product\/4110\/revisions"}],"predecessor-version":[{"id":4117,"href":"https:\/\/qingdaohf.com\/tr\/wp-json\/wp\/v2\/product\/4110\/revisions\/4117"}],"wp:featuredmedia":[{"embeddable":true,"href":"https:\/\/qingdaohf.com\/tr\/wp-json\/wp\/v2\/media\/4111"}],"wp:attachment":[{"href":"https:\/\/qingdaohf.com\/tr\/wp-json\/wp\/v2\/media?parent=4110"}],"wp:term":[{"taxonomy":"product_brand","embeddable":true,"href":"https:\/\/qingdaohf.com\/tr\/wp-json\/wp\/v2\/product_brand?post=4110"},{"taxonomy":"product_cat","embeddable":true,"href":"https:\/\/qingdaohf.com\/tr\/wp-json\/wp\/v2\/product_cat?post=4110"},{"taxonomy":"product_tag","embeddable":true,"href":"https:\/\/qingdaohf.com\/tr\/wp-json\/wp\/v2\/product_tag?post=4110"}],"curies":[{"name":"wp","href":"https:\/\/api.w.org\/{rel}","templated":true}]}}