{"id":4232,"date":"2023-05-29T16:48:33","date_gmt":"2023-05-29T08:48:33","guid":{"rendered":"http:\/\/qingdaohf.com\/?post_type=product&#038;p=4232"},"modified":"2025-11-13T09:04:21","modified_gmt":"2025-11-13T01:04:21","slug":"eye-bolts","status":"publish","type":"product","link":"https:\/\/qingdaohf.com\/tr\/urun\/gozlu-civatalar\/","title":{"rendered":"Kald\u0131rma G\u00f6z\u00fc C\u0131vatas\u0131 DIN580 Karbon \u00c7elik Galvanizli"},"content":{"rendered":"<div class=\"ast-oembed-container\" style=\"height: 100%;\"><iframe title=\"G\u00f6z Somunu ve G\u00f6z C\u0131vatas\u0131\" width=\"500\" height=\"281\" src=\"https:\/\/www.youtube.com\/embed\/Cjopwi1wX3I?feature=oembed\" frameborder=\"0\" allow=\"accelerometer; autoplay; clipboard-write; encrypted-media; gyroscope; picture-in-picture; web-share\" referrerpolicy=\"strict-origin-when-cross-origin\" allowfullscreen><\/iframe><\/div>\n<h2 class=\"text-2xl font-bold mt-1 text-text-200\">Galvanizli G\u00f6zl\u00fc Civatalar: Dayan\u0131kl\u0131l\u0131\u011f\u0131n Performansla Bulu\u015ftu\u011fu Yer<\/h2>\n<p class=\"whitespace-pre-wrap break-words\">Zorlu d\u0131\u015f mekan ko\u015fullar\u0131na dayanabilecek g\u00fcvenilir bir donan\u0131m m\u0131 ar\u0131yorsunuz? Galvanizli delikli c\u0131vatalar tam da ihtiyac\u0131n\u0131z olan \u015fey olabilir. Bu sa\u011flam ba\u011flant\u0131 elemanlar\u0131 d\u00fcnya \u00e7ap\u0131nda \u015fantiyelerde, nakliye sahalar\u0131nda ve end\u00fcstriyel tesislerde \u00fcn kazanm\u0131\u015ft\u0131r. Uzun \u00f6m\u00fcrl\u00fc olmalar\u0131n\u0131n s\u0131rr\u0131 nedir? \u00c7elik \u00e7ekirde\u011fi pas ve korozyondan koruyan koruyucu bir \u00e7inko kaplama. Bu \u00e7ok y\u00f6nl\u00fc ba\u011flant\u0131 elemanlar\u0131n\u0131n boyutland\u0131rma se\u00e7eneklerinden pratik uygulamalar\u0131na kadar her \u015feyi ke\u015ffetmek i\u00e7in okumaya devam edin.<\/p>\n<p><img fetchpriority=\"high\" decoding=\"async\" class=\"alignnone wp-image-8959 size-full\" src=\"http:\/\/qingdaohf.com\/wp-content\/uploads\/2025\/02\/eye-bolt-4.webp\" alt=\"g\u00f6z c\u0131vatas\u0131\" width=\"1920\" height=\"1080\" srcset=\"https:\/\/qingdaohf.com\/wp-content\/uploads\/2025\/02\/eye-bolt-4.webp 1920w, https:\/\/qingdaohf.com\/wp-content\/uploads\/2025\/02\/eye-bolt-4-300x169.webp 300w, https:\/\/qingdaohf.com\/wp-content\/uploads\/2025\/02\/eye-bolt-4-1024x576.webp 1024w, https:\/\/qingdaohf.com\/wp-content\/uploads\/2025\/02\/eye-bolt-4-768x432.webp 768w, https:\/\/qingdaohf.com\/wp-content\/uploads\/2025\/02\/eye-bolt-4-1536x864.webp 1536w, https:\/\/qingdaohf.com\/wp-content\/uploads\/2025\/02\/eye-bolt-4-18x10.webp 18w, https:\/\/qingdaohf.com\/wp-content\/uploads\/2025\/02\/eye-bolt-4-1000x563.webp 1000w\" sizes=\"(max-width: 1920px) 100vw, 1920px\" \/><\/p>\n<h2 class=\"text-xl font-bold text-text-200 mt-1 -mb-0.5\">Galvanizli G\u00f6zl\u00fc C\u0131vatalar i\u00e7in Durum<\/h2>\n<p class=\"whitespace-pre-wrap break-words\">Bunlar sadece s\u0131radan ba\u011flant\u0131 elemanlar\u0131 de\u011fildir. Galvanizli delikli c\u0131vatalar ola\u011fan\u00fcst\u00fc g\u00fcc\u00fc ola\u011fan\u00fcst\u00fc g\u00fcvenilirlikle birle\u015ftirir. \u00c7inko kaplama i\u015flemi, normal \u00e7elik c\u0131vatalar\u0131 nem, tuz spreyi ve sert hava ko\u015fullar\u0131 kar\u015f\u0131s\u0131nda g\u00fclen korozyona dayan\u0131kl\u0131 g\u00fc\u00e7 merkezlerine d\u00f6n\u00fc\u015ft\u00fcr\u00fcr. Bu da onlar\u0131 denizcilik ekipmanlar\u0131, in\u015faat projeleri ve a\u011f\u0131r hizmet kald\u0131rma operasyonlar\u0131 i\u00e7in vazge\u00e7ilmez k\u0131lar.<\/p>\n<p class=\"whitespace-pre-wrap break-words\">Kaplama i\u015flemi \u00f6zellikle ak\u0131ll\u0131ca - \u00e7inko sadece orada g\u00fczel g\u00f6r\u00fcnmekle kalm\u0131yor. Alt\u0131ndaki \u00e7eli\u011fi korumak i\u00e7in aktif olarak kendini feda eder, \u00f6zellikle de tuzlu havan\u0131n daha d\u00fc\u015f\u00fck malzemeleri k\u0131sa s\u00fcrede yiyip bitirebilece\u011fi k\u0131y\u0131 b\u00f6lgelerinde \u00e7ok \u00f6nemlidir. Bu nedenle tersaneler ve okyanus k\u0131y\u0131s\u0131ndaki in\u015faat projeleri bu ba\u011flant\u0131 elemanlar\u0131na g\u00fcveniyor.<\/p>\n<p class=\"whitespace-pre-wrap break-words\">Ticaret \u015firketimiz yaln\u0131zca kat\u0131 kalite kriterlerini kar\u015f\u0131layan birinci s\u0131n\u0131f galvanizli delikli c\u0131vatalar stoklamaktad\u0131r. Hassas i\u015fler i\u00e7in k\u00fc\u00e7\u00fck M2 c\u0131vatalardan ciddi y\u00fckleri kald\u0131rabilen g\u00fc\u00e7l\u00fc M24 versiyonlar\u0131na kadar her \u015fey elimizin alt\u0131nda. Projenize hangi boyutun uygun oldu\u011fundan emin de\u011fil misiniz? Uzmanlar\u0131m\u0131z do\u011fru se\u00e7imi yapman\u0131za yard\u0131mc\u0131 olmak i\u00e7in burada.<\/p>\n<p><img decoding=\"async\" class=\"alignnone size-full wp-image-4672\" src=\"http:\/\/qingdaohf.com\/wp-content\/uploads\/2023\/05\/eye-bolt-eye-nut.jpg\" alt=\"Kald\u0131rma_g\u00f6z\u00fc_c\u0131vatalar\u0131\" width=\"1090\" height=\"725\" srcset=\"https:\/\/qingdaohf.com\/wp-content\/uploads\/2023\/05\/eye-bolt-eye-nut.jpg 1090w, https:\/\/qingdaohf.com\/wp-content\/uploads\/2023\/05\/eye-bolt-eye-nut-300x200.jpg 300w, https:\/\/qingdaohf.com\/wp-content\/uploads\/2023\/05\/eye-bolt-eye-nut-1024x681.jpg 1024w, https:\/\/qingdaohf.com\/wp-content\/uploads\/2023\/05\/eye-bolt-eye-nut-768x511.jpg 768w, https:\/\/qingdaohf.com\/wp-content\/uploads\/2023\/05\/eye-bolt-eye-nut-1000x665.jpg 1000w\" sizes=\"(max-width: 1090px) 100vw, 1090px\" \/><\/p>\n<h2 class=\"text-xl font-bold text-text-200 mt-1 -mb-0.5\">Galvanizli ve Paslanmaz \u00c7elik G\u00f6zl\u00fc Civatalar: Pratik Bir Kar\u015f\u0131la\u015ft\u0131rma<\/h2>\n<h3 class=\"text-lg font-bold text-text-200 mt-1 -mb-1.5\">Korozyon Savunmas\u0131<\/h3>\n<ul class=\"[&amp;:not(:last-child)_ul]:pb-1 [&amp;:not(:last-child)_ol]:pb-1 list-disc space-y-1.5 pl-7\">\n<li class=\"whitespace-normal break-words\">Galvanizli delikli c\u0131vatalar korumalar\u0131n\u0131 daha \u00f6nce bahsetti\u011fimiz \u00e7inko banyosundan al\u0131rlar. Kaplama, neme ve a\u015f\u0131nd\u0131r\u0131c\u0131 unsurlara kar\u015f\u0131 sa\u011flam bir bariyer olu\u015fturur, d\u0131\u015f mekan ve denizcilik uygulamalar\u0131 i\u00e7in m\u00fckemmeldir.<\/li>\n<li class=\"whitespace-normal break-words\">Paslanmaz \u00e7elik delikli c\u0131vatalar korozyonla farkl\u0131 \u015fekilde m\u00fccadele eder - ala\u015f\u0131mdaki krom pasa kar\u015f\u0131 g\u00f6r\u00fcnmez bir kalkan olu\u015fturur. Donan\u0131m\u0131n performans\u0131 kadar iyi g\u00f6r\u00fcnmesi gereken uygulamalar i\u00e7in \u00f6zellikle iyidirler.<\/li>\n<\/ul>\n<h3 class=\"text-lg font-bold text-text-200 mt-1 -mb-1.5\">Dayan\u0131kl\u0131l\u0131k ve Uzun \u00d6m\u00fcrl\u00fcl\u00fck<\/h3>\n<ul class=\"[&amp;:not(:last-child)_ul]:pb-1 [&amp;:not(:last-child)_ol]:pb-1 list-disc space-y-1.5 pl-7\">\n<li class=\"whitespace-normal break-words\">Galvanizli se\u00e7enekler, \u00e7o\u011fu a\u011f\u0131r i\u015f i\u00e7in olduk\u00e7a g\u00fc\u00e7l\u00fcd\u00fcr. Bu \u00e7inko katman ekstra esneklik katar, bu da in\u015faat ve imalat alan\u0131ndaki pop\u00fclerliklerini a\u00e7\u0131klar.<\/li>\n<li class=\"whitespace-normal break-words\">Paslanmaz \u00e7elik, \u00fcst\u00fcn mukavemet ve a\u015f\u0131nma direnci sunarak \u00e7\u0131tay\u0131 daha da y\u00fckseltir. A\u015f\u0131r\u0131 s\u0131cakl\u0131klarla da daha iyi ba\u015fa \u00e7\u0131kt\u0131klar\u0131ndan zorlu ortamlar i\u00e7in tercih edilirler.<\/li>\n<\/ul>\n<h3 class=\"text-lg font-bold text-text-200 mt-1 -mb-1.5\">G\u00f6rsel Etki<\/h3>\n<ul class=\"[&amp;:not(:last-child)_ul]:pb-1 [&amp;:not(:last-child)_ol]:pb-1 list-disc space-y-1.5 pl-7\">\n<li class=\"whitespace-normal break-words\">Galvanizli c\u0131vatalar pratik, end\u00fcstriyel bir g\u00f6r\u00fcn\u00fcme sahiptir. G\u00fczellik yar\u0131\u015fmalar\u0131n\u0131 kazanmaya \u00e7al\u0131\u015fm\u0131yorlar - \u00e7al\u0131\u015fmak i\u00e7in buradalar.<\/li>\n<li class=\"whitespace-normal break-words\">Paslanmaz \u00e7elik masaya hem g\u00fc\u00e7 hem de g\u00fczellik getirir. Parlak g\u00f6r\u00fcn\u00fcmleri, esteti\u011fin \u00f6nemli oldu\u011fu mimari projelerde pop\u00fcler olmalar\u0131n\u0131 sa\u011flar.<\/li>\n<\/ul>\n<h3 class=\"text-lg font-bold text-text-200 mt-1 -mb-1.5\">De\u011fer \u00d6nerisi<\/h3>\n<ul class=\"[&amp;:not(:last-child)_ul]:pb-1 [&amp;:not(:last-child)_ol]:pb-1 list-disc space-y-1.5 pl-7\">\n<li class=\"whitespace-normal break-words\">Galvanizli c\u0131vatalar b\u00fct\u00e7enizi sarsmadan sa\u011flam performans sunar. B\u00fct\u00e7enizi a\u015fmadan g\u00fcvenilirli\u011fe ihtiya\u00e7 duydu\u011funuzda ak\u0131ll\u0131ca bir se\u00e7imdir.<\/li>\n<li class=\"whitespace-normal break-words\">Paslanmaz \u00e7elik, \u00fcst\u00fcn \u00f6zelliklerini yans\u0131tan birinci s\u0131n\u0131f bir fiyata sahiptir. Ekstra maliyet genellikle maksimum performans gerektiren \u00f6zel uygulamalarda kar\u015f\u0131l\u0131\u011f\u0131n\u0131 verir.<\/li>\n<\/ul>\n<h2 class=\"text-xl font-bold text-text-200 mt-1 -mb-0.5\">Boyut \u00d6nemlidir: M2'den M24'e<\/h2>\n<p class=\"whitespace-pre-wrap break-words\">\u00dcr\u00fcn yelpazemiz M2'den M24'e kadar her \u015feyi kapsar ve projeniz i\u00e7in m\u00fckemmel uyumu bulman\u0131z\u0131 sa\u011flar:<\/p>\n<p class=\"whitespace-pre-wrap break-words\">M2 modelleri hafif hizmet uygulamalar\u0131n\u0131n \u00fcstesinden g\u00fczel bir \u015fekilde gelir, daha k\u00fc\u00e7\u00fck makineler ve inceliklerin kaba kuvvetten daha \u00f6nemli oldu\u011fu projeler i\u00e7in idealdir.<\/p>\n<p class=\"whitespace-pre-wrap break-words\">Di\u011fer u\u00e7ta, M24 varyantlar\u0131 ailenin a\u011f\u0131r toplar\u0131d\u0131r. Bu sa\u011flam ba\u011flant\u0131 elemanlar\u0131 in\u015faat, a\u011f\u0131r ekipman kullan\u0131m\u0131 ve ciddi kald\u0131rma g\u00fcc\u00fc gerektiren her yerde m\u00fckemmeldir.<\/p>\n<p class=\"whitespace-pre-wrap break-words\">Unutmay\u0131n - do\u011fru boyutu se\u00e7mek sadece tercihle ilgili de\u011fil, g\u00fcvenlikle de ilgilidir. Ekibimiz, \u00f6zel gereksinimlerinize g\u00f6re bilin\u00e7li bir karar vermenize yard\u0131mc\u0131 olmaya haz\u0131rd\u0131r.<\/p>\n<h2 class=\"text-xl font-bold text-text-200 mt-1 -mb-0.5\">Deneyimli Ortak<\/h2>\n<p class=\"whitespace-pre-wrap break-words\">Donan\u0131mdan daha fazlas\u0131n\u0131 sunmaya inan\u0131yoruz. Taahh\u00fcd\u00fcm\u00fcz \u015funlar\u0131 i\u00e7erir:<\/p>\n<p class=\"whitespace-pre-wrap break-words\">Uzman Rehberli\u011fi: Tam olarak ihtiyac\u0131n\u0131z olan\u0131 bulmak i\u00e7in ki\u015fiselle\u015ftirilmi\u015f destek al\u0131n. H\u0131zl\u0131 Nakliye: \u00c7\u00fcnk\u00fc beklemek proje zaman \u00e7izelgenizin bir par\u00e7as\u0131 de\u011fildir. Titiz Testler: Her c\u0131vata depomuzdan \u00e7\u0131kmadan \u00f6nce s\u0131k\u0131 kalite kontrollerinden ge\u00e7er.<\/p>\n<p class=\"whitespace-pre-wrap break-words\">\u015eirketimizi se\u00e7erek, birinci s\u0131n\u0131f galvanizli delikli c\u0131vatalardan daha fazlas\u0131n\u0131 elde edersiniz - projenizin ba\u015far\u0131s\u0131na yat\u0131r\u0131m yapan bir ortak kazan\u0131rs\u0131n\u0131z. \u00dcr\u00fcnlerimiz, uygulaman\u0131z hangi zorluklarla kar\u015f\u0131la\u015f\u0131rsa kar\u015f\u0131la\u015fs\u0131n g\u00fcvenilir bir performans g\u00f6sterecek \u015fekilde tasarlanm\u0131\u015ft\u0131r.<\/p>","protected":false},"excerpt":{"rendered":"<p>M2 ila M24 galvanizli delikli c\u0131vatalar\u0131m\u0131z \u00e7e\u015fitli kald\u0131rma ve sabitleme uygulamalar\u0131 i\u00e7in idealdir. Y\u00fcksek d\u00fczeyde g\u00fc\u00e7 ve dayan\u0131kl\u0131l\u0131kla \u00fcretilen c\u0131vatalar\u0131m\u0131z zorlu ko\u015fullar alt\u0131nda optimum g\u00fcvenilirlik i\u00e7in tasarlanm\u0131\u015ft\u0131r. A\u011f\u0131r y\u00fcklemeden g\u00fcvenli bir tutu\u015f gerektiren end\u00fcstriyel sabitlemeye kadar, delikli c\u0131vatalar\u0131m\u0131z y\u00fcksek performansl\u0131 sonu\u00e7lar sa\u011flar. Bire bir m\u00fc\u015fteri hizmetleri sunuyoruz, b\u00f6ylece t\u00fcm sorular\u0131n\u0131z hemen yan\u0131tlan\u0131yor. H\u0131zl\u0131y\u0131z ve ayr\u0131ca sat\u0131n almadan teslimata kadar hatas\u0131z bir deneyim i\u00e7in ayr\u0131nt\u0131l\u0131 kalite kontrol raporlar\u0131 sunuyoruz. Bir sonraki projeniz i\u00e7in galvanizli delikli c\u0131vatalar\u0131m\u0131za g\u00fcvenin ve en iyisini ald\u0131\u011f\u0131n\u0131zdan emin olun.<\/p>","protected":false},"featured_media":8968,"comment_status":"open","ping_status":"closed","template":"","meta":{"site-sidebar-layout":"default","site-content-layout":"default","ast-site-content-layout":"default","site-content-style":"default","site-sidebar-style":"default","ast-global-header-display":"","ast-banner-title-visibility":"","ast-main-header-display":"","ast-hfb-above-header-display":"","ast-hfb-below-header-display":"","ast-hfb-mobile-header-display":"","site-post-title":"","ast-breadcrumbs-content":"","ast-featured-img":"","footer-sml-layout":"","theme-transparent-header-meta":"default","adv-header-id-meta":"","stick-header-meta":"default","header-above-stick-meta":"","header-main-stick-meta":"","header-below-stick-meta":"","astra-migrate-meta-layouts":"set","ast-page-background-enabled":"default","ast-page-background-meta":{"desktop":{"background-color":"","background-image":"","background-repeat":"repeat","background-position":"center center","background-size":"auto","background-attachment":"scroll","background-type":"","background-media":"","overlay-type":"","overlay-color":"","overlay-opacity":"","overlay-gradient":""},"tablet":{"background-color":"","background-image":"","background-repeat":"repeat","background-position":"center center","background-size":"auto","background-attachment":"scroll","background-type":"","background-media":"","overlay-type":"","overlay-color":"","overlay-opacity":"","overlay-gradient":""},"mobile":{"background-color":"","background-image":"","background-repeat":"repeat","background-position":"center center","background-size":"auto","background-attachment":"scroll","background-type":"","background-media":"","overlay-type":"","overlay-color":"","overlay-opacity":"","overlay-gradient":""}},"ast-content-background-meta":{"desktop":{"background-color":"var(--ast-global-color-5)","background-image":"","background-repeat":"repeat","background-position":"center center","background-size":"auto","background-attachment":"scroll","background-type":"","background-media":"","overlay-type":"","overlay-color":"","overlay-opacity":"","overlay-gradient":""},"tablet":{"background-color":"var(--ast-global-color-5)","background-image":"","background-repeat":"repeat","background-position":"center center","background-size":"auto","background-attachment":"scroll","background-type":"","background-media":"","overlay-type":"","overlay-color":"","overlay-opacity":"","overlay-gradient":""},"mobile":{"background-color":"var(--ast-global-color-5)","background-image":"","background-repeat":"repeat","background-position":"center center","background-size":"auto","background-attachment":"scroll","background-type":"","background-media":"","overlay-type":"","overlay-color":"","overlay-opacity":"","overlay-gradient":""}}},"product_brand":[],"product_cat":[43],"product_tag":[],"class_list":{"0":"post-4232","1":"product","2":"type-product","3":"status-publish","4":"has-post-thumbnail","6":"product_cat-rigging-hardware","7":"desktop-align-left","8":"tablet-align-left","9":"mobile-align-left","10":"ast-product-gallery-layout-horizontal-slider","11":"ast-product-tabs-layout-horizontal","13":"first","14":"instock","15":"shipping-taxable","16":"purchasable","17":"product-type-simple"},"yoast_head":"<!-- This site is optimized with the Yoast SEO plugin v25.2 - https:\/\/yoast.com\/wordpress\/plugins\/seo\/ -->\n<title>Lifting Eye Bolt DIN580 Carbon Steel Galvanized<\/title>\n<meta name=\"description\" content=\"Eye bolts are specialized fasteners designed to provide a secure and reliable anchor point for lifting, rigging, or suspending applications.\" \/>\n<meta name=\"robots\" content=\"index, follow, max-snippet:-1, max-image-preview:large, max-video-preview:-1\" \/>\n<link rel=\"canonical\" href=\"https:\/\/qingdaohf.com\/tr\/urun\/gozlu-civatalar\/\" \/>\n<meta property=\"og:locale\" content=\"tr_TR\" \/>\n<meta property=\"og:type\" content=\"article\" \/>\n<meta property=\"og:title\" content=\"Lifting Eye Bolt DIN580 Carbon Steel Galvanized\" \/>\n<meta property=\"og:description\" content=\"Eye bolts are specialized fasteners designed to provide a secure and reliable anchor point for lifting, rigging, or suspending applications.\" \/>\n<meta property=\"og:url\" content=\"https:\/\/qingdaohf.com\/tr\/urun\/gozlu-civatalar\/\" \/>\n<meta property=\"og:site_name\" content=\"Concrete Form &amp; Rigging Hardware Supplier\" \/>\n<meta property=\"article:publisher\" content=\"https:\/\/www.facebook.com\/qingdaohf\" \/>\n<meta property=\"article:modified_time\" content=\"2025-11-13T01:04:21+00:00\" \/>\n<meta property=\"og:image\" content=\"https:\/\/qingdaohf.com\/wp-content\/uploads\/2023\/05\/eye-bolt-9.webp\" \/>\n\t<meta property=\"og:image:width\" content=\"1000\" \/>\n\t<meta property=\"og:image:height\" content=\"1000\" \/>\n\t<meta property=\"og:image:type\" content=\"image\/webp\" \/>\n<meta name=\"twitter:card\" content=\"summary_large_image\" \/>\n<meta name=\"twitter:label1\" content=\"Tahmini okuma s\u00fcresi\" \/>\n\t<meta name=\"twitter:data1\" content=\"4 dakika\" \/>\n<script type=\"application\/ld+json\" class=\"yoast-schema-graph\">{\"@context\":\"https:\/\/schema.org\",\"@graph\":[{\"@type\":\"WebPage\",\"@id\":\"https:\/\/qingdaohf.com\/product\/eye-bolts\/\",\"url\":\"https:\/\/qingdaohf.com\/product\/eye-bolts\/\",\"name\":\"Lifting Eye Bolt DIN580 Carbon Steel Galvanized\",\"isPartOf\":{\"@id\":\"https:\/\/qingdaohf.com\/bg\/#website\"},\"primaryImageOfPage\":{\"@id\":\"https:\/\/qingdaohf.com\/product\/eye-bolts\/#primaryimage\"},\"image\":{\"@id\":\"https:\/\/qingdaohf.com\/product\/eye-bolts\/#primaryimage\"},\"thumbnailUrl\":\"https:\/\/qingdaohf.com\/wp-content\/uploads\/2023\/05\/eye-bolt-9.webp\",\"datePublished\":\"2023-05-29T08:48:33+00:00\",\"dateModified\":\"2025-11-13T01:04:21+00:00\",\"description\":\"Eye bolts are specialized fasteners designed to provide a secure and reliable anchor point for lifting, rigging, or suspending applications.\",\"breadcrumb\":{\"@id\":\"https:\/\/qingdaohf.com\/product\/eye-bolts\/#breadcrumb\"},\"inLanguage\":\"tr\",\"potentialAction\":[{\"@type\":\"ReadAction\",\"target\":[\"https:\/\/qingdaohf.com\/product\/eye-bolts\/\"]}]},{\"@type\":\"ImageObject\",\"inLanguage\":\"tr\",\"@id\":\"https:\/\/qingdaohf.com\/product\/eye-bolts\/#primaryimage\",\"url\":\"https:\/\/qingdaohf.com\/wp-content\/uploads\/2023\/05\/eye-bolt-9.webp\",\"contentUrl\":\"https:\/\/qingdaohf.com\/wp-content\/uploads\/2023\/05\/eye-bolt-9.webp\",\"width\":1000,\"height\":1000,\"caption\":\"eye bolt\"},{\"@type\":\"BreadcrumbList\",\"@id\":\"https:\/\/qingdaohf.com\/product\/eye-bolts\/#breadcrumb\",\"itemListElement\":[{\"@type\":\"ListItem\",\"position\":1,\"name\":\"Home\",\"item\":\"https:\/\/qingdaohf.com\/\"},{\"@type\":\"ListItem\",\"position\":2,\"name\":\"Concrete Forming Accessories and Rigging Hardware\",\"item\":\"https:\/\/qingdaohf.com\/bg\/?page_id=944\"},{\"@type\":\"ListItem\",\"position\":3,\"name\":\"Lifting Eye Bolt DIN580 Carbon Steel Galvanized\"}]},{\"@type\":\"WebSite\",\"@id\":\"https:\/\/qingdaohf.com\/bg\/#website\",\"url\":\"https:\/\/qingdaohf.com\/bg\/\",\"name\":\"Concrete Form & Rigging Hardware Supplier\",\"description\":\"\",\"publisher\":{\"@id\":\"https:\/\/qingdaohf.com\/bg\/#organization\"},\"potentialAction\":[{\"@type\":\"SearchAction\",\"target\":{\"@type\":\"EntryPoint\",\"urlTemplate\":\"https:\/\/qingdaohf.com\/bg\/?s={search_term_string}\"},\"query-input\":{\"@type\":\"PropertyValueSpecification\",\"valueRequired\":true,\"valueName\":\"search_term_string\"}}],\"inLanguage\":\"tr\"},{\"@type\":\"Organization\",\"@id\":\"https:\/\/qingdaohf.com\/bg\/#organization\",\"name\":\"Qingdao H&F\",\"url\":\"https:\/\/qingdaohf.com\/bg\/\",\"logo\":{\"@type\":\"ImageObject\",\"inLanguage\":\"tr\",\"@id\":\"https:\/\/qingdaohf.com\/bg\/#\/schema\/logo\/image\/\",\"url\":\"https:\/\/qingdaohf.com\/wp-content\/uploads\/2022\/12\/cropped-HF-LOGO.png\",\"contentUrl\":\"https:\/\/qingdaohf.com\/wp-content\/uploads\/2022\/12\/cropped-HF-LOGO.png\",\"width\":391,\"height\":249,\"caption\":\"Qingdao H&F\"},\"image\":{\"@id\":\"https:\/\/qingdaohf.com\/bg\/#\/schema\/logo\/image\/\"},\"sameAs\":[\"https:\/\/www.facebook.com\/qingdaohf\"]}]}<\/script>\n<!-- \/ Yoast SEO plugin. -->","yoast_head_json":{"title":"Lifting Eye Bolt DIN580 Carbon Steel Galvanized","description":"Eye bolts are specialized fasteners designed to provide a secure and reliable anchor point for lifting, rigging, or suspending applications.","robots":{"index":"index","follow":"follow","max-snippet":"max-snippet:-1","max-image-preview":"max-image-preview:large","max-video-preview":"max-video-preview:-1"},"canonical":"https:\/\/qingdaohf.com\/tr\/urun\/gozlu-civatalar\/","og_locale":"tr_TR","og_type":"article","og_title":"Lifting Eye Bolt DIN580 Carbon Steel Galvanized","og_description":"Eye bolts are specialized fasteners designed to provide a secure and reliable anchor point for lifting, rigging, or suspending applications.","og_url":"https:\/\/qingdaohf.com\/tr\/urun\/gozlu-civatalar\/","og_site_name":"Concrete Form &amp; Rigging Hardware Supplier","article_publisher":"https:\/\/www.facebook.com\/qingdaohf","article_modified_time":"2025-11-13T01:04:21+00:00","og_image":[{"width":1000,"height":1000,"url":"https:\/\/qingdaohf.com\/wp-content\/uploads\/2023\/05\/eye-bolt-9.webp","type":"image\/webp"}],"twitter_card":"summary_large_image","twitter_misc":{"Tahmini okuma s\u00fcresi":"4 dakika"},"schema":{"@context":"https:\/\/schema.org","@graph":[{"@type":"WebPage","@id":"https:\/\/qingdaohf.com\/product\/eye-bolts\/","url":"https:\/\/qingdaohf.com\/product\/eye-bolts\/","name":"Lifting Eye Bolt DIN580 Carbon Steel Galvanized","isPartOf":{"@id":"https:\/\/qingdaohf.com\/bg\/#website"},"primaryImageOfPage":{"@id":"https:\/\/qingdaohf.com\/product\/eye-bolts\/#primaryimage"},"image":{"@id":"https:\/\/qingdaohf.com\/product\/eye-bolts\/#primaryimage"},"thumbnailUrl":"https:\/\/qingdaohf.com\/wp-content\/uploads\/2023\/05\/eye-bolt-9.webp","datePublished":"2023-05-29T08:48:33+00:00","dateModified":"2025-11-13T01:04:21+00:00","description":"Eye bolts are specialized fasteners designed to provide a secure and reliable anchor point for lifting, rigging, or suspending applications.","breadcrumb":{"@id":"https:\/\/qingdaohf.com\/product\/eye-bolts\/#breadcrumb"},"inLanguage":"tr","potentialAction":[{"@type":"ReadAction","target":["https:\/\/qingdaohf.com\/product\/eye-bolts\/"]}]},{"@type":"ImageObject","inLanguage":"tr","@id":"https:\/\/qingdaohf.com\/product\/eye-bolts\/#primaryimage","url":"https:\/\/qingdaohf.com\/wp-content\/uploads\/2023\/05\/eye-bolt-9.webp","contentUrl":"https:\/\/qingdaohf.com\/wp-content\/uploads\/2023\/05\/eye-bolt-9.webp","width":1000,"height":1000,"caption":"eye bolt"},{"@type":"BreadcrumbList","@id":"https:\/\/qingdaohf.com\/product\/eye-bolts\/#breadcrumb","itemListElement":[{"@type":"ListItem","position":1,"name":"Home","item":"https:\/\/qingdaohf.com\/"},{"@type":"ListItem","position":2,"name":"Concrete Forming Accessories and Rigging Hardware","item":"https:\/\/qingdaohf.com\/bg\/?page_id=944"},{"@type":"ListItem","position":3,"name":"Lifting Eye Bolt DIN580 Carbon Steel Galvanized"}]},{"@type":"WebSite","@id":"https:\/\/qingdaohf.com\/bg\/#website","url":"https:\/\/qingdaohf.com\/bg\/","name":"Concrete Form & Rigging Hardware Supplier","description":"","publisher":{"@id":"https:\/\/qingdaohf.com\/bg\/#organization"},"potentialAction":[{"@type":"SearchAction","target":{"@type":"EntryPoint","urlTemplate":"https:\/\/qingdaohf.com\/bg\/?s={search_term_string}"},"query-input":{"@type":"PropertyValueSpecification","valueRequired":true,"valueName":"search_term_string"}}],"inLanguage":"tr"},{"@type":"Organization","@id":"https:\/\/qingdaohf.com\/bg\/#organization","name":"Qingdao H&F","url":"https:\/\/qingdaohf.com\/bg\/","logo":{"@type":"ImageObject","inLanguage":"tr","@id":"https:\/\/qingdaohf.com\/bg\/#\/schema\/logo\/image\/","url":"https:\/\/qingdaohf.com\/wp-content\/uploads\/2022\/12\/cropped-HF-LOGO.png","contentUrl":"https:\/\/qingdaohf.com\/wp-content\/uploads\/2022\/12\/cropped-HF-LOGO.png","width":391,"height":249,"caption":"Qingdao H&F"},"image":{"@id":"https:\/\/qingdaohf.com\/bg\/#\/schema\/logo\/image\/"},"sameAs":["https:\/\/www.facebook.com\/qingdaohf"]}]}},"_links":{"self":[{"href":"https:\/\/qingdaohf.com\/tr\/wp-json\/wp\/v2\/product\/4232","targetHints":{"allow":["GET"]}}],"collection":[{"href":"https:\/\/qingdaohf.com\/tr\/wp-json\/wp\/v2\/product"}],"about":[{"href":"https:\/\/qingdaohf.com\/tr\/wp-json\/wp\/v2\/types\/product"}],"replies":[{"embeddable":true,"href":"https:\/\/qingdaohf.com\/tr\/wp-json\/wp\/v2\/comments?post=4232"}],"version-history":[{"count":5,"href":"https:\/\/qingdaohf.com\/tr\/wp-json\/wp\/v2\/product\/4232\/revisions"}],"predecessor-version":[{"id":4561,"href":"https:\/\/qingdaohf.com\/tr\/wp-json\/wp\/v2\/product\/4232\/revisions\/4561"}],"wp:featuredmedia":[{"embeddable":true,"href":"https:\/\/qingdaohf.com\/tr\/wp-json\/wp\/v2\/media\/8968"}],"wp:attachment":[{"href":"https:\/\/qingdaohf.com\/tr\/wp-json\/wp\/v2\/media?parent=4232"}],"wp:term":[{"taxonomy":"product_brand","embeddable":true,"href":"https:\/\/qingdaohf.com\/tr\/wp-json\/wp\/v2\/product_brand?post=4232"},{"taxonomy":"product_cat","embeddable":true,"href":"https:\/\/qingdaohf.com\/tr\/wp-json\/wp\/v2\/product_cat?post=4232"},{"taxonomy":"product_tag","embeddable":true,"href":"https:\/\/qingdaohf.com\/tr\/wp-json\/wp\/v2\/product_tag?post=4232"}],"curies":[{"name":"wp","href":"https:\/\/api.w.org\/{rel}","templated":true}]}}