{"id":4244,"date":"2023-05-29T17:11:01","date_gmt":"2023-05-29T09:11:01","guid":{"rendered":"http:\/\/qingdaohf.com\/?post_type=product&#038;p=4244"},"modified":"2025-11-13T09:04:21","modified_gmt":"2025-11-13T01:04:21","slug":"welded-d-ring","status":"publish","type":"product","link":"https:\/\/qingdaohf.com\/tr\/urun\/kaynakli-d-halkasi\/","title":{"rendered":"Kaynakl\u0131 D Halkas\u0131"},"content":{"rendered":"<div class=\"ast-oembed-container\" style=\"height: 100%;\"><iframe title=\"Kaynakl\u0131 D Halka Arma Donan\u0131m\u0131\" width=\"500\" height=\"281\" src=\"https:\/\/www.youtube.com\/embed\/XeWw4iTp6fE?feature=oembed\" frameborder=\"0\" allow=\"accelerometer; autoplay; clipboard-write; encrypted-media; gyroscope; picture-in-picture; web-share\" referrerpolicy=\"strict-origin-when-cross-origin\" allowfullscreen><\/iframe><\/div>\n<p>Kaynakl\u0131 D halkas\u0131 tipik olarak y\u00fcksek mukavemetli \u00e7elikten veya paslanmaz \u00e7elikten yap\u0131l\u0131r, bu da ola\u011fan\u00fcst\u00fc dayan\u0131kl\u0131l\u0131k ve korozyona kar\u015f\u0131 diren\u00e7 sunar. D \u015feklindeki tasar\u0131m\u0131, d\u00fcz bir tabana ve \"D\" harfini and\u0131ran iki yuvarlak kenara sahip kapal\u0131 bir halkaya sahiptir. D halkas\u0131, metal bir \u00e7ubu\u011fun u\u00e7lar\u0131n\u0131n birbirine kaynaklanmas\u0131yla olu\u015fturulur ve sa\u011flam ve g\u00fcvenli bir ba\u011flant\u0131 olu\u015fturur.<\/p>\n<p>Kaynakl\u0131 D halkas\u0131n\u0131n en \u00f6nemli avantajlar\u0131ndan biri g\u00fcc\u00fc ve y\u00fck ta\u015f\u0131ma kapasitesidir. Kaynak i\u015flemi g\u00fc\u00e7l\u00fc ve kesintisiz bir ba\u011flant\u0131 sa\u011flayarak D halkas\u0131n\u0131n a\u011f\u0131r y\u00fcklere dayanmas\u0131na ve g\u00fcvenilir bir ba\u011flant\u0131 noktas\u0131 sa\u011flamas\u0131na olanak tan\u0131r. D halkas\u0131n\u0131n d\u00fcz taban\u0131, duvar, zemin veya ekipman gibi \u00e7e\u015fitli y\u00fczeylere kolay montaj veya kurulum sa\u011flar.<\/p>\n<p>Kaynakl\u0131 D halkas\u0131n\u0131n \u00e7ok y\u00f6nl\u00fcl\u00fc\u011f\u00fc onu \u00e7ok \u00e7e\u015fitli uygulamalar i\u00e7in uygun hale getirir. \u0130n\u015faat, ta\u015f\u0131mac\u0131l\u0131k ve e\u011flence faaliyetleri gibi sekt\u00f6rlerde yayg\u0131n olarak kullan\u0131l\u0131r. Kargo sabitleme sistemlerinde, kald\u0131rma ekipmanlar\u0131nda, ko\u015fum tak\u0131mlar\u0131nda ve \u00e7ekme uygulamalar\u0131nda bulunabilir. D halkas\u0131 g\u00fcvenli bir ba\u011flant\u0131 noktas\u0131 sa\u011flayarak y\u00fcklerin verimli ve g\u00fcvenli bir \u015fekilde ta\u015f\u0131nmas\u0131na olanak tan\u0131r.<\/p>\n<p>Kaynakl\u0131 D halkalar\u0131 kullan\u0131rken g\u00fcvenlik \u00e7ok \u00f6nemlidir. D halkas\u0131n\u0131n uygun \u015fekilde monte edildi\u011finden ve uygun ba\u011flant\u0131 noktas\u0131na g\u00fcvenli bir \u015fekilde ba\u011fland\u0131\u011f\u0131ndan emin olmak \u00f6nemlidir. D-halkas\u0131n\u0131n b\u00fct\u00fcnl\u00fc\u011f\u00fcn\u00fc tehlikeye atabilecek herhangi bir a\u015f\u0131nma, deformasyon veya hasar belirtisini tespit etmek i\u00e7in d\u00fczenli inceleme yap\u0131lmal\u0131d\u0131r. G\u00fcvenli operasyonlar\u0131 s\u00fcrd\u00fcrmek i\u00e7in hasarl\u0131 veya y\u0131pranm\u0131\u015f D halkalar\u0131 derhal de\u011fi\u015ftirilmelidir.<\/p>","protected":false},"excerpt":{"rendered":"<p>Kaynakl\u0131 D halkas\u0131, y\u00fcklerin kald\u0131r\u0131lmas\u0131, donat\u0131lmas\u0131 ve sabitlenmesi dahil olmak \u00fczere \u00e7e\u015fitli uygulamalarda yayg\u0131n olarak kullan\u0131lan \u00e7ok y\u00f6nl\u00fc ve sa\u011flam bir donan\u0131m bile\u015fenidir. Kay\u0131\u015flar\u0131, halatlar\u0131, zincirleri veya di\u011fer aksesuarlar\u0131 ba\u011flamak i\u00e7in g\u00fcvenilir bir ba\u011flant\u0131 noktas\u0131 sa\u011flamak \u00fczere tasarlanm\u0131\u015ft\u0131r.<\/p>","protected":false},"featured_media":4245,"comment_status":"open","ping_status":"closed","template":"","meta":{"site-sidebar-layout":"default","site-content-layout":"default","ast-site-content-layout":"","site-content-style":"default","site-sidebar-style":"default","ast-global-header-display":"","ast-banner-title-visibility":"","ast-main-header-display":"","ast-hfb-above-header-display":"","ast-hfb-below-header-display":"","ast-hfb-mobile-header-display":"","site-post-title":"","ast-breadcrumbs-content":"","ast-featured-img":"","footer-sml-layout":"","theme-transparent-header-meta":"default","adv-header-id-meta":"","stick-header-meta":"default","header-above-stick-meta":"","header-main-stick-meta":"","header-below-stick-meta":"","astra-migrate-meta-layouts":"default","ast-page-background-enabled":"default","ast-page-background-meta":{"desktop":{"background-color":"","background-image":"","background-repeat":"repeat","background-position":"center center","background-size":"auto","background-attachment":"scroll","background-type":"","background-media":"","overlay-type":"","overlay-color":"","overlay-opacity":"","overlay-gradient":""},"tablet":{"background-color":"","background-image":"","background-repeat":"repeat","background-position":"center center","background-size":"auto","background-attachment":"scroll","background-type":"","background-media":"","overlay-type":"","overlay-color":"","overlay-opacity":"","overlay-gradient":""},"mobile":{"background-color":"","background-image":"","background-repeat":"repeat","background-position":"center center","background-size":"auto","background-attachment":"scroll","background-type":"","background-media":"","overlay-type":"","overlay-color":"","overlay-opacity":"","overlay-gradient":""}},"ast-content-background-meta":{"desktop":{"background-color":"var(--ast-global-color-5)","background-image":"","background-repeat":"repeat","background-position":"center center","background-size":"auto","background-attachment":"scroll","background-type":"","background-media":"","overlay-type":"","overlay-color":"","overlay-opacity":"","overlay-gradient":""},"tablet":{"background-color":"var(--ast-global-color-5)","background-image":"","background-repeat":"repeat","background-position":"center center","background-size":"auto","background-attachment":"scroll","background-type":"","background-media":"","overlay-type":"","overlay-color":"","overlay-opacity":"","overlay-gradient":""},"mobile":{"background-color":"var(--ast-global-color-5)","background-image":"","background-repeat":"repeat","background-position":"center center","background-size":"auto","background-attachment":"scroll","background-type":"","background-media":"","overlay-type":"","overlay-color":"","overlay-opacity":"","overlay-gradient":""}}},"product_brand":[],"product_cat":[43],"product_tag":[],"class_list":{"0":"post-4244","1":"product","2":"type-product","3":"status-publish","4":"has-post-thumbnail","6":"product_cat-rigging-hardware","7":"desktop-align-left","8":"tablet-align-left","9":"mobile-align-left","10":"ast-product-gallery-layout-horizontal-slider","11":"ast-product-tabs-layout-horizontal","13":"first","14":"instock","15":"shipping-taxable","16":"purchasable","17":"product-type-simple"},"yoast_head":"<!-- This site is optimized with the Yoast SEO plugin v25.2 - https:\/\/yoast.com\/wordpress\/plugins\/seo\/ -->\n<title>Welded D Ring<\/title>\n<meta name=\"description\" content=\"The welded D-ring is a versatile and sturdy hardware component commonly used in various applications, including lifting, rigging, and securing loads. It is designed to provide a reliable attachment point for connecting straps, ropes, chains, or other accessories.\" \/>\n<meta name=\"robots\" content=\"index, follow, max-snippet:-1, max-image-preview:large, max-video-preview:-1\" \/>\n<link rel=\"canonical\" href=\"https:\/\/qingdaohf.com\/tr\/urun\/kaynakli-d-halkasi\/\" \/>\n<meta property=\"og:locale\" content=\"tr_TR\" \/>\n<meta property=\"og:type\" content=\"article\" \/>\n<meta property=\"og:title\" content=\"Welded D Ring\" \/>\n<meta property=\"og:description\" content=\"The welded D-ring is a versatile and sturdy hardware component commonly used in various applications, including lifting, rigging, and securing loads. It is designed to provide a reliable attachment point for connecting straps, ropes, chains, or other accessories.\" \/>\n<meta property=\"og:url\" content=\"https:\/\/qingdaohf.com\/tr\/urun\/kaynakli-d-halkasi\/\" \/>\n<meta property=\"og:site_name\" content=\"Concrete Form &amp; Rigging Hardware Supplier\" \/>\n<meta property=\"article:publisher\" content=\"https:\/\/www.facebook.com\/qingdaohf\" \/>\n<meta property=\"article:modified_time\" content=\"2025-11-13T01:04:21+00:00\" \/>\n<meta property=\"og:image\" content=\"https:\/\/qingdaohf.com\/wp-content\/uploads\/2023\/05\/welded-d-ring-1.jpg\" \/>\n\t<meta property=\"og:image:width\" content=\"1000\" \/>\n\t<meta property=\"og:image:height\" content=\"1000\" \/>\n\t<meta property=\"og:image:type\" content=\"image\/jpeg\" \/>\n<meta name=\"twitter:card\" content=\"summary_large_image\" \/>\n<meta name=\"twitter:label1\" content=\"Tahmini okuma s\u00fcresi\" \/>\n\t<meta name=\"twitter:data1\" content=\"2 dakika\" \/>\n<script type=\"application\/ld+json\" class=\"yoast-schema-graph\">{\"@context\":\"https:\/\/schema.org\",\"@graph\":[{\"@type\":\"WebPage\",\"@id\":\"https:\/\/qingdaohf.com\/product\/welded-d-ring\/\",\"url\":\"https:\/\/qingdaohf.com\/product\/welded-d-ring\/\",\"name\":\"Welded D Ring\",\"isPartOf\":{\"@id\":\"https:\/\/qingdaohf.com\/bg\/#website\"},\"primaryImageOfPage\":{\"@id\":\"https:\/\/qingdaohf.com\/product\/welded-d-ring\/#primaryimage\"},\"image\":{\"@id\":\"https:\/\/qingdaohf.com\/product\/welded-d-ring\/#primaryimage\"},\"thumbnailUrl\":\"https:\/\/qingdaohf.com\/wp-content\/uploads\/2023\/05\/welded-d-ring-1.jpg\",\"datePublished\":\"2023-05-29T09:11:01+00:00\",\"dateModified\":\"2025-11-13T01:04:21+00:00\",\"description\":\"The welded D-ring is a versatile and sturdy hardware component commonly used in various applications, including lifting, rigging, and securing loads. It is designed to provide a reliable attachment point for connecting straps, ropes, chains, or other accessories.\",\"breadcrumb\":{\"@id\":\"https:\/\/qingdaohf.com\/product\/welded-d-ring\/#breadcrumb\"},\"inLanguage\":\"tr\",\"potentialAction\":[{\"@type\":\"ReadAction\",\"target\":[\"https:\/\/qingdaohf.com\/product\/welded-d-ring\/\"]}]},{\"@type\":\"ImageObject\",\"inLanguage\":\"tr\",\"@id\":\"https:\/\/qingdaohf.com\/product\/welded-d-ring\/#primaryimage\",\"url\":\"https:\/\/qingdaohf.com\/wp-content\/uploads\/2023\/05\/welded-d-ring-1.jpg\",\"contentUrl\":\"https:\/\/qingdaohf.com\/wp-content\/uploads\/2023\/05\/welded-d-ring-1.jpg\",\"width\":1000,\"height\":1000,\"caption\":\"welded d ring\"},{\"@type\":\"BreadcrumbList\",\"@id\":\"https:\/\/qingdaohf.com\/product\/welded-d-ring\/#breadcrumb\",\"itemListElement\":[{\"@type\":\"ListItem\",\"position\":1,\"name\":\"Home\",\"item\":\"https:\/\/qingdaohf.com\/\"},{\"@type\":\"ListItem\",\"position\":2,\"name\":\"Concrete Forming Accessories and Rigging Hardware\",\"item\":\"https:\/\/qingdaohf.com\/bg\/?page_id=944\"},{\"@type\":\"ListItem\",\"position\":3,\"name\":\"Welded D Ring\"}]},{\"@type\":\"WebSite\",\"@id\":\"https:\/\/qingdaohf.com\/bg\/#website\",\"url\":\"https:\/\/qingdaohf.com\/bg\/\",\"name\":\"Concrete Form & Rigging Hardware Supplier\",\"description\":\"\",\"publisher\":{\"@id\":\"https:\/\/qingdaohf.com\/bg\/#organization\"},\"potentialAction\":[{\"@type\":\"SearchAction\",\"target\":{\"@type\":\"EntryPoint\",\"urlTemplate\":\"https:\/\/qingdaohf.com\/bg\/?s={search_term_string}\"},\"query-input\":{\"@type\":\"PropertyValueSpecification\",\"valueRequired\":true,\"valueName\":\"search_term_string\"}}],\"inLanguage\":\"tr\"},{\"@type\":\"Organization\",\"@id\":\"https:\/\/qingdaohf.com\/bg\/#organization\",\"name\":\"Qingdao H&F\",\"url\":\"https:\/\/qingdaohf.com\/bg\/\",\"logo\":{\"@type\":\"ImageObject\",\"inLanguage\":\"tr\",\"@id\":\"https:\/\/qingdaohf.com\/bg\/#\/schema\/logo\/image\/\",\"url\":\"https:\/\/qingdaohf.com\/wp-content\/uploads\/2022\/12\/cropped-HF-LOGO.png\",\"contentUrl\":\"https:\/\/qingdaohf.com\/wp-content\/uploads\/2022\/12\/cropped-HF-LOGO.png\",\"width\":391,\"height\":249,\"caption\":\"Qingdao H&F\"},\"image\":{\"@id\":\"https:\/\/qingdaohf.com\/bg\/#\/schema\/logo\/image\/\"},\"sameAs\":[\"https:\/\/www.facebook.com\/qingdaohf\"]}]}<\/script>\n<!-- \/ Yoast SEO plugin. -->","yoast_head_json":{"title":"Welded D Ring","description":"The welded D-ring is a versatile and sturdy hardware component commonly used in various applications, including lifting, rigging, and securing loads. It is designed to provide a reliable attachment point for connecting straps, ropes, chains, or other accessories.","robots":{"index":"index","follow":"follow","max-snippet":"max-snippet:-1","max-image-preview":"max-image-preview:large","max-video-preview":"max-video-preview:-1"},"canonical":"https:\/\/qingdaohf.com\/tr\/urun\/kaynakli-d-halkasi\/","og_locale":"tr_TR","og_type":"article","og_title":"Welded D Ring","og_description":"The welded D-ring is a versatile and sturdy hardware component commonly used in various applications, including lifting, rigging, and securing loads. It is designed to provide a reliable attachment point for connecting straps, ropes, chains, or other accessories.","og_url":"https:\/\/qingdaohf.com\/tr\/urun\/kaynakli-d-halkasi\/","og_site_name":"Concrete Form &amp; Rigging Hardware Supplier","article_publisher":"https:\/\/www.facebook.com\/qingdaohf","article_modified_time":"2025-11-13T01:04:21+00:00","og_image":[{"width":1000,"height":1000,"url":"https:\/\/qingdaohf.com\/wp-content\/uploads\/2023\/05\/welded-d-ring-1.jpg","type":"image\/jpeg"}],"twitter_card":"summary_large_image","twitter_misc":{"Tahmini okuma s\u00fcresi":"2 dakika"},"schema":{"@context":"https:\/\/schema.org","@graph":[{"@type":"WebPage","@id":"https:\/\/qingdaohf.com\/product\/welded-d-ring\/","url":"https:\/\/qingdaohf.com\/product\/welded-d-ring\/","name":"Welded D Ring","isPartOf":{"@id":"https:\/\/qingdaohf.com\/bg\/#website"},"primaryImageOfPage":{"@id":"https:\/\/qingdaohf.com\/product\/welded-d-ring\/#primaryimage"},"image":{"@id":"https:\/\/qingdaohf.com\/product\/welded-d-ring\/#primaryimage"},"thumbnailUrl":"https:\/\/qingdaohf.com\/wp-content\/uploads\/2023\/05\/welded-d-ring-1.jpg","datePublished":"2023-05-29T09:11:01+00:00","dateModified":"2025-11-13T01:04:21+00:00","description":"The welded D-ring is a versatile and sturdy hardware component commonly used in various applications, including lifting, rigging, and securing loads. It is designed to provide a reliable attachment point for connecting straps, ropes, chains, or other accessories.","breadcrumb":{"@id":"https:\/\/qingdaohf.com\/product\/welded-d-ring\/#breadcrumb"},"inLanguage":"tr","potentialAction":[{"@type":"ReadAction","target":["https:\/\/qingdaohf.com\/product\/welded-d-ring\/"]}]},{"@type":"ImageObject","inLanguage":"tr","@id":"https:\/\/qingdaohf.com\/product\/welded-d-ring\/#primaryimage","url":"https:\/\/qingdaohf.com\/wp-content\/uploads\/2023\/05\/welded-d-ring-1.jpg","contentUrl":"https:\/\/qingdaohf.com\/wp-content\/uploads\/2023\/05\/welded-d-ring-1.jpg","width":1000,"height":1000,"caption":"welded d ring"},{"@type":"BreadcrumbList","@id":"https:\/\/qingdaohf.com\/product\/welded-d-ring\/#breadcrumb","itemListElement":[{"@type":"ListItem","position":1,"name":"Home","item":"https:\/\/qingdaohf.com\/"},{"@type":"ListItem","position":2,"name":"Concrete Forming Accessories and Rigging Hardware","item":"https:\/\/qingdaohf.com\/bg\/?page_id=944"},{"@type":"ListItem","position":3,"name":"Welded D Ring"}]},{"@type":"WebSite","@id":"https:\/\/qingdaohf.com\/bg\/#website","url":"https:\/\/qingdaohf.com\/bg\/","name":"Concrete Form & Rigging Hardware Supplier","description":"","publisher":{"@id":"https:\/\/qingdaohf.com\/bg\/#organization"},"potentialAction":[{"@type":"SearchAction","target":{"@type":"EntryPoint","urlTemplate":"https:\/\/qingdaohf.com\/bg\/?s={search_term_string}"},"query-input":{"@type":"PropertyValueSpecification","valueRequired":true,"valueName":"search_term_string"}}],"inLanguage":"tr"},{"@type":"Organization","@id":"https:\/\/qingdaohf.com\/bg\/#organization","name":"Qingdao H&F","url":"https:\/\/qingdaohf.com\/bg\/","logo":{"@type":"ImageObject","inLanguage":"tr","@id":"https:\/\/qingdaohf.com\/bg\/#\/schema\/logo\/image\/","url":"https:\/\/qingdaohf.com\/wp-content\/uploads\/2022\/12\/cropped-HF-LOGO.png","contentUrl":"https:\/\/qingdaohf.com\/wp-content\/uploads\/2022\/12\/cropped-HF-LOGO.png","width":391,"height":249,"caption":"Qingdao H&F"},"image":{"@id":"https:\/\/qingdaohf.com\/bg\/#\/schema\/logo\/image\/"},"sameAs":["https:\/\/www.facebook.com\/qingdaohf"]}]}},"_links":{"self":[{"href":"https:\/\/qingdaohf.com\/tr\/wp-json\/wp\/v2\/product\/4244","targetHints":{"allow":["GET"]}}],"collection":[{"href":"https:\/\/qingdaohf.com\/tr\/wp-json\/wp\/v2\/product"}],"about":[{"href":"https:\/\/qingdaohf.com\/tr\/wp-json\/wp\/v2\/types\/product"}],"replies":[{"embeddable":true,"href":"https:\/\/qingdaohf.com\/tr\/wp-json\/wp\/v2\/comments?post=4244"}],"version-history":[{"count":2,"href":"https:\/\/qingdaohf.com\/tr\/wp-json\/wp\/v2\/product\/4244\/revisions"}],"predecessor-version":[{"id":10419,"href":"https:\/\/qingdaohf.com\/tr\/wp-json\/wp\/v2\/product\/4244\/revisions\/10419"}],"wp:featuredmedia":[{"embeddable":true,"href":"https:\/\/qingdaohf.com\/tr\/wp-json\/wp\/v2\/media\/4245"}],"wp:attachment":[{"href":"https:\/\/qingdaohf.com\/tr\/wp-json\/wp\/v2\/media?parent=4244"}],"wp:term":[{"taxonomy":"product_brand","embeddable":true,"href":"https:\/\/qingdaohf.com\/tr\/wp-json\/wp\/v2\/product_brand?post=4244"},{"taxonomy":"product_cat","embeddable":true,"href":"https:\/\/qingdaohf.com\/tr\/wp-json\/wp\/v2\/product_cat?post=4244"},{"taxonomy":"product_tag","embeddable":true,"href":"https:\/\/qingdaohf.com\/tr\/wp-json\/wp\/v2\/product_tag?post=4244"}],"curies":[{"name":"wp","href":"https:\/\/api.w.org\/{rel}","templated":true}]}}