{"id":4534,"date":"2023-06-20T14:39:39","date_gmt":"2023-06-20T06:39:39","guid":{"rendered":"http:\/\/qingdaohf.com\/?post_type=product&#038;p=4534"},"modified":"2025-11-13T09:04:03","modified_gmt":"2025-11-13T01:04:03","slug":"steel-studded-t-post","status":"publish","type":"product","link":"https:\/\/qingdaohf.com\/tr\/urun\/celik-civili-t-direk\/","title":{"rendered":"\u00c7elik \u00c7ivili T Direk"},"content":{"rendered":"<div class=\"ast-oembed-container\" style=\"height: 100%;\"><iframe title=\"Amerikan Tipi \u00c7elik \u00c7ivili T Direk\" width=\"500\" height=\"281\" src=\"https:\/\/www.youtube.com\/embed\/irpqY2CorrA?feature=oembed\" frameborder=\"0\" allow=\"accelerometer; autoplay; clipboard-write; encrypted-media; gyroscope; picture-in-picture; web-share\" referrerpolicy=\"strict-origin-when-cross-origin\" allowfullscreen><\/iframe><\/div>\n<p>Bu direkler tipik olarak y\u00fcksek kaliteli \u00e7elikten yap\u0131l\u0131r ve d\u0131\u015f ortamlarda dayan\u0131kl\u0131l\u0131k ve uzun \u00f6m\u00fcrl\u00fc performans sa\u011flar. \u00c7elik yap\u0131, pas, korozyon ve di\u011fer hava ko\u015fullar\u0131na kar\u015f\u0131 diren\u00e7li olmalar\u0131n\u0131 sa\u011flayarak farkl\u0131 iklimlerde kullan\u0131ma uygun hale getirir.<\/p>\n<p>\u00c7elik \u00c7ivili T Direk, uzunlu\u011fu boyunca, dire\u011fin g\u00fcc\u00fcn\u00fc art\u0131rmak ve zemine \u00e7ak\u0131ld\u0131\u011f\u0131nda ek kavrama sa\u011flamak i\u00e7in stratejik olarak yerle\u015ftirilmi\u015f \u00e7ivilere veya \u00e7\u0131k\u0131nt\u0131lara sahiptir. Bu \u00e7iviler, monte edildikten sonra dire\u011fin d\u00f6nmesini veya kaymas\u0131n\u0131 \u00f6nlemeye yard\u0131mc\u0131 olarak g\u00fcvenli ve g\u00fcvenilir bir \u00e7it veya destek yap\u0131s\u0131 sa\u011flar.<\/p>\n<p>\u00c7elik \u00c7ivili T Dire\u011fin ana uygulamalar\u0131ndan biri \u00e7it sistemleridir. Genellikle tel \u00f6rg\u00fc, dikenli tel, elektrikli \u00e7itler ve di\u011fer \u00e7it malzemelerini desteklemek i\u00e7in kullan\u0131l\u0131rlar. T \u015feklindeki tasar\u0131m, manuel veya mekanik aletler kullan\u0131larak basit\u00e7e zemine \u00e7ak\u0131larak kurulmalar\u0131n\u0131 kolayla\u015ft\u0131r\u0131r. M\u00fckemmel stabilite sa\u011flarlar ve gerilim veya bas\u0131n\u00e7 alt\u0131nda bile \u00e7itin b\u00fct\u00fcnl\u00fc\u011f\u00fcn\u00fc korumaya yard\u0131mc\u0131 olurlar.<\/p>\n<p>\u00c7elik \u00c7ivili T Direkler tar\u0131mda da \u00e7e\u015fitli ama\u00e7larla kullan\u0131lmaktad\u0131r. Genellikle kafesler, bitki e\u011fitim sistemleri ve \u00fcz\u00fcm ba\u011flar\u0131 i\u00e7in destek direkleri olarak kullan\u0131l\u0131rlar. Ayr\u0131ca, mahsul s\u0131ralar\u0131 i\u00e7in i\u015faretleyici g\u00f6revi g\u00f6rerek \u00e7ift\u00e7ilerin uygun aral\u0131k ve organizasyonu s\u00fcrd\u00fcrmelerine olanak tan\u0131r.<\/p>\n<p>Bu direkler, farkl\u0131 uygulamalar ve kurulum gereksinimlerini kar\u015f\u0131lamak i\u00e7in \u00e7e\u015fitli boyutlarda ve uzunluklarda gelir. Yayg\u0131n boyutlar\u0131n uzunlu\u011fu 5 ila 8 fit aras\u0131nda de\u011fi\u015fir ve \u00e7ivili b\u00f6l\u00fcm tipik olarak dire\u011fin \u00fcst k\u0131sm\u0131n\u0131 kaplar. Alt u\u00e7 genellikle daha kolay zemin penetrasyonu i\u00e7in sivri bir u\u00e7 veya plaka ile tasarlanm\u0131\u015ft\u0131r.<\/p>\n<h2>\u00c7elik \u00c7ivili T Direk hakk\u0131nda SSS<\/h2>\n<p>S1: \u00c7elik \u00c7ivili T Direkten \u00fccretsiz numune almak ne kadar s\u00fcrer?<\/p>\n<p>A1: \u00c7elik \u00c7ivili T Dire\u011fimizin \u00fccretsiz numunelerini sunuyoruz ve talebi ald\u0131ktan sonra 7 g\u00fcn i\u00e7inde g\u00f6ndermeyi hedefliyoruz.<\/p>\n<p>S2: \u00c7elik \u00c7ivili T Direk \u00f6zel gereksinimleri kar\u015f\u0131lamak i\u00e7in \u00f6zelle\u015ftirilebilir mi?<\/p>\n<p>A2: Evet, \u00c7elik \u00c7ivili T Dire\u011fimiz \u00f6zelle\u015ftirmeyi destekler. \u0130htiya\u00e7lar\u0131n\u0131za g\u00f6re belirli boyut, uzunluk veya di\u011fer \u00f6zelle\u015ftirme taleplerini kar\u015f\u0131layabiliriz.<\/p>\n<p>S3: M\u00fc\u015fteri hizmetleri ekibinizle nas\u0131l ileti\u015fime ge\u00e7ebilirim?<\/p>\n<p>A3: Bire bir m\u00fc\u015fteri hizmeti sa\u011fl\u0131yoruz. Bizimle istedi\u011finiz zaman e-posta veya telefon yoluyla ileti\u015fime ge\u00e7ebilirsiniz ve \u00f6zel ekibimiz size yard\u0131mc\u0131 olmaktan memnuniyet duyacakt\u0131r.<\/p>\n<p>S4: \u00c7elik \u00c7ivili T Direk i\u00e7in minimum sipari\u015f miktar\u0131n\u0131z (MOQ) var m\u0131?<\/p>\n<p>A4: \u00c7elik \u00c7ivili T Direk i\u00e7in belirli bir MOQ'umuz yoktur. K\u00fc\u00e7\u00fck veya b\u00fcy\u00fck bir miktar i\u00e7in olsun, gereksinimlerinize g\u00f6re bir sipari\u015f verebilirsiniz.<\/p>\n<p>S5: \u00c7elik \u00c7ivili T Dire\u011fin yap\u0131m\u0131nda hangi malzemeler kullan\u0131l\u0131yor?<\/p>\n<p>A5: \u00c7elik \u00c7ivili T Direk, dayan\u0131kl\u0131l\u0131k, g\u00fc\u00e7 ve pas ve korozyona kar\u015f\u0131 diren\u00e7 sa\u011flayan y\u00fcksek kaliteli \u00e7elikten yap\u0131lm\u0131\u015ft\u0131r.<\/p>\n<p>&nbsp;<\/p>","protected":false},"excerpt":{"rendered":"<p>\u00c7elik \u00c7ivili T Direk, \u00e7e\u015fitli uygulamalar i\u00e7in sa\u011flam destek ve stabilite sa\u011flamak \u00fczere tasarlanm\u0131\u015f, yayg\u0131n olarak kullan\u0131lan bir tar\u0131m ve \u00e7it \u00fcr\u00fcn\u00fcd\u00fcr. Ad\u0131n\u0131 T harfine benzeyen kendine \u00f6zg\u00fc \"T\" \u015feklinden al\u0131r.<\/p>","protected":false},"featured_media":4535,"comment_status":"open","ping_status":"closed","template":"","meta":{"site-sidebar-layout":"default","site-content-layout":"default","ast-site-content-layout":"","site-content-style":"default","site-sidebar-style":"default","ast-global-header-display":"","ast-banner-title-visibility":"","ast-main-header-display":"","ast-hfb-above-header-display":"","ast-hfb-below-header-display":"","ast-hfb-mobile-header-display":"","site-post-title":"","ast-breadcrumbs-content":"","ast-featured-img":"","footer-sml-layout":"","theme-transparent-header-meta":"default","adv-header-id-meta":"","stick-header-meta":"default","header-above-stick-meta":"","header-main-stick-meta":"","header-below-stick-meta":"","astra-migrate-meta-layouts":"default","ast-page-background-enabled":"default","ast-page-background-meta":{"desktop":{"background-color":"","background-image":"","background-repeat":"repeat","background-position":"center center","background-size":"auto","background-attachment":"scroll","background-type":"","background-media":"","overlay-type":"","overlay-color":"","overlay-opacity":"","overlay-gradient":""},"tablet":{"background-color":"","background-image":"","background-repeat":"repeat","background-position":"center center","background-size":"auto","background-attachment":"scroll","background-type":"","background-media":"","overlay-type":"","overlay-color":"","overlay-opacity":"","overlay-gradient":""},"mobile":{"background-color":"","background-image":"","background-repeat":"repeat","background-position":"center center","background-size":"auto","background-attachment":"scroll","background-type":"","background-media":"","overlay-type":"","overlay-color":"","overlay-opacity":"","overlay-gradient":""}},"ast-content-background-meta":{"desktop":{"background-color":"var(--ast-global-color-5)","background-image":"","background-repeat":"repeat","background-position":"center center","background-size":"auto","background-attachment":"scroll","background-type":"","background-media":"","overlay-type":"","overlay-color":"","overlay-opacity":"","overlay-gradient":""},"tablet":{"background-color":"var(--ast-global-color-5)","background-image":"","background-repeat":"repeat","background-position":"center center","background-size":"auto","background-attachment":"scroll","background-type":"","background-media":"","overlay-type":"","overlay-color":"","overlay-opacity":"","overlay-gradient":""},"mobile":{"background-color":"var(--ast-global-color-5)","background-image":"","background-repeat":"repeat","background-position":"center center","background-size":"auto","background-attachment":"scroll","background-type":"","background-media":"","overlay-type":"","overlay-color":"","overlay-opacity":"","overlay-gradient":""}}},"product_brand":[],"product_cat":[50],"product_tag":[],"class_list":{"0":"post-4534","1":"product","2":"type-product","3":"status-publish","4":"has-post-thumbnail","6":"product_cat-concrete-form-accessories","7":"desktop-align-left","8":"tablet-align-left","9":"mobile-align-left","10":"ast-product-gallery-layout-horizontal-slider","11":"ast-product-tabs-layout-horizontal","13":"first","14":"instock","15":"shipping-taxable","16":"purchasable","17":"product-type-simple"},"yoast_head":"<!-- This site is optimized with the Yoast SEO plugin v25.2 - https:\/\/yoast.com\/wordpress\/plugins\/seo\/ -->\n<title>Steel Studded T Post<\/title>\n<meta name=\"description\" content=\"The Steel Studded T Post is a commonly used agricultural and fencing product designed to provide sturdy support and stability for various applications.\" \/>\n<meta name=\"robots\" content=\"index, follow, max-snippet:-1, max-image-preview:large, max-video-preview:-1\" \/>\n<link rel=\"canonical\" href=\"https:\/\/qingdaohf.com\/tr\/urun\/celik-civili-t-direk\/\" \/>\n<meta property=\"og:locale\" content=\"tr_TR\" \/>\n<meta property=\"og:type\" content=\"article\" \/>\n<meta property=\"og:title\" content=\"Steel Studded T Post\" \/>\n<meta property=\"og:description\" content=\"The Steel Studded T Post is a commonly used agricultural and fencing product designed to provide sturdy support and stability for various applications.\" \/>\n<meta property=\"og:url\" content=\"https:\/\/qingdaohf.com\/tr\/urun\/celik-civili-t-direk\/\" \/>\n<meta property=\"og:site_name\" content=\"Concrete Form &amp; Rigging Hardware Supplier\" \/>\n<meta property=\"article:publisher\" content=\"https:\/\/www.facebook.com\/qingdaohf\" \/>\n<meta property=\"article:modified_time\" content=\"2025-11-13T01:04:03+00:00\" \/>\n<meta property=\"og:image\" content=\"https:\/\/qingdaohf.com\/wp-content\/uploads\/2023\/06\/Studded-T-Post-6.jpg\" \/>\n\t<meta property=\"og:image:width\" content=\"1000\" \/>\n\t<meta property=\"og:image:height\" content=\"1000\" \/>\n\t<meta property=\"og:image:type\" content=\"image\/jpeg\" \/>\n<meta name=\"twitter:card\" content=\"summary_large_image\" \/>\n<meta name=\"twitter:label1\" content=\"Tahmini okuma s\u00fcresi\" \/>\n\t<meta name=\"twitter:data1\" content=\"3 dakika\" \/>\n<script type=\"application\/ld+json\" class=\"yoast-schema-graph\">{\"@context\":\"https:\/\/schema.org\",\"@graph\":[{\"@type\":\"WebPage\",\"@id\":\"https:\/\/qingdaohf.com\/product\/steel-studded-t-post\/\",\"url\":\"https:\/\/qingdaohf.com\/product\/steel-studded-t-post\/\",\"name\":\"Steel Studded T Post\",\"isPartOf\":{\"@id\":\"https:\/\/qingdaohf.com\/bg\/#website\"},\"primaryImageOfPage\":{\"@id\":\"https:\/\/qingdaohf.com\/product\/steel-studded-t-post\/#primaryimage\"},\"image\":{\"@id\":\"https:\/\/qingdaohf.com\/product\/steel-studded-t-post\/#primaryimage\"},\"thumbnailUrl\":\"https:\/\/qingdaohf.com\/wp-content\/uploads\/2023\/06\/Studded-T-Post-6.jpg\",\"datePublished\":\"2023-06-20T06:39:39+00:00\",\"dateModified\":\"2025-11-13T01:04:03+00:00\",\"description\":\"The Steel Studded T Post is a commonly used agricultural and fencing product designed to provide sturdy support and stability for various applications.\",\"breadcrumb\":{\"@id\":\"https:\/\/qingdaohf.com\/product\/steel-studded-t-post\/#breadcrumb\"},\"inLanguage\":\"tr\",\"potentialAction\":[{\"@type\":\"ReadAction\",\"target\":[\"https:\/\/qingdaohf.com\/product\/steel-studded-t-post\/\"]}]},{\"@type\":\"ImageObject\",\"inLanguage\":\"tr\",\"@id\":\"https:\/\/qingdaohf.com\/product\/steel-studded-t-post\/#primaryimage\",\"url\":\"https:\/\/qingdaohf.com\/wp-content\/uploads\/2023\/06\/Studded-T-Post-6.jpg\",\"contentUrl\":\"https:\/\/qingdaohf.com\/wp-content\/uploads\/2023\/06\/Studded-T-Post-6.jpg\",\"width\":1000,\"height\":1000,\"caption\":\"Studded T Post\"},{\"@type\":\"BreadcrumbList\",\"@id\":\"https:\/\/qingdaohf.com\/product\/steel-studded-t-post\/#breadcrumb\",\"itemListElement\":[{\"@type\":\"ListItem\",\"position\":1,\"name\":\"Home\",\"item\":\"https:\/\/qingdaohf.com\/\"},{\"@type\":\"ListItem\",\"position\":2,\"name\":\"Concrete Forming Accessories and Rigging Hardware\",\"item\":\"https:\/\/qingdaohf.com\/bg\/?page_id=944\"},{\"@type\":\"ListItem\",\"position\":3,\"name\":\"Steel Studded T Post\"}]},{\"@type\":\"WebSite\",\"@id\":\"https:\/\/qingdaohf.com\/bg\/#website\",\"url\":\"https:\/\/qingdaohf.com\/bg\/\",\"name\":\"Concrete Form & Rigging Hardware Supplier\",\"description\":\"\",\"publisher\":{\"@id\":\"https:\/\/qingdaohf.com\/bg\/#organization\"},\"potentialAction\":[{\"@type\":\"SearchAction\",\"target\":{\"@type\":\"EntryPoint\",\"urlTemplate\":\"https:\/\/qingdaohf.com\/bg\/?s={search_term_string}\"},\"query-input\":{\"@type\":\"PropertyValueSpecification\",\"valueRequired\":true,\"valueName\":\"search_term_string\"}}],\"inLanguage\":\"tr\"},{\"@type\":\"Organization\",\"@id\":\"https:\/\/qingdaohf.com\/bg\/#organization\",\"name\":\"Qingdao H&F\",\"url\":\"https:\/\/qingdaohf.com\/bg\/\",\"logo\":{\"@type\":\"ImageObject\",\"inLanguage\":\"tr\",\"@id\":\"https:\/\/qingdaohf.com\/bg\/#\/schema\/logo\/image\/\",\"url\":\"https:\/\/qingdaohf.com\/wp-content\/uploads\/2022\/12\/cropped-HF-LOGO.png\",\"contentUrl\":\"https:\/\/qingdaohf.com\/wp-content\/uploads\/2022\/12\/cropped-HF-LOGO.png\",\"width\":391,\"height\":249,\"caption\":\"Qingdao H&F\"},\"image\":{\"@id\":\"https:\/\/qingdaohf.com\/bg\/#\/schema\/logo\/image\/\"},\"sameAs\":[\"https:\/\/www.facebook.com\/qingdaohf\"]}]}<\/script>\n<!-- \/ Yoast SEO plugin. -->","yoast_head_json":{"title":"Steel Studded T Post","description":"The Steel Studded T Post is a commonly used agricultural and fencing product designed to provide sturdy support and stability for various applications.","robots":{"index":"index","follow":"follow","max-snippet":"max-snippet:-1","max-image-preview":"max-image-preview:large","max-video-preview":"max-video-preview:-1"},"canonical":"https:\/\/qingdaohf.com\/tr\/urun\/celik-civili-t-direk\/","og_locale":"tr_TR","og_type":"article","og_title":"Steel Studded T Post","og_description":"The Steel Studded T Post is a commonly used agricultural and fencing product designed to provide sturdy support and stability for various applications.","og_url":"https:\/\/qingdaohf.com\/tr\/urun\/celik-civili-t-direk\/","og_site_name":"Concrete Form &amp; Rigging Hardware Supplier","article_publisher":"https:\/\/www.facebook.com\/qingdaohf","article_modified_time":"2025-11-13T01:04:03+00:00","og_image":[{"width":1000,"height":1000,"url":"https:\/\/qingdaohf.com\/wp-content\/uploads\/2023\/06\/Studded-T-Post-6.jpg","type":"image\/jpeg"}],"twitter_card":"summary_large_image","twitter_misc":{"Tahmini okuma s\u00fcresi":"3 dakika"},"schema":{"@context":"https:\/\/schema.org","@graph":[{"@type":"WebPage","@id":"https:\/\/qingdaohf.com\/product\/steel-studded-t-post\/","url":"https:\/\/qingdaohf.com\/product\/steel-studded-t-post\/","name":"Steel Studded T Post","isPartOf":{"@id":"https:\/\/qingdaohf.com\/bg\/#website"},"primaryImageOfPage":{"@id":"https:\/\/qingdaohf.com\/product\/steel-studded-t-post\/#primaryimage"},"image":{"@id":"https:\/\/qingdaohf.com\/product\/steel-studded-t-post\/#primaryimage"},"thumbnailUrl":"https:\/\/qingdaohf.com\/wp-content\/uploads\/2023\/06\/Studded-T-Post-6.jpg","datePublished":"2023-06-20T06:39:39+00:00","dateModified":"2025-11-13T01:04:03+00:00","description":"The Steel Studded T Post is a commonly used agricultural and fencing product designed to provide sturdy support and stability for various applications.","breadcrumb":{"@id":"https:\/\/qingdaohf.com\/product\/steel-studded-t-post\/#breadcrumb"},"inLanguage":"tr","potentialAction":[{"@type":"ReadAction","target":["https:\/\/qingdaohf.com\/product\/steel-studded-t-post\/"]}]},{"@type":"ImageObject","inLanguage":"tr","@id":"https:\/\/qingdaohf.com\/product\/steel-studded-t-post\/#primaryimage","url":"https:\/\/qingdaohf.com\/wp-content\/uploads\/2023\/06\/Studded-T-Post-6.jpg","contentUrl":"https:\/\/qingdaohf.com\/wp-content\/uploads\/2023\/06\/Studded-T-Post-6.jpg","width":1000,"height":1000,"caption":"Studded T Post"},{"@type":"BreadcrumbList","@id":"https:\/\/qingdaohf.com\/product\/steel-studded-t-post\/#breadcrumb","itemListElement":[{"@type":"ListItem","position":1,"name":"Home","item":"https:\/\/qingdaohf.com\/"},{"@type":"ListItem","position":2,"name":"Concrete Forming Accessories and Rigging Hardware","item":"https:\/\/qingdaohf.com\/bg\/?page_id=944"},{"@type":"ListItem","position":3,"name":"Steel Studded T Post"}]},{"@type":"WebSite","@id":"https:\/\/qingdaohf.com\/bg\/#website","url":"https:\/\/qingdaohf.com\/bg\/","name":"Concrete Form & Rigging Hardware Supplier","description":"","publisher":{"@id":"https:\/\/qingdaohf.com\/bg\/#organization"},"potentialAction":[{"@type":"SearchAction","target":{"@type":"EntryPoint","urlTemplate":"https:\/\/qingdaohf.com\/bg\/?s={search_term_string}"},"query-input":{"@type":"PropertyValueSpecification","valueRequired":true,"valueName":"search_term_string"}}],"inLanguage":"tr"},{"@type":"Organization","@id":"https:\/\/qingdaohf.com\/bg\/#organization","name":"Qingdao H&F","url":"https:\/\/qingdaohf.com\/bg\/","logo":{"@type":"ImageObject","inLanguage":"tr","@id":"https:\/\/qingdaohf.com\/bg\/#\/schema\/logo\/image\/","url":"https:\/\/qingdaohf.com\/wp-content\/uploads\/2022\/12\/cropped-HF-LOGO.png","contentUrl":"https:\/\/qingdaohf.com\/wp-content\/uploads\/2022\/12\/cropped-HF-LOGO.png","width":391,"height":249,"caption":"Qingdao H&F"},"image":{"@id":"https:\/\/qingdaohf.com\/bg\/#\/schema\/logo\/image\/"},"sameAs":["https:\/\/www.facebook.com\/qingdaohf"]}]}},"_links":{"self":[{"href":"https:\/\/qingdaohf.com\/tr\/wp-json\/wp\/v2\/product\/4534","targetHints":{"allow":["GET"]}}],"collection":[{"href":"https:\/\/qingdaohf.com\/tr\/wp-json\/wp\/v2\/product"}],"about":[{"href":"https:\/\/qingdaohf.com\/tr\/wp-json\/wp\/v2\/types\/product"}],"replies":[{"embeddable":true,"href":"https:\/\/qingdaohf.com\/tr\/wp-json\/wp\/v2\/comments?post=4534"}],"version-history":[{"count":2,"href":"https:\/\/qingdaohf.com\/tr\/wp-json\/wp\/v2\/product\/4534\/revisions"}],"predecessor-version":[{"id":10415,"href":"https:\/\/qingdaohf.com\/tr\/wp-json\/wp\/v2\/product\/4534\/revisions\/10415"}],"wp:featuredmedia":[{"embeddable":true,"href":"https:\/\/qingdaohf.com\/tr\/wp-json\/wp\/v2\/media\/4535"}],"wp:attachment":[{"href":"https:\/\/qingdaohf.com\/tr\/wp-json\/wp\/v2\/media?parent=4534"}],"wp:term":[{"taxonomy":"product_brand","embeddable":true,"href":"https:\/\/qingdaohf.com\/tr\/wp-json\/wp\/v2\/product_brand?post=4534"},{"taxonomy":"product_cat","embeddable":true,"href":"https:\/\/qingdaohf.com\/tr\/wp-json\/wp\/v2\/product_cat?post=4534"},{"taxonomy":"product_tag","embeddable":true,"href":"https:\/\/qingdaohf.com\/tr\/wp-json\/wp\/v2\/product_tag?post=4534"}],"curies":[{"name":"wp","href":"https:\/\/api.w.org\/{rel}","templated":true}]}}