{"id":4622,"date":"2023-07-05T17:16:50","date_gmt":"2023-07-05T09:16:50","guid":{"rendered":"http:\/\/qingdaohf.com\/?post_type=product&#038;p=4622"},"modified":"2025-11-13T09:04:03","modified_gmt":"2025-11-13T01:04:03","slug":"g209-shackle","status":"publish","type":"product","link":"https:\/\/qingdaohf.com\/tr\/urun\/g209-kelepce\/","title":{"rendered":"G209 Yay Kelep\u00e7e S209 Vidal\u0131 Pim Ancho Kelep\u00e7e"},"content":{"rendered":"<p>Sayg\u0131n B2B ticaret \u015firketimizden G209 Galvanizli Kelep\u00e7e ile tan\u0131\u015f\u0131n! 20 y\u0131l\u0131 a\u015fk\u0131n ge\u00e7mi\u015fimizle, en kaliteli Beton \u015eekillendirme Aksesuarlar\u0131 ve Arma Donan\u0131m\u0131 \u00fcretimi ve sat\u0131\u015f\u0131 konusunda uzman\u0131z. M\u00fckemmelli\u011fe olan ba\u011fl\u0131l\u0131\u011f\u0131m\u0131z, \u00fcr\u00fcnlerimizin en y\u00fcksek end\u00fcstri standartlar\u0131n\u0131 kar\u015f\u0131lamas\u0131n\u0131 sa\u011flayan bir kooperatif fabrikas\u0131 kurmam\u0131z\u0131 sa\u011flad\u0131. \u0130\u015fte neden G209 Galvanizli Kelep\u00e7emizi se\u00e7meniz gerekti\u011fini a\u00e7\u0131kl\u0131yoruz:<\/p>\n<p>Kapsaml\u0131 Deneyim: Sekt\u00f6rdeki yirmi y\u0131ll\u0131k deneyimimizle, g\u00fcvenilir ve dayan\u0131kl\u0131 \u00fcr\u00fcnler \u00fcretme konusundaki uzmanl\u0131\u011f\u0131m\u0131z\u0131 geli\u015ftirdik. Uzun s\u00fcreli varl\u0131\u011f\u0131m\u0131z, m\u00fc\u015fteri memnuniyetine olan ba\u011fl\u0131l\u0131\u011f\u0131m\u0131z\u0131n bir kan\u0131t\u0131d\u0131r.<\/p>\n<p>Geni\u015f \u00dcr\u00fcn Yelpazesi: G209 Galvanizli Kelep\u00e7eye ek olarak, kapsaml\u0131 bir Beton \u015eekillendirme Aksesuarlar\u0131 ve Arma Donan\u0131m\u0131 yelpazesi sunuyoruz. Kelep\u00e7eler, braketler, kancalar veya di\u011fer ilgili \u00fcr\u00fcnlere ihtiyac\u0131n\u0131z varsa, sizi teminat alt\u0131na ald\u0131k.<\/p>\n<p>M\u00fckemmel Stok Durumu: Zaman\u0131nda teslimat\u0131n \u00f6nemini biliyoruz. Bu nedenle, iyi stoklanm\u0131\u015f bir envanter tutuyor ve \u00fcr\u00fcnlerimizin proje ihtiya\u00e7lar\u0131n\u0131z\u0131 derhal kar\u015f\u0131lamak i\u00e7in haz\u0131r olmas\u0131n\u0131 sa\u011fl\u0131yoruz.<\/p>\n<p>Rekabet\u00e7i Fiyatland\u0131rma: G\u00fc\u00e7l\u00fc \u00fcretim kabiliyetlerimiz ve do\u011frudan tedarikimiz, kaliteden \u00f6d\u00fcn vermeden rekabet\u00e7i fiyatlar sunmam\u0131z\u0131 sa\u011fl\u0131yor. \u0130\u015fletmeniz i\u00e7in uygun maliyetli \u00e7\u00f6z\u00fcmler sunmaya \u00e7al\u0131\u015f\u0131yoruz.<\/p>\n<p>Kalite G\u00fcvencesi: Kaliteyi ciddiye al\u0131yor ve memnuniyetinize \u00f6ncelik veriyoruz. Her G209 Galvanizli Kelep\u00e7e kapsaml\u0131 kalite kontrol denetimlerinden ge\u00e7er ve i\u00e7inizin rahat olmas\u0131 i\u00e7in kapsaml\u0131 bir Kalite Kontrol Denetim Raporu sunar\u0131z.<\/p>\n<p>\u00d6zelle\u015ftirme Se\u00e7enekleri: Farkl\u0131 projelerin belirli \u00fcr\u00fcn \u00f6zellikleri gerektirebilece\u011fini biliyoruz. Bu nedenle, \u00fcr\u00fcnlerimizi benzersiz gereksinimlerinizi kar\u015f\u0131layacak \u015fekilde uyarlayarak \u00f6zelle\u015ftirme hizmetleri sunuyoruz.<\/p>\n<p>\u00dccretsiz Numuneler: \u00dcr\u00fcnlerimizden tamamen emin olman\u0131z\u0131 sa\u011flamak i\u00e7in, talep \u00fczerine \u00fccretsiz numune sa\u011fl\u0131yoruz. Sat\u0131n almadan \u00f6nce G209 Galvanizli Kelep\u00e7elerimizin kalitesini ve uygunlu\u011funu ilk elden de\u011ferlendirebilirsiniz.<\/p>\n<p>\u00d6zel M\u00fc\u015fteri Hizmetleri: M\u00fc\u015fterilerimizle uzun vadeli ili\u015fkiler kurmaya inan\u0131yoruz. Bire bir hizmetimiz, i\u015flem s\u00fcreci boyunca ki\u015fiselle\u015ftirilmi\u015f ilgi ve yard\u0131m alman\u0131z\u0131 sa\u011flar.<\/p>\n<p>Memnuniyet Taahh\u00fcd\u00fc: Sizin memnuniyetiniz bizim nihai hedefimizdir. \u0130lk sorgulamadan son teslimata kadar sat\u0131n alma i\u015fleminizden tamamen memnun kalman\u0131z\u0131 sa\u011flamak i\u00e7in ekstra yol kat edece\u011fiz.<\/p>\n<p>Y\u00fcksek kaliteli Beton \u015eekillendirme Aksesuarlar\u0131 ve Arma Donan\u0131m\u0131 i\u00e7in g\u00fcvenilir orta\u011f\u0131n\u0131z olarak B2B ticaret \u015firketimizi se\u00e7in. \u00dccretsiz numunelerinizi talep etmek ve ola\u011fan\u00fcst\u00fc \u00fcr\u00fcnlerimizi ve hizmetlerimizi ilk elden deneyimlemek i\u00e7in bug\u00fcn bizimle ileti\u015fime ge\u00e7in. G209 Galvanizli Kelep\u00e7e ve di\u011fer g\u00fcvenilir \u00e7\u00f6z\u00fcmlerimizle size hizmet etmeyi ve i\u015f ihtiya\u00e7lar\u0131n\u0131z\u0131 kar\u015f\u0131lamay\u0131 d\u00f6rt g\u00f6zle bekliyoruz.<\/p>\n<p>Model: 1018473, 1018491, 1018455, 1019490, 1018419, 1018507, 1018570, 1017582, 1017516, 1018428, 1018437, 1018525, 1018632, 1017450, 1017494, 1018393, 1018543, 1018552, 1018598, 1018641<\/p>\n<p><img fetchpriority=\"high\" decoding=\"async\" class=\"alignnone size-full wp-image-3813\" src=\"http:\/\/qingdaohf.com\/wp-content\/uploads\/2023\/05\/G209-G210-shackle.jpg\" alt=\"G209 G210 kelep\u00e7e\" width=\"1000\" height=\"1296\" srcset=\"https:\/\/qingdaohf.com\/wp-content\/uploads\/2023\/05\/G209-G210-shackle.jpg 1000w, https:\/\/qingdaohf.com\/wp-content\/uploads\/2023\/05\/G209-G210-shackle-231x300.jpg 231w, https:\/\/qingdaohf.com\/wp-content\/uploads\/2023\/05\/G209-G210-shackle-790x1024.jpg 790w, https:\/\/qingdaohf.com\/wp-content\/uploads\/2023\/05\/G209-G210-shackle-768x995.jpg 768w\" sizes=\"(max-width: 1000px) 100vw, 1000px\" \/> <img decoding=\"async\" class=\"alignnone size-full wp-image-3814\" src=\"http:\/\/qingdaohf.com\/wp-content\/uploads\/2023\/05\/S209-T.jpg\" alt=\"S209T\" width=\"1000\" height=\"638\" srcset=\"https:\/\/qingdaohf.com\/wp-content\/uploads\/2023\/05\/S209-T.jpg 1000w, https:\/\/qingdaohf.com\/wp-content\/uploads\/2023\/05\/S209-T-300x191.jpg 300w, https:\/\/qingdaohf.com\/wp-content\/uploads\/2023\/05\/S209-T-768x490.jpg 768w\" sizes=\"(max-width: 1000px) 100vw, 1000px\" \/><\/p>","protected":false},"excerpt":{"rendered":"<p>G209 kelep\u00e7e dayan\u0131kl\u0131l\u0131\u011f\u0131, g\u00fcc\u00fc ve kullan\u0131m kolayl\u0131\u011f\u0131 ile \u00fcnl\u00fcd\u00fcr, bu da onu end\u00fcstrilerdeki \u00e7e\u015fitli uygulamalar i\u00e7in tercih edilen bir se\u00e7enek haline getirir.<\/p>\n<p>Y\u00fcksek Mukavemet: Birinci s\u0131n\u0131f malzemelerden \u00fcretilen G209 kelep\u00e7e, a\u011f\u0131r y\u00fcklere ve zorlu ko\u015fullara dayanmak i\u00e7in ola\u011fan\u00fcst\u00fc g\u00fc\u00e7 sunar.<\/p>\n<p>\u00c7ok Y\u00f6nl\u00fc Tasar\u0131m: \u00c7e\u015fitli boyut ve konfig\u00fcrasyonlara sahip G209 kelep\u00e7e, \u00e7ok \u00e7e\u015fitli donan\u0131m uygulamalar\u0131na uyum sa\u011flayarak esneklik ve kolayl\u0131k sunar.<\/p>\n<p>Dayan\u0131kl\u0131 Yap\u0131: Uzun \u00f6m\u00fcrl\u00fc olmas\u0131 i\u00e7in \u00fcretilen her bir G209 kelep\u00e7e, uzun s\u00fcreli dayan\u0131kl\u0131l\u0131k ve g\u00fcvenilirlik sa\u011flamak i\u00e7in titiz testlerden ge\u00e7irilerek ar\u0131za s\u00fcresini ve bak\u0131m maliyetlerini en aza indirir.<\/p>","protected":false},"featured_media":6311,"comment_status":"open","ping_status":"closed","template":"","meta":{"site-sidebar-layout":"default","site-content-layout":"default","ast-site-content-layout":"default","site-content-style":"default","site-sidebar-style":"default","ast-global-header-display":"","ast-banner-title-visibility":"","ast-main-header-display":"","ast-hfb-above-header-display":"","ast-hfb-below-header-display":"","ast-hfb-mobile-header-display":"","site-post-title":"","ast-breadcrumbs-content":"","ast-featured-img":"","footer-sml-layout":"","theme-transparent-header-meta":"default","adv-header-id-meta":"","stick-header-meta":"default","header-above-stick-meta":"","header-main-stick-meta":"","header-below-stick-meta":"","astra-migrate-meta-layouts":"set","ast-page-background-enabled":"default","ast-page-background-meta":{"desktop":{"background-color":"","background-image":"","background-repeat":"repeat","background-position":"center center","background-size":"auto","background-attachment":"scroll","background-type":"","background-media":"","overlay-type":"","overlay-color":"","overlay-opacity":"","overlay-gradient":""},"tablet":{"background-color":"","background-image":"","background-repeat":"repeat","background-position":"center center","background-size":"auto","background-attachment":"scroll","background-type":"","background-media":"","overlay-type":"","overlay-color":"","overlay-opacity":"","overlay-gradient":""},"mobile":{"background-color":"","background-image":"","background-repeat":"repeat","background-position":"center center","background-size":"auto","background-attachment":"scroll","background-type":"","background-media":"","overlay-type":"","overlay-color":"","overlay-opacity":"","overlay-gradient":""}},"ast-content-background-meta":{"desktop":{"background-color":"var(--ast-global-color-5)","background-image":"","background-repeat":"repeat","background-position":"center center","background-size":"auto","background-attachment":"scroll","background-type":"","background-media":"","overlay-type":"","overlay-color":"","overlay-opacity":"","overlay-gradient":""},"tablet":{"background-color":"var(--ast-global-color-5)","background-image":"","background-repeat":"repeat","background-position":"center center","background-size":"auto","background-attachment":"scroll","background-type":"","background-media":"","overlay-type":"","overlay-color":"","overlay-opacity":"","overlay-gradient":""},"mobile":{"background-color":"var(--ast-global-color-5)","background-image":"","background-repeat":"repeat","background-position":"center center","background-size":"auto","background-attachment":"scroll","background-type":"","background-media":"","overlay-type":"","overlay-color":"","overlay-opacity":"","overlay-gradient":""}}},"product_brand":[],"product_cat":[43,54],"product_tag":[],"class_list":{"0":"post-4622","1":"product","2":"type-product","3":"status-publish","4":"has-post-thumbnail","6":"product_cat-rigging-hardware","7":"product_cat-shackle","8":"desktop-align-left","9":"tablet-align-left","10":"mobile-align-left","11":"ast-product-gallery-layout-horizontal-slider","12":"ast-product-tabs-layout-horizontal","14":"first","15":"instock","16":"shipping-taxable","17":"purchasable","18":"product-type-simple"},"yoast_head":"<!-- This site is optimized with the Yoast SEO plugin v25.2 - https:\/\/yoast.com\/wordpress\/plugins\/seo\/ -->\n<title>G209 Bow Shackle S209 Screw Pin Ancho Shackle<\/title>\n<meta name=\"description\" content=\"The G209 Galvanized Shackle is an essential and reliable hardware component widely used in various industries and applications.\" \/>\n<meta name=\"robots\" content=\"index, follow, max-snippet:-1, max-image-preview:large, max-video-preview:-1\" \/>\n<link rel=\"canonical\" href=\"https:\/\/qingdaohf.com\/tr\/urun\/g209-kelepce\/\" \/>\n<meta property=\"og:locale\" content=\"tr_TR\" \/>\n<meta property=\"og:type\" content=\"article\" \/>\n<meta property=\"og:title\" content=\"G209 Bow Shackle S209 Screw Pin Ancho Shackle\" \/>\n<meta property=\"og:description\" content=\"The G209 Galvanized Shackle is an essential and reliable hardware component widely used in various industries and applications.\" \/>\n<meta property=\"og:url\" content=\"https:\/\/qingdaohf.com\/tr\/urun\/g209-kelepce\/\" \/>\n<meta property=\"og:site_name\" content=\"Concrete Form &amp; Rigging Hardware Supplier\" \/>\n<meta property=\"article:publisher\" content=\"https:\/\/www.facebook.com\/qingdaohf\" \/>\n<meta property=\"article:modified_time\" content=\"2025-11-13T01:04:03+00:00\" \/>\n<meta property=\"og:image\" content=\"https:\/\/qingdaohf.com\/wp-content\/uploads\/2023\/07\/209-shackle-2.jpg\" \/>\n\t<meta property=\"og:image:width\" content=\"1000\" \/>\n\t<meta property=\"og:image:height\" content=\"1000\" \/>\n\t<meta property=\"og:image:type\" content=\"image\/jpeg\" \/>\n<meta name=\"twitter:card\" content=\"summary_large_image\" \/>\n<meta name=\"twitter:label1\" content=\"Tahmini okuma s\u00fcresi\" \/>\n\t<meta name=\"twitter:data1\" content=\"3 dakika\" \/>\n<script type=\"application\/ld+json\" class=\"yoast-schema-graph\">{\"@context\":\"https:\/\/schema.org\",\"@graph\":[{\"@type\":\"WebPage\",\"@id\":\"https:\/\/qingdaohf.com\/product\/g209-shackle\/\",\"url\":\"https:\/\/qingdaohf.com\/product\/g209-shackle\/\",\"name\":\"G209 Bow Shackle S209 Screw Pin Ancho Shackle\",\"isPartOf\":{\"@id\":\"https:\/\/qingdaohf.com\/bg\/#website\"},\"primaryImageOfPage\":{\"@id\":\"https:\/\/qingdaohf.com\/product\/g209-shackle\/#primaryimage\"},\"image\":{\"@id\":\"https:\/\/qingdaohf.com\/product\/g209-shackle\/#primaryimage\"},\"thumbnailUrl\":\"https:\/\/qingdaohf.com\/wp-content\/uploads\/2023\/07\/209-shackle-2.jpg\",\"datePublished\":\"2023-07-05T09:16:50+00:00\",\"dateModified\":\"2025-11-13T01:04:03+00:00\",\"description\":\"The G209 Galvanized Shackle is an essential and reliable hardware component widely used in various industries and applications.\",\"breadcrumb\":{\"@id\":\"https:\/\/qingdaohf.com\/product\/g209-shackle\/#breadcrumb\"},\"inLanguage\":\"tr\",\"potentialAction\":[{\"@type\":\"ReadAction\",\"target\":[\"https:\/\/qingdaohf.com\/product\/g209-shackle\/\"]}]},{\"@type\":\"ImageObject\",\"inLanguage\":\"tr\",\"@id\":\"https:\/\/qingdaohf.com\/product\/g209-shackle\/#primaryimage\",\"url\":\"https:\/\/qingdaohf.com\/wp-content\/uploads\/2023\/07\/209-shackle-2.jpg\",\"contentUrl\":\"https:\/\/qingdaohf.com\/wp-content\/uploads\/2023\/07\/209-shackle-2.jpg\",\"width\":1000,\"height\":1000,\"caption\":\"209 shackle\"},{\"@type\":\"BreadcrumbList\",\"@id\":\"https:\/\/qingdaohf.com\/product\/g209-shackle\/#breadcrumb\",\"itemListElement\":[{\"@type\":\"ListItem\",\"position\":1,\"name\":\"Home\",\"item\":\"https:\/\/qingdaohf.com\/\"},{\"@type\":\"ListItem\",\"position\":2,\"name\":\"Concrete Forming Accessories and Rigging Hardware\",\"item\":\"https:\/\/qingdaohf.com\/bg\/?page_id=944\"},{\"@type\":\"ListItem\",\"position\":3,\"name\":\"G209 Bow Shackle S209 Screw Pin Ancho Shackle\"}]},{\"@type\":\"WebSite\",\"@id\":\"https:\/\/qingdaohf.com\/bg\/#website\",\"url\":\"https:\/\/qingdaohf.com\/bg\/\",\"name\":\"Concrete Form & Rigging Hardware Supplier\",\"description\":\"\",\"publisher\":{\"@id\":\"https:\/\/qingdaohf.com\/bg\/#organization\"},\"potentialAction\":[{\"@type\":\"SearchAction\",\"target\":{\"@type\":\"EntryPoint\",\"urlTemplate\":\"https:\/\/qingdaohf.com\/bg\/?s={search_term_string}\"},\"query-input\":{\"@type\":\"PropertyValueSpecification\",\"valueRequired\":true,\"valueName\":\"search_term_string\"}}],\"inLanguage\":\"tr\"},{\"@type\":\"Organization\",\"@id\":\"https:\/\/qingdaohf.com\/bg\/#organization\",\"name\":\"Qingdao H&F\",\"url\":\"https:\/\/qingdaohf.com\/bg\/\",\"logo\":{\"@type\":\"ImageObject\",\"inLanguage\":\"tr\",\"@id\":\"https:\/\/qingdaohf.com\/bg\/#\/schema\/logo\/image\/\",\"url\":\"https:\/\/qingdaohf.com\/wp-content\/uploads\/2022\/12\/cropped-HF-LOGO.png\",\"contentUrl\":\"https:\/\/qingdaohf.com\/wp-content\/uploads\/2022\/12\/cropped-HF-LOGO.png\",\"width\":391,\"height\":249,\"caption\":\"Qingdao H&F\"},\"image\":{\"@id\":\"https:\/\/qingdaohf.com\/bg\/#\/schema\/logo\/image\/\"},\"sameAs\":[\"https:\/\/www.facebook.com\/qingdaohf\"]}]}<\/script>\n<!-- \/ Yoast SEO plugin. -->","yoast_head_json":{"title":"G209 Bow Shackle S209 Screw Pin Ancho Shackle","description":"The G209 Galvanized Shackle is an essential and reliable hardware component widely used in various industries and applications.","robots":{"index":"index","follow":"follow","max-snippet":"max-snippet:-1","max-image-preview":"max-image-preview:large","max-video-preview":"max-video-preview:-1"},"canonical":"https:\/\/qingdaohf.com\/tr\/urun\/g209-kelepce\/","og_locale":"tr_TR","og_type":"article","og_title":"G209 Bow Shackle S209 Screw Pin Ancho Shackle","og_description":"The G209 Galvanized Shackle is an essential and reliable hardware component widely used in various industries and applications.","og_url":"https:\/\/qingdaohf.com\/tr\/urun\/g209-kelepce\/","og_site_name":"Concrete Form &amp; Rigging Hardware Supplier","article_publisher":"https:\/\/www.facebook.com\/qingdaohf","article_modified_time":"2025-11-13T01:04:03+00:00","og_image":[{"width":1000,"height":1000,"url":"https:\/\/qingdaohf.com\/wp-content\/uploads\/2023\/07\/209-shackle-2.jpg","type":"image\/jpeg"}],"twitter_card":"summary_large_image","twitter_misc":{"Tahmini okuma s\u00fcresi":"3 dakika"},"schema":{"@context":"https:\/\/schema.org","@graph":[{"@type":"WebPage","@id":"https:\/\/qingdaohf.com\/product\/g209-shackle\/","url":"https:\/\/qingdaohf.com\/product\/g209-shackle\/","name":"G209 Bow Shackle S209 Screw Pin Ancho Shackle","isPartOf":{"@id":"https:\/\/qingdaohf.com\/bg\/#website"},"primaryImageOfPage":{"@id":"https:\/\/qingdaohf.com\/product\/g209-shackle\/#primaryimage"},"image":{"@id":"https:\/\/qingdaohf.com\/product\/g209-shackle\/#primaryimage"},"thumbnailUrl":"https:\/\/qingdaohf.com\/wp-content\/uploads\/2023\/07\/209-shackle-2.jpg","datePublished":"2023-07-05T09:16:50+00:00","dateModified":"2025-11-13T01:04:03+00:00","description":"The G209 Galvanized Shackle is an essential and reliable hardware component widely used in various industries and applications.","breadcrumb":{"@id":"https:\/\/qingdaohf.com\/product\/g209-shackle\/#breadcrumb"},"inLanguage":"tr","potentialAction":[{"@type":"ReadAction","target":["https:\/\/qingdaohf.com\/product\/g209-shackle\/"]}]},{"@type":"ImageObject","inLanguage":"tr","@id":"https:\/\/qingdaohf.com\/product\/g209-shackle\/#primaryimage","url":"https:\/\/qingdaohf.com\/wp-content\/uploads\/2023\/07\/209-shackle-2.jpg","contentUrl":"https:\/\/qingdaohf.com\/wp-content\/uploads\/2023\/07\/209-shackle-2.jpg","width":1000,"height":1000,"caption":"209 shackle"},{"@type":"BreadcrumbList","@id":"https:\/\/qingdaohf.com\/product\/g209-shackle\/#breadcrumb","itemListElement":[{"@type":"ListItem","position":1,"name":"Home","item":"https:\/\/qingdaohf.com\/"},{"@type":"ListItem","position":2,"name":"Concrete Forming Accessories and Rigging Hardware","item":"https:\/\/qingdaohf.com\/bg\/?page_id=944"},{"@type":"ListItem","position":3,"name":"G209 Bow Shackle S209 Screw Pin Ancho Shackle"}]},{"@type":"WebSite","@id":"https:\/\/qingdaohf.com\/bg\/#website","url":"https:\/\/qingdaohf.com\/bg\/","name":"Concrete Form & Rigging Hardware Supplier","description":"","publisher":{"@id":"https:\/\/qingdaohf.com\/bg\/#organization"},"potentialAction":[{"@type":"SearchAction","target":{"@type":"EntryPoint","urlTemplate":"https:\/\/qingdaohf.com\/bg\/?s={search_term_string}"},"query-input":{"@type":"PropertyValueSpecification","valueRequired":true,"valueName":"search_term_string"}}],"inLanguage":"tr"},{"@type":"Organization","@id":"https:\/\/qingdaohf.com\/bg\/#organization","name":"Qingdao H&F","url":"https:\/\/qingdaohf.com\/bg\/","logo":{"@type":"ImageObject","inLanguage":"tr","@id":"https:\/\/qingdaohf.com\/bg\/#\/schema\/logo\/image\/","url":"https:\/\/qingdaohf.com\/wp-content\/uploads\/2022\/12\/cropped-HF-LOGO.png","contentUrl":"https:\/\/qingdaohf.com\/wp-content\/uploads\/2022\/12\/cropped-HF-LOGO.png","width":391,"height":249,"caption":"Qingdao H&F"},"image":{"@id":"https:\/\/qingdaohf.com\/bg\/#\/schema\/logo\/image\/"},"sameAs":["https:\/\/www.facebook.com\/qingdaohf"]}]}},"_links":{"self":[{"href":"https:\/\/qingdaohf.com\/tr\/wp-json\/wp\/v2\/product\/4622","targetHints":{"allow":["GET"]}}],"collection":[{"href":"https:\/\/qingdaohf.com\/tr\/wp-json\/wp\/v2\/product"}],"about":[{"href":"https:\/\/qingdaohf.com\/tr\/wp-json\/wp\/v2\/types\/product"}],"replies":[{"embeddable":true,"href":"https:\/\/qingdaohf.com\/tr\/wp-json\/wp\/v2\/comments?post=4622"}],"version-history":[{"count":7,"href":"https:\/\/qingdaohf.com\/tr\/wp-json\/wp\/v2\/product\/4622\/revisions"}],"predecessor-version":[{"id":6301,"href":"https:\/\/qingdaohf.com\/tr\/wp-json\/wp\/v2\/product\/4622\/revisions\/6301"}],"wp:featuredmedia":[{"embeddable":true,"href":"https:\/\/qingdaohf.com\/tr\/wp-json\/wp\/v2\/media\/6311"}],"wp:attachment":[{"href":"https:\/\/qingdaohf.com\/tr\/wp-json\/wp\/v2\/media?parent=4622"}],"wp:term":[{"taxonomy":"product_brand","embeddable":true,"href":"https:\/\/qingdaohf.com\/tr\/wp-json\/wp\/v2\/product_brand?post=4622"},{"taxonomy":"product_cat","embeddable":true,"href":"https:\/\/qingdaohf.com\/tr\/wp-json\/wp\/v2\/product_cat?post=4622"},{"taxonomy":"product_tag","embeddable":true,"href":"https:\/\/qingdaohf.com\/tr\/wp-json\/wp\/v2\/product_tag?post=4622"}],"curies":[{"name":"wp","href":"https:\/\/api.w.org\/{rel}","templated":true}]}}