{"id":5246,"date":"2023-09-08T14:27:43","date_gmt":"2023-09-08T06:27:43","guid":{"rendered":"http:\/\/qingdaohf.com\/?post_type=product&#038;p=5246"},"modified":"2025-11-13T09:04:02","modified_gmt":"2025-11-13T01:04:02","slug":"flat-tie-wall-tie-for-concrete-formwork","status":"publish","type":"product","link":"https:\/\/qingdaohf.com\/tr\/urun\/beton-kalibi-icin-duz-baglanti-duvar-bagi\/","title":{"rendered":"Beton Kal\u0131p \u0130\u00e7in D\u00fcz Kravat Duvar Ba\u011f\u0131"},"content":{"rendered":"<div class=\"ast-oembed-container\" style=\"height: 100%;\"><iframe title=\"Beton i\u00e7in H&amp;F D\u00fcz Duvar Ba\u011flant\u0131s\u0131\" width=\"500\" height=\"281\" src=\"https:\/\/www.youtube.com\/embed\/IIGgVYI9kEg?feature=oembed\" frameborder=\"0\" allow=\"accelerometer; autoplay; clipboard-write; encrypted-media; gyroscope; picture-in-picture; web-share\" referrerpolicy=\"strict-origin-when-cross-origin\" allowfullscreen><\/iframe><\/div>\n<p><img fetchpriority=\"high\" decoding=\"async\" class=\"alignnone size-full wp-image-5262\" src=\"http:\/\/qingdaohf.com\/wp-content\/uploads\/2023\/09\/flat-tie-1.png\" alt=\"d\u00fcz kravat\" width=\"1544\" height=\"1468\" srcset=\"https:\/\/qingdaohf.com\/wp-content\/uploads\/2023\/09\/flat-tie-1.png 1544w, https:\/\/qingdaohf.com\/wp-content\/uploads\/2023\/09\/flat-tie-1-300x285.png 300w, https:\/\/qingdaohf.com\/wp-content\/uploads\/2023\/09\/flat-tie-1-1024x974.png 1024w, https:\/\/qingdaohf.com\/wp-content\/uploads\/2023\/09\/flat-tie-1-768x730.png 768w, https:\/\/qingdaohf.com\/wp-content\/uploads\/2023\/09\/flat-tie-1-1536x1460.png 1536w, https:\/\/qingdaohf.com\/wp-content\/uploads\/2023\/09\/flat-tie-1-1000x951.png 1000w\" sizes=\"(max-width: 1544px) 100vw, 1544px\" \/><\/p>\n<p><strong>1. Kalite ve Dayan\u0131kl\u0131l\u0131k:<\/strong> D\u00fcz ba\u011flar\u0131n in\u015faat projelerinizin ba\u015far\u0131s\u0131n\u0131n ayr\u0131lmaz bir par\u00e7as\u0131 oldu\u011funun fark\u0131nday\u0131z. Bu temel aksesuarlar s\u00f6z konusu oldu\u011funda kalite ve dayan\u0131kl\u0131l\u0131k tart\u0131\u015f\u0131lmazd\u0131r. D\u00fcz ba\u011flar da dahil olmak \u00fczere Beton \u015eekillendirme Aksesuarlar\u0131 \u00fcretiminde 20 y\u0131ll\u0131k uzmanl\u0131\u011fa sahip kooperatif fabrikam\u0131z, \u00fcr\u00fcnlerimizin end\u00fcstri standartlar\u0131n\u0131 kar\u015f\u0131lamas\u0131n\u0131 ve a\u015fmas\u0131n\u0131 sa\u011flar. Beton \u015fekillendirme yap\u0131lar\u0131n\u0131z\u0131n b\u00fct\u00fcnl\u00fc\u011f\u00fcn\u00fc sa\u011flayan, uzun \u00f6m\u00fcrl\u00fc d\u00fcz ba\u011flar i\u00e7in bize g\u00fcvenin.<\/p>\n<p><strong>2. \u00d6zelle\u015ftirme Se\u00e7enekleri:<\/strong> Projeleriniz benzersizdir ve tek bir boyutun herkese uymad\u0131\u011f\u0131n\u0131 anl\u0131yoruz. Bu nedenle Qingdao H&amp;F \u00e7ok \u00e7e\u015fitli \u00f6zelle\u015ftirme se\u00e7enekleri sunuyor. D\u00fcz ba\u011flar\u0131n\u0131z\u0131 kesin spesifikasyonlara g\u00f6re uyarlay\u0131n ve in\u015faat s\u00fcre\u00e7lerinize sorunsuz entegrasyon sa\u011flay\u0131n. \u00d6zelle\u015ftirme konusundaki kararl\u0131l\u0131\u011f\u0131m\u0131z, daha fazla verimlilik ve g\u00fcvenlik elde etmenizi sa\u011flar.<\/p>\n<p><strong>3. Bulunabilirlik ve Rekabet\u00e7i Fiyatland\u0131rma:<\/strong> \u0130n\u015faat sekt\u00f6r\u00fcnde zaman \u00e7ok \u00f6nemlidir. D\u00fcz ba\u011flar da dahil olmak \u00fczere Beton \u015eekillendirme Aksesuarlar\u0131n\u0131n \u00f6nemli bir envanterini toplu miktarlarda bulunduruyoruz ve bu \u00f6nemli bile\u015fenlere ihtiyac\u0131n\u0131z oldu\u011funda eri\u015febilmenizi sa\u011fl\u0131yoruz. \u0130\u00e7iniz rahat olsun, rekabet\u00e7i fiyatland\u0131rmam\u0131z kaliteden \u00f6d\u00fcn vermeden uygun maliyetli \u00e7\u00f6z\u00fcmler sa\u011flar.<\/p>\n<p><strong>4. Kalite G\u00fcvencesi:<\/strong> \u0130\u00e7inizin rahat olmas\u0131 bizim i\u00e7in her \u015feyden \u00f6nemlidir. Her d\u00fcz kravatla birlikte, kaliteye olan sars\u0131lmaz ba\u011fl\u0131l\u0131\u011f\u0131m\u0131z\u0131 teyit eden kapsaml\u0131 bir Kalite Kontrol Denetim Raporu sunuyoruz. Bu rapor, \u00fcst d\u00fczey \u00fcr\u00fcnler sunma taahh\u00fcd\u00fcm\u00fcz\u00fcn somut bir kan\u0131t\u0131d\u0131r.<\/p>\n<p><strong>5. M\u00fc\u015fteri Odakl\u0131 Yakla\u015f\u0131m:<\/strong> Qingdao H&amp;F olarak m\u00fc\u015fterilerimizle kurdu\u011fumuz ili\u015fkilere de\u011fer veriyoruz. Bire bir hizmetimiz, projeleriniz i\u00e7in m\u00fckemmel d\u00fcz ba\u011f \u00e7\u00f6z\u00fcmlerini se\u00e7menize yard\u0131mc\u0131 olarak size ki\u015fiselle\u015ftirilmi\u015f rehberlik sa\u011flamak \u00fczere tasarlanm\u0131\u015ft\u0131r. Ayr\u0131ca, \u00fcr\u00fcnlerimizin \u00f6zel uygulamalar\u0131n\u0131z i\u00e7in uygunlu\u011funu de\u011ferlendirmenize olanak tan\u0131yan \u00fccretsiz numuneler sunuyoruz.<\/p>\n<p><strong>Sonu\u00e7 olarak:<\/strong> Al\u0131c\u0131lar olarak kalite, dayan\u0131kl\u0131l\u0131k, \u00f6zelle\u015ftirme, rekabet\u00e7i fiyatland\u0131rma ve ola\u011fan\u00fcst\u00fc m\u00fc\u015fteri deste\u011fi talepleriniz taahh\u00fcd\u00fcm\u00fcz\u00fcn \u00f6n saflar\u0131nda yer almaktad\u0131r. Qingdao H&amp;F, kapsaml\u0131 end\u00fcstri deneyimi, kendi kooperatif fabrikas\u0131 ve \u00c7in merkezli bir \u00fcretici, tedarik\u00e7i, sat\u0131c\u0131, toptanc\u0131, bayi, distrib\u00fct\u00f6r ve \u015firket olarak g\u00fc\u00e7l\u00fc varl\u0131\u011f\u0131 ile beton \u015fekillendirme ihtiya\u00e7lar\u0131n\u0131z i\u00e7in ideal orta\u011f\u0131n\u0131zd\u0131r.<\/p>\n<p>D\u00fcz ba\u011flama gereksinimleriniz i\u00e7in bize g\u00fcvenin ve \u00fcr\u00fcnlerimizin ve hizmetlerimizin her alan\u0131nda m\u00fckemmelli\u011fe adanm\u0131\u015f bir \u015firketle i\u015fbirli\u011fi yapman\u0131n avantaj\u0131n\u0131 ya\u015fay\u0131n. Memnuniyetiniz bizim \u00f6nceli\u011fimizdir ve beklentilerinizi a\u015fmak i\u00e7in sab\u0131rs\u0131zlan\u0131yoruz.<\/p>","protected":false},"excerpt":{"rendered":"<p>D\u00fcz kravat aray\u0131\u015f\u0131n\u0131z s\u00f6z konusu oldu\u011funda, taleplerinizin \u00f6zel ve beklentilerinizin y\u00fcksek oldu\u011funu anl\u0131yoruz. Dikkat etti\u011finiz ba\u015fl\u0131ca hususlar aras\u0131nda kalite, dayan\u0131kl\u0131l\u0131k, \u00f6zelle\u015ftirme se\u00e7enekleri ve g\u00fcvenilir tedarik yer al\u0131yor. Bu mesajda, \u00c7in merkezli bir \u015firket olarak yirmi y\u0131l\u0131 a\u015fk\u0131n deneyimi ve benzersiz avantajlar\u0131 olan Qingdao H&amp;F'nin, Beton \u015eekillendirme Aksesuarlar\u0131 konusunda uzmanla\u015fm\u0131\u015f g\u00fcvenilir bir \u00fcretici, fabrika, tedarik\u00e7i, sat\u0131c\u0131, toptanc\u0131, bayi, distrib\u00fct\u00f6r ve \u015firket olarak bu talepleri kar\u015f\u0131lamada nas\u0131l ba\u015far\u0131l\u0131 oldu\u011funu inceleyece\u011fiz.<\/p>","protected":false},"featured_media":5314,"comment_status":"open","ping_status":"closed","template":"","meta":{"site-sidebar-layout":"default","site-content-layout":"","ast-site-content-layout":"default","site-content-style":"default","site-sidebar-style":"default","ast-global-header-display":"","ast-banner-title-visibility":"","ast-main-header-display":"","ast-hfb-above-header-display":"","ast-hfb-below-header-display":"","ast-hfb-mobile-header-display":"","site-post-title":"","ast-breadcrumbs-content":"","ast-featured-img":"","footer-sml-layout":"","theme-transparent-header-meta":"default","adv-header-id-meta":"","stick-header-meta":"default","header-above-stick-meta":"","header-main-stick-meta":"","header-below-stick-meta":"","astra-migrate-meta-layouts":"set","ast-page-background-enabled":"default","ast-page-background-meta":{"desktop":{"background-color":"","background-image":"","background-repeat":"repeat","background-position":"center center","background-size":"auto","background-attachment":"scroll","background-type":"","background-media":"","overlay-type":"","overlay-color":"","overlay-opacity":"","overlay-gradient":""},"tablet":{"background-color":"","background-image":"","background-repeat":"repeat","background-position":"center center","background-size":"auto","background-attachment":"scroll","background-type":"","background-media":"","overlay-type":"","overlay-color":"","overlay-opacity":"","overlay-gradient":""},"mobile":{"background-color":"","background-image":"","background-repeat":"repeat","background-position":"center center","background-size":"auto","background-attachment":"scroll","background-type":"","background-media":"","overlay-type":"","overlay-color":"","overlay-opacity":"","overlay-gradient":""}},"ast-content-background-meta":{"desktop":{"background-color":"var(--ast-global-color-5)","background-image":"","background-repeat":"repeat","background-position":"center center","background-size":"auto","background-attachment":"scroll","background-type":"","background-media":"","overlay-type":"","overlay-color":"","overlay-opacity":"","overlay-gradient":""},"tablet":{"background-color":"var(--ast-global-color-5)","background-image":"","background-repeat":"repeat","background-position":"center center","background-size":"auto","background-attachment":"scroll","background-type":"","background-media":"","overlay-type":"","overlay-color":"","overlay-opacity":"","overlay-gradient":""},"mobile":{"background-color":"var(--ast-global-color-5)","background-image":"","background-repeat":"repeat","background-position":"center center","background-size":"auto","background-attachment":"scroll","background-type":"","background-media":"","overlay-type":"","overlay-color":"","overlay-opacity":"","overlay-gradient":""}}},"product_brand":[],"product_cat":[50,20,64],"product_tag":[],"class_list":{"0":"post-5246","1":"product","2":"type-product","3":"status-publish","4":"has-post-thumbnail","6":"product_cat-concrete-form-accessories","7":"product_cat-concrete-wall-tie","8":"product_cat-concrete-flat-tie","9":"desktop-align-left","10":"tablet-align-left","11":"mobile-align-left","12":"ast-product-gallery-layout-horizontal-slider","13":"ast-product-tabs-layout-horizontal","15":"first","16":"instock","17":"shipping-taxable","18":"purchasable","19":"product-type-simple"},"yoast_head":"<!-- This site is optimized with the Yoast SEO plugin v25.2 - https:\/\/yoast.com\/wordpress\/plugins\/seo\/ -->\n<title>Flat Tie Wall Tie For Concrete Formwork<\/title>\n<meta name=\"description\" content=\"When it comes to your search for flat ties, we understand that your demands are specific and your expectations are high. Your primary considerations include quality, durability, customization options, and reliable sourcing.\" \/>\n<meta name=\"robots\" content=\"index, follow, max-snippet:-1, max-image-preview:large, max-video-preview:-1\" \/>\n<link rel=\"canonical\" href=\"https:\/\/qingdaohf.com\/tr\/urun\/beton-kalibi-icin-duz-baglanti-duvar-bagi\/\" \/>\n<meta property=\"og:locale\" content=\"tr_TR\" \/>\n<meta property=\"og:type\" content=\"article\" \/>\n<meta property=\"og:title\" content=\"Flat Tie Wall Tie For Concrete Formwork\" \/>\n<meta property=\"og:description\" content=\"When it comes to your search for flat ties, we understand that your demands are specific and your expectations are high. Your primary considerations include quality, durability, customization options, and reliable sourcing.\" \/>\n<meta property=\"og:url\" content=\"https:\/\/qingdaohf.com\/tr\/urun\/beton-kalibi-icin-duz-baglanti-duvar-bagi\/\" \/>\n<meta property=\"og:site_name\" content=\"Concrete Form &amp; Rigging Hardware Supplier\" \/>\n<meta property=\"article:publisher\" content=\"https:\/\/www.facebook.com\/qingdaohf\" \/>\n<meta property=\"article:modified_time\" content=\"2025-11-13T01:04:02+00:00\" \/>\n<meta property=\"og:image\" content=\"https:\/\/qingdaohf.com\/wp-content\/uploads\/2023\/09\/flat-tie-2-1.jpg\" \/>\n\t<meta property=\"og:image:width\" content=\"1000\" \/>\n\t<meta property=\"og:image:height\" content=\"1000\" \/>\n\t<meta property=\"og:image:type\" content=\"image\/jpeg\" \/>\n<meta name=\"twitter:card\" content=\"summary_large_image\" \/>\n<meta name=\"twitter:label1\" content=\"Tahmini okuma s\u00fcresi\" \/>\n\t<meta name=\"twitter:data1\" content=\"3 dakika\" \/>\n<script type=\"application\/ld+json\" class=\"yoast-schema-graph\">{\"@context\":\"https:\/\/schema.org\",\"@graph\":[{\"@type\":\"WebPage\",\"@id\":\"https:\/\/qingdaohf.com\/product\/flat-tie-wall-tie-for-concrete-formwork\/\",\"url\":\"https:\/\/qingdaohf.com\/product\/flat-tie-wall-tie-for-concrete-formwork\/\",\"name\":\"Flat Tie Wall Tie For Concrete Formwork\",\"isPartOf\":{\"@id\":\"https:\/\/qingdaohf.com\/bg\/#website\"},\"primaryImageOfPage\":{\"@id\":\"https:\/\/qingdaohf.com\/product\/flat-tie-wall-tie-for-concrete-formwork\/#primaryimage\"},\"image\":{\"@id\":\"https:\/\/qingdaohf.com\/product\/flat-tie-wall-tie-for-concrete-formwork\/#primaryimage\"},\"thumbnailUrl\":\"https:\/\/qingdaohf.com\/wp-content\/uploads\/2023\/09\/flat-tie-2-1.jpg\",\"datePublished\":\"2023-09-08T06:27:43+00:00\",\"dateModified\":\"2025-11-13T01:04:02+00:00\",\"description\":\"When it comes to your search for flat ties, we understand that your demands are specific and your expectations are high. Your primary considerations include quality, durability, customization options, and reliable sourcing.\",\"breadcrumb\":{\"@id\":\"https:\/\/qingdaohf.com\/product\/flat-tie-wall-tie-for-concrete-formwork\/#breadcrumb\"},\"inLanguage\":\"tr\",\"potentialAction\":[{\"@type\":\"ReadAction\",\"target\":[\"https:\/\/qingdaohf.com\/product\/flat-tie-wall-tie-for-concrete-formwork\/\"]}]},{\"@type\":\"ImageObject\",\"inLanguage\":\"tr\",\"@id\":\"https:\/\/qingdaohf.com\/product\/flat-tie-wall-tie-for-concrete-formwork\/#primaryimage\",\"url\":\"https:\/\/qingdaohf.com\/wp-content\/uploads\/2023\/09\/flat-tie-2-1.jpg\",\"contentUrl\":\"https:\/\/qingdaohf.com\/wp-content\/uploads\/2023\/09\/flat-tie-2-1.jpg\",\"width\":1000,\"height\":1000,\"caption\":\"flat tie\"},{\"@type\":\"BreadcrumbList\",\"@id\":\"https:\/\/qingdaohf.com\/product\/flat-tie-wall-tie-for-concrete-formwork\/#breadcrumb\",\"itemListElement\":[{\"@type\":\"ListItem\",\"position\":1,\"name\":\"Home\",\"item\":\"https:\/\/qingdaohf.com\/\"},{\"@type\":\"ListItem\",\"position\":2,\"name\":\"Concrete Forming Accessories and Rigging Hardware\",\"item\":\"https:\/\/qingdaohf.com\/bg\/?page_id=944\"},{\"@type\":\"ListItem\",\"position\":3,\"name\":\"Flat Tie Wall Tie For Concrete Formwork\"}]},{\"@type\":\"WebSite\",\"@id\":\"https:\/\/qingdaohf.com\/bg\/#website\",\"url\":\"https:\/\/qingdaohf.com\/bg\/\",\"name\":\"Concrete Form & Rigging Hardware Supplier\",\"description\":\"\",\"publisher\":{\"@id\":\"https:\/\/qingdaohf.com\/bg\/#organization\"},\"potentialAction\":[{\"@type\":\"SearchAction\",\"target\":{\"@type\":\"EntryPoint\",\"urlTemplate\":\"https:\/\/qingdaohf.com\/bg\/?s={search_term_string}\"},\"query-input\":{\"@type\":\"PropertyValueSpecification\",\"valueRequired\":true,\"valueName\":\"search_term_string\"}}],\"inLanguage\":\"tr\"},{\"@type\":\"Organization\",\"@id\":\"https:\/\/qingdaohf.com\/bg\/#organization\",\"name\":\"Qingdao H&F\",\"url\":\"https:\/\/qingdaohf.com\/bg\/\",\"logo\":{\"@type\":\"ImageObject\",\"inLanguage\":\"tr\",\"@id\":\"https:\/\/qingdaohf.com\/bg\/#\/schema\/logo\/image\/\",\"url\":\"https:\/\/qingdaohf.com\/wp-content\/uploads\/2022\/12\/cropped-HF-LOGO.png\",\"contentUrl\":\"https:\/\/qingdaohf.com\/wp-content\/uploads\/2022\/12\/cropped-HF-LOGO.png\",\"width\":391,\"height\":249,\"caption\":\"Qingdao H&F\"},\"image\":{\"@id\":\"https:\/\/qingdaohf.com\/bg\/#\/schema\/logo\/image\/\"},\"sameAs\":[\"https:\/\/www.facebook.com\/qingdaohf\"]}]}<\/script>\n<!-- \/ Yoast SEO plugin. -->","yoast_head_json":{"title":"Flat Tie Wall Tie For Concrete Formwork","description":"When it comes to your search for flat ties, we understand that your demands are specific and your expectations are high. Your primary considerations include quality, durability, customization options, and reliable sourcing.","robots":{"index":"index","follow":"follow","max-snippet":"max-snippet:-1","max-image-preview":"max-image-preview:large","max-video-preview":"max-video-preview:-1"},"canonical":"https:\/\/qingdaohf.com\/tr\/urun\/beton-kalibi-icin-duz-baglanti-duvar-bagi\/","og_locale":"tr_TR","og_type":"article","og_title":"Flat Tie Wall Tie For Concrete Formwork","og_description":"When it comes to your search for flat ties, we understand that your demands are specific and your expectations are high. Your primary considerations include quality, durability, customization options, and reliable sourcing.","og_url":"https:\/\/qingdaohf.com\/tr\/urun\/beton-kalibi-icin-duz-baglanti-duvar-bagi\/","og_site_name":"Concrete Form &amp; Rigging Hardware Supplier","article_publisher":"https:\/\/www.facebook.com\/qingdaohf","article_modified_time":"2025-11-13T01:04:02+00:00","og_image":[{"width":1000,"height":1000,"url":"https:\/\/qingdaohf.com\/wp-content\/uploads\/2023\/09\/flat-tie-2-1.jpg","type":"image\/jpeg"}],"twitter_card":"summary_large_image","twitter_misc":{"Tahmini okuma s\u00fcresi":"3 dakika"},"schema":{"@context":"https:\/\/schema.org","@graph":[{"@type":"WebPage","@id":"https:\/\/qingdaohf.com\/product\/flat-tie-wall-tie-for-concrete-formwork\/","url":"https:\/\/qingdaohf.com\/product\/flat-tie-wall-tie-for-concrete-formwork\/","name":"Flat Tie Wall Tie For Concrete Formwork","isPartOf":{"@id":"https:\/\/qingdaohf.com\/bg\/#website"},"primaryImageOfPage":{"@id":"https:\/\/qingdaohf.com\/product\/flat-tie-wall-tie-for-concrete-formwork\/#primaryimage"},"image":{"@id":"https:\/\/qingdaohf.com\/product\/flat-tie-wall-tie-for-concrete-formwork\/#primaryimage"},"thumbnailUrl":"https:\/\/qingdaohf.com\/wp-content\/uploads\/2023\/09\/flat-tie-2-1.jpg","datePublished":"2023-09-08T06:27:43+00:00","dateModified":"2025-11-13T01:04:02+00:00","description":"When it comes to your search for flat ties, we understand that your demands are specific and your expectations are high. Your primary considerations include quality, durability, customization options, and reliable sourcing.","breadcrumb":{"@id":"https:\/\/qingdaohf.com\/product\/flat-tie-wall-tie-for-concrete-formwork\/#breadcrumb"},"inLanguage":"tr","potentialAction":[{"@type":"ReadAction","target":["https:\/\/qingdaohf.com\/product\/flat-tie-wall-tie-for-concrete-formwork\/"]}]},{"@type":"ImageObject","inLanguage":"tr","@id":"https:\/\/qingdaohf.com\/product\/flat-tie-wall-tie-for-concrete-formwork\/#primaryimage","url":"https:\/\/qingdaohf.com\/wp-content\/uploads\/2023\/09\/flat-tie-2-1.jpg","contentUrl":"https:\/\/qingdaohf.com\/wp-content\/uploads\/2023\/09\/flat-tie-2-1.jpg","width":1000,"height":1000,"caption":"flat tie"},{"@type":"BreadcrumbList","@id":"https:\/\/qingdaohf.com\/product\/flat-tie-wall-tie-for-concrete-formwork\/#breadcrumb","itemListElement":[{"@type":"ListItem","position":1,"name":"Home","item":"https:\/\/qingdaohf.com\/"},{"@type":"ListItem","position":2,"name":"Concrete Forming Accessories and Rigging Hardware","item":"https:\/\/qingdaohf.com\/bg\/?page_id=944"},{"@type":"ListItem","position":3,"name":"Flat Tie Wall Tie For Concrete Formwork"}]},{"@type":"WebSite","@id":"https:\/\/qingdaohf.com\/bg\/#website","url":"https:\/\/qingdaohf.com\/bg\/","name":"Concrete Form & Rigging Hardware Supplier","description":"","publisher":{"@id":"https:\/\/qingdaohf.com\/bg\/#organization"},"potentialAction":[{"@type":"SearchAction","target":{"@type":"EntryPoint","urlTemplate":"https:\/\/qingdaohf.com\/bg\/?s={search_term_string}"},"query-input":{"@type":"PropertyValueSpecification","valueRequired":true,"valueName":"search_term_string"}}],"inLanguage":"tr"},{"@type":"Organization","@id":"https:\/\/qingdaohf.com\/bg\/#organization","name":"Qingdao H&F","url":"https:\/\/qingdaohf.com\/bg\/","logo":{"@type":"ImageObject","inLanguage":"tr","@id":"https:\/\/qingdaohf.com\/bg\/#\/schema\/logo\/image\/","url":"https:\/\/qingdaohf.com\/wp-content\/uploads\/2022\/12\/cropped-HF-LOGO.png","contentUrl":"https:\/\/qingdaohf.com\/wp-content\/uploads\/2022\/12\/cropped-HF-LOGO.png","width":391,"height":249,"caption":"Qingdao H&F"},"image":{"@id":"https:\/\/qingdaohf.com\/bg\/#\/schema\/logo\/image\/"},"sameAs":["https:\/\/www.facebook.com\/qingdaohf"]}]}},"_links":{"self":[{"href":"https:\/\/qingdaohf.com\/tr\/wp-json\/wp\/v2\/product\/5246","targetHints":{"allow":["GET"]}}],"collection":[{"href":"https:\/\/qingdaohf.com\/tr\/wp-json\/wp\/v2\/product"}],"about":[{"href":"https:\/\/qingdaohf.com\/tr\/wp-json\/wp\/v2\/types\/product"}],"replies":[{"embeddable":true,"href":"https:\/\/qingdaohf.com\/tr\/wp-json\/wp\/v2\/comments?post=5246"}],"version-history":[{"count":4,"href":"https:\/\/qingdaohf.com\/tr\/wp-json\/wp\/v2\/product\/5246\/revisions"}],"predecessor-version":[{"id":5317,"href":"https:\/\/qingdaohf.com\/tr\/wp-json\/wp\/v2\/product\/5246\/revisions\/5317"}],"wp:featuredmedia":[{"embeddable":true,"href":"https:\/\/qingdaohf.com\/tr\/wp-json\/wp\/v2\/media\/5314"}],"wp:attachment":[{"href":"https:\/\/qingdaohf.com\/tr\/wp-json\/wp\/v2\/media?parent=5246"}],"wp:term":[{"taxonomy":"product_brand","embeddable":true,"href":"https:\/\/qingdaohf.com\/tr\/wp-json\/wp\/v2\/product_brand?post=5246"},{"taxonomy":"product_cat","embeddable":true,"href":"https:\/\/qingdaohf.com\/tr\/wp-json\/wp\/v2\/product_cat?post=5246"},{"taxonomy":"product_tag","embeddable":true,"href":"https:\/\/qingdaohf.com\/tr\/wp-json\/wp\/v2\/product_tag?post=5246"}],"curies":[{"name":"wp","href":"https:\/\/api.w.org\/{rel}","templated":true}]}}