{"id":5473,"date":"2023-10-23T14:14:46","date_gmt":"2023-10-23T06:14:46","guid":{"rendered":"http:\/\/qingdaohf.com\/?post_type=product&#038;p=5473"},"modified":"2025-11-13T09:04:02","modified_gmt":"2025-11-13T01:04:02","slug":"webbing-sling-oem","status":"publish","type":"product","link":"https:\/\/qingdaohf.com\/tr\/urun\/dokuma-aski-oem\/","title":{"rendered":"Dokuma Sapan OEM"},"content":{"rendered":"<p><img fetchpriority=\"high\" decoding=\"async\" class=\"alignnone wp-image-5962 size-full\" src=\"http:\/\/qingdaohf.com\/wp-content\/uploads\/2023\/10\/HF-SLINGS-1-scaled.jpg\" alt=\"HF SLINGS \" width=\"1686\" height=\"1920\" srcset=\"https:\/\/qingdaohf.com\/wp-content\/uploads\/2023\/10\/HF-SLINGS-1-scaled.jpg 1686w, https:\/\/qingdaohf.com\/wp-content\/uploads\/2023\/10\/HF-SLINGS-1-264x300.jpg 264w, https:\/\/qingdaohf.com\/wp-content\/uploads\/2023\/10\/HF-SLINGS-1-899x1024.jpg 899w, https:\/\/qingdaohf.com\/wp-content\/uploads\/2023\/10\/HF-SLINGS-1-768x874.jpg 768w, https:\/\/qingdaohf.com\/wp-content\/uploads\/2023\/10\/HF-SLINGS-1-1349x1536.jpg 1349w, https:\/\/qingdaohf.com\/wp-content\/uploads\/2023\/10\/HF-SLINGS-1-1799x2048.jpg 1799w, https:\/\/qingdaohf.com\/wp-content\/uploads\/2023\/10\/HF-SLINGS-1-1000x1139.jpg 1000w\" sizes=\"(max-width: 1686px) 100vw, 1686px\" \/><\/p>\n<h3><strong>Kalite G\u00fcvencesi:<\/strong><\/h3>\n<p>Dokuma sapanlar\u0131n en y\u00fcksek kalitesi, \u00e7e\u015fitli uygulamalarda g\u00fcvenlik ve g\u00fcvenilirlik i\u00e7in \u00e7ok \u00f6nemlidir.<\/p>\n<p>\u00c7\u00f6z\u00fcm: Malzeme denetimleri, \u00fcretim kontrolleri ve \u00fc\u00e7\u00fcnc\u00fc taraf sertifikalar\u0131 dahil olmak \u00fczere titiz kalite kontrol s\u00fcre\u00e7leri uygulay\u0131n.<\/p>\n<h3><strong>\u00d6zelle\u015ftirme Se\u00e7enekleri:<\/strong><\/h3>\n<p>Sorun: \u00d6zel proje gereksinimlerini ve end\u00fcstri standartlar\u0131n\u0131 kar\u015f\u0131lamak i\u00e7in \u00f6zel \u00e7\u00f6z\u00fcmler gereklidir.<\/p>\n<p>\u00c7\u00f6z\u00fcm: Farkl\u0131 m\u00fc\u015fteri ihtiya\u00e7lar\u0131n\u0131 kar\u015f\u0131lamak i\u00e7in boyut, uzunluk, y\u00fck kapasitesi ve renk kodlamas\u0131 dahil olmak \u00fczere \u00e7ok \u00e7e\u015fitli \u00f6zelle\u015ftirme se\u00e7enekleri sunun.<\/p>\n<h3><strong>Maliyet Rekabet\u00e7ili\u011fi:<\/strong><\/h3>\n<p>Sorun: Kalite ve maliyet aras\u0131nda do\u011fru dengeyi kurmak, pazardaki rekabet g\u00fcc\u00fcn\u00fc korumak i\u00e7in \u00e7ok \u00f6nemlidir.<\/p>\n<p>\u00c7\u00f6z\u00fcm: Uygun maliyetli dokuma sapan OEM \u00e7\u00f6z\u00fcmleri sa\u011flamak i\u00e7in \u00fcretim s\u00fcre\u00e7lerini optimize edin, tedarik\u00e7ilerle g\u00f6r\u00fc\u015f\u00fcn ve \u00f6l\u00e7ek ekonomilerinden yararlan\u0131n.<\/p>\n<h3><strong>Zaman\u0131nda Teslimat:<\/strong><\/h3>\n<p>Sorun: Proje zaman \u00e7izelgelerine uymak kritik \u00f6nem ta\u015f\u0131r; teslimatta ya\u015fanan gecikmeler operasyonlar\u0131 aksatabilir ve m\u00fc\u015fteri memnuniyetini etkileyebilir.<\/p>\n<p>\u00c7\u00f6z\u00fcm: Zaman\u0131nda teslimat\u0131 sa\u011flamak i\u00e7in \u00fcretim programlar\u0131n\u0131 d\u00fczenleyin, yeterli envanter bulundurun ve verimli lojistik olu\u015fturun.<\/p>\n<h3><strong>\u0130novasyon ve Teknoloji:<\/strong><\/h3>\n<p>Sorun: Teknolojik geli\u015fmelerin ve sekt\u00f6rdeki yeniliklerin \u00f6n saflar\u0131nda yer almak, en yeni \u00e7\u00f6z\u00fcmleri sunmak i\u00e7in \u00e7ok \u00f6nemlidir.<\/p>\n<p>\u00c7\u00f6z\u00fcm: Ara\u015ft\u0131rma ve geli\u015ftirmeye yat\u0131r\u0131m yap\u0131n, sekt\u00f6r uzmanlar\u0131yla i\u015fbirli\u011fi yap\u0131n ve \u00fcretim s\u00fcre\u00e7lerini en son teknolojileri i\u00e7erecek \u015fekilde s\u00fcrekli olarak y\u00fckseltin.<\/p>\n<h3><strong>\u00c7evresel S\u00fcrd\u00fcr\u00fclebilirlik:<\/strong><\/h3>\n<p>Sorun: S\u00fcrd\u00fcr\u00fclebilir uygulamalara verilen \u00f6nemin artmas\u0131, \u00e7evre dostu \u00fcretim s\u00fcre\u00e7lerine ve malzemelerine ba\u011fl\u0131l\u0131k gerektirmektedir.<\/p>\n<p>\u00c7\u00f6z\u00fcm: \u00c7evreye duyarl\u0131 tedarik, \u00fcretim ve bertaraf uygulamalar\u0131n\u0131 benimseyin ve s\u00fcrd\u00fcr\u00fclebilirli\u011fe ba\u011fl\u0131l\u0131\u011f\u0131n\u0131z\u0131 g\u00f6stermek i\u00e7in ilgili sertifikalar\u0131 al\u0131n.<\/p>\n<p>&nbsp;<\/p>\n<h2><strong>Firmam\u0131z Dokuma Sapan OEM \u0130htiya\u00e7lar\u0131n\u0131 Nas\u0131l Kar\u015f\u0131lar?<\/strong><\/h2>\n<p>Firmam\u0131z OEM ve ODM hizmetlerini desteklemektedir. \u0130htiyac\u0131n\u0131z olan her t\u00fcrl\u00fc ihtiyac\u0131 kar\u015f\u0131lay\u0131n.<\/p>\n<h3><strong>S\u0131k\u0131 Kalite Kontrol:<\/strong><\/h3>\n<p>\u015eirketimiz titiz kalite kontrol s\u00fcre\u00e7lerine ba\u011fl\u0131 kalmakta, kapsaml\u0131 malzeme denetimleri, s\u00fcre\u00e7 i\u00e7i kontroller ger\u00e7ekle\u015ftirmekte ve tan\u0131nm\u0131\u015f \u00fc\u00e7\u00fcnc\u00fc taraf kurulu\u015flardan sertifikalar almaktad\u0131r.<\/p>\n<h3><strong>\u00c7ok Y\u00f6nl\u00fc \u00d6zelle\u015ftirme:<\/strong><\/h3>\n<p>M\u00fc\u015fterilerimizin boyutlar\u0131, y\u00fck kapasitelerini ve di\u011fer parametreleri belirlemelerine olanak tan\u0131yan \u00e7ok \u00e7e\u015fitli \u00f6zelle\u015ftirme se\u00e7enekleri sunuyoruz ve dokuma sapanlar\u0131m\u0131z\u0131n benzersiz gereksinimleriyle m\u00fckemmel bir \u015fekilde uyumlu olmas\u0131n\u0131 sa\u011fl\u0131yoruz.<\/p>\n<h3><strong>Uygun Maliyetli \u00c7\u00f6z\u00fcmler:<\/strong><\/h3>\n<p>Stratejik tedarik\u00e7i g\u00f6r\u00fc\u015fmeleri, s\u00fcre\u00e7 optimizasyonu ve \u00f6l\u00e7ek ekonomilerinden yararlanma yoluyla, kaliteden \u00f6d\u00fcn vermeden s\u00fcrekli olarak maliyet a\u00e7\u0131s\u0131ndan rekabet\u00e7i dokuma ask\u0131 OEM \u00e7\u00f6z\u00fcmleri sunuyoruz.<\/p>\n<h3><strong>Zaman\u0131nda ve G\u00fcvenilir Teslimat:<\/strong><\/h3>\n<p>Kolayla\u015ft\u0131r\u0131lm\u0131\u015f \u00fcretim programlar\u0131m\u0131z, kapsaml\u0131 envanter y\u00f6netimimiz ve verimli lojisti\u011fimiz, m\u00fc\u015fterilerimizin dokuma sapan sipari\u015flerini zaman\u0131nda almalar\u0131n\u0131 sa\u011flayarak projelerinin ba\u015far\u0131s\u0131na katk\u0131da bulunur.<\/p>\n<h3><strong>Yenili\u011fe Ba\u011fl\u0131l\u0131k:<\/strong><\/h3>\n<p>\u015eirketimiz, ara\u015ft\u0131rma ve geli\u015ftirmeye yat\u0131r\u0131m yaparak, sekt\u00f6r uzmanlar\u0131yla i\u015fbirli\u011fi yaparak ve \u00fcretim s\u00fcre\u00e7lerimizi en son teknolojik geli\u015fmeleri i\u00e7erecek \u015fekilde d\u00fczenli olarak g\u00fcncelleyerek yenili\u011fe \u00f6ncelik vermektedir.<\/p>\n<h3><strong>\u00c7evresel Sorumluluk:<\/strong><\/h3>\n<p>\u00c7evre dostu tedarik uygulamalar\u0131 benimseyerek, ye\u015fil \u00fcretim s\u00fcre\u00e7leri uygulayarak ve daha ye\u015fil bir gelece\u011fe olan ba\u011fl\u0131l\u0131\u011f\u0131m\u0131z\u0131 g\u00f6stermek i\u00e7in ilgili sertifikalar\u0131 alarak \u00e7evresel s\u00fcrd\u00fcr\u00fclebilirlik konusunda kararl\u0131y\u0131z.<\/p>\n<h3><strong>Zaman\u0131nda Teslimat:<\/strong><\/h3>\n<p>Web sitesi, etkin \u00fcretim planlamas\u0131, envanter y\u00f6netimi ve g\u00fcvenilir bir lojistik a\u011f\u0131 arac\u0131l\u0131\u011f\u0131yla zaman\u0131nda teslimat taahh\u00fcd\u00fcm\u00fcz\u00fc vurgulayacak ve s\u0131k\u0131 proje teslim tarihlerini ba\u015far\u0131yla kar\u015f\u0131lad\u0131\u011f\u0131m\u0131z ge\u00e7mi\u015f \u00f6rnekleri sergileyecektir.<\/p>\n<h3><strong>\u0130novasyon ve Teknoloji:<\/strong><\/h3>\n<p>Web sitesi, ara\u015ft\u0131rma ve geli\u015ftirmeye yapt\u0131\u011f\u0131m\u0131z yat\u0131r\u0131mlar\u0131, end\u00fcstri uzmanlar\u0131yla i\u015fbirliklerimizi ve en son teknolojileri dahil etmek i\u00e7in \u00fcretim s\u00fcre\u00e7lerimizde yapt\u0131\u011f\u0131m\u0131z d\u00fczenli g\u00fcncellemeleri detayland\u0131rarak inovasyona olan ba\u011fl\u0131l\u0131\u011f\u0131m\u0131z\u0131 sergileyecek.<\/p>\n<h3><strong>\u00c7evresel S\u00fcrd\u00fcr\u00fclebilirlik:<\/strong><\/h3>\n<p>\u00c7evresel sorumlulu\u011fa olan ba\u011fl\u0131l\u0131\u011f\u0131m\u0131z web sitesinde vurgulanacak ve \u00e7evre dostu tedarik uygulamalar\u0131m\u0131z, ye\u015fil \u00fcretim s\u00fcre\u00e7lerimiz ve s\u00fcrd\u00fcr\u00fclebilirli\u011fe olan ba\u011fl\u0131l\u0131\u011f\u0131m\u0131z\u0131 sergilemek i\u00e7in al\u0131nan sertifikalar detayland\u0131r\u0131lacakt\u0131r.<\/p>\n<p>Bu kritik konular\u0131 ele alarak ve \u00e7\u00f6z\u00fcmlerimizi web sitesinde \u015feffaf bir \u015fekilde sunarak, \u015firketimiz dokuma sapan OEM al\u0131c\u0131lar\u0131n\u0131n ihtiya\u00e7lar\u0131n\u0131 kar\u015f\u0131lama yetene\u011fini etkili bir \u015fekilde g\u00f6sterecektir.<\/p>","protected":false},"excerpt":{"rendered":"<p>OEM hizmetlerimiz, kesin y\u00fck kapasitesi, uzunluk, geni\u015flik, malzeme, renk kodlamas\u0131 ve di\u011fer temel parametreleri tan\u0131mlaman\u0131za olanak tan\u0131r. Sa\u011flad\u0131\u011f\u0131m\u0131z dokuma sapanlar\u0131n ama\u00e7lanan uygulaman\u0131z i\u00e7in m\u00fckemmel bir e\u015fle\u015fme olmas\u0131n\u0131 sa\u011flamak i\u00e7in sizinle yak\u0131n bir \u015fekilde \u00e7al\u0131\u015f\u0131yoruz. \u0130ster a\u011f\u0131r hizmet tipi bir end\u00fcstriyel ask\u0131ya ister \u00f6zel bir \u00e7\u00f6z\u00fcme ihtiyac\u0131n\u0131z olsun, \u00fcr\u00fcnlerimizi buna g\u00f6re \u00f6zelle\u015ftirebiliriz.<\/p>","protected":false},"featured_media":5232,"comment_status":"open","ping_status":"closed","template":"","meta":{"site-sidebar-layout":"default","site-content-layout":"","ast-site-content-layout":"default","site-content-style":"default","site-sidebar-style":"default","ast-global-header-display":"","ast-banner-title-visibility":"","ast-main-header-display":"","ast-hfb-above-header-display":"","ast-hfb-below-header-display":"","ast-hfb-mobile-header-display":"","site-post-title":"","ast-breadcrumbs-content":"","ast-featured-img":"","footer-sml-layout":"","theme-transparent-header-meta":"default","adv-header-id-meta":"","stick-header-meta":"default","header-above-stick-meta":"","header-main-stick-meta":"","header-below-stick-meta":"","astra-migrate-meta-layouts":"set","ast-page-background-enabled":"default","ast-page-background-meta":{"desktop":{"background-color":"","background-image":"","background-repeat":"repeat","background-position":"center center","background-size":"auto","background-attachment":"scroll","background-type":"","background-media":"","overlay-type":"","overlay-color":"","overlay-opacity":"","overlay-gradient":""},"tablet":{"background-color":"","background-image":"","background-repeat":"repeat","background-position":"center center","background-size":"auto","background-attachment":"scroll","background-type":"","background-media":"","overlay-type":"","overlay-color":"","overlay-opacity":"","overlay-gradient":""},"mobile":{"background-color":"","background-image":"","background-repeat":"repeat","background-position":"center center","background-size":"auto","background-attachment":"scroll","background-type":"","background-media":"","overlay-type":"","overlay-color":"","overlay-opacity":"","overlay-gradient":""}},"ast-content-background-meta":{"desktop":{"background-color":"var(--ast-global-color-5)","background-image":"","background-repeat":"repeat","background-position":"center center","background-size":"auto","background-attachment":"scroll","background-type":"","background-media":"","overlay-type":"","overlay-color":"","overlay-opacity":"","overlay-gradient":""},"tablet":{"background-color":"var(--ast-global-color-5)","background-image":"","background-repeat":"repeat","background-position":"center center","background-size":"auto","background-attachment":"scroll","background-type":"","background-media":"","overlay-type":"","overlay-color":"","overlay-opacity":"","overlay-gradient":""},"mobile":{"background-color":"var(--ast-global-color-5)","background-image":"","background-repeat":"repeat","background-position":"center center","background-size":"auto","background-attachment":"scroll","background-type":"","background-media":"","overlay-type":"","overlay-color":"","overlay-opacity":"","overlay-gradient":""}}},"product_brand":[],"product_cat":[51,39],"product_tag":[],"class_list":{"0":"post-5473","1":"product","2":"type-product","3":"status-publish","4":"has-post-thumbnail","6":"product_cat-riggging-hardware","7":"product_cat-webbing-sling","8":"desktop-align-left","9":"tablet-align-left","10":"mobile-align-left","11":"ast-product-gallery-layout-horizontal-slider","12":"ast-product-tabs-layout-horizontal","14":"first","15":"instock","16":"shipping-taxable","17":"purchasable","18":"product-type-simple"},"yoast_head":"<!-- This site is optimized with the Yoast SEO plugin v25.2 - https:\/\/yoast.com\/wordpress\/plugins\/seo\/ -->\n<title>Webbing Sling OEM<\/title>\n<meta name=\"description\" content=\"Our OEM services allow you to define the precise load capacity, length, width, material, color coding, and any other essential parameters.\" \/>\n<meta name=\"robots\" content=\"index, follow, max-snippet:-1, max-image-preview:large, max-video-preview:-1\" \/>\n<link rel=\"canonical\" href=\"https:\/\/qingdaohf.com\/tr\/urun\/dokuma-aski-oem\/\" \/>\n<meta property=\"og:locale\" content=\"tr_TR\" \/>\n<meta property=\"og:type\" content=\"article\" \/>\n<meta property=\"og:title\" content=\"Webbing Sling OEM\" \/>\n<meta property=\"og:description\" content=\"Our OEM services allow you to define the precise load capacity, length, width, material, color coding, and any other essential parameters.\" \/>\n<meta property=\"og:url\" content=\"https:\/\/qingdaohf.com\/tr\/urun\/dokuma-aski-oem\/\" \/>\n<meta property=\"og:site_name\" content=\"Concrete Form &amp; Rigging Hardware Supplier\" \/>\n<meta property=\"article:publisher\" content=\"https:\/\/www.facebook.com\/qingdaohf\" \/>\n<meta property=\"article:modified_time\" content=\"2025-11-13T01:04:02+00:00\" \/>\n<meta property=\"og:image\" content=\"https:\/\/qingdaohf.com\/wp-content\/uploads\/2023\/10\/sling.jpg\" \/>\n\t<meta property=\"og:image:width\" content=\"1019\" \/>\n\t<meta property=\"og:image:height\" content=\"563\" \/>\n\t<meta property=\"og:image:type\" content=\"image\/jpeg\" \/>\n<meta name=\"twitter:card\" content=\"summary_large_image\" \/>\n<meta name=\"twitter:label1\" content=\"Tahmini okuma s\u00fcresi\" \/>\n\t<meta name=\"twitter:data1\" content=\"3 dakika\" \/>\n<script type=\"application\/ld+json\" class=\"yoast-schema-graph\">{\"@context\":\"https:\/\/schema.org\",\"@graph\":[{\"@type\":\"WebPage\",\"@id\":\"https:\/\/qingdaohf.com\/product\/webbing-sling-oem\/\",\"url\":\"https:\/\/qingdaohf.com\/product\/webbing-sling-oem\/\",\"name\":\"Webbing Sling OEM\",\"isPartOf\":{\"@id\":\"https:\/\/qingdaohf.com\/bg\/#website\"},\"primaryImageOfPage\":{\"@id\":\"https:\/\/qingdaohf.com\/product\/webbing-sling-oem\/#primaryimage\"},\"image\":{\"@id\":\"https:\/\/qingdaohf.com\/product\/webbing-sling-oem\/#primaryimage\"},\"thumbnailUrl\":\"https:\/\/qingdaohf.com\/wp-content\/uploads\/2023\/04\/webbling-sling-2-1.jpg\",\"datePublished\":\"2023-10-23T06:14:46+00:00\",\"dateModified\":\"2025-11-13T01:04:02+00:00\",\"description\":\"Our OEM services allow you to define the precise load capacity, length, width, material, color coding, and any other essential parameters.\",\"breadcrumb\":{\"@id\":\"https:\/\/qingdaohf.com\/product\/webbing-sling-oem\/#breadcrumb\"},\"inLanguage\":\"tr\",\"potentialAction\":[{\"@type\":\"ReadAction\",\"target\":[\"https:\/\/qingdaohf.com\/product\/webbing-sling-oem\/\"]}]},{\"@type\":\"ImageObject\",\"inLanguage\":\"tr\",\"@id\":\"https:\/\/qingdaohf.com\/product\/webbing-sling-oem\/#primaryimage\",\"url\":\"https:\/\/qingdaohf.com\/wp-content\/uploads\/2023\/04\/webbling-sling-2-1.jpg\",\"contentUrl\":\"https:\/\/qingdaohf.com\/wp-content\/uploads\/2023\/04\/webbling-sling-2-1.jpg\",\"width\":1000,\"height\":1000,\"caption\":\"webbling sling\"},{\"@type\":\"BreadcrumbList\",\"@id\":\"https:\/\/qingdaohf.com\/product\/webbing-sling-oem\/#breadcrumb\",\"itemListElement\":[{\"@type\":\"ListItem\",\"position\":1,\"name\":\"Home\",\"item\":\"https:\/\/qingdaohf.com\/\"},{\"@type\":\"ListItem\",\"position\":2,\"name\":\"Concrete Forming Accessories and Rigging Hardware\",\"item\":\"https:\/\/qingdaohf.com\/bg\/?page_id=944\"},{\"@type\":\"ListItem\",\"position\":3,\"name\":\"Webbing Sling OEM\"}]},{\"@type\":\"WebSite\",\"@id\":\"https:\/\/qingdaohf.com\/bg\/#website\",\"url\":\"https:\/\/qingdaohf.com\/bg\/\",\"name\":\"Concrete Form & Rigging Hardware Supplier\",\"description\":\"\",\"publisher\":{\"@id\":\"https:\/\/qingdaohf.com\/bg\/#organization\"},\"potentialAction\":[{\"@type\":\"SearchAction\",\"target\":{\"@type\":\"EntryPoint\",\"urlTemplate\":\"https:\/\/qingdaohf.com\/bg\/?s={search_term_string}\"},\"query-input\":{\"@type\":\"PropertyValueSpecification\",\"valueRequired\":true,\"valueName\":\"search_term_string\"}}],\"inLanguage\":\"tr\"},{\"@type\":\"Organization\",\"@id\":\"https:\/\/qingdaohf.com\/bg\/#organization\",\"name\":\"Qingdao H&F\",\"url\":\"https:\/\/qingdaohf.com\/bg\/\",\"logo\":{\"@type\":\"ImageObject\",\"inLanguage\":\"tr\",\"@id\":\"https:\/\/qingdaohf.com\/bg\/#\/schema\/logo\/image\/\",\"url\":\"https:\/\/qingdaohf.com\/wp-content\/uploads\/2022\/12\/cropped-HF-LOGO.png\",\"contentUrl\":\"https:\/\/qingdaohf.com\/wp-content\/uploads\/2022\/12\/cropped-HF-LOGO.png\",\"width\":391,\"height\":249,\"caption\":\"Qingdao H&F\"},\"image\":{\"@id\":\"https:\/\/qingdaohf.com\/bg\/#\/schema\/logo\/image\/\"},\"sameAs\":[\"https:\/\/www.facebook.com\/qingdaohf\"]}]}<\/script>\n<!-- \/ Yoast SEO plugin. -->","yoast_head_json":{"title":"Webbing Sling OEM","description":"Our OEM services allow you to define the precise load capacity, length, width, material, color coding, and any other essential parameters.","robots":{"index":"index","follow":"follow","max-snippet":"max-snippet:-1","max-image-preview":"max-image-preview:large","max-video-preview":"max-video-preview:-1"},"canonical":"https:\/\/qingdaohf.com\/tr\/urun\/dokuma-aski-oem\/","og_locale":"tr_TR","og_type":"article","og_title":"Webbing Sling OEM","og_description":"Our OEM services allow you to define the precise load capacity, length, width, material, color coding, and any other essential parameters.","og_url":"https:\/\/qingdaohf.com\/tr\/urun\/dokuma-aski-oem\/","og_site_name":"Concrete Form &amp; Rigging Hardware Supplier","article_publisher":"https:\/\/www.facebook.com\/qingdaohf","article_modified_time":"2025-11-13T01:04:02+00:00","og_image":[{"width":1019,"height":563,"url":"https:\/\/qingdaohf.com\/wp-content\/uploads\/2023\/10\/sling.jpg","type":"image\/jpeg"}],"twitter_card":"summary_large_image","twitter_misc":{"Tahmini okuma s\u00fcresi":"3 dakika"},"schema":{"@context":"https:\/\/schema.org","@graph":[{"@type":"WebPage","@id":"https:\/\/qingdaohf.com\/product\/webbing-sling-oem\/","url":"https:\/\/qingdaohf.com\/product\/webbing-sling-oem\/","name":"Webbing Sling OEM","isPartOf":{"@id":"https:\/\/qingdaohf.com\/bg\/#website"},"primaryImageOfPage":{"@id":"https:\/\/qingdaohf.com\/product\/webbing-sling-oem\/#primaryimage"},"image":{"@id":"https:\/\/qingdaohf.com\/product\/webbing-sling-oem\/#primaryimage"},"thumbnailUrl":"https:\/\/qingdaohf.com\/wp-content\/uploads\/2023\/04\/webbling-sling-2-1.jpg","datePublished":"2023-10-23T06:14:46+00:00","dateModified":"2025-11-13T01:04:02+00:00","description":"Our OEM services allow you to define the precise load capacity, length, width, material, color coding, and any other essential parameters.","breadcrumb":{"@id":"https:\/\/qingdaohf.com\/product\/webbing-sling-oem\/#breadcrumb"},"inLanguage":"tr","potentialAction":[{"@type":"ReadAction","target":["https:\/\/qingdaohf.com\/product\/webbing-sling-oem\/"]}]},{"@type":"ImageObject","inLanguage":"tr","@id":"https:\/\/qingdaohf.com\/product\/webbing-sling-oem\/#primaryimage","url":"https:\/\/qingdaohf.com\/wp-content\/uploads\/2023\/04\/webbling-sling-2-1.jpg","contentUrl":"https:\/\/qingdaohf.com\/wp-content\/uploads\/2023\/04\/webbling-sling-2-1.jpg","width":1000,"height":1000,"caption":"webbling sling"},{"@type":"BreadcrumbList","@id":"https:\/\/qingdaohf.com\/product\/webbing-sling-oem\/#breadcrumb","itemListElement":[{"@type":"ListItem","position":1,"name":"Home","item":"https:\/\/qingdaohf.com\/"},{"@type":"ListItem","position":2,"name":"Concrete Forming Accessories and Rigging Hardware","item":"https:\/\/qingdaohf.com\/bg\/?page_id=944"},{"@type":"ListItem","position":3,"name":"Webbing Sling OEM"}]},{"@type":"WebSite","@id":"https:\/\/qingdaohf.com\/bg\/#website","url":"https:\/\/qingdaohf.com\/bg\/","name":"Concrete Form & Rigging Hardware Supplier","description":"","publisher":{"@id":"https:\/\/qingdaohf.com\/bg\/#organization"},"potentialAction":[{"@type":"SearchAction","target":{"@type":"EntryPoint","urlTemplate":"https:\/\/qingdaohf.com\/bg\/?s={search_term_string}"},"query-input":{"@type":"PropertyValueSpecification","valueRequired":true,"valueName":"search_term_string"}}],"inLanguage":"tr"},{"@type":"Organization","@id":"https:\/\/qingdaohf.com\/bg\/#organization","name":"Qingdao H&F","url":"https:\/\/qingdaohf.com\/bg\/","logo":{"@type":"ImageObject","inLanguage":"tr","@id":"https:\/\/qingdaohf.com\/bg\/#\/schema\/logo\/image\/","url":"https:\/\/qingdaohf.com\/wp-content\/uploads\/2022\/12\/cropped-HF-LOGO.png","contentUrl":"https:\/\/qingdaohf.com\/wp-content\/uploads\/2022\/12\/cropped-HF-LOGO.png","width":391,"height":249,"caption":"Qingdao H&F"},"image":{"@id":"https:\/\/qingdaohf.com\/bg\/#\/schema\/logo\/image\/"},"sameAs":["https:\/\/www.facebook.com\/qingdaohf"]}]}},"_links":{"self":[{"href":"https:\/\/qingdaohf.com\/tr\/wp-json\/wp\/v2\/product\/5473","targetHints":{"allow":["GET"]}}],"collection":[{"href":"https:\/\/qingdaohf.com\/tr\/wp-json\/wp\/v2\/product"}],"about":[{"href":"https:\/\/qingdaohf.com\/tr\/wp-json\/wp\/v2\/types\/product"}],"replies":[{"embeddable":true,"href":"https:\/\/qingdaohf.com\/tr\/wp-json\/wp\/v2\/comments?post=5473"}],"version-history":[{"count":8,"href":"https:\/\/qingdaohf.com\/tr\/wp-json\/wp\/v2\/product\/5473\/revisions"}],"predecessor-version":[{"id":6943,"href":"https:\/\/qingdaohf.com\/tr\/wp-json\/wp\/v2\/product\/5473\/revisions\/6943"}],"wp:featuredmedia":[{"embeddable":true,"href":"https:\/\/qingdaohf.com\/tr\/wp-json\/wp\/v2\/media\/5232"}],"wp:attachment":[{"href":"https:\/\/qingdaohf.com\/tr\/wp-json\/wp\/v2\/media?parent=5473"}],"wp:term":[{"taxonomy":"product_brand","embeddable":true,"href":"https:\/\/qingdaohf.com\/tr\/wp-json\/wp\/v2\/product_brand?post=5473"},{"taxonomy":"product_cat","embeddable":true,"href":"https:\/\/qingdaohf.com\/tr\/wp-json\/wp\/v2\/product_cat?post=5473"},{"taxonomy":"product_tag","embeddable":true,"href":"https:\/\/qingdaohf.com\/tr\/wp-json\/wp\/v2\/product_tag?post=5473"}],"curies":[{"name":"wp","href":"https:\/\/api.w.org\/{rel}","templated":true}]}}