{"id":5494,"date":"2023-10-25T14:53:19","date_gmt":"2023-10-25T06:53:19","guid":{"rendered":"http:\/\/qingdaohf.com\/?post_type=product&#038;p=5494"},"modified":"2025-11-13T09:04:02","modified_gmt":"2025-11-13T01:04:02","slug":"steel-cavity-cap","status":"publish","type":"product","link":"https:\/\/qingdaohf.com\/tr\/urun\/celik-bosluk-kapagi\/","title":{"rendered":"\u00c7elik Bo\u015fluk Kapa\u011f\u0131"},"content":{"rendered":"<div class=\"romance\">\n<p><b><i>A\u00e7\u0131klama: <\/i><\/b>Bo\u015fluk kapa\u011f\u0131, har\u00e7 s\u0131z\u0131nt\u0131s\u0131n\u0131n # 2 - 16 \"beton blok h\u00fccrelerine d\u00fc\u015fmesini engeller.<\/p>\n<p><b><i>Kurulum: <\/i><\/b>\u00dcstten ikinci blo\u011fun \u00fczerine yerle\u015ftirildi\u011finde, betonun<\/p>\n<p>CMU duvar\u0131n i\u00e7ine d\u00fc\u015fer, b\u00f6ylece ba\u011f veya ba\u011f kiri\u015finin alt\u0131ndaki duvar\u0131 kaplamak i\u00e7in daha az beton kullan\u0131rs\u0131n\u0131z<\/p>\n<p><b><i>\u00d6zellikler: <\/i><\/b><b>D\u0131\u015f k\u00f6\u015feler ve a\u00e7\u0131lar i\u00e7in \u00fcst\u00fcn koruma ve bitirme \u015fap\u0131. <\/b><\/p>\n<p>\u00d6nceden olu\u015fturulmu\u015f merkez, beton blok h\u00fccreleri aras\u0131nda s\u0131k\u0131ca kilitlenir<\/p>\n<p>Betonun CMU duvar\u0131n\u0131n i\u00e7ine d\u00fc\u015fmesini engeller<\/p>\n<p>Beton blok duvarlar olu\u015fturmak i\u00e7in daha az beton gerektirir<\/p>\n<p><b><i>Malzeme; <\/i><\/b>Bu \u00fcr\u00fcn, daha fazla korozyon korumas\u0131 i\u00e7in galvanizli \u00e7elik sacdan yap\u0131lm\u0131\u015ft\u0131r<\/p>\n<p>B\u00f6ylece yap\u0131n\u0131n \u00f6mr\u00fc boyunca dayanacakt\u0131r.<\/p>\n<p>Geleneksel beton bloklara uyacak \u015fekilde boyutland\u0131r\u0131lm\u0131\u015ft\u0131r 16\" CMU<\/p>\n<p>Karton ba\u015f\u0131na 200 adet.<\/p>\n<p><img fetchpriority=\"high\" decoding=\"async\" class=\"alignnone size-full wp-image-6976\" src=\"http:\/\/qingdaohf.com\/wp-content\/uploads\/2023\/10\/cavity-cap.jpg\" alt=\"bo\u015fluk kapa\u011f\u0131\" width=\"699\" height=\"351\" srcset=\"https:\/\/qingdaohf.com\/wp-content\/uploads\/2023\/10\/cavity-cap.jpg 699w, https:\/\/qingdaohf.com\/wp-content\/uploads\/2023\/10\/cavity-cap-300x151.jpg 300w, https:\/\/qingdaohf.com\/wp-content\/uploads\/2023\/10\/cavity-cap-18x9.jpg 18w\" sizes=\"(max-width: 699px) 100vw, 699px\" \/><\/p>\n<\/div>\n<div class=\"specs\">\n<div class=\"ast-oembed-container\" style=\"height: 100%;\"><iframe title=\"Galvanizli \u00c7elik Bo\u015fluk Kapa\u011f\u0131\" width=\"500\" height=\"281\" src=\"https:\/\/www.youtube.com\/embed\/1sgTrPaw-w4?feature=oembed\" frameborder=\"0\" allow=\"accelerometer; autoplay; clipboard-write; encrypted-media; gyroscope; picture-in-picture; web-share\" referrerpolicy=\"strict-origin-when-cross-origin\" allowfullscreen><\/iframe><\/div>\n<\/div>","protected":false},"excerpt":{"rendered":"<p>Beton bloklarla kullan\u0131m i\u00e7in \u00f6nceden \u015fekillendirilmi\u015f galvanizli \u00e7elik bo\u015fluk kapaklar\u0131.<\/p>\n<p>\u00c7elik bo\u015fluk kapa\u011f\u0131, a\u00e7\u0131kta kalan yerlerde beton bloklardaki a\u00e7\u0131kl\u0131klar\u0131 kapatmak i\u00e7in m\u00fckemmeldir. \u00d6nceden \u015fekillendirilmi\u015f merkez, har\u00e7 s\u0131zmas\u0131n\u0131 durdurmak i\u00e7in beton blok h\u00fccreleri aras\u0131nda s\u0131k\u0131ca kilitlenir.<\/p>","protected":false},"featured_media":5495,"comment_status":"open","ping_status":"closed","template":"","meta":{"site-sidebar-layout":"default","site-content-layout":"","ast-site-content-layout":"default","site-content-style":"default","site-sidebar-style":"default","ast-global-header-display":"","ast-banner-title-visibility":"","ast-main-header-display":"","ast-hfb-above-header-display":"","ast-hfb-below-header-display":"","ast-hfb-mobile-header-display":"","site-post-title":"","ast-breadcrumbs-content":"","ast-featured-img":"","footer-sml-layout":"","theme-transparent-header-meta":"default","adv-header-id-meta":"","stick-header-meta":"default","header-above-stick-meta":"","header-main-stick-meta":"","header-below-stick-meta":"","astra-migrate-meta-layouts":"set","ast-page-background-enabled":"default","ast-page-background-meta":{"desktop":{"background-color":"","background-image":"","background-repeat":"repeat","background-position":"center center","background-size":"auto","background-attachment":"scroll","background-type":"","background-media":"","overlay-type":"","overlay-color":"","overlay-opacity":"","overlay-gradient":""},"tablet":{"background-color":"","background-image":"","background-repeat":"repeat","background-position":"center center","background-size":"auto","background-attachment":"scroll","background-type":"","background-media":"","overlay-type":"","overlay-color":"","overlay-opacity":"","overlay-gradient":""},"mobile":{"background-color":"","background-image":"","background-repeat":"repeat","background-position":"center center","background-size":"auto","background-attachment":"scroll","background-type":"","background-media":"","overlay-type":"","overlay-color":"","overlay-opacity":"","overlay-gradient":""}},"ast-content-background-meta":{"desktop":{"background-color":"var(--ast-global-color-5)","background-image":"","background-repeat":"repeat","background-position":"center center","background-size":"auto","background-attachment":"scroll","background-type":"","background-media":"","overlay-type":"","overlay-color":"","overlay-opacity":"","overlay-gradient":""},"tablet":{"background-color":"var(--ast-global-color-5)","background-image":"","background-repeat":"repeat","background-position":"center center","background-size":"auto","background-attachment":"scroll","background-type":"","background-media":"","overlay-type":"","overlay-color":"","overlay-opacity":"","overlay-gradient":""},"mobile":{"background-color":"var(--ast-global-color-5)","background-image":"","background-repeat":"repeat","background-position":"center center","background-size":"auto","background-attachment":"scroll","background-type":"","background-media":"","overlay-type":"","overlay-color":"","overlay-opacity":"","overlay-gradient":""}}},"product_brand":[],"product_cat":[50],"product_tag":[],"class_list":{"0":"post-5494","1":"product","2":"type-product","3":"status-publish","4":"has-post-thumbnail","6":"product_cat-concrete-form-accessories","7":"desktop-align-left","8":"tablet-align-left","9":"mobile-align-left","10":"ast-product-gallery-layout-horizontal-slider","11":"ast-product-tabs-layout-horizontal","13":"first","14":"instock","15":"shipping-taxable","16":"purchasable","17":"product-type-simple"},"yoast_head":"<!-- This site is optimized with the Yoast SEO plugin v25.2 - https:\/\/yoast.com\/wordpress\/plugins\/seo\/ -->\n<title>Steel Cavity Cap<\/title>\n<meta name=\"description\" content=\"Preformed galvanized steel cavity caps for use with concrete blocks.\" \/>\n<meta name=\"robots\" content=\"index, follow, max-snippet:-1, max-image-preview:large, max-video-preview:-1\" \/>\n<link rel=\"canonical\" href=\"https:\/\/qingdaohf.com\/tr\/urun\/celik-bosluk-kapagi\/\" \/>\n<meta property=\"og:locale\" content=\"tr_TR\" \/>\n<meta property=\"og:type\" content=\"article\" \/>\n<meta property=\"og:title\" content=\"Steel Cavity Cap\" \/>\n<meta property=\"og:description\" content=\"Preformed galvanized steel cavity caps for use with concrete blocks.\" \/>\n<meta property=\"og:url\" content=\"https:\/\/qingdaohf.com\/tr\/urun\/celik-bosluk-kapagi\/\" \/>\n<meta property=\"og:site_name\" content=\"Concrete Form &amp; Rigging Hardware Supplier\" \/>\n<meta property=\"article:publisher\" content=\"https:\/\/www.facebook.com\/qingdaohf\" \/>\n<meta property=\"article:modified_time\" content=\"2025-11-13T01:04:02+00:00\" \/>\n<meta property=\"og:image\" content=\"https:\/\/qingdaohf.com\/wp-content\/uploads\/2023\/10\/steel-Cavity-Cap-1-scaled.jpg\" \/>\n\t<meta property=\"og:image:width\" content=\"1920\" \/>\n\t<meta property=\"og:image:height\" content=\"1920\" \/>\n\t<meta property=\"og:image:type\" content=\"image\/jpeg\" \/>\n<meta name=\"twitter:card\" content=\"summary_large_image\" \/>\n<meta name=\"twitter:label1\" content=\"Tahmini okuma s\u00fcresi\" \/>\n\t<meta name=\"twitter:data1\" content=\"1 dakika\" \/>\n<script type=\"application\/ld+json\" class=\"yoast-schema-graph\">{\"@context\":\"https:\/\/schema.org\",\"@graph\":[{\"@type\":\"WebPage\",\"@id\":\"https:\/\/qingdaohf.com\/product\/steel-cavity-cap\/\",\"url\":\"https:\/\/qingdaohf.com\/product\/steel-cavity-cap\/\",\"name\":\"Steel Cavity Cap\",\"isPartOf\":{\"@id\":\"https:\/\/qingdaohf.com\/bg\/#website\"},\"primaryImageOfPage\":{\"@id\":\"https:\/\/qingdaohf.com\/product\/steel-cavity-cap\/#primaryimage\"},\"image\":{\"@id\":\"https:\/\/qingdaohf.com\/product\/steel-cavity-cap\/#primaryimage\"},\"thumbnailUrl\":\"https:\/\/qingdaohf.com\/wp-content\/uploads\/2023\/10\/steel-Cavity-Cap-1-scaled.jpg\",\"datePublished\":\"2023-10-25T06:53:19+00:00\",\"dateModified\":\"2025-11-13T01:04:02+00:00\",\"description\":\"Preformed galvanized steel cavity caps for use with concrete blocks.\",\"breadcrumb\":{\"@id\":\"https:\/\/qingdaohf.com\/product\/steel-cavity-cap\/#breadcrumb\"},\"inLanguage\":\"tr\",\"potentialAction\":[{\"@type\":\"ReadAction\",\"target\":[\"https:\/\/qingdaohf.com\/product\/steel-cavity-cap\/\"]}]},{\"@type\":\"ImageObject\",\"inLanguage\":\"tr\",\"@id\":\"https:\/\/qingdaohf.com\/product\/steel-cavity-cap\/#primaryimage\",\"url\":\"https:\/\/qingdaohf.com\/wp-content\/uploads\/2023\/10\/steel-Cavity-Cap-1-scaled.jpg\",\"contentUrl\":\"https:\/\/qingdaohf.com\/wp-content\/uploads\/2023\/10\/steel-Cavity-Cap-1-scaled.jpg\",\"width\":1920,\"height\":1920,\"caption\":\"steel Cavity Cap\"},{\"@type\":\"BreadcrumbList\",\"@id\":\"https:\/\/qingdaohf.com\/product\/steel-cavity-cap\/#breadcrumb\",\"itemListElement\":[{\"@type\":\"ListItem\",\"position\":1,\"name\":\"Home\",\"item\":\"https:\/\/qingdaohf.com\/\"},{\"@type\":\"ListItem\",\"position\":2,\"name\":\"Concrete Forming Accessories and Rigging Hardware\",\"item\":\"https:\/\/qingdaohf.com\/bg\/?page_id=944\"},{\"@type\":\"ListItem\",\"position\":3,\"name\":\"Steel Cavity Cap\"}]},{\"@type\":\"WebSite\",\"@id\":\"https:\/\/qingdaohf.com\/bg\/#website\",\"url\":\"https:\/\/qingdaohf.com\/bg\/\",\"name\":\"Concrete Form & Rigging Hardware Supplier\",\"description\":\"\",\"publisher\":{\"@id\":\"https:\/\/qingdaohf.com\/bg\/#organization\"},\"potentialAction\":[{\"@type\":\"SearchAction\",\"target\":{\"@type\":\"EntryPoint\",\"urlTemplate\":\"https:\/\/qingdaohf.com\/bg\/?s={search_term_string}\"},\"query-input\":{\"@type\":\"PropertyValueSpecification\",\"valueRequired\":true,\"valueName\":\"search_term_string\"}}],\"inLanguage\":\"tr\"},{\"@type\":\"Organization\",\"@id\":\"https:\/\/qingdaohf.com\/bg\/#organization\",\"name\":\"Qingdao H&F\",\"url\":\"https:\/\/qingdaohf.com\/bg\/\",\"logo\":{\"@type\":\"ImageObject\",\"inLanguage\":\"tr\",\"@id\":\"https:\/\/qingdaohf.com\/bg\/#\/schema\/logo\/image\/\",\"url\":\"https:\/\/qingdaohf.com\/wp-content\/uploads\/2022\/12\/cropped-HF-LOGO.png\",\"contentUrl\":\"https:\/\/qingdaohf.com\/wp-content\/uploads\/2022\/12\/cropped-HF-LOGO.png\",\"width\":391,\"height\":249,\"caption\":\"Qingdao H&F\"},\"image\":{\"@id\":\"https:\/\/qingdaohf.com\/bg\/#\/schema\/logo\/image\/\"},\"sameAs\":[\"https:\/\/www.facebook.com\/qingdaohf\"]}]}<\/script>\n<!-- \/ Yoast SEO plugin. -->","yoast_head_json":{"title":"Steel Cavity Cap","description":"Preformed galvanized steel cavity caps for use with concrete blocks.","robots":{"index":"index","follow":"follow","max-snippet":"max-snippet:-1","max-image-preview":"max-image-preview:large","max-video-preview":"max-video-preview:-1"},"canonical":"https:\/\/qingdaohf.com\/tr\/urun\/celik-bosluk-kapagi\/","og_locale":"tr_TR","og_type":"article","og_title":"Steel Cavity Cap","og_description":"Preformed galvanized steel cavity caps for use with concrete blocks.","og_url":"https:\/\/qingdaohf.com\/tr\/urun\/celik-bosluk-kapagi\/","og_site_name":"Concrete Form &amp; Rigging Hardware Supplier","article_publisher":"https:\/\/www.facebook.com\/qingdaohf","article_modified_time":"2025-11-13T01:04:02+00:00","og_image":[{"width":1920,"height":1920,"url":"https:\/\/qingdaohf.com\/wp-content\/uploads\/2023\/10\/steel-Cavity-Cap-1-scaled.jpg","type":"image\/jpeg"}],"twitter_card":"summary_large_image","twitter_misc":{"Tahmini okuma s\u00fcresi":"1 dakika"},"schema":{"@context":"https:\/\/schema.org","@graph":[{"@type":"WebPage","@id":"https:\/\/qingdaohf.com\/product\/steel-cavity-cap\/","url":"https:\/\/qingdaohf.com\/product\/steel-cavity-cap\/","name":"Steel Cavity Cap","isPartOf":{"@id":"https:\/\/qingdaohf.com\/bg\/#website"},"primaryImageOfPage":{"@id":"https:\/\/qingdaohf.com\/product\/steel-cavity-cap\/#primaryimage"},"image":{"@id":"https:\/\/qingdaohf.com\/product\/steel-cavity-cap\/#primaryimage"},"thumbnailUrl":"https:\/\/qingdaohf.com\/wp-content\/uploads\/2023\/10\/steel-Cavity-Cap-1-scaled.jpg","datePublished":"2023-10-25T06:53:19+00:00","dateModified":"2025-11-13T01:04:02+00:00","description":"Preformed galvanized steel cavity caps for use with concrete blocks.","breadcrumb":{"@id":"https:\/\/qingdaohf.com\/product\/steel-cavity-cap\/#breadcrumb"},"inLanguage":"tr","potentialAction":[{"@type":"ReadAction","target":["https:\/\/qingdaohf.com\/product\/steel-cavity-cap\/"]}]},{"@type":"ImageObject","inLanguage":"tr","@id":"https:\/\/qingdaohf.com\/product\/steel-cavity-cap\/#primaryimage","url":"https:\/\/qingdaohf.com\/wp-content\/uploads\/2023\/10\/steel-Cavity-Cap-1-scaled.jpg","contentUrl":"https:\/\/qingdaohf.com\/wp-content\/uploads\/2023\/10\/steel-Cavity-Cap-1-scaled.jpg","width":1920,"height":1920,"caption":"steel Cavity Cap"},{"@type":"BreadcrumbList","@id":"https:\/\/qingdaohf.com\/product\/steel-cavity-cap\/#breadcrumb","itemListElement":[{"@type":"ListItem","position":1,"name":"Home","item":"https:\/\/qingdaohf.com\/"},{"@type":"ListItem","position":2,"name":"Concrete Forming Accessories and Rigging Hardware","item":"https:\/\/qingdaohf.com\/bg\/?page_id=944"},{"@type":"ListItem","position":3,"name":"Steel Cavity Cap"}]},{"@type":"WebSite","@id":"https:\/\/qingdaohf.com\/bg\/#website","url":"https:\/\/qingdaohf.com\/bg\/","name":"Concrete Form & Rigging Hardware Supplier","description":"","publisher":{"@id":"https:\/\/qingdaohf.com\/bg\/#organization"},"potentialAction":[{"@type":"SearchAction","target":{"@type":"EntryPoint","urlTemplate":"https:\/\/qingdaohf.com\/bg\/?s={search_term_string}"},"query-input":{"@type":"PropertyValueSpecification","valueRequired":true,"valueName":"search_term_string"}}],"inLanguage":"tr"},{"@type":"Organization","@id":"https:\/\/qingdaohf.com\/bg\/#organization","name":"Qingdao H&F","url":"https:\/\/qingdaohf.com\/bg\/","logo":{"@type":"ImageObject","inLanguage":"tr","@id":"https:\/\/qingdaohf.com\/bg\/#\/schema\/logo\/image\/","url":"https:\/\/qingdaohf.com\/wp-content\/uploads\/2022\/12\/cropped-HF-LOGO.png","contentUrl":"https:\/\/qingdaohf.com\/wp-content\/uploads\/2022\/12\/cropped-HF-LOGO.png","width":391,"height":249,"caption":"Qingdao H&F"},"image":{"@id":"https:\/\/qingdaohf.com\/bg\/#\/schema\/logo\/image\/"},"sameAs":["https:\/\/www.facebook.com\/qingdaohf"]}]}},"_links":{"self":[{"href":"https:\/\/qingdaohf.com\/tr\/wp-json\/wp\/v2\/product\/5494","targetHints":{"allow":["GET"]}}],"collection":[{"href":"https:\/\/qingdaohf.com\/tr\/wp-json\/wp\/v2\/product"}],"about":[{"href":"https:\/\/qingdaohf.com\/tr\/wp-json\/wp\/v2\/types\/product"}],"replies":[{"embeddable":true,"href":"https:\/\/qingdaohf.com\/tr\/wp-json\/wp\/v2\/comments?post=5494"}],"version-history":[{"count":5,"href":"https:\/\/qingdaohf.com\/tr\/wp-json\/wp\/v2\/product\/5494\/revisions"}],"predecessor-version":[{"id":6977,"href":"https:\/\/qingdaohf.com\/tr\/wp-json\/wp\/v2\/product\/5494\/revisions\/6977"}],"wp:featuredmedia":[{"embeddable":true,"href":"https:\/\/qingdaohf.com\/tr\/wp-json\/wp\/v2\/media\/5495"}],"wp:attachment":[{"href":"https:\/\/qingdaohf.com\/tr\/wp-json\/wp\/v2\/media?parent=5494"}],"wp:term":[{"taxonomy":"product_brand","embeddable":true,"href":"https:\/\/qingdaohf.com\/tr\/wp-json\/wp\/v2\/product_brand?post=5494"},{"taxonomy":"product_cat","embeddable":true,"href":"https:\/\/qingdaohf.com\/tr\/wp-json\/wp\/v2\/product_cat?post=5494"},{"taxonomy":"product_tag","embeddable":true,"href":"https:\/\/qingdaohf.com\/tr\/wp-json\/wp\/v2\/product_tag?post=5494"}],"curies":[{"name":"wp","href":"https:\/\/api.w.org\/{rel}","templated":true}]}}