{"id":5774,"date":"2023-11-22T11:51:53","date_gmt":"2023-11-22T03:51:53","guid":{"rendered":"http:\/\/qingdaohf.com\/?post_type=product&#038;p=5774"},"modified":"2025-11-13T09:04:01","modified_gmt":"2025-11-13T01:04:01","slug":"galvanized-stainless-steel-wire-rope-tube-thimble","status":"publish","type":"product","link":"https:\/\/qingdaohf.com\/tr\/urun\/galvanizli-paslanmaz-celik-tel-halat-boru-yuksuk\/","title":{"rendered":"\u00c7elik Halat Boru Y\u00fcks\u00fc\u011f\u00fc"},"content":{"rendered":"<div class=\"ast-oembed-container\" style=\"height: 100%;\"><iframe title=\"T\u00fcp Tel Halat Klipsi\" width=\"500\" height=\"281\" src=\"https:\/\/www.youtube.com\/embed\/iYLBIl6iZIc?feature=oembed\" frameborder=\"0\" allow=\"accelerometer; autoplay; clipboard-write; encrypted-media; gyroscope; picture-in-picture; web-share\" referrerpolicy=\"strict-origin-when-cross-origin\" allowfullscreen><\/iframe><\/div>\n<h3>Malzeme M\u00fckemmelli\u011fi:<\/h3>\n<p>Tel halat y\u00fcks\u00fcklerimiz, a\u011f\u0131rl\u0131kl\u0131 olarak paslanmaz \u00e7elik ve galvanizli \u00e7elik olmak \u00fczere y\u00fcksek kaliteli malzemelerden titizlikle \u00fcretilmi\u015ftir. Neden mi? \u00c7\u00fcnk\u00fc size korozyona dayan\u0131kl\u0131 ve operasyonlar\u0131n\u0131z\u0131n zorluklar\u0131na dayanacak bile\u015fenler sa\u011flamaya kararl\u0131y\u0131z.<\/p>\n<h3>M\u00fchendislik M\u00fckemmelli\u011fi:<\/h3>\n<p>Boru \u015feklinde tasarlanan y\u00fcks\u00fcklerimiz bir aksesuardan \u00e7ok daha fazlas\u0131d\u0131r. Bunlar, \u00f6zellikle tel halat\u0131n\u0131z\u0131n di\u011fer y\u00fczeylerle etkile\u015fime girdi\u011fi veya dar alanlarda manevra yapt\u0131\u011f\u0131 kritik noktalarda a\u015f\u0131nma ve y\u0131pranmay\u0131 azaltmak i\u00e7in stratejik olarak konumland\u0131r\u0131lm\u0131\u015f stratejik takviyelerdir.<\/p>\n<h3>Yap\u0131sal Destek:<\/h3>\n<p>Tel halat\u0131n\u0131z\u0131n b\u00fct\u00fcnl\u00fc\u011f\u00fcn\u00fc korumak \u00e7ok \u00f6nemlidir ve y\u00fcks\u00fcklerimiz bu konuda m\u00fckemmeldir. Halat\u0131n g\u00f6z\u00fcn\u00fcn veya ilme\u011finin yap\u0131sal b\u00fct\u00fcnl\u00fc\u011f\u00fcn\u00fc koruyarak her seferinde p\u00fcr\u00fczs\u00fcz, b\u00fck\u00fclmesiz bir \u00e7al\u0131\u015fma sa\u011flarlar.<\/p>\n<h3>Y\u00fck Da\u011f\u0131t\u0131m Ustal\u0131\u011f\u0131:<\/h3>\n<p>A\u011f\u0131r hizmet uygulamalar\u0131nda, e\u015fit y\u00fck da\u011f\u0131l\u0131m\u0131 \u00e7ok \u00f6nemlidir. Y\u00fcks\u00fcklerimiz, y\u00fck\u00fc tel halat\u0131n uzunlu\u011fu boyunca etkili bir \u015fekilde yayarak a\u015f\u0131r\u0131 gerilim yo\u011funla\u015fmalar\u0131n\u0131 \u00f6nler.<\/p>\n<h3>Sorunsuz Entegrasyon:<\/h3>\n<p>Kurulum \u00e7ocuk oyunca\u011f\u0131. Y\u00fcks\u00fc\u011f\u00fc tel halat halkas\u0131na yerle\u015ftirin ve presleme, d\u00f6vme veya g\u00fcvenilir tel halat klipsleri gibi end\u00fcstri standard\u0131 y\u00f6ntemleri kullanarak sabitleyin.<\/p>\n<h3>\u00c7ok Y\u00f6nl\u00fc Uygulamalar:<\/h3>\n<p>Y\u00fcks\u00fckler, denizcilik operasyonlar\u0131ndan in\u015faat ve armaya kadar \u00e7e\u015fitli sekt\u00f6rlerde \u00e7ok \u00f6nemli bir rol oynamaktad\u0131r. Tel halatlar\u0131n\u0131z nerede teste tabi tutulursa tutulsun, y\u00fcks\u00fcklerimiz zorluklar\u0131n \u00fcstesinden gelmelerini sa\u011flar.<\/p>","protected":false},"excerpt":{"rendered":"<p>Y\u00fcksek kaliteli paslanmaz \u00e7elik ve galvanizli \u00e7elikten \u00fcretilen y\u00fcks\u00fcklerimiz, en zorlu ko\u015fullara dayanacak \u015fekilde tasarlanm\u0131\u015ft\u0131r ve \u00fcst\u00fcn korozyon direnci sa\u011flar. Denizcilikten in\u015faata kadar bir dizi sekt\u00f6r i\u00e7in ideal olan y\u00fcks\u00fcklerimiz, kritik temas noktalar\u0131nda a\u015f\u0131nma ve y\u0131pranmay\u0131 \u00f6nleyerek tel halatlar\u0131n\u0131z i\u00e7in sorunsuz bir \u00e7al\u0131\u015fma sa\u011flar. \u00c7elik halat aksesuarlar\u0131m\u0131z\u0131n e\u015fsiz kalitesini ve g\u00fcvenilirli\u011fini ke\u015ffedin.<\/p>","protected":false},"featured_media":5783,"comment_status":"open","ping_status":"closed","template":"","meta":{"site-sidebar-layout":"default","site-content-layout":"","ast-site-content-layout":"default","site-content-style":"default","site-sidebar-style":"default","ast-global-header-display":"","ast-banner-title-visibility":"","ast-main-header-display":"","ast-hfb-above-header-display":"","ast-hfb-below-header-display":"","ast-hfb-mobile-header-display":"","site-post-title":"","ast-breadcrumbs-content":"","ast-featured-img":"","footer-sml-layout":"","theme-transparent-header-meta":"default","adv-header-id-meta":"","stick-header-meta":"default","header-above-stick-meta":"","header-main-stick-meta":"","header-below-stick-meta":"","astra-migrate-meta-layouts":"set","ast-page-background-enabled":"default","ast-page-background-meta":{"desktop":{"background-color":"","background-image":"","background-repeat":"repeat","background-position":"center center","background-size":"auto","background-attachment":"scroll","background-type":"","background-media":"","overlay-type":"","overlay-color":"","overlay-opacity":"","overlay-gradient":""},"tablet":{"background-color":"","background-image":"","background-repeat":"repeat","background-position":"center center","background-size":"auto","background-attachment":"scroll","background-type":"","background-media":"","overlay-type":"","overlay-color":"","overlay-opacity":"","overlay-gradient":""},"mobile":{"background-color":"","background-image":"","background-repeat":"repeat","background-position":"center center","background-size":"auto","background-attachment":"scroll","background-type":"","background-media":"","overlay-type":"","overlay-color":"","overlay-opacity":"","overlay-gradient":""}},"ast-content-background-meta":{"desktop":{"background-color":"var(--ast-global-color-5)","background-image":"","background-repeat":"repeat","background-position":"center center","background-size":"auto","background-attachment":"scroll","background-type":"","background-media":"","overlay-type":"","overlay-color":"","overlay-opacity":"","overlay-gradient":""},"tablet":{"background-color":"var(--ast-global-color-5)","background-image":"","background-repeat":"repeat","background-position":"center center","background-size":"auto","background-attachment":"scroll","background-type":"","background-media":"","overlay-type":"","overlay-color":"","overlay-opacity":"","overlay-gradient":""},"mobile":{"background-color":"var(--ast-global-color-5)","background-image":"","background-repeat":"repeat","background-position":"center center","background-size":"auto","background-attachment":"scroll","background-type":"","background-media":"","overlay-type":"","overlay-color":"","overlay-opacity":"","overlay-gradient":""}}},"product_brand":[],"product_cat":[37],"product_tag":[],"class_list":{"0":"post-5774","1":"product","2":"type-product","3":"status-publish","4":"has-post-thumbnail","6":"product_cat-wire-rope","7":"desktop-align-left","8":"tablet-align-left","9":"mobile-align-left","10":"ast-product-gallery-layout-horizontal-slider","11":"ast-product-tabs-layout-horizontal","13":"first","14":"instock","15":"shipping-taxable","16":"purchasable","17":"product-type-simple"},"yoast_head":"<!-- This site is optimized with the Yoast SEO plugin v25.2 - https:\/\/yoast.com\/wordpress\/plugins\/seo\/ -->\n<title>Wire Rope Tube Thimble<\/title>\n<meta name=\"description\" content=\"Crafted from high-grade stainless steel and galvanized steel, our thimbles are designed to withstand the toughest conditions, providing superior corrosion resistance.\" \/>\n<meta name=\"robots\" content=\"index, follow, max-snippet:-1, max-image-preview:large, max-video-preview:-1\" \/>\n<link rel=\"canonical\" href=\"https:\/\/qingdaohf.com\/tr\/urun\/galvanizli-paslanmaz-celik-tel-halat-boru-yuksuk\/\" \/>\n<meta property=\"og:locale\" content=\"tr_TR\" \/>\n<meta property=\"og:type\" content=\"article\" \/>\n<meta property=\"og:title\" content=\"Wire Rope Tube Thimble\" \/>\n<meta property=\"og:description\" content=\"Crafted from high-grade stainless steel and galvanized steel, our thimbles are designed to withstand the toughest conditions, providing superior corrosion resistance.\" \/>\n<meta property=\"og:url\" content=\"https:\/\/qingdaohf.com\/tr\/urun\/galvanizli-paslanmaz-celik-tel-halat-boru-yuksuk\/\" \/>\n<meta property=\"og:site_name\" content=\"Concrete Form &amp; Rigging Hardware Supplier\" \/>\n<meta property=\"article:publisher\" content=\"https:\/\/www.facebook.com\/qingdaohf\" \/>\n<meta property=\"article:modified_time\" content=\"2025-11-13T01:04:01+00:00\" \/>\n<meta property=\"og:image\" content=\"https:\/\/qingdaohf.com\/wp-content\/uploads\/2023\/11\/tube-thimble-4.jpg\" \/>\n\t<meta property=\"og:image:width\" content=\"800\" \/>\n\t<meta property=\"og:image:height\" content=\"800\" \/>\n\t<meta property=\"og:image:type\" content=\"image\/jpeg\" \/>\n<meta name=\"twitter:card\" content=\"summary_large_image\" \/>\n<meta name=\"twitter:label1\" content=\"Tahmini okuma s\u00fcresi\" \/>\n\t<meta name=\"twitter:data1\" content=\"2 dakika\" \/>\n<script type=\"application\/ld+json\" class=\"yoast-schema-graph\">{\"@context\":\"https:\/\/schema.org\",\"@graph\":[{\"@type\":\"WebPage\",\"@id\":\"https:\/\/qingdaohf.com\/product\/galvanized-stainless-steel-wire-rope-tube-thimble\/\",\"url\":\"https:\/\/qingdaohf.com\/product\/galvanized-stainless-steel-wire-rope-tube-thimble\/\",\"name\":\"Wire Rope Tube Thimble\",\"isPartOf\":{\"@id\":\"https:\/\/qingdaohf.com\/bg\/#website\"},\"primaryImageOfPage\":{\"@id\":\"https:\/\/qingdaohf.com\/product\/galvanized-stainless-steel-wire-rope-tube-thimble\/#primaryimage\"},\"image\":{\"@id\":\"https:\/\/qingdaohf.com\/product\/galvanized-stainless-steel-wire-rope-tube-thimble\/#primaryimage\"},\"thumbnailUrl\":\"https:\/\/qingdaohf.com\/wp-content\/uploads\/2023\/11\/tube-thimble-4.jpg\",\"datePublished\":\"2023-11-22T03:51:53+00:00\",\"dateModified\":\"2025-11-13T01:04:01+00:00\",\"description\":\"Crafted from high-grade stainless steel and galvanized steel, our thimbles are designed to withstand the toughest conditions, providing superior corrosion resistance.\",\"breadcrumb\":{\"@id\":\"https:\/\/qingdaohf.com\/product\/galvanized-stainless-steel-wire-rope-tube-thimble\/#breadcrumb\"},\"inLanguage\":\"tr\",\"potentialAction\":[{\"@type\":\"ReadAction\",\"target\":[\"https:\/\/qingdaohf.com\/product\/galvanized-stainless-steel-wire-rope-tube-thimble\/\"]}]},{\"@type\":\"ImageObject\",\"inLanguage\":\"tr\",\"@id\":\"https:\/\/qingdaohf.com\/product\/galvanized-stainless-steel-wire-rope-tube-thimble\/#primaryimage\",\"url\":\"https:\/\/qingdaohf.com\/wp-content\/uploads\/2023\/11\/tube-thimble-4.jpg\",\"contentUrl\":\"https:\/\/qingdaohf.com\/wp-content\/uploads\/2023\/11\/tube-thimble-4.jpg\",\"width\":800,\"height\":800,\"caption\":\"tube thimble\"},{\"@type\":\"BreadcrumbList\",\"@id\":\"https:\/\/qingdaohf.com\/product\/galvanized-stainless-steel-wire-rope-tube-thimble\/#breadcrumb\",\"itemListElement\":[{\"@type\":\"ListItem\",\"position\":1,\"name\":\"Home\",\"item\":\"https:\/\/qingdaohf.com\/\"},{\"@type\":\"ListItem\",\"position\":2,\"name\":\"Concrete Forming Accessories and Rigging Hardware\",\"item\":\"https:\/\/qingdaohf.com\/bg\/?page_id=944\"},{\"@type\":\"ListItem\",\"position\":3,\"name\":\"Wire Rope Tube Thimble\"}]},{\"@type\":\"WebSite\",\"@id\":\"https:\/\/qingdaohf.com\/bg\/#website\",\"url\":\"https:\/\/qingdaohf.com\/bg\/\",\"name\":\"Concrete Form & Rigging Hardware Supplier\",\"description\":\"\",\"publisher\":{\"@id\":\"https:\/\/qingdaohf.com\/bg\/#organization\"},\"potentialAction\":[{\"@type\":\"SearchAction\",\"target\":{\"@type\":\"EntryPoint\",\"urlTemplate\":\"https:\/\/qingdaohf.com\/bg\/?s={search_term_string}\"},\"query-input\":{\"@type\":\"PropertyValueSpecification\",\"valueRequired\":true,\"valueName\":\"search_term_string\"}}],\"inLanguage\":\"tr\"},{\"@type\":\"Organization\",\"@id\":\"https:\/\/qingdaohf.com\/bg\/#organization\",\"name\":\"Qingdao H&F\",\"url\":\"https:\/\/qingdaohf.com\/bg\/\",\"logo\":{\"@type\":\"ImageObject\",\"inLanguage\":\"tr\",\"@id\":\"https:\/\/qingdaohf.com\/bg\/#\/schema\/logo\/image\/\",\"url\":\"https:\/\/qingdaohf.com\/wp-content\/uploads\/2022\/12\/cropped-HF-LOGO.png\",\"contentUrl\":\"https:\/\/qingdaohf.com\/wp-content\/uploads\/2022\/12\/cropped-HF-LOGO.png\",\"width\":391,\"height\":249,\"caption\":\"Qingdao H&F\"},\"image\":{\"@id\":\"https:\/\/qingdaohf.com\/bg\/#\/schema\/logo\/image\/\"},\"sameAs\":[\"https:\/\/www.facebook.com\/qingdaohf\"]}]}<\/script>\n<!-- \/ Yoast SEO plugin. -->","yoast_head_json":{"title":"Wire Rope Tube Thimble","description":"Crafted from high-grade stainless steel and galvanized steel, our thimbles are designed to withstand the toughest conditions, providing superior corrosion resistance.","robots":{"index":"index","follow":"follow","max-snippet":"max-snippet:-1","max-image-preview":"max-image-preview:large","max-video-preview":"max-video-preview:-1"},"canonical":"https:\/\/qingdaohf.com\/tr\/urun\/galvanizli-paslanmaz-celik-tel-halat-boru-yuksuk\/","og_locale":"tr_TR","og_type":"article","og_title":"Wire Rope Tube Thimble","og_description":"Crafted from high-grade stainless steel and galvanized steel, our thimbles are designed to withstand the toughest conditions, providing superior corrosion resistance.","og_url":"https:\/\/qingdaohf.com\/tr\/urun\/galvanizli-paslanmaz-celik-tel-halat-boru-yuksuk\/","og_site_name":"Concrete Form &amp; Rigging Hardware Supplier","article_publisher":"https:\/\/www.facebook.com\/qingdaohf","article_modified_time":"2025-11-13T01:04:01+00:00","og_image":[{"width":800,"height":800,"url":"https:\/\/qingdaohf.com\/wp-content\/uploads\/2023\/11\/tube-thimble-4.jpg","type":"image\/jpeg"}],"twitter_card":"summary_large_image","twitter_misc":{"Tahmini okuma s\u00fcresi":"2 dakika"},"schema":{"@context":"https:\/\/schema.org","@graph":[{"@type":"WebPage","@id":"https:\/\/qingdaohf.com\/product\/galvanized-stainless-steel-wire-rope-tube-thimble\/","url":"https:\/\/qingdaohf.com\/product\/galvanized-stainless-steel-wire-rope-tube-thimble\/","name":"Wire Rope Tube Thimble","isPartOf":{"@id":"https:\/\/qingdaohf.com\/bg\/#website"},"primaryImageOfPage":{"@id":"https:\/\/qingdaohf.com\/product\/galvanized-stainless-steel-wire-rope-tube-thimble\/#primaryimage"},"image":{"@id":"https:\/\/qingdaohf.com\/product\/galvanized-stainless-steel-wire-rope-tube-thimble\/#primaryimage"},"thumbnailUrl":"https:\/\/qingdaohf.com\/wp-content\/uploads\/2023\/11\/tube-thimble-4.jpg","datePublished":"2023-11-22T03:51:53+00:00","dateModified":"2025-11-13T01:04:01+00:00","description":"Crafted from high-grade stainless steel and galvanized steel, our thimbles are designed to withstand the toughest conditions, providing superior corrosion resistance.","breadcrumb":{"@id":"https:\/\/qingdaohf.com\/product\/galvanized-stainless-steel-wire-rope-tube-thimble\/#breadcrumb"},"inLanguage":"tr","potentialAction":[{"@type":"ReadAction","target":["https:\/\/qingdaohf.com\/product\/galvanized-stainless-steel-wire-rope-tube-thimble\/"]}]},{"@type":"ImageObject","inLanguage":"tr","@id":"https:\/\/qingdaohf.com\/product\/galvanized-stainless-steel-wire-rope-tube-thimble\/#primaryimage","url":"https:\/\/qingdaohf.com\/wp-content\/uploads\/2023\/11\/tube-thimble-4.jpg","contentUrl":"https:\/\/qingdaohf.com\/wp-content\/uploads\/2023\/11\/tube-thimble-4.jpg","width":800,"height":800,"caption":"tube thimble"},{"@type":"BreadcrumbList","@id":"https:\/\/qingdaohf.com\/product\/galvanized-stainless-steel-wire-rope-tube-thimble\/#breadcrumb","itemListElement":[{"@type":"ListItem","position":1,"name":"Home","item":"https:\/\/qingdaohf.com\/"},{"@type":"ListItem","position":2,"name":"Concrete Forming Accessories and Rigging Hardware","item":"https:\/\/qingdaohf.com\/bg\/?page_id=944"},{"@type":"ListItem","position":3,"name":"Wire Rope Tube Thimble"}]},{"@type":"WebSite","@id":"https:\/\/qingdaohf.com\/bg\/#website","url":"https:\/\/qingdaohf.com\/bg\/","name":"Concrete Form & Rigging Hardware Supplier","description":"","publisher":{"@id":"https:\/\/qingdaohf.com\/bg\/#organization"},"potentialAction":[{"@type":"SearchAction","target":{"@type":"EntryPoint","urlTemplate":"https:\/\/qingdaohf.com\/bg\/?s={search_term_string}"},"query-input":{"@type":"PropertyValueSpecification","valueRequired":true,"valueName":"search_term_string"}}],"inLanguage":"tr"},{"@type":"Organization","@id":"https:\/\/qingdaohf.com\/bg\/#organization","name":"Qingdao H&F","url":"https:\/\/qingdaohf.com\/bg\/","logo":{"@type":"ImageObject","inLanguage":"tr","@id":"https:\/\/qingdaohf.com\/bg\/#\/schema\/logo\/image\/","url":"https:\/\/qingdaohf.com\/wp-content\/uploads\/2022\/12\/cropped-HF-LOGO.png","contentUrl":"https:\/\/qingdaohf.com\/wp-content\/uploads\/2022\/12\/cropped-HF-LOGO.png","width":391,"height":249,"caption":"Qingdao H&F"},"image":{"@id":"https:\/\/qingdaohf.com\/bg\/#\/schema\/logo\/image\/"},"sameAs":["https:\/\/www.facebook.com\/qingdaohf"]}]}},"_links":{"self":[{"href":"https:\/\/qingdaohf.com\/tr\/wp-json\/wp\/v2\/product\/5774","targetHints":{"allow":["GET"]}}],"collection":[{"href":"https:\/\/qingdaohf.com\/tr\/wp-json\/wp\/v2\/product"}],"about":[{"href":"https:\/\/qingdaohf.com\/tr\/wp-json\/wp\/v2\/types\/product"}],"replies":[{"embeddable":true,"href":"https:\/\/qingdaohf.com\/tr\/wp-json\/wp\/v2\/comments?post=5774"}],"version-history":[{"count":5,"href":"https:\/\/qingdaohf.com\/tr\/wp-json\/wp\/v2\/product\/5774\/revisions"}],"predecessor-version":[{"id":5785,"href":"https:\/\/qingdaohf.com\/tr\/wp-json\/wp\/v2\/product\/5774\/revisions\/5785"}],"wp:featuredmedia":[{"embeddable":true,"href":"https:\/\/qingdaohf.com\/tr\/wp-json\/wp\/v2\/media\/5783"}],"wp:attachment":[{"href":"https:\/\/qingdaohf.com\/tr\/wp-json\/wp\/v2\/media?parent=5774"}],"wp:term":[{"taxonomy":"product_brand","embeddable":true,"href":"https:\/\/qingdaohf.com\/tr\/wp-json\/wp\/v2\/product_brand?post=5774"},{"taxonomy":"product_cat","embeddable":true,"href":"https:\/\/qingdaohf.com\/tr\/wp-json\/wp\/v2\/product_cat?post=5774"},{"taxonomy":"product_tag","embeddable":true,"href":"https:\/\/qingdaohf.com\/tr\/wp-json\/wp\/v2\/product_tag?post=5774"}],"curies":[{"name":"wp","href":"https:\/\/api.w.org\/{rel}","templated":true}]}}