{"id":5827,"date":"2023-11-24T11:43:29","date_gmt":"2023-11-24T03:43:29","guid":{"rendered":"http:\/\/qingdaohf.com\/?post_type=product&#038;p=5827"},"modified":"2025-11-13T09:04:01","modified_gmt":"2025-11-13T01:04:01","slug":"wire-buckle","status":"publish","type":"product","link":"https:\/\/qingdaohf.com\/tr\/urun\/tel-toka\/","title":{"rendered":"Tel Toka"},"content":{"rendered":"<h2><img fetchpriority=\"high\" decoding=\"async\" class=\"alignnone wp-image-9549 size-full\" style=\"font-size: 1.7em;\" src=\"http:\/\/qingdaohf.com\/wp-content\/uploads\/2023\/11\/strapping-banner.jpg\" alt=\"\" width=\"1640\" height=\"924\" srcset=\"https:\/\/qingdaohf.com\/wp-content\/uploads\/2023\/11\/strapping-banner.jpg 1640w, https:\/\/qingdaohf.com\/wp-content\/uploads\/2023\/11\/strapping-banner-300x169.jpg 300w, https:\/\/qingdaohf.com\/wp-content\/uploads\/2023\/11\/strapping-banner-1024x577.jpg 1024w, https:\/\/qingdaohf.com\/wp-content\/uploads\/2023\/11\/strapping-banner-768x433.jpg 768w, https:\/\/qingdaohf.com\/wp-content\/uploads\/2023\/11\/strapping-banner-1536x865.jpg 1536w, https:\/\/qingdaohf.com\/wp-content\/uploads\/2023\/11\/strapping-banner-18x10.jpg 18w, https:\/\/qingdaohf.com\/wp-content\/uploads\/2023\/11\/strapping-banner-1000x563.jpg 1000w\" sizes=\"(max-width: 1640px) 100vw, 1640px\" \/><img decoding=\"async\" class=\"alignnone wp-image-9548 size-full\" src=\"http:\/\/qingdaohf.com\/wp-content\/uploads\/2023\/11\/strapping-buckle.jpg\" alt=\"\" width=\"1000\" height=\"828\" srcset=\"https:\/\/qingdaohf.com\/wp-content\/uploads\/2023\/11\/strapping-buckle.jpg 1000w, https:\/\/qingdaohf.com\/wp-content\/uploads\/2023\/11\/strapping-buckle-300x248.jpg 300w, https:\/\/qingdaohf.com\/wp-content\/uploads\/2023\/11\/strapping-buckle-768x636.jpg 768w, https:\/\/qingdaohf.com\/wp-content\/uploads\/2023\/11\/strapping-buckle-14x12.jpg 14w\" sizes=\"(max-width: 1000px) 100vw, 1000px\" \/><\/h2>\n<h2><strong>\u00d6zellikler:<\/strong><\/h2>\n<p><strong>Malzeme:<\/strong>\u00a0Tel tokalar genellikle metalden yap\u0131l\u0131r ve paslanmaz \u00e7elik, korozyon direnci ve mukavemeti nedeniyle yayg\u0131n bir se\u00e7imdir.<\/p>\n<p><strong>Tasar\u0131m: <\/strong>Bir tel tokan\u0131n tipik tasar\u0131m\u0131, kay\u0131\u015f\u0131n ge\u00e7irilmesi i\u00e7in iki veya daha fazla \u00e7atal veya yuvaya sahip dikd\u00f6rtgen veya kavisli bir \u00e7er\u00e7eve i\u00e7erir.<\/p>\n<p><strong>\u00c7ok y\u00f6nl\u00fcl\u00fck:<\/strong>\u00a0Tel tokalar \u00e7ok y\u00f6nl\u00fcd\u00fcr ve polipropilen, polyester ve \u00e7elik \u00e7ember dahil olmak \u00fczere \u00e7e\u015fitli \u00e7ember malzemelerini bar\u0131nd\u0131rabilir.<\/p>\n<p>&nbsp;<\/p>\n<h2><strong>Uygulamalar:<\/strong><\/h2>\n<p><strong>\u00c7emberleme ve Paketleme:<\/strong>\u00a0Tel tokalar\u0131n birincil uygulamalar\u0131ndan biri \u00e7emberleme ve paketleme end\u00fcstrileridir. Paketlerin etraf\u0131ndaki kay\u0131\u015flar\u0131 sabitlemek ve s\u0131k\u0131la\u015ft\u0131rmak i\u00e7in kullan\u0131l\u0131rlar, g\u00fc\u00e7l\u00fc ve g\u00fcvenilir bir kapatma olu\u015ftururlar.<\/p>\n<p><strong>Nakliye ve Ta\u015f\u0131mac\u0131l\u0131k:<\/strong>\u00a0Tel tokalar, mallar\u0131n nakliye ve ta\u015f\u0131ma i\u00e7in g\u00fcvenli bir \u015fekilde paketlenmesini sa\u011flamada \u00e7ok \u00f6nemli bir rol oynar. Bu, \u00f6zellikle nakliye s\u0131ras\u0131nda hasar\u0131 \u00f6nlemek i\u00e7in \u00f6nemlidir.<\/p>\n<p><strong>\u0130n\u015faat ve Yap\u0131:<\/strong>\u00a0\u0130n\u015faat sekt\u00f6r\u00fcnde tel tokalar, ah\u015fap kiri\u015fler, metal \u00e7emberler veya di\u011fer in\u015faat bile\u015fenleri gibi malzemeleri sabitlemek ve birbirine ba\u011flamak i\u00e7in kullan\u0131l\u0131r.<\/p>\n<p><strong>Lojistik ve Depolama:<\/strong>\u00a0Depolar genellikle paletlerdeki veya depolama \u00fcnitelerindeki \u00f6\u011feleri paketlemek ve sabitlemek i\u00e7in tel tokalar kullan\u0131r. Bu, alan\u0131n d\u00fczenlenmesine ve optimize edilmesine yard\u0131mc\u0131 olur.<\/p>\n<p><strong>A\u00e7\u0131k Hava ve Rekreasyon Faaliyetleri:<\/strong>\u00a0Tel tokalar bazen kamp\u00e7\u0131l\u0131k veya y\u00fcr\u00fcy\u00fc\u015f gibi a\u00e7\u0131k hava ve e\u011flence ortamlar\u0131nda \u00e7ad\u0131r, s\u0131rt \u00e7antas\u0131 veya di\u011fer ekipmanlar\u0131n kay\u0131\u015flar\u0131n\u0131 sabitlemek i\u00e7in kullan\u0131l\u0131r.<\/p>\n<p><strong>Kendin Yap Projeleri:<\/strong>\u00a0Kendin yap (DIY) projeleriyle u\u011fra\u015fan ki\u015filer, \u00f6zel kay\u0131\u015flar olu\u015fturmak veya e\u015fyalar\u0131 sabitlemek gibi \u00e7e\u015fitli ama\u00e7larla malzemeleri birbirine tutturmak i\u00e7in tel tokalar kullanabilir.<\/p>\n<p><strong>Otomotiv End\u00fcstrisi:<\/strong>\u00a0Tel tokalar, \u00fcretim s\u0131ras\u0131nda bile\u015fenleri sabitlemek veya kablolar\u0131 demetlemek i\u00e7in kullan\u0131labilecekleri otomotiv end\u00fcstrisinde bulunabilir.<\/p>\n<p>&nbsp;<\/p>\n<h2>\u0130le kullan\u0131m i\u00e7in<\/h2>\n<p>Tel tokalar, farkl\u0131 uygulamalarda g\u00fcvenli ve g\u00fcvenilir ba\u011flant\u0131lar olu\u015fturmak i\u00e7in genellikle bir dizi ba\u015fka \u00fcr\u00fcnle birlikte kullan\u0131l\u0131r<\/p>\n<h3><strong>Polyester veya Naylon Dokuma Kay\u0131\u015flar:<\/strong><\/h3>\n<p>Uygulama: Y\u00fck\u00fc kald\u0131rmak, sabitlemek veya \u00f6zel ba\u011flama \u00e7\u00f6z\u00fcmleri olu\u015fturmak i\u00e7in kullan\u0131l\u0131r.<\/p>\n<p>\u00d6rnek: Tel tokalar, kamyonlardaki veya depolardaki y\u00fckleri sabitlemek i\u00e7in ayarlanabilir kay\u0131\u015flar olu\u015fturmak \u00fczere polyester veya naylon dokuma ile birlikte kullan\u0131labilir.<\/p>\n<h3><strong>Tel halat:<\/strong><\/h3>\n<p>Uygulama: Genellikle a\u011f\u0131r y\u00fckleri kald\u0131rmak, donatmak ve sabitlemek i\u00e7in kullan\u0131l\u0131r.<\/p>\n<p>\u00d6rnek: Tel tokalar, in\u015faat veya imalatta kald\u0131rma ve kald\u0131rma uygulamalar\u0131 i\u00e7in sapanlar olu\u015fturmak \u00fczere tel halatla birlikte kullan\u0131labilir.<\/p>\n<h3>Kargo a\u011flar\u0131:<\/h3>\n<p>Uygulama: D\u00fczensiz \u015fekilli veya gev\u015fek y\u00fckleri ta\u015f\u0131ma s\u0131ras\u0131nda sabitlemek i\u00e7in kullan\u0131l\u0131r.<\/p>\n<p>\u00d6rnek: Tel tokalar, ayarlanabilir ve g\u00fcvenli sabitleme noktalar\u0131 sa\u011flamak i\u00e7in kargo a\u011flar\u0131n\u0131n yap\u0131s\u0131na entegre edilebilir.<\/p>\n<h3><strong>C\u0131rc\u0131rl\u0131 Kay\u0131\u015flar:<\/strong><\/h3>\n<p>Uygulama: Kamyonlarda, r\u00f6morklarda veya genel ba\u011flama uygulamalar\u0131nda kargoyu sabitlemek i\u00e7in idealdir.<\/p>\n<p>\u00d6rnek: Tel tokalar, h\u0131zl\u0131 ve ayarlanabilir bir sabitleme mekanizmas\u0131 sa\u011flayan c\u0131rc\u0131rl\u0131 kay\u0131\u015flarda montaj\u0131n bir par\u00e7as\u0131 olabilir.<\/p>\n<h3><strong>Kald\u0131rma Sapanlar\u0131:<\/strong><\/h3>\n<p>Uygulama: \u00c7e\u015fitli end\u00fcstrilerde a\u011f\u0131r nesneleri kald\u0131rmak ve kald\u0131rmak i\u00e7in kullan\u0131l\u0131r.<\/p>\n<p>\u00d6rnek: Tel tokalar, kald\u0131rma sapanlar\u0131n\u0131n tasar\u0131m\u0131na dahil edilerek uzunlu\u011fun ayarlanmas\u0131 ve y\u00fck\u00fcn sabitlenmesi i\u00e7in bir ara\u00e7 sa\u011flanabilir.<\/p>\n<h3><strong>Mu\u015famba Kay\u0131\u015flar\u0131:<\/strong><\/h3>\n<p>Uygulama: Kamyonlar, r\u00f6morklar veya di\u011fer d\u0131\u015f mekan ekipmanlar\u0131 \u00fczerindeki mu\u015famba ve \u00f6rt\u00fcleri sabitlemek i\u00e7in kullan\u0131l\u0131r.<\/p>\n<p>\u00d6rnek: Tel tokalar mu\u015famba kay\u0131\u015flar\u0131na entegre edilerek y\u00fcklerin hava ko\u015fullar\u0131ndan korunmas\u0131 i\u00e7in g\u00fcvenli ve ayarlanabilir bir kapatma sa\u011flayabilir.<\/p>\n<h3><strong>Bungee Cords:<\/strong><\/h3>\n<p>Uygulama: Genellikle hafif e\u015fyalar\u0131 sabitlemek veya ge\u00e7ici ba\u011flama \u00e7\u00f6z\u00fcmleri olu\u015fturmak i\u00e7in kullan\u0131l\u0131r.<\/p>\n<p>\u00d6rnek: Tel tokalar, ayarlanabilir ve yeniden kullan\u0131labilir sabitleme noktalar\u0131 olu\u015fturmak i\u00e7in bungee kordonlarla birlikte kullan\u0131labilir.<\/p>\n<h3><strong>Boru \u00c7emberleme:<\/strong><\/h3>\n<p>Uygulama: \u0130n\u015faat ve s\u0131hhi tesisat uygulamalar\u0131nda borular\u0131 veya kanallar\u0131 sabitlemek i\u00e7in kullan\u0131l\u0131r.<\/p>\n<p>\u00d6rnek: Tel tokalar, borular\u0131n demetlenmesi ve sabitlenmesi i\u00e7in \u00f6zel \u00e7\u00f6z\u00fcmler olu\u015fturmak \u00fczere \u00e7emberleme malzemeleriyle birlikte kullan\u0131labilir.<\/p>","protected":false},"excerpt":{"rendered":"<p>Tel toka, kay\u0131\u015flar\u0131n veya kemerlerin u\u00e7lar\u0131n\u0131 sabitlemek ve birle\u015ftirmek i\u00e7in \u00e7e\u015fitli uygulamalarda yayg\u0131n olarak kullan\u0131lan bir sabitleme cihaz\u0131 t\u00fcr\u00fcd\u00fcr. \u00d6zellikle paketleme, nakliye ve \u00e7emberlemenin gerekli oldu\u011fu sekt\u00f6rlerde pop\u00fclerdir. Tel tokalar tipik olarak metalden, genellikle paslanmaz \u00e7elikten yap\u0131l\u0131r ve g\u00fc\u00e7l\u00fc ve dayan\u0131kl\u0131 bir ba\u011flant\u0131 sa\u011flamak \u00fczere tasarlanm\u0131\u015ft\u0131r.<\/p>","protected":false},"featured_media":5830,"comment_status":"open","ping_status":"closed","template":"","meta":{"site-sidebar-layout":"default","site-content-layout":"","ast-site-content-layout":"default","site-content-style":"default","site-sidebar-style":"default","ast-global-header-display":"","ast-banner-title-visibility":"","ast-main-header-display":"","ast-hfb-above-header-display":"","ast-hfb-below-header-display":"","ast-hfb-mobile-header-display":"","site-post-title":"","ast-breadcrumbs-content":"","ast-featured-img":"","footer-sml-layout":"","theme-transparent-header-meta":"default","adv-header-id-meta":"","stick-header-meta":"default","header-above-stick-meta":"","header-main-stick-meta":"","header-below-stick-meta":"","astra-migrate-meta-layouts":"set","ast-page-background-enabled":"default","ast-page-background-meta":{"desktop":{"background-color":"","background-image":"","background-repeat":"repeat","background-position":"center center","background-size":"auto","background-attachment":"scroll","background-type":"","background-media":"","overlay-type":"","overlay-color":"","overlay-opacity":"","overlay-gradient":""},"tablet":{"background-color":"","background-image":"","background-repeat":"repeat","background-position":"center center","background-size":"auto","background-attachment":"scroll","background-type":"","background-media":"","overlay-type":"","overlay-color":"","overlay-opacity":"","overlay-gradient":""},"mobile":{"background-color":"","background-image":"","background-repeat":"repeat","background-position":"center center","background-size":"auto","background-attachment":"scroll","background-type":"","background-media":"","overlay-type":"","overlay-color":"","overlay-opacity":"","overlay-gradient":""}},"ast-content-background-meta":{"desktop":{"background-color":"var(--ast-global-color-5)","background-image":"","background-repeat":"repeat","background-position":"center center","background-size":"auto","background-attachment":"scroll","background-type":"","background-media":"","overlay-type":"","overlay-color":"","overlay-opacity":"","overlay-gradient":""},"tablet":{"background-color":"var(--ast-global-color-5)","background-image":"","background-repeat":"repeat","background-position":"center center","background-size":"auto","background-attachment":"scroll","background-type":"","background-media":"","overlay-type":"","overlay-color":"","overlay-opacity":"","overlay-gradient":""},"mobile":{"background-color":"var(--ast-global-color-5)","background-image":"","background-repeat":"repeat","background-position":"center center","background-size":"auto","background-attachment":"scroll","background-type":"","background-media":"","overlay-type":"","overlay-color":"","overlay-opacity":"","overlay-gradient":""}}},"product_brand":[],"product_cat":[69],"product_tag":[],"class_list":{"0":"post-5827","1":"product","2":"type-product","3":"status-publish","4":"has-post-thumbnail","6":"product_cat-strapping","7":"desktop-align-left","8":"tablet-align-left","9":"mobile-align-left","10":"ast-product-gallery-layout-horizontal-slider","11":"ast-product-tabs-layout-horizontal","13":"first","14":"instock","15":"shipping-taxable","16":"purchasable","17":"product-type-simple"},"yoast_head":"<!-- This site is optimized with the Yoast SEO plugin v25.2 - https:\/\/yoast.com\/wordpress\/plugins\/seo\/ -->\n<title>Wire Buckle<\/title>\n<meta name=\"description\" content=\"Wire buckle is a type of fastening device commonly used in various applications for securing and joining together the ends of straps or belts.\" \/>\n<meta name=\"robots\" content=\"index, follow, max-snippet:-1, max-image-preview:large, max-video-preview:-1\" \/>\n<link rel=\"canonical\" href=\"https:\/\/qingdaohf.com\/tr\/urun\/tel-toka\/\" \/>\n<meta property=\"og:locale\" content=\"tr_TR\" \/>\n<meta property=\"og:type\" content=\"article\" \/>\n<meta property=\"og:title\" content=\"Wire Buckle\" \/>\n<meta property=\"og:description\" content=\"Wire buckle is a type of fastening device commonly used in various applications for securing and joining together the ends of straps or belts.\" \/>\n<meta property=\"og:url\" content=\"https:\/\/qingdaohf.com\/tr\/urun\/tel-toka\/\" \/>\n<meta property=\"og:site_name\" content=\"Concrete Form &amp; Rigging Hardware Supplier\" \/>\n<meta property=\"article:publisher\" content=\"https:\/\/www.facebook.com\/qingdaohf\" \/>\n<meta property=\"article:modified_time\" content=\"2025-11-13T01:04:01+00:00\" \/>\n<meta property=\"og:image\" content=\"https:\/\/qingdaohf.com\/wp-content\/uploads\/2023\/11\/3.jpg\" \/>\n\t<meta property=\"og:image:width\" content=\"800\" \/>\n\t<meta property=\"og:image:height\" content=\"800\" \/>\n\t<meta property=\"og:image:type\" content=\"image\/jpeg\" \/>\n<meta name=\"twitter:card\" content=\"summary_large_image\" \/>\n<meta name=\"twitter:label1\" content=\"Tahmini okuma s\u00fcresi\" \/>\n\t<meta name=\"twitter:data1\" content=\"4 dakika\" \/>\n<script type=\"application\/ld+json\" class=\"yoast-schema-graph\">{\"@context\":\"https:\/\/schema.org\",\"@graph\":[{\"@type\":\"WebPage\",\"@id\":\"https:\/\/qingdaohf.com\/product\/wire-buckle\/\",\"url\":\"https:\/\/qingdaohf.com\/product\/wire-buckle\/\",\"name\":\"Wire Buckle\",\"isPartOf\":{\"@id\":\"https:\/\/qingdaohf.com\/bg\/#website\"},\"primaryImageOfPage\":{\"@id\":\"https:\/\/qingdaohf.com\/product\/wire-buckle\/#primaryimage\"},\"image\":{\"@id\":\"https:\/\/qingdaohf.com\/product\/wire-buckle\/#primaryimage\"},\"thumbnailUrl\":\"https:\/\/qingdaohf.com\/wp-content\/uploads\/2023\/11\/3.jpg\",\"datePublished\":\"2023-11-24T03:43:29+00:00\",\"dateModified\":\"2025-11-13T01:04:01+00:00\",\"description\":\"Wire buckle is a type of fastening device commonly used in various applications for securing and joining together the ends of straps or belts.\",\"breadcrumb\":{\"@id\":\"https:\/\/qingdaohf.com\/product\/wire-buckle\/#breadcrumb\"},\"inLanguage\":\"tr\",\"potentialAction\":[{\"@type\":\"ReadAction\",\"target\":[\"https:\/\/qingdaohf.com\/product\/wire-buckle\/\"]}]},{\"@type\":\"ImageObject\",\"inLanguage\":\"tr\",\"@id\":\"https:\/\/qingdaohf.com\/product\/wire-buckle\/#primaryimage\",\"url\":\"https:\/\/qingdaohf.com\/wp-content\/uploads\/2023\/11\/3.jpg\",\"contentUrl\":\"https:\/\/qingdaohf.com\/wp-content\/uploads\/2023\/11\/3.jpg\",\"width\":800,\"height\":800,\"caption\":\"wire buckle\"},{\"@type\":\"BreadcrumbList\",\"@id\":\"https:\/\/qingdaohf.com\/product\/wire-buckle\/#breadcrumb\",\"itemListElement\":[{\"@type\":\"ListItem\",\"position\":1,\"name\":\"Home\",\"item\":\"https:\/\/qingdaohf.com\/\"},{\"@type\":\"ListItem\",\"position\":2,\"name\":\"Concrete Forming Accessories and Rigging Hardware\",\"item\":\"https:\/\/qingdaohf.com\/bg\/?page_id=944\"},{\"@type\":\"ListItem\",\"position\":3,\"name\":\"Wire Buckle\"}]},{\"@type\":\"WebSite\",\"@id\":\"https:\/\/qingdaohf.com\/bg\/#website\",\"url\":\"https:\/\/qingdaohf.com\/bg\/\",\"name\":\"Concrete Form & Rigging Hardware Supplier\",\"description\":\"\",\"publisher\":{\"@id\":\"https:\/\/qingdaohf.com\/bg\/#organization\"},\"potentialAction\":[{\"@type\":\"SearchAction\",\"target\":{\"@type\":\"EntryPoint\",\"urlTemplate\":\"https:\/\/qingdaohf.com\/bg\/?s={search_term_string}\"},\"query-input\":{\"@type\":\"PropertyValueSpecification\",\"valueRequired\":true,\"valueName\":\"search_term_string\"}}],\"inLanguage\":\"tr\"},{\"@type\":\"Organization\",\"@id\":\"https:\/\/qingdaohf.com\/bg\/#organization\",\"name\":\"Qingdao H&F\",\"url\":\"https:\/\/qingdaohf.com\/bg\/\",\"logo\":{\"@type\":\"ImageObject\",\"inLanguage\":\"tr\",\"@id\":\"https:\/\/qingdaohf.com\/bg\/#\/schema\/logo\/image\/\",\"url\":\"https:\/\/qingdaohf.com\/wp-content\/uploads\/2022\/12\/cropped-HF-LOGO.png\",\"contentUrl\":\"https:\/\/qingdaohf.com\/wp-content\/uploads\/2022\/12\/cropped-HF-LOGO.png\",\"width\":391,\"height\":249,\"caption\":\"Qingdao H&F\"},\"image\":{\"@id\":\"https:\/\/qingdaohf.com\/bg\/#\/schema\/logo\/image\/\"},\"sameAs\":[\"https:\/\/www.facebook.com\/qingdaohf\"]}]}<\/script>\n<!-- \/ Yoast SEO plugin. -->","yoast_head_json":{"title":"Wire Buckle","description":"Wire buckle is a type of fastening device commonly used in various applications for securing and joining together the ends of straps or belts.","robots":{"index":"index","follow":"follow","max-snippet":"max-snippet:-1","max-image-preview":"max-image-preview:large","max-video-preview":"max-video-preview:-1"},"canonical":"https:\/\/qingdaohf.com\/tr\/urun\/tel-toka\/","og_locale":"tr_TR","og_type":"article","og_title":"Wire Buckle","og_description":"Wire buckle is a type of fastening device commonly used in various applications for securing and joining together the ends of straps or belts.","og_url":"https:\/\/qingdaohf.com\/tr\/urun\/tel-toka\/","og_site_name":"Concrete Form &amp; Rigging Hardware Supplier","article_publisher":"https:\/\/www.facebook.com\/qingdaohf","article_modified_time":"2025-11-13T01:04:01+00:00","og_image":[{"width":800,"height":800,"url":"https:\/\/qingdaohf.com\/wp-content\/uploads\/2023\/11\/3.jpg","type":"image\/jpeg"}],"twitter_card":"summary_large_image","twitter_misc":{"Tahmini okuma s\u00fcresi":"4 dakika"},"schema":{"@context":"https:\/\/schema.org","@graph":[{"@type":"WebPage","@id":"https:\/\/qingdaohf.com\/product\/wire-buckle\/","url":"https:\/\/qingdaohf.com\/product\/wire-buckle\/","name":"Wire Buckle","isPartOf":{"@id":"https:\/\/qingdaohf.com\/bg\/#website"},"primaryImageOfPage":{"@id":"https:\/\/qingdaohf.com\/product\/wire-buckle\/#primaryimage"},"image":{"@id":"https:\/\/qingdaohf.com\/product\/wire-buckle\/#primaryimage"},"thumbnailUrl":"https:\/\/qingdaohf.com\/wp-content\/uploads\/2023\/11\/3.jpg","datePublished":"2023-11-24T03:43:29+00:00","dateModified":"2025-11-13T01:04:01+00:00","description":"Wire buckle is a type of fastening device commonly used in various applications for securing and joining together the ends of straps or belts.","breadcrumb":{"@id":"https:\/\/qingdaohf.com\/product\/wire-buckle\/#breadcrumb"},"inLanguage":"tr","potentialAction":[{"@type":"ReadAction","target":["https:\/\/qingdaohf.com\/product\/wire-buckle\/"]}]},{"@type":"ImageObject","inLanguage":"tr","@id":"https:\/\/qingdaohf.com\/product\/wire-buckle\/#primaryimage","url":"https:\/\/qingdaohf.com\/wp-content\/uploads\/2023\/11\/3.jpg","contentUrl":"https:\/\/qingdaohf.com\/wp-content\/uploads\/2023\/11\/3.jpg","width":800,"height":800,"caption":"wire buckle"},{"@type":"BreadcrumbList","@id":"https:\/\/qingdaohf.com\/product\/wire-buckle\/#breadcrumb","itemListElement":[{"@type":"ListItem","position":1,"name":"Home","item":"https:\/\/qingdaohf.com\/"},{"@type":"ListItem","position":2,"name":"Concrete Forming Accessories and Rigging Hardware","item":"https:\/\/qingdaohf.com\/bg\/?page_id=944"},{"@type":"ListItem","position":3,"name":"Wire Buckle"}]},{"@type":"WebSite","@id":"https:\/\/qingdaohf.com\/bg\/#website","url":"https:\/\/qingdaohf.com\/bg\/","name":"Concrete Form & Rigging Hardware Supplier","description":"","publisher":{"@id":"https:\/\/qingdaohf.com\/bg\/#organization"},"potentialAction":[{"@type":"SearchAction","target":{"@type":"EntryPoint","urlTemplate":"https:\/\/qingdaohf.com\/bg\/?s={search_term_string}"},"query-input":{"@type":"PropertyValueSpecification","valueRequired":true,"valueName":"search_term_string"}}],"inLanguage":"tr"},{"@type":"Organization","@id":"https:\/\/qingdaohf.com\/bg\/#organization","name":"Qingdao H&F","url":"https:\/\/qingdaohf.com\/bg\/","logo":{"@type":"ImageObject","inLanguage":"tr","@id":"https:\/\/qingdaohf.com\/bg\/#\/schema\/logo\/image\/","url":"https:\/\/qingdaohf.com\/wp-content\/uploads\/2022\/12\/cropped-HF-LOGO.png","contentUrl":"https:\/\/qingdaohf.com\/wp-content\/uploads\/2022\/12\/cropped-HF-LOGO.png","width":391,"height":249,"caption":"Qingdao H&F"},"image":{"@id":"https:\/\/qingdaohf.com\/bg\/#\/schema\/logo\/image\/"},"sameAs":["https:\/\/www.facebook.com\/qingdaohf"]}]}},"_links":{"self":[{"href":"https:\/\/qingdaohf.com\/tr\/wp-json\/wp\/v2\/product\/5827","targetHints":{"allow":["GET"]}}],"collection":[{"href":"https:\/\/qingdaohf.com\/tr\/wp-json\/wp\/v2\/product"}],"about":[{"href":"https:\/\/qingdaohf.com\/tr\/wp-json\/wp\/v2\/types\/product"}],"replies":[{"embeddable":true,"href":"https:\/\/qingdaohf.com\/tr\/wp-json\/wp\/v2\/comments?post=5827"}],"version-history":[{"count":3,"href":"https:\/\/qingdaohf.com\/tr\/wp-json\/wp\/v2\/product\/5827\/revisions"}],"predecessor-version":[{"id":9550,"href":"https:\/\/qingdaohf.com\/tr\/wp-json\/wp\/v2\/product\/5827\/revisions\/9550"}],"wp:featuredmedia":[{"embeddable":true,"href":"https:\/\/qingdaohf.com\/tr\/wp-json\/wp\/v2\/media\/5830"}],"wp:attachment":[{"href":"https:\/\/qingdaohf.com\/tr\/wp-json\/wp\/v2\/media?parent=5827"}],"wp:term":[{"taxonomy":"product_brand","embeddable":true,"href":"https:\/\/qingdaohf.com\/tr\/wp-json\/wp\/v2\/product_brand?post=5827"},{"taxonomy":"product_cat","embeddable":true,"href":"https:\/\/qingdaohf.com\/tr\/wp-json\/wp\/v2\/product_cat?post=5827"},{"taxonomy":"product_tag","embeddable":true,"href":"https:\/\/qingdaohf.com\/tr\/wp-json\/wp\/v2\/product_tag?post=5827"}],"curies":[{"name":"wp","href":"https:\/\/api.w.org\/{rel}","templated":true}]}}