{"id":6109,"date":"2023-12-22T16:01:59","date_gmt":"2023-12-22T08:01:59","guid":{"rendered":"http:\/\/qingdaohf.com\/?post_type=product&#038;p=6109"},"modified":"2025-11-13T09:04:00","modified_gmt":"2025-11-13T01:04:00","slug":"utility-lifting-anchors","status":"publish","type":"product","link":"https:\/\/qingdaohf.com\/tr\/urun\/yardimci-kaldirma-ankrajlari\/","title":{"rendered":"Beton i\u00e7in Yard\u0131mc\u0131 Kald\u0131rma Ankrajlar\u0131"},"content":{"rendered":"<p><strong>1. \u00dcr\u00fcn \u00d6zellikleri ve Kalitesi:<\/strong><\/p>\n<ul>\n<li>H&amp;F Yard\u0131mc\u0131 Ankrajlar, end\u00fcstri standartlar\u0131n\u0131 kar\u015f\u0131lamalar\u0131n\u0131 ve a\u015fmalar\u0131n\u0131 sa\u011flayan s\u0131k\u0131 spesifikasyonlara ba\u011fl\u0131d\u0131r. \u00dcretim s\u00fcreci boyunca titiz kalite kontrol \u00f6nlemleri uygulanarak her d\u00fcbelde dayan\u0131kl\u0131l\u0131k ve g\u00fcvenilirlik garanti edilir.<\/li>\n<\/ul>\n<p><strong>2. Tedarik\u00e7i \u0130tibar\u0131 ve G\u00fcvenilirli\u011fi:<\/strong><\/p>\n<ul>\n<li>H&amp;F, yirmi y\u0131l\u0131 a\u015fk\u0131n deneyimiyle sekt\u00f6rde se\u00e7kin bir \u00fcne sahiptir. Yard\u0131mc\u0131 D\u00fcbellerimiz, g\u00fcvenilirliklerini ve performanslar\u0131n\u0131 kan\u0131tlayan s\u00fcrekli olarak y\u00fcksek puanlar ve olumlu ele\u015ftiriler alm\u0131\u015ft\u0131r.<\/li>\n<\/ul>\n<p><strong>3. Uyumluluk ve Sertifikasyon:<\/strong><\/p>\n<ul>\n<li>\u0130\u00e7iniz rahat olsun, H&amp;F'nin Yard\u0131mc\u0131 Ankrajlar\u0131 yaln\u0131zca g\u00fcvenilir de\u011fil, ayn\u0131 zamanda end\u00fcstri d\u00fczenlemelerine de uygundur. G\u00fcvenlik ve kaliteye \u00f6ncelik veriyoruz ve ankrajlar\u0131m\u0131z ilgili t\u00fcm standartlar\u0131 kar\u015f\u0131layacak veya a\u015facak \u015fekilde sertifikaland\u0131r\u0131lm\u0131\u015ft\u0131r.<\/li>\n<\/ul>\n<p><strong>4. Maliyet ve Paran\u0131n Kar\u015f\u0131l\u0131\u011f\u0131:<\/strong><\/p>\n<ul>\n<li>H&amp;F, kaliteden \u00f6d\u00fcn vermeden maliyet etkinli\u011finin \u00f6neminin fark\u0131ndad\u0131r. Yard\u0131mc\u0131 Ankrajlar\u0131m\u0131z, uzun vadeli sa\u011flam bir yat\u0131r\u0131m i\u00e7in rekabet\u00e7i fiyatland\u0131rmay\u0131 sa\u011flam performansla birle\u015ftirerek paran\u0131z\u0131n kar\u015f\u0131l\u0131\u011f\u0131n\u0131 ola\u011fan\u00fcst\u00fc bir \u015fekilde verir.<\/li>\n<\/ul>\n<p><strong>5. Nakliye ve Lojistik:<\/strong><\/p>\n<ul>\n<li>H&amp;F olarak, Yard\u0131mc\u0131 Ankrajlar\u0131n\u0131z\u0131n size sa\u011flam ve zaman\u0131nda ula\u015fmas\u0131n\u0131 sa\u011flamak i\u00e7in ekstra yol kat ediyoruz. G\u00fcvenli paketleme ve verimli lojistik \u00e7\u00f6z\u00fcmlerimiz, g\u00fcvenli ve zaman\u0131nda teslimatlar\u0131 garanti ederek proje zaman \u00e7izelgelerinizdeki olas\u0131 kesintileri en aza indirir.<\/li>\n<\/ul>\n<p><strong>6. M\u00fc\u015fteri Deste\u011fi ve \u0130leti\u015fim:<\/strong><\/p>\n<ul>\n<li>H&amp;F \u015feffaf ve duyarl\u0131 ileti\u015fime de\u011fer verir. \u00d6zel m\u00fc\u015fteri destek ekibimiz, sorular\u0131n\u0131z\u0131 ve endi\u015felerinizi derhal ele almak i\u00e7in burada. Sipari\u015f durumunuz hakk\u0131nda net g\u00fcncellemeler ve s\u00fcre\u00e7 boyunca proaktif ileti\u015fim bekleyin.<\/li>\n<\/ul>\n<p><strong>7. Garanti ve Sat\u0131\u015f Sonras\u0131 Hizmet:<\/strong><\/p>\n<ul>\n<li>H&amp;F'nin kapsaml\u0131 garanti kapsam\u0131 ile i\u00e7iniz rahat olsun. M\u00fc\u015fteri memnuniyetine olan ba\u011fl\u0131l\u0131\u011f\u0131m\u0131z sat\u0131n alma i\u015fleminin \u00f6tesine uzanmaktad\u0131r. Nadir g\u00f6r\u00fclen kusur veya sorunlarda, sat\u0131\u015f sonras\u0131 hizmetimiz h\u0131zl\u0131 ve sorunsuz \u00e7\u00f6z\u00fcmler sa\u011flar.<\/li>\n<\/ul>\n<p><strong>8. \u00d6deme Ko\u015fullar\u0131 ve Se\u00e7enekleri:<\/strong><\/p>\n<ul>\n<li>B\u00fct\u00e7e k\u0131s\u0131tlamalar\u0131n\u0131za uyum sa\u011flamak i\u00e7in H&amp;F ile esnek \u00f6deme ko\u015fullar\u0131n\u0131 g\u00f6r\u00fc\u015f\u00fcn. G\u00fcvenli \u00f6deme se\u00e7eneklerimiz sorunsuz ve g\u00fcvenli bir i\u015flem s\u00fcreci sa\u011flayarak size ihtiyac\u0131n\u0131z olan esnekli\u011fi sunar.<\/li>\n<\/ul>\n<p><strong>9. \u00c7evresel S\u00fcrd\u00fcr\u00fclebilirlik:<\/strong><\/p>\n<ul>\n<li>H&amp;F \u00e7evresel s\u00fcrd\u00fcr\u00fclebilirlik konusunda kararl\u0131d\u0131r. Yard\u0131mc\u0131 D\u00fcbellerimiz, daha ye\u015fil ve daha s\u00fcrd\u00fcr\u00fclebilir bir gelece\u011fe katk\u0131da bulunan \u00e7evre dostu s\u00fcre\u00e7ler ve malzemeler kullan\u0131larak \u00fcretilmektedir.<\/li>\n<\/ul>\n<p><strong>10. \u0130novasyon ve Teknoloji:<\/strong><\/p>\n<ul>\n<li>Ankraj teknolojisindeki en son geli\u015fmeleri i\u00e7eren H&amp;F'nin Yard\u0131mc\u0131 Ankrajlar\u0131 ile bir ad\u0131m \u00f6nde olun. Yenilik\u00e7i tasar\u0131m \u00f6zelliklerinden son teknoloji malzemelere kadar, ankrajlar\u0131m\u0131z projelerinizin performans\u0131n\u0131 ve uzun \u00f6m\u00fcrl\u00fcl\u00fc\u011f\u00fcn\u00fc art\u0131rmak i\u00e7in tasarlanm\u0131\u015ft\u0131r.<\/li>\n<\/ul>\n<p>Yard\u0131mc\u0131 \u00e7apa tedarik deneyiminizi y\u00fckseltmeye haz\u0131r m\u0131s\u0131n\u0131z? Bize \u015fimdi bir soru\u015fturma g\u00f6nderin ve H&amp;F'nin ba\u015far\u0131da g\u00fcvenilir orta\u011f\u0131n\u0131z olmas\u0131na izin verin!<\/p>","protected":false},"excerpt":{"rendered":"<p>Altyap\u0131 projelerinin \u00e7e\u015fitli taleplerini kar\u015f\u0131lamak i\u00e7in hassas bir \u015fekilde tasarlanm\u0131\u015f Yard\u0131mc\u0131 Ankrajlar. Ankrajlar\u0131m\u0131z in\u015faat, telekom\u00fcnikasyon ve enerji uygulamalar\u0131n\u0131n bel kemi\u011fidir ve benzersiz g\u00fc\u00e7, g\u00fcvenilirlik ve uyarlanabilirlik sunar.<\/p>\n<p><strong>Y\u00fcksek \u00c7ekme Dayan\u0131m\u0131:<\/strong> H&amp;F Yard\u0131mc\u0131 Ankrajlar, zorlu ortamlarda sa\u011flam performans i\u00e7in \u00fcst\u00fcn gerilme mukavemeti sa\u011flayan birinci s\u0131n\u0131f malzemelerle \u00fcretilmi\u015ftir.<\/p>\n<p><strong>Korozyon Direnci:<\/strong> Ankrajlar\u0131m\u0131z korozyona dayanacak \u015fekilde tasarlanm\u0131\u015ft\u0131r ve \u00e7e\u015fitli ortamlarda uzun \u00f6m\u00fcr ve g\u00fcvenilirlik sa\u011flar.<\/p>\n<p><strong>\u00c7ok Y\u00f6nl\u00fc Uygulamalar:<\/strong> H&amp;F Yard\u0131mc\u0131 Ankrajlar, in\u015faat yap\u0131lar\u0131n\u0131n sabitlenmesinden telekom\u00fcnikasyon ve enerji alan\u0131ndaki kritik altyap\u0131n\u0131n desteklenmesine kadar ola\u011fan\u00fcst\u00fc \u00e7ok y\u00f6nl\u00fcl\u00fck sunar.<\/p>","protected":false},"featured_media":6137,"comment_status":"open","ping_status":"closed","template":"","meta":{"site-sidebar-layout":"default","site-content-layout":"","ast-site-content-layout":"default","site-content-style":"default","site-sidebar-style":"default","ast-global-header-display":"","ast-banner-title-visibility":"","ast-main-header-display":"","ast-hfb-above-header-display":"","ast-hfb-below-header-display":"","ast-hfb-mobile-header-display":"","site-post-title":"","ast-breadcrumbs-content":"","ast-featured-img":"","footer-sml-layout":"","theme-transparent-header-meta":"default","adv-header-id-meta":"","stick-header-meta":"default","header-above-stick-meta":"","header-main-stick-meta":"","header-below-stick-meta":"","astra-migrate-meta-layouts":"set","ast-page-background-enabled":"default","ast-page-background-meta":{"desktop":{"background-color":"","background-image":"","background-repeat":"repeat","background-position":"center center","background-size":"auto","background-attachment":"scroll","background-type":"","background-media":"","overlay-type":"","overlay-color":"","overlay-opacity":"","overlay-gradient":""},"tablet":{"background-color":"","background-image":"","background-repeat":"repeat","background-position":"center center","background-size":"auto","background-attachment":"scroll","background-type":"","background-media":"","overlay-type":"","overlay-color":"","overlay-opacity":"","overlay-gradient":""},"mobile":{"background-color":"","background-image":"","background-repeat":"repeat","background-position":"center center","background-size":"auto","background-attachment":"scroll","background-type":"","background-media":"","overlay-type":"","overlay-color":"","overlay-opacity":"","overlay-gradient":""}},"ast-content-background-meta":{"desktop":{"background-color":"var(--ast-global-color-5)","background-image":"","background-repeat":"repeat","background-position":"center center","background-size":"auto","background-attachment":"scroll","background-type":"","background-media":"","overlay-type":"","overlay-color":"","overlay-opacity":"","overlay-gradient":""},"tablet":{"background-color":"var(--ast-global-color-5)","background-image":"","background-repeat":"repeat","background-position":"center center","background-size":"auto","background-attachment":"scroll","background-type":"","background-media":"","overlay-type":"","overlay-color":"","overlay-opacity":"","overlay-gradient":""},"mobile":{"background-color":"var(--ast-global-color-5)","background-image":"","background-repeat":"repeat","background-position":"center center","background-size":"auto","background-attachment":"scroll","background-type":"","background-media":"","overlay-type":"","overlay-color":"","overlay-opacity":"","overlay-gradient":""}}},"product_brand":[],"product_cat":[50,30],"product_tag":[],"class_list":{"0":"post-6109","1":"product","2":"type-product","3":"status-publish","4":"has-post-thumbnail","6":"product_cat-concrete-form-accessories","7":"product_cat-lifting-anchor","8":"desktop-align-left","9":"tablet-align-left","10":"mobile-align-left","11":"ast-product-gallery-layout-horizontal-slider","12":"ast-product-tabs-layout-horizontal","14":"first","15":"instock","16":"shipping-taxable","17":"purchasable","18":"product-type-simple"},"yoast_head":"<!-- This site is optimized with the Yoast SEO plugin v25.2 - https:\/\/yoast.com\/wordpress\/plugins\/seo\/ -->\n<title>Utility Lifting Anchors for Concrete<\/title>\n<meta name=\"robots\" content=\"index, follow, max-snippet:-1, max-image-preview:large, max-video-preview:-1\" \/>\n<link rel=\"canonical\" href=\"https:\/\/qingdaohf.com\/tr\/urun\/yardimci-kaldirma-ankrajlari\/\" \/>\n<meta property=\"og:locale\" content=\"tr_TR\" \/>\n<meta property=\"og:type\" content=\"article\" \/>\n<meta property=\"og:title\" content=\"Utility Lifting Anchors for Concrete\" \/>\n<meta property=\"og:description\" content=\"Utility Anchors, precision-engineered to meet the diverse demands of infrastructure projects. Our anchors are the backbone of construction, telecommunications, and energy applications, offering unparalleled strength, reliability, and adaptability.  High Tensile Strength: H&amp;F Utility Anchors are crafted with top-grade materials, ensuring superior tensile strength for robust performance in demanding environments.  Corrosion Resistance: Our anchors are designed to withstand corrosion, providing longevity and reliability in a variety of settings.  Versatile Applications: From securing structures in construction to supporting critical infrastructure in telecommunications and energy, H&amp;F Utility Anchors deliver exceptional versatility.\" \/>\n<meta property=\"og:url\" content=\"https:\/\/qingdaohf.com\/tr\/urun\/yardimci-kaldirma-ankrajlari\/\" \/>\n<meta property=\"og:site_name\" content=\"Concrete Form &amp; Rigging Hardware Supplier\" \/>\n<meta property=\"article:publisher\" content=\"https:\/\/www.facebook.com\/qingdaohf\" \/>\n<meta property=\"article:modified_time\" content=\"2025-11-13T01:04:00+00:00\" \/>\n<meta property=\"og:image\" content=\"https:\/\/qingdaohf.com\/wp-content\/uploads\/2023\/12\/lifting-anchor-43.jpg\" \/>\n\t<meta property=\"og:image:width\" content=\"1000\" \/>\n\t<meta property=\"og:image:height\" content=\"1000\" \/>\n\t<meta property=\"og:image:type\" content=\"image\/jpeg\" \/>\n<meta name=\"twitter:card\" content=\"summary_large_image\" \/>\n<meta name=\"twitter:label1\" content=\"Tahmini okuma s\u00fcresi\" \/>\n\t<meta name=\"twitter:data1\" content=\"2 dakika\" \/>\n<script type=\"application\/ld+json\" class=\"yoast-schema-graph\">{\"@context\":\"https:\/\/schema.org\",\"@graph\":[{\"@type\":\"WebPage\",\"@id\":\"https:\/\/qingdaohf.com\/product\/utility-lifting-anchors\/\",\"url\":\"https:\/\/qingdaohf.com\/product\/utility-lifting-anchors\/\",\"name\":\"Utility Lifting Anchors for Concrete\",\"isPartOf\":{\"@id\":\"https:\/\/qingdaohf.com\/bg\/#website\"},\"primaryImageOfPage\":{\"@id\":\"https:\/\/qingdaohf.com\/product\/utility-lifting-anchors\/#primaryimage\"},\"image\":{\"@id\":\"https:\/\/qingdaohf.com\/product\/utility-lifting-anchors\/#primaryimage\"},\"thumbnailUrl\":\"https:\/\/qingdaohf.com\/wp-content\/uploads\/2023\/12\/lifting-anchor-43.jpg\",\"datePublished\":\"2023-12-22T08:01:59+00:00\",\"dateModified\":\"2025-11-13T01:04:00+00:00\",\"breadcrumb\":{\"@id\":\"https:\/\/qingdaohf.com\/product\/utility-lifting-anchors\/#breadcrumb\"},\"inLanguage\":\"tr\",\"potentialAction\":[{\"@type\":\"ReadAction\",\"target\":[\"https:\/\/qingdaohf.com\/product\/utility-lifting-anchors\/\"]}]},{\"@type\":\"ImageObject\",\"inLanguage\":\"tr\",\"@id\":\"https:\/\/qingdaohf.com\/product\/utility-lifting-anchors\/#primaryimage\",\"url\":\"https:\/\/qingdaohf.com\/wp-content\/uploads\/2023\/12\/lifting-anchor-43.jpg\",\"contentUrl\":\"https:\/\/qingdaohf.com\/wp-content\/uploads\/2023\/12\/lifting-anchor-43.jpg\",\"width\":1000,\"height\":1000,\"caption\":\"Utility lifting anchor\"},{\"@type\":\"BreadcrumbList\",\"@id\":\"https:\/\/qingdaohf.com\/product\/utility-lifting-anchors\/#breadcrumb\",\"itemListElement\":[{\"@type\":\"ListItem\",\"position\":1,\"name\":\"Home\",\"item\":\"https:\/\/qingdaohf.com\/\"},{\"@type\":\"ListItem\",\"position\":2,\"name\":\"Concrete Forming Accessories and Rigging Hardware\",\"item\":\"https:\/\/qingdaohf.com\/bg\/?page_id=944\"},{\"@type\":\"ListItem\",\"position\":3,\"name\":\"Utility Lifting Anchors for Concrete\"}]},{\"@type\":\"WebSite\",\"@id\":\"https:\/\/qingdaohf.com\/bg\/#website\",\"url\":\"https:\/\/qingdaohf.com\/bg\/\",\"name\":\"Concrete Form & Rigging Hardware Supplier\",\"description\":\"\",\"publisher\":{\"@id\":\"https:\/\/qingdaohf.com\/bg\/#organization\"},\"potentialAction\":[{\"@type\":\"SearchAction\",\"target\":{\"@type\":\"EntryPoint\",\"urlTemplate\":\"https:\/\/qingdaohf.com\/bg\/?s={search_term_string}\"},\"query-input\":{\"@type\":\"PropertyValueSpecification\",\"valueRequired\":true,\"valueName\":\"search_term_string\"}}],\"inLanguage\":\"tr\"},{\"@type\":\"Organization\",\"@id\":\"https:\/\/qingdaohf.com\/bg\/#organization\",\"name\":\"Qingdao H&F\",\"url\":\"https:\/\/qingdaohf.com\/bg\/\",\"logo\":{\"@type\":\"ImageObject\",\"inLanguage\":\"tr\",\"@id\":\"https:\/\/qingdaohf.com\/bg\/#\/schema\/logo\/image\/\",\"url\":\"https:\/\/qingdaohf.com\/wp-content\/uploads\/2022\/12\/cropped-HF-LOGO.png\",\"contentUrl\":\"https:\/\/qingdaohf.com\/wp-content\/uploads\/2022\/12\/cropped-HF-LOGO.png\",\"width\":391,\"height\":249,\"caption\":\"Qingdao H&F\"},\"image\":{\"@id\":\"https:\/\/qingdaohf.com\/bg\/#\/schema\/logo\/image\/\"},\"sameAs\":[\"https:\/\/www.facebook.com\/qingdaohf\"]}]}<\/script>\n<!-- \/ Yoast SEO plugin. -->","yoast_head_json":{"title":"Utility Lifting Anchors for Concrete","robots":{"index":"index","follow":"follow","max-snippet":"max-snippet:-1","max-image-preview":"max-image-preview:large","max-video-preview":"max-video-preview:-1"},"canonical":"https:\/\/qingdaohf.com\/tr\/urun\/yardimci-kaldirma-ankrajlari\/","og_locale":"tr_TR","og_type":"article","og_title":"Utility Lifting Anchors for Concrete","og_description":"Utility Anchors, precision-engineered to meet the diverse demands of infrastructure projects. Our anchors are the backbone of construction, telecommunications, and energy applications, offering unparalleled strength, reliability, and adaptability.  High Tensile Strength: H&amp;F Utility Anchors are crafted with top-grade materials, ensuring superior tensile strength for robust performance in demanding environments.  Corrosion Resistance: Our anchors are designed to withstand corrosion, providing longevity and reliability in a variety of settings.  Versatile Applications: From securing structures in construction to supporting critical infrastructure in telecommunications and energy, H&amp;F Utility Anchors deliver exceptional versatility.","og_url":"https:\/\/qingdaohf.com\/tr\/urun\/yardimci-kaldirma-ankrajlari\/","og_site_name":"Concrete Form &amp; Rigging Hardware Supplier","article_publisher":"https:\/\/www.facebook.com\/qingdaohf","article_modified_time":"2025-11-13T01:04:00+00:00","og_image":[{"width":1000,"height":1000,"url":"https:\/\/qingdaohf.com\/wp-content\/uploads\/2023\/12\/lifting-anchor-43.jpg","type":"image\/jpeg"}],"twitter_card":"summary_large_image","twitter_misc":{"Tahmini okuma s\u00fcresi":"2 dakika"},"schema":{"@context":"https:\/\/schema.org","@graph":[{"@type":"WebPage","@id":"https:\/\/qingdaohf.com\/product\/utility-lifting-anchors\/","url":"https:\/\/qingdaohf.com\/product\/utility-lifting-anchors\/","name":"Utility Lifting Anchors for Concrete","isPartOf":{"@id":"https:\/\/qingdaohf.com\/bg\/#website"},"primaryImageOfPage":{"@id":"https:\/\/qingdaohf.com\/product\/utility-lifting-anchors\/#primaryimage"},"image":{"@id":"https:\/\/qingdaohf.com\/product\/utility-lifting-anchors\/#primaryimage"},"thumbnailUrl":"https:\/\/qingdaohf.com\/wp-content\/uploads\/2023\/12\/lifting-anchor-43.jpg","datePublished":"2023-12-22T08:01:59+00:00","dateModified":"2025-11-13T01:04:00+00:00","breadcrumb":{"@id":"https:\/\/qingdaohf.com\/product\/utility-lifting-anchors\/#breadcrumb"},"inLanguage":"tr","potentialAction":[{"@type":"ReadAction","target":["https:\/\/qingdaohf.com\/product\/utility-lifting-anchors\/"]}]},{"@type":"ImageObject","inLanguage":"tr","@id":"https:\/\/qingdaohf.com\/product\/utility-lifting-anchors\/#primaryimage","url":"https:\/\/qingdaohf.com\/wp-content\/uploads\/2023\/12\/lifting-anchor-43.jpg","contentUrl":"https:\/\/qingdaohf.com\/wp-content\/uploads\/2023\/12\/lifting-anchor-43.jpg","width":1000,"height":1000,"caption":"Utility lifting anchor"},{"@type":"BreadcrumbList","@id":"https:\/\/qingdaohf.com\/product\/utility-lifting-anchors\/#breadcrumb","itemListElement":[{"@type":"ListItem","position":1,"name":"Home","item":"https:\/\/qingdaohf.com\/"},{"@type":"ListItem","position":2,"name":"Concrete Forming Accessories and Rigging Hardware","item":"https:\/\/qingdaohf.com\/bg\/?page_id=944"},{"@type":"ListItem","position":3,"name":"Utility Lifting Anchors for Concrete"}]},{"@type":"WebSite","@id":"https:\/\/qingdaohf.com\/bg\/#website","url":"https:\/\/qingdaohf.com\/bg\/","name":"Concrete Form & Rigging Hardware Supplier","description":"","publisher":{"@id":"https:\/\/qingdaohf.com\/bg\/#organization"},"potentialAction":[{"@type":"SearchAction","target":{"@type":"EntryPoint","urlTemplate":"https:\/\/qingdaohf.com\/bg\/?s={search_term_string}"},"query-input":{"@type":"PropertyValueSpecification","valueRequired":true,"valueName":"search_term_string"}}],"inLanguage":"tr"},{"@type":"Organization","@id":"https:\/\/qingdaohf.com\/bg\/#organization","name":"Qingdao H&F","url":"https:\/\/qingdaohf.com\/bg\/","logo":{"@type":"ImageObject","inLanguage":"tr","@id":"https:\/\/qingdaohf.com\/bg\/#\/schema\/logo\/image\/","url":"https:\/\/qingdaohf.com\/wp-content\/uploads\/2022\/12\/cropped-HF-LOGO.png","contentUrl":"https:\/\/qingdaohf.com\/wp-content\/uploads\/2022\/12\/cropped-HF-LOGO.png","width":391,"height":249,"caption":"Qingdao H&F"},"image":{"@id":"https:\/\/qingdaohf.com\/bg\/#\/schema\/logo\/image\/"},"sameAs":["https:\/\/www.facebook.com\/qingdaohf"]}]}},"_links":{"self":[{"href":"https:\/\/qingdaohf.com\/tr\/wp-json\/wp\/v2\/product\/6109","targetHints":{"allow":["GET"]}}],"collection":[{"href":"https:\/\/qingdaohf.com\/tr\/wp-json\/wp\/v2\/product"}],"about":[{"href":"https:\/\/qingdaohf.com\/tr\/wp-json\/wp\/v2\/types\/product"}],"replies":[{"embeddable":true,"href":"https:\/\/qingdaohf.com\/tr\/wp-json\/wp\/v2\/comments?post=6109"}],"version-history":[{"count":10,"href":"https:\/\/qingdaohf.com\/tr\/wp-json\/wp\/v2\/product\/6109\/revisions"}],"predecessor-version":[{"id":6276,"href":"https:\/\/qingdaohf.com\/tr\/wp-json\/wp\/v2\/product\/6109\/revisions\/6276"}],"wp:featuredmedia":[{"embeddable":true,"href":"https:\/\/qingdaohf.com\/tr\/wp-json\/wp\/v2\/media\/6137"}],"wp:attachment":[{"href":"https:\/\/qingdaohf.com\/tr\/wp-json\/wp\/v2\/media?parent=6109"}],"wp:term":[{"taxonomy":"product_brand","embeddable":true,"href":"https:\/\/qingdaohf.com\/tr\/wp-json\/wp\/v2\/product_brand?post=6109"},{"taxonomy":"product_cat","embeddable":true,"href":"https:\/\/qingdaohf.com\/tr\/wp-json\/wp\/v2\/product_cat?post=6109"},{"taxonomy":"product_tag","embeddable":true,"href":"https:\/\/qingdaohf.com\/tr\/wp-json\/wp\/v2\/product_tag?post=6109"}],"curies":[{"name":"wp","href":"https:\/\/api.w.org\/{rel}","templated":true}]}}