{"id":6226,"date":"2024-01-03T15:51:23","date_gmt":"2024-01-03T07:51:23","guid":{"rendered":"http:\/\/qingdaohf.com\/?post_type=product&#038;p=6226"},"modified":"2025-11-13T09:03:39","modified_gmt":"2025-11-13T01:03:39","slug":"woven-cord-strap","status":"publish","type":"product","link":"https:\/\/qingdaohf.com\/tr\/urun\/cemberleme\/","title":{"rendered":"Ambalaj i\u00e7in Dokuma Polyester Kordon \u00c7emberleme Band\u0131"},"content":{"rendered":"<div class=\"ast-oembed-container\" style=\"height: 100%;\"><iframe title=\"Polipropilen \u00c7emberleme\" width=\"500\" height=\"281\" src=\"https:\/\/www.youtube.com\/embed\/Bi0Ct6OI134?feature=oembed\" frameborder=\"0\" allow=\"accelerometer; autoplay; clipboard-write; encrypted-media; gyroscope; picture-in-picture; web-share\" referrerpolicy=\"strict-origin-when-cross-origin\" allowfullscreen><\/iframe><\/div>\n<h3>Dokuma Polyester Kordon \u00c7emberleme Bantlar\u0131n\u0131n Kritik \u00d6zelliklerinin Bilinmesi<\/h3>\n<p>Dokuma polyester kordon \u00e7emberleme bantlar\u0131 her g\u00fcvenli paketleme \u00e7\u00f6z\u00fcm\u00fcn\u00fcn temelini olu\u015fturur. G\u00fc\u00e7lerini ve \u00e7ok y\u00f6nl\u00fcl\u00fcklerini bilen end\u00fcstriler, a\u011f\u0131r y\u00fcklerin veya d\u00fczensiz \u015fekillere sahip olanlar\u0131n g\u00fcvenilir bir \u015fekilde \u00e7emberlenmesini gerektiren bu bantlar i\u00e7in bir\u00e7ok uygulama bulmaktad\u0131r. S\u0131k\u0131ca i\u00e7 i\u00e7e ge\u00e7mi\u015f polyester liflerden yap\u0131lan bantlar, esnekli\u011fi korurken etkileyici bir gerilme mukavemeti sa\u011flar. Paslanmaya e\u011filimli olabilen ve hatta hassas y\u00fczeylere zarar verebilen geleneksel \u00e7elik \u00e7emberlerin aksine, bu t\u00fcr polyester \u00e7emberler, mallar\u0131n b\u00fct\u00fcnl\u00fc\u011f\u00fcn\u00fc g\u00fcvende tutmada m\u00fckemmel olan p\u00fcr\u00fczs\u00fcz ama g\u00fc\u00e7l\u00fc bir alternatif sunar.<\/p>\n<p>Bu malzeme, lojistik, in\u015faat ve imalat dahil olmak \u00fczere, \u00fcr\u00fcnlerin g\u00fcvenlik veya stabiliteden \u00f6d\u00fcn vermeden zorlu i\u015flemlere maruz kald\u0131\u011f\u0131 bir\u00e7ok \u00f6nde gelen sekt\u00f6r\u00fcn g\u00f6zdesi haline gelmi\u015ftir. Al\u0131c\u0131lar ambalaja yapt\u0131klar\u0131 yat\u0131r\u0131ma de\u011fer verirler ve bu nedenle ger\u00e7ekten verimli ve uygun maliyetli olmakla birlikte operasyonel gereksinimlerine tam olarak uyacak \u00e7emberleme bantlar\u0131na ihtiya\u00e7 duyarlar.<\/p>\n<h3>Y\u00fcksek Mukavemetli Polyester Kordon \u00c7emberin Faydalar\u0131<\/h3>\n<p>Dokuma polyester kordonlu \u00e7ember bantlar\u0131 dayan\u0131kl\u0131l\u0131k a\u00e7\u0131s\u0131ndan en iyisidir ve bu nedenle dinamik ko\u015fullar alt\u0131nda y\u00fckleri sabitlemek i\u00e7in m\u00fckemmel \u015fekilde uygundur. \u00d6zel dokuma yap\u0131lar\u0131, \u015foklar\u0131 ve titre\u015fimleri emebilecek bir konumda olduklar\u0131 anlam\u0131na gelir; bu da k\u0131r\u0131lgan veya a\u011f\u0131r mallar\u0131 uzun bir mesafeye ta\u015f\u0131rken \u00e7ok \u00f6nemlidir. Bantlar ayr\u0131ca esnekli\u011fe sahiptir; bu \u00f6nemlidir \u00e7\u00fcnk\u00fc y\u00fck ta\u015f\u0131ma s\u0131ras\u0131nda biraz hareket etmi\u015f olsa bile, yine de s\u0131k\u0131ca sabitlenecektir.<\/p>\n<p>Ayr\u0131ca, polyester \u00e7emberin hafif yap\u0131s\u0131 kullan\u0131m\u0131 kolayla\u015ft\u0131r\u0131r. \u00c7elik muadillerine k\u0131yasla kullan\u0131m\u0131 \u00e7ok daha kolayd\u0131r; bu nedenle, kullan\u0131m a\u015f\u0131r\u0131 i\u015f g\u00fcc\u00fc zorlamas\u0131na neden olmaz ve operasyonlarda daha iyi verimlili\u011fi art\u0131r\u0131r. Bir ba\u015fka \u00f6nemli avantaj\u0131 da \u00e7evresel direncidir; polyester bantlar neme, UV \u0131\u015f\u0131nlar\u0131na veya de\u011fi\u015fen s\u0131cakl\u0131klara maruz kald\u0131\u011f\u0131nda bozulmaya kar\u015f\u0131 diren\u00e7 g\u00f6sterir; bu nedenle d\u0131\u015f mekan depolama veya transit uygulamalar\u0131nda kullan\u0131ld\u0131\u011f\u0131nda m\u00fckemmel sonu\u00e7lar verir.<br \/>\nQingdao H&amp;F'de, sekt\u00f6rdeki en y\u00fcksek standard\u0131 kar\u015f\u0131lamak i\u00e7in polyester \u00e7emberleme bantlar\u0131m\u0131z\u0131 s\u0131k\u0131 bir \u015fekilde inceliyoruz. Al\u0131c\u0131lar, her partide ayr\u0131nt\u0131l\u0131 kalite kontrol raporlar\u0131 bekleyebilir, dolay\u0131s\u0131yla \u00fcr\u00fcnlerin g\u00fcvenilirli\u011fi konusunda tam \u015feffafl\u0131k elde edebilirler. H\u0131zl\u0131 teslimat s\u00fcreleri ile birle\u015fti\u011finde, i\u015f operasyonlar\u0131n\u0131z\u0131n herhangi bir gecikme olmadan devam etmesini sa\u011fl\u0131yoruz.<\/p>\n<h3>Polyester \u00c7emberleme \u0130htiya\u00e7lar\u0131n\u0131z \u0130\u00e7in Neden Qingdao H&amp;F'yi Se\u00e7melisiniz?<\/h3>\n<p>Do\u011fru tedarik\u00e7i, \u00fcr\u00fcn\u00fcn kendisinin se\u00e7imi kadar \u00f6nemlidir. Bu a\u00e7\u0131dan Qingdao H&amp;F rakipsizdir ve al\u0131c\u0131lar\u0131n ihtiya\u00e7lar\u0131n\u0131 m\u00fckemmel bir \u015fekilde kar\u015f\u0131lar. 20 y\u0131ll\u0131k d\u0131\u015f ticaret deneyimimizle, sat\u0131n alma kararlar\u0131n\u0131 y\u00f6nlendiren kritik fakt\u00f6rlerin fark\u0131nday\u0131z: \u00fcr\u00fcn dayan\u0131kl\u0131l\u0131\u011f\u0131 ve maliyet verimlili\u011finden zaman\u0131nda teslimat ve \u00f6zel deste\u011fe, her k\u00fc\u00e7\u00fck ayr\u0131nt\u0131da m\u00fckemmelli\u011fe kadar. Bire bir m\u00fc\u015fteri hizmetlerine ba\u011fl\u0131l\u0131k bizi di\u011ferlerinden ay\u0131r\u0131yor. Her m\u00fc\u015fteriye, herhangi bir soruyu \u00e7\u00f6zmeye yard\u0131mc\u0131 olan veya \u00e7\u00f6z\u00fcmleri belirli gereksinimlere g\u00f6re uyarlamada g\u00fcncelleme yard\u0131m\u0131 sa\u011flayan tek bir ileti\u015fim noktas\u0131 verilir. Bu ki\u015fiselle\u015ftirilmi\u015f yakla\u015f\u0131m, sat\u0131n alma i\u015fleminin sorunsuz bir \u015fekilde yap\u0131lmas\u0131n\u0131 sa\u011flar. Bunun da \u00f6tesinde, g\u00fc\u00e7l\u00fc tedarik zinciri y\u00f6netim sistemimiz, s\u0131k\u0131 zaman \u00e7izelgeleri olan projelerde bile kaliteden \u00f6d\u00fcn vermeden zaman\u0131nda teslimat yapmam\u0131z\u0131 sa\u011flar. Kalite bilincine sahip al\u0131c\u0131lar i\u00e7in, her \u00fcr\u00fcn grubunun belirtilen standartlar\u0131 kar\u015f\u0131lad\u0131\u011f\u0131ndan emin olmalar\u0131n\u0131 sa\u011flamak amac\u0131yla ayr\u0131nt\u0131l\u0131 denetim raporlar\u0131 sunuyoruz. Rapor, g\u00fcven olu\u015fturuyor ve m\u00fc\u015fterilerin kendinden emin, bilin\u00e7li kararlar vermesini sa\u011fl\u0131yor.<\/p>\n<p>Bu durum, y\u00fcksek mukavemetli dokuma polyester kordon \u00e7ember bantlar\u0131n\u0131n g\u00fcvenilir ambalaj malzemelerine ihtiya\u00e7 duyan end\u00fcstriler i\u00e7in kesinlikle yenilik\u00e7i bir \u00fcr\u00fcn oldu\u011funu kan\u0131tlamaktad\u0131r. Bu bantlarda, y\u00fck g\u00fcvenli\u011fiyle ilgili riskleri en aza indirirken, \u00e7oklu ama\u00e7lar\u0131 i\u00e7in g\u00fc\u00e7, esneklik ve uyarlanabilirli\u011fe vurgu yap\u0131l\u0131r. Qingdao H&amp;F ile birlikte, al\u0131c\u0131lara end\u00fcstri uzmanl\u0131\u011f\u0131, h\u0131zl\u0131 teslimat d\u00f6ng\u00fcleri ve de\u011fi\u015fmez m\u00fc\u015fteri deste\u011fi ile desteklenen \u00fcst\u00fcn \u00fcr\u00fcnler temin edebilir. \u0130ster karma\u015f\u0131k lojistik i\u015fleriyle u\u011fra\u015f\u0131yor ister belirli operasyonel zorluklar\u0131 \u00e7\u00f6zmeye \u00e7al\u0131\u015f\u0131yor olun, \u00f6zelle\u015ftirilmi\u015f \u00e7\u00f6z\u00fcmlerimiz ve derin i\u00e7g\u00f6r\u00fclerimiz ambalajlama ba\u015far\u0131n\u0131z\u0131n \u00fczerine in\u015fa edildi\u011fi temeldir.<\/p>","protected":false},"excerpt":{"rendered":"<p>Y\u00fcksek mukavemetli dokuma polyester kordon \u00e7ember bantlar\u0131, end\u00fcstrilere verimli ve g\u00fcvenilir paketleme \u00e7\u00f6z\u00fcmleri sunar. Dayan\u0131kl\u0131l\u0131klar\u0131yla bilinen bu bantlar, a\u011f\u0131r y\u00fcklerin etkili bir \u015fekilde sabitlenmesini sa\u011flar ve ta\u015f\u0131ma s\u0131ras\u0131nda k\u0131r\u0131lma ve esnemeye kar\u015f\u0131 y\u00fcksek diren\u00e7 g\u00f6sterir. \u00c7o\u011fu al\u0131c\u0131, g\u00fcvenilir ambalaj malzemeleri sat\u0131n ald\u0131ktan sonra, \u00fcr\u00fcn\u00fcn performans\u0131n\u0131, her t\u00fcrl\u00fc \u00e7emberleme arac\u0131yla uyumlulu\u011funu ve nem gibi \u00e7evresel fakt\u00f6rlere direnme yetene\u011fini g\u00f6z \u00f6n\u00fcnde bulundurur. Biz 20 y\u0131ld\u0131r g\u00fcvenilir bir ticaret \u015firketiyiz. Qingdao H&amp;F, m\u00fc\u015fterilerine \u00f6zelle\u015ftirilmi\u015f, bire bir hizmet sunarak \u00f6ne \u00e7\u0131km\u0131\u015ft\u0131r ve bu da her m\u00fc\u015fterinin zaman\u0131nda teslim edilmesini garanti eder. H\u0131zl\u0131 teslimat d\u00f6ng\u00fcleri ve kapsaml\u0131 kalite kontrol raporlar\u0131, ambalaj \u00e7\u00f6z\u00fcmleriniz i\u00e7in bizi se\u00e7me konusundaki g\u00fcveninizi art\u0131racakt\u0131r.<\/p>","protected":false},"featured_media":6225,"comment_status":"open","ping_status":"closed","template":"","meta":{"site-sidebar-layout":"default","site-content-layout":"","ast-site-content-layout":"default","site-content-style":"default","site-sidebar-style":"default","ast-global-header-display":"","ast-banner-title-visibility":"","ast-main-header-display":"","ast-hfb-above-header-display":"","ast-hfb-below-header-display":"","ast-hfb-mobile-header-display":"","site-post-title":"","ast-breadcrumbs-content":"","ast-featured-img":"","footer-sml-layout":"","theme-transparent-header-meta":"default","adv-header-id-meta":"","stick-header-meta":"default","header-above-stick-meta":"","header-main-stick-meta":"","header-below-stick-meta":"","astra-migrate-meta-layouts":"set","ast-page-background-enabled":"default","ast-page-background-meta":{"desktop":{"background-color":"","background-image":"","background-repeat":"repeat","background-position":"center center","background-size":"auto","background-attachment":"scroll","background-type":"","background-media":"","overlay-type":"","overlay-color":"","overlay-opacity":"","overlay-gradient":""},"tablet":{"background-color":"","background-image":"","background-repeat":"repeat","background-position":"center center","background-size":"auto","background-attachment":"scroll","background-type":"","background-media":"","overlay-type":"","overlay-color":"","overlay-opacity":"","overlay-gradient":""},"mobile":{"background-color":"","background-image":"","background-repeat":"repeat","background-position":"center center","background-size":"auto","background-attachment":"scroll","background-type":"","background-media":"","overlay-type":"","overlay-color":"","overlay-opacity":"","overlay-gradient":""}},"ast-content-background-meta":{"desktop":{"background-color":"var(--ast-global-color-5)","background-image":"","background-repeat":"repeat","background-position":"center center","background-size":"auto","background-attachment":"scroll","background-type":"","background-media":"","overlay-type":"","overlay-color":"","overlay-opacity":"","overlay-gradient":""},"tablet":{"background-color":"var(--ast-global-color-5)","background-image":"","background-repeat":"repeat","background-position":"center center","background-size":"auto","background-attachment":"scroll","background-type":"","background-media":"","overlay-type":"","overlay-color":"","overlay-opacity":"","overlay-gradient":""},"mobile":{"background-color":"var(--ast-global-color-5)","background-image":"","background-repeat":"repeat","background-position":"center center","background-size":"auto","background-attachment":"scroll","background-type":"","background-media":"","overlay-type":"","overlay-color":"","overlay-opacity":"","overlay-gradient":""}}},"product_brand":[],"product_cat":[51,69],"product_tag":[],"class_list":{"0":"post-6226","1":"product","2":"type-product","3":"status-publish","4":"has-post-thumbnail","6":"product_cat-riggging-hardware","7":"product_cat-strapping","8":"desktop-align-left","9":"tablet-align-left","10":"mobile-align-left","11":"ast-product-gallery-layout-horizontal-slider","12":"ast-product-tabs-layout-horizontal","14":"first","15":"instock","16":"shipping-taxable","17":"purchasable","18":"product-type-simple"},"yoast_head":"<!-- This site is optimized with the Yoast SEO plugin v25.2 - https:\/\/yoast.com\/wordpress\/plugins\/seo\/ -->\n<title>Woven Polyester Cord Strapping Band for Packaging<\/title>\n<meta name=\"description\" content=\"High-strength woven polyester cord strapping bands provide industries with efficient and trustworthy packaging solutions.\" \/>\n<meta name=\"robots\" content=\"index, follow, max-snippet:-1, max-image-preview:large, max-video-preview:-1\" \/>\n<link rel=\"canonical\" href=\"https:\/\/qingdaohf.com\/tr\/urun\/cemberleme\/\" \/>\n<meta property=\"og:locale\" content=\"tr_TR\" \/>\n<meta property=\"og:type\" content=\"article\" \/>\n<meta property=\"og:title\" content=\"Woven Polyester Cord Strapping Band for Packaging\" \/>\n<meta property=\"og:description\" content=\"High-strength woven polyester cord strapping bands provide industries with efficient and trustworthy packaging solutions.\" \/>\n<meta property=\"og:url\" content=\"https:\/\/qingdaohf.com\/tr\/urun\/cemberleme\/\" \/>\n<meta property=\"og:site_name\" content=\"Concrete Form &amp; Rigging Hardware Supplier\" \/>\n<meta property=\"article:publisher\" content=\"https:\/\/www.facebook.com\/qingdaohf\" \/>\n<meta property=\"article:modified_time\" content=\"2025-11-13T01:03:39+00:00\" \/>\n<meta property=\"og:image\" content=\"https:\/\/qingdaohf.com\/wp-content\/uploads\/2024\/01\/strapping-roll-2.webp\" \/>\n\t<meta property=\"og:image:width\" content=\"1000\" \/>\n\t<meta property=\"og:image:height\" content=\"1000\" \/>\n\t<meta property=\"og:image:type\" content=\"image\/webp\" \/>\n<meta name=\"twitter:card\" content=\"summary_large_image\" \/>\n<meta name=\"twitter:label1\" content=\"Tahmini okuma s\u00fcresi\" \/>\n\t<meta name=\"twitter:data1\" content=\"3 dakika\" \/>\n<script type=\"application\/ld+json\" class=\"yoast-schema-graph\">{\"@context\":\"https:\/\/schema.org\",\"@graph\":[{\"@type\":\"WebPage\",\"@id\":\"https:\/\/qingdaohf.com\/product\/woven-cord-strap\/\",\"url\":\"https:\/\/qingdaohf.com\/product\/woven-cord-strap\/\",\"name\":\"Woven Polyester Cord Strapping Band for Packaging\",\"isPartOf\":{\"@id\":\"https:\/\/qingdaohf.com\/bg\/#website\"},\"primaryImageOfPage\":{\"@id\":\"https:\/\/qingdaohf.com\/product\/woven-cord-strap\/#primaryimage\"},\"image\":{\"@id\":\"https:\/\/qingdaohf.com\/product\/woven-cord-strap\/#primaryimage\"},\"thumbnailUrl\":\"https:\/\/qingdaohf.com\/wp-content\/uploads\/2024\/01\/strapping-roll-2.webp\",\"datePublished\":\"2024-01-03T07:51:23+00:00\",\"dateModified\":\"2025-11-13T01:03:39+00:00\",\"description\":\"High-strength woven polyester cord strapping bands provide industries with efficient and trustworthy packaging solutions.\",\"breadcrumb\":{\"@id\":\"https:\/\/qingdaohf.com\/product\/woven-cord-strap\/#breadcrumb\"},\"inLanguage\":\"tr\",\"potentialAction\":[{\"@type\":\"ReadAction\",\"target\":[\"https:\/\/qingdaohf.com\/product\/woven-cord-strap\/\"]}]},{\"@type\":\"ImageObject\",\"inLanguage\":\"tr\",\"@id\":\"https:\/\/qingdaohf.com\/product\/woven-cord-strap\/#primaryimage\",\"url\":\"https:\/\/qingdaohf.com\/wp-content\/uploads\/2024\/01\/strapping-roll-2.webp\",\"contentUrl\":\"https:\/\/qingdaohf.com\/wp-content\/uploads\/2024\/01\/strapping-roll-2.webp\",\"width\":1000,\"height\":1000,\"caption\":\"strapping roll\"},{\"@type\":\"BreadcrumbList\",\"@id\":\"https:\/\/qingdaohf.com\/product\/woven-cord-strap\/#breadcrumb\",\"itemListElement\":[{\"@type\":\"ListItem\",\"position\":1,\"name\":\"Home\",\"item\":\"https:\/\/qingdaohf.com\/\"},{\"@type\":\"ListItem\",\"position\":2,\"name\":\"Concrete Forming Accessories and Rigging Hardware\",\"item\":\"https:\/\/qingdaohf.com\/bg\/?page_id=944\"},{\"@type\":\"ListItem\",\"position\":3,\"name\":\"Woven Polyester Cord Strapping Band for Packaging\"}]},{\"@type\":\"WebSite\",\"@id\":\"https:\/\/qingdaohf.com\/bg\/#website\",\"url\":\"https:\/\/qingdaohf.com\/bg\/\",\"name\":\"Concrete Form & Rigging Hardware Supplier\",\"description\":\"\",\"publisher\":{\"@id\":\"https:\/\/qingdaohf.com\/bg\/#organization\"},\"potentialAction\":[{\"@type\":\"SearchAction\",\"target\":{\"@type\":\"EntryPoint\",\"urlTemplate\":\"https:\/\/qingdaohf.com\/bg\/?s={search_term_string}\"},\"query-input\":{\"@type\":\"PropertyValueSpecification\",\"valueRequired\":true,\"valueName\":\"search_term_string\"}}],\"inLanguage\":\"tr\"},{\"@type\":\"Organization\",\"@id\":\"https:\/\/qingdaohf.com\/bg\/#organization\",\"name\":\"Qingdao H&F\",\"url\":\"https:\/\/qingdaohf.com\/bg\/\",\"logo\":{\"@type\":\"ImageObject\",\"inLanguage\":\"tr\",\"@id\":\"https:\/\/qingdaohf.com\/bg\/#\/schema\/logo\/image\/\",\"url\":\"https:\/\/qingdaohf.com\/wp-content\/uploads\/2022\/12\/cropped-HF-LOGO.png\",\"contentUrl\":\"https:\/\/qingdaohf.com\/wp-content\/uploads\/2022\/12\/cropped-HF-LOGO.png\",\"width\":391,\"height\":249,\"caption\":\"Qingdao H&F\"},\"image\":{\"@id\":\"https:\/\/qingdaohf.com\/bg\/#\/schema\/logo\/image\/\"},\"sameAs\":[\"https:\/\/www.facebook.com\/qingdaohf\"]}]}<\/script>\n<!-- \/ Yoast SEO plugin. -->","yoast_head_json":{"title":"Woven Polyester Cord Strapping Band for Packaging","description":"High-strength woven polyester cord strapping bands provide industries with efficient and trustworthy packaging solutions.","robots":{"index":"index","follow":"follow","max-snippet":"max-snippet:-1","max-image-preview":"max-image-preview:large","max-video-preview":"max-video-preview:-1"},"canonical":"https:\/\/qingdaohf.com\/tr\/urun\/cemberleme\/","og_locale":"tr_TR","og_type":"article","og_title":"Woven Polyester Cord Strapping Band for Packaging","og_description":"High-strength woven polyester cord strapping bands provide industries with efficient and trustworthy packaging solutions.","og_url":"https:\/\/qingdaohf.com\/tr\/urun\/cemberleme\/","og_site_name":"Concrete Form &amp; Rigging Hardware Supplier","article_publisher":"https:\/\/www.facebook.com\/qingdaohf","article_modified_time":"2025-11-13T01:03:39+00:00","og_image":[{"width":1000,"height":1000,"url":"https:\/\/qingdaohf.com\/wp-content\/uploads\/2024\/01\/strapping-roll-2.webp","type":"image\/webp"}],"twitter_card":"summary_large_image","twitter_misc":{"Tahmini okuma s\u00fcresi":"3 dakika"},"schema":{"@context":"https:\/\/schema.org","@graph":[{"@type":"WebPage","@id":"https:\/\/qingdaohf.com\/product\/woven-cord-strap\/","url":"https:\/\/qingdaohf.com\/product\/woven-cord-strap\/","name":"Woven Polyester Cord Strapping Band for Packaging","isPartOf":{"@id":"https:\/\/qingdaohf.com\/bg\/#website"},"primaryImageOfPage":{"@id":"https:\/\/qingdaohf.com\/product\/woven-cord-strap\/#primaryimage"},"image":{"@id":"https:\/\/qingdaohf.com\/product\/woven-cord-strap\/#primaryimage"},"thumbnailUrl":"https:\/\/qingdaohf.com\/wp-content\/uploads\/2024\/01\/strapping-roll-2.webp","datePublished":"2024-01-03T07:51:23+00:00","dateModified":"2025-11-13T01:03:39+00:00","description":"High-strength woven polyester cord strapping bands provide industries with efficient and trustworthy packaging solutions.","breadcrumb":{"@id":"https:\/\/qingdaohf.com\/product\/woven-cord-strap\/#breadcrumb"},"inLanguage":"tr","potentialAction":[{"@type":"ReadAction","target":["https:\/\/qingdaohf.com\/product\/woven-cord-strap\/"]}]},{"@type":"ImageObject","inLanguage":"tr","@id":"https:\/\/qingdaohf.com\/product\/woven-cord-strap\/#primaryimage","url":"https:\/\/qingdaohf.com\/wp-content\/uploads\/2024\/01\/strapping-roll-2.webp","contentUrl":"https:\/\/qingdaohf.com\/wp-content\/uploads\/2024\/01\/strapping-roll-2.webp","width":1000,"height":1000,"caption":"strapping roll"},{"@type":"BreadcrumbList","@id":"https:\/\/qingdaohf.com\/product\/woven-cord-strap\/#breadcrumb","itemListElement":[{"@type":"ListItem","position":1,"name":"Home","item":"https:\/\/qingdaohf.com\/"},{"@type":"ListItem","position":2,"name":"Concrete Forming Accessories and Rigging Hardware","item":"https:\/\/qingdaohf.com\/bg\/?page_id=944"},{"@type":"ListItem","position":3,"name":"Woven Polyester Cord Strapping Band for Packaging"}]},{"@type":"WebSite","@id":"https:\/\/qingdaohf.com\/bg\/#website","url":"https:\/\/qingdaohf.com\/bg\/","name":"Concrete Form & Rigging Hardware Supplier","description":"","publisher":{"@id":"https:\/\/qingdaohf.com\/bg\/#organization"},"potentialAction":[{"@type":"SearchAction","target":{"@type":"EntryPoint","urlTemplate":"https:\/\/qingdaohf.com\/bg\/?s={search_term_string}"},"query-input":{"@type":"PropertyValueSpecification","valueRequired":true,"valueName":"search_term_string"}}],"inLanguage":"tr"},{"@type":"Organization","@id":"https:\/\/qingdaohf.com\/bg\/#organization","name":"Qingdao H&F","url":"https:\/\/qingdaohf.com\/bg\/","logo":{"@type":"ImageObject","inLanguage":"tr","@id":"https:\/\/qingdaohf.com\/bg\/#\/schema\/logo\/image\/","url":"https:\/\/qingdaohf.com\/wp-content\/uploads\/2022\/12\/cropped-HF-LOGO.png","contentUrl":"https:\/\/qingdaohf.com\/wp-content\/uploads\/2022\/12\/cropped-HF-LOGO.png","width":391,"height":249,"caption":"Qingdao H&F"},"image":{"@id":"https:\/\/qingdaohf.com\/bg\/#\/schema\/logo\/image\/"},"sameAs":["https:\/\/www.facebook.com\/qingdaohf"]}]}},"_links":{"self":[{"href":"https:\/\/qingdaohf.com\/tr\/wp-json\/wp\/v2\/product\/6226","targetHints":{"allow":["GET"]}}],"collection":[{"href":"https:\/\/qingdaohf.com\/tr\/wp-json\/wp\/v2\/product"}],"about":[{"href":"https:\/\/qingdaohf.com\/tr\/wp-json\/wp\/v2\/types\/product"}],"replies":[{"embeddable":true,"href":"https:\/\/qingdaohf.com\/tr\/wp-json\/wp\/v2\/comments?post=6226"}],"version-history":[{"count":11,"href":"https:\/\/qingdaohf.com\/tr\/wp-json\/wp\/v2\/product\/6226\/revisions"}],"predecessor-version":[{"id":8881,"href":"https:\/\/qingdaohf.com\/tr\/wp-json\/wp\/v2\/product\/6226\/revisions\/8881"}],"wp:featuredmedia":[{"embeddable":true,"href":"https:\/\/qingdaohf.com\/tr\/wp-json\/wp\/v2\/media\/6225"}],"wp:attachment":[{"href":"https:\/\/qingdaohf.com\/tr\/wp-json\/wp\/v2\/media?parent=6226"}],"wp:term":[{"taxonomy":"product_brand","embeddable":true,"href":"https:\/\/qingdaohf.com\/tr\/wp-json\/wp\/v2\/product_brand?post=6226"},{"taxonomy":"product_cat","embeddable":true,"href":"https:\/\/qingdaohf.com\/tr\/wp-json\/wp\/v2\/product_cat?post=6226"},{"taxonomy":"product_tag","embeddable":true,"href":"https:\/\/qingdaohf.com\/tr\/wp-json\/wp\/v2\/product_tag?post=6226"}],"curies":[{"name":"wp","href":"https:\/\/api.w.org\/{rel}","templated":true}]}}