{"id":6443,"date":"2024-02-02T14:30:53","date_gmt":"2024-02-02T06:30:53","guid":{"rendered":"http:\/\/qingdaohf.com\/?post_type=product&#038;p=6443"},"modified":"2025-11-13T09:03:39","modified_gmt":"2025-11-13T01:03:39","slug":"wholesale-d-shackle-chain-shackle-for-lifting","status":"publish","type":"product","link":"https:\/\/qingdaohf.com\/tr\/urun\/toptan-d-kelepce-kaldirma-icin-zincir-kelepcesi\/","title":{"rendered":"Kald\u0131rma i\u00e7in Toptan D Kelep\u00e7e Zincir Kelep\u00e7esi"},"content":{"rendered":"<p>D prangalar, arma ve kald\u0131rma end\u00fcstrisinde kritik bile\u015fenlerdir ve y\u00fcksek gerilimli uygulamalardaki stabiliteleri ve g\u00fc\u00e7leriyle takdir edilirler. Kendine \u00f6zg\u00fc U \u015fekli ve g\u00fcvenli pim kapamas\u0131yla D prangalar\u0131, \u00e7ok \u00e7e\u015fitli kald\u0131rma, kald\u0131rma ve \u00e7ekme g\u00f6revleri i\u00e7in g\u00fcvenilir bir ba\u011flant\u0131 sa\u011flar. Qingdao H&amp;F'nin G210 ve G2150 D prangalar\u0131, g\u00fc\u00e7leri, dayan\u0131kl\u0131l\u0131klar\u0131 ve uyarlanabilirlikleri nedeniyle sekt\u00f6rlerdeki profesyoneller taraf\u0131ndan tercih edilen, piyasadaki en pop\u00fcler modellerden baz\u0131lar\u0131d\u0131r.<\/p>\n<p>G210 ve G2150 modelleri, y\u00fcksek d\u00fczeyde g\u00fcvenlik ve denge sa\u011flarken a\u011f\u0131r y\u00fckleri ta\u015f\u0131yacak \u015fekilde tasarlanm\u0131\u015ft\u0131r. \u00c7ok y\u00f6nl\u00fcl\u00fc\u011f\u00fc ve yuvarlak tasar\u0131m\u0131yla bilinen G210 modeli, genellikle esneklik gerektiren kurulumlarda kullan\u0131l\u0131r. Buna kar\u015f\u0131l\u0131k, ekstra a\u011f\u0131r hizmet tipi yap\u0131s\u0131yla G2150, daha y\u00fcksek \u00c7al\u0131\u015fma Y\u00fck\u00fc S\u0131n\u0131rlar\u0131 (WLL'ler) i\u00e7in geli\u015fmi\u015f y\u00fck ta\u015f\u0131ma yetenekleri sunarak daha zorlu uygulamalara dayanacak \u015fekilde tasarlanm\u0131\u015ft\u0131r. Her model, farkl\u0131 donan\u0131m sistemleriyle uyumluluk ve bas\u0131n\u00e7 alt\u0131nda y\u00fcksek d\u00fczeyde performans sa\u011flayacak \u015fekilde hassas teknik \u00f6zelliklere g\u00f6re \u00fcretilmi\u015ftir.<\/p>\n<p>G\u00fcvenilir bir D kelep\u00e7e toptanc\u0131s\u0131 olan Qingdao H&amp;F, kald\u0131rma ve arma profesyonellerinin zorlu taleplerini kar\u015f\u0131layan en kaliteli \u00fcr\u00fcnleri sa\u011flamay\u0131 taahh\u00fct eder. Envanterimiz, 0,33 tondan 150 tona kadar \u00e7e\u015fitli boyutlar ve WLL'ler ve 1\/4 in\u00e7 ila 3 in\u00e7 aras\u0131nda de\u011fi\u015fen boyutlarla, her \u00f6l\u00e7ekteki projeler i\u00e7in g\u00fcvenilir \u00e7\u00f6z\u00fcmler arayan al\u0131c\u0131lara hizmet etmek \u00fczere tasarlanm\u0131\u015ft\u0131r.<\/p>\n<h3>Qingdao H&amp;F'yi Se\u00e7menin Faydalar\u0131: \u00d6zel Hizmet ve Verimli Teslimat<\/h3>\n<p>Qingdao H&amp;F'de, sorunsuz ve verimli bir sat\u0131n alma deneyiminin \u00f6nemini anl\u0131yoruz. Al\u0131c\u0131lar kaliteye, h\u0131za ve tedarik\u00e7ilerine g\u00fcvenmeye \u00f6ncelik verirler, bu nedenle hizmet i\u00e7in m\u00fc\u015fteri merkezli bir yakla\u015f\u0131m geli\u015ftirdik. Her m\u00fc\u015fteri, \u00f6zel ihtiya\u00e7lar\u0131 i\u00e7in en uygun kelep\u00e7e modelini bulmalar\u0131n\u0131 sa\u011flayan \u00f6zel deste\u011fin sunuldu\u011fu bire bir m\u00fc\u015fteri hizmetlerimizden yararlan\u0131r. Proje gereksinimlerini anlamak i\u00e7in al\u0131c\u0131larla yak\u0131n bir \u015fekilde \u00e7al\u0131\u015farak, her ikisi de zorlu ortamlarda g\u00fcvenilirlikleriyle yayg\u0131n olarak kabul g\u00f6ren \u00e7ok y\u00f6nl\u00fc G210 veya a\u011f\u0131r hizmet tipi G2150 aras\u0131nda se\u00e7im yapmalar\u0131na yard\u0131mc\u0131 oluyoruz.<\/p>\n<p>\u00dcr\u00fcn kalitesinin \u00f6tesinde, hizmet modelimiz h\u0131zl\u0131 teslimat d\u00f6ng\u00fclerini ve tam \u015feffafl\u0131\u011f\u0131 vurgulamakta ve her sevkiyatta kalite kontrol raporlar\u0131 sunmaktad\u0131r. Bu raporlar, prangalar\u0131m\u0131z\u0131n teknik \u00f6zelliklerini, performans\u0131n\u0131 ve g\u00fcvenlik standartlar\u0131n\u0131 ayr\u0131nt\u0131l\u0131 olarak a\u00e7\u0131klayarak al\u0131c\u0131lar\u0131n sat\u0131n alma i\u015flemlerinde kendilerini g\u00fcvende hissetmelerini ve \u00fcr\u00fcn\u00fcn hemen kullan\u0131ma haz\u0131r oldu\u011fundan emin olmalar\u0131n\u0131 sa\u011flar. Qingdao H&amp;F, verimli lojistik ve kolayla\u015ft\u0131r\u0131lm\u0131\u015f bir hizmet s\u00fcreci sa\u011flayarak gecikmeleri en aza indirir ve m\u00fc\u015fterilerin projelerinin ivmesini korumalar\u0131na yard\u0131mc\u0131 olur.<\/p>\n<p>M\u00fc\u015fterilerimizin g\u00fcveni, a\u011f\u0131r hizmet kald\u0131rma uygulamalar\u0131n\u0131n risklerini anlayan duyarl\u0131 bir ekip taraf\u0131ndan desteklenen y\u00fcksek kaliteli \u00fcr\u00fcnler tedarik etme konusundaki kararl\u0131l\u0131\u011f\u0131m\u0131z \u00fczerine in\u015fa edilmi\u015ftir. Qingdao H&amp;F ile al\u0131c\u0131lar, verimlilik, kalite ve g\u00fcvenilirli\u011fe odaklanan arma \u00e7\u00f6z\u00fcmlerine proaktif bir yakla\u015f\u0131m deneyimliyor.<\/p>\n<h3>G210 ve G2150 D Kelep\u00e7eler: \u00c7e\u015fitli \u00c7al\u0131\u015fma Y\u00fck\u00fc S\u0131n\u0131rlar\u0131 ve Boyutlar\u0131<\/h3>\n<p>Farkl\u0131 proje ihtiya\u00e7lar\u0131, geni\u015f bir boyut ve \u00c7al\u0131\u015fma Y\u00fck\u00fc Limiti (WLL) yelpazesi gerektirir ve G210 ve G2150 prangalar\u0131m\u0131z tam olarak bu esnekli\u011fi sunar. Her model 0,33 ton ile 150 ton aras\u0131nda de\u011fi\u015fen WLL'lere sahiptir ve al\u0131c\u0131lar\u0131n uygulamalar\u0131n\u0131n \u00f6zel taleplerine en uygun prangalar\u0131 se\u00e7melerine olanak tan\u0131r. Bu kapsaml\u0131 \u00fcr\u00fcn yelpazesi, prangalar\u0131m\u0131z\u0131 hem daha hafif donan\u0131m g\u00f6revleri hem de en zorlu y\u00fck ta\u015f\u0131ma uygulamalar\u0131 i\u00e7in ideal hale getirerek performanstan \u00f6d\u00fcn vermeden uyarlanabilirlik sa\u011flar.<\/p>\n<p>G210 ve G2150 zincirlerimiz de 1\/4 in\u00e7ten 3 in\u00e7e kadar \u00e7e\u015fitli boyutlara sahiptir. Daha kompakt bir tasar\u0131ma sahip olan G210 modeli, esnekli\u011fin gerekli oldu\u011fu orta d\u00fczey kald\u0131rma g\u00f6revleri i\u00e7in uygundur. Bu arada, G2150 modeli, en yo\u011fun kald\u0131rma ko\u015fullar\u0131na dayanacak ek dayan\u0131kl\u0131l\u0131k ile daha y\u00fcksek mukavemetli uygulamalar i\u00e7in tasarlanm\u0131\u015ft\u0131r. Her bir kelep\u00e7e boyutu, tek tip kalite ve performans sa\u011flamak i\u00e7in dikkatli bir kalibrasyon s\u00fcrecinden ge\u00e7er, b\u00f6ylece al\u0131c\u0131lar proje talepleri ne olursa olsun tutarl\u0131 sonu\u00e7lara g\u00fcvenebilirler.<\/p>\n<p>G210 ve G2150 ile al\u0131c\u0131lar, \u00e7e\u015fitli donan\u0131m zorluklar\u0131n\u0131n \u00fcstesinden gelebilecek ve karma\u015f\u0131k projeler i\u00e7in g\u00fcvenilir destek sa\u011flayabilecek zincirlere eri\u015febilir. Bu modeller ola\u011fan\u00fcst\u00fc performans sunma konusunda \u00fcn kazanm\u0131\u015f olup, arma profesyonellerinin tercihi haline gelmi\u015ftir.<\/p>\n<p><strong>G210 kelep\u00e7e<\/strong><\/p>\n<p><img fetchpriority=\"high\" decoding=\"async\" class=\"alignnone size-full wp-image-3813\" src=\"http:\/\/qingdaohf.com\/wp-content\/uploads\/2023\/05\/G209-G210-shackle.jpg\" alt=\"G209 G210 kelep\u00e7e\" width=\"1000\" height=\"1296\" srcset=\"https:\/\/qingdaohf.com\/wp-content\/uploads\/2023\/05\/G209-G210-shackle.jpg 1000w, https:\/\/qingdaohf.com\/wp-content\/uploads\/2023\/05\/G209-G210-shackle-231x300.jpg 231w, https:\/\/qingdaohf.com\/wp-content\/uploads\/2023\/05\/G209-G210-shackle-790x1024.jpg 790w, https:\/\/qingdaohf.com\/wp-content\/uploads\/2023\/05\/G209-G210-shackle-768x995.jpg 768w\" sizes=\"(max-width: 1000px) 100vw, 1000px\" \/><\/p>\n<p><strong>G2150 kelep\u00e7e<\/strong><\/p>\n<p>&nbsp;<\/p>\n<p><img decoding=\"async\" class=\"alignnone size-full wp-image-3817\" src=\"http:\/\/qingdaohf.com\/wp-content\/uploads\/2023\/05\/2150.jpg\" alt=\"2150 kelep\u00e7e\" width=\"1000\" height=\"950\" srcset=\"https:\/\/qingdaohf.com\/wp-content\/uploads\/2023\/05\/2150.jpg 1000w, https:\/\/qingdaohf.com\/wp-content\/uploads\/2023\/05\/2150-300x285.jpg 300w, https:\/\/qingdaohf.com\/wp-content\/uploads\/2023\/05\/2150-768x730.jpg 768w\" sizes=\"(max-width: 1000px) 100vw, 1000px\" \/><\/p>\n<h3>Kalite ve G\u00fcvenlik Standartlar\u0131: G\u00fcvenilir Performans i\u00e7in Titiz Testler<\/h3>\n<p>G\u00fcvenlik ve kalite, Qingdao H&amp;F'deki \u00fcretim s\u00fcrecimizin temel unsurlar\u0131d\u0131r. Her bir G210 ve G2150 D kelep\u00e7e, uluslararas\u0131 g\u00fcvenlik standartlar\u0131n\u0131 kar\u015f\u0131lad\u0131klar\u0131ndan emin olmak i\u00e7in titiz bir kalite kontrol\u00fcnden ge\u00e7er. D kelep\u00e7elerinin y\u00fck ta\u015f\u0131ma operasyonlar\u0131nda kritik bir rol oynad\u0131\u011f\u0131n\u0131 biliyoruz ve bu nedenle \u00fcr\u00fcnlerimiz bas\u0131n\u00e7 alt\u0131nda tutarl\u0131 performans sa\u011flamak i\u00e7in test edilmektedir. \u0130lk \u00fcretimden son denetime kadar, kalite g\u00fcvencesine y\u00f6nelik kapsaml\u0131 bir yakla\u015f\u0131m s\u00fcrd\u00fcr\u00fcyoruz ve bu da al\u0131c\u0131lar\u0131n g\u00fcvenebilece\u011fi \u00fcr\u00fcnlerle sonu\u00e7lan\u0131yor.<\/p>\n<p>D kelep\u00e7elerimiz a\u015f\u0131nmaya, korozyona ve zorlu ortamlarda performans\u0131 d\u00fc\u015f\u00fcrebilecek di\u011fer fakt\u00f6rlere kar\u015f\u0131 dayan\u0131kl\u0131 olacak \u015fekilde \u00fcretilmi\u015ftir. \u0130ster in\u015faat, ister end\u00fcstriyel kald\u0131rma veya denizcilik ortamlar\u0131nda kullan\u0131ls\u0131nlar, G210 ve G2150 modellerimiz uzun s\u00fcreli kullan\u0131mda g\u00fcvenilir g\u00fc\u00e7 sa\u011flayarak uzun \u00f6m\u00fcrl\u00fc olacak \u015fekilde tasarlanm\u0131\u015ft\u0131r. Kaliteye olan ba\u011fl\u0131l\u0131\u011f\u0131m\u0131z \u00fcr\u00fcn\u00fcn \u00f6tesine ge\u00e7mektedir, \u00e7\u00fcnk\u00fc her sevkiyatta ayr\u0131nt\u0131l\u0131 kalite kontrol raporlar\u0131 sunarak al\u0131c\u0131lara sat\u0131n ald\u0131klar\u0131 her bir kelep\u00e7enin teknik \u00f6zellikleri ve g\u00fcvenlik standartlar\u0131 hakk\u0131nda tam \u015feffafl\u0131k sa\u011fl\u0131yoruz.<\/p>\n<p>\u00dcretim s\u00fcrecimiz boyunca y\u00fcksek standartlar\u0131 koruyarak ve a\u00e7\u0131k, eri\u015filebilir \u00fcr\u00fcn bilgileri sunarak Qingdao H&amp;F, donan\u0131m donan\u0131m end\u00fcstrisinde kalite ve g\u00fcvenlik i\u00e7in y\u00fcksek bir \u00f6l\u00e7\u00fct belirlemeye devam ediyor.<\/p>\n<h3>D Kelep\u00e7e hakk\u0131nda sonu\u00e7<\/h3>\n<p>Qingdao H&amp;F'nin G210 ve G2150 D zincirleri, al\u0131c\u0131lara kald\u0131rma ve donan\u0131m ihtiya\u00e7lar\u0131 i\u00e7in sa\u011flam \u00e7\u00f6z\u00fcmler sunar. \u00c7ok y\u00f6nl\u00fcl\u00fck ve g\u00fc\u00e7le tasarlanan bu modeller, in\u015faattan denizcili\u011fe kadar \u00e7e\u015fitli sekt\u00f6rlerin taleplerini kar\u015f\u0131lamaktad\u0131r. Al\u0131c\u0131lar, m\u00fc\u015fteri odakl\u0131 hizmet, h\u0131zl\u0131 teslimat ve \u015feffaf kalite raporlama taahh\u00fcd\u00fcm\u00fczle desteklenen tutarl\u0131 performans sunmak i\u00e7in D prangalar\u0131m\u0131za g\u00fcveniyor. Qingdao H&amp;F ile al\u0131c\u0131lar yaln\u0131zca dayan\u0131kl\u0131, y\u00fcksek performansl\u0131 donan\u0131ma de\u011fil, ayn\u0131 zamanda g\u00fcven, uzmanl\u0131k ve m\u00fc\u015fteri ba\u015far\u0131s\u0131na adanm\u0131\u015fl\u0131k \u00fczerine kurulu bir ortakl\u0131\u011fa da yat\u0131r\u0131m yap\u0131yor. Al\u0131c\u0131lar\u0131, \u00fcr\u00fcnlerimizin ve hizmetlerimizin g\u00fcvenli ve g\u00fcvenilir donan\u0131m operasyonlar\u0131na ula\u015fmada yaratabilece\u011fi fark\u0131 ke\u015ffetmeye davet ediyoruz.<\/p>","protected":false},"excerpt":{"rendered":"<p>D prangalar\u0131m\u0131z, 0,33 ila 150 ton aras\u0131nda de\u011fi\u015fen \u00c7al\u0131\u015fma Y\u00fck\u00fc Limitleri (WLL'ler) ve 1\/4 in\u00e7 ila 3 in\u00e7 aras\u0131nda de\u011fi\u015fen boyutlar\u0131yla in\u015faat, denizcilik ve end\u00fcstriyel ortamlardaki uygulamalar i\u00e7in uygundur. Al\u0131c\u0131lar\u0131n temel endi\u015felerinin fark\u0131nda olarak, bire bir m\u00fc\u015fteri hizmetleri, h\u0131zl\u0131 teslimat d\u00f6ng\u00fcs\u00fc ve her \u00fcr\u00fcn i\u00e7in ayr\u0131nt\u0131l\u0131 kalite kontrol raporlar\u0131 ile sorunsuz bir sat\u0131n alma deneyimi sa\u011fl\u0131yoruz. Taahh\u00fcd\u00fcm\u00fcz, al\u0131c\u0131lar\u0131 zorlu ortamlar i\u00e7in ihtiya\u00e7 duyduklar\u0131 g\u00fcvenilir, y\u00fcksek performansl\u0131 \u00fcr\u00fcnlerle desteklemektir.<\/p>","protected":false},"featured_media":6470,"comment_status":"open","ping_status":"closed","template":"","meta":{"site-sidebar-layout":"default","site-content-layout":"","ast-site-content-layout":"default","site-content-style":"default","site-sidebar-style":"default","ast-global-header-display":"","ast-banner-title-visibility":"","ast-main-header-display":"","ast-hfb-above-header-display":"","ast-hfb-below-header-display":"","ast-hfb-mobile-header-display":"","site-post-title":"","ast-breadcrumbs-content":"","ast-featured-img":"","footer-sml-layout":"","theme-transparent-header-meta":"default","adv-header-id-meta":"","stick-header-meta":"default","header-above-stick-meta":"","header-main-stick-meta":"","header-below-stick-meta":"","astra-migrate-meta-layouts":"set","ast-page-background-enabled":"default","ast-page-background-meta":{"desktop":{"background-color":"","background-image":"","background-repeat":"repeat","background-position":"center center","background-size":"auto","background-attachment":"scroll","background-type":"","background-media":"","overlay-type":"","overlay-color":"","overlay-opacity":"","overlay-gradient":""},"tablet":{"background-color":"","background-image":"","background-repeat":"repeat","background-position":"center center","background-size":"auto","background-attachment":"scroll","background-type":"","background-media":"","overlay-type":"","overlay-color":"","overlay-opacity":"","overlay-gradient":""},"mobile":{"background-color":"","background-image":"","background-repeat":"repeat","background-position":"center center","background-size":"auto","background-attachment":"scroll","background-type":"","background-media":"","overlay-type":"","overlay-color":"","overlay-opacity":"","overlay-gradient":""}},"ast-content-background-meta":{"desktop":{"background-color":"var(--ast-global-color-5)","background-image":"","background-repeat":"repeat","background-position":"center center","background-size":"auto","background-attachment":"scroll","background-type":"","background-media":"","overlay-type":"","overlay-color":"","overlay-opacity":"","overlay-gradient":""},"tablet":{"background-color":"var(--ast-global-color-5)","background-image":"","background-repeat":"repeat","background-position":"center center","background-size":"auto","background-attachment":"scroll","background-type":"","background-media":"","overlay-type":"","overlay-color":"","overlay-opacity":"","overlay-gradient":""},"mobile":{"background-color":"var(--ast-global-color-5)","background-image":"","background-repeat":"repeat","background-position":"center center","background-size":"auto","background-attachment":"scroll","background-type":"","background-media":"","overlay-type":"","overlay-color":"","overlay-opacity":"","overlay-gradient":""}}},"product_brand":[],"product_cat":[51,54],"product_tag":[],"class_list":{"0":"post-6443","1":"product","2":"type-product","3":"status-publish","4":"has-post-thumbnail","6":"product_cat-riggging-hardware","7":"product_cat-shackle","8":"desktop-align-left","9":"tablet-align-left","10":"mobile-align-left","11":"ast-product-gallery-layout-horizontal-slider","12":"ast-product-tabs-layout-horizontal","14":"first","15":"instock","16":"shipping-taxable","17":"purchasable","18":"product-type-simple"},"yoast_head":"<!-- This site is optimized with the Yoast SEO plugin v25.2 - https:\/\/yoast.com\/wordpress\/plugins\/seo\/ -->\n<title>Wholesale D Shackle Chain Shackle for Lifting<\/title>\n<meta name=\"description\" content=\"Dee shackles, are engineered for durability and strength, ensuring dependable performance in diverse environments.\" \/>\n<meta name=\"robots\" content=\"index, follow, max-snippet:-1, max-image-preview:large, max-video-preview:-1\" \/>\n<link rel=\"canonical\" href=\"https:\/\/qingdaohf.com\/tr\/urun\/toptan-d-kelepce-kaldirma-icin-zincir-kelepcesi\/\" \/>\n<meta property=\"og:locale\" content=\"tr_TR\" \/>\n<meta property=\"og:type\" content=\"article\" \/>\n<meta property=\"og:title\" content=\"Wholesale D Shackle Chain Shackle for Lifting\" \/>\n<meta property=\"og:description\" content=\"Dee shackles, are engineered for durability and strength, ensuring dependable performance in diverse environments.\" \/>\n<meta property=\"og:url\" content=\"https:\/\/qingdaohf.com\/tr\/urun\/toptan-d-kelepce-kaldirma-icin-zincir-kelepcesi\/\" \/>\n<meta property=\"og:site_name\" content=\"Concrete Form &amp; Rigging Hardware Supplier\" \/>\n<meta property=\"article:publisher\" content=\"https:\/\/www.facebook.com\/qingdaohf\" \/>\n<meta property=\"article:modified_time\" content=\"2025-11-13T01:03:39+00:00\" \/>\n<meta property=\"og:image\" content=\"https:\/\/qingdaohf.com\/wp-content\/uploads\/2024\/02\/HF-SHACKLE-6.jpg\" \/>\n\t<meta property=\"og:image:width\" content=\"1000\" \/>\n\t<meta property=\"og:image:height\" content=\"1000\" \/>\n\t<meta property=\"og:image:type\" content=\"image\/jpeg\" \/>\n<meta name=\"twitter:card\" content=\"summary_large_image\" \/>\n<meta name=\"twitter:label1\" content=\"Tahmini okuma s\u00fcresi\" \/>\n\t<meta name=\"twitter:data1\" content=\"5 dakika\" \/>\n<script type=\"application\/ld+json\" class=\"yoast-schema-graph\">{\"@context\":\"https:\/\/schema.org\",\"@graph\":[{\"@type\":\"WebPage\",\"@id\":\"https:\/\/qingdaohf.com\/product\/wholesale-d-shackle-chain-shackle-for-lifting\/\",\"url\":\"https:\/\/qingdaohf.com\/product\/wholesale-d-shackle-chain-shackle-for-lifting\/\",\"name\":\"Wholesale D Shackle Chain Shackle for Lifting\",\"isPartOf\":{\"@id\":\"https:\/\/qingdaohf.com\/bg\/#website\"},\"primaryImageOfPage\":{\"@id\":\"https:\/\/qingdaohf.com\/product\/wholesale-d-shackle-chain-shackle-for-lifting\/#primaryimage\"},\"image\":{\"@id\":\"https:\/\/qingdaohf.com\/product\/wholesale-d-shackle-chain-shackle-for-lifting\/#primaryimage\"},\"thumbnailUrl\":\"https:\/\/qingdaohf.com\/wp-content\/uploads\/2024\/02\/HF-SHACKLE-6.jpg\",\"datePublished\":\"2024-02-02T06:30:53+00:00\",\"dateModified\":\"2025-11-13T01:03:39+00:00\",\"description\":\"Dee shackles, are engineered for durability and strength, ensuring dependable performance in diverse environments.\",\"breadcrumb\":{\"@id\":\"https:\/\/qingdaohf.com\/product\/wholesale-d-shackle-chain-shackle-for-lifting\/#breadcrumb\"},\"inLanguage\":\"tr\",\"potentialAction\":[{\"@type\":\"ReadAction\",\"target\":[\"https:\/\/qingdaohf.com\/product\/wholesale-d-shackle-chain-shackle-for-lifting\/\"]}]},{\"@type\":\"ImageObject\",\"inLanguage\":\"tr\",\"@id\":\"https:\/\/qingdaohf.com\/product\/wholesale-d-shackle-chain-shackle-for-lifting\/#primaryimage\",\"url\":\"https:\/\/qingdaohf.com\/wp-content\/uploads\/2024\/02\/HF-SHACKLE-6.jpg\",\"contentUrl\":\"https:\/\/qingdaohf.com\/wp-content\/uploads\/2024\/02\/HF-SHACKLE-6.jpg\",\"width\":1000,\"height\":1000,\"caption\":\"D SHACKLE\"},{\"@type\":\"BreadcrumbList\",\"@id\":\"https:\/\/qingdaohf.com\/product\/wholesale-d-shackle-chain-shackle-for-lifting\/#breadcrumb\",\"itemListElement\":[{\"@type\":\"ListItem\",\"position\":1,\"name\":\"Home\",\"item\":\"https:\/\/qingdaohf.com\/\"},{\"@type\":\"ListItem\",\"position\":2,\"name\":\"Concrete Forming Accessories and Rigging Hardware\",\"item\":\"https:\/\/qingdaohf.com\/bg\/?page_id=944\"},{\"@type\":\"ListItem\",\"position\":3,\"name\":\"Wholesale D Shackle Chain Shackle for Lifting\"}]},{\"@type\":\"WebSite\",\"@id\":\"https:\/\/qingdaohf.com\/bg\/#website\",\"url\":\"https:\/\/qingdaohf.com\/bg\/\",\"name\":\"Concrete Form & Rigging Hardware Supplier\",\"description\":\"\",\"publisher\":{\"@id\":\"https:\/\/qingdaohf.com\/bg\/#organization\"},\"potentialAction\":[{\"@type\":\"SearchAction\",\"target\":{\"@type\":\"EntryPoint\",\"urlTemplate\":\"https:\/\/qingdaohf.com\/bg\/?s={search_term_string}\"},\"query-input\":{\"@type\":\"PropertyValueSpecification\",\"valueRequired\":true,\"valueName\":\"search_term_string\"}}],\"inLanguage\":\"tr\"},{\"@type\":\"Organization\",\"@id\":\"https:\/\/qingdaohf.com\/bg\/#organization\",\"name\":\"Qingdao H&F\",\"url\":\"https:\/\/qingdaohf.com\/bg\/\",\"logo\":{\"@type\":\"ImageObject\",\"inLanguage\":\"tr\",\"@id\":\"https:\/\/qingdaohf.com\/bg\/#\/schema\/logo\/image\/\",\"url\":\"https:\/\/qingdaohf.com\/wp-content\/uploads\/2022\/12\/cropped-HF-LOGO.png\",\"contentUrl\":\"https:\/\/qingdaohf.com\/wp-content\/uploads\/2022\/12\/cropped-HF-LOGO.png\",\"width\":391,\"height\":249,\"caption\":\"Qingdao H&F\"},\"image\":{\"@id\":\"https:\/\/qingdaohf.com\/bg\/#\/schema\/logo\/image\/\"},\"sameAs\":[\"https:\/\/www.facebook.com\/qingdaohf\"]}]}<\/script>\n<!-- \/ Yoast SEO plugin. -->","yoast_head_json":{"title":"Wholesale D Shackle Chain Shackle for Lifting","description":"Dee shackles, are engineered for durability and strength, ensuring dependable performance in diverse environments.","robots":{"index":"index","follow":"follow","max-snippet":"max-snippet:-1","max-image-preview":"max-image-preview:large","max-video-preview":"max-video-preview:-1"},"canonical":"https:\/\/qingdaohf.com\/tr\/urun\/toptan-d-kelepce-kaldirma-icin-zincir-kelepcesi\/","og_locale":"tr_TR","og_type":"article","og_title":"Wholesale D Shackle Chain Shackle for Lifting","og_description":"Dee shackles, are engineered for durability and strength, ensuring dependable performance in diverse environments.","og_url":"https:\/\/qingdaohf.com\/tr\/urun\/toptan-d-kelepce-kaldirma-icin-zincir-kelepcesi\/","og_site_name":"Concrete Form &amp; Rigging Hardware Supplier","article_publisher":"https:\/\/www.facebook.com\/qingdaohf","article_modified_time":"2025-11-13T01:03:39+00:00","og_image":[{"width":1000,"height":1000,"url":"https:\/\/qingdaohf.com\/wp-content\/uploads\/2024\/02\/HF-SHACKLE-6.jpg","type":"image\/jpeg"}],"twitter_card":"summary_large_image","twitter_misc":{"Tahmini okuma s\u00fcresi":"5 dakika"},"schema":{"@context":"https:\/\/schema.org","@graph":[{"@type":"WebPage","@id":"https:\/\/qingdaohf.com\/product\/wholesale-d-shackle-chain-shackle-for-lifting\/","url":"https:\/\/qingdaohf.com\/product\/wholesale-d-shackle-chain-shackle-for-lifting\/","name":"Wholesale D Shackle Chain Shackle for Lifting","isPartOf":{"@id":"https:\/\/qingdaohf.com\/bg\/#website"},"primaryImageOfPage":{"@id":"https:\/\/qingdaohf.com\/product\/wholesale-d-shackle-chain-shackle-for-lifting\/#primaryimage"},"image":{"@id":"https:\/\/qingdaohf.com\/product\/wholesale-d-shackle-chain-shackle-for-lifting\/#primaryimage"},"thumbnailUrl":"https:\/\/qingdaohf.com\/wp-content\/uploads\/2024\/02\/HF-SHACKLE-6.jpg","datePublished":"2024-02-02T06:30:53+00:00","dateModified":"2025-11-13T01:03:39+00:00","description":"Dee shackles, are engineered for durability and strength, ensuring dependable performance in diverse environments.","breadcrumb":{"@id":"https:\/\/qingdaohf.com\/product\/wholesale-d-shackle-chain-shackle-for-lifting\/#breadcrumb"},"inLanguage":"tr","potentialAction":[{"@type":"ReadAction","target":["https:\/\/qingdaohf.com\/product\/wholesale-d-shackle-chain-shackle-for-lifting\/"]}]},{"@type":"ImageObject","inLanguage":"tr","@id":"https:\/\/qingdaohf.com\/product\/wholesale-d-shackle-chain-shackle-for-lifting\/#primaryimage","url":"https:\/\/qingdaohf.com\/wp-content\/uploads\/2024\/02\/HF-SHACKLE-6.jpg","contentUrl":"https:\/\/qingdaohf.com\/wp-content\/uploads\/2024\/02\/HF-SHACKLE-6.jpg","width":1000,"height":1000,"caption":"D SHACKLE"},{"@type":"BreadcrumbList","@id":"https:\/\/qingdaohf.com\/product\/wholesale-d-shackle-chain-shackle-for-lifting\/#breadcrumb","itemListElement":[{"@type":"ListItem","position":1,"name":"Home","item":"https:\/\/qingdaohf.com\/"},{"@type":"ListItem","position":2,"name":"Concrete Forming Accessories and Rigging Hardware","item":"https:\/\/qingdaohf.com\/bg\/?page_id=944"},{"@type":"ListItem","position":3,"name":"Wholesale D Shackle Chain Shackle for Lifting"}]},{"@type":"WebSite","@id":"https:\/\/qingdaohf.com\/bg\/#website","url":"https:\/\/qingdaohf.com\/bg\/","name":"Concrete Form & Rigging Hardware Supplier","description":"","publisher":{"@id":"https:\/\/qingdaohf.com\/bg\/#organization"},"potentialAction":[{"@type":"SearchAction","target":{"@type":"EntryPoint","urlTemplate":"https:\/\/qingdaohf.com\/bg\/?s={search_term_string}"},"query-input":{"@type":"PropertyValueSpecification","valueRequired":true,"valueName":"search_term_string"}}],"inLanguage":"tr"},{"@type":"Organization","@id":"https:\/\/qingdaohf.com\/bg\/#organization","name":"Qingdao H&F","url":"https:\/\/qingdaohf.com\/bg\/","logo":{"@type":"ImageObject","inLanguage":"tr","@id":"https:\/\/qingdaohf.com\/bg\/#\/schema\/logo\/image\/","url":"https:\/\/qingdaohf.com\/wp-content\/uploads\/2022\/12\/cropped-HF-LOGO.png","contentUrl":"https:\/\/qingdaohf.com\/wp-content\/uploads\/2022\/12\/cropped-HF-LOGO.png","width":391,"height":249,"caption":"Qingdao H&F"},"image":{"@id":"https:\/\/qingdaohf.com\/bg\/#\/schema\/logo\/image\/"},"sameAs":["https:\/\/www.facebook.com\/qingdaohf"]}]}},"_links":{"self":[{"href":"https:\/\/qingdaohf.com\/tr\/wp-json\/wp\/v2\/product\/6443","targetHints":{"allow":["GET"]}}],"collection":[{"href":"https:\/\/qingdaohf.com\/tr\/wp-json\/wp\/v2\/product"}],"about":[{"href":"https:\/\/qingdaohf.com\/tr\/wp-json\/wp\/v2\/types\/product"}],"replies":[{"embeddable":true,"href":"https:\/\/qingdaohf.com\/tr\/wp-json\/wp\/v2\/comments?post=6443"}],"version-history":[{"count":10,"href":"https:\/\/qingdaohf.com\/tr\/wp-json\/wp\/v2\/product\/6443\/revisions"}],"predecessor-version":[{"id":8212,"href":"https:\/\/qingdaohf.com\/tr\/wp-json\/wp\/v2\/product\/6443\/revisions\/8212"}],"wp:featuredmedia":[{"embeddable":true,"href":"https:\/\/qingdaohf.com\/tr\/wp-json\/wp\/v2\/media\/6470"}],"wp:attachment":[{"href":"https:\/\/qingdaohf.com\/tr\/wp-json\/wp\/v2\/media?parent=6443"}],"wp:term":[{"taxonomy":"product_brand","embeddable":true,"href":"https:\/\/qingdaohf.com\/tr\/wp-json\/wp\/v2\/product_brand?post=6443"},{"taxonomy":"product_cat","embeddable":true,"href":"https:\/\/qingdaohf.com\/tr\/wp-json\/wp\/v2\/product_cat?post=6443"},{"taxonomy":"product_tag","embeddable":true,"href":"https:\/\/qingdaohf.com\/tr\/wp-json\/wp\/v2\/product_tag?post=6443"}],"curies":[{"name":"wp","href":"https:\/\/api.w.org\/{rel}","templated":true}]}}