{"id":6490,"date":"2024-02-02T16:39:40","date_gmt":"2024-02-02T08:39:40","guid":{"rendered":"http:\/\/qingdaohf.com\/?post_type=product&#038;p=6490"},"modified":"2025-11-13T09:03:38","modified_gmt":"2025-11-13T01:03:38","slug":"bolt-type-shackle","status":"publish","type":"product","link":"https:\/\/qingdaohf.com\/tr\/urun\/civata-tipi-kelepce\/","title":{"rendered":"C\u0131vata Tipi Kelep\u00e7e"},"content":{"rendered":"<h3>C\u0131vata Tipi Kelep\u00e7elerin Rol\u00fcn\u00fc ve \u00d6zelliklerini Anlamak<\/h3>\n<p>Genellikle G2130 ve G2140 gibi modellerle tan\u0131nan C\u0131vata Tipi Kelep\u00e7eler, donan\u0131m, \u00e7ekme ve kald\u0131rma uygulamalar\u0131nda temel ara\u00e7lard\u0131r. Sa\u011flam tasar\u0131mlar\u0131, ba\u011flant\u0131lar\u0131 g\u00fcvence alt\u0131na almak ve \u00f6nemli y\u00fckleri g\u00fcvenli bir \u015fekilde desteklemek i\u00e7in tasarlanm\u0131\u015ft\u0131r. \u00d6zellikle c\u0131vata tipi tasar\u0131m, di\u011fer kelep\u00e7e tiplerine k\u0131yasla ek g\u00fcvenlik sunar ve bu da onlar\u0131 geli\u015fmi\u015f stabilitenin gerekli oldu\u011fu uzun vadeli veya yar\u0131 kal\u0131c\u0131 kurulumlar i\u00e7in son derece uygun hale getirir.<\/p>\n<p>C\u0131vata Tipi Kelep\u00e7eleri di\u011ferlerinden ay\u0131ran \u015fey, G2130 ve G2140 gibi modellerin geni\u015f bir boyut ve WLL se\u00e7enekleri yelpazesi sunarak y\u00fcksek \u00e7al\u0131\u015fma y\u00fcklerini g\u00fcvenli bir \u015fekilde ta\u015f\u0131ma kapasiteleridir. Bu \u00e7ok y\u00f6nl\u00fcl\u00fck, in\u015faat, denizcilik veya imalat gibi sekt\u00f6rlerdeki kullan\u0131c\u0131lar\u0131n proje \u00f6zelliklerine uygun hassas kelep\u00e7eyi se\u00e7melerini sa\u011flar. Bir kelep\u00e7e se\u00e7erken, kelep\u00e7enin farkl\u0131 a\u011f\u0131rl\u0131k y\u00fckleri alt\u0131nda performans g\u00f6sterme kabiliyetini do\u011frudan etkiledi\u011finden, WLL ve boyut en \u00f6nemli hususlar aras\u0131ndad\u0131r. Bu c\u0131vata tipi kelep\u00e7eler i\u00e7in WLL genellikle 0,33 ton ila 150 ton aras\u0131nda de\u011fi\u015firken, boyut 1\/4 in\u00e7 ila 3 in\u00e7 aras\u0131nda de\u011fi\u015fir ve farkl\u0131 donan\u0131m gereksinimlerine ve \u00e7evre ko\u015fullar\u0131na uygun se\u00e7enekler sunar.<\/p>\n<p>Boyutlar\u0131 ve dayan\u0131kl\u0131l\u0131klar\u0131n\u0131n \u00f6tesinde, G2130 ve G2140 c\u0131vata tipi kelep\u00e7elerin bir di\u011fer \u00f6nemli avantaj\u0131 da kolay ve g\u00fcvenli pim sabitlemeye olanak tan\u0131yan tasar\u0131mlar\u0131d\u0131r. Bu \u00f6zellik \u00e7ok \u00f6nemlidir, \u00e7\u00fcnk\u00fc c\u0131vata ve somun konfig\u00fcrasyonu kazara serbest kalmay\u0131 \u00f6nler, b\u00f6ylece hem y\u00fck\u00fc hem de arma ekibini korur. Y\u00fcksek kaliteli, y\u00fcksek gerilimli \u00e7elikten \u00fcretilen ve genellikle korozyon direnci i\u00e7in galvanizlenen bu kelep\u00e7eler hem i\u00e7 hem de d\u0131\u015f mekan uygulamalar\u0131nda uzun s\u00fcreli dayan\u0131kl\u0131l\u0131k sa\u011flar.<\/p>\n<h3>G\u00fcvenilir Bir Tedarik\u00e7iden Y\u00fcksek Kaliteli C\u0131vata Tipi Kelep\u00e7e Se\u00e7menin Faydalar\u0131<\/h3>\n<p>C\u0131vata tipi kelep\u00e7e sat\u0131n al\u0131rken kalite g\u00fcvencesi esast\u0131r. Qingdao H&amp;F, al\u0131c\u0131lar\u0131n \u00fcr\u00fcnlerinin g\u00fcvenlik gereksinimlerini kar\u015f\u0131lad\u0131\u011f\u0131na dair g\u00f6n\u00fcl rahatl\u0131\u011f\u0131na ihtiya\u00e7 duydu\u011funu anlad\u0131\u011f\u0131m\u0131zdan, s\u0131k\u0131 kalite standartlar\u0131na \u00f6ncelik vererek \u00f6ne \u00e7\u0131kmaktad\u0131r. Kelep\u00e7elerimiz sevkiyattan \u00f6nce birden fazla kalite denetiminden ge\u00e7mekte ve ayr\u0131nt\u0131l\u0131 denetim raporlar\u0131 sunulmaktad\u0131r. Bu raporlar, her \u00fcr\u00fcn\u00fcn gerekli g\u00fc\u00e7 ve esneklik standartlar\u0131na uygun olmas\u0131n\u0131 sa\u011flayarak al\u0131c\u0131lar\u0131n do\u011frulanm\u0131\u015f verilere dayal\u0131 bilin\u00e7li se\u00e7imler yapmas\u0131na yard\u0131mc\u0131 olur.<\/p>\n<p>Titiz kalite testlerine ek olarak, al\u0131c\u0131lara \u00f6zel ihtiya\u00e7lar\u0131 i\u00e7in en uygun kelep\u00e7eyi bulmalar\u0131nda yard\u0131mc\u0131 olmak i\u00e7in bire bir m\u00fc\u015fteri hizmetleri sunuyoruz. H\u0131zl\u0131 teslimat d\u00f6ng\u00fcm\u00fczle Qingdao H&amp;F, bekleme s\u00fcrelerini k\u0131saltarak al\u0131c\u0131lar\u0131n s\u0131k\u0131 proje programlar\u0131yla u\u011fra\u015f\u0131rken bile \u00fcr\u00fcnlerini derhal almalar\u0131n\u0131 sa\u011flar. H\u0131zl\u0131, g\u00fcvenilir hizmet ve kaliteye verilen \u00f6nemin birle\u015fimi, bizi y\u00fcksek performansl\u0131 G2130 ve G2140 c\u0131vata tipi kelep\u00e7elerin toplu al\u0131mlar\u0131 i\u00e7in tercih edilen bir ortak haline getirmektedir.<\/p>\n<p>M\u00fc\u015fteri memnuniyetine olan ba\u011fl\u0131l\u0131\u011f\u0131m\u0131z, sorunsuz bir tedarik s\u00fcreci sa\u011flamak i\u00e7in \u015feffafl\u0131k, g\u00fcvenilirlik ve uzman rehberli\u011fi sa\u011flamaya dayanmaktad\u0131r. Her etkile\u015fim, m\u00fc\u015fterilere \u00fcr\u00fcn uyumlulu\u011fu, kurulum prosed\u00fcrleri ve bak\u0131m uygulamalar\u0131 hakk\u0131nda de\u011ferli bilgiler sunmak \u00fczere tasarlanm\u0131\u015ft\u0131r. Ekibimiz projeye \u00f6zg\u00fc gereksinimlere g\u00f6re tavsiyelerde bulunabildi\u011finden, bu bire bir hizmet \u00f6zellikle \u00f6zel \u00e7\u00f6z\u00fcmler arayan m\u00fc\u015fteriler i\u00e7in faydal\u0131d\u0131r.<\/p>\n<h3>C\u0131vata Tipi Kelep\u00e7elerin Se\u00e7ilmesi ve Kullan\u0131lmas\u0131nda Dikkat Edilmesi Gereken Temel Hususlar<\/h3>\n<p>Do\u011fru c\u0131vata tipi kelep\u00e7enin se\u00e7ilmesi \u00e7e\u015fitli fakt\u00f6rlere ba\u011fl\u0131d\u0131r; WLL ve kelep\u00e7e boyutu g\u00fcvenli kullan\u0131m i\u00e7in \u00e7ok \u00f6nemlidir. WLL, kelep\u00e7enin ta\u015f\u0131yabilece\u011fi maksimum y\u00fck\u00fc belirlerken boyut, donan\u0131m kurulumundaki uyumu ve uyumlulu\u011fu etkiler. Yetersiz boyutland\u0131rma veya y\u00fck kapasitesi g\u00fcvenli\u011fi tehlikeye atarak potansiyel ekipman ar\u0131zalar\u0131na yol a\u00e7abilir. Bu nedenle, do\u011fru WLL ve boyutun ama\u00e7lanan uygulama ile e\u015fle\u015ftirilmesi g\u00fcvenli ve verimli performans i\u00e7in \u00e7ok \u00f6nemlidir.<\/p>\n<p>Farkl\u0131 malzemelerin ve kaplamalar\u0131n belirgin avantajlar\u0131n\u0131 anlamak, se\u00e7imi daha da y\u00f6nlendirebilir. \u00d6rne\u011fin, galvanizli \u00e7elik c\u0131vata tipi kelep\u00e7eler korozyona kar\u015f\u0131 daha fazla diren\u00e7 g\u00f6sterdi\u011finden zorlu veya deniz ortamlar\u0131 i\u00e7in idealdir. Ayr\u0131ca, G2130 ve G2140 modellerinde g\u00f6r\u00fclen c\u0131vata ve somun tasar\u0131m\u0131, di\u011fer kelep\u00e7e tiplerinde bulunmayan bir stabilite ve g\u00fcvenlik d\u00fczeyi sa\u011flar. Bu konfig\u00fcrasyon, pim kaymas\u0131 olas\u0131l\u0131\u011f\u0131n\u0131 en aza indirerek bu kelep\u00e7eleri nakliye veya a\u011f\u0131r end\u00fcstriyel kald\u0131rma gibi y\u00fcklerin kayabilece\u011fi veya titre\u015febilece\u011fi uygulamalar i\u00e7in uygun hale getirir.<\/p>\n<p>Bak\u0131m, c\u0131vata tipi kelep\u00e7elerin uzun \u00f6m\u00fcrl\u00fcl\u00fc\u011f\u00fcn\u00fc ve performans\u0131n\u0131 etkileyen bir di\u011fer fakt\u00f6rd\u00fcr. Kelep\u00e7elerde korozyon, deformasyon veya yorulma olmad\u0131\u011f\u0131ndan emin olmak i\u00e7in d\u00fczenli denetim \u015fartt\u0131r. Qingdao H&amp;F'den sat\u0131n alan m\u00fc\u015fterilerimiz i\u00e7in, farkl\u0131 sekt\u00f6r ihtiya\u00e7lar\u0131na g\u00f6re uyarlanm\u0131\u015f kullan\u0131m k\u0131lavuzlar\u0131 ve bak\u0131m ipu\u00e7lar\u0131 sunarak \u00fcr\u00fcn \u00f6mr\u00fcn\u00fc uzatmaya ve de\u011feri en \u00fcst d\u00fczeye \u00e7\u0131karmaya yard\u0131mc\u0131 oluyoruz. Ekibimiz, her bir kelep\u00e7enin g\u00fcvenli ve g\u00fcvenilir bir \u015fekilde \u00e7al\u0131\u015fmas\u0131n\u0131 sa\u011flayan bak\u0131m uygulamalar\u0131 konusunda al\u0131c\u0131lara yard\u0131mc\u0131 olabilir ve m\u00fc\u015fteri memnuniyeti ve operasyonel g\u00fcvenli\u011fe olan ba\u011fl\u0131l\u0131\u011f\u0131m\u0131z\u0131 g\u00fc\u00e7lendirir.<\/p>\n<p>\u00d6zetle, G2130 ve G2140 gibi C\u0131vata Tipi Kelep\u00e7eler \u00e7e\u015fitli end\u00fcstriyel uygulamalarda vazge\u00e7ilmez bir rol oynamaktad\u0131r. Benzersiz tasar\u0131mlar\u0131 ve \u00e7ok y\u00f6nl\u00fcl\u00fckleri, c\u0131vata ve somun sabitleme mekanizmas\u0131 sayesinde g\u00fcvenlik sa\u011flarken y\u00fcksek y\u00fck taleplerini kar\u015f\u0131lamalar\u0131na olanak tan\u0131r. Al\u0131c\u0131lar i\u00e7in g\u00fcvenilir bir tedarik\u00e7i se\u00e7mek, kat\u0131 kalite standartlar\u0131n\u0131 kar\u015f\u0131layan \u00fcr\u00fcnler elde etmenin anahtar\u0131d\u0131r. Qingdao H&amp;F, h\u0131zl\u0131 teslimat, kapsaml\u0131 kalite kontrolleri ve bire bir hizmetin bir kombinasyonunu sunarak her sat\u0131n alma i\u015fleminin her m\u00fc\u015fteri i\u00e7in \u00fcretkenli\u011fi, g\u00fcvenli\u011fi ve kullan\u0131m kolayl\u0131\u011f\u0131n\u0131 art\u0131rmas\u0131n\u0131 sa\u011flar.<\/p>\n<p>Kalite ve m\u00fc\u015fteri hizmetlerine olan s\u00fcrekli ba\u011fl\u0131l\u0131\u011f\u0131m\u0131z sayesinde, zorlu ortamlara dayanacak \u015fekilde \u00fcretilmi\u015f y\u00fcksek performansl\u0131 c\u0131vata tipi kelep\u00e7eler arayan al\u0131c\u0131lar i\u00e7in g\u00fcvenilir bir ortak olmay\u0131 hedefliyoruz.<\/p>\n<p><strong>G2130 kelep\u00e7e<\/strong><\/p>\n<p><img fetchpriority=\"high\" decoding=\"async\" class=\"alignnone size-full wp-image-3831\" src=\"http:\/\/qingdaohf.com\/wp-content\/uploads\/2023\/05\/G2130.jpg\" alt=\"G2130 kelep\u00e7e\" width=\"1000\" height=\"1158\" srcset=\"https:\/\/qingdaohf.com\/wp-content\/uploads\/2023\/05\/G2130.jpg 1000w, https:\/\/qingdaohf.com\/wp-content\/uploads\/2023\/05\/G2130-259x300.jpg 259w, https:\/\/qingdaohf.com\/wp-content\/uploads\/2023\/05\/G2130-884x1024.jpg 884w, https:\/\/qingdaohf.com\/wp-content\/uploads\/2023\/05\/G2130-768x889.jpg 768w\" sizes=\"(max-width: 1000px) 100vw, 1000px\" \/><\/p>\n<p><strong>G2130A kelep\u00e7e<\/strong><\/p>\n<p><img decoding=\"async\" class=\"alignnone size-full wp-image-3832\" src=\"http:\/\/qingdaohf.com\/wp-content\/uploads\/2023\/05\/G2130A.jpg\" alt=\"G2130A kelep\u00e7e\" width=\"1000\" height=\"783\" srcset=\"https:\/\/qingdaohf.com\/wp-content\/uploads\/2023\/05\/G2130A.jpg 1000w, https:\/\/qingdaohf.com\/wp-content\/uploads\/2023\/05\/G2130A-300x235.jpg 300w, https:\/\/qingdaohf.com\/wp-content\/uploads\/2023\/05\/G2130A-768x601.jpg 768w\" sizes=\"(max-width: 1000px) 100vw, 1000px\" \/><\/p>\n<p><strong>G2140 kelep\u00e7e<\/strong><\/p>\n<p><img decoding=\"async\" class=\"alignnone size-full wp-image-3833\" src=\"http:\/\/qingdaohf.com\/wp-content\/uploads\/2023\/05\/G2140.jpg\" alt=\"G2140 kelep\u00e7e\" width=\"1000\" height=\"1202\" srcset=\"https:\/\/qingdaohf.com\/wp-content\/uploads\/2023\/05\/G2140.jpg 1000w, https:\/\/qingdaohf.com\/wp-content\/uploads\/2023\/05\/G2140-250x300.jpg 250w, https:\/\/qingdaohf.com\/wp-content\/uploads\/2023\/05\/G2140-852x1024.jpg 852w, https:\/\/qingdaohf.com\/wp-content\/uploads\/2023\/05\/G2140-768x923.jpg 768w\" sizes=\"(max-width: 1000px) 100vw, 1000px\" \/><\/p>","protected":false},"excerpt":{"rendered":"<p>Pop\u00fcler G2130 ve G2140 modelleri gibi C\u0131vata Tipi Kelep\u00e7eler, a\u011f\u0131r y\u00fcklerin kald\u0131r\u0131lmas\u0131, \u00e7ekilmesi ve sabitlenmesi i\u00e7in tasarlanm\u0131\u015f temel donan\u0131m bile\u015fenleridir. Kapasiteleri geni\u015f bir yelpazede de\u011fi\u015fen bu prangalar, 0,33 tondan 150 tona kadar \u00e7al\u0131\u015fma y\u00fck\u00fc limitlerini (WLL) destekler ve boyutlar\u0131 genellikle 1\/4 in\u00e7 ila 3 in\u00e7 aras\u0131nda de\u011fi\u015fir. Al\u0131c\u0131lar genellikle g\u00fc\u00e7, dayan\u0131kl\u0131l\u0131k ve g\u00fcvenlik g\u00fcvencelerine \u00f6ncelik vererek kalite kontrol raporlar\u0131n\u0131 sat\u0131n alma kararlar\u0131nda \u00f6nemli bir fakt\u00f6r haline getirir. Qingdao H&amp;F olarak, h\u0131zl\u0131 bir teslimat d\u00f6ng\u00fcs\u00fc, bire bir m\u00fc\u015fteri deste\u011fi ve denetim raporlar\u0131 arac\u0131l\u0131\u011f\u0131yla kapsaml\u0131 kalite do\u011frulamas\u0131 sunarak bu deneyimi geli\u015ftiriyoruz. Bu hizmetler, al\u0131c\u0131lar\u0131n gereksinimlerine g\u00f6re uyarlanm\u0131\u015f g\u00fcvenilir, y\u00fcksek performansl\u0131 prangalar almalar\u0131n\u0131 sa\u011flama taahh\u00fcd\u00fcm\u00fcz\u00fcn alt\u0131n\u0131 \u00e7iziyor.<\/p>","protected":false},"featured_media":6468,"comment_status":"open","ping_status":"closed","template":"","meta":{"site-sidebar-layout":"default","site-content-layout":"","ast-site-content-layout":"default","site-content-style":"default","site-sidebar-style":"default","ast-global-header-display":"","ast-banner-title-visibility":"","ast-main-header-display":"","ast-hfb-above-header-display":"","ast-hfb-below-header-display":"","ast-hfb-mobile-header-display":"","site-post-title":"","ast-breadcrumbs-content":"","ast-featured-img":"","footer-sml-layout":"","theme-transparent-header-meta":"default","adv-header-id-meta":"","stick-header-meta":"default","header-above-stick-meta":"","header-main-stick-meta":"","header-below-stick-meta":"","astra-migrate-meta-layouts":"set","ast-page-background-enabled":"default","ast-page-background-meta":{"desktop":{"background-color":"","background-image":"","background-repeat":"repeat","background-position":"center center","background-size":"auto","background-attachment":"scroll","background-type":"","background-media":"","overlay-type":"","overlay-color":"","overlay-opacity":"","overlay-gradient":""},"tablet":{"background-color":"","background-image":"","background-repeat":"repeat","background-position":"center center","background-size":"auto","background-attachment":"scroll","background-type":"","background-media":"","overlay-type":"","overlay-color":"","overlay-opacity":"","overlay-gradient":""},"mobile":{"background-color":"","background-image":"","background-repeat":"repeat","background-position":"center center","background-size":"auto","background-attachment":"scroll","background-type":"","background-media":"","overlay-type":"","overlay-color":"","overlay-opacity":"","overlay-gradient":""}},"ast-content-background-meta":{"desktop":{"background-color":"var(--ast-global-color-5)","background-image":"","background-repeat":"repeat","background-position":"center center","background-size":"auto","background-attachment":"scroll","background-type":"","background-media":"","overlay-type":"","overlay-color":"","overlay-opacity":"","overlay-gradient":""},"tablet":{"background-color":"var(--ast-global-color-5)","background-image":"","background-repeat":"repeat","background-position":"center center","background-size":"auto","background-attachment":"scroll","background-type":"","background-media":"","overlay-type":"","overlay-color":"","overlay-opacity":"","overlay-gradient":""},"mobile":{"background-color":"var(--ast-global-color-5)","background-image":"","background-repeat":"repeat","background-position":"center center","background-size":"auto","background-attachment":"scroll","background-type":"","background-media":"","overlay-type":"","overlay-color":"","overlay-opacity":"","overlay-gradient":""}}},"product_brand":[],"product_cat":[51,54],"product_tag":[],"class_list":{"0":"post-6490","1":"product","2":"type-product","3":"status-publish","4":"has-post-thumbnail","6":"product_cat-riggging-hardware","7":"product_cat-shackle","8":"desktop-align-left","9":"tablet-align-left","10":"mobile-align-left","11":"ast-product-gallery-layout-horizontal-slider","12":"ast-product-tabs-layout-horizontal","14":"first","15":"instock","16":"shipping-taxable","17":"purchasable","18":"product-type-simple"},"yoast_head":"<!-- This site is optimized with the Yoast SEO plugin v25.2 - https:\/\/yoast.com\/wordpress\/plugins\/seo\/ -->\n<title>Bolt Type Shackle<\/title>\n<meta name=\"description\" content=\"A bolt-type shackle is a type of hardware that is used to connect chains, ropes, or cables together.\" \/>\n<meta name=\"robots\" content=\"index, follow, max-snippet:-1, max-image-preview:large, max-video-preview:-1\" \/>\n<link rel=\"canonical\" href=\"https:\/\/qingdaohf.com\/tr\/urun\/civata-tipi-kelepce\/\" \/>\n<meta property=\"og:locale\" content=\"tr_TR\" \/>\n<meta property=\"og:type\" content=\"article\" \/>\n<meta property=\"og:title\" content=\"Bolt Type Shackle\" \/>\n<meta property=\"og:description\" content=\"A bolt-type shackle is a type of hardware that is used to connect chains, ropes, or cables together.\" \/>\n<meta property=\"og:url\" content=\"https:\/\/qingdaohf.com\/tr\/urun\/civata-tipi-kelepce\/\" \/>\n<meta property=\"og:site_name\" content=\"Concrete Form &amp; Rigging Hardware Supplier\" \/>\n<meta property=\"article:publisher\" content=\"https:\/\/www.facebook.com\/qingdaohf\" \/>\n<meta property=\"article:modified_time\" content=\"2025-11-13T01:03:38+00:00\" \/>\n<meta property=\"og:image\" content=\"https:\/\/qingdaohf.com\/wp-content\/uploads\/2024\/02\/HF-SHACKLE-4.jpg\" \/>\n\t<meta property=\"og:image:width\" content=\"1000\" \/>\n\t<meta property=\"og:image:height\" content=\"1000\" \/>\n\t<meta property=\"og:image:type\" content=\"image\/jpeg\" \/>\n<meta name=\"twitter:card\" content=\"summary_large_image\" \/>\n<meta name=\"twitter:label1\" content=\"Tahmini okuma s\u00fcresi\" \/>\n\t<meta name=\"twitter:data1\" content=\"5 dakika\" \/>\n<script type=\"application\/ld+json\" class=\"yoast-schema-graph\">{\"@context\":\"https:\/\/schema.org\",\"@graph\":[{\"@type\":\"WebPage\",\"@id\":\"https:\/\/qingdaohf.com\/product\/bolt-type-shackle\/\",\"url\":\"https:\/\/qingdaohf.com\/product\/bolt-type-shackle\/\",\"name\":\"Bolt Type Shackle\",\"isPartOf\":{\"@id\":\"https:\/\/qingdaohf.com\/bg\/#website\"},\"primaryImageOfPage\":{\"@id\":\"https:\/\/qingdaohf.com\/product\/bolt-type-shackle\/#primaryimage\"},\"image\":{\"@id\":\"https:\/\/qingdaohf.com\/product\/bolt-type-shackle\/#primaryimage\"},\"thumbnailUrl\":\"https:\/\/qingdaohf.com\/wp-content\/uploads\/2024\/02\/HF-SHACKLE-4.jpg\",\"datePublished\":\"2024-02-02T08:39:40+00:00\",\"dateModified\":\"2025-11-13T01:03:38+00:00\",\"description\":\"A bolt-type shackle is a type of hardware that is used to connect chains, ropes, or cables together.\",\"breadcrumb\":{\"@id\":\"https:\/\/qingdaohf.com\/product\/bolt-type-shackle\/#breadcrumb\"},\"inLanguage\":\"tr\",\"potentialAction\":[{\"@type\":\"ReadAction\",\"target\":[\"https:\/\/qingdaohf.com\/product\/bolt-type-shackle\/\"]}]},{\"@type\":\"ImageObject\",\"inLanguage\":\"tr\",\"@id\":\"https:\/\/qingdaohf.com\/product\/bolt-type-shackle\/#primaryimage\",\"url\":\"https:\/\/qingdaohf.com\/wp-content\/uploads\/2024\/02\/HF-SHACKLE-4.jpg\",\"contentUrl\":\"https:\/\/qingdaohf.com\/wp-content\/uploads\/2024\/02\/HF-SHACKLE-4.jpg\",\"width\":1000,\"height\":1000,\"caption\":\"bolt type SHACKLE\"},{\"@type\":\"BreadcrumbList\",\"@id\":\"https:\/\/qingdaohf.com\/product\/bolt-type-shackle\/#breadcrumb\",\"itemListElement\":[{\"@type\":\"ListItem\",\"position\":1,\"name\":\"Home\",\"item\":\"https:\/\/qingdaohf.com\/\"},{\"@type\":\"ListItem\",\"position\":2,\"name\":\"Concrete Forming Accessories and Rigging Hardware\",\"item\":\"https:\/\/qingdaohf.com\/bg\/?page_id=944\"},{\"@type\":\"ListItem\",\"position\":3,\"name\":\"Bolt Type Shackle\"}]},{\"@type\":\"WebSite\",\"@id\":\"https:\/\/qingdaohf.com\/bg\/#website\",\"url\":\"https:\/\/qingdaohf.com\/bg\/\",\"name\":\"Concrete Form & Rigging Hardware Supplier\",\"description\":\"\",\"publisher\":{\"@id\":\"https:\/\/qingdaohf.com\/bg\/#organization\"},\"potentialAction\":[{\"@type\":\"SearchAction\",\"target\":{\"@type\":\"EntryPoint\",\"urlTemplate\":\"https:\/\/qingdaohf.com\/bg\/?s={search_term_string}\"},\"query-input\":{\"@type\":\"PropertyValueSpecification\",\"valueRequired\":true,\"valueName\":\"search_term_string\"}}],\"inLanguage\":\"tr\"},{\"@type\":\"Organization\",\"@id\":\"https:\/\/qingdaohf.com\/bg\/#organization\",\"name\":\"Qingdao H&F\",\"url\":\"https:\/\/qingdaohf.com\/bg\/\",\"logo\":{\"@type\":\"ImageObject\",\"inLanguage\":\"tr\",\"@id\":\"https:\/\/qingdaohf.com\/bg\/#\/schema\/logo\/image\/\",\"url\":\"https:\/\/qingdaohf.com\/wp-content\/uploads\/2022\/12\/cropped-HF-LOGO.png\",\"contentUrl\":\"https:\/\/qingdaohf.com\/wp-content\/uploads\/2022\/12\/cropped-HF-LOGO.png\",\"width\":391,\"height\":249,\"caption\":\"Qingdao H&F\"},\"image\":{\"@id\":\"https:\/\/qingdaohf.com\/bg\/#\/schema\/logo\/image\/\"},\"sameAs\":[\"https:\/\/www.facebook.com\/qingdaohf\"]}]}<\/script>\n<!-- \/ Yoast SEO plugin. -->","yoast_head_json":{"title":"Bolt Type Shackle","description":"A bolt-type shackle is a type of hardware that is used to connect chains, ropes, or cables together.","robots":{"index":"index","follow":"follow","max-snippet":"max-snippet:-1","max-image-preview":"max-image-preview:large","max-video-preview":"max-video-preview:-1"},"canonical":"https:\/\/qingdaohf.com\/tr\/urun\/civata-tipi-kelepce\/","og_locale":"tr_TR","og_type":"article","og_title":"Bolt Type Shackle","og_description":"A bolt-type shackle is a type of hardware that is used to connect chains, ropes, or cables together.","og_url":"https:\/\/qingdaohf.com\/tr\/urun\/civata-tipi-kelepce\/","og_site_name":"Concrete Form &amp; Rigging Hardware Supplier","article_publisher":"https:\/\/www.facebook.com\/qingdaohf","article_modified_time":"2025-11-13T01:03:38+00:00","og_image":[{"width":1000,"height":1000,"url":"https:\/\/qingdaohf.com\/wp-content\/uploads\/2024\/02\/HF-SHACKLE-4.jpg","type":"image\/jpeg"}],"twitter_card":"summary_large_image","twitter_misc":{"Tahmini okuma s\u00fcresi":"5 dakika"},"schema":{"@context":"https:\/\/schema.org","@graph":[{"@type":"WebPage","@id":"https:\/\/qingdaohf.com\/product\/bolt-type-shackle\/","url":"https:\/\/qingdaohf.com\/product\/bolt-type-shackle\/","name":"Bolt Type Shackle","isPartOf":{"@id":"https:\/\/qingdaohf.com\/bg\/#website"},"primaryImageOfPage":{"@id":"https:\/\/qingdaohf.com\/product\/bolt-type-shackle\/#primaryimage"},"image":{"@id":"https:\/\/qingdaohf.com\/product\/bolt-type-shackle\/#primaryimage"},"thumbnailUrl":"https:\/\/qingdaohf.com\/wp-content\/uploads\/2024\/02\/HF-SHACKLE-4.jpg","datePublished":"2024-02-02T08:39:40+00:00","dateModified":"2025-11-13T01:03:38+00:00","description":"A bolt-type shackle is a type of hardware that is used to connect chains, ropes, or cables together.","breadcrumb":{"@id":"https:\/\/qingdaohf.com\/product\/bolt-type-shackle\/#breadcrumb"},"inLanguage":"tr","potentialAction":[{"@type":"ReadAction","target":["https:\/\/qingdaohf.com\/product\/bolt-type-shackle\/"]}]},{"@type":"ImageObject","inLanguage":"tr","@id":"https:\/\/qingdaohf.com\/product\/bolt-type-shackle\/#primaryimage","url":"https:\/\/qingdaohf.com\/wp-content\/uploads\/2024\/02\/HF-SHACKLE-4.jpg","contentUrl":"https:\/\/qingdaohf.com\/wp-content\/uploads\/2024\/02\/HF-SHACKLE-4.jpg","width":1000,"height":1000,"caption":"bolt type SHACKLE"},{"@type":"BreadcrumbList","@id":"https:\/\/qingdaohf.com\/product\/bolt-type-shackle\/#breadcrumb","itemListElement":[{"@type":"ListItem","position":1,"name":"Home","item":"https:\/\/qingdaohf.com\/"},{"@type":"ListItem","position":2,"name":"Concrete Forming Accessories and Rigging Hardware","item":"https:\/\/qingdaohf.com\/bg\/?page_id=944"},{"@type":"ListItem","position":3,"name":"Bolt Type Shackle"}]},{"@type":"WebSite","@id":"https:\/\/qingdaohf.com\/bg\/#website","url":"https:\/\/qingdaohf.com\/bg\/","name":"Concrete Form & Rigging Hardware Supplier","description":"","publisher":{"@id":"https:\/\/qingdaohf.com\/bg\/#organization"},"potentialAction":[{"@type":"SearchAction","target":{"@type":"EntryPoint","urlTemplate":"https:\/\/qingdaohf.com\/bg\/?s={search_term_string}"},"query-input":{"@type":"PropertyValueSpecification","valueRequired":true,"valueName":"search_term_string"}}],"inLanguage":"tr"},{"@type":"Organization","@id":"https:\/\/qingdaohf.com\/bg\/#organization","name":"Qingdao H&F","url":"https:\/\/qingdaohf.com\/bg\/","logo":{"@type":"ImageObject","inLanguage":"tr","@id":"https:\/\/qingdaohf.com\/bg\/#\/schema\/logo\/image\/","url":"https:\/\/qingdaohf.com\/wp-content\/uploads\/2022\/12\/cropped-HF-LOGO.png","contentUrl":"https:\/\/qingdaohf.com\/wp-content\/uploads\/2022\/12\/cropped-HF-LOGO.png","width":391,"height":249,"caption":"Qingdao H&F"},"image":{"@id":"https:\/\/qingdaohf.com\/bg\/#\/schema\/logo\/image\/"},"sameAs":["https:\/\/www.facebook.com\/qingdaohf"]}]}},"_links":{"self":[{"href":"https:\/\/qingdaohf.com\/tr\/wp-json\/wp\/v2\/product\/6490","targetHints":{"allow":["GET"]}}],"collection":[{"href":"https:\/\/qingdaohf.com\/tr\/wp-json\/wp\/v2\/product"}],"about":[{"href":"https:\/\/qingdaohf.com\/tr\/wp-json\/wp\/v2\/types\/product"}],"replies":[{"embeddable":true,"href":"https:\/\/qingdaohf.com\/tr\/wp-json\/wp\/v2\/comments?post=6490"}],"version-history":[{"count":9,"href":"https:\/\/qingdaohf.com\/tr\/wp-json\/wp\/v2\/product\/6490\/revisions"}],"predecessor-version":[{"id":8214,"href":"https:\/\/qingdaohf.com\/tr\/wp-json\/wp\/v2\/product\/6490\/revisions\/8214"}],"wp:featuredmedia":[{"embeddable":true,"href":"https:\/\/qingdaohf.com\/tr\/wp-json\/wp\/v2\/media\/6468"}],"wp:attachment":[{"href":"https:\/\/qingdaohf.com\/tr\/wp-json\/wp\/v2\/media?parent=6490"}],"wp:term":[{"taxonomy":"product_brand","embeddable":true,"href":"https:\/\/qingdaohf.com\/tr\/wp-json\/wp\/v2\/product_brand?post=6490"},{"taxonomy":"product_cat","embeddable":true,"href":"https:\/\/qingdaohf.com\/tr\/wp-json\/wp\/v2\/product_cat?post=6490"},{"taxonomy":"product_tag","embeddable":true,"href":"https:\/\/qingdaohf.com\/tr\/wp-json\/wp\/v2\/product_tag?post=6490"}],"curies":[{"name":"wp","href":"https:\/\/api.w.org\/{rel}","templated":true}]}}