{"id":6504,"date":"2024-02-05T09:54:52","date_gmt":"2024-02-05T01:54:52","guid":{"rendered":"http:\/\/qingdaohf.com\/?post_type=product&#038;p=6504"},"modified":"2025-11-13T09:03:38","modified_gmt":"2025-11-13T01:03:38","slug":"bent-eye-bolt","status":"publish","type":"product","link":"https:\/\/qingdaohf.com\/tr\/urun\/bukulmus-goz-civatasi\/","title":{"rendered":"B\u00fck\u00fclm\u00fc\u015f G\u00f6zl\u00fc C\u0131vata"},"content":{"rendered":"<h2 class=\"text-2xl font-bold mt-1 text-text-200\">M\u00fchendislik M\u00fckemmelli\u011fi: B\u00fck\u00fclm\u00fc\u015f G\u00f6zl\u00fc C\u0131vata<\/h2>\n<p class=\"whitespace-pre-wrap break-words\">B\u00fck\u00fclm\u00fc\u015f delikli c\u0131vata, pratik m\u00fchendisli\u011fin en iyi \u00f6rne\u011fidir. Geleneksel ba\u011flant\u0131 eleman\u0131 tasar\u0131mlar\u0131n\u0131 takip etmek yerine, kavisli \u015fekli y\u00fck da\u011f\u0131l\u0131m\u0131nda devrim yaratarak donan\u0131m, \u00e7ekme ve makine sabitleme gibi a\u011f\u0131r hizmet uygulamalar\u0131 i\u00e7in vazge\u00e7ilmez hale getirir.<\/p>\n<div class=\"ast-oembed-container\" style=\"height: 100%;\"><iframe title=\"B\u00fck\u00fclm\u00fc\u015f G\u00f6zl\u00fc C\u0131vatalar\u0131m\u0131z ile Arma \u00c7\u00f6z\u00fcmlerinizi Geli\u015ftirin!\" width=\"500\" height=\"281\" src=\"https:\/\/www.youtube.com\/embed\/hRsRZXPqmSo?feature=oembed\" frameborder=\"0\" allow=\"accelerometer; autoplay; clipboard-write; encrypted-media; gyroscope; picture-in-picture; web-share\" referrerpolicy=\"strict-origin-when-cross-origin\" allowfullscreen><\/iframe><\/div>\n<h2 class=\"text-xl font-bold text-text-200 mt-1 -mb-0.5\">Temel M\u00fchendislik ve Malzemeler<\/h2>\n<p class=\"whitespace-pre-wrap break-words\">M\u00fchendisler, yo\u011fun mekanik stresle ba\u015fa \u00e7\u0131karken korozyonla m\u00fccadele eden birinci s\u0131n\u0131f metalleri dikkatle se\u00e7er. Stratejik b\u00fckme i\u015flemi, geleneksel delikli c\u0131vatalarda tipik bir zay\u0131fl\u0131k olan gerilim yo\u011funla\u015fma noktalar\u0131n\u0131 azalt\u0131r. Bu \u00f6zenli m\u00fchendislik, zorlu ko\u015fullar alt\u0131nda bile etkileyici bir dayan\u0131kl\u0131l\u0131k sa\u011flar. Her bile\u015fen, dinamik operasyonlar s\u0131ras\u0131nda dengeyi korumak i\u00e7in hassas i\u015f\u00e7ili\u011fe tabi tutulur.<\/p>\n<p class=\"whitespace-pre-wrap break-words\">\u00dcretimimiz, kat\u0131 kalite standartlar\u0131n\u0131 korurken en yeni teknikleri de i\u00e7ermektedir. Sevkiyattan \u00f6nce her bir c\u0131vata boyutsal do\u011fruluk, malzeme mukavemeti ve y\u00fck kapasitesi a\u00e7\u0131s\u0131ndan kapsaml\u0131 testlerden ge\u00e7irilir. Kalite sistemimizin merkezinde yer alan bu kapsaml\u0131 de\u011ferlendirmeler, \u00fcr\u00fcnlerimizin end\u00fcstri gereksinimlerini nas\u0131l s\u00fcrekli olarak a\u015ft\u0131\u011f\u0131n\u0131 g\u00f6stermektedir. Sevkiyatlarla birlikte ayr\u0131nt\u0131l\u0131 denetim belgeleri sunarak tam bir \u015feffafl\u0131k sa\u011fl\u0131yoruz.<\/p>\n<h2 class=\"text-xl font-bold text-text-200 mt-1 -mb-0.5\">Ger\u00e7ek D\u00fcnya Uygulamalar\u0131 ve Kurulumu<\/h2>\n<h3 class=\"text-lg font-bold text-text-200 mt-1 -mb-1.5\">End\u00fcstri Uygulamas\u0131<\/h3>\n<p class=\"whitespace-pre-wrap break-words\">\u015eantiyelerden okyanus gemilerine kadar profesyoneller de\u011ferli ekipmanlar\u0131 korumak i\u00e7in b\u00fck\u00fclm\u00fc\u015f delikli c\u0131vatalara g\u00fcveniyor. Tasar\u0131m\u0131n \u00e7ok y\u00f6nl\u00fcl\u00fc\u011f\u00fc, hem esneklik hem de yap\u0131sal b\u00fct\u00fcnl\u00fck gerektiren \u00e7e\u015fitli senaryolara uyum sa\u011flar. \u0130ster a\u011f\u0131r y\u00fckleri kald\u0131r\u0131rken, ister sert havalarda ekipman\u0131 sabitlerken veya end\u00fcstriyel makine bile\u015fenlerini ba\u011flarken bu c\u0131vatalar vazge\u00e7ilmezdir. \u00d6zel \u015fekilleri optimum kuvvet da\u011f\u0131l\u0131m\u0131 sa\u011flayarak \u00e7al\u0131\u015fma s\u0131ras\u0131nda y\u00fckleri dengede tutar.<\/p>\n<h3 class=\"text-lg font-bold text-text-200 mt-1 -mb-1.5\">Kullan\u0131c\u0131 Dostu Kurulum<\/h3>\n<p class=\"whitespace-pre-wrap break-words\">E\u011fitim s\u00fcresini k\u0131saltan sezgisel tasar\u0131m sayesinde i\u015f\u00e7iler basit kurulum s\u00fcrecinde h\u0131zla ustala\u015f\u0131r. C\u0131vatan\u0131n benzersiz kavisi, \u00e7elik kiri\u015flerden betona kadar \u00e7e\u015fitli malzemelere g\u00fcvenli bir \u015fekilde ba\u011flanmas\u0131n\u0131 sa\u011flar. Bu uyarlanabilirlik, montaj\u0131 kolayla\u015ft\u0131r\u0131r ve bak\u0131m duru\u015f s\u00fcresini k\u0131saltarak operasyonel verimlili\u011fi do\u011frudan art\u0131r\u0131r ve maliyetleri azalt\u0131r.<\/p>\n<h3 class=\"text-lg font-bold text-text-200 mt-1 -mb-1.5\">Geli\u015ftirilmi\u015f G\u00fcvenlik \u00d6zellikleri<\/h3>\n<p class=\"whitespace-pre-wrap break-words\">B\u00fck\u00fclm\u00fc\u015f g\u00f6zl\u00fc c\u0131vata, ak\u0131ll\u0131 m\u00fchendislik sayesinde temel g\u00fcvenlik endi\u015felerini giderir. Kullan\u0131c\u0131lar, y\u00fck alt\u0131nda kaymay\u0131 veya yanl\u0131\u015f hizalanmay\u0131 \u00f6nleme kabiliyetine g\u00fcvenir. Hesaplanan g\u00f6z e\u011frisi, kuvvetleri potansiyel ar\u0131za noktalar\u0131ndan uza\u011fa y\u00f6nlendirerek kritik g\u00f6revler s\u0131ras\u0131nda ar\u0131za risklerini en aza indirir. Bu c\u0131vatalar\u0131 kullanan \u015firketler genellikle daha az olay ve daha y\u00fcksek g\u00fcvenilirlik bildirmektedir.<\/p>\n<h2 class=\"text-xl font-bold text-text-200 mt-1 -mb-0.5\">Kalite G\u00fcvence ve Destek<\/h2>\n<h3 class=\"text-lg font-bold text-text-200 mt-1 -mb-1.5\">Titiz Test Protokol\u00fc<\/h3>\n<p class=\"whitespace-pre-wrap break-words\">Her c\u0131vata tesisimizden ayr\u0131lmadan \u00f6nce kapsaml\u0131 bir de\u011ferlendirmeye tabi tutulur. G\u00fcvenlik a\u00e7\u0131s\u0131ndan kritik uygulamalar\u0131 anlad\u0131\u011f\u0131m\u0131zdan, ayr\u0131nt\u0131l\u0131 performans belgelerini muhafaza ediyoruz. Kalite raporlar\u0131m\u0131z, zorlu ko\u015fullar alt\u0131nda uzun vadeli g\u00fcvenilirli\u011fi g\u00f6steren belirli \u00f6l\u00e7\u00fcmleri ve malzeme \u00f6zelliklerini \u00f6zetlemektedir.<\/p>\n<h3 class=\"text-lg font-bold text-text-200 mt-1 -mb-1.5\">M\u00fc\u015fteri Odakl\u0131 Hizmet<\/h3>\n<p class=\"whitespace-pre-wrap break-words\">Teknik uzmanl\u0131\u011f\u0131 ki\u015fiselle\u015ftirilmi\u015f ilgi ile birle\u015ftiriyoruz. M\u00fc\u015fteriler hem sat\u0131n alma \u00f6ncesi sorular\u0131 hem de s\u00fcrekli yard\u0131m i\u00e7in \u00f6zel destek al\u0131rlar. Ekibimiz kurulum, bak\u0131m ve sorun giderme konular\u0131nda ayr\u0131nt\u0131l\u0131 rehberlik sunar. Bu yakla\u015f\u0131m, \u00fcr\u00fcn ya\u015fam d\u00f6ng\u00fcs\u00fc boyunca kapsaml\u0131 destek sa\u011flar. H\u0131zl\u0131 teslimat, proje gecikmelerini en aza indirerek memnuniyeti daha da art\u0131r\u0131r.<\/p>\n<h3 class=\"text-lg font-bold text-text-200 mt-1 -mb-1.5\">S\u00fcrekli \u0130novasyon<\/h3>\n<p class=\"whitespace-pre-wrap break-words\">Ara\u015ft\u0131rmaya yap\u0131lan d\u00fczenli yat\u0131r\u0131mlar \u00fcr\u00fcnlerimizin teknolojinin \u00f6n saflar\u0131nda yer almas\u0131n\u0131 sa\u011fl\u0131yor. Tasar\u0131mlar\u0131 ve \u00fcretim y\u00f6ntemlerini geli\u015ftirmek i\u00e7in alan uzmanlar\u0131yla i\u015fbirli\u011fi yap\u0131yoruz. Bu taahh\u00fct, uygun maliyetli \u00e7\u00f6z\u00fcmler sunarken end\u00fcstri standartlar\u0131n\u0131 da y\u00fckseltiyor. \u0130lerlemeye odaklanmam\u0131z m\u00fchendislikten m\u00fc\u015fteri deste\u011fine kadar uzan\u0131yor ve her ad\u0131mda m\u00fckemmelli\u011fe \u00f6ncelik veriyor.<\/p>\n<h3 class=\"text-lg font-bold text-text-200 mt-1 -mb-1.5\">G\u00fcvenilir Teslimat<\/h3>\n<p class=\"whitespace-pre-wrap break-words\">Zamana duyarl\u0131 operasyonlar\u0131 anlayarak, zorlu programlar\u0131 kar\u015f\u0131layan verimli teslimat sistemlerini s\u00fcrd\u00fcr\u00fcyoruz. Lojistik ekibimiz sipari\u015flerin h\u0131zl\u0131 bir \u015fekilde i\u015flenmesini ve g\u00f6nderilmesini sa\u011flar. Zorluklar ortaya \u00e7\u0131kt\u0131\u011f\u0131nda, proaktif olarak ileti\u015fim kuruyor ve aksamay\u0131 en aza indirmek i\u00e7in alternatifler sunuyoruz.<\/p>\n<h2 class=\"text-xl font-bold text-text-200 mt-1 -mb-0.5\">E\u011fitim Deste\u011fi ve Teknik M\u00fckemmellik<\/h2>\n<p class=\"whitespace-pre-wrap break-words\">Donan\u0131m\u0131m\u0131z\u0131n yan\u0131 s\u0131ra kapsaml\u0131 teknik dok\u00fcmantasyon ve e\u011fitim materyalleri de sa\u011fl\u0131yoruz. Ayr\u0131nt\u0131l\u0131 k\u0131lavuzlar ve dan\u0131\u015fmanl\u0131k sayesinde m\u00fc\u015fterilerimiz do\u011fru kullan\u0131m tekniklerinde uzmanla\u015f\u0131yor. Bu bilgi payla\u015f\u0131m\u0131, yayg\u0131n sorunlar\u0131 \u00f6nler ve uygun bak\u0131m yoluyla \u00fcr\u00fcn \u00f6mr\u00fcn\u00fc uzat\u0131r.<\/p>\n<p class=\"whitespace-pre-wrap break-words\">Her bir c\u0131vatan\u0131n arkas\u0131ndaki hassas m\u00fchendislik, performansa olan ba\u011fl\u0131l\u0131\u011f\u0131m\u0131z\u0131 yans\u0131tmaktad\u0131r. Kritik ortamlarda, bu c\u0131vatalar kullan\u0131m risklerini en aza indiren g\u00fcvenli ba\u011flant\u0131lar sa\u011flar. Bu g\u00fcvenilirlik, ekipman ar\u0131zas\u0131n\u0131n ciddi sonu\u00e7lar do\u011furabilece\u011fi durumlarda \u00e7ok \u00f6nemlidir.<\/p>\n<p class=\"whitespace-pre-wrap break-words\">Kalite \u00f6l\u00e7\u00fcmlerimiz en y\u00fcksek performans i\u00e7in her y\u00f6n\u00fc optimize eder. Geli\u015fmi\u015f malzeme bilimini hassas m\u00fchendislikle birle\u015ftirmek s\u00fcrekli olarak \u00fcst\u00fcn sonu\u00e7lar \u00fcretir. M\u00fckemmelli\u011fe olan bu ba\u011fl\u0131l\u0131k, minimum de\u011fi\u015ftirme ihtiyac\u0131 ve s\u00fcrekli operasyonel verimlilik anlam\u0131na gelir.<\/p>\n<p class=\"whitespace-pre-wrap break-words\">M\u00fc\u015fteri geri bildirimleri, gelecekteki geli\u015fmeleri \u015fekillendiren i\u00e7g\u00f6r\u00fclerle s\u00fcrekli iyile\u015ftirmeyi te\u015fvik eder. Bu i\u015fbirlik\u00e7i yakla\u015f\u0131m, hem g\u00fcvenlik hem de performansta pratik iyile\u015ftirmeler sa\u011flar. Devam eden diyalog, \u00fcr\u00fcn yeteneklerini geli\u015ftirirken ili\u015fkileri g\u00fc\u00e7lendirir.<\/p>\n<h2 class=\"text-xl font-bold text-text-200 mt-1 -mb-0.5\">Sonu\u00e7<\/h2>\n<p class=\"whitespace-pre-wrap break-words\">B\u00fck\u00fclm\u00fc\u015f g\u00f6zl\u00fc c\u0131vata, m\u00fchendislik m\u00fckemmelli\u011fi ve pratik g\u00fcvenlik \u00f6zelliklerinin bir araya gelmesini temsil eder. Yenilik\u00e7i tasar\u0131m\u0131, kapsaml\u0131 kalite kontrolleriyle desteklenen optimum y\u00fck y\u00f6netimi ve uzun s\u00fcreli dayan\u0131kl\u0131l\u0131k sa\u011flar. Duyarl\u0131 m\u00fc\u015fteri hizmetleri ve g\u00fcvenilir teslimat ile birle\u015fti\u011finde, tutarl\u0131 performans gerektiren operasyonlar i\u00e7in ideal bir \u00e7\u00f6z\u00fcm olarak hizmet vermektedir. Operasyonel verimlili\u011fi ve g\u00fcvenli\u011fi art\u0131ran \u00fcr\u00fcnler sunarak tasar\u0131mlar\u0131m\u0131z\u0131 geli\u015ftirmeye devam ediyoruz.<\/p>\n<p class=\"whitespace-pre-wrap break-words\">Kapsaml\u0131 yakla\u015f\u0131m\u0131m\u0131z - ilk tasar\u0131mdan s\u00fcrekli deste\u011fe kadar - kal\u0131c\u0131 \u00e7\u00f6z\u00fcmlere olan ba\u011fl\u0131l\u0131\u011f\u0131m\u0131z\u0131 g\u00f6stermektedir. B\u00fck\u00fclm\u00fc\u015f delikli c\u0131vatalar\u0131m\u0131z\u0131 se\u00e7mek, uzman deste\u011fiyle sahada kan\u0131tlanm\u0131\u015f g\u00fcvenilirli\u011fe yat\u0131r\u0131m yapmak anlam\u0131na gelir. D\u00fc\u015f\u00fcnceli m\u00fchendislik ve \u00f6zel deste\u011fin operasyonlar\u0131n\u0131za getirdi\u011fi fark\u0131 deneyimleyin.<\/p>","protected":false},"excerpt":{"rendered":"<p data-sourcepos=\"5:1-5:37\">\u0130\u015fte, \u00f6zellikle a\u011f\u0131r y\u00fck sabitleme ve genel donan\u0131m uygulamalar\u0131 i\u00e7in olu\u015fturulmu\u015f, titizlikle tasarlanm\u0131\u015f b\u00fck\u00fclm\u00fc\u015f delikli c\u0131vatam\u0131z. \u00dcr\u00fcn\u00fcm\u00fcz, m\u00fckemmel dayan\u0131kl\u0131l\u0131k, basit kurulum ve zorlu ortamlarda tavizsiz g\u00fcvenlik ile al\u0131c\u0131lar\u0131n ana endi\u015felerini kar\u015f\u0131lar. G\u00fcvenilir bir ticaret firmas\u0131 olarak, bire bir m\u00fc\u015fteri hizmetleri, zaman\u0131nda teslimat s\u00fcresi ve ayr\u0131nt\u0131l\u0131 kalite kontrol raporlar\u0131 sunuyoruz, b\u00f6ylece her m\u00fc\u015fteri kendi \u00f6zel gereksinimlerine g\u00f6re g\u00fcvenilir, y\u00fcksek kaliteli donan\u0131m ald\u0131\u011f\u0131ndan emin olabilir.<\/p>","protected":false},"featured_media":6506,"comment_status":"open","ping_status":"closed","template":"","meta":{"site-sidebar-layout":"default","site-content-layout":"","ast-site-content-layout":"default","site-content-style":"default","site-sidebar-style":"default","ast-global-header-display":"","ast-banner-title-visibility":"","ast-main-header-display":"","ast-hfb-above-header-display":"","ast-hfb-below-header-display":"","ast-hfb-mobile-header-display":"","site-post-title":"","ast-breadcrumbs-content":"","ast-featured-img":"","footer-sml-layout":"","theme-transparent-header-meta":"default","adv-header-id-meta":"","stick-header-meta":"default","header-above-stick-meta":"","header-main-stick-meta":"","header-below-stick-meta":"","astra-migrate-meta-layouts":"set","ast-page-background-enabled":"default","ast-page-background-meta":{"desktop":{"background-color":"","background-image":"","background-repeat":"repeat","background-position":"center center","background-size":"auto","background-attachment":"scroll","background-type":"","background-media":"","overlay-type":"","overlay-color":"","overlay-opacity":"","overlay-gradient":""},"tablet":{"background-color":"","background-image":"","background-repeat":"repeat","background-position":"center center","background-size":"auto","background-attachment":"scroll","background-type":"","background-media":"","overlay-type":"","overlay-color":"","overlay-opacity":"","overlay-gradient":""},"mobile":{"background-color":"","background-image":"","background-repeat":"repeat","background-position":"center center","background-size":"auto","background-attachment":"scroll","background-type":"","background-media":"","overlay-type":"","overlay-color":"","overlay-opacity":"","overlay-gradient":""}},"ast-content-background-meta":{"desktop":{"background-color":"var(--ast-global-color-5)","background-image":"","background-repeat":"repeat","background-position":"center center","background-size":"auto","background-attachment":"scroll","background-type":"","background-media":"","overlay-type":"","overlay-color":"","overlay-opacity":"","overlay-gradient":""},"tablet":{"background-color":"var(--ast-global-color-5)","background-image":"","background-repeat":"repeat","background-position":"center center","background-size":"auto","background-attachment":"scroll","background-type":"","background-media":"","overlay-type":"","overlay-color":"","overlay-opacity":"","overlay-gradient":""},"mobile":{"background-color":"var(--ast-global-color-5)","background-image":"","background-repeat":"repeat","background-position":"center center","background-size":"auto","background-attachment":"scroll","background-type":"","background-media":"","overlay-type":"","overlay-color":"","overlay-opacity":"","overlay-gradient":""}}},"product_brand":[],"product_cat":[44],"product_tag":[],"class_list":{"0":"post-6504","1":"product","2":"type-product","3":"status-publish","4":"has-post-thumbnail","6":"product_cat-stainless-steel-poduct","7":"desktop-align-left","8":"tablet-align-left","9":"mobile-align-left","10":"ast-product-gallery-layout-horizontal-slider","11":"ast-product-tabs-layout-horizontal","13":"first","14":"instock","15":"shipping-taxable","16":"purchasable","17":"product-type-simple"},"yoast_head":"<!-- This site is optimized with the Yoast SEO plugin v25.2 - https:\/\/yoast.com\/wordpress\/plugins\/seo\/ -->\n<title>Bent Eye Bolt<\/title>\n<meta name=\"description\" content=\"Qingdao H&amp;F, your reliable supplier for over 20 years, offers top-quality bent eye bolts for diverse lifting and rigging applications.\" \/>\n<meta name=\"robots\" content=\"index, follow, max-snippet:-1, max-image-preview:large, max-video-preview:-1\" \/>\n<link rel=\"canonical\" href=\"https:\/\/qingdaohf.com\/tr\/urun\/bukulmus-goz-civatasi\/\" \/>\n<meta property=\"og:locale\" content=\"tr_TR\" \/>\n<meta property=\"og:type\" content=\"article\" \/>\n<meta property=\"og:title\" content=\"Bent Eye Bolt\" \/>\n<meta property=\"og:description\" content=\"Qingdao H&amp;F, your reliable supplier for over 20 years, offers top-quality bent eye bolts for diverse lifting and rigging applications.\" \/>\n<meta property=\"og:url\" content=\"https:\/\/qingdaohf.com\/tr\/urun\/bukulmus-goz-civatasi\/\" \/>\n<meta property=\"og:site_name\" content=\"Concrete Form &amp; Rigging Hardware Supplier\" \/>\n<meta property=\"article:publisher\" content=\"https:\/\/www.facebook.com\/qingdaohf\" \/>\n<meta property=\"article:modified_time\" content=\"2025-11-13T01:03:38+00:00\" \/>\n<meta property=\"og:image\" content=\"https:\/\/qingdaohf.com\/wp-content\/uploads\/2024\/02\/HF-BENT-EYE-BOLT-1.jpg\" \/>\n\t<meta property=\"og:image:width\" content=\"1000\" \/>\n\t<meta property=\"og:image:height\" content=\"1000\" \/>\n\t<meta property=\"og:image:type\" content=\"image\/jpeg\" \/>\n<meta name=\"twitter:card\" content=\"summary_large_image\" \/>\n<meta name=\"twitter:label1\" content=\"Tahmini okuma s\u00fcresi\" \/>\n\t<meta name=\"twitter:data1\" content=\"4 dakika\" \/>\n<script type=\"application\/ld+json\" class=\"yoast-schema-graph\">{\"@context\":\"https:\/\/schema.org\",\"@graph\":[{\"@type\":\"WebPage\",\"@id\":\"https:\/\/qingdaohf.com\/product\/bent-eye-bolt\/\",\"url\":\"https:\/\/qingdaohf.com\/product\/bent-eye-bolt\/\",\"name\":\"Bent Eye Bolt\",\"isPartOf\":{\"@id\":\"https:\/\/qingdaohf.com\/bg\/#website\"},\"primaryImageOfPage\":{\"@id\":\"https:\/\/qingdaohf.com\/product\/bent-eye-bolt\/#primaryimage\"},\"image\":{\"@id\":\"https:\/\/qingdaohf.com\/product\/bent-eye-bolt\/#primaryimage\"},\"thumbnailUrl\":\"https:\/\/qingdaohf.com\/wp-content\/uploads\/2024\/02\/HF-BENT-EYE-BOLT-1.jpg\",\"datePublished\":\"2024-02-05T01:54:52+00:00\",\"dateModified\":\"2025-11-13T01:03:38+00:00\",\"description\":\"Qingdao H&F, your reliable supplier for over 20 years, offers top-quality bent eye bolts for diverse lifting and rigging applications.\",\"breadcrumb\":{\"@id\":\"https:\/\/qingdaohf.com\/product\/bent-eye-bolt\/#breadcrumb\"},\"inLanguage\":\"tr\",\"potentialAction\":[{\"@type\":\"ReadAction\",\"target\":[\"https:\/\/qingdaohf.com\/product\/bent-eye-bolt\/\"]}]},{\"@type\":\"ImageObject\",\"inLanguage\":\"tr\",\"@id\":\"https:\/\/qingdaohf.com\/product\/bent-eye-bolt\/#primaryimage\",\"url\":\"https:\/\/qingdaohf.com\/wp-content\/uploads\/2024\/02\/HF-BENT-EYE-BOLT-1.jpg\",\"contentUrl\":\"https:\/\/qingdaohf.com\/wp-content\/uploads\/2024\/02\/HF-BENT-EYE-BOLT-1.jpg\",\"width\":1000,\"height\":1000,\"caption\":\"H&F BENT EYE BOLT\"},{\"@type\":\"BreadcrumbList\",\"@id\":\"https:\/\/qingdaohf.com\/product\/bent-eye-bolt\/#breadcrumb\",\"itemListElement\":[{\"@type\":\"ListItem\",\"position\":1,\"name\":\"Home\",\"item\":\"https:\/\/qingdaohf.com\/\"},{\"@type\":\"ListItem\",\"position\":2,\"name\":\"Concrete Forming Accessories and Rigging Hardware\",\"item\":\"https:\/\/qingdaohf.com\/bg\/?page_id=944\"},{\"@type\":\"ListItem\",\"position\":3,\"name\":\"Bent Eye Bolt\"}]},{\"@type\":\"WebSite\",\"@id\":\"https:\/\/qingdaohf.com\/bg\/#website\",\"url\":\"https:\/\/qingdaohf.com\/bg\/\",\"name\":\"Concrete Form & Rigging Hardware Supplier\",\"description\":\"\",\"publisher\":{\"@id\":\"https:\/\/qingdaohf.com\/bg\/#organization\"},\"potentialAction\":[{\"@type\":\"SearchAction\",\"target\":{\"@type\":\"EntryPoint\",\"urlTemplate\":\"https:\/\/qingdaohf.com\/bg\/?s={search_term_string}\"},\"query-input\":{\"@type\":\"PropertyValueSpecification\",\"valueRequired\":true,\"valueName\":\"search_term_string\"}}],\"inLanguage\":\"tr\"},{\"@type\":\"Organization\",\"@id\":\"https:\/\/qingdaohf.com\/bg\/#organization\",\"name\":\"Qingdao H&F\",\"url\":\"https:\/\/qingdaohf.com\/bg\/\",\"logo\":{\"@type\":\"ImageObject\",\"inLanguage\":\"tr\",\"@id\":\"https:\/\/qingdaohf.com\/bg\/#\/schema\/logo\/image\/\",\"url\":\"https:\/\/qingdaohf.com\/wp-content\/uploads\/2022\/12\/cropped-HF-LOGO.png\",\"contentUrl\":\"https:\/\/qingdaohf.com\/wp-content\/uploads\/2022\/12\/cropped-HF-LOGO.png\",\"width\":391,\"height\":249,\"caption\":\"Qingdao H&F\"},\"image\":{\"@id\":\"https:\/\/qingdaohf.com\/bg\/#\/schema\/logo\/image\/\"},\"sameAs\":[\"https:\/\/www.facebook.com\/qingdaohf\"]}]}<\/script>\n<!-- \/ Yoast SEO plugin. -->","yoast_head_json":{"title":"Bent Eye Bolt","description":"Qingdao H&F, your reliable supplier for over 20 years, offers top-quality bent eye bolts for diverse lifting and rigging applications.","robots":{"index":"index","follow":"follow","max-snippet":"max-snippet:-1","max-image-preview":"max-image-preview:large","max-video-preview":"max-video-preview:-1"},"canonical":"https:\/\/qingdaohf.com\/tr\/urun\/bukulmus-goz-civatasi\/","og_locale":"tr_TR","og_type":"article","og_title":"Bent Eye Bolt","og_description":"Qingdao H&F, your reliable supplier for over 20 years, offers top-quality bent eye bolts for diverse lifting and rigging applications.","og_url":"https:\/\/qingdaohf.com\/tr\/urun\/bukulmus-goz-civatasi\/","og_site_name":"Concrete Form &amp; Rigging Hardware Supplier","article_publisher":"https:\/\/www.facebook.com\/qingdaohf","article_modified_time":"2025-11-13T01:03:38+00:00","og_image":[{"width":1000,"height":1000,"url":"https:\/\/qingdaohf.com\/wp-content\/uploads\/2024\/02\/HF-BENT-EYE-BOLT-1.jpg","type":"image\/jpeg"}],"twitter_card":"summary_large_image","twitter_misc":{"Tahmini okuma s\u00fcresi":"4 dakika"},"schema":{"@context":"https:\/\/schema.org","@graph":[{"@type":"WebPage","@id":"https:\/\/qingdaohf.com\/product\/bent-eye-bolt\/","url":"https:\/\/qingdaohf.com\/product\/bent-eye-bolt\/","name":"Bent Eye Bolt","isPartOf":{"@id":"https:\/\/qingdaohf.com\/bg\/#website"},"primaryImageOfPage":{"@id":"https:\/\/qingdaohf.com\/product\/bent-eye-bolt\/#primaryimage"},"image":{"@id":"https:\/\/qingdaohf.com\/product\/bent-eye-bolt\/#primaryimage"},"thumbnailUrl":"https:\/\/qingdaohf.com\/wp-content\/uploads\/2024\/02\/HF-BENT-EYE-BOLT-1.jpg","datePublished":"2024-02-05T01:54:52+00:00","dateModified":"2025-11-13T01:03:38+00:00","description":"Qingdao H&F, your reliable supplier for over 20 years, offers top-quality bent eye bolts for diverse lifting and rigging applications.","breadcrumb":{"@id":"https:\/\/qingdaohf.com\/product\/bent-eye-bolt\/#breadcrumb"},"inLanguage":"tr","potentialAction":[{"@type":"ReadAction","target":["https:\/\/qingdaohf.com\/product\/bent-eye-bolt\/"]}]},{"@type":"ImageObject","inLanguage":"tr","@id":"https:\/\/qingdaohf.com\/product\/bent-eye-bolt\/#primaryimage","url":"https:\/\/qingdaohf.com\/wp-content\/uploads\/2024\/02\/HF-BENT-EYE-BOLT-1.jpg","contentUrl":"https:\/\/qingdaohf.com\/wp-content\/uploads\/2024\/02\/HF-BENT-EYE-BOLT-1.jpg","width":1000,"height":1000,"caption":"H&F BENT EYE BOLT"},{"@type":"BreadcrumbList","@id":"https:\/\/qingdaohf.com\/product\/bent-eye-bolt\/#breadcrumb","itemListElement":[{"@type":"ListItem","position":1,"name":"Home","item":"https:\/\/qingdaohf.com\/"},{"@type":"ListItem","position":2,"name":"Concrete Forming Accessories and Rigging Hardware","item":"https:\/\/qingdaohf.com\/bg\/?page_id=944"},{"@type":"ListItem","position":3,"name":"Bent Eye Bolt"}]},{"@type":"WebSite","@id":"https:\/\/qingdaohf.com\/bg\/#website","url":"https:\/\/qingdaohf.com\/bg\/","name":"Concrete Form & Rigging Hardware Supplier","description":"","publisher":{"@id":"https:\/\/qingdaohf.com\/bg\/#organization"},"potentialAction":[{"@type":"SearchAction","target":{"@type":"EntryPoint","urlTemplate":"https:\/\/qingdaohf.com\/bg\/?s={search_term_string}"},"query-input":{"@type":"PropertyValueSpecification","valueRequired":true,"valueName":"search_term_string"}}],"inLanguage":"tr"},{"@type":"Organization","@id":"https:\/\/qingdaohf.com\/bg\/#organization","name":"Qingdao H&F","url":"https:\/\/qingdaohf.com\/bg\/","logo":{"@type":"ImageObject","inLanguage":"tr","@id":"https:\/\/qingdaohf.com\/bg\/#\/schema\/logo\/image\/","url":"https:\/\/qingdaohf.com\/wp-content\/uploads\/2022\/12\/cropped-HF-LOGO.png","contentUrl":"https:\/\/qingdaohf.com\/wp-content\/uploads\/2022\/12\/cropped-HF-LOGO.png","width":391,"height":249,"caption":"Qingdao H&F"},"image":{"@id":"https:\/\/qingdaohf.com\/bg\/#\/schema\/logo\/image\/"},"sameAs":["https:\/\/www.facebook.com\/qingdaohf"]}]}},"_links":{"self":[{"href":"https:\/\/qingdaohf.com\/tr\/wp-json\/wp\/v2\/product\/6504","targetHints":{"allow":["GET"]}}],"collection":[{"href":"https:\/\/qingdaohf.com\/tr\/wp-json\/wp\/v2\/product"}],"about":[{"href":"https:\/\/qingdaohf.com\/tr\/wp-json\/wp\/v2\/types\/product"}],"replies":[{"embeddable":true,"href":"https:\/\/qingdaohf.com\/tr\/wp-json\/wp\/v2\/comments?post=6504"}],"version-history":[{"count":3,"href":"https:\/\/qingdaohf.com\/tr\/wp-json\/wp\/v2\/product\/6504\/revisions"}],"predecessor-version":[{"id":8947,"href":"https:\/\/qingdaohf.com\/tr\/wp-json\/wp\/v2\/product\/6504\/revisions\/8947"}],"wp:featuredmedia":[{"embeddable":true,"href":"https:\/\/qingdaohf.com\/tr\/wp-json\/wp\/v2\/media\/6506"}],"wp:attachment":[{"href":"https:\/\/qingdaohf.com\/tr\/wp-json\/wp\/v2\/media?parent=6504"}],"wp:term":[{"taxonomy":"product_brand","embeddable":true,"href":"https:\/\/qingdaohf.com\/tr\/wp-json\/wp\/v2\/product_brand?post=6504"},{"taxonomy":"product_cat","embeddable":true,"href":"https:\/\/qingdaohf.com\/tr\/wp-json\/wp\/v2\/product_cat?post=6504"},{"taxonomy":"product_tag","embeddable":true,"href":"https:\/\/qingdaohf.com\/tr\/wp-json\/wp\/v2\/product_tag?post=6504"}],"curies":[{"name":"wp","href":"https:\/\/api.w.org\/{rel}","templated":true}]}}