{"id":6994,"date":"2024-05-08T15:22:02","date_gmt":"2024-05-08T07:22:02","guid":{"rendered":"http:\/\/qingdaohf.com\/?post_type=product&#038;p=6994"},"modified":"2025-11-13T09:03:37","modified_gmt":"2025-11-13T01:03:37","slug":"j-bolts","status":"publish","type":"product","link":"https:\/\/qingdaohf.com\/tr\/urun\/beton-i\u0307ci\u0307n-j-ci\u0307vatalar\/","title":{"rendered":"Beton i\u00e7in Temel C\u0131vatas\u0131 J C\u0131vatalar\u0131"},"content":{"rendered":"<h2>J C\u0131vata Ankrajlar\u0131na Giri\u015f<\/h2>\n<p>J c\u0131vata ankrajlar\u0131, in\u015faat sekt\u00f6r\u00fcnde yap\u0131sal elemanlar\u0131n betona sabitlenmesi i\u00e7in yayg\u0131n olarak kullan\u0131lan temel ba\u011flant\u0131 elemanlar\u0131d\u0131r. \"J\" harfine benzeyen benzersiz \u015fekilleriyle tan\u0131nan bu d\u00fcbeller, sa\u011flam ve g\u00fcvenilir bir ba\u011flant\u0131 arac\u0131 sa\u011flayarak \u00e7e\u015fitli yap\u0131lar\u0131n stabilitesini ve g\u00fcvenli\u011fini garanti eder. Bir J c\u0131vata ankraj\u0131n\u0131n birincil i\u015flevi, \u00e7elik kiri\u015flerden a\u011f\u0131r makinelere kadar \u00e7e\u015fitli yap\u0131lar i\u00e7in g\u00fcvenli bir tutu\u015f olu\u015fturarak betona g\u00f6mmektir.<\/p>\n<h2>\u0130n\u015faatta J C\u0131vata Ankrajlar\u0131n \u00d6nemi<\/h2>\n<p>Beton, mukavemeti ve dayan\u0131kl\u0131l\u0131\u011f\u0131 nedeniyle in\u015faatta temel bir malzemedir. Bununla birlikte, yap\u0131sal bile\u015fenlerin betona tutturulmas\u0131, \u00f6nemli y\u00fckleri ve gerilimleri kald\u0131rabilecek \u00f6zel ba\u011flant\u0131 elemanlar\u0131 gerektirir. J c\u0131vata ankrajlar\u0131 i\u015fte bu noktada \u00fcst\u00fcnl\u00fck sa\u011flar. Betonun derinliklerine g\u00f6m\u00fclen J c\u0131vata ankrajlar, ola\u011fan\u00fcst\u00fc tutma g\u00fcc\u00fc ve \u00e7ekme kuvvetlerine kar\u015f\u0131 diren\u00e7 sunar. Bu da onlar\u0131 bina temelleri, k\u00f6pr\u00fcler ve a\u011f\u0131r ekipman kurulumlar\u0131 gibi y\u00fcksek stresli ortamlarda vazge\u00e7ilmez k\u0131lar.<\/p>\n<p>J c\u0131vatal\u0131 ankrajlar\u0131n \u00e7ok y\u00f6nl\u00fcl\u00fc\u011f\u00fc bir ba\u015fka \u00f6nemli avantajd\u0131r. K\u00fcpe\u015fte ve korkuluklar\u0131n sabitlenmesinden a\u011f\u0131r makine ve yap\u0131sal desteklerin sabitlenmesine kadar geni\u015f bir uygulama yelpazesinde kullan\u0131labilirler. J \u015feklindeki tasar\u0131m beton i\u00e7inde sa\u011flam bir tutu\u015f sa\u011flarken, di\u015fli u\u00e7 \u00e7e\u015fitli bile\u015fenlerin kolayca tak\u0131lmas\u0131na olanak tan\u0131r. Bu g\u00fc\u00e7 ve \u00e7ok y\u00f6nl\u00fcl\u00fck kombinasyonu, J c\u0131vata ankrajlar\u0131n\u0131 d\u00fcnya \u00e7ap\u0131nda m\u00fchendisler ve y\u00fckleniciler i\u00e7in tercih edilen bir se\u00e7enek haline getirmektedir.<\/p>\n<h2>Boyutlar ve Malzemeler<\/h2>\n<p>J c\u0131vata ankrajlar\u0131, farkl\u0131 uygulamalara uyacak \u015fekilde \u00e7e\u015fitli boyutlarda gelir. \u00dcr\u00fcn yelpazemiz 3\/4\u2033, 5\/8\u2033, 1\/2\u2033, 3\/8\u2033, 1\/4\u2033, 1\/4-20, 5\/16\u2033, 1\u2033 ve 8\u2033 gibi boyutlar\u0131 i\u00e7erir. Her boyut, belirli y\u00fck gereksinimlerini kar\u015f\u0131lamak \u00fczere tasarlanm\u0131\u015ft\u0131r ve projeniz i\u00e7in m\u00fckemmel ankraj\u0131 bulabilmenizi sa\u011flar. \u0130ster k\u00fc\u00e7\u00fck bir konut in\u015faat\u0131 ister b\u00fcy\u00fck bir ticari proje \u00fczerinde \u00e7al\u0131\u015f\u0131yor olun, ihtiya\u00e7lar\u0131n\u0131za uygun bir J c\u0131vata ankraj\u0131 vard\u0131r.<\/p>\n<p>Boyut farkl\u0131l\u0131klar\u0131na ek olarak, J c\u0131vata ankrajlar\u0131 farkl\u0131 malzemelerde mevcuttur. En yayg\u0131n iki malzeme galvanizli \u00e7elik ve paslanmaz \u00e7eliktir. Galvanizli \u00e7elik J c\u0131vatalar, m\u00fckemmel korozyon direnci sa\u011flayan bir \u00e7inko tabakas\u0131yla kaplan\u0131r ve bu da onlar\u0131 d\u0131\u015f mekan ve y\u00fcksek nemli ortamlar i\u00e7in uygun hale getirir. Paslanmaz \u00e7elik J c\u0131vatalar ise pas ve korozyona kar\u015f\u0131 \u00fcst\u00fcn g\u00fc\u00e7 ve diren\u00e7 sunarak uzun \u00f6m\u00fcrl\u00fcl\u00fck ve dayan\u0131kl\u0131l\u0131\u011f\u0131n kritik oldu\u011fu uygulamalar i\u00e7in idealdir. Malzeme se\u00e7imi projenizin \u00f6zel gereksinimlerine ba\u011fl\u0131d\u0131r, ancak her iki se\u00e7enek de g\u00fcvenilir performans ve uzun s\u00fcreli dayan\u0131kl\u0131l\u0131k sa\u011flar.<\/p>\n<h2>J C\u0131vata Ankraj Uygulamalar\u0131<\/h2>\n<p>J c\u0131vata ankrajlar\u0131n\u0131n en yayg\u0131n kullan\u0131m alanlar\u0131ndan biri \u00e7elik kolon ve kiri\u015flerin beton temellere sabitlenmesidir. Bu uygulamada, J c\u0131vata sertle\u015fmeden \u00f6nce betonun i\u00e7ine g\u00f6m\u00fcl\u00fcr ve yap\u0131sal \u00e7elik i\u00e7in g\u00fcvenli bir ankraj noktas\u0131 sa\u011flar. Bu y\u00f6ntem, yap\u0131sal elemanlar\u0131n herhangi bir hareketini veya kaymas\u0131n\u0131 \u00f6nledi\u011fi i\u00e7in binan\u0131n stabilitesini ve g\u00fcvenli\u011fini sa\u011flamada \u00e7ok \u00f6nemlidir.<\/p>\n<p>J c\u0131vata ankrajlar\u0131 end\u00fcstriyel ortamlarda a\u011f\u0131r makine ve ekipmanlar\u0131n montaj\u0131 i\u00e7in de yayg\u0131n olarak kullan\u0131lmaktad\u0131r. J c\u0131vatan\u0131n sa\u011flam tasar\u0131m\u0131, \u00f6nemli y\u00fcklere ve titre\u015fimlere dayanmas\u0131n\u0131 sa\u011flayarak makinenin g\u00fcvenli bir \u015fekilde yerinde kalmas\u0131n\u0131 sa\u011flar. Bu \u00f6zellikle a\u011f\u0131r ekipmanlar\u0131n s\u00fcrekli kullan\u0131ma ve strese maruz kald\u0131\u011f\u0131 imalat ve madencilik gibi sekt\u00f6rlerde \u00f6nemlidir.<\/p>\n<p>\u0130n\u015faat ve end\u00fcstriyel uygulamalardaki kullan\u0131mlar\u0131n\u0131n yan\u0131 s\u0131ra, J c\u0131vata ankrajlar\u0131 di\u011fer \u00e7e\u015fitli alanlarda da kullan\u0131lmaktad\u0131r. \u00d6rne\u011fin, tabela, \u0131\u015f\u0131k direkleri ve \u00e7itlerin montaj\u0131nda kullan\u0131l\u0131rlar. J c\u0131vatal\u0131 ankrajlar\u0131n \u00e7ok y\u00f6nl\u00fcl\u00fc\u011f\u00fc ve g\u00fcc\u00fc, onlar\u0131 \u00e7ok \u00e7e\u015fitli uygulamalar i\u00e7in uygun hale getirerek her durumda g\u00fcvenilir performans sa\u011flar.<\/p>\n<h2>Kurulum \u0130pu\u00e7lar\u0131 ve En \u0130yi Uygulamalar<\/h2>\n<p>J c\u0131vata ankrajlar\u0131n do\u011fru \u015fekilde monte edilmesi, etkinliklerinin ve uzun \u00f6m\u00fcrl\u00fcl\u00fcklerinin sa\u011flanmas\u0131 a\u00e7\u0131s\u0131ndan \u00e7ok \u00f6nemlidir. \u0130\u015fte kurulum s\u0131ras\u0131nda izlenecek baz\u0131 en iyi uygulamalar:<\/p>\n<ol>\n<li><strong>Do\u011fru Konumland\u0131rma<\/strong>: Beton d\u00f6k\u00fclmeden \u00f6nce J c\u0131vatas\u0131n\u0131n beton kal\u0131b\u0131 i\u00e7inde do\u011fru \u015fekilde konumland\u0131r\u0131ld\u0131\u011f\u0131ndan emin olun. Yap\u0131sal bile\u015fenin kolayca tak\u0131lmas\u0131n\u0131 kolayla\u015ft\u0131rmak i\u00e7in di\u015fli u\u00e7 a\u00e7\u0131kta olmal\u0131 ve d\u00fczg\u00fcn bir \u015fekilde hizalanmal\u0131d\u0131r.<\/li>\n<li><strong>Yeterli Derinlik<\/strong>: J c\u0131vata, maksimum tutma g\u00fcc\u00fc sa\u011flamak i\u00e7in uygun derinli\u011fe g\u00f6m\u00fclmelidir. Bu genellikle J c\u0131vatan\u0131n sa\u011flam bir tutu\u015f sa\u011flamak i\u00e7in betonun yeterince derinine yerle\u015ftirilmesini i\u00e7erir.<\/li>\n<li><strong>Beton Kalitesi<\/strong>: Projeniz i\u00e7in uygun kar\u0131\u015f\u0131m tasar\u0131m\u0131na sahip y\u00fcksek kaliteli beton kullan\u0131n. Betonun mukavemeti, J c\u0131vata ankraj\u0131n\u0131n tutma g\u00fcc\u00fcn\u00fc do\u011frudan etkiler.<\/li>\n<li><strong>K\u00fcrlenme S\u00fcresi<\/strong>: J c\u0131vata ankraj\u0131na herhangi bir y\u00fck uygulamadan \u00f6nce beton i\u00e7in yeterli k\u00fcrlenme s\u00fcresi tan\u0131y\u0131n. Bu, betonun tam mukavemetine ula\u015fmas\u0131n\u0131 ve gerekli deste\u011fi sa\u011flayabilmesini sa\u011flar.<\/li>\n<li><strong>D\u00fczenli Denetim<\/strong>: J c\u0131vata ankrajlar\u0131n\u0131 herhangi bir a\u015f\u0131nma veya hasar belirtisi a\u00e7\u0131s\u0131ndan periyodik olarak inceleyin. Bu \u00f6zellikle ankrajlar\u0131n s\u00fcrekli y\u00fck ve titre\u015fime maruz kald\u0131\u011f\u0131 y\u00fcksek gerilimli ortamlarda \u00f6nemlidir.<\/li>\n<\/ol>\n<h2>Sonu\u00e7<\/h2>\n<p>J c\u0131vata ankrajlar\u0131 in\u015faat sekt\u00f6r\u00fcnde hayati bir rol oynar ve yap\u0131sal elemanlar\u0131n betona sabitlenmesi i\u00e7in g\u00fcvenilir bir ara\u00e7 sa\u011flar. Benzersiz tasar\u0131mlar\u0131 ve sa\u011flam yap\u0131lar\u0131, onlar\u0131 bina temellerinden end\u00fcstriyel makine kurulumlar\u0131na kadar \u00e7ok \u00e7e\u015fitli uygulamalar i\u00e7in uygun hale getirir. Projeniz i\u00e7in do\u011fru boyut ve malzemeyi se\u00e7erek, J c\u0131vata ankrajlar\u0131n\u0131z\u0131n uzun vadeli performans i\u00e7in gereken g\u00fc\u00e7 ve dayan\u0131kl\u0131l\u0131\u011f\u0131 sunmas\u0131n\u0131 sa\u011flayabilirsiniz. Do\u011fru kurulum ve bak\u0131m, bu ankrajlar\u0131n etkinli\u011fini daha da art\u0131rarak onlar\u0131 her t\u00fcrl\u00fc in\u015faat projesinde vazge\u00e7ilmez bir bile\u015fen haline getirir. \u0130ster k\u00fc\u00e7\u00fck bir konut projesi ister b\u00fcy\u00fck bir ticari geli\u015ftirme \u00fczerinde \u00e7al\u0131\u015f\u0131yor olun, J c\u0131vata ankrajlar\u0131 ba\u015far\u0131ya ula\u015fmak i\u00e7in ihtiya\u00e7 duydu\u011funuz g\u00fcvenilirli\u011fi ve \u00e7ok y\u00f6nl\u00fcl\u00fc\u011f\u00fc sunar.<\/p>","protected":false},"excerpt":{"rendered":"<p>Beton uygulamalar\u0131 i\u00e7in tasarlanan J c\u0131vata ankrajlar\u0131m\u0131z 3\/4\u2033, 5\/8\u2033, 1\/2\u2033, 3\/8\u2033, 1\/4\u2033, 1\/4-20, 5\/16\u2033, 1\u2033 ve 8\u2033 dahil olmak \u00fczere \u00e7e\u015fitli boyutlarda gelir. Galvanizli ve paslanmaz \u00e7elik olarak mevcut olan bu d\u00fcbeller, t\u00fcm in\u015faat ihtiya\u00e7lar\u0131n\u0131z i\u00e7in \u00fcst\u00fcn g\u00fc\u00e7 ve dayan\u0131kl\u0131l\u0131k sa\u011flar.<\/p>","protected":false},"featured_media":7509,"comment_status":"open","ping_status":"closed","template":"","meta":{"site-sidebar-layout":"default","site-content-layout":"","ast-site-content-layout":"default","site-content-style":"default","site-sidebar-style":"default","ast-global-header-display":"","ast-banner-title-visibility":"","ast-main-header-display":"","ast-hfb-above-header-display":"","ast-hfb-below-header-display":"","ast-hfb-mobile-header-display":"","site-post-title":"","ast-breadcrumbs-content":"","ast-featured-img":"","footer-sml-layout":"","theme-transparent-header-meta":"default","adv-header-id-meta":"","stick-header-meta":"default","header-above-stick-meta":"","header-main-stick-meta":"","header-below-stick-meta":"","astra-migrate-meta-layouts":"set","ast-page-background-enabled":"default","ast-page-background-meta":{"desktop":{"background-color":"","background-image":"","background-repeat":"repeat","background-position":"center center","background-size":"auto","background-attachment":"scroll","background-type":"","background-media":"","overlay-type":"","overlay-color":"","overlay-opacity":"","overlay-gradient":""},"tablet":{"background-color":"","background-image":"","background-repeat":"repeat","background-position":"center center","background-size":"auto","background-attachment":"scroll","background-type":"","background-media":"","overlay-type":"","overlay-color":"","overlay-opacity":"","overlay-gradient":""},"mobile":{"background-color":"","background-image":"","background-repeat":"repeat","background-position":"center center","background-size":"auto","background-attachment":"scroll","background-type":"","background-media":"","overlay-type":"","overlay-color":"","overlay-opacity":"","overlay-gradient":""}},"ast-content-background-meta":{"desktop":{"background-color":"var(--ast-global-color-5)","background-image":"","background-repeat":"repeat","background-position":"center center","background-size":"auto","background-attachment":"scroll","background-type":"","background-media":"","overlay-type":"","overlay-color":"","overlay-opacity":"","overlay-gradient":""},"tablet":{"background-color":"var(--ast-global-color-5)","background-image":"","background-repeat":"repeat","background-position":"center center","background-size":"auto","background-attachment":"scroll","background-type":"","background-media":"","overlay-type":"","overlay-color":"","overlay-opacity":"","overlay-gradient":""},"mobile":{"background-color":"var(--ast-global-color-5)","background-image":"","background-repeat":"repeat","background-position":"center center","background-size":"auto","background-attachment":"scroll","background-type":"","background-media":"","overlay-type":"","overlay-color":"","overlay-opacity":"","overlay-gradient":""}}},"product_brand":[],"product_cat":[28],"product_tag":[],"class_list":{"0":"post-6994","1":"product","2":"type-product","3":"status-publish","4":"has-post-thumbnail","6":"product_cat-concrete-forming","7":"desktop-align-left","8":"tablet-align-left","9":"mobile-align-left","10":"ast-product-gallery-layout-horizontal-slider","11":"ast-product-tabs-layout-horizontal","13":"first","14":"instock","15":"featured","16":"shipping-taxable","17":"purchasable","18":"product-type-simple"},"yoast_head":"<!-- This site is optimized with the Yoast SEO plugin v25.2 - https:\/\/yoast.com\/wordpress\/plugins\/seo\/ -->\n<title>Foundation Bolt J Bolts for Concrete<\/title>\n<meta name=\"description\" content=\"H&amp;F J bolt anchors, designed for concrete applications, come in various sizes including 3\/4&quot;, 5\/8&quot;, 1\/2&quot;, 3\/8&quot;, 1\/4&quot;, 1\/4-20, 5\/16&quot;, 1&quot;, and 8&quot;.\" \/>\n<meta name=\"robots\" content=\"index, follow, max-snippet:-1, max-image-preview:large, max-video-preview:-1\" \/>\n<link rel=\"canonical\" href=\"https:\/\/qingdaohf.com\/tr\/urun\/beton-i\u0307ci\u0307n-j-ci\u0307vatalar\/\" \/>\n<meta property=\"og:locale\" content=\"tr_TR\" \/>\n<meta property=\"og:type\" content=\"article\" \/>\n<meta property=\"og:title\" content=\"Foundation Bolt J Bolts for Concrete\" \/>\n<meta property=\"og:description\" content=\"H&amp;F J bolt anchors, designed for concrete applications, come in various sizes including 3\/4&quot;, 5\/8&quot;, 1\/2&quot;, 3\/8&quot;, 1\/4&quot;, 1\/4-20, 5\/16&quot;, 1&quot;, and 8&quot;.\" \/>\n<meta property=\"og:url\" content=\"https:\/\/qingdaohf.com\/tr\/urun\/beton-i\u0307ci\u0307n-j-ci\u0307vatalar\/\" \/>\n<meta property=\"og:site_name\" content=\"Concrete Form &amp; Rigging Hardware Supplier\" \/>\n<meta property=\"article:publisher\" content=\"https:\/\/www.facebook.com\/qingdaohf\" \/>\n<meta property=\"article:modified_time\" content=\"2025-11-13T01:03:37+00:00\" \/>\n<meta property=\"og:image\" content=\"https:\/\/qingdaohf.com\/wp-content\/uploads\/2024\/05\/J-BOLT-for-concrete-1-1.jpg\" \/>\n\t<meta property=\"og:image:width\" content=\"1000\" \/>\n\t<meta property=\"og:image:height\" content=\"1000\" \/>\n\t<meta property=\"og:image:type\" content=\"image\/jpeg\" \/>\n<meta name=\"twitter:card\" content=\"summary_large_image\" \/>\n<meta name=\"twitter:label1\" content=\"Tahmini okuma s\u00fcresi\" \/>\n\t<meta name=\"twitter:data1\" content=\"5 dakika\" \/>\n<script type=\"application\/ld+json\" class=\"yoast-schema-graph\">{\"@context\":\"https:\/\/schema.org\",\"@graph\":[{\"@type\":\"WebPage\",\"@id\":\"https:\/\/qingdaohf.com\/product\/j-bolts\/\",\"url\":\"https:\/\/qingdaohf.com\/product\/j-bolts\/\",\"name\":\"Foundation Bolt J Bolts for Concrete\",\"isPartOf\":{\"@id\":\"https:\/\/qingdaohf.com\/bg\/#website\"},\"primaryImageOfPage\":{\"@id\":\"https:\/\/qingdaohf.com\/product\/j-bolts\/#primaryimage\"},\"image\":{\"@id\":\"https:\/\/qingdaohf.com\/product\/j-bolts\/#primaryimage\"},\"thumbnailUrl\":\"https:\/\/qingdaohf.com\/wp-content\/uploads\/2024\/05\/J-BOLT-for-concrete-1-1.jpg\",\"datePublished\":\"2024-05-08T07:22:02+00:00\",\"dateModified\":\"2025-11-13T01:03:37+00:00\",\"description\":\"H&F J bolt anchors, designed for concrete applications, come in various sizes including 3\/4\\\", 5\/8\\\", 1\/2\\\", 3\/8\\\", 1\/4\\\", 1\/4-20, 5\/16\\\", 1\\\", and 8\\\".\",\"breadcrumb\":{\"@id\":\"https:\/\/qingdaohf.com\/product\/j-bolts\/#breadcrumb\"},\"inLanguage\":\"tr\",\"potentialAction\":[{\"@type\":\"ReadAction\",\"target\":[\"https:\/\/qingdaohf.com\/product\/j-bolts\/\"]}]},{\"@type\":\"ImageObject\",\"inLanguage\":\"tr\",\"@id\":\"https:\/\/qingdaohf.com\/product\/j-bolts\/#primaryimage\",\"url\":\"https:\/\/qingdaohf.com\/wp-content\/uploads\/2024\/05\/J-BOLT-for-concrete-1-1.jpg\",\"contentUrl\":\"https:\/\/qingdaohf.com\/wp-content\/uploads\/2024\/05\/J-BOLT-for-concrete-1-1.jpg\",\"width\":1000,\"height\":1000,\"caption\":\"J-BOLT-for-concrete\"},{\"@type\":\"BreadcrumbList\",\"@id\":\"https:\/\/qingdaohf.com\/product\/j-bolts\/#breadcrumb\",\"itemListElement\":[{\"@type\":\"ListItem\",\"position\":1,\"name\":\"Home\",\"item\":\"https:\/\/qingdaohf.com\/\"},{\"@type\":\"ListItem\",\"position\":2,\"name\":\"Concrete Forming Accessories and Rigging Hardware\",\"item\":\"https:\/\/qingdaohf.com\/bg\/?page_id=944\"},{\"@type\":\"ListItem\",\"position\":3,\"name\":\"Foundation Bolt J Bolts for Concrete\"}]},{\"@type\":\"WebSite\",\"@id\":\"https:\/\/qingdaohf.com\/bg\/#website\",\"url\":\"https:\/\/qingdaohf.com\/bg\/\",\"name\":\"Concrete Form & Rigging Hardware Supplier\",\"description\":\"\",\"publisher\":{\"@id\":\"https:\/\/qingdaohf.com\/bg\/#organization\"},\"potentialAction\":[{\"@type\":\"SearchAction\",\"target\":{\"@type\":\"EntryPoint\",\"urlTemplate\":\"https:\/\/qingdaohf.com\/bg\/?s={search_term_string}\"},\"query-input\":{\"@type\":\"PropertyValueSpecification\",\"valueRequired\":true,\"valueName\":\"search_term_string\"}}],\"inLanguage\":\"tr\"},{\"@type\":\"Organization\",\"@id\":\"https:\/\/qingdaohf.com\/bg\/#organization\",\"name\":\"Qingdao H&F\",\"url\":\"https:\/\/qingdaohf.com\/bg\/\",\"logo\":{\"@type\":\"ImageObject\",\"inLanguage\":\"tr\",\"@id\":\"https:\/\/qingdaohf.com\/bg\/#\/schema\/logo\/image\/\",\"url\":\"https:\/\/qingdaohf.com\/wp-content\/uploads\/2022\/12\/cropped-HF-LOGO.png\",\"contentUrl\":\"https:\/\/qingdaohf.com\/wp-content\/uploads\/2022\/12\/cropped-HF-LOGO.png\",\"width\":391,\"height\":249,\"caption\":\"Qingdao H&F\"},\"image\":{\"@id\":\"https:\/\/qingdaohf.com\/bg\/#\/schema\/logo\/image\/\"},\"sameAs\":[\"https:\/\/www.facebook.com\/qingdaohf\"]}]}<\/script>\n<!-- \/ Yoast SEO plugin. -->","yoast_head_json":{"title":"Foundation Bolt J Bolts for Concrete","description":"H&F J bolt anchors, designed for concrete applications, come in various sizes including 3\/4\", 5\/8\", 1\/2\", 3\/8\", 1\/4\", 1\/4-20, 5\/16\", 1\", and 8\".","robots":{"index":"index","follow":"follow","max-snippet":"max-snippet:-1","max-image-preview":"max-image-preview:large","max-video-preview":"max-video-preview:-1"},"canonical":"https:\/\/qingdaohf.com\/tr\/urun\/beton-i\u0307ci\u0307n-j-ci\u0307vatalar\/","og_locale":"tr_TR","og_type":"article","og_title":"Foundation Bolt J Bolts for Concrete","og_description":"H&F J bolt anchors, designed for concrete applications, come in various sizes including 3\/4\", 5\/8\", 1\/2\", 3\/8\", 1\/4\", 1\/4-20, 5\/16\", 1\", and 8\".","og_url":"https:\/\/qingdaohf.com\/tr\/urun\/beton-i\u0307ci\u0307n-j-ci\u0307vatalar\/","og_site_name":"Concrete Form &amp; Rigging Hardware Supplier","article_publisher":"https:\/\/www.facebook.com\/qingdaohf","article_modified_time":"2025-11-13T01:03:37+00:00","og_image":[{"width":1000,"height":1000,"url":"https:\/\/qingdaohf.com\/wp-content\/uploads\/2024\/05\/J-BOLT-for-concrete-1-1.jpg","type":"image\/jpeg"}],"twitter_card":"summary_large_image","twitter_misc":{"Tahmini okuma s\u00fcresi":"5 dakika"},"schema":{"@context":"https:\/\/schema.org","@graph":[{"@type":"WebPage","@id":"https:\/\/qingdaohf.com\/product\/j-bolts\/","url":"https:\/\/qingdaohf.com\/product\/j-bolts\/","name":"Foundation Bolt J Bolts for Concrete","isPartOf":{"@id":"https:\/\/qingdaohf.com\/bg\/#website"},"primaryImageOfPage":{"@id":"https:\/\/qingdaohf.com\/product\/j-bolts\/#primaryimage"},"image":{"@id":"https:\/\/qingdaohf.com\/product\/j-bolts\/#primaryimage"},"thumbnailUrl":"https:\/\/qingdaohf.com\/wp-content\/uploads\/2024\/05\/J-BOLT-for-concrete-1-1.jpg","datePublished":"2024-05-08T07:22:02+00:00","dateModified":"2025-11-13T01:03:37+00:00","description":"H&F J bolt anchors, designed for concrete applications, come in various sizes including 3\/4\", 5\/8\", 1\/2\", 3\/8\", 1\/4\", 1\/4-20, 5\/16\", 1\", and 8\".","breadcrumb":{"@id":"https:\/\/qingdaohf.com\/product\/j-bolts\/#breadcrumb"},"inLanguage":"tr","potentialAction":[{"@type":"ReadAction","target":["https:\/\/qingdaohf.com\/product\/j-bolts\/"]}]},{"@type":"ImageObject","inLanguage":"tr","@id":"https:\/\/qingdaohf.com\/product\/j-bolts\/#primaryimage","url":"https:\/\/qingdaohf.com\/wp-content\/uploads\/2024\/05\/J-BOLT-for-concrete-1-1.jpg","contentUrl":"https:\/\/qingdaohf.com\/wp-content\/uploads\/2024\/05\/J-BOLT-for-concrete-1-1.jpg","width":1000,"height":1000,"caption":"J-BOLT-for-concrete"},{"@type":"BreadcrumbList","@id":"https:\/\/qingdaohf.com\/product\/j-bolts\/#breadcrumb","itemListElement":[{"@type":"ListItem","position":1,"name":"Home","item":"https:\/\/qingdaohf.com\/"},{"@type":"ListItem","position":2,"name":"Concrete Forming Accessories and Rigging Hardware","item":"https:\/\/qingdaohf.com\/bg\/?page_id=944"},{"@type":"ListItem","position":3,"name":"Foundation Bolt J Bolts for Concrete"}]},{"@type":"WebSite","@id":"https:\/\/qingdaohf.com\/bg\/#website","url":"https:\/\/qingdaohf.com\/bg\/","name":"Concrete Form & Rigging Hardware Supplier","description":"","publisher":{"@id":"https:\/\/qingdaohf.com\/bg\/#organization"},"potentialAction":[{"@type":"SearchAction","target":{"@type":"EntryPoint","urlTemplate":"https:\/\/qingdaohf.com\/bg\/?s={search_term_string}"},"query-input":{"@type":"PropertyValueSpecification","valueRequired":true,"valueName":"search_term_string"}}],"inLanguage":"tr"},{"@type":"Organization","@id":"https:\/\/qingdaohf.com\/bg\/#organization","name":"Qingdao H&F","url":"https:\/\/qingdaohf.com\/bg\/","logo":{"@type":"ImageObject","inLanguage":"tr","@id":"https:\/\/qingdaohf.com\/bg\/#\/schema\/logo\/image\/","url":"https:\/\/qingdaohf.com\/wp-content\/uploads\/2022\/12\/cropped-HF-LOGO.png","contentUrl":"https:\/\/qingdaohf.com\/wp-content\/uploads\/2022\/12\/cropped-HF-LOGO.png","width":391,"height":249,"caption":"Qingdao H&F"},"image":{"@id":"https:\/\/qingdaohf.com\/bg\/#\/schema\/logo\/image\/"},"sameAs":["https:\/\/www.facebook.com\/qingdaohf"]}]}},"_links":{"self":[{"href":"https:\/\/qingdaohf.com\/tr\/wp-json\/wp\/v2\/product\/6994","targetHints":{"allow":["GET"]}}],"collection":[{"href":"https:\/\/qingdaohf.com\/tr\/wp-json\/wp\/v2\/product"}],"about":[{"href":"https:\/\/qingdaohf.com\/tr\/wp-json\/wp\/v2\/types\/product"}],"replies":[{"embeddable":true,"href":"https:\/\/qingdaohf.com\/tr\/wp-json\/wp\/v2\/comments?post=6994"}],"version-history":[{"count":8,"href":"https:\/\/qingdaohf.com\/tr\/wp-json\/wp\/v2\/product\/6994\/revisions"}],"predecessor-version":[{"id":7639,"href":"https:\/\/qingdaohf.com\/tr\/wp-json\/wp\/v2\/product\/6994\/revisions\/7639"}],"wp:featuredmedia":[{"embeddable":true,"href":"https:\/\/qingdaohf.com\/tr\/wp-json\/wp\/v2\/media\/7509"}],"wp:attachment":[{"href":"https:\/\/qingdaohf.com\/tr\/wp-json\/wp\/v2\/media?parent=6994"}],"wp:term":[{"taxonomy":"product_brand","embeddable":true,"href":"https:\/\/qingdaohf.com\/tr\/wp-json\/wp\/v2\/product_brand?post=6994"},{"taxonomy":"product_cat","embeddable":true,"href":"https:\/\/qingdaohf.com\/tr\/wp-json\/wp\/v2\/product_cat?post=6994"},{"taxonomy":"product_tag","embeddable":true,"href":"https:\/\/qingdaohf.com\/tr\/wp-json\/wp\/v2\/product_tag?post=6994"}],"curies":[{"name":"wp","href":"https:\/\/api.w.org\/{rel}","templated":true}]}}