{"id":7015,"date":"2024-05-09T11:37:00","date_gmt":"2024-05-09T03:37:00","guid":{"rendered":"http:\/\/qingdaohf.com\/?post_type=product&#038;p=7015"},"modified":"2025-11-13T09:03:36","modified_gmt":"2025-11-13T01:03:36","slug":"plastic-foundation-vent-expandable-air-bent","status":"publish","type":"product","link":"https:\/\/qingdaohf.com\/tr\/urun\/plasti\u0307k-temel-havalandirma-geni\u0307sleyebi\u0307li\u0307r-hava-bukumu\/","title":{"rendered":"Plastik Temel Havaland\u0131rma Geni\u015fletilebilir Hava B\u00fck\u00fcl\u00fc"},"content":{"rendered":"<p>Plastik Temel Havaland\u0131rmas\u0131, sa\u011fl\u0131kl\u0131 hava ak\u0131\u015f\u0131n\u0131 te\u015fvik etmek ve gezinme alan\u0131n\u0131zdaki veya bodrumunuzdaki nem seviyelerini y\u00f6netmek i\u00e7in cevab\u0131n\u0131zd\u0131r. En yayg\u0131n uygulamalara uyacak \u015fekilde 6\u2033 ila 8\u2033 aras\u0131nda de\u011fi\u015fen pratik boyutlarda mevcuttur ve ayr\u0131ca daha fazla \u00e7ok y\u00f6nl\u00fcl\u00fck i\u00e7in \u00f6zelle\u015ftirme se\u00e7enekleri sunar. \u0130\u015fte en iyi se\u00e7im olmas\u0131n\u0131n nedeni:<\/p>\n<p>Nemi Uzak Tutar: Se\u00e7ti\u011finiz havaland\u0131rma boyutundan ba\u011f\u0131ms\u0131z olarak nem birikimini \u00f6nleyerek k\u00fcf, k\u00fcf ve temel sorunlar\u0131na elveda deyin.<\/p>\n<p>Kurulumu Kolay: Hafif ve kurulumu kolayd\u0131r, havaland\u0131rma boyutu ne olursa olsun size zaman ve g\u00fc\u00e7l\u00fck kazand\u0131r\u0131r.<\/p>\n<p>Uzun \u00d6m\u00fcrl\u00fc: Hava ko\u015fullar\u0131na dayan\u0131kl\u0131 plastikten \u00fcretilmi\u015ftir, t\u00fcm havaland\u0131rma boyutlar\u0131nda uzun \u00f6m\u00fcrl\u00fc performans i\u00e7in elementlere dayanacak \u015fekilde tasarlanm\u0131\u015ft\u0131r.<\/p>\n<p>Geli\u015ftirilmi\u015f Hava Ak\u0131\u015f\u0131: Uygun havaland\u0131rmay\u0131 te\u015fvik ederek daha sa\u011fl\u0131kl\u0131 bir i\u00e7 ortam yarat\u0131r. \u00d6zel hava ak\u0131\u015f\u0131 ihtiya\u00e7lar\u0131n\u0131za en uygun boyutu se\u00e7in.<\/p>\n<p>Optimum hava ak\u0131\u015f\u0131 ve nem kontrol\u00fc i\u00e7in bodrumunuzu Plastik Temel Havaland\u0131rmas\u0131 ile y\u00fckseltin.<\/p>","protected":false},"excerpt":{"rendered":"<p>Plastik Temel Havaland\u0131rmas\u0131, tavan bo\u015flu\u011funuzda veya bodrumunuzda sa\u011fl\u0131kl\u0131 hava ak\u0131\u015f\u0131 ve nem kontrol\u00fc i\u00e7in ba\u015fvuraca\u011f\u0131n\u0131z \u00e7\u00f6z\u00fcmd\u00fcr. \u00d6zel ihtiya\u00e7lar\u0131n\u0131za uyacak \u00e7e\u015fitli boyutlarda gelir ve daha da fazla esneklik i\u00e7in \u00f6zelle\u015ftirme se\u00e7enekleri mevcuttur.<\/p>","protected":false},"featured_media":7016,"comment_status":"open","ping_status":"closed","template":"","meta":{"site-sidebar-layout":"default","site-content-layout":"","ast-site-content-layout":"default","site-content-style":"default","site-sidebar-style":"default","ast-global-header-display":"","ast-banner-title-visibility":"","ast-main-header-display":"","ast-hfb-above-header-display":"","ast-hfb-below-header-display":"","ast-hfb-mobile-header-display":"","site-post-title":"","ast-breadcrumbs-content":"","ast-featured-img":"","footer-sml-layout":"","theme-transparent-header-meta":"default","adv-header-id-meta":"","stick-header-meta":"default","header-above-stick-meta":"","header-main-stick-meta":"","header-below-stick-meta":"","astra-migrate-meta-layouts":"set","ast-page-background-enabled":"default","ast-page-background-meta":{"desktop":{"background-color":"","background-image":"","background-repeat":"repeat","background-position":"center center","background-size":"auto","background-attachment":"scroll","background-type":"","background-media":"","overlay-type":"","overlay-color":"","overlay-opacity":"","overlay-gradient":""},"tablet":{"background-color":"","background-image":"","background-repeat":"repeat","background-position":"center center","background-size":"auto","background-attachment":"scroll","background-type":"","background-media":"","overlay-type":"","overlay-color":"","overlay-opacity":"","overlay-gradient":""},"mobile":{"background-color":"","background-image":"","background-repeat":"repeat","background-position":"center center","background-size":"auto","background-attachment":"scroll","background-type":"","background-media":"","overlay-type":"","overlay-color":"","overlay-opacity":"","overlay-gradient":""}},"ast-content-background-meta":{"desktop":{"background-color":"var(--ast-global-color-5)","background-image":"","background-repeat":"repeat","background-position":"center center","background-size":"auto","background-attachment":"scroll","background-type":"","background-media":"","overlay-type":"","overlay-color":"","overlay-opacity":"","overlay-gradient":""},"tablet":{"background-color":"var(--ast-global-color-5)","background-image":"","background-repeat":"repeat","background-position":"center center","background-size":"auto","background-attachment":"scroll","background-type":"","background-media":"","overlay-type":"","overlay-color":"","overlay-opacity":"","overlay-gradient":""},"mobile":{"background-color":"var(--ast-global-color-5)","background-image":"","background-repeat":"repeat","background-position":"center center","background-size":"auto","background-attachment":"scroll","background-type":"","background-media":"","overlay-type":"","overlay-color":"","overlay-opacity":"","overlay-gradient":""}}},"product_brand":[],"product_cat":[50],"product_tag":[],"class_list":{"0":"post-7015","1":"product","2":"type-product","3":"status-publish","4":"has-post-thumbnail","6":"product_cat-concrete-form-accessories","7":"desktop-align-left","8":"tablet-align-left","9":"mobile-align-left","10":"ast-product-gallery-layout-horizontal-slider","11":"ast-product-tabs-layout-horizontal","13":"first","14":"instock","15":"shipping-taxable","16":"purchasable","17":"product-type-simple"},"yoast_head":"<!-- This site is optimized with the Yoast SEO plugin v25.2 - https:\/\/yoast.com\/wordpress\/plugins\/seo\/ -->\n<title>Plastic Foundation Vent Expandable Air Bent<\/title>\n<meta name=\"description\" content=\"The Plastic Foundation Vent is your go-to solution for healthy airflow and moisture control in your crawlspace or basement.\" \/>\n<meta name=\"robots\" content=\"index, follow, max-snippet:-1, max-image-preview:large, max-video-preview:-1\" \/>\n<link rel=\"canonical\" href=\"https:\/\/qingdaohf.com\/tr\/urun\/plasti\u0307k-temel-havalandirma-geni\u0307sleyebi\u0307li\u0307r-hava-bukumu\/\" \/>\n<meta property=\"og:locale\" content=\"tr_TR\" \/>\n<meta property=\"og:type\" content=\"article\" \/>\n<meta property=\"og:title\" content=\"Plastic Foundation Vent Expandable Air Bent\" \/>\n<meta property=\"og:description\" content=\"The Plastic Foundation Vent is your go-to solution for healthy airflow and moisture control in your crawlspace or basement.\" \/>\n<meta property=\"og:url\" content=\"https:\/\/qingdaohf.com\/tr\/urun\/plasti\u0307k-temel-havalandirma-geni\u0307sleyebi\u0307li\u0307r-hava-bukumu\/\" \/>\n<meta property=\"og:site_name\" content=\"Concrete Form &amp; Rigging Hardware Supplier\" \/>\n<meta property=\"article:publisher\" content=\"https:\/\/www.facebook.com\/qingdaohf\" \/>\n<meta property=\"article:modified_time\" content=\"2025-11-13T01:03:36+00:00\" \/>\n<meta property=\"og:image\" content=\"https:\/\/qingdaohf.com\/wp-content\/uploads\/2024\/05\/plastic-vent-1.jpg\" \/>\n\t<meta property=\"og:image:width\" content=\"1000\" \/>\n\t<meta property=\"og:image:height\" content=\"1000\" \/>\n\t<meta property=\"og:image:type\" content=\"image\/jpeg\" \/>\n<meta name=\"twitter:card\" content=\"summary_large_image\" \/>\n<meta name=\"twitter:label1\" content=\"Tahmini okuma s\u00fcresi\" \/>\n\t<meta name=\"twitter:data1\" content=\"1 dakika\" \/>\n<script type=\"application\/ld+json\" class=\"yoast-schema-graph\">{\"@context\":\"https:\/\/schema.org\",\"@graph\":[{\"@type\":\"WebPage\",\"@id\":\"https:\/\/qingdaohf.com\/product\/plastic-foundation-vent-expandable-air-bent\/\",\"url\":\"https:\/\/qingdaohf.com\/product\/plastic-foundation-vent-expandable-air-bent\/\",\"name\":\"Plastic Foundation Vent Expandable Air Bent\",\"isPartOf\":{\"@id\":\"https:\/\/qingdaohf.com\/bg\/#website\"},\"primaryImageOfPage\":{\"@id\":\"https:\/\/qingdaohf.com\/product\/plastic-foundation-vent-expandable-air-bent\/#primaryimage\"},\"image\":{\"@id\":\"https:\/\/qingdaohf.com\/product\/plastic-foundation-vent-expandable-air-bent\/#primaryimage\"},\"thumbnailUrl\":\"https:\/\/qingdaohf.com\/wp-content\/uploads\/2024\/05\/plastic-vent-1.jpg\",\"datePublished\":\"2024-05-09T03:37:00+00:00\",\"dateModified\":\"2025-11-13T01:03:36+00:00\",\"description\":\"The Plastic Foundation Vent is your go-to solution for healthy airflow and moisture control in your crawlspace or basement.\",\"breadcrumb\":{\"@id\":\"https:\/\/qingdaohf.com\/product\/plastic-foundation-vent-expandable-air-bent\/#breadcrumb\"},\"inLanguage\":\"tr\",\"potentialAction\":[{\"@type\":\"ReadAction\",\"target\":[\"https:\/\/qingdaohf.com\/product\/plastic-foundation-vent-expandable-air-bent\/\"]}]},{\"@type\":\"ImageObject\",\"inLanguage\":\"tr\",\"@id\":\"https:\/\/qingdaohf.com\/product\/plastic-foundation-vent-expandable-air-bent\/#primaryimage\",\"url\":\"https:\/\/qingdaohf.com\/wp-content\/uploads\/2024\/05\/plastic-vent-1.jpg\",\"contentUrl\":\"https:\/\/qingdaohf.com\/wp-content\/uploads\/2024\/05\/plastic-vent-1.jpg\",\"width\":1000,\"height\":1000,\"caption\":\"plastic vent\"},{\"@type\":\"BreadcrumbList\",\"@id\":\"https:\/\/qingdaohf.com\/product\/plastic-foundation-vent-expandable-air-bent\/#breadcrumb\",\"itemListElement\":[{\"@type\":\"ListItem\",\"position\":1,\"name\":\"Home\",\"item\":\"https:\/\/qingdaohf.com\/\"},{\"@type\":\"ListItem\",\"position\":2,\"name\":\"Concrete Forming Accessories and Rigging Hardware\",\"item\":\"https:\/\/qingdaohf.com\/bg\/?page_id=944\"},{\"@type\":\"ListItem\",\"position\":3,\"name\":\"Plastic Foundation Vent Expandable Air Bent\"}]},{\"@type\":\"WebSite\",\"@id\":\"https:\/\/qingdaohf.com\/bg\/#website\",\"url\":\"https:\/\/qingdaohf.com\/bg\/\",\"name\":\"Concrete Form & Rigging Hardware Supplier\",\"description\":\"\",\"publisher\":{\"@id\":\"https:\/\/qingdaohf.com\/bg\/#organization\"},\"potentialAction\":[{\"@type\":\"SearchAction\",\"target\":{\"@type\":\"EntryPoint\",\"urlTemplate\":\"https:\/\/qingdaohf.com\/bg\/?s={search_term_string}\"},\"query-input\":{\"@type\":\"PropertyValueSpecification\",\"valueRequired\":true,\"valueName\":\"search_term_string\"}}],\"inLanguage\":\"tr\"},{\"@type\":\"Organization\",\"@id\":\"https:\/\/qingdaohf.com\/bg\/#organization\",\"name\":\"Qingdao H&F\",\"url\":\"https:\/\/qingdaohf.com\/bg\/\",\"logo\":{\"@type\":\"ImageObject\",\"inLanguage\":\"tr\",\"@id\":\"https:\/\/qingdaohf.com\/bg\/#\/schema\/logo\/image\/\",\"url\":\"https:\/\/qingdaohf.com\/wp-content\/uploads\/2022\/12\/cropped-HF-LOGO.png\",\"contentUrl\":\"https:\/\/qingdaohf.com\/wp-content\/uploads\/2022\/12\/cropped-HF-LOGO.png\",\"width\":391,\"height\":249,\"caption\":\"Qingdao H&F\"},\"image\":{\"@id\":\"https:\/\/qingdaohf.com\/bg\/#\/schema\/logo\/image\/\"},\"sameAs\":[\"https:\/\/www.facebook.com\/qingdaohf\"]}]}<\/script>\n<!-- \/ Yoast SEO plugin. -->","yoast_head_json":{"title":"Plastic Foundation Vent Expandable Air Bent","description":"The Plastic Foundation Vent is your go-to solution for healthy airflow and moisture control in your crawlspace or basement.","robots":{"index":"index","follow":"follow","max-snippet":"max-snippet:-1","max-image-preview":"max-image-preview:large","max-video-preview":"max-video-preview:-1"},"canonical":"https:\/\/qingdaohf.com\/tr\/urun\/plasti\u0307k-temel-havalandirma-geni\u0307sleyebi\u0307li\u0307r-hava-bukumu\/","og_locale":"tr_TR","og_type":"article","og_title":"Plastic Foundation Vent Expandable Air Bent","og_description":"The Plastic Foundation Vent is your go-to solution for healthy airflow and moisture control in your crawlspace or basement.","og_url":"https:\/\/qingdaohf.com\/tr\/urun\/plasti\u0307k-temel-havalandirma-geni\u0307sleyebi\u0307li\u0307r-hava-bukumu\/","og_site_name":"Concrete Form &amp; Rigging Hardware Supplier","article_publisher":"https:\/\/www.facebook.com\/qingdaohf","article_modified_time":"2025-11-13T01:03:36+00:00","og_image":[{"width":1000,"height":1000,"url":"https:\/\/qingdaohf.com\/wp-content\/uploads\/2024\/05\/plastic-vent-1.jpg","type":"image\/jpeg"}],"twitter_card":"summary_large_image","twitter_misc":{"Tahmini okuma s\u00fcresi":"1 dakika"},"schema":{"@context":"https:\/\/schema.org","@graph":[{"@type":"WebPage","@id":"https:\/\/qingdaohf.com\/product\/plastic-foundation-vent-expandable-air-bent\/","url":"https:\/\/qingdaohf.com\/product\/plastic-foundation-vent-expandable-air-bent\/","name":"Plastic Foundation Vent Expandable Air Bent","isPartOf":{"@id":"https:\/\/qingdaohf.com\/bg\/#website"},"primaryImageOfPage":{"@id":"https:\/\/qingdaohf.com\/product\/plastic-foundation-vent-expandable-air-bent\/#primaryimage"},"image":{"@id":"https:\/\/qingdaohf.com\/product\/plastic-foundation-vent-expandable-air-bent\/#primaryimage"},"thumbnailUrl":"https:\/\/qingdaohf.com\/wp-content\/uploads\/2024\/05\/plastic-vent-1.jpg","datePublished":"2024-05-09T03:37:00+00:00","dateModified":"2025-11-13T01:03:36+00:00","description":"The Plastic Foundation Vent is your go-to solution for healthy airflow and moisture control in your crawlspace or basement.","breadcrumb":{"@id":"https:\/\/qingdaohf.com\/product\/plastic-foundation-vent-expandable-air-bent\/#breadcrumb"},"inLanguage":"tr","potentialAction":[{"@type":"ReadAction","target":["https:\/\/qingdaohf.com\/product\/plastic-foundation-vent-expandable-air-bent\/"]}]},{"@type":"ImageObject","inLanguage":"tr","@id":"https:\/\/qingdaohf.com\/product\/plastic-foundation-vent-expandable-air-bent\/#primaryimage","url":"https:\/\/qingdaohf.com\/wp-content\/uploads\/2024\/05\/plastic-vent-1.jpg","contentUrl":"https:\/\/qingdaohf.com\/wp-content\/uploads\/2024\/05\/plastic-vent-1.jpg","width":1000,"height":1000,"caption":"plastic vent"},{"@type":"BreadcrumbList","@id":"https:\/\/qingdaohf.com\/product\/plastic-foundation-vent-expandable-air-bent\/#breadcrumb","itemListElement":[{"@type":"ListItem","position":1,"name":"Home","item":"https:\/\/qingdaohf.com\/"},{"@type":"ListItem","position":2,"name":"Concrete Forming Accessories and Rigging Hardware","item":"https:\/\/qingdaohf.com\/bg\/?page_id=944"},{"@type":"ListItem","position":3,"name":"Plastic Foundation Vent Expandable Air Bent"}]},{"@type":"WebSite","@id":"https:\/\/qingdaohf.com\/bg\/#website","url":"https:\/\/qingdaohf.com\/bg\/","name":"Concrete Form & Rigging Hardware Supplier","description":"","publisher":{"@id":"https:\/\/qingdaohf.com\/bg\/#organization"},"potentialAction":[{"@type":"SearchAction","target":{"@type":"EntryPoint","urlTemplate":"https:\/\/qingdaohf.com\/bg\/?s={search_term_string}"},"query-input":{"@type":"PropertyValueSpecification","valueRequired":true,"valueName":"search_term_string"}}],"inLanguage":"tr"},{"@type":"Organization","@id":"https:\/\/qingdaohf.com\/bg\/#organization","name":"Qingdao H&F","url":"https:\/\/qingdaohf.com\/bg\/","logo":{"@type":"ImageObject","inLanguage":"tr","@id":"https:\/\/qingdaohf.com\/bg\/#\/schema\/logo\/image\/","url":"https:\/\/qingdaohf.com\/wp-content\/uploads\/2022\/12\/cropped-HF-LOGO.png","contentUrl":"https:\/\/qingdaohf.com\/wp-content\/uploads\/2022\/12\/cropped-HF-LOGO.png","width":391,"height":249,"caption":"Qingdao H&F"},"image":{"@id":"https:\/\/qingdaohf.com\/bg\/#\/schema\/logo\/image\/"},"sameAs":["https:\/\/www.facebook.com\/qingdaohf"]}]}},"_links":{"self":[{"href":"https:\/\/qingdaohf.com\/tr\/wp-json\/wp\/v2\/product\/7015","targetHints":{"allow":["GET"]}}],"collection":[{"href":"https:\/\/qingdaohf.com\/tr\/wp-json\/wp\/v2\/product"}],"about":[{"href":"https:\/\/qingdaohf.com\/tr\/wp-json\/wp\/v2\/types\/product"}],"replies":[{"embeddable":true,"href":"https:\/\/qingdaohf.com\/tr\/wp-json\/wp\/v2\/comments?post=7015"}],"version-history":[{"count":1,"href":"https:\/\/qingdaohf.com\/tr\/wp-json\/wp\/v2\/product\/7015\/revisions"}],"predecessor-version":[{"id":7022,"href":"https:\/\/qingdaohf.com\/tr\/wp-json\/wp\/v2\/product\/7015\/revisions\/7022"}],"wp:featuredmedia":[{"embeddable":true,"href":"https:\/\/qingdaohf.com\/tr\/wp-json\/wp\/v2\/media\/7016"}],"wp:attachment":[{"href":"https:\/\/qingdaohf.com\/tr\/wp-json\/wp\/v2\/media?parent=7015"}],"wp:term":[{"taxonomy":"product_brand","embeddable":true,"href":"https:\/\/qingdaohf.com\/tr\/wp-json\/wp\/v2\/product_brand?post=7015"},{"taxonomy":"product_cat","embeddable":true,"href":"https:\/\/qingdaohf.com\/tr\/wp-json\/wp\/v2\/product_cat?post=7015"},{"taxonomy":"product_tag","embeddable":true,"href":"https:\/\/qingdaohf.com\/tr\/wp-json\/wp\/v2\/product_tag?post=7015"}],"curies":[{"name":"wp","href":"https:\/\/api.w.org\/{rel}","templated":true}]}}