{"id":7163,"date":"2024-05-20T13:42:36","date_gmt":"2024-05-20T05:42:36","guid":{"rendered":"http:\/\/qingdaohf.com\/?post_type=product&#038;p=7163"},"modified":"2025-11-13T09:03:16","modified_gmt":"2025-11-13T01:03:16","slug":"aluminum-form-wall-ties","status":"publish","type":"product","link":"https:\/\/qingdaohf.com\/tr\/urun\/alumi\u0307nyum-form-duvar-baglari\/","title":{"rendered":"Al\u00fcminyum Form Duvar Ba\u011flar\u0131"},"content":{"rendered":"<p>Al\u00fcminyum kal\u0131p ba\u011flar\u0131, \u00f6zellikle hassasiyet ve dayan\u0131kl\u0131l\u0131k \u00e7ok \u00f6nemli oldu\u011funda, beton kal\u0131p yap\u0131m\u0131nda kritik bir rol oynar. Bu ba\u011flar, beton d\u00f6kme i\u015flemi s\u0131ras\u0131nda kal\u0131plar\u0131 yerinde tutarak kal\u0131plar\u0131n ama\u00e7lanan \u015fekillerini ve hizalar\u0131n\u0131 korumalar\u0131n\u0131 sa\u011flar. Sonu\u00e7 olarak, beton duvarlarda ve kolonlarda yap\u0131sal b\u00fct\u00fcnl\u00fc\u011f\u00fc ve tekd\u00fczeli\u011fi garanti etmeye yard\u0131mc\u0131 olurlar. Kal\u0131p ba\u011flar\u0131 malzeme a\u00e7\u0131s\u0131ndan farkl\u0131l\u0131k g\u00f6sterebilir, ancak al\u00fcminyum, mukavemet, hafiflik ve korozyon direnci kombinasyonu nedeniyle \u00f6ne \u00e7\u0131kar. Qingdao H&amp;F'de, in\u015faat sekt\u00f6r\u00fcn\u00fcn ihtiya\u00e7lar\u0131na g\u00f6re uyarlanm\u0131\u015f y\u00fcksek kaliteli al\u00fcminyum kal\u0131p ba\u011flar\u0131 sa\u011flayarak projelerinizin verimli ve g\u00fcvenli bir \u015fekilde tamamlanmas\u0131n\u0131 sa\u011fl\u0131yoruz.<\/p>\n<h3><strong>Form Ba\u011flar\u0131 i\u00e7in Neden Al\u00fcminyum?<\/strong><\/h3>\n<p>Al\u00fcminyumun form ba\u011flar\u0131nda kullan\u0131m\u0131, onu zorlu in\u015faat ortamlar\u0131 i\u00e7in \u00e7ok uygun k\u0131lan benzersiz \u00f6zellikleri nedeniyle artm\u0131\u015ft\u0131r. Al\u00fcminyum hafif ancak g\u00fc\u00e7l\u00fcd\u00fcr, bu da performanstan \u00f6d\u00fcn vermeden sahada kullan\u0131m\u0131n\u0131 kolayla\u015ft\u0131r\u0131r. Bu, \u00f6zellikle b\u00fcy\u00fck hacimli ba\u011flar gerekti\u011finde veya i\u015f\u00e7ilerin a\u011f\u0131r i\u015f y\u00fcklerini y\u00f6netmesi gerekti\u011finde faydal\u0131d\u0131r. \u00c7elik gibi di\u011fer malzemelerin aksine, al\u00fcminyumun hafifli\u011fi ta\u015f\u0131ma ve kurulum s\u0131ras\u0131nda gerilimi azalt\u0131r.<\/p>\n<p>Korozyon direnci bir di\u011fer \u00f6nemli avantajd\u0131r. Kal\u0131p ba\u011flar\u0131 neme ve beton kar\u0131\u015f\u0131m\u0131ndaki \u00e7e\u015fitli kimyasallara maruz kal\u0131r. Al\u00fcminyum do\u011fal olarak pasa ve di\u011fer korozyon bi\u00e7imlerine kar\u015f\u0131 diren\u00e7lidir, bu da kal\u0131p ba\u011flar\u0131n\u0131n \u00f6mr\u00fcn\u00fc uzat\u0131r ve s\u0131k s\u0131k de\u011fi\u015ftirme ihtiyac\u0131n\u0131 azalt\u0131r. Bu dayan\u0131kl\u0131l\u0131k, \u00f6zellikle ar\u0131za s\u00fcresinin ve bak\u0131m\u0131n en aza indirilmesinin \u00e7ok \u00f6nemli oldu\u011fu b\u00fcy\u00fck \u00f6l\u00e7ekli projelerde \u015firketler i\u00e7in uzun vadeli maliyet tasarrufu anlam\u0131na gelir.<\/p>\n<h3><strong>\u0130n\u015faatta Verimlilik ve Maliyet Etkinli\u011fi<\/strong><\/h3>\n<p>Verimlilik, ba\u015far\u0131l\u0131 in\u015faat projelerinin temel ta\u015f\u0131d\u0131r ve kal\u0131p ba\u011flar\u0131, kal\u0131b\u0131n yerinde kalmas\u0131n\u0131 sa\u011flayarak maliyetli hatalar\u0131 \u00f6nleyerek bu hedefe katk\u0131da bulunur. K\u00f6t\u00fc hizalanm\u0131\u015f veya zay\u0131f tutulan kal\u0131plar betonda yap\u0131sal sorunlara yol a\u00e7arak gecikmelere, malzeme israf\u0131na ve potansiyel olarak g\u00fcvensiz sonu\u00e7lara neden olabilir. Al\u00fcminyum kal\u0131p ba\u011flar\u0131 yaln\u0131zca g\u00fcvenli kal\u0131p sa\u011flamakla kalmaz, ayn\u0131 zamanda kurulum ve s\u00f6k\u00fcm s\u00fcre\u00e7lerini de basitle\u015ftirir.<\/p>\n<p>Al\u00fcminyum kal\u0131p ba\u011flar\u0131 yeniden kullan\u0131labilir oldu\u011fundan, zaman i\u00e7inde \u00f6nemli \u00f6l\u00e7\u00fcde maliyet tasarrufu sa\u011flar. Y\u00fckleniciler genellikle k\u0131sa vadeli maliyetleri uzun vadeli faydalarla dengeleme ikilemiyle kar\u015f\u0131 kar\u015f\u0131ya kal\u0131rlar ve dayan\u0131kl\u0131, yeniden kullan\u0131labilir kal\u0131p ba\u011flar\u0131na yat\u0131r\u0131m yapmak s\u0131k s\u0131k de\u011fi\u015ftirme ihtiyac\u0131n\u0131 azaltabilir ve genel proje maliyetlerini d\u00fc\u015f\u00fcrebilir. Ayr\u0131ca, al\u00fcminyum ba\u011flar daha hafif ve ta\u015f\u0131nmas\u0131 daha kolay oldu\u011fu i\u00e7in lojistik maliyetleri azalt\u0131r ve sahadaki operasyonlar\u0131 daha verimli hale getirir.<\/p>\n<div class=\"ast-oembed-container\" style=\"height: 100%;\"><iframe title=\"Beton \u015eekillendirme Aksesuarlar\u0131 Kavisli Kama ve D\u00fcz Kama\" width=\"500\" height=\"281\" src=\"https:\/\/www.youtube.com\/embed\/_He4pUDjl1U?feature=oembed\" frameborder=\"0\" allow=\"accelerometer; autoplay; clipboard-write; encrypted-media; gyroscope; picture-in-picture; web-share\" referrerpolicy=\"strict-origin-when-cross-origin\" allowfullscreen><\/iframe><\/div>\n<h3><strong>S\u00fcrd\u00fcr\u00fclebilirlik ve \u00c7evresel Etki<\/strong><\/h3>\n<p>Modern in\u015faat sekt\u00f6r\u00fcnde s\u00fcrd\u00fcr\u00fclebilirlik giderek daha \u00f6nemli hale gelmektedir ve al\u00fcminyum form ba\u011flar\u0131 \u00e7evre dostu uygulamalarla uyumludur. Al\u00fcminyum y\u00fcksek oranda geri d\u00f6n\u00fc\u015ft\u00fcr\u00fclebilir ve bir\u00e7ok al\u00fcminyum \u00fcr\u00fcn geri d\u00f6n\u00fc\u015ft\u00fcr\u00fclm\u00fc\u015f malzemelerden \u00fcretilir. Bu, yeni hammadde talebini azalt\u0131r ve \u00e7evresel etkiyi en aza indirir. Ya\u015fam d\u00f6ng\u00fclerinin sonunda, al\u00fcminyum kal\u0131p ba\u011flar\u0131 eritilebilir ve do\u011fal \u00f6zelliklerini kaybetmeden yeniden kullan\u0131labilir, bu da onlar\u0131 karbon ayak izlerini azaltmaya odaklanan in\u015faat profesyonelleri i\u00e7in s\u00fcrd\u00fcr\u00fclebilir bir se\u00e7im haline getirir.<\/p>\n<p>Ayr\u0131ca, al\u00fcminyum gibi dayan\u0131kl\u0131, yeniden kullan\u0131labilir malzemelerin kullan\u0131lmas\u0131 sahada olu\u015fan at\u0131klar\u0131 azalt\u0131r. M\u00fcteahhitler al\u00fcminyum kal\u0131p ba\u011flar\u0131n\u0131 birden fazla projede yeniden kullanabilir ve aksi takdirde \u00e7\u00f6pl\u00fcklere gidecek olan at\u0131lm\u0131\u015f malzeme miktar\u0131n\u0131 \u00f6nemli \u00f6l\u00e7\u00fcde azaltabilir. Bu, in\u015faat \u015firketlerinin k\u00fcresel s\u00fcrd\u00fcr\u00fclebilirlik hedeflerine uyum sa\u011flamas\u0131na ve \u00e7evreye duyarl\u0131 uygulamalara \u00f6ncelik veren m\u00fc\u015fterilere hitap etmesine yard\u0131mc\u0131 olur.<\/p>\n<h3><strong>Qingdao H&amp;F'nin Kalite ve Hizmet Taahh\u00fcd\u00fc<\/strong><\/h3>\n<p>Qingdao H&amp;F olarak, in\u015faat profesyonellerinin projelerini zaman\u0131nda ve b\u00fct\u00e7e dahilinde tamamlamak i\u00e7in g\u00fcvenilir malzemelere ve ola\u011fan\u00fcst\u00fc hizmete ihtiya\u00e7 duyduklar\u0131n\u0131 biliyoruz. Al\u00fcminyum kal\u0131p ba\u011flar\u0131m\u0131z, tutarl\u0131 performans ve dayan\u0131kl\u0131l\u0131k sa\u011flayan s\u0131k\u0131 kalite kontrol standartlar\u0131yla \u00fcretilmektedir. Sadece y\u00fcksek kaliteli \u00fcr\u00fcnler de\u011fil, ayn\u0131 zamanda rekabet\u00e7i fiyatlar sunarak m\u00fc\u015fterilerimizin hem uygun fiyattan hem de m\u00fckemmellikten yararlanmalar\u0131n\u0131 sa\u011flamaktan gurur duyuyoruz.<\/p>\n<p>Her projenin benzersiz oldu\u011funun fark\u0131nday\u0131z ve ekibimiz, \u00f6zel ihtiya\u00e7lar\u0131n\u0131z i\u00e7in en iyi \u00fcr\u00fcnleri alman\u0131z\u0131 sa\u011flamak i\u00e7in bire bir m\u00fc\u015fteri hizmeti sunmaktad\u0131r. Do\u011fru al\u00fcminyum kal\u0131p ba\u011flar\u0131n\u0131 se\u00e7menize yard\u0131mc\u0131 olmaktan projeniz boyunca s\u00fcrekli destek sa\u011flamaya kadar, sat\u0131n alma deneyiminizi sorunsuz ve verimli hale getirmeye kararl\u0131y\u0131z. \u0130n\u015faat sekt\u00f6r\u00fcne hizmet veren 20 y\u0131ll\u0131k ge\u00e7mi\u015fiyle Qingdao H&amp;F, g\u00fcvenilirlik, g\u00fcvenilirlik ve m\u00fc\u015fteri memnuniyeti konusunda itibar kazanm\u0131\u015ft\u0131r.<\/p>\n<h3><strong>Sonu\u00e7: Neden Qingdao H&amp;F'den Al\u00fcminyum Form Ba\u011flar\u0131?<\/strong><\/h3>\n<p>Do\u011fru kal\u0131p ba\u011flar\u0131n\u0131 se\u00e7mek, in\u015faat projelerinizin ba\u015far\u0131s\u0131n\u0131 sa\u011flamak i\u00e7in \u00e7ok \u00f6nemlidir ve al\u00fcminyum kal\u0131p ba\u011flar\u0131, di\u011fer birka\u00e7 malzemenin e\u015fle\u015febilece\u011fi g\u00fc\u00e7, dayan\u0131kl\u0131l\u0131k ve maliyet etkinli\u011finin bir kombinasyonunu sunar. Qingdao H&amp;F'de, modern in\u015faat\u0131n ihtiya\u00e7lar\u0131n\u0131 kar\u015f\u0131layan \u00fcst d\u00fczey al\u00fcminyum kal\u0131p ba\u011flar\u0131 sa\u011flayarak projelerinizin uzun \u00f6m\u00fcrl\u00fc olmas\u0131n\u0131 sa\u011fl\u0131yoruz. Kaliteye, rekabet\u00e7i fiyatland\u0131rmaya ve benzersiz m\u00fc\u015fteri hizmetlerine odaklanarak, in\u015faatta m\u00fckemmelli\u011fe ula\u015fmada g\u00fcvenilir orta\u011f\u0131n\u0131z oluyoruz. \u0130ster k\u00fc\u00e7\u00fck \u00f6l\u00e7ekli bir proje ister b\u00fcy\u00fck bir altyap\u0131 geli\u015ftirme \u00fczerinde \u00e7al\u0131\u015f\u0131yor olun, al\u00fcminyum kal\u0131p ba\u011flar\u0131m\u0131z her seferinde en iyi sonu\u00e7lar\u0131 elde etmenize yard\u0131mc\u0131 olacakt\u0131r.<\/p>","protected":false},"excerpt":{"rendered":"<p><strong>Hassas beton duvar boyutlar\u0131 elde edin ve yap\u0131sal b\u00fct\u00fcnl\u00fc\u011f\u00fc sa\u011flay\u0131n<\/strong> al\u00fcminyum \u015fekillendirme sistemlerinde hayati bir bile\u015fen olan Al\u00fcminyum Form Duvar Ba\u011flar\u0131 ile. Bu ba\u011flar, sa\u011flam ve verimli bir duvar kal\u0131b\u0131 sistemi olu\u015fturmak i\u00e7in Al\u00fcminyum Form Pimleri ve Al\u00fcminyum Form Takozlar\u0131 ile birlikte \u00e7al\u0131\u015f\u0131r. <strong>Duvar Kal\u0131nl\u0131\u011f\u0131 \u00d6l\u00e7\u00fcleri<\/strong> \u00e7e\u015fitli beton duvar tasar\u0131mlar\u0131na uyum sa\u011flamak i\u00e7in. Yayg\u0131n boyutlar \u015funlar\u0131 i\u00e7erir <strong>6\" - 24\"<\/strong>Bu sayede farkl\u0131 kal\u0131nl\u0131klarda duvarlar\u0131 kolayl\u0131kla in\u015fa edebilirsiniz.<\/p>","protected":false},"featured_media":7168,"comment_status":"open","ping_status":"closed","template":"","meta":{"site-sidebar-layout":"default","site-content-layout":"","ast-site-content-layout":"default","site-content-style":"default","site-sidebar-style":"default","ast-global-header-display":"","ast-banner-title-visibility":"","ast-main-header-display":"","ast-hfb-above-header-display":"","ast-hfb-below-header-display":"","ast-hfb-mobile-header-display":"","site-post-title":"","ast-breadcrumbs-content":"","ast-featured-img":"","footer-sml-layout":"","theme-transparent-header-meta":"default","adv-header-id-meta":"","stick-header-meta":"default","header-above-stick-meta":"","header-main-stick-meta":"","header-below-stick-meta":"","astra-migrate-meta-layouts":"set","ast-page-background-enabled":"default","ast-page-background-meta":{"desktop":{"background-color":"","background-image":"","background-repeat":"repeat","background-position":"center center","background-size":"auto","background-attachment":"scroll","background-type":"","background-media":"","overlay-type":"","overlay-color":"","overlay-opacity":"","overlay-gradient":""},"tablet":{"background-color":"","background-image":"","background-repeat":"repeat","background-position":"center center","background-size":"auto","background-attachment":"scroll","background-type":"","background-media":"","overlay-type":"","overlay-color":"","overlay-opacity":"","overlay-gradient":""},"mobile":{"background-color":"","background-image":"","background-repeat":"repeat","background-position":"center center","background-size":"auto","background-attachment":"scroll","background-type":"","background-media":"","overlay-type":"","overlay-color":"","overlay-opacity":"","overlay-gradient":""}},"ast-content-background-meta":{"desktop":{"background-color":"var(--ast-global-color-5)","background-image":"","background-repeat":"repeat","background-position":"center center","background-size":"auto","background-attachment":"scroll","background-type":"","background-media":"","overlay-type":"","overlay-color":"","overlay-opacity":"","overlay-gradient":""},"tablet":{"background-color":"var(--ast-global-color-5)","background-image":"","background-repeat":"repeat","background-position":"center center","background-size":"auto","background-attachment":"scroll","background-type":"","background-media":"","overlay-type":"","overlay-color":"","overlay-opacity":"","overlay-gradient":""},"mobile":{"background-color":"var(--ast-global-color-5)","background-image":"","background-repeat":"repeat","background-position":"center center","background-size":"auto","background-attachment":"scroll","background-type":"","background-media":"","overlay-type":"","overlay-color":"","overlay-opacity":"","overlay-gradient":""}}},"product_brand":[],"product_cat":[65],"product_tag":[],"class_list":{"0":"post-7163","1":"product","2":"type-product","3":"status-publish","4":"has-post-thumbnail","6":"product_cat-aluminum-form-tie","7":"desktop-align-left","8":"tablet-align-left","9":"mobile-align-left","10":"ast-product-gallery-layout-horizontal-slider","11":"ast-product-tabs-layout-horizontal","13":"first","14":"instock","15":"shipping-taxable","16":"purchasable","17":"product-type-simple"},"yoast_head":"<!-- This site is optimized with the Yoast SEO plugin v25.2 - https:\/\/yoast.com\/wordpress\/plugins\/seo\/ -->\n<title>Aluminum Form Wall Ties<\/title>\n<meta name=\"description\" content=\"Aluminum Form Wall Ties are available in a range of Wall Thickness Sizes to accommodate various concrete wall designs. Common sizes include 6\u201d - 24\u201d.\" \/>\n<meta name=\"robots\" content=\"index, follow, max-snippet:-1, max-image-preview:large, max-video-preview:-1\" \/>\n<link rel=\"canonical\" href=\"https:\/\/qingdaohf.com\/tr\/urun\/alumi\u0307nyum-form-duvar-baglari\/\" \/>\n<meta property=\"og:locale\" content=\"tr_TR\" \/>\n<meta property=\"og:type\" content=\"article\" \/>\n<meta property=\"og:title\" content=\"Aluminum Form Wall Ties\" \/>\n<meta property=\"og:description\" content=\"Aluminum Form Wall Ties are available in a range of Wall Thickness Sizes to accommodate various concrete wall designs. Common sizes include 6\u201d - 24\u201d.\" \/>\n<meta property=\"og:url\" content=\"https:\/\/qingdaohf.com\/tr\/urun\/alumi\u0307nyum-form-duvar-baglari\/\" \/>\n<meta property=\"og:site_name\" content=\"Concrete Form &amp; Rigging Hardware Supplier\" \/>\n<meta property=\"article:publisher\" content=\"https:\/\/www.facebook.com\/qingdaohf\" \/>\n<meta property=\"article:modified_time\" content=\"2025-11-13T01:03:16+00:00\" \/>\n<meta property=\"og:image\" content=\"https:\/\/qingdaohf.com\/wp-content\/uploads\/2024\/05\/Aluminum-Form-Wall-Ties-1.jpg\" \/>\n\t<meta property=\"og:image:width\" content=\"1000\" \/>\n\t<meta property=\"og:image:height\" content=\"1000\" \/>\n\t<meta property=\"og:image:type\" content=\"image\/jpeg\" \/>\n<meta name=\"twitter:card\" content=\"summary_large_image\" \/>\n<meta name=\"twitter:label1\" content=\"Tahmini okuma s\u00fcresi\" \/>\n\t<meta name=\"twitter:data1\" content=\"4 dakika\" \/>\n<script type=\"application\/ld+json\" class=\"yoast-schema-graph\">{\"@context\":\"https:\/\/schema.org\",\"@graph\":[{\"@type\":\"WebPage\",\"@id\":\"https:\/\/qingdaohf.com\/product\/aluminum-form-wall-ties\/\",\"url\":\"https:\/\/qingdaohf.com\/product\/aluminum-form-wall-ties\/\",\"name\":\"Aluminum Form Wall Ties\",\"isPartOf\":{\"@id\":\"https:\/\/qingdaohf.com\/bg\/#website\"},\"primaryImageOfPage\":{\"@id\":\"https:\/\/qingdaohf.com\/product\/aluminum-form-wall-ties\/#primaryimage\"},\"image\":{\"@id\":\"https:\/\/qingdaohf.com\/product\/aluminum-form-wall-ties\/#primaryimage\"},\"thumbnailUrl\":\"https:\/\/qingdaohf.com\/wp-content\/uploads\/2024\/05\/Aluminum-Form-Wall-Ties-1.jpg\",\"datePublished\":\"2024-05-20T05:42:36+00:00\",\"dateModified\":\"2025-11-13T01:03:16+00:00\",\"description\":\"Aluminum Form Wall Ties are available in a range of Wall Thickness Sizes to accommodate various concrete wall designs. Common sizes include 6\u201d - 24\u201d.\",\"breadcrumb\":{\"@id\":\"https:\/\/qingdaohf.com\/product\/aluminum-form-wall-ties\/#breadcrumb\"},\"inLanguage\":\"tr\",\"potentialAction\":[{\"@type\":\"ReadAction\",\"target\":[\"https:\/\/qingdaohf.com\/product\/aluminum-form-wall-ties\/\"]}]},{\"@type\":\"ImageObject\",\"inLanguage\":\"tr\",\"@id\":\"https:\/\/qingdaohf.com\/product\/aluminum-form-wall-ties\/#primaryimage\",\"url\":\"https:\/\/qingdaohf.com\/wp-content\/uploads\/2024\/05\/Aluminum-Form-Wall-Ties-1.jpg\",\"contentUrl\":\"https:\/\/qingdaohf.com\/wp-content\/uploads\/2024\/05\/Aluminum-Form-Wall-Ties-1.jpg\",\"width\":1000,\"height\":1000,\"caption\":\"Aluminum Form Wall Ties\"},{\"@type\":\"BreadcrumbList\",\"@id\":\"https:\/\/qingdaohf.com\/product\/aluminum-form-wall-ties\/#breadcrumb\",\"itemListElement\":[{\"@type\":\"ListItem\",\"position\":1,\"name\":\"Home\",\"item\":\"https:\/\/qingdaohf.com\/\"},{\"@type\":\"ListItem\",\"position\":2,\"name\":\"Concrete Forming Accessories and Rigging Hardware\",\"item\":\"https:\/\/qingdaohf.com\/bg\/?page_id=944\"},{\"@type\":\"ListItem\",\"position\":3,\"name\":\"Aluminum Form Wall Ties\"}]},{\"@type\":\"WebSite\",\"@id\":\"https:\/\/qingdaohf.com\/bg\/#website\",\"url\":\"https:\/\/qingdaohf.com\/bg\/\",\"name\":\"Concrete Form & Rigging Hardware Supplier\",\"description\":\"\",\"publisher\":{\"@id\":\"https:\/\/qingdaohf.com\/bg\/#organization\"},\"potentialAction\":[{\"@type\":\"SearchAction\",\"target\":{\"@type\":\"EntryPoint\",\"urlTemplate\":\"https:\/\/qingdaohf.com\/bg\/?s={search_term_string}\"},\"query-input\":{\"@type\":\"PropertyValueSpecification\",\"valueRequired\":true,\"valueName\":\"search_term_string\"}}],\"inLanguage\":\"tr\"},{\"@type\":\"Organization\",\"@id\":\"https:\/\/qingdaohf.com\/bg\/#organization\",\"name\":\"Qingdao H&F\",\"url\":\"https:\/\/qingdaohf.com\/bg\/\",\"logo\":{\"@type\":\"ImageObject\",\"inLanguage\":\"tr\",\"@id\":\"https:\/\/qingdaohf.com\/bg\/#\/schema\/logo\/image\/\",\"url\":\"https:\/\/qingdaohf.com\/wp-content\/uploads\/2022\/12\/cropped-HF-LOGO.png\",\"contentUrl\":\"https:\/\/qingdaohf.com\/wp-content\/uploads\/2022\/12\/cropped-HF-LOGO.png\",\"width\":391,\"height\":249,\"caption\":\"Qingdao H&F\"},\"image\":{\"@id\":\"https:\/\/qingdaohf.com\/bg\/#\/schema\/logo\/image\/\"},\"sameAs\":[\"https:\/\/www.facebook.com\/qingdaohf\"]}]}<\/script>\n<!-- \/ Yoast SEO plugin. -->","yoast_head_json":{"title":"Aluminum Form Wall Ties","description":"Aluminum Form Wall Ties are available in a range of Wall Thickness Sizes to accommodate various concrete wall designs. Common sizes include 6\u201d - 24\u201d.","robots":{"index":"index","follow":"follow","max-snippet":"max-snippet:-1","max-image-preview":"max-image-preview:large","max-video-preview":"max-video-preview:-1"},"canonical":"https:\/\/qingdaohf.com\/tr\/urun\/alumi\u0307nyum-form-duvar-baglari\/","og_locale":"tr_TR","og_type":"article","og_title":"Aluminum Form Wall Ties","og_description":"Aluminum Form Wall Ties are available in a range of Wall Thickness Sizes to accommodate various concrete wall designs. Common sizes include 6\u201d - 24\u201d.","og_url":"https:\/\/qingdaohf.com\/tr\/urun\/alumi\u0307nyum-form-duvar-baglari\/","og_site_name":"Concrete Form &amp; Rigging Hardware Supplier","article_publisher":"https:\/\/www.facebook.com\/qingdaohf","article_modified_time":"2025-11-13T01:03:16+00:00","og_image":[{"width":1000,"height":1000,"url":"https:\/\/qingdaohf.com\/wp-content\/uploads\/2024\/05\/Aluminum-Form-Wall-Ties-1.jpg","type":"image\/jpeg"}],"twitter_card":"summary_large_image","twitter_misc":{"Tahmini okuma s\u00fcresi":"4 dakika"},"schema":{"@context":"https:\/\/schema.org","@graph":[{"@type":"WebPage","@id":"https:\/\/qingdaohf.com\/product\/aluminum-form-wall-ties\/","url":"https:\/\/qingdaohf.com\/product\/aluminum-form-wall-ties\/","name":"Aluminum Form Wall Ties","isPartOf":{"@id":"https:\/\/qingdaohf.com\/bg\/#website"},"primaryImageOfPage":{"@id":"https:\/\/qingdaohf.com\/product\/aluminum-form-wall-ties\/#primaryimage"},"image":{"@id":"https:\/\/qingdaohf.com\/product\/aluminum-form-wall-ties\/#primaryimage"},"thumbnailUrl":"https:\/\/qingdaohf.com\/wp-content\/uploads\/2024\/05\/Aluminum-Form-Wall-Ties-1.jpg","datePublished":"2024-05-20T05:42:36+00:00","dateModified":"2025-11-13T01:03:16+00:00","description":"Aluminum Form Wall Ties are available in a range of Wall Thickness Sizes to accommodate various concrete wall designs. Common sizes include 6\u201d - 24\u201d.","breadcrumb":{"@id":"https:\/\/qingdaohf.com\/product\/aluminum-form-wall-ties\/#breadcrumb"},"inLanguage":"tr","potentialAction":[{"@type":"ReadAction","target":["https:\/\/qingdaohf.com\/product\/aluminum-form-wall-ties\/"]}]},{"@type":"ImageObject","inLanguage":"tr","@id":"https:\/\/qingdaohf.com\/product\/aluminum-form-wall-ties\/#primaryimage","url":"https:\/\/qingdaohf.com\/wp-content\/uploads\/2024\/05\/Aluminum-Form-Wall-Ties-1.jpg","contentUrl":"https:\/\/qingdaohf.com\/wp-content\/uploads\/2024\/05\/Aluminum-Form-Wall-Ties-1.jpg","width":1000,"height":1000,"caption":"Aluminum Form Wall Ties"},{"@type":"BreadcrumbList","@id":"https:\/\/qingdaohf.com\/product\/aluminum-form-wall-ties\/#breadcrumb","itemListElement":[{"@type":"ListItem","position":1,"name":"Home","item":"https:\/\/qingdaohf.com\/"},{"@type":"ListItem","position":2,"name":"Concrete Forming Accessories and Rigging Hardware","item":"https:\/\/qingdaohf.com\/bg\/?page_id=944"},{"@type":"ListItem","position":3,"name":"Aluminum Form Wall Ties"}]},{"@type":"WebSite","@id":"https:\/\/qingdaohf.com\/bg\/#website","url":"https:\/\/qingdaohf.com\/bg\/","name":"Concrete Form & Rigging Hardware Supplier","description":"","publisher":{"@id":"https:\/\/qingdaohf.com\/bg\/#organization"},"potentialAction":[{"@type":"SearchAction","target":{"@type":"EntryPoint","urlTemplate":"https:\/\/qingdaohf.com\/bg\/?s={search_term_string}"},"query-input":{"@type":"PropertyValueSpecification","valueRequired":true,"valueName":"search_term_string"}}],"inLanguage":"tr"},{"@type":"Organization","@id":"https:\/\/qingdaohf.com\/bg\/#organization","name":"Qingdao H&F","url":"https:\/\/qingdaohf.com\/bg\/","logo":{"@type":"ImageObject","inLanguage":"tr","@id":"https:\/\/qingdaohf.com\/bg\/#\/schema\/logo\/image\/","url":"https:\/\/qingdaohf.com\/wp-content\/uploads\/2022\/12\/cropped-HF-LOGO.png","contentUrl":"https:\/\/qingdaohf.com\/wp-content\/uploads\/2022\/12\/cropped-HF-LOGO.png","width":391,"height":249,"caption":"Qingdao H&F"},"image":{"@id":"https:\/\/qingdaohf.com\/bg\/#\/schema\/logo\/image\/"},"sameAs":["https:\/\/www.facebook.com\/qingdaohf"]}]}},"_links":{"self":[{"href":"https:\/\/qingdaohf.com\/tr\/wp-json\/wp\/v2\/product\/7163","targetHints":{"allow":["GET"]}}],"collection":[{"href":"https:\/\/qingdaohf.com\/tr\/wp-json\/wp\/v2\/product"}],"about":[{"href":"https:\/\/qingdaohf.com\/tr\/wp-json\/wp\/v2\/types\/product"}],"replies":[{"embeddable":true,"href":"https:\/\/qingdaohf.com\/tr\/wp-json\/wp\/v2\/comments?post=7163"}],"version-history":[{"count":3,"href":"https:\/\/qingdaohf.com\/tr\/wp-json\/wp\/v2\/product\/7163\/revisions"}],"predecessor-version":[{"id":8094,"href":"https:\/\/qingdaohf.com\/tr\/wp-json\/wp\/v2\/product\/7163\/revisions\/8094"}],"wp:featuredmedia":[{"embeddable":true,"href":"https:\/\/qingdaohf.com\/tr\/wp-json\/wp\/v2\/media\/7168"}],"wp:attachment":[{"href":"https:\/\/qingdaohf.com\/tr\/wp-json\/wp\/v2\/media?parent=7163"}],"wp:term":[{"taxonomy":"product_brand","embeddable":true,"href":"https:\/\/qingdaohf.com\/tr\/wp-json\/wp\/v2\/product_brand?post=7163"},{"taxonomy":"product_cat","embeddable":true,"href":"https:\/\/qingdaohf.com\/tr\/wp-json\/wp\/v2\/product_cat?post=7163"},{"taxonomy":"product_tag","embeddable":true,"href":"https:\/\/qingdaohf.com\/tr\/wp-json\/wp\/v2\/product_tag?post=7163"}],"curies":[{"name":"wp","href":"https:\/\/api.w.org\/{rel}","templated":true}]}}