{"id":7201,"date":"2024-05-21T15:26:46","date_gmt":"2024-05-21T07:26:46","guid":{"rendered":"http:\/\/qingdaohf.com\/?post_type=product&#038;p=7201"},"modified":"2025-11-13T09:03:16","modified_gmt":"2025-11-13T01:03:16","slug":"one-piece-waler-bracket","status":"publish","type":"product","link":"https:\/\/qingdaohf.com\/tr\/urun\/tek-parca-waler-braketi\/","title":{"rendered":"Tek Par\u00e7a Waler Braketi"},"content":{"rendered":"<p>Tan\u0131t\u0131m\u0131 <strong>Tek Par\u00e7a Waler Braketi (Tek Par\u00e7a Waler Kelep\u00e7esi)<\/strong>\u00a0 - kal\u0131p sistemlerini hassasiyet ve g\u00fcvenilirlikle sabitlemek i\u00e7in nihai \u00e7\u00f6z\u00fcm. Y\u00fcksek kaliteli malzemelerle tasarlanan bu sa\u011flam waler braketi, beton kal\u0131plar\u0131n\u0131z\u0131n sabit bir \u015fekilde desteklenmesini ve hizalanmas\u0131n\u0131 sa\u011flayarak in\u015faat s\u00fcre\u00e7lerinizi kolayla\u015ft\u0131r\u0131r ve projelerinizin genel kalitesini art\u0131r\u0131r.<\/p>\n<p><strong>Temel \u00d6zellikler:<\/strong><\/p>\n<ul>\n<li><strong>Dayan\u0131kl\u0131 Yap\u0131:<\/strong> Birinci s\u0131n\u0131f \u00e7elikten \u00fcretilen waler braketimiz, y\u00fcksek gerilime ve zorlu ko\u015fullara dayanacak \u015fekilde \u00fcretilmi\u015ftir ve uzun \u00f6m\u00fcrl\u00fc performans sa\u011flar.<\/li>\n<li><strong>\u00c7ok Y\u00f6nl\u00fc Uygulama:<\/strong> \u00c7e\u015fitli kal\u0131p sistemleriyle uyumlu olacak \u015fekilde tasarlanm\u0131\u015ft\u0131r, bu da onu \u00e7ok \u00e7e\u015fitli in\u015faat projeleri i\u00e7in ideal k\u0131lar.<\/li>\n<li><strong>Kolay Kurulum:<\/strong> Montaj s\u00fcrecini basitle\u015ftirir, basit tasar\u0131m\u0131 ile i\u015f\u00e7ilik s\u00fcresini ve maliyetleri azalt\u0131r.<\/li>\n<li><strong>Hassas Hizalama:<\/strong> D\u00fczg\u00fcn, d\u00fcz beton y\u00fczeyler elde etmek i\u00e7in \u00e7ok \u00f6nemli olan kal\u0131b\u0131n do\u011fru konumland\u0131r\u0131lmas\u0131n\u0131 ve dengesini sa\u011flar.<\/li>\n<li><strong>Geli\u015ftirilmi\u015f G\u00fcvenlik:<\/strong> Kal\u0131p ar\u0131zas\u0131 riskini en aza indirmek i\u00e7in g\u00fcvenli kenetleme sa\u011flayarak daha g\u00fcvenli bir \u00e7al\u0131\u015fma ortam\u0131 sa\u011flar.<\/li>\n<\/ul>\n<p><strong>Uygulamalar:<\/strong><\/p>\n<p>Tek Par\u00e7al\u0131 Waler Braketi, \u00f6zellikle \u00e7\u0131t\u00e7\u0131tl\u0131 ba\u011flarla birlikte kullan\u0131ld\u0131\u011f\u0131nda kal\u0131p yap\u0131m\u0131nda \u00e7ok \u00f6nemlidir. Genellikle waler braketleriyle birlikte kullan\u0131lan \u00e7\u0131t\u00e7\u0131tl\u0131 ba\u011flar, kal\u0131p panellerinin aral\u0131klar\u0131n\u0131 ve hizalamas\u0131n\u0131 korumak i\u00e7in verimli ve etkili bir yol sa\u011flar. Bu kombinasyon \u015fu konularda \u00e7ok \u00f6nemlidir:<\/p>\n<ul>\n<li><strong>Beton Duvar \u0130n\u015faat\u0131:<\/strong> Duvarlar\u0131n d\u00fcz ve d\u00fczg\u00fcn hizalanm\u0131\u015f oldu\u011fundan emin olun.<\/li>\n<li><strong>Bina Temelleri:<\/strong> Temel kal\u0131plar\u0131n b\u00fct\u00fcnl\u00fc\u011f\u00fcn\u00fc ve hassasiyetini korumak.<\/li>\n<li><strong>Ticari ve Konut Projeleri:<\/strong> B\u00fcy\u00fck ticari alanlardan daha k\u00fc\u00e7\u00fck konut in\u015faatlar\u0131na kadar \u00e7e\u015fitli in\u015faat \u00f6l\u00e7eklerinde kullan\u0131labilecek kadar \u00e7ok y\u00f6nl\u00fcd\u00fcr.<\/li>\n<\/ul>\n<p>Tek Par\u00e7a Waler Braketini kal\u0131p sistemlerinize entegre ederek, in\u015faat projelerinizde daha fazla do\u011fruluk, stabilite ve g\u00fcvenlik elde edebilirsiniz.<\/p>\n<p><strong>Neden H&amp;F'yi Se\u00e7melisiniz?<\/strong><\/p>\n<p>H&amp;F, uluslararas\u0131 standartlar\u0131 kar\u015f\u0131layan en y\u00fcksek kalitede in\u015faat donan\u0131m\u0131 sa\u011flamay\u0131 taahh\u00fct eder. Tek Par\u00e7a Waler Braketimiz, g\u00fcvenilir performans ve dayan\u0131kl\u0131l\u0131k sunarak m\u00fckemmelli\u011fe olan ba\u011fl\u0131l\u0131\u011f\u0131m\u0131z\u0131n bir kan\u0131t\u0131d\u0131r.<\/p>","protected":false},"excerpt":{"rendered":"<p>Kal\u0131b\u0131n\u0131z\u0131 dayan\u0131kl\u0131, kurulumu kolay waler braketimizle sabitleyin ve stabilize edin. Beton duvar ve temel in\u015faat\u0131 i\u00e7in ideal olan bu \u00fcr\u00fcn, hassas hizalama ve g\u00fcvenlik sa\u011flar. Verimli ve g\u00fcvenilir kal\u0131p montaj\u0131 i\u00e7in \u00e7\u0131t\u00e7\u0131tl\u0131 ba\u011flar\u0131 m\u00fckemmel \u015fekilde tamamlar. \u0130n\u015faat projelerinizi H&amp;F'nin en kaliteli donan\u0131m\u0131yla geli\u015ftirin.<\/p>","protected":false},"featured_media":7202,"comment_status":"open","ping_status":"closed","template":"","meta":{"site-sidebar-layout":"default","site-content-layout":"","ast-site-content-layout":"default","site-content-style":"default","site-sidebar-style":"default","ast-global-header-display":"","ast-banner-title-visibility":"","ast-main-header-display":"","ast-hfb-above-header-display":"","ast-hfb-below-header-display":"","ast-hfb-mobile-header-display":"","site-post-title":"","ast-breadcrumbs-content":"","ast-featured-img":"","footer-sml-layout":"","theme-transparent-header-meta":"default","adv-header-id-meta":"","stick-header-meta":"default","header-above-stick-meta":"","header-main-stick-meta":"","header-below-stick-meta":"","astra-migrate-meta-layouts":"set","ast-page-background-enabled":"default","ast-page-background-meta":{"desktop":{"background-color":"","background-image":"","background-repeat":"repeat","background-position":"center center","background-size":"auto","background-attachment":"scroll","background-type":"","background-media":"","overlay-type":"","overlay-color":"","overlay-opacity":"","overlay-gradient":""},"tablet":{"background-color":"","background-image":"","background-repeat":"repeat","background-position":"center center","background-size":"auto","background-attachment":"scroll","background-type":"","background-media":"","overlay-type":"","overlay-color":"","overlay-opacity":"","overlay-gradient":""},"mobile":{"background-color":"","background-image":"","background-repeat":"repeat","background-position":"center center","background-size":"auto","background-attachment":"scroll","background-type":"","background-media":"","overlay-type":"","overlay-color":"","overlay-opacity":"","overlay-gradient":""}},"ast-content-background-meta":{"desktop":{"background-color":"var(--ast-global-color-5)","background-image":"","background-repeat":"repeat","background-position":"center center","background-size":"auto","background-attachment":"scroll","background-type":"","background-media":"","overlay-type":"","overlay-color":"","overlay-opacity":"","overlay-gradient":""},"tablet":{"background-color":"var(--ast-global-color-5)","background-image":"","background-repeat":"repeat","background-position":"center center","background-size":"auto","background-attachment":"scroll","background-type":"","background-media":"","overlay-type":"","overlay-color":"","overlay-opacity":"","overlay-gradient":""},"mobile":{"background-color":"var(--ast-global-color-5)","background-image":"","background-repeat":"repeat","background-position":"center center","background-size":"auto","background-attachment":"scroll","background-type":"","background-media":"","overlay-type":"","overlay-color":"","overlay-opacity":"","overlay-gradient":""}}},"product_brand":[],"product_cat":[28],"product_tag":[],"class_list":{"0":"post-7201","1":"product","2":"type-product","3":"status-publish","4":"has-post-thumbnail","6":"product_cat-concrete-forming","7":"desktop-align-left","8":"tablet-align-left","9":"mobile-align-left","10":"ast-product-gallery-layout-horizontal-slider","11":"ast-product-tabs-layout-horizontal","13":"first","14":"instock","15":"featured","16":"shipping-taxable","17":"purchasable","18":"product-type-simple"},"yoast_head":"<!-- This site is optimized with the Yoast SEO plugin v25.2 - https:\/\/yoast.com\/wordpress\/plugins\/seo\/ -->\n<title>One Piece Waler Bracket<\/title>\n<meta name=\"description\" content=\"Secure and stabilize your formwork with our durable, easy-to-install waler bracket. Ideal for concrete wall and foundation construction, it ensures precise alignment and safety.\" \/>\n<meta name=\"robots\" content=\"index, follow, max-snippet:-1, max-image-preview:large, max-video-preview:-1\" \/>\n<link rel=\"canonical\" href=\"https:\/\/qingdaohf.com\/tr\/urun\/tek-parca-waler-braketi\/\" \/>\n<meta property=\"og:locale\" content=\"tr_TR\" \/>\n<meta property=\"og:type\" content=\"article\" \/>\n<meta property=\"og:title\" content=\"One Piece Waler Bracket\" \/>\n<meta property=\"og:description\" content=\"Secure and stabilize your formwork with our durable, easy-to-install waler bracket. Ideal for concrete wall and foundation construction, it ensures precise alignment and safety.\" \/>\n<meta property=\"og:url\" content=\"https:\/\/qingdaohf.com\/tr\/urun\/tek-parca-waler-braketi\/\" \/>\n<meta property=\"og:site_name\" content=\"Concrete Form &amp; Rigging Hardware Supplier\" \/>\n<meta property=\"article:publisher\" content=\"https:\/\/www.facebook.com\/qingdaohf\" \/>\n<meta property=\"article:modified_time\" content=\"2025-11-13T01:03:16+00:00\" \/>\n<meta property=\"og:image\" content=\"https:\/\/qingdaohf.com\/wp-content\/uploads\/2024\/05\/heavy-one-piece-waler-bracket-1.jpg\" \/>\n\t<meta property=\"og:image:width\" content=\"1000\" \/>\n\t<meta property=\"og:image:height\" content=\"1000\" \/>\n\t<meta property=\"og:image:type\" content=\"image\/jpeg\" \/>\n<meta name=\"twitter:card\" content=\"summary_large_image\" \/>\n<meta name=\"twitter:label1\" content=\"Tahmini okuma s\u00fcresi\" \/>\n\t<meta name=\"twitter:data1\" content=\"2 dakika\" \/>\n<script type=\"application\/ld+json\" class=\"yoast-schema-graph\">{\"@context\":\"https:\/\/schema.org\",\"@graph\":[{\"@type\":\"WebPage\",\"@id\":\"https:\/\/qingdaohf.com\/product\/one-piece-waler-bracket\/\",\"url\":\"https:\/\/qingdaohf.com\/product\/one-piece-waler-bracket\/\",\"name\":\"One Piece Waler Bracket\",\"isPartOf\":{\"@id\":\"https:\/\/qingdaohf.com\/bg\/#website\"},\"primaryImageOfPage\":{\"@id\":\"https:\/\/qingdaohf.com\/product\/one-piece-waler-bracket\/#primaryimage\"},\"image\":{\"@id\":\"https:\/\/qingdaohf.com\/product\/one-piece-waler-bracket\/#primaryimage\"},\"thumbnailUrl\":\"https:\/\/qingdaohf.com\/wp-content\/uploads\/2024\/05\/heavy-one-piece-waler-bracket-1.jpg\",\"datePublished\":\"2024-05-21T07:26:46+00:00\",\"dateModified\":\"2025-11-13T01:03:16+00:00\",\"description\":\"Secure and stabilize your formwork with our durable, easy-to-install waler bracket. Ideal for concrete wall and foundation construction, it ensures precise alignment and safety.\",\"breadcrumb\":{\"@id\":\"https:\/\/qingdaohf.com\/product\/one-piece-waler-bracket\/#breadcrumb\"},\"inLanguage\":\"tr\",\"potentialAction\":[{\"@type\":\"ReadAction\",\"target\":[\"https:\/\/qingdaohf.com\/product\/one-piece-waler-bracket\/\"]}]},{\"@type\":\"ImageObject\",\"inLanguage\":\"tr\",\"@id\":\"https:\/\/qingdaohf.com\/product\/one-piece-waler-bracket\/#primaryimage\",\"url\":\"https:\/\/qingdaohf.com\/wp-content\/uploads\/2024\/05\/heavy-one-piece-waler-bracket-1.jpg\",\"contentUrl\":\"https:\/\/qingdaohf.com\/wp-content\/uploads\/2024\/05\/heavy-one-piece-waler-bracket-1.jpg\",\"width\":1000,\"height\":1000,\"caption\":\"heavy one piece waler bracket\"},{\"@type\":\"BreadcrumbList\",\"@id\":\"https:\/\/qingdaohf.com\/product\/one-piece-waler-bracket\/#breadcrumb\",\"itemListElement\":[{\"@type\":\"ListItem\",\"position\":1,\"name\":\"Home\",\"item\":\"https:\/\/qingdaohf.com\/\"},{\"@type\":\"ListItem\",\"position\":2,\"name\":\"Concrete Forming Accessories and Rigging Hardware\",\"item\":\"https:\/\/qingdaohf.com\/bg\/?page_id=944\"},{\"@type\":\"ListItem\",\"position\":3,\"name\":\"One Piece Waler Bracket\"}]},{\"@type\":\"WebSite\",\"@id\":\"https:\/\/qingdaohf.com\/bg\/#website\",\"url\":\"https:\/\/qingdaohf.com\/bg\/\",\"name\":\"Concrete Form & Rigging Hardware Supplier\",\"description\":\"\",\"publisher\":{\"@id\":\"https:\/\/qingdaohf.com\/bg\/#organization\"},\"potentialAction\":[{\"@type\":\"SearchAction\",\"target\":{\"@type\":\"EntryPoint\",\"urlTemplate\":\"https:\/\/qingdaohf.com\/bg\/?s={search_term_string}\"},\"query-input\":{\"@type\":\"PropertyValueSpecification\",\"valueRequired\":true,\"valueName\":\"search_term_string\"}}],\"inLanguage\":\"tr\"},{\"@type\":\"Organization\",\"@id\":\"https:\/\/qingdaohf.com\/bg\/#organization\",\"name\":\"Qingdao H&F\",\"url\":\"https:\/\/qingdaohf.com\/bg\/\",\"logo\":{\"@type\":\"ImageObject\",\"inLanguage\":\"tr\",\"@id\":\"https:\/\/qingdaohf.com\/bg\/#\/schema\/logo\/image\/\",\"url\":\"https:\/\/qingdaohf.com\/wp-content\/uploads\/2022\/12\/cropped-HF-LOGO.png\",\"contentUrl\":\"https:\/\/qingdaohf.com\/wp-content\/uploads\/2022\/12\/cropped-HF-LOGO.png\",\"width\":391,\"height\":249,\"caption\":\"Qingdao H&F\"},\"image\":{\"@id\":\"https:\/\/qingdaohf.com\/bg\/#\/schema\/logo\/image\/\"},\"sameAs\":[\"https:\/\/www.facebook.com\/qingdaohf\"]}]}<\/script>\n<!-- \/ Yoast SEO plugin. -->","yoast_head_json":{"title":"One Piece Waler Bracket","description":"Secure and stabilize your formwork with our durable, easy-to-install waler bracket. Ideal for concrete wall and foundation construction, it ensures precise alignment and safety.","robots":{"index":"index","follow":"follow","max-snippet":"max-snippet:-1","max-image-preview":"max-image-preview:large","max-video-preview":"max-video-preview:-1"},"canonical":"https:\/\/qingdaohf.com\/tr\/urun\/tek-parca-waler-braketi\/","og_locale":"tr_TR","og_type":"article","og_title":"One Piece Waler Bracket","og_description":"Secure and stabilize your formwork with our durable, easy-to-install waler bracket. Ideal for concrete wall and foundation construction, it ensures precise alignment and safety.","og_url":"https:\/\/qingdaohf.com\/tr\/urun\/tek-parca-waler-braketi\/","og_site_name":"Concrete Form &amp; Rigging Hardware Supplier","article_publisher":"https:\/\/www.facebook.com\/qingdaohf","article_modified_time":"2025-11-13T01:03:16+00:00","og_image":[{"width":1000,"height":1000,"url":"https:\/\/qingdaohf.com\/wp-content\/uploads\/2024\/05\/heavy-one-piece-waler-bracket-1.jpg","type":"image\/jpeg"}],"twitter_card":"summary_large_image","twitter_misc":{"Tahmini okuma s\u00fcresi":"2 dakika"},"schema":{"@context":"https:\/\/schema.org","@graph":[{"@type":"WebPage","@id":"https:\/\/qingdaohf.com\/product\/one-piece-waler-bracket\/","url":"https:\/\/qingdaohf.com\/product\/one-piece-waler-bracket\/","name":"One Piece Waler Bracket","isPartOf":{"@id":"https:\/\/qingdaohf.com\/bg\/#website"},"primaryImageOfPage":{"@id":"https:\/\/qingdaohf.com\/product\/one-piece-waler-bracket\/#primaryimage"},"image":{"@id":"https:\/\/qingdaohf.com\/product\/one-piece-waler-bracket\/#primaryimage"},"thumbnailUrl":"https:\/\/qingdaohf.com\/wp-content\/uploads\/2024\/05\/heavy-one-piece-waler-bracket-1.jpg","datePublished":"2024-05-21T07:26:46+00:00","dateModified":"2025-11-13T01:03:16+00:00","description":"Secure and stabilize your formwork with our durable, easy-to-install waler bracket. Ideal for concrete wall and foundation construction, it ensures precise alignment and safety.","breadcrumb":{"@id":"https:\/\/qingdaohf.com\/product\/one-piece-waler-bracket\/#breadcrumb"},"inLanguage":"tr","potentialAction":[{"@type":"ReadAction","target":["https:\/\/qingdaohf.com\/product\/one-piece-waler-bracket\/"]}]},{"@type":"ImageObject","inLanguage":"tr","@id":"https:\/\/qingdaohf.com\/product\/one-piece-waler-bracket\/#primaryimage","url":"https:\/\/qingdaohf.com\/wp-content\/uploads\/2024\/05\/heavy-one-piece-waler-bracket-1.jpg","contentUrl":"https:\/\/qingdaohf.com\/wp-content\/uploads\/2024\/05\/heavy-one-piece-waler-bracket-1.jpg","width":1000,"height":1000,"caption":"heavy one piece waler bracket"},{"@type":"BreadcrumbList","@id":"https:\/\/qingdaohf.com\/product\/one-piece-waler-bracket\/#breadcrumb","itemListElement":[{"@type":"ListItem","position":1,"name":"Home","item":"https:\/\/qingdaohf.com\/"},{"@type":"ListItem","position":2,"name":"Concrete Forming Accessories and Rigging Hardware","item":"https:\/\/qingdaohf.com\/bg\/?page_id=944"},{"@type":"ListItem","position":3,"name":"One Piece Waler Bracket"}]},{"@type":"WebSite","@id":"https:\/\/qingdaohf.com\/bg\/#website","url":"https:\/\/qingdaohf.com\/bg\/","name":"Concrete Form & Rigging Hardware Supplier","description":"","publisher":{"@id":"https:\/\/qingdaohf.com\/bg\/#organization"},"potentialAction":[{"@type":"SearchAction","target":{"@type":"EntryPoint","urlTemplate":"https:\/\/qingdaohf.com\/bg\/?s={search_term_string}"},"query-input":{"@type":"PropertyValueSpecification","valueRequired":true,"valueName":"search_term_string"}}],"inLanguage":"tr"},{"@type":"Organization","@id":"https:\/\/qingdaohf.com\/bg\/#organization","name":"Qingdao H&F","url":"https:\/\/qingdaohf.com\/bg\/","logo":{"@type":"ImageObject","inLanguage":"tr","@id":"https:\/\/qingdaohf.com\/bg\/#\/schema\/logo\/image\/","url":"https:\/\/qingdaohf.com\/wp-content\/uploads\/2022\/12\/cropped-HF-LOGO.png","contentUrl":"https:\/\/qingdaohf.com\/wp-content\/uploads\/2022\/12\/cropped-HF-LOGO.png","width":391,"height":249,"caption":"Qingdao H&F"},"image":{"@id":"https:\/\/qingdaohf.com\/bg\/#\/schema\/logo\/image\/"},"sameAs":["https:\/\/www.facebook.com\/qingdaohf"]}]}},"_links":{"self":[{"href":"https:\/\/qingdaohf.com\/tr\/wp-json\/wp\/v2\/product\/7201","targetHints":{"allow":["GET"]}}],"collection":[{"href":"https:\/\/qingdaohf.com\/tr\/wp-json\/wp\/v2\/product"}],"about":[{"href":"https:\/\/qingdaohf.com\/tr\/wp-json\/wp\/v2\/types\/product"}],"replies":[{"embeddable":true,"href":"https:\/\/qingdaohf.com\/tr\/wp-json\/wp\/v2\/comments?post=7201"}],"version-history":[{"count":4,"href":"https:\/\/qingdaohf.com\/tr\/wp-json\/wp\/v2\/product\/7201\/revisions"}],"predecessor-version":[{"id":8389,"href":"https:\/\/qingdaohf.com\/tr\/wp-json\/wp\/v2\/product\/7201\/revisions\/8389"}],"wp:featuredmedia":[{"embeddable":true,"href":"https:\/\/qingdaohf.com\/tr\/wp-json\/wp\/v2\/media\/7202"}],"wp:attachment":[{"href":"https:\/\/qingdaohf.com\/tr\/wp-json\/wp\/v2\/media?parent=7201"}],"wp:term":[{"taxonomy":"product_brand","embeddable":true,"href":"https:\/\/qingdaohf.com\/tr\/wp-json\/wp\/v2\/product_brand?post=7201"},{"taxonomy":"product_cat","embeddable":true,"href":"https:\/\/qingdaohf.com\/tr\/wp-json\/wp\/v2\/product_cat?post=7201"},{"taxonomy":"product_tag","embeddable":true,"href":"https:\/\/qingdaohf.com\/tr\/wp-json\/wp\/v2\/product_tag?post=7201"}],"curies":[{"name":"wp","href":"https:\/\/api.w.org\/{rel}","templated":true}]}}