{"id":7352,"date":"2024-05-27T11:44:05","date_gmt":"2024-05-27T03:44:05","guid":{"rendered":"http:\/\/qingdaohf.com\/?post_type=product&#038;p=7352"},"modified":"2025-11-13T09:03:16","modified_gmt":"2025-11-13T01:03:16","slug":"concrete-forming-stake","status":"publish","type":"product","link":"https:\/\/qingdaohf.com\/tr\/urun\/beton-seki\u0307llendi\u0307rme-kazigi\/","title":{"rendered":"Beton \u015eekillendirme Kaz\u0131\u011f\u0131 Yuvarlak \u00c7elik Kaz\u0131k"},"content":{"rendered":"<h2>Beton \u015eekillendirme Kaz\u0131\u011f\u0131 T\u00fcrleri<\/h2>\n<p>Beton \u015fekillendirme kaz\u0131klar\u0131, her biri belirli in\u015faat ihtiya\u00e7lar\u0131n\u0131 kar\u015f\u0131lamak \u00fczere tasarlanm\u0131\u015f \u00e7e\u015fitli \u015fekillerde ve malzemelerde gelir. Ba\u015fl\u0131ca beton \u015fekillendirme kaz\u0131\u011f\u0131 t\u00fcrleri aras\u0131nda yuvarlak \u00e7elik kaz\u0131klar, kare \u00e7elik kaz\u0131klar, d\u00fcz I-kiri\u015f kaz\u0131klar ve yass\u0131 \u00e7elik kaz\u0131klar bulunur. Her bir t\u00fcr, belirli uygulamalar i\u00e7in uygun olmas\u0131n\u0131 sa\u011flayan benzersiz \u00f6zelliklere sahiptir.<\/p>\n<h3>Yuvarlak \u00c7elik Kaz\u0131k<\/h3>\n<p>Yuvarlak \u00e7elik kaz\u0131klar, in\u015faatta kullan\u0131lan en yayg\u0131n beton \u015fekillendirme kaz\u0131\u011f\u0131 t\u00fcr\u00fcd\u00fcr. G\u00fc\u00e7leri ve dayan\u0131kl\u0131l\u0131klar\u0131yla bilinen bu kaz\u0131klar, a\u011f\u0131r hizmet uygulamalar\u0131 i\u00e7in idealdir. \u00dcreticiler tipik olarak bu kaz\u0131klar\u0131 y\u00fcksek kaliteli \u00e7elikten \u00fcretir ve bas\u0131n\u00e7 alt\u0131nda b\u00fck\u00fclmeye ve k\u0131r\u0131lmaya kar\u015f\u0131 m\u00fckemmel diren\u00e7 sunar.<\/p>\n<h3>Kare \u00c7elik Kaz\u0131k<\/h3>\n<p>Kare \u00e7elik kaz\u0131klar, yuvarlak \u00e7elik kaz\u0131klara alternatif olarak belirli durumlarda avantajl\u0131 olabilecek farkl\u0131 bir \u015fekil sunar. Kare \u015fekli, toprakta daha iyi kavrama ve stabilite i\u00e7in ek y\u00fczey alan\u0131 sa\u011flar. Bu da onlar\u0131 \u00f6zellikle ekstra tutunma g\u00fcc\u00fcne ihtiya\u00e7 duyulan daha yumu\u015fak zeminlerde kullan\u0131\u015fl\u0131 hale getirir.<\/p>\n<h3>D\u00fcz I-Beam Kaz\u0131k<\/h3>\n<p>I-kiri\u015fli form kaz\u0131klar\u0131 olarak da bilinen d\u00fcz I-kiri\u015fli kaz\u0131klar, maksimum g\u00fc\u00e7 ve stabilite sa\u011flamak \u00fczere tasarlanm\u0131\u015ft\u0131r. Benzersiz I-kiri\u015f \u015fekilleri, daha y\u00fcksek y\u00fckleri kald\u0131rmalar\u0131na ve b\u00fck\u00fclmeye direnmelerine olanak tan\u0131r. B\u00fcy\u00fck \u00f6l\u00e7ekli in\u015faat projeleri genellikle stabilite ve mukavemetin \u00e7ok \u00f6nemli oldu\u011fu bu kaz\u0131klar\u0131 kullan\u0131r.<\/p>\n<h3>Yass\u0131 \u00c7elik Kaz\u0131k<\/h3>\n<p>Yass\u0131 \u00e7elik kaz\u0131klar beton \u015fekillendirme i\u00e7in bir di\u011fer pop\u00fcler se\u00e7enektir. D\u00fcz tasar\u0131mlar\u0131 zemine \u00e7ak\u0131lmalar\u0131n\u0131 kolayla\u015ft\u0131r\u0131r ve kal\u0131b\u0131 yerinde tutmak i\u00e7in geni\u015f bir y\u00fczey alan\u0131 sa\u011flar. Bu kaz\u0131klar \u00e7ok y\u00f6nl\u00fcd\u00fcr ve \u00e7e\u015fitli in\u015faat uygulamalar\u0131nda kullan\u0131labilir, bu da onlar\u0131 bir\u00e7ok in\u015faat ara\u00e7 setinde temel bir par\u00e7a haline getirir.<\/p>\n<h2>Yayg\u0131n Beton \u015eekillendirme Kaz\u0131\u011f\u0131 Boyutlar\u0131<\/h2>\n<p>Beton \u015fekillendirme kaz\u0131klar\u0131, farkl\u0131 in\u015faat ihtiya\u00e7lar\u0131n\u0131 kar\u015f\u0131lamak i\u00e7in \u00e7e\u015fitli boyutlarda gelir. En yayg\u0131n boyutlar 18 in\u00e7, 24 in\u00e7 ve 36 in\u00e7tir. Her boyut belirli ama\u00e7lara hizmet eder ve kal\u0131p i\u00e7in farkl\u0131 seviyelerde destek sa\u011flar.<\/p>\n<h3>18 \u0130n\u00e7 Kaz\u0131klar<\/h3>\n<p>18 in\u00e7lik kaz\u0131klar tipik olarak daha k\u00fc\u00e7\u00fck projeler i\u00e7in veya kal\u0131b\u0131n zemine derinlemesine sabitlenmesinin gerekmedi\u011fi durumlarda kullan\u0131l\u0131r. Kullan\u0131m\u0131 ve kurulumu kolayd\u0131r, bu da onlar\u0131 h\u0131zl\u0131 ve basit beton d\u00f6k\u00fcmleri i\u00e7in ideal hale getirir. Daha k\u00fc\u00e7\u00fck boyutlar\u0131na ra\u011fmen, \u00e7o\u011fu hafif hizmet uygulamas\u0131 i\u00e7in hala \u00f6nemli bir tutma g\u00fcc\u00fc sunarlar.<\/p>\n<h3>24 \u0130n\u00e7 Kaz\u0131klar<\/h3>\n<p>24 in\u00e7lik kaz\u0131klar, \u00e7ok \u00e7e\u015fitli in\u015faat projelerinde kullan\u0131labilen \u00e7ok y\u00f6nl\u00fc bir se\u00e7enektir. Kullan\u0131m kolayl\u0131\u011f\u0131 ve tutma g\u00fcc\u00fc aras\u0131nda iyi bir denge sa\u011flarlar, bu da onlar\u0131 orta \u00f6l\u00e7ekli d\u00f6k\u00fcmler ve genel in\u015faat i\u015fleri i\u00e7in uygun hale getirir. M\u00fcteahhitler genellikle bu kaz\u0131klar\u0131 \u00e7e\u015fitli toprak ko\u015fullar\u0131nda uyarlanabilirlikleri ve etkinlikleri nedeniyle tercih ederler.<\/p>\n<h3>36 \u0130n\u00e7 Kaz\u0131klar<\/h3>\n<p>36 in\u00e7lik kaz\u0131klar, zemine derinlemesine n\u00fcfuz etmenin gerekli oldu\u011fu a\u011f\u0131r hizmet uygulamalar\u0131 i\u00e7in tasarlanm\u0131\u015ft\u0131r. Bu kaz\u0131klar, b\u00fcy\u00fck \u00f6l\u00e7ekli kal\u0131plar ve beton d\u00f6k\u00fcmleri i\u00e7in maksimum stabilite ve destek sa\u011flar. Zorlu toprak ko\u015fullar\u0131nda veya ekstra takviye gerektiren y\u00fcksek hacimli beton d\u00f6k\u00fcmlerinde kullan\u0131m i\u00e7in idealdir.<\/p>\n<h2>Beton \u015eekillendirme Kaz\u0131\u011f\u0131 Uygulamalar\u0131<\/h2>\n<p>Beton \u015fekillendirme kaz\u0131klar\u0131 \u00e7e\u015fitli in\u015faat uygulamalar\u0131nda \u00e7ok \u00f6nemli bir rol oynar. Birincil i\u015flevleri kal\u0131b\u0131 yerinde tutarak betonun do\u011fru \u015fekilde yerle\u015fmesini ve istenen \u015feklini korumas\u0131n\u0131 sa\u011flamakt\u0131r. \u0130\u015fte beton kal\u0131p kaz\u0131klar\u0131n\u0131n baz\u0131 yayg\u0131n uygulamalar\u0131:<\/p>\n<h3>Temel \u00c7al\u0131\u015fmalar\u0131<\/h3>\n<p>Beton kal\u0131p kaz\u0131klar\u0131, hassas ve sa\u011flam kal\u0131plar\u0131n kritik \u00f6neme sahip oldu\u011fu temel i\u015flerinde \u00e7ok \u00f6nemlidir. Binalar\u0131n beton temellerini \u015fekillendiren ah\u015fap veya metal kal\u0131plar\u0131 sabitleyerek temellerin d\u00fcz ve d\u00fczg\u00fcn bir \u015fekilde hizalanmas\u0131n\u0131 sa\u011flarlar.<\/p>\n<h3>Yollar ve Kald\u0131r\u0131mlar<\/h3>\n<p>Konut ve ticari projelerde, d\u00fczg\u00fcn ve dayan\u0131kl\u0131 araba yollar\u0131 ve kald\u0131r\u0131mlar olu\u015fturmak i\u00e7in beton \u015fekillendirme kaz\u0131klar\u0131 kullan\u0131l\u0131r. Kal\u0131b\u0131 yerinde tutan bu kaz\u0131klar, betonun do\u011fru boyutlarda d\u00f6k\u00fclmesini ve bitmi\u015f y\u00fczeyin d\u00fczg\u00fcn ve uygun \u015fekilde derecelendirilmesini sa\u011flamaya yard\u0131mc\u0131 olur.<\/p>\n<h3>\u0130stinat Duvarlar\u0131<\/h3>\n<p>\u0130stinat duvarlar\u0131, betonu sertle\u015firken yerinde tutmak i\u00e7in g\u00fc\u00e7l\u00fc ve sa\u011flam bir kal\u0131p gerektirir. Beton \u015fekillendirme kaz\u0131klar\u0131, kal\u0131b\u0131n kaymas\u0131n\u0131 veya \u00e7\u00f6kmesini \u00f6nlemek i\u00e7in gerekli deste\u011fi sa\u011flayarak arkas\u0131ndaki topra\u011f\u0131n uygulad\u0131\u011f\u0131 bas\u0131n\u00e7lara dayanabilecek sa\u011flam ve istikrarl\u0131 bir istinat duvar\u0131 elde edilmesini sa\u011flar.<\/p>\n<h3>D\u00f6\u015femeler ve Zeminler<\/h3>\n<p>Beton plakalar ve zeminler d\u00f6k\u00fcl\u00fcrken, do\u011fru ve sabit kal\u0131p d\u00fcz bir y\u00fczey sa\u011flar. Beton \u015fekillendirme kaz\u0131klar\u0131, kal\u0131b\u0131n konumunu korumaya yard\u0131mc\u0131 olarak d\u00fczensiz veya yanl\u0131\u015f k\u00fcrlenmi\u015f betonla sonu\u00e7lanabilecek herhangi bir hareketi \u00f6nler.<\/p>\n<h3>Bord\u00fcrler ve Oluklar<\/h3>\n<p>Beton \u015fekillendirme kaz\u0131klar\u0131, istenen \u015fekil ve a\u00e7\u0131lar\u0131 olu\u015fturmak i\u00e7in hassas kal\u0131plar\u0131n gerekli oldu\u011fu bord\u00fcr ve oluklar\u0131n yap\u0131m\u0131nda da kullan\u0131l\u0131r. Bu kaz\u0131klar, kal\u0131b\u0131 sabitleyerek betonun do\u011fru \u015fekilde yerle\u015fmesini ve bitmi\u015f \u00fcr\u00fcn\u00fcn hem i\u015flevsel hem de estetik a\u00e7\u0131dan ho\u015f olmas\u0131n\u0131 sa\u011flamaya yard\u0131mc\u0131 olur.<\/p>\n<h3>K\u00f6pr\u00fcler ve \u00dcst Ge\u00e7itler<\/h3>\n<p>K\u00f6pr\u00fcler ve \u00fcst ge\u00e7itler gibi b\u00fcy\u00fck altyap\u0131 projeleri, \u00f6nemli a\u011f\u0131rl\u0131k ve hacimdeki betonla ba\u015fa \u00e7\u0131kabilmek i\u00e7in sa\u011flam kal\u0131plar gerektirir. Beton kal\u0131p kaz\u0131klar\u0131, kal\u0131b\u0131 yerinde tutmak i\u00e7in gerekli deste\u011fi sa\u011flayarak betonun d\u00fczg\u00fcn bir \u015fekilde yerle\u015fmesini ve bitmi\u015f yap\u0131n\u0131n g\u00fc\u00e7l\u00fc ve sa\u011flam olmas\u0131n\u0131 sa\u011flar.<\/p>\n<h3>Kolonlar ve Kiri\u015fler<\/h3>\n<p>Kolon ve kiri\u015flerin yap\u0131m\u0131nda, beton kal\u0131p kaz\u0131klar\u0131 bu yap\u0131 elemanlar\u0131n\u0131 \u015fekillendiren dikey ve yatay kal\u0131plar\u0131 sabitler. Bu kaz\u0131klar, kal\u0131b\u0131n konumunu koruyarak betonun do\u011fru \u015fekilde yerle\u015fmesini ve kolon ve kiri\u015flerin g\u00fc\u00e7l\u00fc ve d\u00fczg\u00fcn hizalanm\u0131\u015f olmas\u0131n\u0131 sa\u011flamaya yard\u0131mc\u0131 olur.<\/p>\n<h3>Dekoratif Beton \u0130\u015fleri<\/h3>\n<p>Beton \u015fekillendirme kaz\u0131klar\u0131, damgal\u0131 veya renkli beton y\u00fczeyler gibi dekoratif beton i\u015flerinde de kullan\u0131l\u0131r. Bu kaz\u0131klar, kal\u0131b\u0131 sabitleyerek dekoratif unsurlar\u0131n do\u011fru bir \u015fekilde olu\u015fturulmas\u0131n\u0131 ve bitmi\u015f y\u00fczeyin istenen estetik standartlar\u0131 kar\u015f\u0131lamas\u0131n\u0131 sa\u011flamaya yard\u0131mc\u0131 olur.<\/p>\n<h2>Sonu\u00e7<\/h2>\n<p>Beton kal\u0131p kaz\u0131klar\u0131, \u00e7ok \u00e7e\u015fitli uygulamalarda kal\u0131p i\u00e7in gerekli destek ve stabiliteyi sa\u011flayan, in\u015faat sekt\u00f6r\u00fcn\u00fcn vazge\u00e7ilmez ara\u00e7lar\u0131d\u0131r. \u0130ster k\u00fc\u00e7\u00fck bir konut projesi ister b\u00fcy\u00fck bir ticari altyap\u0131 \u00fczerinde \u00e7al\u0131\u015f\u0131yor olun, do\u011fru tip ve boyuttaki beton kal\u0131p kaz\u0131klar\u0131 beton yap\u0131lar\u0131n\u0131z\u0131n kalitesi ve stabilitesinde \u00f6nemli bir fark yaratabilir. Farkl\u0131 kaz\u0131k t\u00fcrlerini ve bunlar\u0131n uygulamalar\u0131n\u0131 anlamak, \u00f6zel in\u015faat ihtiya\u00e7lar\u0131n\u0131z i\u00e7in en iyi se\u00e7enekleri se\u00e7menize yard\u0131mc\u0131 olacakt\u0131r.<\/p>","protected":false},"excerpt":{"rendered":"<p>Beton \u015fekillendirme kaz\u0131klar\u0131, in\u015faat sekt\u00f6r\u00fcnde beton d\u00f6k\u00fcm\u00fc i\u00e7in kal\u0131plar\u0131 sabitlemek ve stabilize etmek i\u00e7in kullan\u0131lan temel ara\u00e7lard\u0131r. Bu kaz\u0131klar betonun do\u011fru \u015fekilde yerle\u015fmesini sa\u011flayarak \u00e7e\u015fitli in\u015faat projeleri i\u00e7in gerekli \u015fekli ve deste\u011fi sa\u011flar. Bu k\u0131lavuzda, farkl\u0131 beton kal\u0131p kaz\u0131\u011f\u0131 t\u00fcrlerini, yayg\u0131n boyutlar\u0131n\u0131 ve in\u015faat alan\u0131ndaki \u00e7e\u015fitli uygulamalar\u0131n\u0131 inceleyece\u011fiz.<\/p>","protected":false},"featured_media":7353,"comment_status":"open","ping_status":"closed","template":"","meta":{"site-sidebar-layout":"default","site-content-layout":"","ast-site-content-layout":"default","site-content-style":"default","site-sidebar-style":"default","ast-global-header-display":"","ast-banner-title-visibility":"","ast-main-header-display":"","ast-hfb-above-header-display":"","ast-hfb-below-header-display":"","ast-hfb-mobile-header-display":"","site-post-title":"","ast-breadcrumbs-content":"","ast-featured-img":"","footer-sml-layout":"","theme-transparent-header-meta":"default","adv-header-id-meta":"","stick-header-meta":"default","header-above-stick-meta":"","header-main-stick-meta":"","header-below-stick-meta":"","astra-migrate-meta-layouts":"set","ast-page-background-enabled":"default","ast-page-background-meta":{"desktop":{"background-color":"","background-image":"","background-repeat":"repeat","background-position":"center center","background-size":"auto","background-attachment":"scroll","background-type":"","background-media":"","overlay-type":"","overlay-color":"","overlay-opacity":"","overlay-gradient":""},"tablet":{"background-color":"","background-image":"","background-repeat":"repeat","background-position":"center center","background-size":"auto","background-attachment":"scroll","background-type":"","background-media":"","overlay-type":"","overlay-color":"","overlay-opacity":"","overlay-gradient":""},"mobile":{"background-color":"","background-image":"","background-repeat":"repeat","background-position":"center center","background-size":"auto","background-attachment":"scroll","background-type":"","background-media":"","overlay-type":"","overlay-color":"","overlay-opacity":"","overlay-gradient":""}},"ast-content-background-meta":{"desktop":{"background-color":"var(--ast-global-color-5)","background-image":"","background-repeat":"repeat","background-position":"center center","background-size":"auto","background-attachment":"scroll","background-type":"","background-media":"","overlay-type":"","overlay-color":"","overlay-opacity":"","overlay-gradient":""},"tablet":{"background-color":"var(--ast-global-color-5)","background-image":"","background-repeat":"repeat","background-position":"center center","background-size":"auto","background-attachment":"scroll","background-type":"","background-media":"","overlay-type":"","overlay-color":"","overlay-opacity":"","overlay-gradient":""},"mobile":{"background-color":"var(--ast-global-color-5)","background-image":"","background-repeat":"repeat","background-position":"center center","background-size":"auto","background-attachment":"scroll","background-type":"","background-media":"","overlay-type":"","overlay-color":"","overlay-opacity":"","overlay-gradient":""}}},"product_brand":[],"product_cat":[53],"product_tag":[],"class_list":{"0":"post-7352","1":"product","2":"type-product","3":"status-publish","4":"has-post-thumbnail","6":"product_cat-steel-stake","7":"desktop-align-left","8":"tablet-align-left","9":"mobile-align-left","10":"ast-product-gallery-layout-horizontal-slider","11":"ast-product-tabs-layout-horizontal","13":"first","14":"instock","15":"featured","16":"shipping-taxable","17":"purchasable","18":"product-type-simple"},"yoast_head":"<!-- This site is optimized with the Yoast SEO plugin v25.2 - https:\/\/yoast.com\/wordpress\/plugins\/seo\/ -->\n<title>Concrete Forming Stake Round Steel Stake<\/title>\n<meta name=\"description\" content=\"Concrete forming stakes are essential tools in the construction industry, used to secure and stabilize formwork for concrete pours.\" \/>\n<meta name=\"robots\" content=\"index, follow, max-snippet:-1, max-image-preview:large, max-video-preview:-1\" \/>\n<link rel=\"canonical\" href=\"https:\/\/qingdaohf.com\/tr\/urun\/beton-seki\u0307llendi\u0307rme-kazigi\/\" \/>\n<meta property=\"og:locale\" content=\"tr_TR\" \/>\n<meta property=\"og:type\" content=\"article\" \/>\n<meta property=\"og:title\" content=\"Concrete Forming Stake Round Steel Stake\" \/>\n<meta property=\"og:description\" content=\"Concrete forming stakes are essential tools in the construction industry, used to secure and stabilize formwork for concrete pours.\" \/>\n<meta property=\"og:url\" content=\"https:\/\/qingdaohf.com\/tr\/urun\/beton-seki\u0307llendi\u0307rme-kazigi\/\" \/>\n<meta property=\"og:site_name\" content=\"Concrete Form &amp; Rigging Hardware Supplier\" \/>\n<meta property=\"article:publisher\" content=\"https:\/\/www.facebook.com\/qingdaohf\" \/>\n<meta property=\"article:modified_time\" content=\"2025-11-13T01:03:16+00:00\" \/>\n<meta property=\"og:image\" content=\"https:\/\/qingdaohf.com\/wp-content\/uploads\/2024\/05\/Concrete-Forming-Stake.jpg\" \/>\n\t<meta property=\"og:image:width\" content=\"1000\" \/>\n\t<meta property=\"og:image:height\" content=\"1000\" \/>\n\t<meta property=\"og:image:type\" content=\"image\/jpeg\" \/>\n<meta name=\"twitter:card\" content=\"summary_large_image\" \/>\n<meta name=\"twitter:label1\" content=\"Tahmini okuma s\u00fcresi\" \/>\n\t<meta name=\"twitter:data1\" content=\"5 dakika\" \/>\n<script type=\"application\/ld+json\" class=\"yoast-schema-graph\">{\"@context\":\"https:\/\/schema.org\",\"@graph\":[{\"@type\":\"WebPage\",\"@id\":\"https:\/\/qingdaohf.com\/product\/concrete-forming-stake\/\",\"url\":\"https:\/\/qingdaohf.com\/product\/concrete-forming-stake\/\",\"name\":\"Concrete Forming Stake Round Steel Stake\",\"isPartOf\":{\"@id\":\"https:\/\/qingdaohf.com\/bg\/#website\"},\"primaryImageOfPage\":{\"@id\":\"https:\/\/qingdaohf.com\/product\/concrete-forming-stake\/#primaryimage\"},\"image\":{\"@id\":\"https:\/\/qingdaohf.com\/product\/concrete-forming-stake\/#primaryimage\"},\"thumbnailUrl\":\"https:\/\/qingdaohf.com\/wp-content\/uploads\/2024\/05\/Concrete-Forming-Stake.jpg\",\"datePublished\":\"2024-05-27T03:44:05+00:00\",\"dateModified\":\"2025-11-13T01:03:16+00:00\",\"description\":\"Concrete forming stakes are essential tools in the construction industry, used to secure and stabilize formwork for concrete pours.\",\"breadcrumb\":{\"@id\":\"https:\/\/qingdaohf.com\/product\/concrete-forming-stake\/#breadcrumb\"},\"inLanguage\":\"tr\",\"potentialAction\":[{\"@type\":\"ReadAction\",\"target\":[\"https:\/\/qingdaohf.com\/product\/concrete-forming-stake\/\"]}]},{\"@type\":\"ImageObject\",\"inLanguage\":\"tr\",\"@id\":\"https:\/\/qingdaohf.com\/product\/concrete-forming-stake\/#primaryimage\",\"url\":\"https:\/\/qingdaohf.com\/wp-content\/uploads\/2024\/05\/Concrete-Forming-Stake.jpg\",\"contentUrl\":\"https:\/\/qingdaohf.com\/wp-content\/uploads\/2024\/05\/Concrete-Forming-Stake.jpg\",\"width\":1000,\"height\":1000},{\"@type\":\"BreadcrumbList\",\"@id\":\"https:\/\/qingdaohf.com\/product\/concrete-forming-stake\/#breadcrumb\",\"itemListElement\":[{\"@type\":\"ListItem\",\"position\":1,\"name\":\"Home\",\"item\":\"https:\/\/qingdaohf.com\/\"},{\"@type\":\"ListItem\",\"position\":2,\"name\":\"Concrete Forming Accessories and Rigging Hardware\",\"item\":\"https:\/\/qingdaohf.com\/bg\/?page_id=944\"},{\"@type\":\"ListItem\",\"position\":3,\"name\":\"Concrete Forming Stake Round Steel Stake\"}]},{\"@type\":\"WebSite\",\"@id\":\"https:\/\/qingdaohf.com\/bg\/#website\",\"url\":\"https:\/\/qingdaohf.com\/bg\/\",\"name\":\"Concrete Form & Rigging Hardware Supplier\",\"description\":\"\",\"publisher\":{\"@id\":\"https:\/\/qingdaohf.com\/bg\/#organization\"},\"potentialAction\":[{\"@type\":\"SearchAction\",\"target\":{\"@type\":\"EntryPoint\",\"urlTemplate\":\"https:\/\/qingdaohf.com\/bg\/?s={search_term_string}\"},\"query-input\":{\"@type\":\"PropertyValueSpecification\",\"valueRequired\":true,\"valueName\":\"search_term_string\"}}],\"inLanguage\":\"tr\"},{\"@type\":\"Organization\",\"@id\":\"https:\/\/qingdaohf.com\/bg\/#organization\",\"name\":\"Qingdao H&F\",\"url\":\"https:\/\/qingdaohf.com\/bg\/\",\"logo\":{\"@type\":\"ImageObject\",\"inLanguage\":\"tr\",\"@id\":\"https:\/\/qingdaohf.com\/bg\/#\/schema\/logo\/image\/\",\"url\":\"https:\/\/qingdaohf.com\/wp-content\/uploads\/2022\/12\/cropped-HF-LOGO.png\",\"contentUrl\":\"https:\/\/qingdaohf.com\/wp-content\/uploads\/2022\/12\/cropped-HF-LOGO.png\",\"width\":391,\"height\":249,\"caption\":\"Qingdao H&F\"},\"image\":{\"@id\":\"https:\/\/qingdaohf.com\/bg\/#\/schema\/logo\/image\/\"},\"sameAs\":[\"https:\/\/www.facebook.com\/qingdaohf\"]}]}<\/script>\n<!-- \/ Yoast SEO plugin. -->","yoast_head_json":{"title":"Concrete Forming Stake Round Steel Stake","description":"Concrete forming stakes are essential tools in the construction industry, used to secure and stabilize formwork for concrete pours.","robots":{"index":"index","follow":"follow","max-snippet":"max-snippet:-1","max-image-preview":"max-image-preview:large","max-video-preview":"max-video-preview:-1"},"canonical":"https:\/\/qingdaohf.com\/tr\/urun\/beton-seki\u0307llendi\u0307rme-kazigi\/","og_locale":"tr_TR","og_type":"article","og_title":"Concrete Forming Stake Round Steel Stake","og_description":"Concrete forming stakes are essential tools in the construction industry, used to secure and stabilize formwork for concrete pours.","og_url":"https:\/\/qingdaohf.com\/tr\/urun\/beton-seki\u0307llendi\u0307rme-kazigi\/","og_site_name":"Concrete Form &amp; Rigging Hardware Supplier","article_publisher":"https:\/\/www.facebook.com\/qingdaohf","article_modified_time":"2025-11-13T01:03:16+00:00","og_image":[{"width":1000,"height":1000,"url":"https:\/\/qingdaohf.com\/wp-content\/uploads\/2024\/05\/Concrete-Forming-Stake.jpg","type":"image\/jpeg"}],"twitter_card":"summary_large_image","twitter_misc":{"Tahmini okuma s\u00fcresi":"5 dakika"},"schema":{"@context":"https:\/\/schema.org","@graph":[{"@type":"WebPage","@id":"https:\/\/qingdaohf.com\/product\/concrete-forming-stake\/","url":"https:\/\/qingdaohf.com\/product\/concrete-forming-stake\/","name":"Concrete Forming Stake Round Steel Stake","isPartOf":{"@id":"https:\/\/qingdaohf.com\/bg\/#website"},"primaryImageOfPage":{"@id":"https:\/\/qingdaohf.com\/product\/concrete-forming-stake\/#primaryimage"},"image":{"@id":"https:\/\/qingdaohf.com\/product\/concrete-forming-stake\/#primaryimage"},"thumbnailUrl":"https:\/\/qingdaohf.com\/wp-content\/uploads\/2024\/05\/Concrete-Forming-Stake.jpg","datePublished":"2024-05-27T03:44:05+00:00","dateModified":"2025-11-13T01:03:16+00:00","description":"Concrete forming stakes are essential tools in the construction industry, used to secure and stabilize formwork for concrete pours.","breadcrumb":{"@id":"https:\/\/qingdaohf.com\/product\/concrete-forming-stake\/#breadcrumb"},"inLanguage":"tr","potentialAction":[{"@type":"ReadAction","target":["https:\/\/qingdaohf.com\/product\/concrete-forming-stake\/"]}]},{"@type":"ImageObject","inLanguage":"tr","@id":"https:\/\/qingdaohf.com\/product\/concrete-forming-stake\/#primaryimage","url":"https:\/\/qingdaohf.com\/wp-content\/uploads\/2024\/05\/Concrete-Forming-Stake.jpg","contentUrl":"https:\/\/qingdaohf.com\/wp-content\/uploads\/2024\/05\/Concrete-Forming-Stake.jpg","width":1000,"height":1000},{"@type":"BreadcrumbList","@id":"https:\/\/qingdaohf.com\/product\/concrete-forming-stake\/#breadcrumb","itemListElement":[{"@type":"ListItem","position":1,"name":"Home","item":"https:\/\/qingdaohf.com\/"},{"@type":"ListItem","position":2,"name":"Concrete Forming Accessories and Rigging Hardware","item":"https:\/\/qingdaohf.com\/bg\/?page_id=944"},{"@type":"ListItem","position":3,"name":"Concrete Forming Stake Round Steel Stake"}]},{"@type":"WebSite","@id":"https:\/\/qingdaohf.com\/bg\/#website","url":"https:\/\/qingdaohf.com\/bg\/","name":"Concrete Form & Rigging Hardware Supplier","description":"","publisher":{"@id":"https:\/\/qingdaohf.com\/bg\/#organization"},"potentialAction":[{"@type":"SearchAction","target":{"@type":"EntryPoint","urlTemplate":"https:\/\/qingdaohf.com\/bg\/?s={search_term_string}"},"query-input":{"@type":"PropertyValueSpecification","valueRequired":true,"valueName":"search_term_string"}}],"inLanguage":"tr"},{"@type":"Organization","@id":"https:\/\/qingdaohf.com\/bg\/#organization","name":"Qingdao H&F","url":"https:\/\/qingdaohf.com\/bg\/","logo":{"@type":"ImageObject","inLanguage":"tr","@id":"https:\/\/qingdaohf.com\/bg\/#\/schema\/logo\/image\/","url":"https:\/\/qingdaohf.com\/wp-content\/uploads\/2022\/12\/cropped-HF-LOGO.png","contentUrl":"https:\/\/qingdaohf.com\/wp-content\/uploads\/2022\/12\/cropped-HF-LOGO.png","width":391,"height":249,"caption":"Qingdao H&F"},"image":{"@id":"https:\/\/qingdaohf.com\/bg\/#\/schema\/logo\/image\/"},"sameAs":["https:\/\/www.facebook.com\/qingdaohf"]}]}},"_links":{"self":[{"href":"https:\/\/qingdaohf.com\/tr\/wp-json\/wp\/v2\/product\/7352","targetHints":{"allow":["GET"]}}],"collection":[{"href":"https:\/\/qingdaohf.com\/tr\/wp-json\/wp\/v2\/product"}],"about":[{"href":"https:\/\/qingdaohf.com\/tr\/wp-json\/wp\/v2\/types\/product"}],"replies":[{"embeddable":true,"href":"https:\/\/qingdaohf.com\/tr\/wp-json\/wp\/v2\/comments?post=7352"}],"version-history":[{"count":6,"href":"https:\/\/qingdaohf.com\/tr\/wp-json\/wp\/v2\/product\/7352\/revisions"}],"predecessor-version":[{"id":10342,"href":"https:\/\/qingdaohf.com\/tr\/wp-json\/wp\/v2\/product\/7352\/revisions\/10342"}],"wp:featuredmedia":[{"embeddable":true,"href":"https:\/\/qingdaohf.com\/tr\/wp-json\/wp\/v2\/media\/7353"}],"wp:attachment":[{"href":"https:\/\/qingdaohf.com\/tr\/wp-json\/wp\/v2\/media?parent=7352"}],"wp:term":[{"taxonomy":"product_brand","embeddable":true,"href":"https:\/\/qingdaohf.com\/tr\/wp-json\/wp\/v2\/product_brand?post=7352"},{"taxonomy":"product_cat","embeddable":true,"href":"https:\/\/qingdaohf.com\/tr\/wp-json\/wp\/v2\/product_cat?post=7352"},{"taxonomy":"product_tag","embeddable":true,"href":"https:\/\/qingdaohf.com\/tr\/wp-json\/wp\/v2\/product_tag?post=7352"}],"curies":[{"name":"wp","href":"https:\/\/api.w.org\/{rel}","templated":true}]}}